   {"id":1113,"date":"2025-02-07T14:58:22","date_gmt":"2025-02-07T14:58:22","guid":{"rendered":"https:\/\/www.campingreno.it\/?page_id=1113"},"modified":"2025-12-05T13:34:57","modified_gmt":"2025-12-05T13:34:57","slug":"chalet-ravenna-candle","status":"publish","type":"page","link":"https:\/\/www.campingreno.it\/de\/campingplatz-ravenna-italien-unterkuenfte\/chalet-ravenna-candle\/","title":{"rendered":"Chalet Ravenna &#8222;Candle&#8220;"},"content":{"rendered":"<p><strong>KURZE BESCHREIBUNG DES Chalet Ravenna Candle, Low Cost Campingplatz Porto Corsini<\/strong><\/p>\n<p>&nbsp;<\/p>\n<p><strong>(Satelliten-TV | Klimaanlage) \u2013 (<a href=\"https:\/\/www.campingreno.it\/de\/hundefreundlicher-campingplatz-ravenna-direkt-am-meer\/\">Haustiere erlaubt<\/a> &#8211; <a href=\"https:\/\/www.campingreno.it\/de\/campingplatz-ordnung\/\">siehe Vorschriften<\/a>)<\/strong><\/p>\n<p><strong>Zwei-Zimmer-Wohnung<\/strong>: 1 Schlafzimmer mit Doppelbett, 1 Schlafsofa im Wohnzimmer, bis zu 2+2 Personen, ausgestattete K\u00fcchenzeile mit Geschirr.<\/p>\n<p><strong>Au\u00dfenbereich<\/strong>: M\u00f6blierte Veranda mit Tischen und St\u00fchlen, Parkplatz in der N\u00e4he der Unterkunft.<\/p>\n<p>&nbsp;<\/p>\n<p>&nbsp;<\/p>\n<p><a href=\"https:\/\/www.scidoo.com\/preventivov2\/?cod=1209&amp;dataarr=2025\/04\/05&amp;notti=7&amp;adult=1&amp;children=&amp;IDsotto_struttura=607&amp;lang=4\"><strong>\u00dcBERPR\u00dcFEN SIE DIE VERF\u00dcGBARKEIT DES Chalet Ravenna Candle Low Cost Campingplatz Porto Corsini<\/strong><\/a><\/p>\n<p>&nbsp;<\/p>\n<h3 data-sourcepos=\"5:1-5:25\">DIE PREISE BEINHALTEN<\/h3>\n<ul data-sourcepos=\"7:1-18:0\">\n<li data-sourcepos=\"7:1-7:53\">Anzahl der in der Beschreibung angegebenen Personen<\/li>\n<li data-sourcepos=\"8:1-8:38\">Parkplatz in der N\u00e4he der Unterkunft<\/li>\n<li data-sourcepos=\"9:1-9:35\">Direkter Zugang zum freien Strand<\/li>\n<li data-sourcepos=\"10:1-10:63\">Klimaanlage f\u00fcr die Typen Vip Lodge, Luxury, Air Lodge und Casalborsetti<\/li>\n<li data-sourcepos=\"11:1-11:119\">Zugang zum Schwimmbad: Liegen sind je nach Verf\u00fcgbarkeit vorhanden (Juni-August), Badekappen sind nicht obligatorisch<\/li>\n<li data-sourcepos=\"12:1-12:40\">SAT-TV (mit Ausnahme des Typs Classic)<\/li>\n<li data-sourcepos=\"13:1-13:13\">Nebenkosten<\/li>\n<li data-sourcepos=\"14:1-14:10\">Geschirr<\/li>\n<li data-sourcepos=\"15:1-15:42\">Animation f\u00fcr Jung und Alt (Juli-August)<\/li>\n<li data-sourcepos=\"16:1-16:88\">Sportbereich: Beachvolleyball, Strandtennis, Boccia, Basketball-Freiw\u00fcrfe, Tischtennis<\/li>\n<li data-sourcepos=\"17:1-18:0\">10% MwSt. (\u00c4nderungen der MwSt vorbehalten)<\/li>\n<\/ul>\n<p>&nbsp;<\/p>\n<h3 data-sourcepos=\"19:1-19:31\">DIE PREISE BEINHALTEN NICHT<\/h3>\n<ul data-sourcepos=\"21:1-28:0\">\n<li data-sourcepos=\"21:1-21:152\">Klimaanlage f\u00fcr die Typen Chalet, Caravan und Bungalow (gegen Geb\u00fchr erh\u00e4ltlich, NB: Klimaanlage ist im Typ Classic nicht vorgesehen (\u20ac 35 Paket 35h))<\/li>\n<li data-sourcepos=\"22:1-22:9\">Kurtaxe<\/li>\n<li data-sourcepos=\"23:1-23:25\">Einzelbettw\u00e4sche (\u20ac 11)<\/li>\n<li data-sourcepos=\"24:1-24:25\">Doppelbettw\u00e4sche (\u20ac 17)<\/li>\n<li data-sourcepos=\"25:1-25:17\">Badw\u00e4sche (\u20ac 7,5)<\/li>\n<li data-sourcepos=\"26:1-26:17\">Kaution (\u20ac 100)<\/li>\n<li data-sourcepos=\"27:1-28:0\">Verleih von Sonnenschirmen und Liegen am Strand<\/li>\n<\/ul>\n<p>&nbsp;<\/p>\n<h3 data-sourcepos=\"29:1-29:84\">EXTRA-SERVICES AUF RESERVIERUNG oder vor Ort zu erfragen (je nach Verf\u00fcgbarkeit)<\/h3>\n<ul data-sourcepos=\"31:1-36:0\">\n<li data-sourcepos=\"31:1-31:26\">Bettw\u00e4sche und Badw\u00e4sche<\/li>\n<li data-sourcepos=\"32:1-32:28\">Klimaanlage (wo vorhanden)<\/li>\n<li data-sourcepos=\"33:1-33:49\">Verleih von Sonnenschirmen und Liegen am Strand<\/li>\n<li data-sourcepos=\"34:1-34:44\">K\u00fchlzelle und Gefrierschrank mit Schl\u00fcssel<\/li>\n<li data-sourcepos=\"35:1-36:0\">Fahrradverleih mit Helm und Kindersitz (alles)<\/li>\n<\/ul>\n<p>&nbsp;<\/p>\n<p data-sourcepos=\"37:1-37:216\">Die Unterk\u00fcnfte sind sauber und ordentlich zur\u00fcckzugeben. Andernfalls wird die Kaution einbehalten. Anreise nach 17:00 Uhr; Abreise bis 10:00 Uhr. Der Restbetrag f\u00fcr den gesamten Aufenthalt ist bei Anreise zu zahlen.<\/p>\n","protected":false},"excerpt":{"rendered":"<p>KURZE BESCHREIBUNG DES Chalet Ravenna Candle, Low Cost Campingplatz Porto Corsini &nbsp; (Satelliten-TV | Klimaanlage) \u2013 (Haustiere erlaubt &#8211; siehe Vorschriften) Zwei-Zimmer-Wohnung: 1 Schlafzimmer mit Doppelbett, 1 Schlafsofa im Wohnzimmer, bis zu 2+2 Personen, ausgestattete K\u00fcchenzeile mit Geschirr. Au\u00dfenbereich: M\u00f6blierte Veranda mit Tischen und St\u00fchlen, Parkplatz in der N\u00e4he der Unterkunft. &nbsp; &nbsp; \u00dcBERPR\u00dcFEN SIE [&hellip;]<\/p>\n","protected":false},"author":212,"featured_media":1467,"parent":1089,"menu_order":40,"comment_status":"closed","ping_status":"closed","template":"template-bungalow.php","meta":{"footnotes":""},"yoast_head":"<!-- This site is optimized with the Yoast SEO plugin v22.3 - https:\/\/yoast.com\/wordpress\/plugins\/seo\/ -->\n<title>Chalet Ravenna Candle Campingplatz Italien | Camping Reno<\/title>\n<meta name=\"description\" content=\"Entdecken Sie das Chalet Ravenna Candle auf dem Camping Reno, Campingplatz Italien am Meer, fordern Sie ein Angebot!\" \/>\n<meta name=\"robots\" content=\"index, follow, max-snippet:-1, max-image-preview:large, max-video-preview:-1\" \/>\n<link rel=\"canonical\" href=\"https:\/\/www.campingreno.it\/de\/campingplatz-ravenna-italien-unterkuenfte\/chalet-ravenna-candle\/\" \/>\n<meta property=\"og:locale\" content=\"de_DE\" \/>\n<meta property=\"og:type\" content=\"article\" \/>\n<meta property=\"og:title\" content=\"Chalet Ravenna Candle Campingplatz Italien | Camping Reno\" \/>\n<meta property=\"og:description\" content=\"Entdecken Sie das Chalet Ravenna Candle auf dem Camping Reno, Campingplatz Italien am Meer, fordern Sie ein Angebot!\" \/>\n<meta property=\"og:url\" content=\"https:\/\/www.campingreno.it\/de\/campingplatz-ravenna-italien-unterkuenfte\/chalet-ravenna-candle\/\" \/>\n<meta property=\"og:site_name\" content=\"Camping Reno\" \/>\n<meta property=\"article:publisher\" content=\"https:\/\/facebook.com\/tomasitourism\" \/>\n<meta property=\"article:modified_time\" content=\"2025-12-05T13:34:57+00:00\" \/>\n<meta property=\"og:image\" content=\"https:\/\/www.campingreno.it\/wp-content\/uploads\/sites\/192\/2025\/02\/chalet_ravenna_candle_camping_reno-11.jpg\" \/>\n\t<meta property=\"og:image:width\" content=\"2500\" \/>\n\t<meta property=\"og:image:height\" content=\"1667\" \/>\n\t<meta property=\"og:image:type\" content=\"image\/jpeg\" \/>\n<meta name=\"twitter:card\" content=\"summary_large_image\" \/>\n<meta name=\"twitter:label1\" content=\"Gesch\u00e4tzte Lesezeit\" \/>\n\t<meta name=\"twitter:data1\" content=\"1 Minute\" \/>\n<script type=\"application\/ld+json\" class=\"yoast-schema-graph\">{\"@context\":\"https:\/\/schema.org\",\"@graph\":[{\"@type\":\"WebPage\",\"@id\":\"https:\/\/www.campingreno.it\/de\/campingplatz-ravenna-italien-unterkuenfte\/chalet-ravenna-candle\/\",\"url\":\"https:\/\/www.campingreno.it\/de\/campingplatz-ravenna-italien-unterkuenfte\/chalet-ravenna-candle\/\",\"name\":\"Chalet Ravenna Candle Campingplatz Italien | Camping Reno\",\"isPartOf\":{\"@id\":\"https:\/\/www.campingreno.it\/de\/#website\"},\"primaryImageOfPage\":{\"@id\":\"https:\/\/www.campingreno.it\/de\/campingplatz-ravenna-italien-unterkuenfte\/chalet-ravenna-candle\/#primaryimage\"},\"image\":{\"@id\":\"https:\/\/www.campingreno.it\/de\/campingplatz-ravenna-italien-unterkuenfte\/chalet-ravenna-candle\/#primaryimage\"},\"thumbnailUrl\":\"https:\/\/www.campingreno.it\/wp-content\/uploads\/sites\/192\/2025\/02\/chalet_ravenna_candle_camping_reno-11.jpg\",\"datePublished\":\"2025-02-07T14:58:22+00:00\",\"dateModified\":\"2025-12-05T13:34:57+00:00\",\"description\":\"Entdecken Sie das Chalet Ravenna Candle auf dem Camping Reno, Campingplatz Italien am Meer, fordern Sie ein Angebot!\",\"breadcrumb\":{\"@id\":\"https:\/\/www.campingreno.it\/de\/campingplatz-ravenna-italien-unterkuenfte\/chalet-ravenna-candle\/#breadcrumb\"},\"inLanguage\":\"de-DE\",\"potentialAction\":[{\"@type\":\"ReadAction\",\"target\":[\"https:\/\/www.campingreno.it\/de\/campingplatz-ravenna-italien-unterkuenfte\/chalet-ravenna-candle\/\"]}]},{\"@type\":\"ImageObject\",\"inLanguage\":\"de-DE\",\"@id\":\"https:\/\/www.campingreno.it\/de\/campingplatz-ravenna-italien-unterkuenfte\/chalet-ravenna-candle\/#primaryimage\",\"url\":\"https:\/\/www.campingreno.it\/wp-content\/uploads\/sites\/192\/2025\/02\/chalet_ravenna_candle_camping_reno-11.jpg\",\"contentUrl\":\"https:\/\/www.campingreno.it\/wp-content\/uploads\/sites\/192\/2025\/02\/chalet_ravenna_candle_camping_reno-11.jpg\",\"width\":2500,\"height\":1667,\"caption\":\"Chalet Ravenna Candle Campingplatz Italien | Camping Reno\"},{\"@type\":\"BreadcrumbList\",\"@id\":\"https:\/\/www.campingreno.it\/de\/campingplatz-ravenna-italien-unterkuenfte\/chalet-ravenna-candle\/#breadcrumb\",\"itemListElement\":[{\"@type\":\"ListItem\",\"position\":1,\"name\":\"Home\",\"item\":\"https:\/\/www.campingreno.it\/de\/\"},{\"@type\":\"ListItem\",\"position\":2,\"name\":\"Unterkunft\",\"item\":\"https:\/\/www.campingreno.it\/de\/campingplatz-ravenna-italien-unterkuenfte\/\"},{\"@type\":\"ListItem\",\"position\":3,\"name\":\"Chalet Ravenna &#8220;Candle&#8221;\"}]},{\"@type\":\"WebSite\",\"@id\":\"https:\/\/www.campingreno.it\/de\/#website\",\"url\":\"https:\/\/www.campingreno.it\/de\/\",\"name\":\"Camping Reno\",\"description\":\"\",\"publisher\":{\"@id\":\"https:\/\/www.campingreno.it\/de\/#organization\"},\"potentialAction\":[{\"@type\":\"SearchAction\",\"target\":{\"@type\":\"EntryPoint\",\"urlTemplate\":\"https:\/\/www.campingreno.it\/de\/?s={search_term_string}\"},\"query-input\":\"required name=search_term_string\"}],\"inLanguage\":\"de-DE\"},{\"@type\":\"Organization\",\"@id\":\"https:\/\/www.campingreno.it\/de\/#organization\",\"name\":\"Camping Reno\",\"url\":\"https:\/\/www.campingreno.it\/de\/\",\"logo\":{\"@type\":\"ImageObject\",\"inLanguage\":\"de-DE\",\"@id\":\"https:\/\/www.campingreno.it\/de\/#\/schema\/logo\/image\/\",\"url\":\"https:\/\/www.campingreno.it\/wp-content\/uploads\/sites\/192\/2024\/12\/logo_reno-no-sfondo-2.png\",\"contentUrl\":\"https:\/\/www.campingreno.it\/wp-content\/uploads\/sites\/192\/2024\/12\/logo_reno-no-sfondo-2.png\",\"width\":567,\"height\":286,\"caption\":\"Camping Reno\"},\"image\":{\"@id\":\"https:\/\/www.campingreno.it\/de\/#\/schema\/logo\/image\/\"},\"sameAs\":[\"https:\/\/facebook.com\/tomasitourism\",\"https:\/\/instagram.com\/camping_reno\"]}]}<\/script>\n<!-- \/ Yoast SEO plugin. -->","yoast_head_json":{"title":"Chalet Ravenna Candle Campingplatz Italien | Camping Reno","description":"Entdecken Sie das Chalet Ravenna Candle auf dem Camping Reno, Campingplatz Italien am Meer, fordern Sie ein Angebot!","robots":{"index":"index","follow":"follow","max-snippet":"max-snippet:-1","max-image-preview":"max-image-preview:large","max-video-preview":"max-video-preview:-1"},"canonical":"https:\/\/www.campingreno.it\/de\/campingplatz-ravenna-italien-unterkuenfte\/chalet-ravenna-candle\/","og_locale":"de_DE","og_type":"article","og_title":"Chalet Ravenna Candle Campingplatz Italien | Camping Reno","og_description":"Entdecken Sie das Chalet Ravenna Candle auf dem Camping Reno, Campingplatz Italien am Meer, fordern Sie ein Angebot!","og_url":"https:\/\/www.campingreno.it\/de\/campingplatz-ravenna-italien-unterkuenfte\/chalet-ravenna-candle\/","og_site_name":"Camping Reno","article_publisher":"https:\/\/facebook.com\/tomasitourism","article_modified_time":"2025-12-05T13:34:57+00:00","og_image":[{"width":2500,"height":1667,"url":"https:\/\/www.campingreno.it\/wp-content\/uploads\/sites\/192\/2025\/02\/chalet_ravenna_candle_camping_reno-11.jpg","type":"image\/jpeg"}],"twitter_card":"summary_large_image","twitter_misc":{"Gesch\u00e4tzte Lesezeit":"1 Minute"},"schema":{"@context":"https:\/\/schema.org","@graph":[{"@type":"WebPage","@id":"https:\/\/www.campingreno.it\/de\/campingplatz-ravenna-italien-unterkuenfte\/chalet-ravenna-candle\/","url":"https:\/\/www.campingreno.it\/de\/campingplatz-ravenna-italien-unterkuenfte\/chalet-ravenna-candle\/","name":"Chalet Ravenna Candle Campingplatz Italien | Camping Reno","isPartOf":{"@id":"https:\/\/www.campingreno.it\/de\/#website"},"primaryImageOfPage":{"@id":"https:\/\/www.campingreno.it\/de\/campingplatz-ravenna-italien-unterkuenfte\/chalet-ravenna-candle\/#primaryimage"},"image":{"@id":"https:\/\/www.campingreno.it\/de\/campingplatz-ravenna-italien-unterkuenfte\/chalet-ravenna-candle\/#primaryimage"},"thumbnailUrl":"https:\/\/www.campingreno.it\/wp-content\/uploads\/sites\/192\/2025\/02\/chalet_ravenna_candle_camping_reno-11.jpg","datePublished":"2025-02-07T14:58:22+00:00","dateModified":"2025-12-05T13:34:57+00:00","description":"Entdecken Sie das Chalet Ravenna Candle auf dem Camping Reno, Campingplatz Italien am Meer, fordern Sie ein Angebot!","breadcrumb":{"@id":"https:\/\/www.campingreno.it\/de\/campingplatz-ravenna-italien-unterkuenfte\/chalet-ravenna-candle\/#breadcrumb"},"inLanguage":"de-DE","potentialAction":[{"@type":"ReadAction","target":["https:\/\/www.campingreno.it\/de\/campingplatz-ravenna-italien-unterkuenfte\/chalet-ravenna-candle\/"]}]},{"@type":"ImageObject","inLanguage":"de-DE","@id":"https:\/\/www.campingreno.it\/de\/campingplatz-ravenna-italien-unterkuenfte\/chalet-ravenna-candle\/#primaryimage","url":"https:\/\/www.campingreno.it\/wp-content\/uploads\/sites\/192\/2025\/02\/chalet_ravenna_candle_camping_reno-11.jpg","contentUrl":"https:\/\/www.campingreno.it\/wp-content\/uploads\/sites\/192\/2025\/02\/chalet_ravenna_candle_camping_reno-11.jpg","width":2500,"height":1667,"caption":"Chalet Ravenna Candle Campingplatz Italien | Camping Reno"},{"@type":"BreadcrumbList","@id":"https:\/\/www.campingreno.it\/de\/campingplatz-ravenna-italien-unterkuenfte\/chalet-ravenna-candle\/#breadcrumb","itemListElement":[{"@type":"ListItem","position":1,"name":"Home","item":"https:\/\/www.campingreno.it\/de\/"},{"@type":"ListItem","position":2,"name":"Unterkunft","item":"https:\/\/www.campingreno.it\/de\/campingplatz-ravenna-italien-unterkuenfte\/"},{"@type":"ListItem","position":3,"name":"Chalet Ravenna &#8220;Candle&#8221;"}]},{"@type":"WebSite","@id":"https:\/\/www.campingreno.it\/de\/#website","url":"https:\/\/www.campingreno.it\/de\/","name":"Camping Reno","description":"","publisher":{"@id":"https:\/\/www.campingreno.it\/de\/#organization"},"potentialAction":[{"@type":"SearchAction","target":{"@type":"EntryPoint","urlTemplate":"https:\/\/www.campingreno.it\/de\/?s={search_term_string}"},"query-input":"required name=search_term_string"}],"inLanguage":"de-DE"},{"@type":"Organization","@id":"https:\/\/www.campingreno.it\/de\/#organization","name":"Camping Reno","url":"https:\/\/www.campingreno.it\/de\/","logo":{"@type":"ImageObject","inLanguage":"de-DE","@id":"https:\/\/www.campingreno.it\/de\/#\/schema\/logo\/image\/","url":"https:\/\/www.campingreno.it\/wp-content\/uploads\/sites\/192\/2024\/12\/logo_reno-no-sfondo-2.png","contentUrl":"https:\/\/www.campingreno.it\/wp-content\/uploads\/sites\/192\/2024\/12\/logo_reno-no-sfondo-2.png","width":567,"height":286,"caption":"Camping Reno"},"image":{"@id":"https:\/\/www.campingreno.it\/de\/#\/schema\/logo\/image\/"},"sameAs":["https:\/\/facebook.com\/tomasitourism","https:\/\/instagram.com\/camping_reno"]}]}},"acf":[],"_links":{"self":[{"href":"https:\/\/www.campingreno.it\/de\/wp-json\/wp\/v2\/pages\/1113"}],"collection":[{"href":"https:\/\/www.campingreno.it\/de\/wp-json\/wp\/v2\/pages"}],"about":[{"href":"https:\/\/www.campingreno.it\/de\/wp-json\/wp\/v2\/types\/page"}],"author":[{"embeddable":true,"href":"https:\/\/www.campingreno.it\/de\/wp-json\/wp\/v2\/users\/212"}],"replies":[{"embeddable":true,"href":"https:\/\/www.campingreno.it\/de\/wp-json\/wp\/v2\/comments?post=1113"}],"version-history":[{"count":0,"href":"https:\/\/www.campingreno.it\/de\/wp-json\/wp\/v2\/pages\/1113\/revisions"}],"up":[{"embeddable":true,"href":"https:\/\/www.campingreno.it\/de\/wp-json\/wp\/v2\/pages\/1089"}],"wp:featuredmedia":[{"embeddable":true,"href":"https:\/\/www.campingreno.it\/de\/wp-json\/wp\/v2\/media\/1467"}],"wp:attachment":[{"href":"https:\/\/www.campingreno.it\/de\/wp-json\/wp\/v2\/media?parent=1113"}],"curies":[{"name":"wp","href":"https:\/\/api.w.org\/{rel}","templated":true}]}}