   {"id":1135,"date":"2025-02-08T18:45:53","date_gmt":"2025-02-08T18:45:53","guid":{"rendered":"https:\/\/www.campingreno.it\/?page_id=1135"},"modified":"2025-12-11T13:08:40","modified_gmt":"2025-12-11T13:08:40","slug":"wohnwagenstellplatz-camping-adriakueste-italien","status":"publish","type":"page","link":"https:\/\/www.campingreno.it\/de\/camping-mit-stellplaetzen-ravenna-italien\/wohnwagenstellplatz-camping-adriakueste-italien\/","title":{"rendered":"Wohnwagenstellplatz"},"content":{"rendered":"<p><strong>Wohnwagenstellplatz Camping Adriak\u00fcste Italien \u2013<\/strong> Ebenerdige Stellpl\u00e4tze f\u00fcr Ihren Wohnwagen | Caravan, Wohnmobil oder Zelt. Mit einer Fl\u00e4che von bis zu 70 m\u00b2 bietet er Platz f\u00fcr jede Art von<\/p>\n<p>&nbsp;<\/p>\n<p><strong>(<a href=\"https:\/\/www.campingreno.it\/de\/hundefreundlicher-campingplatz-ravenna-direkt-am-meer\/\">Haustiere erlaubt<\/a> &#8211; <a href=\"https:\/\/www.campingreno.it\/de\/campingplatz-ordnung\/\">Regeln<\/a>)<\/strong><\/p>\n<p>&nbsp;<\/p>\n<p><strong>Fordern Sie jetzt<\/strong> ein unverbindliches Angebot f\u00fcr einen <strong>Wohnwagenstellplatz Camping Adriak\u00fcste Italien an<\/strong>, indem Sie das Formular ausf\u00fcllen, f\u00fcr Ihren Urlaub direkt am Meer mit Ihrer Familie oder Ihren Freunden im Camping Reno, <strong>Campingplatz in Casal Borsetti, in der N\u00e4he von Ravenna, direkt am Meer<\/strong>, mit feinem Sand und flachem Wasser. Ein einfacher und essentieller Campingplatz f\u00fcr echte Camper.<\/p>\n<p>Wir senden Ihnen innerhalb von 6 Werktagen das passende Angebot zu.<\/p>\n<p>&nbsp;<\/p>\n<p>&nbsp;<\/p>\n<p><a href=\"https:\/\/www.scidoo.com\/preventivov2\/?cod=1209&amp;dataarr=2025-4-5&amp;notti=7&amp;adult=1&amp;children=&amp;IDsotto_struttura=0&amp;lang=4\"><strong>VERF\u00dcGBARKEIT PR\u00dcFEN UND JETZT BUCHEN<\/strong><\/a><\/p>\n<p>&nbsp;<\/p>\n<p>&nbsp;<\/p>\n<h3 data-sourcepos=\"5:1-5:50\">Im Preis inbegriffen sind folgende Leistungen:<\/h3>\n<ul data-sourcepos=\"7:1-16:0\">\n<li data-sourcepos=\"7:1-7:209\"><strong>Stellplatz<\/strong>: 1 Zelt oder Wohnmobil oder Wohnwagen + Anzahl der in der Beschreibung angegebenen Personen + 1 Auto + Stromanschluss (4A-Schutz). Die Stellpl\u00e4tze sind sauber und ordentlich zu hinterlassen.<\/li>\n<li data-sourcepos=\"8:1-8:37\"><strong>Parkplatz<\/strong>: auf dem Stellplatz<\/li>\n<li data-sourcepos=\"9:1-9:86\"><strong>Stromanschluss<\/strong>: CEE-Norm-Anschluss &#8211; 4A-Schutz (sofern nicht anders angegeben)<\/li>\n<li data-sourcepos=\"10:1-10:55\"><strong>Strandzugang<\/strong>: direkter Zugang zum freien Strand<\/li>\n<li data-sourcepos=\"11:1-11:34\"><strong>Duschen<\/strong>: Warmwasserduschen<\/li>\n<li data-sourcepos=\"12:1-12:51\"><strong>Animation<\/strong>: f\u00fcr Jung und Alt (Juli &#8211; August)<\/li>\n<li data-sourcepos=\"13:1-13:76\"><strong>Schwimmbad<\/strong>: Benutzung (Juni &#8211; August, Badekappe nicht obligatorisch)<\/li>\n<li data-sourcepos=\"14:1-14:94\"><strong>Sportbereich<\/strong>: Beachvolleyball, Strandtennis, Boccia, Basketball-Freiw\u00fcrfe, Tischtennis<\/li>\n<li data-sourcepos=\"15:1-16:0\"><strong>Mehrwertsteuer<\/strong>: 10% (\u00c4nderungen der MwSt. oder Kurtaxe vorbehalten)<\/li>\n<\/ul>\n<p>&nbsp;<\/p>\n<h3 data-sourcepos=\"17:1-17:36\">Nicht im Preis inbegriffen sind:<\/h3>\n<ul data-sourcepos=\"19:1-21:0\">\n<li data-sourcepos=\"19:1-19:55\"><strong>Kurtaxe<\/strong>: Die Kurtaxe ist vor Ort zu entrichten.<\/li>\n<li data-sourcepos=\"20:1-21:0\"><strong>Strandservice<\/strong>: Verleih von Sonnenschirmen und Liegen.<\/li>\n<\/ul>\n<p>&nbsp;<\/p>\n<h3 data-sourcepos=\"22:1-22:82\">Zus\u00e4tzliche Leistungen auf Reservierung (oder vor Ort, je nach Verf\u00fcgbarkeit):<\/h3>\n<ul data-sourcepos=\"24:1-27:0\">\n<li data-sourcepos=\"24:1-24:70\"><strong>Strandservice<\/strong>: Verleih von Sonnenschirmen und Liegen am Strand<\/li>\n<li data-sourcepos=\"25:1-25:55\"><strong>K\u00fchlung<\/strong>: K\u00fchl- und Gefrierschrank mit Schl\u00fcssel<\/li>\n<li data-sourcepos=\"26:1-27:0\"><strong>Fahrradverleih<\/strong>: Fahrr\u00e4der mit Helm und Kindersitz<\/li>\n<\/ul>\n<p>&nbsp;<\/p>\n<h3 data-sourcepos=\"28:1-28:27\">Wichtige Informationen:<\/h3>\n<ul data-sourcepos=\"30:1-33:0\">\n<li data-sourcepos=\"30:1-30:31\"><strong>Anreise<\/strong>: nach 15:00 Uhr<\/li>\n<li data-sourcepos=\"31:1-31:30\"><strong>Abreise<\/strong>: bis 12:00 Uhr<\/li>\n<\/ul>\n<p>&nbsp;<\/p>\n","protected":false},"excerpt":{"rendered":"<p>Wohnwagenstellplatz Camping Adriak\u00fcste Italien \u2013 Ebenerdige Stellpl\u00e4tze f\u00fcr Ihren Wohnwagen | Caravan, Wohnmobil oder Zelt. Mit einer Fl\u00e4che von bis zu 70 m\u00b2 bietet er Platz f\u00fcr jede Art von &nbsp; (Haustiere erlaubt &#8211; Regeln) &nbsp; Fordern Sie jetzt ein unverbindliches Angebot f\u00fcr einen Wohnwagenstellplatz Camping Adriak\u00fcste Italien an, indem Sie das Formular ausf\u00fcllen, f\u00fcr [&hellip;]<\/p>\n","protected":false},"author":212,"featured_media":1935,"parent":1129,"menu_order":5,"comment_status":"closed","ping_status":"closed","template":"template-piazzole.php","meta":{"footnotes":""},"yoast_head":"<!-- This site is optimized with the Yoast SEO plugin v22.3 - https:\/\/yoast.com\/wordpress\/plugins\/seo\/ -->\n<title>Wohnwagenstellplatz Camping Adriak\u00fcste Italien | Camping Reno<\/title>\n<meta name=\"description\" content=\"Wohnwagenstellplatz Camping Adriak\u00fcste Italien, in Ravenna, direct am Meer, ab 23\u20ac pro Nacht und Besatzung. Fordern Sie ein Angebot an!\" \/>\n<meta name=\"robots\" content=\"index, follow, max-snippet:-1, max-image-preview:large, max-video-preview:-1\" \/>\n<link rel=\"canonical\" href=\"https:\/\/www.campingreno.it\/de\/camping-mit-stellplaetzen-ravenna-italien\/wohnwagenstellplatz-camping-adriakueste-italien\/\" \/>\n<meta property=\"og:locale\" content=\"de_DE\" \/>\n<meta property=\"og:type\" content=\"article\" \/>\n<meta property=\"og:title\" content=\"Wohnwagenstellplatz Camping Adriak\u00fcste Italien | Camping Reno\" \/>\n<meta property=\"og:description\" content=\"Wohnwagenstellplatz Camping Adriak\u00fcste Italien, in Ravenna, direct am Meer, ab 23\u20ac pro Nacht und Besatzung. Fordern Sie ein Angebot an!\" \/>\n<meta property=\"og:url\" content=\"https:\/\/www.campingreno.it\/de\/camping-mit-stellplaetzen-ravenna-italien\/wohnwagenstellplatz-camping-adriakueste-italien\/\" \/>\n<meta property=\"og:site_name\" content=\"Camping Reno\" \/>\n<meta property=\"article:publisher\" content=\"https:\/\/facebook.com\/tomasitourism\" \/>\n<meta property=\"article:modified_time\" content=\"2025-12-11T13:08:40+00:00\" \/>\n<meta property=\"og:image\" content=\"https:\/\/www.campingreno.it\/wp-content\/uploads\/sites\/192\/2025\/03\/piazzola_caravan_campingreno_casalborsetti-1.jpg\" \/>\n\t<meta property=\"og:image:width\" content=\"779\" \/>\n\t<meta property=\"og:image:height\" content=\"550\" \/>\n\t<meta property=\"og:image:type\" content=\"image\/jpeg\" \/>\n<meta name=\"twitter:card\" content=\"summary_large_image\" \/>\n<meta name=\"twitter:label1\" content=\"Gesch\u00e4tzte Lesezeit\" \/>\n\t<meta name=\"twitter:data1\" content=\"2 Minuten\" \/>\n<script type=\"application\/ld+json\" class=\"yoast-schema-graph\">{\"@context\":\"https:\/\/schema.org\",\"@graph\":[{\"@type\":\"WebPage\",\"@id\":\"https:\/\/www.campingreno.it\/de\/camping-mit-stellplaetzen-ravenna-italien\/wohnwagenstellplatz-camping-adriakueste-italien\/\",\"url\":\"https:\/\/www.campingreno.it\/de\/camping-mit-stellplaetzen-ravenna-italien\/wohnwagenstellplatz-camping-adriakueste-italien\/\",\"name\":\"Wohnwagenstellplatz Camping Adriak\u00fcste Italien | Camping Reno\",\"isPartOf\":{\"@id\":\"https:\/\/www.campingreno.it\/de\/#website\"},\"primaryImageOfPage\":{\"@id\":\"https:\/\/www.campingreno.it\/de\/camping-mit-stellplaetzen-ravenna-italien\/wohnwagenstellplatz-camping-adriakueste-italien\/#primaryimage\"},\"image\":{\"@id\":\"https:\/\/www.campingreno.it\/de\/camping-mit-stellplaetzen-ravenna-italien\/wohnwagenstellplatz-camping-adriakueste-italien\/#primaryimage\"},\"thumbnailUrl\":\"https:\/\/www.campingreno.it\/wp-content\/uploads\/sites\/192\/2025\/03\/piazzola_caravan_campingreno_casalborsetti-1.jpg\",\"datePublished\":\"2025-02-08T18:45:53+00:00\",\"dateModified\":\"2025-12-11T13:08:40+00:00\",\"description\":\"Wohnwagenstellplatz Camping Adriak\u00fcste Italien, in Ravenna, direct am Meer, ab 23\u20ac pro Nacht und Besatzung. Fordern Sie ein Angebot an!\",\"breadcrumb\":{\"@id\":\"https:\/\/www.campingreno.it\/de\/camping-mit-stellplaetzen-ravenna-italien\/wohnwagenstellplatz-camping-adriakueste-italien\/#breadcrumb\"},\"inLanguage\":\"de-DE\",\"potentialAction\":[{\"@type\":\"ReadAction\",\"target\":[\"https:\/\/www.campingreno.it\/de\/camping-mit-stellplaetzen-ravenna-italien\/wohnwagenstellplatz-camping-adriakueste-italien\/\"]}]},{\"@type\":\"ImageObject\",\"inLanguage\":\"de-DE\",\"@id\":\"https:\/\/www.campingreno.it\/de\/camping-mit-stellplaetzen-ravenna-italien\/wohnwagenstellplatz-camping-adriakueste-italien\/#primaryimage\",\"url\":\"https:\/\/www.campingreno.it\/wp-content\/uploads\/sites\/192\/2025\/03\/piazzola_caravan_campingreno_casalborsetti-1.jpg\",\"contentUrl\":\"https:\/\/www.campingreno.it\/wp-content\/uploads\/sites\/192\/2025\/03\/piazzola_caravan_campingreno_casalborsetti-1.jpg\",\"width\":779,\"height\":550,\"caption\":\"Wohnwagenstellplatz Camping Adriak\u00fcste Italien | Camping Reno\"},{\"@type\":\"BreadcrumbList\",\"@id\":\"https:\/\/www.campingreno.it\/de\/camping-mit-stellplaetzen-ravenna-italien\/wohnwagenstellplatz-camping-adriakueste-italien\/#breadcrumb\",\"itemListElement\":[{\"@type\":\"ListItem\",\"position\":1,\"name\":\"Home\",\"item\":\"https:\/\/www.campingreno.it\/de\/\"},{\"@type\":\"ListItem\",\"position\":2,\"name\":\"Stellpl\u00e4tze\",\"item\":\"https:\/\/www.campingreno.it\/de\/camping-mit-stellplaetzen-ravenna-italien\/\"},{\"@type\":\"ListItem\",\"position\":3,\"name\":\"Wohnwagenstellplatz\"}]},{\"@type\":\"WebSite\",\"@id\":\"https:\/\/www.campingreno.it\/de\/#website\",\"url\":\"https:\/\/www.campingreno.it\/de\/\",\"name\":\"Camping Reno\",\"description\":\"\",\"publisher\":{\"@id\":\"https:\/\/www.campingreno.it\/de\/#organization\"},\"potentialAction\":[{\"@type\":\"SearchAction\",\"target\":{\"@type\":\"EntryPoint\",\"urlTemplate\":\"https:\/\/www.campingreno.it\/de\/?s={search_term_string}\"},\"query-input\":\"required name=search_term_string\"}],\"inLanguage\":\"de-DE\"},{\"@type\":\"Organization\",\"@id\":\"https:\/\/www.campingreno.it\/de\/#organization\",\"name\":\"Camping Reno\",\"url\":\"https:\/\/www.campingreno.it\/de\/\",\"logo\":{\"@type\":\"ImageObject\",\"inLanguage\":\"de-DE\",\"@id\":\"https:\/\/www.campingreno.it\/de\/#\/schema\/logo\/image\/\",\"url\":\"https:\/\/www.campingreno.it\/wp-content\/uploads\/sites\/192\/2024\/12\/logo_reno-no-sfondo-2.png\",\"contentUrl\":\"https:\/\/www.campingreno.it\/wp-content\/uploads\/sites\/192\/2024\/12\/logo_reno-no-sfondo-2.png\",\"width\":567,\"height\":286,\"caption\":\"Camping Reno\"},\"image\":{\"@id\":\"https:\/\/www.campingreno.it\/de\/#\/schema\/logo\/image\/\"},\"sameAs\":[\"https:\/\/facebook.com\/tomasitourism\",\"https:\/\/instagram.com\/camping_reno\"]}]}<\/script>\n<!-- \/ Yoast SEO plugin. -->","yoast_head_json":{"title":"Wohnwagenstellplatz Camping Adriak\u00fcste Italien | Camping Reno","description":"Wohnwagenstellplatz Camping Adriak\u00fcste Italien, in Ravenna, direct am Meer, ab 23\u20ac pro Nacht und Besatzung. Fordern Sie ein Angebot an!","robots":{"index":"index","follow":"follow","max-snippet":"max-snippet:-1","max-image-preview":"max-image-preview:large","max-video-preview":"max-video-preview:-1"},"canonical":"https:\/\/www.campingreno.it\/de\/camping-mit-stellplaetzen-ravenna-italien\/wohnwagenstellplatz-camping-adriakueste-italien\/","og_locale":"de_DE","og_type":"article","og_title":"Wohnwagenstellplatz Camping Adriak\u00fcste Italien | Camping Reno","og_description":"Wohnwagenstellplatz Camping Adriak\u00fcste Italien, in Ravenna, direct am Meer, ab 23\u20ac pro Nacht und Besatzung. Fordern Sie ein Angebot an!","og_url":"https:\/\/www.campingreno.it\/de\/camping-mit-stellplaetzen-ravenna-italien\/wohnwagenstellplatz-camping-adriakueste-italien\/","og_site_name":"Camping Reno","article_publisher":"https:\/\/facebook.com\/tomasitourism","article_modified_time":"2025-12-11T13:08:40+00:00","og_image":[{"width":779,"height":550,"url":"https:\/\/www.campingreno.it\/wp-content\/uploads\/sites\/192\/2025\/03\/piazzola_caravan_campingreno_casalborsetti-1.jpg","type":"image\/jpeg"}],"twitter_card":"summary_large_image","twitter_misc":{"Gesch\u00e4tzte Lesezeit":"2 Minuten"},"schema":{"@context":"https:\/\/schema.org","@graph":[{"@type":"WebPage","@id":"https:\/\/www.campingreno.it\/de\/camping-mit-stellplaetzen-ravenna-italien\/wohnwagenstellplatz-camping-adriakueste-italien\/","url":"https:\/\/www.campingreno.it\/de\/camping-mit-stellplaetzen-ravenna-italien\/wohnwagenstellplatz-camping-adriakueste-italien\/","name":"Wohnwagenstellplatz Camping Adriak\u00fcste Italien | Camping Reno","isPartOf":{"@id":"https:\/\/www.campingreno.it\/de\/#website"},"primaryImageOfPage":{"@id":"https:\/\/www.campingreno.it\/de\/camping-mit-stellplaetzen-ravenna-italien\/wohnwagenstellplatz-camping-adriakueste-italien\/#primaryimage"},"image":{"@id":"https:\/\/www.campingreno.it\/de\/camping-mit-stellplaetzen-ravenna-italien\/wohnwagenstellplatz-camping-adriakueste-italien\/#primaryimage"},"thumbnailUrl":"https:\/\/www.campingreno.it\/wp-content\/uploads\/sites\/192\/2025\/03\/piazzola_caravan_campingreno_casalborsetti-1.jpg","datePublished":"2025-02-08T18:45:53+00:00","dateModified":"2025-12-11T13:08:40+00:00","description":"Wohnwagenstellplatz Camping Adriak\u00fcste Italien, in Ravenna, direct am Meer, ab 23\u20ac pro Nacht und Besatzung. Fordern Sie ein Angebot an!","breadcrumb":{"@id":"https:\/\/www.campingreno.it\/de\/camping-mit-stellplaetzen-ravenna-italien\/wohnwagenstellplatz-camping-adriakueste-italien\/#breadcrumb"},"inLanguage":"de-DE","potentialAction":[{"@type":"ReadAction","target":["https:\/\/www.campingreno.it\/de\/camping-mit-stellplaetzen-ravenna-italien\/wohnwagenstellplatz-camping-adriakueste-italien\/"]}]},{"@type":"ImageObject","inLanguage":"de-DE","@id":"https:\/\/www.campingreno.it\/de\/camping-mit-stellplaetzen-ravenna-italien\/wohnwagenstellplatz-camping-adriakueste-italien\/#primaryimage","url":"https:\/\/www.campingreno.it\/wp-content\/uploads\/sites\/192\/2025\/03\/piazzola_caravan_campingreno_casalborsetti-1.jpg","contentUrl":"https:\/\/www.campingreno.it\/wp-content\/uploads\/sites\/192\/2025\/03\/piazzola_caravan_campingreno_casalborsetti-1.jpg","width":779,"height":550,"caption":"Wohnwagenstellplatz Camping Adriak\u00fcste Italien | Camping Reno"},{"@type":"BreadcrumbList","@id":"https:\/\/www.campingreno.it\/de\/camping-mit-stellplaetzen-ravenna-italien\/wohnwagenstellplatz-camping-adriakueste-italien\/#breadcrumb","itemListElement":[{"@type":"ListItem","position":1,"name":"Home","item":"https:\/\/www.campingreno.it\/de\/"},{"@type":"ListItem","position":2,"name":"Stellpl\u00e4tze","item":"https:\/\/www.campingreno.it\/de\/camping-mit-stellplaetzen-ravenna-italien\/"},{"@type":"ListItem","position":3,"name":"Wohnwagenstellplatz"}]},{"@type":"WebSite","@id":"https:\/\/www.campingreno.it\/de\/#website","url":"https:\/\/www.campingreno.it\/de\/","name":"Camping Reno","description":"","publisher":{"@id":"https:\/\/www.campingreno.it\/de\/#organization"},"potentialAction":[{"@type":"SearchAction","target":{"@type":"EntryPoint","urlTemplate":"https:\/\/www.campingreno.it\/de\/?s={search_term_string}"},"query-input":"required name=search_term_string"}],"inLanguage":"de-DE"},{"@type":"Organization","@id":"https:\/\/www.campingreno.it\/de\/#organization","name":"Camping Reno","url":"https:\/\/www.campingreno.it\/de\/","logo":{"@type":"ImageObject","inLanguage":"de-DE","@id":"https:\/\/www.campingreno.it\/de\/#\/schema\/logo\/image\/","url":"https:\/\/www.campingreno.it\/wp-content\/uploads\/sites\/192\/2024\/12\/logo_reno-no-sfondo-2.png","contentUrl":"https:\/\/www.campingreno.it\/wp-content\/uploads\/sites\/192\/2024\/12\/logo_reno-no-sfondo-2.png","width":567,"height":286,"caption":"Camping Reno"},"image":{"@id":"https:\/\/www.campingreno.it\/de\/#\/schema\/logo\/image\/"},"sameAs":["https:\/\/facebook.com\/tomasitourism","https:\/\/instagram.com\/camping_reno"]}]}},"acf":[],"_links":{"self":[{"href":"https:\/\/www.campingreno.it\/de\/wp-json\/wp\/v2\/pages\/1135"}],"collection":[{"href":"https:\/\/www.campingreno.it\/de\/wp-json\/wp\/v2\/pages"}],"about":[{"href":"https:\/\/www.campingreno.it\/de\/wp-json\/wp\/v2\/types\/page"}],"author":[{"embeddable":true,"href":"https:\/\/www.campingreno.it\/de\/wp-json\/wp\/v2\/users\/212"}],"replies":[{"embeddable":true,"href":"https:\/\/www.campingreno.it\/de\/wp-json\/wp\/v2\/comments?post=1135"}],"version-history":[{"count":0,"href":"https:\/\/www.campingreno.it\/de\/wp-json\/wp\/v2\/pages\/1135\/revisions"}],"up":[{"embeddable":true,"href":"https:\/\/www.campingreno.it\/de\/wp-json\/wp\/v2\/pages\/1129"}],"wp:featuredmedia":[{"embeddable":true,"href":"https:\/\/www.campingreno.it\/de\/wp-json\/wp\/v2\/media\/1935"}],"wp:attachment":[{"href":"https:\/\/www.campingreno.it\/de\/wp-json\/wp\/v2\/media?parent=1135"}],"curies":[{"name":"wp","href":"https:\/\/api.w.org\/{rel}","templated":true}]}}