   {"id":1159,"date":"2024-12-10T14:01:08","date_gmt":"2024-12-10T14:01:08","guid":{"rendered":"https:\/\/www.campingreno.it\/preisliste\/piazzole-tenda-camper-caravan-casalborsetti\/"},"modified":"2025-12-22T14:35:19","modified_gmt":"2025-12-22T14:35:19","slug":"preisliste-stellplaetze-camping-reno-casal-borsetti","status":"publish","type":"page","link":"https:\/\/www.campingreno.it\/de\/preisliste-campingplatz-emilia-romagna-ravenna\/preisliste-stellplaetze-camping-reno-casal-borsetti\/","title":{"rendered":"Preisliste Stellpl\u00e4tze"},"content":{"rendered":"","protected":false},"excerpt":{"rendered":"","protected":false},"author":13,"featured_media":4277,"parent":1141,"menu_order":36,"comment_status":"closed","ping_status":"closed","template":"template-pricelist.php","meta":{"footnotes":""},"yoast_head":"<!-- This site is optimized with the Yoast SEO plugin v22.3 - https:\/\/yoast.com\/wordpress\/plugins\/seo\/ -->\n<title>Camping Adria Coast Italien | Preisliste Stellpl\u00e4tze<\/title>\n<meta name=\"description\" content=\"Preisliste f\u00fcr Stellpl\u00e4tze 2026 des Camping Reno Camping Adria Coast Italien, Campingplatz direkt am Meer. Angebot anfordern!\" \/>\n<meta name=\"robots\" content=\"index, follow, max-snippet:-1, max-image-preview:large, max-video-preview:-1\" \/>\n<link rel=\"canonical\" href=\"https:\/\/www.campingreno.it\/de\/preisliste-campingplatz-emilia-romagna-ravenna\/preisliste-stellplaetze-camping-reno-casal-borsetti\/\" \/>\n<meta property=\"og:locale\" content=\"de_DE\" \/>\n<meta property=\"og:type\" content=\"article\" \/>\n<meta property=\"og:title\" content=\"Camping Adria Coast Italien | Preisliste Stellpl\u00e4tze\" \/>\n<meta property=\"og:description\" content=\"Preisliste f\u00fcr Stellpl\u00e4tze 2026 des Camping Reno Camping Adria Coast Italien, Campingplatz direkt am Meer. Angebot anfordern!\" \/>\n<meta property=\"og:url\" content=\"https:\/\/www.campingreno.it\/de\/preisliste-campingplatz-emilia-romagna-ravenna\/preisliste-stellplaetze-camping-reno-casal-borsetti\/\" \/>\n<meta property=\"og:site_name\" content=\"Camping Reno\" \/>\n<meta property=\"article:publisher\" content=\"https:\/\/facebook.com\/tomasitourism\" \/>\n<meta property=\"article:modified_time\" content=\"2025-12-22T14:35:19+00:00\" \/>\n<meta property=\"og:image\" content=\"https:\/\/www.campingreno.it\/wp-content\/uploads\/sites\/192\/2024\/12\/open_air_air_lodge_tent.jpg\" \/>\n\t<meta property=\"og:image:width\" content=\"2200\" \/>\n\t<meta property=\"og:image:height\" content=\"1200\" \/>\n\t<meta property=\"og:image:type\" content=\"image\/jpeg\" \/>\n<meta name=\"twitter:card\" content=\"summary_large_image\" \/>\n<meta name=\"twitter:label1\" content=\"Gesch\u00e4tzte Lesezeit\" \/>\n\t<meta name=\"twitter:data1\" content=\"1 Minute\" \/>\n<script type=\"application\/ld+json\" class=\"yoast-schema-graph\">{\"@context\":\"https:\/\/schema.org\",\"@graph\":[{\"@type\":\"WebPage\",\"@id\":\"https:\/\/www.campingreno.it\/de\/preisliste-campingplatz-emilia-romagna-ravenna\/preisliste-stellplaetze-camping-reno-casal-borsetti\/\",\"url\":\"https:\/\/www.campingreno.it\/de\/preisliste-campingplatz-emilia-romagna-ravenna\/preisliste-stellplaetze-camping-reno-casal-borsetti\/\",\"name\":\"Camping Adria Coast Italien | Preisliste Stellpl\u00e4tze\",\"isPartOf\":{\"@id\":\"https:\/\/www.campingreno.it\/de\/#website\"},\"primaryImageOfPage\":{\"@id\":\"https:\/\/www.campingreno.it\/de\/preisliste-campingplatz-emilia-romagna-ravenna\/preisliste-stellplaetze-camping-reno-casal-borsetti\/#primaryimage\"},\"image\":{\"@id\":\"https:\/\/www.campingreno.it\/de\/preisliste-campingplatz-emilia-romagna-ravenna\/preisliste-stellplaetze-camping-reno-casal-borsetti\/#primaryimage\"},\"thumbnailUrl\":\"https:\/\/www.campingreno.it\/wp-content\/uploads\/sites\/192\/2025\/12\/pannelli-listino-separati-2026_02_piazzole-pdf.jpg\",\"datePublished\":\"2024-12-10T14:01:08+00:00\",\"dateModified\":\"2025-12-22T14:35:19+00:00\",\"description\":\"Preisliste f\u00fcr Stellpl\u00e4tze 2026 des Camping Reno Camping Adria Coast Italien, Campingplatz direkt am Meer. Angebot anfordern!\",\"breadcrumb\":{\"@id\":\"https:\/\/www.campingreno.it\/de\/preisliste-campingplatz-emilia-romagna-ravenna\/preisliste-stellplaetze-camping-reno-casal-borsetti\/#breadcrumb\"},\"inLanguage\":\"de-DE\",\"potentialAction\":[{\"@type\":\"ReadAction\",\"target\":[\"https:\/\/www.campingreno.it\/de\/preisliste-campingplatz-emilia-romagna-ravenna\/preisliste-stellplaetze-camping-reno-casal-borsetti\/\"]}]},{\"@type\":\"ImageObject\",\"inLanguage\":\"de-DE\",\"@id\":\"https:\/\/www.campingreno.it\/de\/preisliste-campingplatz-emilia-romagna-ravenna\/preisliste-stellplaetze-camping-reno-casal-borsetti\/#primaryimage\",\"url\":\"https:\/\/www.campingreno.it\/wp-content\/uploads\/sites\/192\/2025\/12\/pannelli-listino-separati-2026_02_piazzole-pdf.jpg\",\"contentUrl\":\"https:\/\/www.campingreno.it\/wp-content\/uploads\/sites\/192\/2025\/12\/pannelli-listino-separati-2026_02_piazzole-pdf.jpg\",\"caption\":\"Camping Adria Coast Italien | Preisliste Stellpl\u00e4tze\"},{\"@type\":\"BreadcrumbList\",\"@id\":\"https:\/\/www.campingreno.it\/de\/preisliste-campingplatz-emilia-romagna-ravenna\/preisliste-stellplaetze-camping-reno-casal-borsetti\/#breadcrumb\",\"itemListElement\":[{\"@type\":\"ListItem\",\"position\":1,\"name\":\"Home\",\"item\":\"https:\/\/www.campingreno.it\/de\/\"},{\"@type\":\"ListItem\",\"position\":2,\"name\":\"Preisliste\",\"item\":\"https:\/\/www.campingreno.it\/de\/preisliste-campingplatz-emilia-romagna-ravenna\/\"},{\"@type\":\"ListItem\",\"position\":3,\"name\":\"Preisliste Stellpl\u00e4tze\"}]},{\"@type\":\"WebSite\",\"@id\":\"https:\/\/www.campingreno.it\/de\/#website\",\"url\":\"https:\/\/www.campingreno.it\/de\/\",\"name\":\"Camping Reno\",\"description\":\"\",\"publisher\":{\"@id\":\"https:\/\/www.campingreno.it\/de\/#organization\"},\"potentialAction\":[{\"@type\":\"SearchAction\",\"target\":{\"@type\":\"EntryPoint\",\"urlTemplate\":\"https:\/\/www.campingreno.it\/de\/?s={search_term_string}\"},\"query-input\":\"required name=search_term_string\"}],\"inLanguage\":\"de-DE\"},{\"@type\":\"Organization\",\"@id\":\"https:\/\/www.campingreno.it\/de\/#organization\",\"name\":\"Camping Reno\",\"url\":\"https:\/\/www.campingreno.it\/de\/\",\"logo\":{\"@type\":\"ImageObject\",\"inLanguage\":\"de-DE\",\"@id\":\"https:\/\/www.campingreno.it\/de\/#\/schema\/logo\/image\/\",\"url\":\"https:\/\/www.campingreno.it\/wp-content\/uploads\/sites\/192\/2024\/12\/logo_reno-no-sfondo-2.png\",\"contentUrl\":\"https:\/\/www.campingreno.it\/wp-content\/uploads\/sites\/192\/2024\/12\/logo_reno-no-sfondo-2.png\",\"width\":567,\"height\":286,\"caption\":\"Camping Reno\"},\"image\":{\"@id\":\"https:\/\/www.campingreno.it\/de\/#\/schema\/logo\/image\/\"},\"sameAs\":[\"https:\/\/facebook.com\/tomasitourism\",\"https:\/\/instagram.com\/camping_reno\"]}]}<\/script>\n<!-- \/ Yoast SEO plugin. -->","yoast_head_json":{"title":"Camping Adria Coast Italien | Preisliste Stellpl\u00e4tze","description":"Preisliste f\u00fcr Stellpl\u00e4tze 2026 des Camping Reno Camping Adria Coast Italien, Campingplatz direkt am Meer. Angebot anfordern!","robots":{"index":"index","follow":"follow","max-snippet":"max-snippet:-1","max-image-preview":"max-image-preview:large","max-video-preview":"max-video-preview:-1"},"canonical":"https:\/\/www.campingreno.it\/de\/preisliste-campingplatz-emilia-romagna-ravenna\/preisliste-stellplaetze-camping-reno-casal-borsetti\/","og_locale":"de_DE","og_type":"article","og_title":"Camping Adria Coast Italien | Preisliste Stellpl\u00e4tze","og_description":"Preisliste f\u00fcr Stellpl\u00e4tze 2026 des Camping Reno Camping Adria Coast Italien, Campingplatz direkt am Meer. Angebot anfordern!","og_url":"https:\/\/www.campingreno.it\/de\/preisliste-campingplatz-emilia-romagna-ravenna\/preisliste-stellplaetze-camping-reno-casal-borsetti\/","og_site_name":"Camping Reno","article_publisher":"https:\/\/facebook.com\/tomasitourism","article_modified_time":"2025-12-22T14:35:19+00:00","og_image":[{"width":2200,"height":1200,"url":"https:\/\/www.campingreno.it\/wp-content\/uploads\/sites\/192\/2024\/12\/open_air_air_lodge_tent.jpg","type":"image\/jpeg"}],"twitter_card":"summary_large_image","twitter_misc":{"Gesch\u00e4tzte Lesezeit":"1 Minute"},"schema":{"@context":"https:\/\/schema.org","@graph":[{"@type":"WebPage","@id":"https:\/\/www.campingreno.it\/de\/preisliste-campingplatz-emilia-romagna-ravenna\/preisliste-stellplaetze-camping-reno-casal-borsetti\/","url":"https:\/\/www.campingreno.it\/de\/preisliste-campingplatz-emilia-romagna-ravenna\/preisliste-stellplaetze-camping-reno-casal-borsetti\/","name":"Camping Adria Coast Italien | Preisliste Stellpl\u00e4tze","isPartOf":{"@id":"https:\/\/www.campingreno.it\/de\/#website"},"primaryImageOfPage":{"@id":"https:\/\/www.campingreno.it\/de\/preisliste-campingplatz-emilia-romagna-ravenna\/preisliste-stellplaetze-camping-reno-casal-borsetti\/#primaryimage"},"image":{"@id":"https:\/\/www.campingreno.it\/de\/preisliste-campingplatz-emilia-romagna-ravenna\/preisliste-stellplaetze-camping-reno-casal-borsetti\/#primaryimage"},"thumbnailUrl":"https:\/\/www.campingreno.it\/wp-content\/uploads\/sites\/192\/2025\/12\/pannelli-listino-separati-2026_02_piazzole-pdf.jpg","datePublished":"2024-12-10T14:01:08+00:00","dateModified":"2025-12-22T14:35:19+00:00","description":"Preisliste f\u00fcr Stellpl\u00e4tze 2026 des Camping Reno Camping Adria Coast Italien, Campingplatz direkt am Meer. Angebot anfordern!","breadcrumb":{"@id":"https:\/\/www.campingreno.it\/de\/preisliste-campingplatz-emilia-romagna-ravenna\/preisliste-stellplaetze-camping-reno-casal-borsetti\/#breadcrumb"},"inLanguage":"de-DE","potentialAction":[{"@type":"ReadAction","target":["https:\/\/www.campingreno.it\/de\/preisliste-campingplatz-emilia-romagna-ravenna\/preisliste-stellplaetze-camping-reno-casal-borsetti\/"]}]},{"@type":"ImageObject","inLanguage":"de-DE","@id":"https:\/\/www.campingreno.it\/de\/preisliste-campingplatz-emilia-romagna-ravenna\/preisliste-stellplaetze-camping-reno-casal-borsetti\/#primaryimage","url":"https:\/\/www.campingreno.it\/wp-content\/uploads\/sites\/192\/2025\/12\/pannelli-listino-separati-2026_02_piazzole-pdf.jpg","contentUrl":"https:\/\/www.campingreno.it\/wp-content\/uploads\/sites\/192\/2025\/12\/pannelli-listino-separati-2026_02_piazzole-pdf.jpg","caption":"Camping Adria Coast Italien | Preisliste Stellpl\u00e4tze"},{"@type":"BreadcrumbList","@id":"https:\/\/www.campingreno.it\/de\/preisliste-campingplatz-emilia-romagna-ravenna\/preisliste-stellplaetze-camping-reno-casal-borsetti\/#breadcrumb","itemListElement":[{"@type":"ListItem","position":1,"name":"Home","item":"https:\/\/www.campingreno.it\/de\/"},{"@type":"ListItem","position":2,"name":"Preisliste","item":"https:\/\/www.campingreno.it\/de\/preisliste-campingplatz-emilia-romagna-ravenna\/"},{"@type":"ListItem","position":3,"name":"Preisliste Stellpl\u00e4tze"}]},{"@type":"WebSite","@id":"https:\/\/www.campingreno.it\/de\/#website","url":"https:\/\/www.campingreno.it\/de\/","name":"Camping Reno","description":"","publisher":{"@id":"https:\/\/www.campingreno.it\/de\/#organization"},"potentialAction":[{"@type":"SearchAction","target":{"@type":"EntryPoint","urlTemplate":"https:\/\/www.campingreno.it\/de\/?s={search_term_string}"},"query-input":"required name=search_term_string"}],"inLanguage":"de-DE"},{"@type":"Organization","@id":"https:\/\/www.campingreno.it\/de\/#organization","name":"Camping Reno","url":"https:\/\/www.campingreno.it\/de\/","logo":{"@type":"ImageObject","inLanguage":"de-DE","@id":"https:\/\/www.campingreno.it\/de\/#\/schema\/logo\/image\/","url":"https:\/\/www.campingreno.it\/wp-content\/uploads\/sites\/192\/2024\/12\/logo_reno-no-sfondo-2.png","contentUrl":"https:\/\/www.campingreno.it\/wp-content\/uploads\/sites\/192\/2024\/12\/logo_reno-no-sfondo-2.png","width":567,"height":286,"caption":"Camping Reno"},"image":{"@id":"https:\/\/www.campingreno.it\/de\/#\/schema\/logo\/image\/"},"sameAs":["https:\/\/facebook.com\/tomasitourism","https:\/\/instagram.com\/camping_reno"]}]}},"acf":[],"_links":{"self":[{"href":"https:\/\/www.campingreno.it\/de\/wp-json\/wp\/v2\/pages\/1159"}],"collection":[{"href":"https:\/\/www.campingreno.it\/de\/wp-json\/wp\/v2\/pages"}],"about":[{"href":"https:\/\/www.campingreno.it\/de\/wp-json\/wp\/v2\/types\/page"}],"author":[{"embeddable":true,"href":"https:\/\/www.campingreno.it\/de\/wp-json\/wp\/v2\/users\/13"}],"replies":[{"embeddable":true,"href":"https:\/\/www.campingreno.it\/de\/wp-json\/wp\/v2\/comments?post=1159"}],"version-history":[{"count":0,"href":"https:\/\/www.campingreno.it\/de\/wp-json\/wp\/v2\/pages\/1159\/revisions"}],"up":[{"embeddable":true,"href":"https:\/\/www.campingreno.it\/de\/wp-json\/wp\/v2\/pages\/1141"}],"wp:featuredmedia":[{"embeddable":true,"href":"https:\/\/www.campingreno.it\/de\/wp-json\/wp\/v2\/media\/4277"}],"wp:attachment":[{"href":"https:\/\/www.campingreno.it\/de\/wp-json\/wp\/v2\/media?parent=1159"}],"curies":[{"name":"wp","href":"https:\/\/api.w.org\/{rel}","templated":true}]}}