   {"id":1217,"date":"2024-12-13T13:52:26","date_gmt":"2024-12-13T13:52:26","guid":{"rendered":"https:\/\/www.campingreno.it\/offerte-vacanza-mare-campeggio-emilia-romagna\/"},"modified":"2025-12-12T11:59:48","modified_gmt":"2025-12-12T11:59:48","slug":"campingplatz-angebote-adria-italien","status":"publish","type":"page","link":"https:\/\/www.campingreno.it\/de\/campingplatz-angebote-adria-italien\/","title":{"rendered":"Urlaubangebote"},"content":{"rendered":"<p><strong>Super-Rabatt Campingplatz Angebote Adria Italien<\/strong> in der Emilia Romagna\u00a0im Camping Reno in <a href=\"https:\/\/www.turismo.ra.it\/mare-natura\/spiagge-ravenna\/casalborsetti\/\">Casal Borsetti<\/a> am Meer!<\/p>\n<p>&nbsp;<\/p>\n<p data-sourcepos=\"31:1-31:80\">Der Campingplatz Reno,<strong> Campingplatz Angebote Adria Italien<\/strong>,\u00a0 verf\u00fcgt \u00fcber <a href=\"https:\/\/www.campingreno.it\/de\/campingplatz-ravenna-italien-unterkuenfte\/\"><strong>Unterk\u00fcnfte<\/strong><\/a> und <a href=\"https:\/\/www.campingreno.it\/de\/camping-mit-stellplaetzen-ravenna-italien\/\"><strong>Stellpl\u00e4tze<\/strong><\/a> f\u00fcr Ihren Urlaub am Meer in Casal Borsetti, Ravenna.<\/p>\n<p data-sourcepos=\"31:1-31:80\"><a href=\"https:\/\/www.scidoo.com\/preventivov2\/?cod=1209&amp;dataarr=2025-4-5&amp;notti=7&amp;adult=1&amp;children=&amp;IDsotto_struttura=0&amp;lang=4\"><strong>Verf\u00fcgbarkeit pr\u00fcfen und jetzt buchen<\/strong><\/a><\/p>\n","protected":false},"excerpt":{"rendered":"<p>Super-Rabatt Campingplatz Angebote Adria Italien in der Emilia Romagna\u00a0im Camping Reno in Casal Borsetti am Meer! &nbsp; Der Campingplatz Reno, Campingplatz Angebote Adria Italien,\u00a0 verf\u00fcgt \u00fcber Unterk\u00fcnfte und Stellpl\u00e4tze f\u00fcr Ihren Urlaub am Meer in Casal Borsetti, Ravenna. Verf\u00fcgbarkeit pr\u00fcfen und jetzt buchen<\/p>\n","protected":false},"author":13,"featured_media":2641,"parent":0,"menu_order":50,"comment_status":"closed","ping_status":"closed","template":"template-offers-hub.php","meta":{"footnotes":""},"class_list":["post-1217","page","type-page","status-publish","has-post-thumbnail","hentry"],"yoast_head":"<!-- This site is optimized with the Yoast SEO plugin v27.3 - https:\/\/yoast.com\/product\/yoast-seo-wordpress\/ -->\n<title>Campingplatz Angebote Adria Italien | Camping Reno<\/title>\n<meta name=\"description\" content=\"Liste der Super Angebote des Camping Reno, Campingplatz Angebote Adria Italien am Meer f\u00fcr Bungalows, Mobilheime und Stellpl\u00e4tze!\" \/>\n<meta name=\"robots\" content=\"index, follow, max-snippet:-1, max-image-preview:large, max-video-preview:-1\" \/>\n<link rel=\"canonical\" href=\"https:\/\/www.campingreno.it\/de\/campingplatz-angebote-adria-italien\/\" \/>\n<meta property=\"og:locale\" content=\"de_DE\" \/>\n<meta property=\"og:type\" content=\"article\" \/>\n<meta property=\"og:title\" content=\"Campingplatz Angebote Adria Italien | Camping Reno\" \/>\n<meta property=\"og:description\" content=\"Liste der Super Angebote des Camping Reno, Campingplatz Angebote Adria Italien am Meer f\u00fcr Bungalows, Mobilheime und Stellpl\u00e4tze!\" \/>\n<meta property=\"og:url\" content=\"https:\/\/www.campingreno.it\/de\/campingplatz-angebote-adria-italien\/\" \/>\n<meta property=\"og:site_name\" content=\"Camping Reno\" \/>\n<meta property=\"article:publisher\" content=\"https:\/\/facebook.com\/tomasitourism\" \/>\n<meta property=\"article:modified_time\" content=\"2025-12-12T11:59:48+00:00\" \/>\n<meta property=\"og:image\" content=\"https:\/\/www.campingreno.it\/wp-content\/uploads\/sites\/192\/2025\/04\/spiaggia-camping-reno-ravenna-12-1.jpg\" \/>\n\t<meta property=\"og:image:width\" content=\"1280\" \/>\n\t<meta property=\"og:image:height\" content=\"960\" \/>\n\t<meta property=\"og:image:type\" content=\"image\/jpeg\" \/>\n<meta name=\"twitter:card\" content=\"summary_large_image\" \/>\n<meta name=\"twitter:label1\" content=\"Gesch\u00e4tzte Lesezeit\" \/>\n\t<meta name=\"twitter:data1\" content=\"1 Minute\" \/>\n<script type=\"application\/ld+json\" class=\"yoast-schema-graph\">{\"@context\":\"https:\\\/\\\/schema.org\",\"@graph\":[{\"@type\":\"WebPage\",\"@id\":\"https:\\\/\\\/www.campingreno.it\\\/de\\\/campingplatz-angebote-adria-italien\\\/\",\"url\":\"https:\\\/\\\/www.campingreno.it\\\/de\\\/campingplatz-angebote-adria-italien\\\/\",\"name\":\"Campingplatz Angebote Adria Italien | Camping Reno\",\"isPartOf\":{\"@id\":\"https:\\\/\\\/www.campingreno.it\\\/de\\\/#website\"},\"primaryImageOfPage\":{\"@id\":\"https:\\\/\\\/www.campingreno.it\\\/de\\\/campingplatz-angebote-adria-italien\\\/#primaryimage\"},\"image\":{\"@id\":\"https:\\\/\\\/www.campingreno.it\\\/de\\\/campingplatz-angebote-adria-italien\\\/#primaryimage\"},\"thumbnailUrl\":\"https:\\\/\\\/www.campingreno.it\\\/wp-content\\\/uploads\\\/sites\\\/192\\\/2025\\\/04\\\/spiaggia-camping-reno-ravenna-12-1.jpg\",\"datePublished\":\"2024-12-13T13:52:26+00:00\",\"dateModified\":\"2025-12-12T11:59:48+00:00\",\"description\":\"Liste der Super Angebote des Camping Reno, Campingplatz Angebote Adria Italien am Meer f\u00fcr Bungalows, Mobilheime und Stellpl\u00e4tze!\",\"breadcrumb\":{\"@id\":\"https:\\\/\\\/www.campingreno.it\\\/de\\\/campingplatz-angebote-adria-italien\\\/#breadcrumb\"},\"inLanguage\":\"de-DE\",\"potentialAction\":[{\"@type\":\"ReadAction\",\"target\":[\"https:\\\/\\\/www.campingreno.it\\\/de\\\/campingplatz-angebote-adria-italien\\\/\"]}]},{\"@type\":\"ImageObject\",\"inLanguage\":\"de-DE\",\"@id\":\"https:\\\/\\\/www.campingreno.it\\\/de\\\/campingplatz-angebote-adria-italien\\\/#primaryimage\",\"url\":\"https:\\\/\\\/www.campingreno.it\\\/wp-content\\\/uploads\\\/sites\\\/192\\\/2025\\\/04\\\/spiaggia-camping-reno-ravenna-12-1.jpg\",\"contentUrl\":\"https:\\\/\\\/www.campingreno.it\\\/wp-content\\\/uploads\\\/sites\\\/192\\\/2025\\\/04\\\/spiaggia-camping-reno-ravenna-12-1.jpg\",\"width\":1280,\"height\":960,\"caption\":\"Campingplatz Angebote Adria Italien | Camping Reno\"},{\"@type\":\"BreadcrumbList\",\"@id\":\"https:\\\/\\\/www.campingreno.it\\\/de\\\/campingplatz-angebote-adria-italien\\\/#breadcrumb\",\"itemListElement\":[{\"@type\":\"ListItem\",\"position\":1,\"name\":\"Home\",\"item\":\"https:\\\/\\\/www.campingreno.it\\\/de\\\/\"},{\"@type\":\"ListItem\",\"position\":2,\"name\":\"Urlaubangebote\"}]},{\"@type\":\"WebSite\",\"@id\":\"https:\\\/\\\/www.campingreno.it\\\/de\\\/#website\",\"url\":\"https:\\\/\\\/www.campingreno.it\\\/de\\\/\",\"name\":\"Camping Reno\",\"description\":\"\",\"publisher\":{\"@id\":\"https:\\\/\\\/www.campingreno.it\\\/de\\\/#organization\"},\"potentialAction\":[{\"@type\":\"SearchAction\",\"target\":{\"@type\":\"EntryPoint\",\"urlTemplate\":\"https:\\\/\\\/www.campingreno.it\\\/de\\\/?s={search_term_string}\"},\"query-input\":{\"@type\":\"PropertyValueSpecification\",\"valueRequired\":true,\"valueName\":\"search_term_string\"}}],\"inLanguage\":\"de-DE\"},{\"@type\":\"Organization\",\"@id\":\"https:\\\/\\\/www.campingreno.it\\\/de\\\/#organization\",\"name\":\"Camping Reno\",\"url\":\"https:\\\/\\\/www.campingreno.it\\\/de\\\/\",\"logo\":{\"@type\":\"ImageObject\",\"inLanguage\":\"de-DE\",\"@id\":\"https:\\\/\\\/www.campingreno.it\\\/de\\\/#\\\/schema\\\/logo\\\/image\\\/\",\"url\":\"https:\\\/\\\/www.campingreno.it\\\/wp-content\\\/uploads\\\/sites\\\/192\\\/2024\\\/12\\\/logo_reno-no-sfondo-2.png\",\"contentUrl\":\"https:\\\/\\\/www.campingreno.it\\\/wp-content\\\/uploads\\\/sites\\\/192\\\/2024\\\/12\\\/logo_reno-no-sfondo-2.png\",\"width\":567,\"height\":286,\"caption\":\"Camping Reno\"},\"image\":{\"@id\":\"https:\\\/\\\/www.campingreno.it\\\/de\\\/#\\\/schema\\\/logo\\\/image\\\/\"},\"sameAs\":[\"https:\\\/\\\/facebook.com\\\/tomasitourism\",\"https:\\\/\\\/instagram.com\\\/camping_reno\"]}]}<\/script>\n<!-- \/ Yoast SEO plugin. -->","yoast_head_json":{"title":"Campingplatz Angebote Adria Italien | Camping Reno","description":"Liste der Super Angebote des Camping Reno, Campingplatz Angebote Adria Italien am Meer f\u00fcr Bungalows, Mobilheime und Stellpl\u00e4tze!","robots":{"index":"index","follow":"follow","max-snippet":"max-snippet:-1","max-image-preview":"max-image-preview:large","max-video-preview":"max-video-preview:-1"},"canonical":"https:\/\/www.campingreno.it\/de\/campingplatz-angebote-adria-italien\/","og_locale":"de_DE","og_type":"article","og_title":"Campingplatz Angebote Adria Italien | Camping Reno","og_description":"Liste der Super Angebote des Camping Reno, Campingplatz Angebote Adria Italien am Meer f\u00fcr Bungalows, Mobilheime und Stellpl\u00e4tze!","og_url":"https:\/\/www.campingreno.it\/de\/campingplatz-angebote-adria-italien\/","og_site_name":"Camping Reno","article_publisher":"https:\/\/facebook.com\/tomasitourism","article_modified_time":"2025-12-12T11:59:48+00:00","og_image":[{"width":1280,"height":960,"url":"https:\/\/www.campingreno.it\/wp-content\/uploads\/sites\/192\/2025\/04\/spiaggia-camping-reno-ravenna-12-1.jpg","type":"image\/jpeg"}],"twitter_card":"summary_large_image","twitter_misc":{"Gesch\u00e4tzte Lesezeit":"1 Minute"},"schema":{"@context":"https:\/\/schema.org","@graph":[{"@type":"WebPage","@id":"https:\/\/www.campingreno.it\/de\/campingplatz-angebote-adria-italien\/","url":"https:\/\/www.campingreno.it\/de\/campingplatz-angebote-adria-italien\/","name":"Campingplatz Angebote Adria Italien | Camping Reno","isPartOf":{"@id":"https:\/\/www.campingreno.it\/de\/#website"},"primaryImageOfPage":{"@id":"https:\/\/www.campingreno.it\/de\/campingplatz-angebote-adria-italien\/#primaryimage"},"image":{"@id":"https:\/\/www.campingreno.it\/de\/campingplatz-angebote-adria-italien\/#primaryimage"},"thumbnailUrl":"https:\/\/www.campingreno.it\/wp-content\/uploads\/sites\/192\/2025\/04\/spiaggia-camping-reno-ravenna-12-1.jpg","datePublished":"2024-12-13T13:52:26+00:00","dateModified":"2025-12-12T11:59:48+00:00","description":"Liste der Super Angebote des Camping Reno, Campingplatz Angebote Adria Italien am Meer f\u00fcr Bungalows, Mobilheime und Stellpl\u00e4tze!","breadcrumb":{"@id":"https:\/\/www.campingreno.it\/de\/campingplatz-angebote-adria-italien\/#breadcrumb"},"inLanguage":"de-DE","potentialAction":[{"@type":"ReadAction","target":["https:\/\/www.campingreno.it\/de\/campingplatz-angebote-adria-italien\/"]}]},{"@type":"ImageObject","inLanguage":"de-DE","@id":"https:\/\/www.campingreno.it\/de\/campingplatz-angebote-adria-italien\/#primaryimage","url":"https:\/\/www.campingreno.it\/wp-content\/uploads\/sites\/192\/2025\/04\/spiaggia-camping-reno-ravenna-12-1.jpg","contentUrl":"https:\/\/www.campingreno.it\/wp-content\/uploads\/sites\/192\/2025\/04\/spiaggia-camping-reno-ravenna-12-1.jpg","width":1280,"height":960,"caption":"Campingplatz Angebote Adria Italien | Camping Reno"},{"@type":"BreadcrumbList","@id":"https:\/\/www.campingreno.it\/de\/campingplatz-angebote-adria-italien\/#breadcrumb","itemListElement":[{"@type":"ListItem","position":1,"name":"Home","item":"https:\/\/www.campingreno.it\/de\/"},{"@type":"ListItem","position":2,"name":"Urlaubangebote"}]},{"@type":"WebSite","@id":"https:\/\/www.campingreno.it\/de\/#website","url":"https:\/\/www.campingreno.it\/de\/","name":"Camping Reno","description":"","publisher":{"@id":"https:\/\/www.campingreno.it\/de\/#organization"},"potentialAction":[{"@type":"SearchAction","target":{"@type":"EntryPoint","urlTemplate":"https:\/\/www.campingreno.it\/de\/?s={search_term_string}"},"query-input":{"@type":"PropertyValueSpecification","valueRequired":true,"valueName":"search_term_string"}}],"inLanguage":"de-DE"},{"@type":"Organization","@id":"https:\/\/www.campingreno.it\/de\/#organization","name":"Camping Reno","url":"https:\/\/www.campingreno.it\/de\/","logo":{"@type":"ImageObject","inLanguage":"de-DE","@id":"https:\/\/www.campingreno.it\/de\/#\/schema\/logo\/image\/","url":"https:\/\/www.campingreno.it\/wp-content\/uploads\/sites\/192\/2024\/12\/logo_reno-no-sfondo-2.png","contentUrl":"https:\/\/www.campingreno.it\/wp-content\/uploads\/sites\/192\/2024\/12\/logo_reno-no-sfondo-2.png","width":567,"height":286,"caption":"Camping Reno"},"image":{"@id":"https:\/\/www.campingreno.it\/de\/#\/schema\/logo\/image\/"},"sameAs":["https:\/\/facebook.com\/tomasitourism","https:\/\/instagram.com\/camping_reno"]}]}},"acf":[],"_links":{"self":[{"href":"https:\/\/www.campingreno.it\/de\/wp-json\/wp\/v2\/pages\/1217","targetHints":{"allow":["GET"]}}],"collection":[{"href":"https:\/\/www.campingreno.it\/de\/wp-json\/wp\/v2\/pages"}],"about":[{"href":"https:\/\/www.campingreno.it\/de\/wp-json\/wp\/v2\/types\/page"}],"author":[{"embeddable":true,"href":"https:\/\/www.campingreno.it\/de\/wp-json\/wp\/v2\/users\/13"}],"replies":[{"embeddable":true,"href":"https:\/\/www.campingreno.it\/de\/wp-json\/wp\/v2\/comments?post=1217"}],"version-history":[{"count":0,"href":"https:\/\/www.campingreno.it\/de\/wp-json\/wp\/v2\/pages\/1217\/revisions"}],"wp:featuredmedia":[{"embeddable":true,"href":"https:\/\/www.campingreno.it\/de\/wp-json\/wp\/v2\/media\/2641"}],"wp:attachment":[{"href":"https:\/\/www.campingreno.it\/de\/wp-json\/wp\/v2\/media?parent=1217"}],"curies":[{"name":"wp","href":"https:\/\/api.w.org\/{rel}","templated":true}]}}