   {"id":1223,"date":"2024-12-13T14:06:45","date_gmt":"2024-12-13T14:06:45","guid":{"rendered":"https:\/\/www.campingreno.it\/urlaubsangebote-meer-emilia-romagna-camping-village-italien\/offerte-speciali-piazzole\/"},"modified":"2025-11-28T15:06:25","modified_gmt":"2025-11-28T15:06:25","slug":"angebote-campingplatz-ravenna-stellplatz","status":"publish","type":"page","link":"https:\/\/www.campingreno.it\/de\/campingplatz-angebote-adria-italien\/angebote-campingplatz-ravenna-stellplatz\/","title":{"rendered":"Sonderangebote f\u00fcr Stellpl\u00e4tze"},"content":{"rendered":"<p data-sourcepos=\"3:1-3:87\"><strong>Angebote Campingplatz Ravenna Stellplatz, Urlaubsangebote am Meer in der Ravenna auf Stellpl\u00e4tzen f\u00fcr jeden Geschmack:<\/strong><\/p>\n<ul data-sourcepos=\"5:1-8:0\">\n<li data-sourcepos=\"5:1-5:34\">Angebote f\u00fcr Monatsaufenthalte<\/li>\n<li data-sourcepos=\"6:1-6:54\">Wohnmobil-Stop-Angebote, die wirklich g\u00fcnstig sind<\/li>\n<li data-sourcepos=\"7:1-8:0\">Angebote f\u00fcr Saisonstellpl\u00e4tze<\/li>\n<\/ul>\n<p>&nbsp;<\/p>\n<p>&nbsp;<\/p>\n<p data-sourcepos=\"31:1-31:80\">Der Angebote Campingplatz Ravenna Stellplatz of Camping Reno,<strong> Kleiner Campingplatz Emilia Romagna Meer<\/strong>,\u00a0 verf\u00fcgt \u00fcber <a href=\"https:\/\/www.campingreno.it\/de\/campingplatz-ravenna-italien-unterkuenfte\/\"><strong>Unterk\u00fcnfte<\/strong><\/a> und <a href=\"https:\/\/www.campingreno.it\/de\/camping-mit-stellplaetzen-ravenna-italien\/\"><strong>Stellpl\u00e4tze<\/strong><\/a> f\u00fcr Ihren Urlaub am Meer in Casal Borsetti, Ravenna.<\/p>\n<p data-sourcepos=\"31:1-31:80\"><a href=\"https:\/\/www.scidoo.com\/preventivov2\/?cod=1209&amp;dataarr=2025-4-5&amp;notti=7&amp;adult=1&amp;children=&amp;IDsotto_struttura=0&amp;lang=4\"><strong>Verf\u00fcgbarkeit pr\u00fcfen und jetzt buchen<\/strong><\/a><\/p>\n","protected":false},"excerpt":{"rendered":"<p>Angebote Campingplatz Ravenna Stellplatz, Urlaubsangebote am Meer in der Ravenna auf Stellpl\u00e4tzen f\u00fcr jeden Geschmack: Angebote f\u00fcr Monatsaufenthalte Wohnmobil-Stop-Angebote, die wirklich g\u00fcnstig sind Angebote f\u00fcr Saisonstellpl\u00e4tze &nbsp; &nbsp; Der Angebote Campingplatz Ravenna Stellplatz of Camping Reno, Kleiner Campingplatz Emilia Romagna Meer,\u00a0 verf\u00fcgt \u00fcber Unterk\u00fcnfte und Stellpl\u00e4tze f\u00fcr Ihren Urlaub am Meer in Casal Borsetti, Ravenna. [&hellip;]<\/p>\n","protected":false},"author":13,"featured_media":2647,"parent":1217,"menu_order":10,"comment_status":"closed","ping_status":"closed","template":"template-offers-piazzole-hub.php","meta":{"footnotes":""},"class_list":["post-1223","page","type-page","status-publish","has-post-thumbnail","hentry"],"yoast_head":"<!-- This site is optimized with the Yoast SEO plugin v27.3 - https:\/\/yoast.com\/product\/yoast-seo-wordpress\/ -->\n<title>Angebote Campingplatz Ravenna Stellplatz | Camping Reno<\/title>\n<meta name=\"description\" content=\"Angebote Campingplatz Ravenna Stellplatz, Liste der Urlaubsangebote f\u00fcr Stellplatz auf dem Camping Reno, direkt am Meer, Entdecken Sie alle!\" \/>\n<meta name=\"robots\" content=\"index, follow, max-snippet:-1, max-image-preview:large, max-video-preview:-1\" \/>\n<link rel=\"canonical\" href=\"https:\/\/www.campingreno.it\/de\/campingplatz-angebote-adria-italien\/angebote-campingplatz-ravenna-stellplatz\/\" \/>\n<meta property=\"og:locale\" content=\"de_DE\" \/>\n<meta property=\"og:type\" content=\"article\" \/>\n<meta property=\"og:title\" content=\"Angebote Campingplatz Ravenna Stellplatz | Camping Reno\" \/>\n<meta property=\"og:description\" content=\"Angebote Campingplatz Ravenna Stellplatz, Liste der Urlaubsangebote f\u00fcr Stellplatz auf dem Camping Reno, direkt am Meer, Entdecken Sie alle!\" \/>\n<meta property=\"og:url\" content=\"https:\/\/www.campingreno.it\/de\/campingplatz-angebote-adria-italien\/angebote-campingplatz-ravenna-stellplatz\/\" \/>\n<meta property=\"og:site_name\" content=\"Camping Reno\" \/>\n<meta property=\"article:publisher\" content=\"https:\/\/facebook.com\/tomasitourism\" \/>\n<meta property=\"article:modified_time\" content=\"2025-11-28T15:06:25+00:00\" \/>\n<meta property=\"og:image\" content=\"https:\/\/www.campingreno.it\/wp-content\/uploads\/sites\/192\/2025\/04\/cool-camping-1-1.jpg\" \/>\n\t<meta property=\"og:image:width\" content=\"800\" \/>\n\t<meta property=\"og:image:height\" content=\"533\" \/>\n\t<meta property=\"og:image:type\" content=\"image\/jpeg\" \/>\n<meta name=\"twitter:card\" content=\"summary_large_image\" \/>\n<meta name=\"twitter:label1\" content=\"Gesch\u00e4tzte Lesezeit\" \/>\n\t<meta name=\"twitter:data1\" content=\"1 Minute\" \/>\n<script type=\"application\/ld+json\" class=\"yoast-schema-graph\">{\"@context\":\"https:\\\/\\\/schema.org\",\"@graph\":[{\"@type\":\"WebPage\",\"@id\":\"https:\\\/\\\/www.campingreno.it\\\/de\\\/campingplatz-angebote-adria-italien\\\/angebote-campingplatz-ravenna-stellplatz\\\/\",\"url\":\"https:\\\/\\\/www.campingreno.it\\\/de\\\/campingplatz-angebote-adria-italien\\\/angebote-campingplatz-ravenna-stellplatz\\\/\",\"name\":\"Angebote Campingplatz Ravenna Stellplatz | Camping Reno\",\"isPartOf\":{\"@id\":\"https:\\\/\\\/www.campingreno.it\\\/de\\\/#website\"},\"primaryImageOfPage\":{\"@id\":\"https:\\\/\\\/www.campingreno.it\\\/de\\\/campingplatz-angebote-adria-italien\\\/angebote-campingplatz-ravenna-stellplatz\\\/#primaryimage\"},\"image\":{\"@id\":\"https:\\\/\\\/www.campingreno.it\\\/de\\\/campingplatz-angebote-adria-italien\\\/angebote-campingplatz-ravenna-stellplatz\\\/#primaryimage\"},\"thumbnailUrl\":\"https:\\\/\\\/www.campingreno.it\\\/wp-content\\\/uploads\\\/sites\\\/192\\\/2025\\\/04\\\/cool-camping-1-1.jpg\",\"datePublished\":\"2024-12-13T14:06:45+00:00\",\"dateModified\":\"2025-11-28T15:06:25+00:00\",\"description\":\"Angebote Campingplatz Ravenna Stellplatz, Liste der Urlaubsangebote f\u00fcr Stellplatz auf dem Camping Reno, direkt am Meer, Entdecken Sie alle!\",\"breadcrumb\":{\"@id\":\"https:\\\/\\\/www.campingreno.it\\\/de\\\/campingplatz-angebote-adria-italien\\\/angebote-campingplatz-ravenna-stellplatz\\\/#breadcrumb\"},\"inLanguage\":\"de-DE\",\"potentialAction\":[{\"@type\":\"ReadAction\",\"target\":[\"https:\\\/\\\/www.campingreno.it\\\/de\\\/campingplatz-angebote-adria-italien\\\/angebote-campingplatz-ravenna-stellplatz\\\/\"]}]},{\"@type\":\"ImageObject\",\"inLanguage\":\"de-DE\",\"@id\":\"https:\\\/\\\/www.campingreno.it\\\/de\\\/campingplatz-angebote-adria-italien\\\/angebote-campingplatz-ravenna-stellplatz\\\/#primaryimage\",\"url\":\"https:\\\/\\\/www.campingreno.it\\\/wp-content\\\/uploads\\\/sites\\\/192\\\/2025\\\/04\\\/cool-camping-1-1.jpg\",\"contentUrl\":\"https:\\\/\\\/www.campingreno.it\\\/wp-content\\\/uploads\\\/sites\\\/192\\\/2025\\\/04\\\/cool-camping-1-1.jpg\",\"width\":800,\"height\":533,\"caption\":\"Angebote Campingplatz Ravenna Stellplatz | Camping Reno\"},{\"@type\":\"BreadcrumbList\",\"@id\":\"https:\\\/\\\/www.campingreno.it\\\/de\\\/campingplatz-angebote-adria-italien\\\/angebote-campingplatz-ravenna-stellplatz\\\/#breadcrumb\",\"itemListElement\":[{\"@type\":\"ListItem\",\"position\":1,\"name\":\"Home\",\"item\":\"https:\\\/\\\/www.campingreno.it\\\/de\\\/\"},{\"@type\":\"ListItem\",\"position\":2,\"name\":\"Urlaubangebote\",\"item\":\"https:\\\/\\\/www.campingreno.it\\\/de\\\/campingplatz-angebote-adria-italien\\\/\"},{\"@type\":\"ListItem\",\"position\":3,\"name\":\"Sonderangebote f\u00fcr Stellpl\u00e4tze\"}]},{\"@type\":\"WebSite\",\"@id\":\"https:\\\/\\\/www.campingreno.it\\\/de\\\/#website\",\"url\":\"https:\\\/\\\/www.campingreno.it\\\/de\\\/\",\"name\":\"Camping Reno\",\"description\":\"\",\"publisher\":{\"@id\":\"https:\\\/\\\/www.campingreno.it\\\/de\\\/#organization\"},\"potentialAction\":[{\"@type\":\"SearchAction\",\"target\":{\"@type\":\"EntryPoint\",\"urlTemplate\":\"https:\\\/\\\/www.campingreno.it\\\/de\\\/?s={search_term_string}\"},\"query-input\":{\"@type\":\"PropertyValueSpecification\",\"valueRequired\":true,\"valueName\":\"search_term_string\"}}],\"inLanguage\":\"de-DE\"},{\"@type\":\"Organization\",\"@id\":\"https:\\\/\\\/www.campingreno.it\\\/de\\\/#organization\",\"name\":\"Camping Reno\",\"url\":\"https:\\\/\\\/www.campingreno.it\\\/de\\\/\",\"logo\":{\"@type\":\"ImageObject\",\"inLanguage\":\"de-DE\",\"@id\":\"https:\\\/\\\/www.campingreno.it\\\/de\\\/#\\\/schema\\\/logo\\\/image\\\/\",\"url\":\"https:\\\/\\\/www.campingreno.it\\\/wp-content\\\/uploads\\\/sites\\\/192\\\/2024\\\/12\\\/logo_reno-no-sfondo-2.png\",\"contentUrl\":\"https:\\\/\\\/www.campingreno.it\\\/wp-content\\\/uploads\\\/sites\\\/192\\\/2024\\\/12\\\/logo_reno-no-sfondo-2.png\",\"width\":567,\"height\":286,\"caption\":\"Camping Reno\"},\"image\":{\"@id\":\"https:\\\/\\\/www.campingreno.it\\\/de\\\/#\\\/schema\\\/logo\\\/image\\\/\"},\"sameAs\":[\"https:\\\/\\\/facebook.com\\\/tomasitourism\",\"https:\\\/\\\/instagram.com\\\/camping_reno\"]}]}<\/script>\n<!-- \/ Yoast SEO plugin. -->","yoast_head_json":{"title":"Angebote Campingplatz Ravenna Stellplatz | Camping Reno","description":"Angebote Campingplatz Ravenna Stellplatz, Liste der Urlaubsangebote f\u00fcr Stellplatz auf dem Camping Reno, direkt am Meer, Entdecken Sie alle!","robots":{"index":"index","follow":"follow","max-snippet":"max-snippet:-1","max-image-preview":"max-image-preview:large","max-video-preview":"max-video-preview:-1"},"canonical":"https:\/\/www.campingreno.it\/de\/campingplatz-angebote-adria-italien\/angebote-campingplatz-ravenna-stellplatz\/","og_locale":"de_DE","og_type":"article","og_title":"Angebote Campingplatz Ravenna Stellplatz | Camping Reno","og_description":"Angebote Campingplatz Ravenna Stellplatz, Liste der Urlaubsangebote f\u00fcr Stellplatz auf dem Camping Reno, direkt am Meer, Entdecken Sie alle!","og_url":"https:\/\/www.campingreno.it\/de\/campingplatz-angebote-adria-italien\/angebote-campingplatz-ravenna-stellplatz\/","og_site_name":"Camping Reno","article_publisher":"https:\/\/facebook.com\/tomasitourism","article_modified_time":"2025-11-28T15:06:25+00:00","og_image":[{"width":800,"height":533,"url":"https:\/\/www.campingreno.it\/wp-content\/uploads\/sites\/192\/2025\/04\/cool-camping-1-1.jpg","type":"image\/jpeg"}],"twitter_card":"summary_large_image","twitter_misc":{"Gesch\u00e4tzte Lesezeit":"1 Minute"},"schema":{"@context":"https:\/\/schema.org","@graph":[{"@type":"WebPage","@id":"https:\/\/www.campingreno.it\/de\/campingplatz-angebote-adria-italien\/angebote-campingplatz-ravenna-stellplatz\/","url":"https:\/\/www.campingreno.it\/de\/campingplatz-angebote-adria-italien\/angebote-campingplatz-ravenna-stellplatz\/","name":"Angebote Campingplatz Ravenna Stellplatz | Camping Reno","isPartOf":{"@id":"https:\/\/www.campingreno.it\/de\/#website"},"primaryImageOfPage":{"@id":"https:\/\/www.campingreno.it\/de\/campingplatz-angebote-adria-italien\/angebote-campingplatz-ravenna-stellplatz\/#primaryimage"},"image":{"@id":"https:\/\/www.campingreno.it\/de\/campingplatz-angebote-adria-italien\/angebote-campingplatz-ravenna-stellplatz\/#primaryimage"},"thumbnailUrl":"https:\/\/www.campingreno.it\/wp-content\/uploads\/sites\/192\/2025\/04\/cool-camping-1-1.jpg","datePublished":"2024-12-13T14:06:45+00:00","dateModified":"2025-11-28T15:06:25+00:00","description":"Angebote Campingplatz Ravenna Stellplatz, Liste der Urlaubsangebote f\u00fcr Stellplatz auf dem Camping Reno, direkt am Meer, Entdecken Sie alle!","breadcrumb":{"@id":"https:\/\/www.campingreno.it\/de\/campingplatz-angebote-adria-italien\/angebote-campingplatz-ravenna-stellplatz\/#breadcrumb"},"inLanguage":"de-DE","potentialAction":[{"@type":"ReadAction","target":["https:\/\/www.campingreno.it\/de\/campingplatz-angebote-adria-italien\/angebote-campingplatz-ravenna-stellplatz\/"]}]},{"@type":"ImageObject","inLanguage":"de-DE","@id":"https:\/\/www.campingreno.it\/de\/campingplatz-angebote-adria-italien\/angebote-campingplatz-ravenna-stellplatz\/#primaryimage","url":"https:\/\/www.campingreno.it\/wp-content\/uploads\/sites\/192\/2025\/04\/cool-camping-1-1.jpg","contentUrl":"https:\/\/www.campingreno.it\/wp-content\/uploads\/sites\/192\/2025\/04\/cool-camping-1-1.jpg","width":800,"height":533,"caption":"Angebote Campingplatz Ravenna Stellplatz | Camping Reno"},{"@type":"BreadcrumbList","@id":"https:\/\/www.campingreno.it\/de\/campingplatz-angebote-adria-italien\/angebote-campingplatz-ravenna-stellplatz\/#breadcrumb","itemListElement":[{"@type":"ListItem","position":1,"name":"Home","item":"https:\/\/www.campingreno.it\/de\/"},{"@type":"ListItem","position":2,"name":"Urlaubangebote","item":"https:\/\/www.campingreno.it\/de\/campingplatz-angebote-adria-italien\/"},{"@type":"ListItem","position":3,"name":"Sonderangebote f\u00fcr Stellpl\u00e4tze"}]},{"@type":"WebSite","@id":"https:\/\/www.campingreno.it\/de\/#website","url":"https:\/\/www.campingreno.it\/de\/","name":"Camping Reno","description":"","publisher":{"@id":"https:\/\/www.campingreno.it\/de\/#organization"},"potentialAction":[{"@type":"SearchAction","target":{"@type":"EntryPoint","urlTemplate":"https:\/\/www.campingreno.it\/de\/?s={search_term_string}"},"query-input":{"@type":"PropertyValueSpecification","valueRequired":true,"valueName":"search_term_string"}}],"inLanguage":"de-DE"},{"@type":"Organization","@id":"https:\/\/www.campingreno.it\/de\/#organization","name":"Camping Reno","url":"https:\/\/www.campingreno.it\/de\/","logo":{"@type":"ImageObject","inLanguage":"de-DE","@id":"https:\/\/www.campingreno.it\/de\/#\/schema\/logo\/image\/","url":"https:\/\/www.campingreno.it\/wp-content\/uploads\/sites\/192\/2024\/12\/logo_reno-no-sfondo-2.png","contentUrl":"https:\/\/www.campingreno.it\/wp-content\/uploads\/sites\/192\/2024\/12\/logo_reno-no-sfondo-2.png","width":567,"height":286,"caption":"Camping Reno"},"image":{"@id":"https:\/\/www.campingreno.it\/de\/#\/schema\/logo\/image\/"},"sameAs":["https:\/\/facebook.com\/tomasitourism","https:\/\/instagram.com\/camping_reno"]}]}},"acf":[],"_links":{"self":[{"href":"https:\/\/www.campingreno.it\/de\/wp-json\/wp\/v2\/pages\/1223","targetHints":{"allow":["GET"]}}],"collection":[{"href":"https:\/\/www.campingreno.it\/de\/wp-json\/wp\/v2\/pages"}],"about":[{"href":"https:\/\/www.campingreno.it\/de\/wp-json\/wp\/v2\/types\/page"}],"author":[{"embeddable":true,"href":"https:\/\/www.campingreno.it\/de\/wp-json\/wp\/v2\/users\/13"}],"replies":[{"embeddable":true,"href":"https:\/\/www.campingreno.it\/de\/wp-json\/wp\/v2\/comments?post=1223"}],"version-history":[{"count":0,"href":"https:\/\/www.campingreno.it\/de\/wp-json\/wp\/v2\/pages\/1223\/revisions"}],"up":[{"embeddable":true,"href":"https:\/\/www.campingreno.it\/de\/wp-json\/wp\/v2\/pages\/1217"}],"wp:featuredmedia":[{"embeddable":true,"href":"https:\/\/www.campingreno.it\/de\/wp-json\/wp\/v2\/media\/2647"}],"wp:attachment":[{"href":"https:\/\/www.campingreno.it\/de\/wp-json\/wp\/v2\/media?parent=1223"}],"curies":[{"name":"wp","href":"https:\/\/api.w.org\/{rel}","templated":true}]}}