   {"id":1257,"date":"2024-12-11T09:46:38","date_gmt":"2024-12-11T09:46:38","guid":{"rendered":"https:\/\/www.campingreno.it\/?page_id=1257"},"modified":"2025-12-11T13:46:54","modified_gmt":"2025-12-11T13:46:54","slug":"campingplatz-emilia-romagna-am-meer-dienstleistungen","status":"publish","type":"page","link":"https:\/\/www.campingreno.it\/de\/campingplatz-emilia-romagna-am-meer-dienstleistungen\/","title":{"rendered":"Dienstleistungen"},"content":{"rendered":"<p>Ein <a href=\"https:\/\/www.campingreno.it\/de\/campingplatz-emilia-romagna-am-meer-dienstleistungen\/campingplatz-italien-adria-direkt-am-meer-basar\/\">Basar<\/a>, ein kleiner <a href=\"https:\/\/www.campingreno.it\/de\/campingplatz-emilia-romagna-am-meer-dienstleistungen\/campingplatz-ravenna-direkt-am-meer-market\/\">Markt<\/a>, Sonnenschirmverleih am <a href=\"https:\/\/www.campingreno.it\/de\/campingplatz-emilia-romagna-am-meer-dienstleistungen\/kleiner-camping-mit-feinem-sandstrand-in-ravenna-am-meer\/\">Strand<\/a>, Restaurant, Bar und Fr\u00fchst\u00fcck, W\u00e4scherei, Stromanschluss, der Strand in 20 Metern Entfernung, Fahrradverleih, Schwimmbad, <a href=\"https:\/\/www.campingreno.it\/de\/campingplatz-emilia-romagna-am-meer-dienstleistungen\/kleiner-campingplatz-italien-adria-take-away\/\">Take-away<\/a>, K\u00fchlzellen, WLAN, Tabakladen; <a href=\"https:\/\/www.campingreno.it\/de\/campingplatz-emilia-romagna-am-meer-dienstleistungen\/campingplatz-emilia-romagna-direkt-am-meer-grillplatz\/\">Grillplatz.<\/a><\/p>\n<p>&nbsp;<\/p>\n<p>&nbsp;<\/p>\n<p><a href=\"https:\/\/www.scidoo.com\/preventivov2\/?cod=1209&amp;dataarr=2025\/04\/05&amp;notti=7&amp;adult=1&amp;children=&amp;IDsotto_struttura=607&amp;lang=4\"><strong>VERF\u00dcGBARKEIT PR\u00dcFEN UND JETZT BUCHEN<\/strong><\/a><\/p>\n<p>&nbsp;<\/p>\n<p>&nbsp;<\/p>\n<p>&nbsp;<\/p>\n","protected":false},"excerpt":{"rendered":"<p>Ein Basar, ein kleiner Markt, Sonnenschirmverleih am Strand, Restaurant, Bar und Fr\u00fchst\u00fcck, W\u00e4scherei, Stromanschluss, der Strand in 20 Metern Entfernung, Fahrradverleih, Schwimmbad, Take-away, K\u00fchlzellen, WLAN, Tabakladen; Grillplatz. &nbsp; &nbsp; VERF\u00dcGBARKEIT PR\u00dcFEN UND JETZT BUCHEN &nbsp; &nbsp; &nbsp;<\/p>\n","protected":false},"author":13,"featured_media":1954,"parent":0,"menu_order":50,"comment_status":"closed","ping_status":"closed","template":"template-services.php","meta":{"footnotes":""},"yoast_head":"<!-- This site is optimized with the Yoast SEO plugin v22.3 - https:\/\/yoast.com\/wordpress\/plugins\/seo\/ -->\n<title>Campingplatz Emilia Romagna Am Meer | Dienstleistungen<\/title>\n<meta name=\"description\" content=\"Entdecken Sie die Dienstleistungen des Camping Reno, Campingplatz Emilia Romagna am Meer und fordern Sie ein Angebot an\" \/>\n<meta name=\"robots\" content=\"index, follow, max-snippet:-1, max-image-preview:large, max-video-preview:-1\" \/>\n<link rel=\"canonical\" href=\"https:\/\/www.campingreno.it\/de\/campingplatz-emilia-romagna-am-meer-dienstleistungen\/\" \/>\n<meta property=\"og:locale\" content=\"de_DE\" \/>\n<meta property=\"og:type\" content=\"article\" \/>\n<meta property=\"og:title\" content=\"Campingplatz Emilia Romagna Am Meer | Dienstleistungen\" \/>\n<meta property=\"og:description\" content=\"Entdecken Sie die Dienstleistungen des Camping Reno, Campingplatz Emilia Romagna am Meer und fordern Sie ein Angebot an\" \/>\n<meta property=\"og:url\" content=\"https:\/\/www.campingreno.it\/de\/campingplatz-emilia-romagna-am-meer-dienstleistungen\/\" \/>\n<meta property=\"og:site_name\" content=\"Camping Reno\" \/>\n<meta property=\"article:publisher\" content=\"https:\/\/facebook.com\/tomasitourism\" \/>\n<meta property=\"article:modified_time\" content=\"2025-12-11T13:46:54+00:00\" \/>\n<meta property=\"og:image\" content=\"https:\/\/www.campingreno.it\/wp-content\/uploads\/sites\/192\/2025\/03\/spiaggia-camping-reno-ravenna-30-2.jpg\" \/>\n\t<meta property=\"og:image:width\" content=\"960\" \/>\n\t<meta property=\"og:image:height\" content=\"640\" \/>\n\t<meta property=\"og:image:type\" content=\"image\/jpeg\" \/>\n<meta name=\"twitter:card\" content=\"summary_large_image\" \/>\n<meta name=\"twitter:label1\" content=\"Gesch\u00e4tzte Lesezeit\" \/>\n\t<meta name=\"twitter:data1\" content=\"1 Minute\" \/>\n<script type=\"application\/ld+json\" class=\"yoast-schema-graph\">{\"@context\":\"https:\/\/schema.org\",\"@graph\":[{\"@type\":\"WebPage\",\"@id\":\"https:\/\/www.campingreno.it\/de\/campingplatz-emilia-romagna-am-meer-dienstleistungen\/\",\"url\":\"https:\/\/www.campingreno.it\/de\/campingplatz-emilia-romagna-am-meer-dienstleistungen\/\",\"name\":\"Campingplatz Emilia Romagna Am Meer | Dienstleistungen\",\"isPartOf\":{\"@id\":\"https:\/\/www.campingreno.it\/de\/#website\"},\"primaryImageOfPage\":{\"@id\":\"https:\/\/www.campingreno.it\/de\/campingplatz-emilia-romagna-am-meer-dienstleistungen\/#primaryimage\"},\"image\":{\"@id\":\"https:\/\/www.campingreno.it\/de\/campingplatz-emilia-romagna-am-meer-dienstleistungen\/#primaryimage\"},\"thumbnailUrl\":\"https:\/\/www.campingreno.it\/wp-content\/uploads\/sites\/192\/2025\/03\/spiaggia-camping-reno-ravenna-30-2.jpg\",\"datePublished\":\"2024-12-11T09:46:38+00:00\",\"dateModified\":\"2025-12-11T13:46:54+00:00\",\"description\":\"Entdecken Sie die Dienstleistungen des Camping Reno, Campingplatz Emilia Romagna am Meer und fordern Sie ein Angebot an\",\"breadcrumb\":{\"@id\":\"https:\/\/www.campingreno.it\/de\/campingplatz-emilia-romagna-am-meer-dienstleistungen\/#breadcrumb\"},\"inLanguage\":\"de-DE\",\"potentialAction\":[{\"@type\":\"ReadAction\",\"target\":[\"https:\/\/www.campingreno.it\/de\/campingplatz-emilia-romagna-am-meer-dienstleistungen\/\"]}]},{\"@type\":\"ImageObject\",\"inLanguage\":\"de-DE\",\"@id\":\"https:\/\/www.campingreno.it\/de\/campingplatz-emilia-romagna-am-meer-dienstleistungen\/#primaryimage\",\"url\":\"https:\/\/www.campingreno.it\/wp-content\/uploads\/sites\/192\/2025\/03\/spiaggia-camping-reno-ravenna-30-2.jpg\",\"contentUrl\":\"https:\/\/www.campingreno.it\/wp-content\/uploads\/sites\/192\/2025\/03\/spiaggia-camping-reno-ravenna-30-2.jpg\",\"width\":960,\"height\":640,\"caption\":\"Campingplatz Emilia Romagna Am Meer | Dienstleistungen\"},{\"@type\":\"BreadcrumbList\",\"@id\":\"https:\/\/www.campingreno.it\/de\/campingplatz-emilia-romagna-am-meer-dienstleistungen\/#breadcrumb\",\"itemListElement\":[{\"@type\":\"ListItem\",\"position\":1,\"name\":\"Home\",\"item\":\"https:\/\/www.campingreno.it\/de\/\"},{\"@type\":\"ListItem\",\"position\":2,\"name\":\"Dienstleistungen\"}]},{\"@type\":\"WebSite\",\"@id\":\"https:\/\/www.campingreno.it\/de\/#website\",\"url\":\"https:\/\/www.campingreno.it\/de\/\",\"name\":\"Camping Reno\",\"description\":\"\",\"publisher\":{\"@id\":\"https:\/\/www.campingreno.it\/de\/#organization\"},\"potentialAction\":[{\"@type\":\"SearchAction\",\"target\":{\"@type\":\"EntryPoint\",\"urlTemplate\":\"https:\/\/www.campingreno.it\/de\/?s={search_term_string}\"},\"query-input\":\"required name=search_term_string\"}],\"inLanguage\":\"de-DE\"},{\"@type\":\"Organization\",\"@id\":\"https:\/\/www.campingreno.it\/de\/#organization\",\"name\":\"Camping Reno\",\"url\":\"https:\/\/www.campingreno.it\/de\/\",\"logo\":{\"@type\":\"ImageObject\",\"inLanguage\":\"de-DE\",\"@id\":\"https:\/\/www.campingreno.it\/de\/#\/schema\/logo\/image\/\",\"url\":\"https:\/\/www.campingreno.it\/wp-content\/uploads\/sites\/192\/2024\/12\/logo_reno-no-sfondo-2.png\",\"contentUrl\":\"https:\/\/www.campingreno.it\/wp-content\/uploads\/sites\/192\/2024\/12\/logo_reno-no-sfondo-2.png\",\"width\":567,\"height\":286,\"caption\":\"Camping Reno\"},\"image\":{\"@id\":\"https:\/\/www.campingreno.it\/de\/#\/schema\/logo\/image\/\"},\"sameAs\":[\"https:\/\/facebook.com\/tomasitourism\",\"https:\/\/instagram.com\/camping_reno\"]}]}<\/script>\n<!-- \/ Yoast SEO plugin. -->","yoast_head_json":{"title":"Campingplatz Emilia Romagna Am Meer | Dienstleistungen","description":"Entdecken Sie die Dienstleistungen des Camping Reno, Campingplatz Emilia Romagna am Meer und fordern Sie ein Angebot an","robots":{"index":"index","follow":"follow","max-snippet":"max-snippet:-1","max-image-preview":"max-image-preview:large","max-video-preview":"max-video-preview:-1"},"canonical":"https:\/\/www.campingreno.it\/de\/campingplatz-emilia-romagna-am-meer-dienstleistungen\/","og_locale":"de_DE","og_type":"article","og_title":"Campingplatz Emilia Romagna Am Meer | Dienstleistungen","og_description":"Entdecken Sie die Dienstleistungen des Camping Reno, Campingplatz Emilia Romagna am Meer und fordern Sie ein Angebot an","og_url":"https:\/\/www.campingreno.it\/de\/campingplatz-emilia-romagna-am-meer-dienstleistungen\/","og_site_name":"Camping Reno","article_publisher":"https:\/\/facebook.com\/tomasitourism","article_modified_time":"2025-12-11T13:46:54+00:00","og_image":[{"width":960,"height":640,"url":"https:\/\/www.campingreno.it\/wp-content\/uploads\/sites\/192\/2025\/03\/spiaggia-camping-reno-ravenna-30-2.jpg","type":"image\/jpeg"}],"twitter_card":"summary_large_image","twitter_misc":{"Gesch\u00e4tzte Lesezeit":"1 Minute"},"schema":{"@context":"https:\/\/schema.org","@graph":[{"@type":"WebPage","@id":"https:\/\/www.campingreno.it\/de\/campingplatz-emilia-romagna-am-meer-dienstleistungen\/","url":"https:\/\/www.campingreno.it\/de\/campingplatz-emilia-romagna-am-meer-dienstleistungen\/","name":"Campingplatz Emilia Romagna Am Meer | Dienstleistungen","isPartOf":{"@id":"https:\/\/www.campingreno.it\/de\/#website"},"primaryImageOfPage":{"@id":"https:\/\/www.campingreno.it\/de\/campingplatz-emilia-romagna-am-meer-dienstleistungen\/#primaryimage"},"image":{"@id":"https:\/\/www.campingreno.it\/de\/campingplatz-emilia-romagna-am-meer-dienstleistungen\/#primaryimage"},"thumbnailUrl":"https:\/\/www.campingreno.it\/wp-content\/uploads\/sites\/192\/2025\/03\/spiaggia-camping-reno-ravenna-30-2.jpg","datePublished":"2024-12-11T09:46:38+00:00","dateModified":"2025-12-11T13:46:54+00:00","description":"Entdecken Sie die Dienstleistungen des Camping Reno, Campingplatz Emilia Romagna am Meer und fordern Sie ein Angebot an","breadcrumb":{"@id":"https:\/\/www.campingreno.it\/de\/campingplatz-emilia-romagna-am-meer-dienstleistungen\/#breadcrumb"},"inLanguage":"de-DE","potentialAction":[{"@type":"ReadAction","target":["https:\/\/www.campingreno.it\/de\/campingplatz-emilia-romagna-am-meer-dienstleistungen\/"]}]},{"@type":"ImageObject","inLanguage":"de-DE","@id":"https:\/\/www.campingreno.it\/de\/campingplatz-emilia-romagna-am-meer-dienstleistungen\/#primaryimage","url":"https:\/\/www.campingreno.it\/wp-content\/uploads\/sites\/192\/2025\/03\/spiaggia-camping-reno-ravenna-30-2.jpg","contentUrl":"https:\/\/www.campingreno.it\/wp-content\/uploads\/sites\/192\/2025\/03\/spiaggia-camping-reno-ravenna-30-2.jpg","width":960,"height":640,"caption":"Campingplatz Emilia Romagna Am Meer | Dienstleistungen"},{"@type":"BreadcrumbList","@id":"https:\/\/www.campingreno.it\/de\/campingplatz-emilia-romagna-am-meer-dienstleistungen\/#breadcrumb","itemListElement":[{"@type":"ListItem","position":1,"name":"Home","item":"https:\/\/www.campingreno.it\/de\/"},{"@type":"ListItem","position":2,"name":"Dienstleistungen"}]},{"@type":"WebSite","@id":"https:\/\/www.campingreno.it\/de\/#website","url":"https:\/\/www.campingreno.it\/de\/","name":"Camping Reno","description":"","publisher":{"@id":"https:\/\/www.campingreno.it\/de\/#organization"},"potentialAction":[{"@type":"SearchAction","target":{"@type":"EntryPoint","urlTemplate":"https:\/\/www.campingreno.it\/de\/?s={search_term_string}"},"query-input":"required name=search_term_string"}],"inLanguage":"de-DE"},{"@type":"Organization","@id":"https:\/\/www.campingreno.it\/de\/#organization","name":"Camping Reno","url":"https:\/\/www.campingreno.it\/de\/","logo":{"@type":"ImageObject","inLanguage":"de-DE","@id":"https:\/\/www.campingreno.it\/de\/#\/schema\/logo\/image\/","url":"https:\/\/www.campingreno.it\/wp-content\/uploads\/sites\/192\/2024\/12\/logo_reno-no-sfondo-2.png","contentUrl":"https:\/\/www.campingreno.it\/wp-content\/uploads\/sites\/192\/2024\/12\/logo_reno-no-sfondo-2.png","width":567,"height":286,"caption":"Camping Reno"},"image":{"@id":"https:\/\/www.campingreno.it\/de\/#\/schema\/logo\/image\/"},"sameAs":["https:\/\/facebook.com\/tomasitourism","https:\/\/instagram.com\/camping_reno"]}]}},"acf":[],"_links":{"self":[{"href":"https:\/\/www.campingreno.it\/de\/wp-json\/wp\/v2\/pages\/1257"}],"collection":[{"href":"https:\/\/www.campingreno.it\/de\/wp-json\/wp\/v2\/pages"}],"about":[{"href":"https:\/\/www.campingreno.it\/de\/wp-json\/wp\/v2\/types\/page"}],"author":[{"embeddable":true,"href":"https:\/\/www.campingreno.it\/de\/wp-json\/wp\/v2\/users\/13"}],"replies":[{"embeddable":true,"href":"https:\/\/www.campingreno.it\/de\/wp-json\/wp\/v2\/comments?post=1257"}],"version-history":[{"count":0,"href":"https:\/\/www.campingreno.it\/de\/wp-json\/wp\/v2\/pages\/1257\/revisions"}],"wp:featuredmedia":[{"embeddable":true,"href":"https:\/\/www.campingreno.it\/de\/wp-json\/wp\/v2\/media\/1954"}],"wp:attachment":[{"href":"https:\/\/www.campingreno.it\/de\/wp-json\/wp\/v2\/media?parent=1257"}],"curies":[{"name":"wp","href":"https:\/\/api.w.org\/{rel}","templated":true}]}}