   {"id":1259,"date":"2024-12-13T10:45:53","date_gmt":"2024-12-13T10:45:53","guid":{"rendered":"https:\/\/www.campingreno.it\/?page_id=1259"},"modified":"2025-12-11T13:50:03","modified_gmt":"2025-12-11T13:50:03","slug":"camping-emilia-romagna-am-meer-hunde-erlaubt","status":"publish","type":"page","link":"https:\/\/www.campingreno.it\/de\/campingplatz-emilia-romagna-am-meer-dienstleistungen\/camping-emilia-romagna-am-meer-hunde-erlaubt\/","title":{"rendered":"Hundefreundlich"},"content":{"rendered":"<p data-sourcepos=\"3:1-3:237\"><strong>Camping Reno, Campingplatz Emilia Romagna am Meer Hunde Erlaubt<\/strong><\/p>\n<p data-sourcepos=\"3:1-3:237\"><strong>Tierfreundliche Unterk\u00fcnfte:<\/strong> Hunde sind im gesamten Campingplatz erlaubt und k\u00f6nnen mit ihren Besitzern auf den <a href=\"https:\/\/www.campingreno.it\/de\/stellplaetze-camping-adriakueste-ravenna\/\">Stellpl\u00e4tzen<\/a>, in den <a href=\"https:\/\/www.campingreno.it\/de\/campingplatz-ravenna-italien-unterkuenfte\/\">Bungalows, in den Mobilheimen<\/a>, im <a href=\"https:\/\/www.campingreno.it\/de\/campingplatz-emilia-romagna-am-meer-dienstleistungen\/campingplatz-adria-italien-mobilheim-restaurant-pizzeria\/\">Restaurant<\/a> und in allen ihnen vorbehaltenen Bereichen \u00fcbernachten.<\/p>\n<p data-sourcepos=\"5:1-5:270\"><strong>Spezielle Services:<\/strong> Es gibt ausgestattete Bereiche, in denen Hunde frei laufen und spielen k\u00f6nnen. Tierdusche. Hunde sind am Strand in einem speziellen Strandabschnitt vor dem Campingplatz erlaubt. Einige unserer Unterk\u00fcnfte sind mit einem Zaun mit Tor ausgestattet.<\/p>\n<p data-sourcepos=\"7:1-7:158\">Der Camping Reno, <strong>Campingplatz Emilia Romagna am Meer\u00a0Hunde Erlaubt<\/strong>, ist ein Ort, an dem sich unsere G\u00e4ste entspannen k\u00f6nnen, ohne sich Sorgen machen zu m\u00fcssen, da ihr <a href=\"https:\/\/www.campingreno.it\/de\/hundefreundlicher-campingplatz-ravenna-direkt-am-meer\/\">Hund willkommen ist und gut versorgt wird.<\/a><\/p>\n<p data-sourcepos=\"7:1-7:158\"><a href=\"https:\/\/www.scidoo.com\/preventivov2\/?cod=1209&amp;dataarr=2025-4-5&amp;notti=7&amp;adult=1&amp;children=&amp;IDsotto_struttura=0&amp;lang=4\"><strong>Verf\u00fcgbarkeit pr\u00fcfen und jetzt buchen<\/strong><\/a><\/p>\n<p data-sourcepos=\"7:1-7:158\">\n","protected":false},"excerpt":{"rendered":"<p>Camping Reno, Campingplatz Emilia Romagna am Meer Hunde Erlaubt Tierfreundliche Unterk\u00fcnfte: Hunde sind im gesamten Campingplatz erlaubt und k\u00f6nnen mit ihren Besitzern auf den Stellpl\u00e4tzen, in den Bungalows, in den Mobilheimen, im Restaurant und in allen ihnen vorbehaltenen Bereichen \u00fcbernachten. Spezielle Services: Es gibt ausgestattete Bereiche, in denen Hunde frei laufen und spielen k\u00f6nnen. Tierdusche. [&hellip;]<\/p>\n","protected":false},"author":13,"featured_media":643,"parent":1257,"menu_order":1,"comment_status":"closed","ping_status":"closed","template":"template-service-single.php","meta":{"footnotes":""},"class_list":["post-1259","page","type-page","status-publish","has-post-thumbnail","hentry"],"yoast_head":"<!-- This site is optimized with the Yoast SEO plugin v27.3 - https:\/\/yoast.com\/product\/yoast-seo-wordpress\/ -->\n<title>Campingplatz Emilia Romagna am Meer | Hunde Erlaubt<\/title>\n<meta name=\"description\" content=\"Low Cost Campingplatz Emilia Romagna am Meer Hunde Erlaubt, in Ravenna. Vierbeinige Freunde sind \u00fcberall erlaubt, auch am Strand.\" \/>\n<meta name=\"robots\" content=\"index, follow, max-snippet:-1, max-image-preview:large, max-video-preview:-1\" \/>\n<link rel=\"canonical\" href=\"https:\/\/www.campingreno.it\/de\/campingplatz-emilia-romagna-am-meer-dienstleistungen\/camping-emilia-romagna-am-meer-hunde-erlaubt\/\" \/>\n<meta property=\"og:locale\" content=\"de_DE\" \/>\n<meta property=\"og:type\" content=\"article\" \/>\n<meta property=\"og:title\" content=\"Campingplatz Emilia Romagna am Meer | Hunde Erlaubt\" \/>\n<meta property=\"og:description\" content=\"Low Cost Campingplatz Emilia Romagna am Meer Hunde Erlaubt, in Ravenna. Vierbeinige Freunde sind \u00fcberall erlaubt, auch am Strand.\" \/>\n<meta property=\"og:url\" content=\"https:\/\/www.campingreno.it\/de\/campingplatz-emilia-romagna-am-meer-dienstleistungen\/camping-emilia-romagna-am-meer-hunde-erlaubt\/\" \/>\n<meta property=\"og:site_name\" content=\"Camping Reno\" \/>\n<meta property=\"article:publisher\" content=\"https:\/\/facebook.com\/tomasitourism\" \/>\n<meta property=\"article:modified_time\" content=\"2025-12-11T13:50:03+00:00\" \/>\n<meta property=\"og:image\" content=\"https:\/\/www.campingreno.it\/wp-content\/uploads\/sites\/192\/2025\/01\/spiaggia-camping-reno-ravenna-22.jpg\" \/>\n\t<meta property=\"og:image:width\" content=\"1600\" \/>\n\t<meta property=\"og:image:height\" content=\"900\" \/>\n\t<meta property=\"og:image:type\" content=\"image\/jpeg\" \/>\n<meta name=\"twitter:card\" content=\"summary_large_image\" \/>\n<meta name=\"twitter:label1\" content=\"Gesch\u00e4tzte Lesezeit\" \/>\n\t<meta name=\"twitter:data1\" content=\"1 Minute\" \/>\n<script type=\"application\/ld+json\" class=\"yoast-schema-graph\">{\"@context\":\"https:\\\/\\\/schema.org\",\"@graph\":[{\"@type\":\"WebPage\",\"@id\":\"https:\\\/\\\/www.campingreno.it\\\/de\\\/campingplatz-emilia-romagna-am-meer-dienstleistungen\\\/camping-emilia-romagna-am-meer-hunde-erlaubt\\\/\",\"url\":\"https:\\\/\\\/www.campingreno.it\\\/de\\\/campingplatz-emilia-romagna-am-meer-dienstleistungen\\\/camping-emilia-romagna-am-meer-hunde-erlaubt\\\/\",\"name\":\"Campingplatz Emilia Romagna am Meer | Hunde Erlaubt\",\"isPartOf\":{\"@id\":\"https:\\\/\\\/www.campingreno.it\\\/de\\\/#website\"},\"primaryImageOfPage\":{\"@id\":\"https:\\\/\\\/www.campingreno.it\\\/de\\\/campingplatz-emilia-romagna-am-meer-dienstleistungen\\\/camping-emilia-romagna-am-meer-hunde-erlaubt\\\/#primaryimage\"},\"image\":{\"@id\":\"https:\\\/\\\/www.campingreno.it\\\/de\\\/campingplatz-emilia-romagna-am-meer-dienstleistungen\\\/camping-emilia-romagna-am-meer-hunde-erlaubt\\\/#primaryimage\"},\"thumbnailUrl\":\"https:\\\/\\\/www.campingreno.it\\\/wp-content\\\/uploads\\\/sites\\\/192\\\/2025\\\/01\\\/spiaggia-camping-reno-ravenna-22.jpg\",\"datePublished\":\"2024-12-13T10:45:53+00:00\",\"dateModified\":\"2025-12-11T13:50:03+00:00\",\"description\":\"Low Cost Campingplatz Emilia Romagna am Meer Hunde Erlaubt, in Ravenna. Vierbeinige Freunde sind \u00fcberall erlaubt, auch am Strand.\",\"breadcrumb\":{\"@id\":\"https:\\\/\\\/www.campingreno.it\\\/de\\\/campingplatz-emilia-romagna-am-meer-dienstleistungen\\\/camping-emilia-romagna-am-meer-hunde-erlaubt\\\/#breadcrumb\"},\"inLanguage\":\"de-DE\",\"potentialAction\":[{\"@type\":\"ReadAction\",\"target\":[\"https:\\\/\\\/www.campingreno.it\\\/de\\\/campingplatz-emilia-romagna-am-meer-dienstleistungen\\\/camping-emilia-romagna-am-meer-hunde-erlaubt\\\/\"]}]},{\"@type\":\"ImageObject\",\"inLanguage\":\"de-DE\",\"@id\":\"https:\\\/\\\/www.campingreno.it\\\/de\\\/campingplatz-emilia-romagna-am-meer-dienstleistungen\\\/camping-emilia-romagna-am-meer-hunde-erlaubt\\\/#primaryimage\",\"url\":\"https:\\\/\\\/www.campingreno.it\\\/wp-content\\\/uploads\\\/sites\\\/192\\\/2025\\\/01\\\/spiaggia-camping-reno-ravenna-22.jpg\",\"contentUrl\":\"https:\\\/\\\/www.campingreno.it\\\/wp-content\\\/uploads\\\/sites\\\/192\\\/2025\\\/01\\\/spiaggia-camping-reno-ravenna-22.jpg\",\"width\":1600,\"height\":900,\"caption\":\"Campingplatz Emilia Romagna am Meer | Hunde Erlaubt\"},{\"@type\":\"BreadcrumbList\",\"@id\":\"https:\\\/\\\/www.campingreno.it\\\/de\\\/campingplatz-emilia-romagna-am-meer-dienstleistungen\\\/camping-emilia-romagna-am-meer-hunde-erlaubt\\\/#breadcrumb\",\"itemListElement\":[{\"@type\":\"ListItem\",\"position\":1,\"name\":\"Home\",\"item\":\"https:\\\/\\\/www.campingreno.it\\\/de\\\/\"},{\"@type\":\"ListItem\",\"position\":2,\"name\":\"Dienstleistungen\",\"item\":\"https:\\\/\\\/www.campingreno.it\\\/de\\\/campingplatz-emilia-romagna-am-meer-dienstleistungen\\\/\"},{\"@type\":\"ListItem\",\"position\":3,\"name\":\"Hundefreundlich\"}]},{\"@type\":\"WebSite\",\"@id\":\"https:\\\/\\\/www.campingreno.it\\\/de\\\/#website\",\"url\":\"https:\\\/\\\/www.campingreno.it\\\/de\\\/\",\"name\":\"Camping Reno\",\"description\":\"\",\"publisher\":{\"@id\":\"https:\\\/\\\/www.campingreno.it\\\/de\\\/#organization\"},\"potentialAction\":[{\"@type\":\"SearchAction\",\"target\":{\"@type\":\"EntryPoint\",\"urlTemplate\":\"https:\\\/\\\/www.campingreno.it\\\/de\\\/?s={search_term_string}\"},\"query-input\":{\"@type\":\"PropertyValueSpecification\",\"valueRequired\":true,\"valueName\":\"search_term_string\"}}],\"inLanguage\":\"de-DE\"},{\"@type\":\"Organization\",\"@id\":\"https:\\\/\\\/www.campingreno.it\\\/de\\\/#organization\",\"name\":\"Camping Reno\",\"url\":\"https:\\\/\\\/www.campingreno.it\\\/de\\\/\",\"logo\":{\"@type\":\"ImageObject\",\"inLanguage\":\"de-DE\",\"@id\":\"https:\\\/\\\/www.campingreno.it\\\/de\\\/#\\\/schema\\\/logo\\\/image\\\/\",\"url\":\"https:\\\/\\\/www.campingreno.it\\\/wp-content\\\/uploads\\\/sites\\\/192\\\/2024\\\/12\\\/logo_reno-no-sfondo-2.png\",\"contentUrl\":\"https:\\\/\\\/www.campingreno.it\\\/wp-content\\\/uploads\\\/sites\\\/192\\\/2024\\\/12\\\/logo_reno-no-sfondo-2.png\",\"width\":567,\"height\":286,\"caption\":\"Camping Reno\"},\"image\":{\"@id\":\"https:\\\/\\\/www.campingreno.it\\\/de\\\/#\\\/schema\\\/logo\\\/image\\\/\"},\"sameAs\":[\"https:\\\/\\\/facebook.com\\\/tomasitourism\",\"https:\\\/\\\/instagram.com\\\/camping_reno\"]}]}<\/script>\n<!-- \/ Yoast SEO plugin. -->","yoast_head_json":{"title":"Campingplatz Emilia Romagna am Meer | Hunde Erlaubt","description":"Low Cost Campingplatz Emilia Romagna am Meer Hunde Erlaubt, in Ravenna. Vierbeinige Freunde sind \u00fcberall erlaubt, auch am Strand.","robots":{"index":"index","follow":"follow","max-snippet":"max-snippet:-1","max-image-preview":"max-image-preview:large","max-video-preview":"max-video-preview:-1"},"canonical":"https:\/\/www.campingreno.it\/de\/campingplatz-emilia-romagna-am-meer-dienstleistungen\/camping-emilia-romagna-am-meer-hunde-erlaubt\/","og_locale":"de_DE","og_type":"article","og_title":"Campingplatz Emilia Romagna am Meer | Hunde Erlaubt","og_description":"Low Cost Campingplatz Emilia Romagna am Meer Hunde Erlaubt, in Ravenna. Vierbeinige Freunde sind \u00fcberall erlaubt, auch am Strand.","og_url":"https:\/\/www.campingreno.it\/de\/campingplatz-emilia-romagna-am-meer-dienstleistungen\/camping-emilia-romagna-am-meer-hunde-erlaubt\/","og_site_name":"Camping Reno","article_publisher":"https:\/\/facebook.com\/tomasitourism","article_modified_time":"2025-12-11T13:50:03+00:00","og_image":[{"width":1600,"height":900,"url":"https:\/\/www.campingreno.it\/wp-content\/uploads\/sites\/192\/2025\/01\/spiaggia-camping-reno-ravenna-22.jpg","type":"image\/jpeg"}],"twitter_card":"summary_large_image","twitter_misc":{"Gesch\u00e4tzte Lesezeit":"1 Minute"},"schema":{"@context":"https:\/\/schema.org","@graph":[{"@type":"WebPage","@id":"https:\/\/www.campingreno.it\/de\/campingplatz-emilia-romagna-am-meer-dienstleistungen\/camping-emilia-romagna-am-meer-hunde-erlaubt\/","url":"https:\/\/www.campingreno.it\/de\/campingplatz-emilia-romagna-am-meer-dienstleistungen\/camping-emilia-romagna-am-meer-hunde-erlaubt\/","name":"Campingplatz Emilia Romagna am Meer | Hunde Erlaubt","isPartOf":{"@id":"https:\/\/www.campingreno.it\/de\/#website"},"primaryImageOfPage":{"@id":"https:\/\/www.campingreno.it\/de\/campingplatz-emilia-romagna-am-meer-dienstleistungen\/camping-emilia-romagna-am-meer-hunde-erlaubt\/#primaryimage"},"image":{"@id":"https:\/\/www.campingreno.it\/de\/campingplatz-emilia-romagna-am-meer-dienstleistungen\/camping-emilia-romagna-am-meer-hunde-erlaubt\/#primaryimage"},"thumbnailUrl":"https:\/\/www.campingreno.it\/wp-content\/uploads\/sites\/192\/2025\/01\/spiaggia-camping-reno-ravenna-22.jpg","datePublished":"2024-12-13T10:45:53+00:00","dateModified":"2025-12-11T13:50:03+00:00","description":"Low Cost Campingplatz Emilia Romagna am Meer Hunde Erlaubt, in Ravenna. Vierbeinige Freunde sind \u00fcberall erlaubt, auch am Strand.","breadcrumb":{"@id":"https:\/\/www.campingreno.it\/de\/campingplatz-emilia-romagna-am-meer-dienstleistungen\/camping-emilia-romagna-am-meer-hunde-erlaubt\/#breadcrumb"},"inLanguage":"de-DE","potentialAction":[{"@type":"ReadAction","target":["https:\/\/www.campingreno.it\/de\/campingplatz-emilia-romagna-am-meer-dienstleistungen\/camping-emilia-romagna-am-meer-hunde-erlaubt\/"]}]},{"@type":"ImageObject","inLanguage":"de-DE","@id":"https:\/\/www.campingreno.it\/de\/campingplatz-emilia-romagna-am-meer-dienstleistungen\/camping-emilia-romagna-am-meer-hunde-erlaubt\/#primaryimage","url":"https:\/\/www.campingreno.it\/wp-content\/uploads\/sites\/192\/2025\/01\/spiaggia-camping-reno-ravenna-22.jpg","contentUrl":"https:\/\/www.campingreno.it\/wp-content\/uploads\/sites\/192\/2025\/01\/spiaggia-camping-reno-ravenna-22.jpg","width":1600,"height":900,"caption":"Campingplatz Emilia Romagna am Meer | Hunde Erlaubt"},{"@type":"BreadcrumbList","@id":"https:\/\/www.campingreno.it\/de\/campingplatz-emilia-romagna-am-meer-dienstleistungen\/camping-emilia-romagna-am-meer-hunde-erlaubt\/#breadcrumb","itemListElement":[{"@type":"ListItem","position":1,"name":"Home","item":"https:\/\/www.campingreno.it\/de\/"},{"@type":"ListItem","position":2,"name":"Dienstleistungen","item":"https:\/\/www.campingreno.it\/de\/campingplatz-emilia-romagna-am-meer-dienstleistungen\/"},{"@type":"ListItem","position":3,"name":"Hundefreundlich"}]},{"@type":"WebSite","@id":"https:\/\/www.campingreno.it\/de\/#website","url":"https:\/\/www.campingreno.it\/de\/","name":"Camping Reno","description":"","publisher":{"@id":"https:\/\/www.campingreno.it\/de\/#organization"},"potentialAction":[{"@type":"SearchAction","target":{"@type":"EntryPoint","urlTemplate":"https:\/\/www.campingreno.it\/de\/?s={search_term_string}"},"query-input":{"@type":"PropertyValueSpecification","valueRequired":true,"valueName":"search_term_string"}}],"inLanguage":"de-DE"},{"@type":"Organization","@id":"https:\/\/www.campingreno.it\/de\/#organization","name":"Camping Reno","url":"https:\/\/www.campingreno.it\/de\/","logo":{"@type":"ImageObject","inLanguage":"de-DE","@id":"https:\/\/www.campingreno.it\/de\/#\/schema\/logo\/image\/","url":"https:\/\/www.campingreno.it\/wp-content\/uploads\/sites\/192\/2024\/12\/logo_reno-no-sfondo-2.png","contentUrl":"https:\/\/www.campingreno.it\/wp-content\/uploads\/sites\/192\/2024\/12\/logo_reno-no-sfondo-2.png","width":567,"height":286,"caption":"Camping Reno"},"image":{"@id":"https:\/\/www.campingreno.it\/de\/#\/schema\/logo\/image\/"},"sameAs":["https:\/\/facebook.com\/tomasitourism","https:\/\/instagram.com\/camping_reno"]}]}},"acf":[],"_links":{"self":[{"href":"https:\/\/www.campingreno.it\/de\/wp-json\/wp\/v2\/pages\/1259","targetHints":{"allow":["GET"]}}],"collection":[{"href":"https:\/\/www.campingreno.it\/de\/wp-json\/wp\/v2\/pages"}],"about":[{"href":"https:\/\/www.campingreno.it\/de\/wp-json\/wp\/v2\/types\/page"}],"author":[{"embeddable":true,"href":"https:\/\/www.campingreno.it\/de\/wp-json\/wp\/v2\/users\/13"}],"replies":[{"embeddable":true,"href":"https:\/\/www.campingreno.it\/de\/wp-json\/wp\/v2\/comments?post=1259"}],"version-history":[{"count":0,"href":"https:\/\/www.campingreno.it\/de\/wp-json\/wp\/v2\/pages\/1259\/revisions"}],"up":[{"embeddable":true,"href":"https:\/\/www.campingreno.it\/de\/wp-json\/wp\/v2\/pages\/1257"}],"wp:featuredmedia":[{"embeddable":true,"href":"https:\/\/www.campingreno.it\/de\/wp-json\/wp\/v2\/media\/643"}],"wp:attachment":[{"href":"https:\/\/www.campingreno.it\/de\/wp-json\/wp\/v2\/media?parent=1259"}],"curies":[{"name":"wp","href":"https:\/\/api.w.org\/{rel}","templated":true}]}}