   {"id":1263,"date":"2024-12-13T10:17:19","date_gmt":"2024-12-13T10:17:19","guid":{"rendered":"https:\/\/www.campingreno.it\/?page_id=1263"},"modified":"2025-12-11T13:57:48","modified_gmt":"2025-12-11T13:57:48","slug":"campingplatz-italien-adria-direkt-am-meer","status":"publish","type":"page","link":"https:\/\/www.campingreno.it\/de\/campingplatz-emilia-romagna-am-meer-dienstleistungen\/campingplatz-italien-adria-direkt-am-meer\/","title":{"rendered":"Wi-Fi"},"content":{"rendered":"<p>Ob Sie mit der Natur des Camping Reno, <strong>Campingplatz Italien Adria am Meer,<\/strong> Campingplatz mit <a href=\"https:\/\/www.campingreno.it\/de\/campingplatz-ravenna-italien-unterkuenfte\/\"><strong>Unterk\u00fcnften<\/strong><\/a> und <a href=\"https:\/\/www.campingreno.it\/de\/camping-mit-stellplaetzen-ravenna-italien\/\"><strong>Stellpl\u00e4tzen<\/strong><\/a>, oder mit dem Rest der Welt in Verbindung bleiben m\u00f6chten, Sie haben die Wahl!<\/p>\n<p>&nbsp;<\/p>\n<p>&nbsp;<\/p>\n<p><a href=\"https:\/\/www.scidoo.com\/preventivov2\/?cod=1209&amp;dataarr=2025-4-5&amp;notti=7&amp;adult=1&amp;children=&amp;IDsotto_struttura=0&amp;lang=4\"><strong>Verf\u00fcgbarkeit pr\u00fcfen und jetzt buchen<\/strong><\/a><\/p>\n<p>&nbsp;<\/p>\n<p>&nbsp;<\/p>\n","protected":false},"excerpt":{"rendered":"<p>Ob Sie mit der Natur des Camping Reno, Campingplatz Italien Adria am Meer, Campingplatz mit Unterk\u00fcnften und Stellpl\u00e4tzen, oder mit dem Rest der Welt in Verbindung bleiben m\u00f6chten, Sie haben die Wahl! &nbsp; &nbsp; Verf\u00fcgbarkeit pr\u00fcfen und jetzt buchen &nbsp; &nbsp;<\/p>\n","protected":false},"author":13,"featured_media":1633,"parent":1257,"menu_order":3,"comment_status":"closed","ping_status":"closed","template":"template-service-single.php","meta":{"footnotes":""},"yoast_head":"<!-- This site is optimized with the Yoast SEO plugin v22.3 - https:\/\/yoast.com\/wordpress\/plugins\/seo\/ -->\n<title>Campingplatz Italien Adria am Meer | Wifi<\/title>\n<meta name=\"description\" content=\"Super leistungsstarkes WLAN, auch inmitten des Pinienwaldes, auf dem Camping Reno, Campingplatz Italien Adria am Meer!\" \/>\n<meta name=\"robots\" content=\"index, follow, max-snippet:-1, max-image-preview:large, max-video-preview:-1\" \/>\n<link rel=\"canonical\" href=\"https:\/\/www.campingreno.it\/de\/campingplatz-emilia-romagna-am-meer-dienstleistungen\/campingplatz-italien-adria-direkt-am-meer\/\" \/>\n<meta property=\"og:locale\" content=\"de_DE\" \/>\n<meta property=\"og:type\" content=\"article\" \/>\n<meta property=\"og:title\" content=\"Campingplatz Italien Adria am Meer | Wifi\" \/>\n<meta property=\"og:description\" content=\"Super leistungsstarkes WLAN, auch inmitten des Pinienwaldes, auf dem Camping Reno, Campingplatz Italien Adria am Meer!\" \/>\n<meta property=\"og:url\" content=\"https:\/\/www.campingreno.it\/de\/campingplatz-emilia-romagna-am-meer-dienstleistungen\/campingplatz-italien-adria-direkt-am-meer\/\" \/>\n<meta property=\"og:site_name\" content=\"Camping Reno\" \/>\n<meta property=\"article:publisher\" content=\"https:\/\/facebook.com\/tomasitourism\" \/>\n<meta property=\"article:modified_time\" content=\"2025-12-11T13:57:48+00:00\" \/>\n<meta property=\"og:image\" content=\"https:\/\/www.campingreno.it\/wp-content\/uploads\/sites\/192\/2025\/03\/wifi-camping-reno.jpg\" \/>\n\t<meta property=\"og:image:width\" content=\"760\" \/>\n\t<meta property=\"og:image:height\" content=\"430\" \/>\n\t<meta property=\"og:image:type\" content=\"image\/jpeg\" \/>\n<meta name=\"twitter:card\" content=\"summary_large_image\" \/>\n<meta name=\"twitter:label1\" content=\"Gesch\u00e4tzte Lesezeit\" \/>\n\t<meta name=\"twitter:data1\" content=\"1 Minute\" \/>\n<script type=\"application\/ld+json\" class=\"yoast-schema-graph\">{\"@context\":\"https:\/\/schema.org\",\"@graph\":[{\"@type\":\"WebPage\",\"@id\":\"https:\/\/www.campingreno.it\/de\/campingplatz-emilia-romagna-am-meer-dienstleistungen\/campingplatz-italien-adria-direkt-am-meer\/\",\"url\":\"https:\/\/www.campingreno.it\/de\/campingplatz-emilia-romagna-am-meer-dienstleistungen\/campingplatz-italien-adria-direkt-am-meer\/\",\"name\":\"Campingplatz Italien Adria am Meer | Wifi\",\"isPartOf\":{\"@id\":\"https:\/\/www.campingreno.it\/de\/#website\"},\"primaryImageOfPage\":{\"@id\":\"https:\/\/www.campingreno.it\/de\/campingplatz-emilia-romagna-am-meer-dienstleistungen\/campingplatz-italien-adria-direkt-am-meer\/#primaryimage\"},\"image\":{\"@id\":\"https:\/\/www.campingreno.it\/de\/campingplatz-emilia-romagna-am-meer-dienstleistungen\/campingplatz-italien-adria-direkt-am-meer\/#primaryimage\"},\"thumbnailUrl\":\"https:\/\/www.campingreno.it\/wp-content\/uploads\/sites\/192\/2025\/03\/wifi-camping-reno.jpg\",\"datePublished\":\"2024-12-13T10:17:19+00:00\",\"dateModified\":\"2025-12-11T13:57:48+00:00\",\"description\":\"Super leistungsstarkes WLAN, auch inmitten des Pinienwaldes, auf dem Camping Reno, Campingplatz Italien Adria am Meer!\",\"breadcrumb\":{\"@id\":\"https:\/\/www.campingreno.it\/de\/campingplatz-emilia-romagna-am-meer-dienstleistungen\/campingplatz-italien-adria-direkt-am-meer\/#breadcrumb\"},\"inLanguage\":\"de-DE\",\"potentialAction\":[{\"@type\":\"ReadAction\",\"target\":[\"https:\/\/www.campingreno.it\/de\/campingplatz-emilia-romagna-am-meer-dienstleistungen\/campingplatz-italien-adria-direkt-am-meer\/\"]}]},{\"@type\":\"ImageObject\",\"inLanguage\":\"de-DE\",\"@id\":\"https:\/\/www.campingreno.it\/de\/campingplatz-emilia-romagna-am-meer-dienstleistungen\/campingplatz-italien-adria-direkt-am-meer\/#primaryimage\",\"url\":\"https:\/\/www.campingreno.it\/wp-content\/uploads\/sites\/192\/2025\/03\/wifi-camping-reno.jpg\",\"contentUrl\":\"https:\/\/www.campingreno.it\/wp-content\/uploads\/sites\/192\/2025\/03\/wifi-camping-reno.jpg\",\"width\":760,\"height\":430,\"caption\":\"Campingplatz Italien Adria am Meer | Wifi\"},{\"@type\":\"BreadcrumbList\",\"@id\":\"https:\/\/www.campingreno.it\/de\/campingplatz-emilia-romagna-am-meer-dienstleistungen\/campingplatz-italien-adria-direkt-am-meer\/#breadcrumb\",\"itemListElement\":[{\"@type\":\"ListItem\",\"position\":1,\"name\":\"Home\",\"item\":\"https:\/\/www.campingreno.it\/de\/\"},{\"@type\":\"ListItem\",\"position\":2,\"name\":\"Dienstleistungen\",\"item\":\"https:\/\/www.campingreno.it\/de\/campingplatz-emilia-romagna-am-meer-dienstleistungen\/\"},{\"@type\":\"ListItem\",\"position\":3,\"name\":\"Wi-Fi\"}]},{\"@type\":\"WebSite\",\"@id\":\"https:\/\/www.campingreno.it\/de\/#website\",\"url\":\"https:\/\/www.campingreno.it\/de\/\",\"name\":\"Camping Reno\",\"description\":\"\",\"publisher\":{\"@id\":\"https:\/\/www.campingreno.it\/de\/#organization\"},\"potentialAction\":[{\"@type\":\"SearchAction\",\"target\":{\"@type\":\"EntryPoint\",\"urlTemplate\":\"https:\/\/www.campingreno.it\/de\/?s={search_term_string}\"},\"query-input\":\"required name=search_term_string\"}],\"inLanguage\":\"de-DE\"},{\"@type\":\"Organization\",\"@id\":\"https:\/\/www.campingreno.it\/de\/#organization\",\"name\":\"Camping Reno\",\"url\":\"https:\/\/www.campingreno.it\/de\/\",\"logo\":{\"@type\":\"ImageObject\",\"inLanguage\":\"de-DE\",\"@id\":\"https:\/\/www.campingreno.it\/de\/#\/schema\/logo\/image\/\",\"url\":\"https:\/\/www.campingreno.it\/wp-content\/uploads\/sites\/192\/2024\/12\/logo_reno-no-sfondo-2.png\",\"contentUrl\":\"https:\/\/www.campingreno.it\/wp-content\/uploads\/sites\/192\/2024\/12\/logo_reno-no-sfondo-2.png\",\"width\":567,\"height\":286,\"caption\":\"Camping Reno\"},\"image\":{\"@id\":\"https:\/\/www.campingreno.it\/de\/#\/schema\/logo\/image\/\"},\"sameAs\":[\"https:\/\/facebook.com\/tomasitourism\",\"https:\/\/instagram.com\/camping_reno\"]}]}<\/script>\n<!-- \/ Yoast SEO plugin. -->","yoast_head_json":{"title":"Campingplatz Italien Adria am Meer | Wifi","description":"Super leistungsstarkes WLAN, auch inmitten des Pinienwaldes, auf dem Camping Reno, Campingplatz Italien Adria am Meer!","robots":{"index":"index","follow":"follow","max-snippet":"max-snippet:-1","max-image-preview":"max-image-preview:large","max-video-preview":"max-video-preview:-1"},"canonical":"https:\/\/www.campingreno.it\/de\/campingplatz-emilia-romagna-am-meer-dienstleistungen\/campingplatz-italien-adria-direkt-am-meer\/","og_locale":"de_DE","og_type":"article","og_title":"Campingplatz Italien Adria am Meer | Wifi","og_description":"Super leistungsstarkes WLAN, auch inmitten des Pinienwaldes, auf dem Camping Reno, Campingplatz Italien Adria am Meer!","og_url":"https:\/\/www.campingreno.it\/de\/campingplatz-emilia-romagna-am-meer-dienstleistungen\/campingplatz-italien-adria-direkt-am-meer\/","og_site_name":"Camping Reno","article_publisher":"https:\/\/facebook.com\/tomasitourism","article_modified_time":"2025-12-11T13:57:48+00:00","og_image":[{"width":760,"height":430,"url":"https:\/\/www.campingreno.it\/wp-content\/uploads\/sites\/192\/2025\/03\/wifi-camping-reno.jpg","type":"image\/jpeg"}],"twitter_card":"summary_large_image","twitter_misc":{"Gesch\u00e4tzte Lesezeit":"1 Minute"},"schema":{"@context":"https:\/\/schema.org","@graph":[{"@type":"WebPage","@id":"https:\/\/www.campingreno.it\/de\/campingplatz-emilia-romagna-am-meer-dienstleistungen\/campingplatz-italien-adria-direkt-am-meer\/","url":"https:\/\/www.campingreno.it\/de\/campingplatz-emilia-romagna-am-meer-dienstleistungen\/campingplatz-italien-adria-direkt-am-meer\/","name":"Campingplatz Italien Adria am Meer | Wifi","isPartOf":{"@id":"https:\/\/www.campingreno.it\/de\/#website"},"primaryImageOfPage":{"@id":"https:\/\/www.campingreno.it\/de\/campingplatz-emilia-romagna-am-meer-dienstleistungen\/campingplatz-italien-adria-direkt-am-meer\/#primaryimage"},"image":{"@id":"https:\/\/www.campingreno.it\/de\/campingplatz-emilia-romagna-am-meer-dienstleistungen\/campingplatz-italien-adria-direkt-am-meer\/#primaryimage"},"thumbnailUrl":"https:\/\/www.campingreno.it\/wp-content\/uploads\/sites\/192\/2025\/03\/wifi-camping-reno.jpg","datePublished":"2024-12-13T10:17:19+00:00","dateModified":"2025-12-11T13:57:48+00:00","description":"Super leistungsstarkes WLAN, auch inmitten des Pinienwaldes, auf dem Camping Reno, Campingplatz Italien Adria am Meer!","breadcrumb":{"@id":"https:\/\/www.campingreno.it\/de\/campingplatz-emilia-romagna-am-meer-dienstleistungen\/campingplatz-italien-adria-direkt-am-meer\/#breadcrumb"},"inLanguage":"de-DE","potentialAction":[{"@type":"ReadAction","target":["https:\/\/www.campingreno.it\/de\/campingplatz-emilia-romagna-am-meer-dienstleistungen\/campingplatz-italien-adria-direkt-am-meer\/"]}]},{"@type":"ImageObject","inLanguage":"de-DE","@id":"https:\/\/www.campingreno.it\/de\/campingplatz-emilia-romagna-am-meer-dienstleistungen\/campingplatz-italien-adria-direkt-am-meer\/#primaryimage","url":"https:\/\/www.campingreno.it\/wp-content\/uploads\/sites\/192\/2025\/03\/wifi-camping-reno.jpg","contentUrl":"https:\/\/www.campingreno.it\/wp-content\/uploads\/sites\/192\/2025\/03\/wifi-camping-reno.jpg","width":760,"height":430,"caption":"Campingplatz Italien Adria am Meer | Wifi"},{"@type":"BreadcrumbList","@id":"https:\/\/www.campingreno.it\/de\/campingplatz-emilia-romagna-am-meer-dienstleistungen\/campingplatz-italien-adria-direkt-am-meer\/#breadcrumb","itemListElement":[{"@type":"ListItem","position":1,"name":"Home","item":"https:\/\/www.campingreno.it\/de\/"},{"@type":"ListItem","position":2,"name":"Dienstleistungen","item":"https:\/\/www.campingreno.it\/de\/campingplatz-emilia-romagna-am-meer-dienstleistungen\/"},{"@type":"ListItem","position":3,"name":"Wi-Fi"}]},{"@type":"WebSite","@id":"https:\/\/www.campingreno.it\/de\/#website","url":"https:\/\/www.campingreno.it\/de\/","name":"Camping Reno","description":"","publisher":{"@id":"https:\/\/www.campingreno.it\/de\/#organization"},"potentialAction":[{"@type":"SearchAction","target":{"@type":"EntryPoint","urlTemplate":"https:\/\/www.campingreno.it\/de\/?s={search_term_string}"},"query-input":"required name=search_term_string"}],"inLanguage":"de-DE"},{"@type":"Organization","@id":"https:\/\/www.campingreno.it\/de\/#organization","name":"Camping Reno","url":"https:\/\/www.campingreno.it\/de\/","logo":{"@type":"ImageObject","inLanguage":"de-DE","@id":"https:\/\/www.campingreno.it\/de\/#\/schema\/logo\/image\/","url":"https:\/\/www.campingreno.it\/wp-content\/uploads\/sites\/192\/2024\/12\/logo_reno-no-sfondo-2.png","contentUrl":"https:\/\/www.campingreno.it\/wp-content\/uploads\/sites\/192\/2024\/12\/logo_reno-no-sfondo-2.png","width":567,"height":286,"caption":"Camping Reno"},"image":{"@id":"https:\/\/www.campingreno.it\/de\/#\/schema\/logo\/image\/"},"sameAs":["https:\/\/facebook.com\/tomasitourism","https:\/\/instagram.com\/camping_reno"]}]}},"acf":[],"_links":{"self":[{"href":"https:\/\/www.campingreno.it\/de\/wp-json\/wp\/v2\/pages\/1263"}],"collection":[{"href":"https:\/\/www.campingreno.it\/de\/wp-json\/wp\/v2\/pages"}],"about":[{"href":"https:\/\/www.campingreno.it\/de\/wp-json\/wp\/v2\/types\/page"}],"author":[{"embeddable":true,"href":"https:\/\/www.campingreno.it\/de\/wp-json\/wp\/v2\/users\/13"}],"replies":[{"embeddable":true,"href":"https:\/\/www.campingreno.it\/de\/wp-json\/wp\/v2\/comments?post=1263"}],"version-history":[{"count":0,"href":"https:\/\/www.campingreno.it\/de\/wp-json\/wp\/v2\/pages\/1263\/revisions"}],"up":[{"embeddable":true,"href":"https:\/\/www.campingreno.it\/de\/wp-json\/wp\/v2\/pages\/1257"}],"wp:featuredmedia":[{"embeddable":true,"href":"https:\/\/www.campingreno.it\/de\/wp-json\/wp\/v2\/media\/1633"}],"wp:attachment":[{"href":"https:\/\/www.campingreno.it\/de\/wp-json\/wp\/v2\/media?parent=1263"}],"curies":[{"name":"wp","href":"https:\/\/api.w.org\/{rel}","templated":true}]}}