   {"id":1267,"date":"2024-12-11T16:22:31","date_gmt":"2024-12-11T16:22:31","guid":{"rendered":"https:\/\/www.campingreno.it\/?page_id=1267"},"modified":"2025-12-11T14:36:25","modified_gmt":"2025-12-11T14:36:25","slug":"kleiner-camping-mit-feinem-sandstrand-in-ravenna-am-meer","status":"publish","type":"page","link":"https:\/\/www.campingreno.it\/de\/campingplatz-emilia-romagna-am-meer-dienstleistungen\/kleiner-camping-mit-feinem-sandstrand-in-ravenna-am-meer\/","title":{"rendered":"Feinem-Sandstrand"},"content":{"rendered":"<p>Camping Reno, <strong>Kleiner Camping Ravenna Meer<\/strong>, ist eine wahre Oase f\u00fcr unsere G\u00e4ste, die eine ruhige und sichere Umgebung zum Entspannen oder <strong>Spielen mit ihren Kindern<\/strong> und<strong> zwischen Erwachsenen suchen.<\/strong><\/p>\n<p>&nbsp;<\/p>\n<p><strong>Perfekt f\u00fcr einen Spaziergang barfu\u00df<\/strong> entlang der Wasserlinie oder zum Sonnenbaden auf der eigenen Decke in der Sonne oder unter dem Sonnenschirm.<\/p>\n<p>&nbsp;<\/p>\n<p>Der Grund f\u00e4llt sanft ab, wodurch der Einstieg ins Wasser allm\u00e4hlich und sicher ist. Wenn Sie ins Meer gehen, steigt das Wasser langsam um Ihre F\u00fc\u00dfe und enth\u00fcllt <strong>einen klaren und transparenten Grund<\/strong>, der ideal zum Schwimmen oder Baden auch f\u00fcr die Kleinsten ist.<\/p>\n<p>&nbsp;<\/p>\n<p>Die geringe Tiefe, die sich \u00fcber mehrere Meter vom Ufer erstreckt, erm\u00f6glicht es Ihnen, das Wasser unbesorgt zu genie\u00dfen, was diesen Strandabschnitt <strong>perfekt f\u00fcr Familien mit Kindern macht<\/strong>, die sicher spielen und baden k\u00f6nnen.<\/p>\n<p>&nbsp;<\/p>\n<p>Wenn Sie ein Naturliebhaber sind, werden Sie vielleicht feststellen, dass die Transparenz des Wassers es Ihnen erm\u00f6glicht, den Grund voller Meereslebewesen zu beobachten, von kleinen Muscheln bis zu Fischen, die sich zwischen den Felsen verstecken.<\/p>\n<p>&nbsp;<\/p>\n<p>Der Strand ist vom Campingplatz aus \u00fcber einen privaten Zugang erreichbar, der durch einen gr\u00fcnen und dichten Pinienwald f\u00fchrt. Wenige Meter und Sie haben die F\u00fc\u00dfe im Wasser\u2026<\/p>\n<p>&nbsp;<\/p>\n<p>Mit einem solchen Strand ist der Camping Reno, <strong>Kleiner Camping Ravenna Meer<\/strong>,\u00a0 sicherlich ein ideales Ziel f\u00fcr einen Urlaub im Zeichen der Entspannung und des Kontakts mit der Natur.<\/p>\n<p>&nbsp;<\/p>\n<p>Der Campingplatz Reno verf\u00fcgt \u00fcber <a href=\"https:\/\/www.campingreno.it\/de\/campingplatz-ravenna-italien-unterkuenfte\/\"><strong>Unterk\u00fcnfte<\/strong><\/a> und <a href=\"https:\/\/www.campingreno.it\/de\/camping-mit-stellplaetzen-ravenna-italien\/\"><strong>Stellpl\u00e4tze<\/strong><\/a> f\u00fcr Ihren Urlaub am Meer in Casal Borsetti, Ravenna.<\/p>\n<p>&nbsp;<\/p>\n<p>&nbsp;<\/p>\n<p><a href=\"https:\/\/www.scidoo.com\/preventivov2\/?cod=1209&amp;dataarr=2026-9-20&amp;notti=7&amp;adult=2&amp;children=&amp;IDsotto_struttura=0&amp;lang=4&amp;structure_type=0&amp;promocode=\"><strong>Verf\u00fcgbarkeit pr\u00fcfen und jetzt buchen<\/strong><\/a><\/p>\n<p>&nbsp;<\/p>\n","protected":false},"excerpt":{"rendered":"<p>Camping Reno, Kleiner Camping Ravenna Meer, ist eine wahre Oase f\u00fcr unsere G\u00e4ste, die eine ruhige und sichere Umgebung zum Entspannen oder Spielen mit ihren Kindern und zwischen Erwachsenen suchen. &nbsp; Perfekt f\u00fcr einen Spaziergang barfu\u00df entlang der Wasserlinie oder zum Sonnenbaden auf der eigenen Decke in der Sonne oder unter dem Sonnenschirm. &nbsp; Der [&hellip;]<\/p>\n","protected":false},"author":13,"featured_media":1962,"parent":1257,"menu_order":5,"comment_status":"closed","ping_status":"closed","template":"template-service-single.php","meta":{"footnotes":""},"yoast_head":"<!-- This site is optimized with the Yoast SEO plugin v22.3 - https:\/\/yoast.com\/wordpress\/plugins\/seo\/ -->\n<title>Kleiner Camping Ravenna Meer | mit feinem Sandstrand<\/title>\n<meta name=\"description\" content=\"Nat\u00fcrlich und ungez\u00e4hmt, wie es echte Camper lieben des Camping Reno, Kleiner Camping Ravenna am Meer mit feinem Sandstrand!\" \/>\n<meta name=\"robots\" content=\"index, follow, max-snippet:-1, max-image-preview:large, max-video-preview:-1\" \/>\n<link rel=\"canonical\" href=\"https:\/\/www.campingreno.it\/de\/campingplatz-emilia-romagna-am-meer-dienstleistungen\/kleiner-camping-mit-feinem-sandstrand-in-ravenna-am-meer\/\" \/>\n<meta property=\"og:locale\" content=\"de_DE\" \/>\n<meta property=\"og:type\" content=\"article\" \/>\n<meta property=\"og:title\" content=\"Kleiner Camping Ravenna Meer | mit feinem Sandstrand\" \/>\n<meta property=\"og:description\" content=\"Nat\u00fcrlich und ungez\u00e4hmt, wie es echte Camper lieben des Camping Reno, Kleiner Camping Ravenna am Meer mit feinem Sandstrand!\" \/>\n<meta property=\"og:url\" content=\"https:\/\/www.campingreno.it\/de\/campingplatz-emilia-romagna-am-meer-dienstleistungen\/kleiner-camping-mit-feinem-sandstrand-in-ravenna-am-meer\/\" \/>\n<meta property=\"og:site_name\" content=\"Camping Reno\" \/>\n<meta property=\"article:publisher\" content=\"https:\/\/facebook.com\/tomasitourism\" \/>\n<meta property=\"article:modified_time\" content=\"2025-12-11T14:36:25+00:00\" \/>\n<meta property=\"og:image\" content=\"https:\/\/www.campingreno.it\/wp-content\/uploads\/sites\/192\/2025\/03\/spiaggia-camping-reno-ravenna-14-1.jpg\" \/>\n\t<meta property=\"og:image:width\" content=\"2500\" \/>\n\t<meta property=\"og:image:height\" content=\"1667\" \/>\n\t<meta property=\"og:image:type\" content=\"image\/jpeg\" \/>\n<meta name=\"twitter:card\" content=\"summary_large_image\" \/>\n<meta name=\"twitter:label1\" content=\"Gesch\u00e4tzte Lesezeit\" \/>\n\t<meta name=\"twitter:data1\" content=\"2 Minuten\" \/>\n<script type=\"application\/ld+json\" class=\"yoast-schema-graph\">{\"@context\":\"https:\/\/schema.org\",\"@graph\":[{\"@type\":\"WebPage\",\"@id\":\"https:\/\/www.campingreno.it\/de\/campingplatz-emilia-romagna-am-meer-dienstleistungen\/kleiner-camping-mit-feinem-sandstrand-in-ravenna-am-meer\/\",\"url\":\"https:\/\/www.campingreno.it\/de\/campingplatz-emilia-romagna-am-meer-dienstleistungen\/kleiner-camping-mit-feinem-sandstrand-in-ravenna-am-meer\/\",\"name\":\"Kleiner Camping Ravenna Meer | mit feinem Sandstrand\",\"isPartOf\":{\"@id\":\"https:\/\/www.campingreno.it\/de\/#website\"},\"primaryImageOfPage\":{\"@id\":\"https:\/\/www.campingreno.it\/de\/campingplatz-emilia-romagna-am-meer-dienstleistungen\/kleiner-camping-mit-feinem-sandstrand-in-ravenna-am-meer\/#primaryimage\"},\"image\":{\"@id\":\"https:\/\/www.campingreno.it\/de\/campingplatz-emilia-romagna-am-meer-dienstleistungen\/kleiner-camping-mit-feinem-sandstrand-in-ravenna-am-meer\/#primaryimage\"},\"thumbnailUrl\":\"https:\/\/www.campingreno.it\/wp-content\/uploads\/sites\/192\/2025\/03\/spiaggia-camping-reno-ravenna-14-1.jpg\",\"datePublished\":\"2024-12-11T16:22:31+00:00\",\"dateModified\":\"2025-12-11T14:36:25+00:00\",\"description\":\"Nat\u00fcrlich und ungez\u00e4hmt, wie es echte Camper lieben des Camping Reno, Kleiner Camping Ravenna am Meer mit feinem Sandstrand!\",\"breadcrumb\":{\"@id\":\"https:\/\/www.campingreno.it\/de\/campingplatz-emilia-romagna-am-meer-dienstleistungen\/kleiner-camping-mit-feinem-sandstrand-in-ravenna-am-meer\/#breadcrumb\"},\"inLanguage\":\"de-DE\",\"potentialAction\":[{\"@type\":\"ReadAction\",\"target\":[\"https:\/\/www.campingreno.it\/de\/campingplatz-emilia-romagna-am-meer-dienstleistungen\/kleiner-camping-mit-feinem-sandstrand-in-ravenna-am-meer\/\"]}]},{\"@type\":\"ImageObject\",\"inLanguage\":\"de-DE\",\"@id\":\"https:\/\/www.campingreno.it\/de\/campingplatz-emilia-romagna-am-meer-dienstleistungen\/kleiner-camping-mit-feinem-sandstrand-in-ravenna-am-meer\/#primaryimage\",\"url\":\"https:\/\/www.campingreno.it\/wp-content\/uploads\/sites\/192\/2025\/03\/spiaggia-camping-reno-ravenna-14-1.jpg\",\"contentUrl\":\"https:\/\/www.campingreno.it\/wp-content\/uploads\/sites\/192\/2025\/03\/spiaggia-camping-reno-ravenna-14-1.jpg\",\"width\":2500,\"height\":1667,\"caption\":\"Kleiner Camping Ravenna Meer | mit feinem Sandstrand\"},{\"@type\":\"BreadcrumbList\",\"@id\":\"https:\/\/www.campingreno.it\/de\/campingplatz-emilia-romagna-am-meer-dienstleistungen\/kleiner-camping-mit-feinem-sandstrand-in-ravenna-am-meer\/#breadcrumb\",\"itemListElement\":[{\"@type\":\"ListItem\",\"position\":1,\"name\":\"Home\",\"item\":\"https:\/\/www.campingreno.it\/de\/\"},{\"@type\":\"ListItem\",\"position\":2,\"name\":\"Dienstleistungen\",\"item\":\"https:\/\/www.campingreno.it\/de\/campingplatz-emilia-romagna-am-meer-dienstleistungen\/\"},{\"@type\":\"ListItem\",\"position\":3,\"name\":\"Feinem-Sandstrand\"}]},{\"@type\":\"WebSite\",\"@id\":\"https:\/\/www.campingreno.it\/de\/#website\",\"url\":\"https:\/\/www.campingreno.it\/de\/\",\"name\":\"Camping Reno\",\"description\":\"\",\"publisher\":{\"@id\":\"https:\/\/www.campingreno.it\/de\/#organization\"},\"potentialAction\":[{\"@type\":\"SearchAction\",\"target\":{\"@type\":\"EntryPoint\",\"urlTemplate\":\"https:\/\/www.campingreno.it\/de\/?s={search_term_string}\"},\"query-input\":\"required name=search_term_string\"}],\"inLanguage\":\"de-DE\"},{\"@type\":\"Organization\",\"@id\":\"https:\/\/www.campingreno.it\/de\/#organization\",\"name\":\"Camping Reno\",\"url\":\"https:\/\/www.campingreno.it\/de\/\",\"logo\":{\"@type\":\"ImageObject\",\"inLanguage\":\"de-DE\",\"@id\":\"https:\/\/www.campingreno.it\/de\/#\/schema\/logo\/image\/\",\"url\":\"https:\/\/www.campingreno.it\/wp-content\/uploads\/sites\/192\/2024\/12\/logo_reno-no-sfondo-2.png\",\"contentUrl\":\"https:\/\/www.campingreno.it\/wp-content\/uploads\/sites\/192\/2024\/12\/logo_reno-no-sfondo-2.png\",\"width\":567,\"height\":286,\"caption\":\"Camping Reno\"},\"image\":{\"@id\":\"https:\/\/www.campingreno.it\/de\/#\/schema\/logo\/image\/\"},\"sameAs\":[\"https:\/\/facebook.com\/tomasitourism\",\"https:\/\/instagram.com\/camping_reno\"]}]}<\/script>\n<!-- \/ Yoast SEO plugin. -->","yoast_head_json":{"title":"Kleiner Camping Ravenna Meer | mit feinem Sandstrand","description":"Nat\u00fcrlich und ungez\u00e4hmt, wie es echte Camper lieben des Camping Reno, Kleiner Camping Ravenna am Meer mit feinem Sandstrand!","robots":{"index":"index","follow":"follow","max-snippet":"max-snippet:-1","max-image-preview":"max-image-preview:large","max-video-preview":"max-video-preview:-1"},"canonical":"https:\/\/www.campingreno.it\/de\/campingplatz-emilia-romagna-am-meer-dienstleistungen\/kleiner-camping-mit-feinem-sandstrand-in-ravenna-am-meer\/","og_locale":"de_DE","og_type":"article","og_title":"Kleiner Camping Ravenna Meer | mit feinem Sandstrand","og_description":"Nat\u00fcrlich und ungez\u00e4hmt, wie es echte Camper lieben des Camping Reno, Kleiner Camping Ravenna am Meer mit feinem Sandstrand!","og_url":"https:\/\/www.campingreno.it\/de\/campingplatz-emilia-romagna-am-meer-dienstleistungen\/kleiner-camping-mit-feinem-sandstrand-in-ravenna-am-meer\/","og_site_name":"Camping Reno","article_publisher":"https:\/\/facebook.com\/tomasitourism","article_modified_time":"2025-12-11T14:36:25+00:00","og_image":[{"width":2500,"height":1667,"url":"https:\/\/www.campingreno.it\/wp-content\/uploads\/sites\/192\/2025\/03\/spiaggia-camping-reno-ravenna-14-1.jpg","type":"image\/jpeg"}],"twitter_card":"summary_large_image","twitter_misc":{"Gesch\u00e4tzte Lesezeit":"2 Minuten"},"schema":{"@context":"https:\/\/schema.org","@graph":[{"@type":"WebPage","@id":"https:\/\/www.campingreno.it\/de\/campingplatz-emilia-romagna-am-meer-dienstleistungen\/kleiner-camping-mit-feinem-sandstrand-in-ravenna-am-meer\/","url":"https:\/\/www.campingreno.it\/de\/campingplatz-emilia-romagna-am-meer-dienstleistungen\/kleiner-camping-mit-feinem-sandstrand-in-ravenna-am-meer\/","name":"Kleiner Camping Ravenna Meer | mit feinem Sandstrand","isPartOf":{"@id":"https:\/\/www.campingreno.it\/de\/#website"},"primaryImageOfPage":{"@id":"https:\/\/www.campingreno.it\/de\/campingplatz-emilia-romagna-am-meer-dienstleistungen\/kleiner-camping-mit-feinem-sandstrand-in-ravenna-am-meer\/#primaryimage"},"image":{"@id":"https:\/\/www.campingreno.it\/de\/campingplatz-emilia-romagna-am-meer-dienstleistungen\/kleiner-camping-mit-feinem-sandstrand-in-ravenna-am-meer\/#primaryimage"},"thumbnailUrl":"https:\/\/www.campingreno.it\/wp-content\/uploads\/sites\/192\/2025\/03\/spiaggia-camping-reno-ravenna-14-1.jpg","datePublished":"2024-12-11T16:22:31+00:00","dateModified":"2025-12-11T14:36:25+00:00","description":"Nat\u00fcrlich und ungez\u00e4hmt, wie es echte Camper lieben des Camping Reno, Kleiner Camping Ravenna am Meer mit feinem Sandstrand!","breadcrumb":{"@id":"https:\/\/www.campingreno.it\/de\/campingplatz-emilia-romagna-am-meer-dienstleistungen\/kleiner-camping-mit-feinem-sandstrand-in-ravenna-am-meer\/#breadcrumb"},"inLanguage":"de-DE","potentialAction":[{"@type":"ReadAction","target":["https:\/\/www.campingreno.it\/de\/campingplatz-emilia-romagna-am-meer-dienstleistungen\/kleiner-camping-mit-feinem-sandstrand-in-ravenna-am-meer\/"]}]},{"@type":"ImageObject","inLanguage":"de-DE","@id":"https:\/\/www.campingreno.it\/de\/campingplatz-emilia-romagna-am-meer-dienstleistungen\/kleiner-camping-mit-feinem-sandstrand-in-ravenna-am-meer\/#primaryimage","url":"https:\/\/www.campingreno.it\/wp-content\/uploads\/sites\/192\/2025\/03\/spiaggia-camping-reno-ravenna-14-1.jpg","contentUrl":"https:\/\/www.campingreno.it\/wp-content\/uploads\/sites\/192\/2025\/03\/spiaggia-camping-reno-ravenna-14-1.jpg","width":2500,"height":1667,"caption":"Kleiner Camping Ravenna Meer | mit feinem Sandstrand"},{"@type":"BreadcrumbList","@id":"https:\/\/www.campingreno.it\/de\/campingplatz-emilia-romagna-am-meer-dienstleistungen\/kleiner-camping-mit-feinem-sandstrand-in-ravenna-am-meer\/#breadcrumb","itemListElement":[{"@type":"ListItem","position":1,"name":"Home","item":"https:\/\/www.campingreno.it\/de\/"},{"@type":"ListItem","position":2,"name":"Dienstleistungen","item":"https:\/\/www.campingreno.it\/de\/campingplatz-emilia-romagna-am-meer-dienstleistungen\/"},{"@type":"ListItem","position":3,"name":"Feinem-Sandstrand"}]},{"@type":"WebSite","@id":"https:\/\/www.campingreno.it\/de\/#website","url":"https:\/\/www.campingreno.it\/de\/","name":"Camping Reno","description":"","publisher":{"@id":"https:\/\/www.campingreno.it\/de\/#organization"},"potentialAction":[{"@type":"SearchAction","target":{"@type":"EntryPoint","urlTemplate":"https:\/\/www.campingreno.it\/de\/?s={search_term_string}"},"query-input":"required name=search_term_string"}],"inLanguage":"de-DE"},{"@type":"Organization","@id":"https:\/\/www.campingreno.it\/de\/#organization","name":"Camping Reno","url":"https:\/\/www.campingreno.it\/de\/","logo":{"@type":"ImageObject","inLanguage":"de-DE","@id":"https:\/\/www.campingreno.it\/de\/#\/schema\/logo\/image\/","url":"https:\/\/www.campingreno.it\/wp-content\/uploads\/sites\/192\/2024\/12\/logo_reno-no-sfondo-2.png","contentUrl":"https:\/\/www.campingreno.it\/wp-content\/uploads\/sites\/192\/2024\/12\/logo_reno-no-sfondo-2.png","width":567,"height":286,"caption":"Camping Reno"},"image":{"@id":"https:\/\/www.campingreno.it\/de\/#\/schema\/logo\/image\/"},"sameAs":["https:\/\/facebook.com\/tomasitourism","https:\/\/instagram.com\/camping_reno"]}]}},"acf":[],"_links":{"self":[{"href":"https:\/\/www.campingreno.it\/de\/wp-json\/wp\/v2\/pages\/1267"}],"collection":[{"href":"https:\/\/www.campingreno.it\/de\/wp-json\/wp\/v2\/pages"}],"about":[{"href":"https:\/\/www.campingreno.it\/de\/wp-json\/wp\/v2\/types\/page"}],"author":[{"embeddable":true,"href":"https:\/\/www.campingreno.it\/de\/wp-json\/wp\/v2\/users\/13"}],"replies":[{"embeddable":true,"href":"https:\/\/www.campingreno.it\/de\/wp-json\/wp\/v2\/comments?post=1267"}],"version-history":[{"count":0,"href":"https:\/\/www.campingreno.it\/de\/wp-json\/wp\/v2\/pages\/1267\/revisions"}],"up":[{"embeddable":true,"href":"https:\/\/www.campingreno.it\/de\/wp-json\/wp\/v2\/pages\/1257"}],"wp:featuredmedia":[{"embeddable":true,"href":"https:\/\/www.campingreno.it\/de\/wp-json\/wp\/v2\/media\/1962"}],"wp:attachment":[{"href":"https:\/\/www.campingreno.it\/de\/wp-json\/wp\/v2\/media?parent=1267"}],"curies":[{"name":"wp","href":"https:\/\/api.w.org\/{rel}","templated":true}]}}