   {"id":1273,"date":"2024-12-11T10:54:04","date_gmt":"2024-12-11T10:54:04","guid":{"rendered":"https:\/\/www.campingreno.it\/?page_id=1273"},"modified":"2025-12-11T14:47:56","modified_gmt":"2025-12-11T14:47:56","slug":"camping-mit-hundestrand-ravenna-sonnenschirmverleih","status":"publish","type":"page","link":"https:\/\/www.campingreno.it\/de\/campingplatz-emilia-romagna-am-meer-dienstleistungen\/camping-mit-hundestrand-ravenna-sonnenschirmverleih\/","title":{"rendered":"Sonnenschirmverleih"},"content":{"rendered":"<p>Dieser Service of Camping Reno, <strong>Kliene Camping Mit Hundestrand Ravenna Adriakuste<\/strong>, soll den G\u00e4sten des Campingplatzes Komfort und Bequemlichkeit bieten, die die Sonne genie\u00dfen m\u00f6chten, ohne die gesamte Ausr\u00fcstung zum Strand mitbringen zu m\u00fcssen. Sehen wir uns genauer an, wie es funktioniert:<\/p>\n<p>&nbsp;<\/p>\n<p><strong>Der Sonnenschirm steht unseren G\u00e4sten von 15:00 Uhr am Anreisetag bis 13:00 Uhr am Abreisetag zur Verf\u00fcgung.<\/strong><\/p>\n<p>&nbsp;<\/p>\n<p><strong>VERF\u00dcGBARKEIT:<\/strong><\/p>\n<p>Sonnenschirme und Liegen sind je nach Verf\u00fcgbarkeit zu mieten, wir empfehlen eine Reservierung.<\/p>\n<p>&nbsp;<\/p>\n<p><strong>MIETARTEN:<\/strong><\/p>\n<p>Sie k\u00f6nnen zwischen verschiedenen Optionen w\u00e4hlen, je nach Bereich des Campingplatzes und Verf\u00fcgbarkeit:<\/p>\n<p>a. <strong>Einzelner Sonnenschirm<\/strong>: Wird oft mit zwei passenden Liegen vermietet.<\/p>\n<p>b. <strong>Einzel- oder Doppelliegen:<\/strong> Werden normalerweise paarweise f\u00fcr mehr Komfort angeboten. Es kann sich um Sonnenliegen oder auch um Liegest\u00fchle handeln, die bequemer zum Entspannen sind.<\/p>\n<p>&nbsp;<\/p>\n<p><strong>SO FUNKTIONIERT DIE MIETE:<\/strong><\/p>\n<p><strong>Reservierung:<\/strong> Aufgrund der begrenzten Verf\u00fcgbarkeit empfehlen wir unseren G\u00e4sten, den Sonnenschirm und die Liegen im Voraus zu reservieren, entweder bei der Buchung oder w\u00e4hrend des Aufenthalts auf dem Campingplatz an der Rezeption. Die Verf\u00fcgbarkeit kann je nach Nachfrage und Saison variieren.<\/p>\n<p>&nbsp;<\/p>\n<p><strong>Tarife: Die Mietkosten h\u00e4ngen von der Mietdauer ab. Wir haben:<\/strong><\/p>\n<p>&nbsp;<\/p>\n<p><strong>a. Tagesmiete<\/strong><\/p>\n<p>Sonnenschirm + 1 Liege \u20ac 12<\/p>\n<p>Sonnenschirm + 2 Liegen \u20ac 15<\/p>\n<p>Sonnenschirm + 3 Liegen \u20ac 18<\/p>\n<p>Nur Sonnenschirm \u20ac 6<\/p>\n<p>Nur Liege \u20ac 6<\/p>\n<p>&nbsp;<\/p>\n<p><strong>b. Wochenmiete<\/strong><\/p>\n<p>Sonnenschirm + 1 Liege \u20ac 60<\/p>\n<p>Sonnenschirm + 2 Liegen \u20ac 75<\/p>\n<p>Sonnenschirm + 3 Liegen \u20ac 90<\/p>\n<p>Nur Sonnenschirm \u20ac 30<\/p>\n<p>Nur Liege \u20ac 30<\/p>\n<p>&nbsp;<\/p>\n<p>&nbsp;<\/p>\n<p><strong>VORTEILE DER MIETE:<\/strong><\/p>\n<p><strong>Praktisch:<\/strong> Sie m\u00fcssen keine Sonnenschirme, Liegen oder andere sperrige Gegenst\u00e4nde mitbringen und sparen so Platz in Ihrer Ausr\u00fcstung.<\/p>\n<p><strong>Bequemlichkeit:<\/strong> Die Einrichtungen sind oft gut in der N\u00e4he des Strandes oder des Pools gelegen, so dass Sie sich leicht entspannen k\u00f6nnen, ohne einen freien Platz suchen zu m\u00fcssen.<\/p>\n<p><strong>Zugang zu einem gesch\u00fctzten Bereich:<\/strong> In einigen Bereichen sind die Liegen und Sonnenschirme ordentlich angeordnet und schaffen so einen vor Wind oder intensiver Sonne gesch\u00fctzten Raum.<\/p>\n<p><strong>Zus\u00e4tzliche Leistungen:<\/strong> Die M\u00f6glichkeit, weitere Leistungen wie kalte Getr\u00e4nke, Schatten und die Gewissheit, dass Ihr Bereich gut ausgestattet ist, zu genie\u00dfen.<\/p>\n<p>&nbsp;<\/p>\n<p>&nbsp;<\/p>\n<p>Im Allgemeinen ist die Vermietung von Sonnenschirmen und Liegen auf Campingpl\u00e4tzen eine bequeme L\u00f6sung f\u00fcr diejenigen, die ihren Urlaub genie\u00dfen m\u00f6chten, ohne sich um den Transport sperriger Ger\u00e4te k\u00fcmmern zu m\u00fcssen. Und obwohl es zus\u00e4tzliche Kosten sind, lohnt es sich oft f\u00fcr den Komfort und die Bequemlichkeit, die es bietet, besonders an sonnigen Tagen.<\/p>\n<p>&nbsp;<\/p>\n<p>&nbsp;<\/p>\n<p data-sourcepos=\"31:1-31:80\">Der Campingplatz Reno,<strong> Camping Mit Hundestrand Ravenna Adriakuste<\/strong>,\u00a0 verf\u00fcgt \u00fcber <a href=\"https:\/\/www.campingreno.it\/de\/campingplatz-ravenna-italien-unterkuenfte\/\"><strong>Unterk\u00fcnfte<\/strong><\/a> und <a href=\"https:\/\/www.campingreno.it\/de\/camping-mit-stellplaetzen-ravenna-italien\/\"><strong>Stellpl\u00e4tze<\/strong><\/a> f\u00fcr Ihren Urlaub am Meer in Casal Borsetti, Ravenna.<\/p>\n<p data-sourcepos=\"31:1-31:80\"><a href=\"https:\/\/www.scidoo.com\/preventivov2\/?cod=1209&amp;dataarr=2025-4-5&amp;notti=7&amp;adult=1&amp;children=&amp;IDsotto_struttura=0&amp;lang=4\"><strong>Verf\u00fcgbarkeit pr\u00fcfen und jetzt buchen<\/strong><\/a><\/p>\n<p>&nbsp;<\/p>\n<p>&nbsp;<\/p>\n","protected":false},"excerpt":{"rendered":"<p>Dieser Service of Camping Reno, Kliene Camping Mit Hundestrand Ravenna Adriakuste, soll den G\u00e4sten des Campingplatzes Komfort und Bequemlichkeit bieten, die die Sonne genie\u00dfen m\u00f6chten, ohne die gesamte Ausr\u00fcstung zum Strand mitbringen zu m\u00fcssen. Sehen wir uns genauer an, wie es funktioniert: &nbsp; Der Sonnenschirm steht unseren G\u00e4sten von 15:00 Uhr am Anreisetag bis 13:00 [&hellip;]<\/p>\n","protected":false},"author":13,"featured_media":1634,"parent":1257,"menu_order":8,"comment_status":"closed","ping_status":"closed","template":"template-service-single.php","meta":{"footnotes":""},"class_list":["post-1273","page","type-page","status-publish","has-post-thumbnail","hentry"],"yoast_head":"<!-- This site is optimized with the Yoast SEO plugin v27.3 - https:\/\/yoast.com\/product\/yoast-seo-wordpress\/ -->\n<title>Camping Mit Hundestrand Ravenna | Sonnenschirmverleih<\/title>\n<meta name=\"description\" content=\"Auf dem Camping Reno, Kleinen Camping Mit Hundestrand Ravenna Adriakuste, am Meer, Sonnenschirme-Liegen befinden sich 5mt vom Meer entfernt.\" \/>\n<meta name=\"robots\" content=\"index, follow, max-snippet:-1, max-image-preview:large, max-video-preview:-1\" \/>\n<link rel=\"canonical\" href=\"https:\/\/www.campingreno.it\/de\/campingplatz-emilia-romagna-am-meer-dienstleistungen\/camping-mit-hundestrand-ravenna-sonnenschirmverleih\/\" \/>\n<meta property=\"og:locale\" content=\"de_DE\" \/>\n<meta property=\"og:type\" content=\"article\" \/>\n<meta property=\"og:title\" content=\"Camping Mit Hundestrand Ravenna | Sonnenschirmverleih\" \/>\n<meta property=\"og:description\" content=\"Auf dem Camping Reno, Kleinen Camping Mit Hundestrand Ravenna Adriakuste, am Meer, Sonnenschirme-Liegen befinden sich 5mt vom Meer entfernt.\" \/>\n<meta property=\"og:url\" content=\"https:\/\/www.campingreno.it\/de\/campingplatz-emilia-romagna-am-meer-dienstleistungen\/camping-mit-hundestrand-ravenna-sonnenschirmverleih\/\" \/>\n<meta property=\"og:site_name\" content=\"Camping Reno\" \/>\n<meta property=\"article:publisher\" content=\"https:\/\/facebook.com\/tomasitourism\" \/>\n<meta property=\"article:modified_time\" content=\"2025-12-11T14:47:56+00:00\" \/>\n<meta property=\"og:image\" content=\"https:\/\/www.campingreno.it\/wp-content\/uploads\/sites\/192\/2025\/03\/lettino-sdraio-spiaggia-mare-camping-reno.jpg\" \/>\n\t<meta property=\"og:image:width\" content=\"700\" \/>\n\t<meta property=\"og:image:height\" content=\"493\" \/>\n\t<meta property=\"og:image:type\" content=\"image\/jpeg\" \/>\n<meta name=\"twitter:card\" content=\"summary_large_image\" \/>\n<meta name=\"twitter:label1\" content=\"Gesch\u00e4tzte Lesezeit\" \/>\n\t<meta name=\"twitter:data1\" content=\"3 Minuten\" \/>\n<script type=\"application\/ld+json\" class=\"yoast-schema-graph\">{\"@context\":\"https:\\\/\\\/schema.org\",\"@graph\":[{\"@type\":\"WebPage\",\"@id\":\"https:\\\/\\\/www.campingreno.it\\\/de\\\/campingplatz-emilia-romagna-am-meer-dienstleistungen\\\/camping-mit-hundestrand-ravenna-sonnenschirmverleih\\\/\",\"url\":\"https:\\\/\\\/www.campingreno.it\\\/de\\\/campingplatz-emilia-romagna-am-meer-dienstleistungen\\\/camping-mit-hundestrand-ravenna-sonnenschirmverleih\\\/\",\"name\":\"Camping Mit Hundestrand Ravenna | Sonnenschirmverleih\",\"isPartOf\":{\"@id\":\"https:\\\/\\\/www.campingreno.it\\\/de\\\/#website\"},\"primaryImageOfPage\":{\"@id\":\"https:\\\/\\\/www.campingreno.it\\\/de\\\/campingplatz-emilia-romagna-am-meer-dienstleistungen\\\/camping-mit-hundestrand-ravenna-sonnenschirmverleih\\\/#primaryimage\"},\"image\":{\"@id\":\"https:\\\/\\\/www.campingreno.it\\\/de\\\/campingplatz-emilia-romagna-am-meer-dienstleistungen\\\/camping-mit-hundestrand-ravenna-sonnenschirmverleih\\\/#primaryimage\"},\"thumbnailUrl\":\"https:\\\/\\\/www.campingreno.it\\\/wp-content\\\/uploads\\\/sites\\\/192\\\/2025\\\/03\\\/lettino-sdraio-spiaggia-mare-camping-reno.jpg\",\"datePublished\":\"2024-12-11T10:54:04+00:00\",\"dateModified\":\"2025-12-11T14:47:56+00:00\",\"description\":\"Auf dem Camping Reno, Kleinen Camping Mit Hundestrand Ravenna Adriakuste, am Meer, Sonnenschirme-Liegen befinden sich 5mt vom Meer entfernt.\",\"breadcrumb\":{\"@id\":\"https:\\\/\\\/www.campingreno.it\\\/de\\\/campingplatz-emilia-romagna-am-meer-dienstleistungen\\\/camping-mit-hundestrand-ravenna-sonnenschirmverleih\\\/#breadcrumb\"},\"inLanguage\":\"de-DE\",\"potentialAction\":[{\"@type\":\"ReadAction\",\"target\":[\"https:\\\/\\\/www.campingreno.it\\\/de\\\/campingplatz-emilia-romagna-am-meer-dienstleistungen\\\/camping-mit-hundestrand-ravenna-sonnenschirmverleih\\\/\"]}]},{\"@type\":\"ImageObject\",\"inLanguage\":\"de-DE\",\"@id\":\"https:\\\/\\\/www.campingreno.it\\\/de\\\/campingplatz-emilia-romagna-am-meer-dienstleistungen\\\/camping-mit-hundestrand-ravenna-sonnenschirmverleih\\\/#primaryimage\",\"url\":\"https:\\\/\\\/www.campingreno.it\\\/wp-content\\\/uploads\\\/sites\\\/192\\\/2025\\\/03\\\/lettino-sdraio-spiaggia-mare-camping-reno.jpg\",\"contentUrl\":\"https:\\\/\\\/www.campingreno.it\\\/wp-content\\\/uploads\\\/sites\\\/192\\\/2025\\\/03\\\/lettino-sdraio-spiaggia-mare-camping-reno.jpg\",\"width\":700,\"height\":493,\"caption\":\"Camping Mit Hundestrand Ravenna | Sonnenschirmverleih\"},{\"@type\":\"BreadcrumbList\",\"@id\":\"https:\\\/\\\/www.campingreno.it\\\/de\\\/campingplatz-emilia-romagna-am-meer-dienstleistungen\\\/camping-mit-hundestrand-ravenna-sonnenschirmverleih\\\/#breadcrumb\",\"itemListElement\":[{\"@type\":\"ListItem\",\"position\":1,\"name\":\"Home\",\"item\":\"https:\\\/\\\/www.campingreno.it\\\/de\\\/\"},{\"@type\":\"ListItem\",\"position\":2,\"name\":\"Dienstleistungen\",\"item\":\"https:\\\/\\\/www.campingreno.it\\\/de\\\/campingplatz-emilia-romagna-am-meer-dienstleistungen\\\/\"},{\"@type\":\"ListItem\",\"position\":3,\"name\":\"Sonnenschirmverleih\"}]},{\"@type\":\"WebSite\",\"@id\":\"https:\\\/\\\/www.campingreno.it\\\/de\\\/#website\",\"url\":\"https:\\\/\\\/www.campingreno.it\\\/de\\\/\",\"name\":\"Camping Reno\",\"description\":\"\",\"publisher\":{\"@id\":\"https:\\\/\\\/www.campingreno.it\\\/de\\\/#organization\"},\"potentialAction\":[{\"@type\":\"SearchAction\",\"target\":{\"@type\":\"EntryPoint\",\"urlTemplate\":\"https:\\\/\\\/www.campingreno.it\\\/de\\\/?s={search_term_string}\"},\"query-input\":{\"@type\":\"PropertyValueSpecification\",\"valueRequired\":true,\"valueName\":\"search_term_string\"}}],\"inLanguage\":\"de-DE\"},{\"@type\":\"Organization\",\"@id\":\"https:\\\/\\\/www.campingreno.it\\\/de\\\/#organization\",\"name\":\"Camping Reno\",\"url\":\"https:\\\/\\\/www.campingreno.it\\\/de\\\/\",\"logo\":{\"@type\":\"ImageObject\",\"inLanguage\":\"de-DE\",\"@id\":\"https:\\\/\\\/www.campingreno.it\\\/de\\\/#\\\/schema\\\/logo\\\/image\\\/\",\"url\":\"https:\\\/\\\/www.campingreno.it\\\/wp-content\\\/uploads\\\/sites\\\/192\\\/2024\\\/12\\\/logo_reno-no-sfondo-2.png\",\"contentUrl\":\"https:\\\/\\\/www.campingreno.it\\\/wp-content\\\/uploads\\\/sites\\\/192\\\/2024\\\/12\\\/logo_reno-no-sfondo-2.png\",\"width\":567,\"height\":286,\"caption\":\"Camping Reno\"},\"image\":{\"@id\":\"https:\\\/\\\/www.campingreno.it\\\/de\\\/#\\\/schema\\\/logo\\\/image\\\/\"},\"sameAs\":[\"https:\\\/\\\/facebook.com\\\/tomasitourism\",\"https:\\\/\\\/instagram.com\\\/camping_reno\"]}]}<\/script>\n<!-- \/ Yoast SEO plugin. -->","yoast_head_json":{"title":"Camping Mit Hundestrand Ravenna | Sonnenschirmverleih","description":"Auf dem Camping Reno, Kleinen Camping Mit Hundestrand Ravenna Adriakuste, am Meer, Sonnenschirme-Liegen befinden sich 5mt vom Meer entfernt.","robots":{"index":"index","follow":"follow","max-snippet":"max-snippet:-1","max-image-preview":"max-image-preview:large","max-video-preview":"max-video-preview:-1"},"canonical":"https:\/\/www.campingreno.it\/de\/campingplatz-emilia-romagna-am-meer-dienstleistungen\/camping-mit-hundestrand-ravenna-sonnenschirmverleih\/","og_locale":"de_DE","og_type":"article","og_title":"Camping Mit Hundestrand Ravenna | Sonnenschirmverleih","og_description":"Auf dem Camping Reno, Kleinen Camping Mit Hundestrand Ravenna Adriakuste, am Meer, Sonnenschirme-Liegen befinden sich 5mt vom Meer entfernt.","og_url":"https:\/\/www.campingreno.it\/de\/campingplatz-emilia-romagna-am-meer-dienstleistungen\/camping-mit-hundestrand-ravenna-sonnenschirmverleih\/","og_site_name":"Camping Reno","article_publisher":"https:\/\/facebook.com\/tomasitourism","article_modified_time":"2025-12-11T14:47:56+00:00","og_image":[{"width":700,"height":493,"url":"https:\/\/www.campingreno.it\/wp-content\/uploads\/sites\/192\/2025\/03\/lettino-sdraio-spiaggia-mare-camping-reno.jpg","type":"image\/jpeg"}],"twitter_card":"summary_large_image","twitter_misc":{"Gesch\u00e4tzte Lesezeit":"3 Minuten"},"schema":{"@context":"https:\/\/schema.org","@graph":[{"@type":"WebPage","@id":"https:\/\/www.campingreno.it\/de\/campingplatz-emilia-romagna-am-meer-dienstleistungen\/camping-mit-hundestrand-ravenna-sonnenschirmverleih\/","url":"https:\/\/www.campingreno.it\/de\/campingplatz-emilia-romagna-am-meer-dienstleistungen\/camping-mit-hundestrand-ravenna-sonnenschirmverleih\/","name":"Camping Mit Hundestrand Ravenna | Sonnenschirmverleih","isPartOf":{"@id":"https:\/\/www.campingreno.it\/de\/#website"},"primaryImageOfPage":{"@id":"https:\/\/www.campingreno.it\/de\/campingplatz-emilia-romagna-am-meer-dienstleistungen\/camping-mit-hundestrand-ravenna-sonnenschirmverleih\/#primaryimage"},"image":{"@id":"https:\/\/www.campingreno.it\/de\/campingplatz-emilia-romagna-am-meer-dienstleistungen\/camping-mit-hundestrand-ravenna-sonnenschirmverleih\/#primaryimage"},"thumbnailUrl":"https:\/\/www.campingreno.it\/wp-content\/uploads\/sites\/192\/2025\/03\/lettino-sdraio-spiaggia-mare-camping-reno.jpg","datePublished":"2024-12-11T10:54:04+00:00","dateModified":"2025-12-11T14:47:56+00:00","description":"Auf dem Camping Reno, Kleinen Camping Mit Hundestrand Ravenna Adriakuste, am Meer, Sonnenschirme-Liegen befinden sich 5mt vom Meer entfernt.","breadcrumb":{"@id":"https:\/\/www.campingreno.it\/de\/campingplatz-emilia-romagna-am-meer-dienstleistungen\/camping-mit-hundestrand-ravenna-sonnenschirmverleih\/#breadcrumb"},"inLanguage":"de-DE","potentialAction":[{"@type":"ReadAction","target":["https:\/\/www.campingreno.it\/de\/campingplatz-emilia-romagna-am-meer-dienstleistungen\/camping-mit-hundestrand-ravenna-sonnenschirmverleih\/"]}]},{"@type":"ImageObject","inLanguage":"de-DE","@id":"https:\/\/www.campingreno.it\/de\/campingplatz-emilia-romagna-am-meer-dienstleistungen\/camping-mit-hundestrand-ravenna-sonnenschirmverleih\/#primaryimage","url":"https:\/\/www.campingreno.it\/wp-content\/uploads\/sites\/192\/2025\/03\/lettino-sdraio-spiaggia-mare-camping-reno.jpg","contentUrl":"https:\/\/www.campingreno.it\/wp-content\/uploads\/sites\/192\/2025\/03\/lettino-sdraio-spiaggia-mare-camping-reno.jpg","width":700,"height":493,"caption":"Camping Mit Hundestrand Ravenna | Sonnenschirmverleih"},{"@type":"BreadcrumbList","@id":"https:\/\/www.campingreno.it\/de\/campingplatz-emilia-romagna-am-meer-dienstleistungen\/camping-mit-hundestrand-ravenna-sonnenschirmverleih\/#breadcrumb","itemListElement":[{"@type":"ListItem","position":1,"name":"Home","item":"https:\/\/www.campingreno.it\/de\/"},{"@type":"ListItem","position":2,"name":"Dienstleistungen","item":"https:\/\/www.campingreno.it\/de\/campingplatz-emilia-romagna-am-meer-dienstleistungen\/"},{"@type":"ListItem","position":3,"name":"Sonnenschirmverleih"}]},{"@type":"WebSite","@id":"https:\/\/www.campingreno.it\/de\/#website","url":"https:\/\/www.campingreno.it\/de\/","name":"Camping Reno","description":"","publisher":{"@id":"https:\/\/www.campingreno.it\/de\/#organization"},"potentialAction":[{"@type":"SearchAction","target":{"@type":"EntryPoint","urlTemplate":"https:\/\/www.campingreno.it\/de\/?s={search_term_string}"},"query-input":{"@type":"PropertyValueSpecification","valueRequired":true,"valueName":"search_term_string"}}],"inLanguage":"de-DE"},{"@type":"Organization","@id":"https:\/\/www.campingreno.it\/de\/#organization","name":"Camping Reno","url":"https:\/\/www.campingreno.it\/de\/","logo":{"@type":"ImageObject","inLanguage":"de-DE","@id":"https:\/\/www.campingreno.it\/de\/#\/schema\/logo\/image\/","url":"https:\/\/www.campingreno.it\/wp-content\/uploads\/sites\/192\/2024\/12\/logo_reno-no-sfondo-2.png","contentUrl":"https:\/\/www.campingreno.it\/wp-content\/uploads\/sites\/192\/2024\/12\/logo_reno-no-sfondo-2.png","width":567,"height":286,"caption":"Camping Reno"},"image":{"@id":"https:\/\/www.campingreno.it\/de\/#\/schema\/logo\/image\/"},"sameAs":["https:\/\/facebook.com\/tomasitourism","https:\/\/instagram.com\/camping_reno"]}]}},"acf":[],"_links":{"self":[{"href":"https:\/\/www.campingreno.it\/de\/wp-json\/wp\/v2\/pages\/1273","targetHints":{"allow":["GET"]}}],"collection":[{"href":"https:\/\/www.campingreno.it\/de\/wp-json\/wp\/v2\/pages"}],"about":[{"href":"https:\/\/www.campingreno.it\/de\/wp-json\/wp\/v2\/types\/page"}],"author":[{"embeddable":true,"href":"https:\/\/www.campingreno.it\/de\/wp-json\/wp\/v2\/users\/13"}],"replies":[{"embeddable":true,"href":"https:\/\/www.campingreno.it\/de\/wp-json\/wp\/v2\/comments?post=1273"}],"version-history":[{"count":0,"href":"https:\/\/www.campingreno.it\/de\/wp-json\/wp\/v2\/pages\/1273\/revisions"}],"up":[{"embeddable":true,"href":"https:\/\/www.campingreno.it\/de\/wp-json\/wp\/v2\/pages\/1257"}],"wp:featuredmedia":[{"embeddable":true,"href":"https:\/\/www.campingreno.it\/de\/wp-json\/wp\/v2\/media\/1634"}],"wp:attachment":[{"href":"https:\/\/www.campingreno.it\/de\/wp-json\/wp\/v2\/media?parent=1273"}],"curies":[{"name":"wp","href":"https:\/\/api.w.org\/{rel}","templated":true}]}}