   {"id":1297,"date":"2024-12-11T10:55:03","date_gmt":"2024-12-11T10:55:03","guid":{"rendered":"https:\/\/www.campingreno.it\/?page_id=1297"},"modified":"2025-12-12T11:49:29","modified_gmt":"2025-12-12T11:49:29","slug":"kleiner-campingplatz-italien-adria-stellplatz-waescheservice","status":"publish","type":"page","link":"https:\/\/www.campingreno.it\/de\/campingplatz-emilia-romagna-am-meer-dienstleistungen\/kleiner-campingplatz-italien-adria-stellplatz-waescheservice\/","title":{"rendered":"Waescheservice"},"content":{"rendered":"<p>Der Waschsalon mit M\u00fcnzeinwurf auf einem <strong>Kleiner Campingplatz italien Adria Stellplatz<\/strong> ist eine praktische und bequeme Option, um Ihre Kleidung w\u00e4hrend eines Urlaubsaufenthalts zu waschen. Der Waschsalon ist f\u00fcr alle G\u00e4ste des Campingplatzes zug\u00e4nglich, erfordert jedoch die Verwendung von M\u00fcnzen oder Jetons, die Sie im Jetonsautomaten direkt im Waschsalonbereich finden.<\/p>\n<p>&nbsp;<\/p>\n<p>&nbsp;<\/p>\n<p><strong>Standort und Zugang:<\/strong> Der Waschsalon befindet sich in zwei ausgewiesenen Bereichen des Campingplatzes, n\u00e4mlich in den \u00f6ffentlichen B\u00e4dern. Der Zugang ist frei und die Nutzung der Maschinen wird durch M\u00fcnzeinwurf geregelt.<\/p>\n<p>&nbsp;<\/p>\n<p>&nbsp;<\/p>\n<p><strong>Waschmaschinen:<\/strong> Die Waschmaschinen sind in der Regel modern und in gutem Zustand, mit unterschiedlichen Kapazit\u00e4ten je nach Bedarf (z. B. 5 kg oder 7 kg W\u00e4sche). Um sie zu benutzen, m\u00fcssen Sie die Jetons (oder M\u00fcnzen) in die Maschine einwerfen. Die Waschmaschine gibt das Waschmittel automatisch ab.<\/p>\n<p>&nbsp;<\/p>\n<p>&nbsp;<\/p>\n<p><strong>M\u00fcnzen:<\/strong> Trockner und Waschmaschine funktionieren mit M\u00fcnzen und die Kosten f\u00fcr jeden Zyklus betragen 4 \u20ac.<\/p>\n<p>&nbsp;<\/p>\n<p>&nbsp;<\/p>\n<p><strong>Waschzyklus:<\/strong> Nach dem Einwerfen der M\u00fcnze w\u00e4hlen Sie das gew\u00fcnschte Waschprogramm, je nach Art der W\u00e4sche (empfindlich, Baumwolle, Synthetik usw.). Die Waschzyklen dauern in der Regel zwischen 30 und 60 Minuten, je nach Maschine.<\/p>\n<p>&nbsp;<\/p>\n<p>&nbsp;<\/p>\n<p><strong>Trocknen:<\/strong> Nach dem Waschen k\u00f6nnen Sie die M\u00fcnztrockner verwenden, die \u00e4hnlich funktionieren.<\/p>\n<p>&nbsp;<\/p>\n<p>&nbsp;<\/p>\n<p>Im Allgemeinen ist der M\u00fcnzwaschsalon auf einem Campingplatz einfach und funktionell, perfekt f\u00fcr diejenigen, die ihre Kleidung w\u00e4hrend eines Urlaubs waschen m\u00fcssen, ohne einen Waschsalon au\u00dferhalb des Campingplatzes suchen zu m\u00fcssen.<\/p>\n<p>&nbsp;<\/p>\n<p>&nbsp;<\/p>\n<p data-sourcepos=\"31:1-31:80\">Der Campingplatz Reno,<strong> Kleiner Campingplatz italien Adria Stellplatz<\/strong>,\u00a0 verf\u00fcgt \u00fcber <a href=\"https:\/\/www.campingreno.it\/de\/campingplatz-ravenna-italien-unterkuenfte\/\"><strong>Unterk\u00fcnfte<\/strong><\/a> und <a href=\"https:\/\/www.campingreno.it\/de\/camping-mit-stellplaetzen-ravenna-italien\/\"><strong>Stellpl\u00e4tze<\/strong><\/a> f\u00fcr Ihren Urlaub am Meer in Casal Borsetti, Ravenna.<\/p>\n<p data-sourcepos=\"31:1-31:80\"><a href=\"https:\/\/www.scidoo.com\/preventivov2\/?cod=1209&amp;dataarr=2025-4-5&amp;notti=7&amp;adult=1&amp;children=&amp;IDsotto_struttura=0&amp;lang=4\"><strong>Verf\u00fcgbarkeit pr\u00fcfen und jetzt buchen<\/strong><\/a><\/p>\n<p data-sourcepos=\"7:1-7:141\">\n","protected":false},"excerpt":{"rendered":"<p>Der Waschsalon mit M\u00fcnzeinwurf auf einem Kleiner Campingplatz italien Adria Stellplatz ist eine praktische und bequeme Option, um Ihre Kleidung w\u00e4hrend eines Urlaubsaufenthalts zu waschen. Der Waschsalon ist f\u00fcr alle G\u00e4ste des Campingplatzes zug\u00e4nglich, erfordert jedoch die Verwendung von M\u00fcnzen oder Jetons, die Sie im Jetonsautomaten direkt im Waschsalonbereich finden. &nbsp; &nbsp; Standort und Zugang: [&hellip;]<\/p>\n","protected":false},"author":13,"featured_media":1635,"parent":1257,"menu_order":11,"comment_status":"closed","ping_status":"closed","template":"template-service-single.php","meta":{"footnotes":""},"yoast_head":"<!-- This site is optimized with the Yoast SEO plugin v22.3 - https:\/\/yoast.com\/wordpress\/plugins\/seo\/ -->\n<title>Kleiner Campingplatz italien Adria Stellplatz | Waescheservice<\/title>\n<meta name=\"description\" content=\"Kleiner Campingplatz italien Adria Stellplatz, direkt am Meer, ausgestattet mit M\u00fcnzwaschmaschinen und trocknern. Fordern Sie ein Angebot an.\" \/>\n<meta name=\"robots\" content=\"index, follow, max-snippet:-1, max-image-preview:large, max-video-preview:-1\" \/>\n<link rel=\"canonical\" href=\"https:\/\/www.campingreno.it\/de\/campingplatz-emilia-romagna-am-meer-dienstleistungen\/kleiner-campingplatz-italien-adria-stellplatz-waescheservice\/\" \/>\n<meta property=\"og:locale\" content=\"de_DE\" \/>\n<meta property=\"og:type\" content=\"article\" \/>\n<meta property=\"og:title\" content=\"Kleiner Campingplatz italien Adria Stellplatz | Waescheservice\" \/>\n<meta property=\"og:description\" content=\"Kleiner Campingplatz italien Adria Stellplatz, direkt am Meer, ausgestattet mit M\u00fcnzwaschmaschinen und trocknern. Fordern Sie ein Angebot an.\" \/>\n<meta property=\"og:url\" content=\"https:\/\/www.campingreno.it\/de\/campingplatz-emilia-romagna-am-meer-dienstleistungen\/kleiner-campingplatz-italien-adria-stellplatz-waescheservice\/\" \/>\n<meta property=\"og:site_name\" content=\"Camping Reno\" \/>\n<meta property=\"article:publisher\" content=\"https:\/\/facebook.com\/tomasitourism\" \/>\n<meta property=\"article:modified_time\" content=\"2025-12-12T11:49:29+00:00\" \/>\n<meta property=\"og:image\" content=\"https:\/\/www.campingreno.it\/wp-content\/uploads\/sites\/192\/2025\/03\/servizio-lavanderia-camping-reno.jpg\" \/>\n\t<meta property=\"og:image:width\" content=\"800\" \/>\n\t<meta property=\"og:image:height\" content=\"438\" \/>\n\t<meta property=\"og:image:type\" content=\"image\/jpeg\" \/>\n<meta name=\"twitter:card\" content=\"summary_large_image\" \/>\n<meta name=\"twitter:label1\" content=\"Gesch\u00e4tzte Lesezeit\" \/>\n\t<meta name=\"twitter:data1\" content=\"2 Minuten\" \/>\n<script type=\"application\/ld+json\" class=\"yoast-schema-graph\">{\"@context\":\"https:\/\/schema.org\",\"@graph\":[{\"@type\":\"WebPage\",\"@id\":\"https:\/\/www.campingreno.it\/de\/campingplatz-emilia-romagna-am-meer-dienstleistungen\/kleiner-campingplatz-italien-adria-stellplatz-waescheservice\/\",\"url\":\"https:\/\/www.campingreno.it\/de\/campingplatz-emilia-romagna-am-meer-dienstleistungen\/kleiner-campingplatz-italien-adria-stellplatz-waescheservice\/\",\"name\":\"Kleiner Campingplatz italien Adria Stellplatz | Waescheservice\",\"isPartOf\":{\"@id\":\"https:\/\/www.campingreno.it\/de\/#website\"},\"primaryImageOfPage\":{\"@id\":\"https:\/\/www.campingreno.it\/de\/campingplatz-emilia-romagna-am-meer-dienstleistungen\/kleiner-campingplatz-italien-adria-stellplatz-waescheservice\/#primaryimage\"},\"image\":{\"@id\":\"https:\/\/www.campingreno.it\/de\/campingplatz-emilia-romagna-am-meer-dienstleistungen\/kleiner-campingplatz-italien-adria-stellplatz-waescheservice\/#primaryimage\"},\"thumbnailUrl\":\"https:\/\/www.campingreno.it\/wp-content\/uploads\/sites\/192\/2025\/03\/servizio-lavanderia-camping-reno.jpg\",\"datePublished\":\"2024-12-11T10:55:03+00:00\",\"dateModified\":\"2025-12-12T11:49:29+00:00\",\"description\":\"Kleiner Campingplatz italien Adria Stellplatz, direkt am Meer, ausgestattet mit M\u00fcnzwaschmaschinen und trocknern. Fordern Sie ein Angebot an.\",\"breadcrumb\":{\"@id\":\"https:\/\/www.campingreno.it\/de\/campingplatz-emilia-romagna-am-meer-dienstleistungen\/kleiner-campingplatz-italien-adria-stellplatz-waescheservice\/#breadcrumb\"},\"inLanguage\":\"de-DE\",\"potentialAction\":[{\"@type\":\"ReadAction\",\"target\":[\"https:\/\/www.campingreno.it\/de\/campingplatz-emilia-romagna-am-meer-dienstleistungen\/kleiner-campingplatz-italien-adria-stellplatz-waescheservice\/\"]}]},{\"@type\":\"ImageObject\",\"inLanguage\":\"de-DE\",\"@id\":\"https:\/\/www.campingreno.it\/de\/campingplatz-emilia-romagna-am-meer-dienstleistungen\/kleiner-campingplatz-italien-adria-stellplatz-waescheservice\/#primaryimage\",\"url\":\"https:\/\/www.campingreno.it\/wp-content\/uploads\/sites\/192\/2025\/03\/servizio-lavanderia-camping-reno.jpg\",\"contentUrl\":\"https:\/\/www.campingreno.it\/wp-content\/uploads\/sites\/192\/2025\/03\/servizio-lavanderia-camping-reno.jpg\",\"width\":800,\"height\":438,\"caption\":\"Kleiner Campingplatz italien Adria Stellplatz | Waescheservice\"},{\"@type\":\"BreadcrumbList\",\"@id\":\"https:\/\/www.campingreno.it\/de\/campingplatz-emilia-romagna-am-meer-dienstleistungen\/kleiner-campingplatz-italien-adria-stellplatz-waescheservice\/#breadcrumb\",\"itemListElement\":[{\"@type\":\"ListItem\",\"position\":1,\"name\":\"Home\",\"item\":\"https:\/\/www.campingreno.it\/de\/\"},{\"@type\":\"ListItem\",\"position\":2,\"name\":\"Dienstleistungen\",\"item\":\"https:\/\/www.campingreno.it\/de\/campingplatz-emilia-romagna-am-meer-dienstleistungen\/\"},{\"@type\":\"ListItem\",\"position\":3,\"name\":\"Waescheservice\"}]},{\"@type\":\"WebSite\",\"@id\":\"https:\/\/www.campingreno.it\/de\/#website\",\"url\":\"https:\/\/www.campingreno.it\/de\/\",\"name\":\"Camping Reno\",\"description\":\"\",\"publisher\":{\"@id\":\"https:\/\/www.campingreno.it\/de\/#organization\"},\"potentialAction\":[{\"@type\":\"SearchAction\",\"target\":{\"@type\":\"EntryPoint\",\"urlTemplate\":\"https:\/\/www.campingreno.it\/de\/?s={search_term_string}\"},\"query-input\":\"required name=search_term_string\"}],\"inLanguage\":\"de-DE\"},{\"@type\":\"Organization\",\"@id\":\"https:\/\/www.campingreno.it\/de\/#organization\",\"name\":\"Camping Reno\",\"url\":\"https:\/\/www.campingreno.it\/de\/\",\"logo\":{\"@type\":\"ImageObject\",\"inLanguage\":\"de-DE\",\"@id\":\"https:\/\/www.campingreno.it\/de\/#\/schema\/logo\/image\/\",\"url\":\"https:\/\/www.campingreno.it\/wp-content\/uploads\/sites\/192\/2024\/12\/logo_reno-no-sfondo-2.png\",\"contentUrl\":\"https:\/\/www.campingreno.it\/wp-content\/uploads\/sites\/192\/2024\/12\/logo_reno-no-sfondo-2.png\",\"width\":567,\"height\":286,\"caption\":\"Camping Reno\"},\"image\":{\"@id\":\"https:\/\/www.campingreno.it\/de\/#\/schema\/logo\/image\/\"},\"sameAs\":[\"https:\/\/facebook.com\/tomasitourism\",\"https:\/\/instagram.com\/camping_reno\"]}]}<\/script>\n<!-- \/ Yoast SEO plugin. -->","yoast_head_json":{"title":"Kleiner Campingplatz italien Adria Stellplatz | Waescheservice","description":"Kleiner Campingplatz italien Adria Stellplatz, direkt am Meer, ausgestattet mit M\u00fcnzwaschmaschinen und trocknern. Fordern Sie ein Angebot an.","robots":{"index":"index","follow":"follow","max-snippet":"max-snippet:-1","max-image-preview":"max-image-preview:large","max-video-preview":"max-video-preview:-1"},"canonical":"https:\/\/www.campingreno.it\/de\/campingplatz-emilia-romagna-am-meer-dienstleistungen\/kleiner-campingplatz-italien-adria-stellplatz-waescheservice\/","og_locale":"de_DE","og_type":"article","og_title":"Kleiner Campingplatz italien Adria Stellplatz | Waescheservice","og_description":"Kleiner Campingplatz italien Adria Stellplatz, direkt am Meer, ausgestattet mit M\u00fcnzwaschmaschinen und trocknern. Fordern Sie ein Angebot an.","og_url":"https:\/\/www.campingreno.it\/de\/campingplatz-emilia-romagna-am-meer-dienstleistungen\/kleiner-campingplatz-italien-adria-stellplatz-waescheservice\/","og_site_name":"Camping Reno","article_publisher":"https:\/\/facebook.com\/tomasitourism","article_modified_time":"2025-12-12T11:49:29+00:00","og_image":[{"width":800,"height":438,"url":"https:\/\/www.campingreno.it\/wp-content\/uploads\/sites\/192\/2025\/03\/servizio-lavanderia-camping-reno.jpg","type":"image\/jpeg"}],"twitter_card":"summary_large_image","twitter_misc":{"Gesch\u00e4tzte Lesezeit":"2 Minuten"},"schema":{"@context":"https:\/\/schema.org","@graph":[{"@type":"WebPage","@id":"https:\/\/www.campingreno.it\/de\/campingplatz-emilia-romagna-am-meer-dienstleistungen\/kleiner-campingplatz-italien-adria-stellplatz-waescheservice\/","url":"https:\/\/www.campingreno.it\/de\/campingplatz-emilia-romagna-am-meer-dienstleistungen\/kleiner-campingplatz-italien-adria-stellplatz-waescheservice\/","name":"Kleiner Campingplatz italien Adria Stellplatz | Waescheservice","isPartOf":{"@id":"https:\/\/www.campingreno.it\/de\/#website"},"primaryImageOfPage":{"@id":"https:\/\/www.campingreno.it\/de\/campingplatz-emilia-romagna-am-meer-dienstleistungen\/kleiner-campingplatz-italien-adria-stellplatz-waescheservice\/#primaryimage"},"image":{"@id":"https:\/\/www.campingreno.it\/de\/campingplatz-emilia-romagna-am-meer-dienstleistungen\/kleiner-campingplatz-italien-adria-stellplatz-waescheservice\/#primaryimage"},"thumbnailUrl":"https:\/\/www.campingreno.it\/wp-content\/uploads\/sites\/192\/2025\/03\/servizio-lavanderia-camping-reno.jpg","datePublished":"2024-12-11T10:55:03+00:00","dateModified":"2025-12-12T11:49:29+00:00","description":"Kleiner Campingplatz italien Adria Stellplatz, direkt am Meer, ausgestattet mit M\u00fcnzwaschmaschinen und trocknern. Fordern Sie ein Angebot an.","breadcrumb":{"@id":"https:\/\/www.campingreno.it\/de\/campingplatz-emilia-romagna-am-meer-dienstleistungen\/kleiner-campingplatz-italien-adria-stellplatz-waescheservice\/#breadcrumb"},"inLanguage":"de-DE","potentialAction":[{"@type":"ReadAction","target":["https:\/\/www.campingreno.it\/de\/campingplatz-emilia-romagna-am-meer-dienstleistungen\/kleiner-campingplatz-italien-adria-stellplatz-waescheservice\/"]}]},{"@type":"ImageObject","inLanguage":"de-DE","@id":"https:\/\/www.campingreno.it\/de\/campingplatz-emilia-romagna-am-meer-dienstleistungen\/kleiner-campingplatz-italien-adria-stellplatz-waescheservice\/#primaryimage","url":"https:\/\/www.campingreno.it\/wp-content\/uploads\/sites\/192\/2025\/03\/servizio-lavanderia-camping-reno.jpg","contentUrl":"https:\/\/www.campingreno.it\/wp-content\/uploads\/sites\/192\/2025\/03\/servizio-lavanderia-camping-reno.jpg","width":800,"height":438,"caption":"Kleiner Campingplatz italien Adria Stellplatz | Waescheservice"},{"@type":"BreadcrumbList","@id":"https:\/\/www.campingreno.it\/de\/campingplatz-emilia-romagna-am-meer-dienstleistungen\/kleiner-campingplatz-italien-adria-stellplatz-waescheservice\/#breadcrumb","itemListElement":[{"@type":"ListItem","position":1,"name":"Home","item":"https:\/\/www.campingreno.it\/de\/"},{"@type":"ListItem","position":2,"name":"Dienstleistungen","item":"https:\/\/www.campingreno.it\/de\/campingplatz-emilia-romagna-am-meer-dienstleistungen\/"},{"@type":"ListItem","position":3,"name":"Waescheservice"}]},{"@type":"WebSite","@id":"https:\/\/www.campingreno.it\/de\/#website","url":"https:\/\/www.campingreno.it\/de\/","name":"Camping Reno","description":"","publisher":{"@id":"https:\/\/www.campingreno.it\/de\/#organization"},"potentialAction":[{"@type":"SearchAction","target":{"@type":"EntryPoint","urlTemplate":"https:\/\/www.campingreno.it\/de\/?s={search_term_string}"},"query-input":"required name=search_term_string"}],"inLanguage":"de-DE"},{"@type":"Organization","@id":"https:\/\/www.campingreno.it\/de\/#organization","name":"Camping Reno","url":"https:\/\/www.campingreno.it\/de\/","logo":{"@type":"ImageObject","inLanguage":"de-DE","@id":"https:\/\/www.campingreno.it\/de\/#\/schema\/logo\/image\/","url":"https:\/\/www.campingreno.it\/wp-content\/uploads\/sites\/192\/2024\/12\/logo_reno-no-sfondo-2.png","contentUrl":"https:\/\/www.campingreno.it\/wp-content\/uploads\/sites\/192\/2024\/12\/logo_reno-no-sfondo-2.png","width":567,"height":286,"caption":"Camping Reno"},"image":{"@id":"https:\/\/www.campingreno.it\/de\/#\/schema\/logo\/image\/"},"sameAs":["https:\/\/facebook.com\/tomasitourism","https:\/\/instagram.com\/camping_reno"]}]}},"acf":[],"_links":{"self":[{"href":"https:\/\/www.campingreno.it\/de\/wp-json\/wp\/v2\/pages\/1297"}],"collection":[{"href":"https:\/\/www.campingreno.it\/de\/wp-json\/wp\/v2\/pages"}],"about":[{"href":"https:\/\/www.campingreno.it\/de\/wp-json\/wp\/v2\/types\/page"}],"author":[{"embeddable":true,"href":"https:\/\/www.campingreno.it\/de\/wp-json\/wp\/v2\/users\/13"}],"replies":[{"embeddable":true,"href":"https:\/\/www.campingreno.it\/de\/wp-json\/wp\/v2\/comments?post=1297"}],"version-history":[{"count":0,"href":"https:\/\/www.campingreno.it\/de\/wp-json\/wp\/v2\/pages\/1297\/revisions"}],"up":[{"embeddable":true,"href":"https:\/\/www.campingreno.it\/de\/wp-json\/wp\/v2\/pages\/1257"}],"wp:featuredmedia":[{"embeddable":true,"href":"https:\/\/www.campingreno.it\/de\/wp-json\/wp\/v2\/media\/1635"}],"wp:attachment":[{"href":"https:\/\/www.campingreno.it\/de\/wp-json\/wp\/v2\/media?parent=1297"}],"curies":[{"name":"wp","href":"https:\/\/api.w.org\/{rel}","templated":true}]}}