   {"id":1308,"date":"2024-12-13T11:08:16","date_gmt":"2024-12-13T11:08:16","guid":{"rendered":"https:\/\/www.campingreno.it\/?page_id=1308"},"modified":"2025-12-12T11:58:16","modified_gmt":"2025-12-12T11:58:16","slug":"kleiner-campingplatz-emilia-romagna-meertabakshop","status":"publish","type":"page","link":"https:\/\/www.campingreno.it\/de\/campingplatz-emilia-romagna-am-meer-dienstleistungen\/kleiner-campingplatz-emilia-romagna-meertabakshop\/","title":{"rendered":"Tabakshop"},"content":{"rendered":"<p data-sourcepos=\"5:1-5:108\">Praktisch und gem\u00fctlich, wo Sie alles finden, was Sie brauchen, um Ihr Outdoor-Erlebnis zu vervollst\u00e4ndigen.<\/p>\n<p data-sourcepos=\"7:1-7:225\">Von Zigaretten bis zu Zeitungen, von Postkarten bis zu kleinem Campingzubeh\u00f6r, <strong>Kleiner Campingplatz Emilia Romagna Meer<\/strong>, ist der Tabakladen der Bezugspunkt f\u00fcr alle, die Artikel des t\u00e4glichen Bedarfs suchen, ohne sich zu weit von ihrem St\u00fcck Natur entfernen zu m\u00fcssen.<\/p>\n<p data-sourcepos=\"9:1-9:164\">Dar\u00fcber hinaus ist es der ideale Ort, um Fahrkarten f\u00fcr \u00f6ffentliche Verkehrsmittel zu kaufen, Telefonkarten aufzuladen oder Souvenirs und Geschenkartikel zu finden.<\/p>\n<p data-sourcepos=\"11:1-11:138\">Ein Service, der den Urlaub komfortabler macht und es Ihnen erm\u00f6glicht, sich nur auf Spa\u00df und Entspannung zu konzentrieren, ohne Gedanken!<\/p>\n<p data-sourcepos=\"31:1-31:80\">Der Campingplatz Reno,<strong> Kleiner Campingplatz Emilia Romagna Meer<\/strong>,\u00a0 verf\u00fcgt \u00fcber <a href=\"https:\/\/www.campingreno.it\/de\/campingplatz-ravenna-italien-unterkuenfte\/\"><strong>Unterk\u00fcnfte<\/strong><\/a> und <a href=\"https:\/\/www.campingreno.it\/de\/camping-mit-stellplaetzen-ravenna-italien\/\"><strong>Stellpl\u00e4tze<\/strong><\/a> f\u00fcr Ihren Urlaub am Meer in Casal Borsetti, Ravenna.<\/p>\n<p data-sourcepos=\"31:1-31:80\"><a href=\"https:\/\/www.scidoo.com\/preventivov2\/?cod=1209&amp;dataarr=2025-4-5&amp;notti=7&amp;adult=1&amp;children=&amp;IDsotto_struttura=0&amp;lang=4\"><strong>Verf\u00fcgbarkeit pr\u00fcfen und jetzt buchen<\/strong><\/a><\/p>\n","protected":false},"excerpt":{"rendered":"<p>Praktisch und gem\u00fctlich, wo Sie alles finden, was Sie brauchen, um Ihr Outdoor-Erlebnis zu vervollst\u00e4ndigen. Von Zigaretten bis zu Zeitungen, von Postkarten bis zu kleinem Campingzubeh\u00f6r, Kleiner Campingplatz Emilia Romagna Meer, ist der Tabakladen der Bezugspunkt f\u00fcr alle, die Artikel des t\u00e4glichen Bedarfs suchen, ohne sich zu weit von ihrem St\u00fcck Natur entfernen zu m\u00fcssen. [&hellip;]<\/p>\n","protected":false},"author":13,"featured_media":206,"parent":1257,"menu_order":16,"comment_status":"closed","ping_status":"closed","template":"template-service-single.php","meta":{"footnotes":""},"yoast_head":"<!-- This site is optimized with the Yoast SEO plugin v22.3 - https:\/\/yoast.com\/wordpress\/plugins\/seo\/ -->\n<title>Kleiner Campingplatz Emilia Romagna Meer | Meertabakshop<\/title>\n<meta name=\"description\" content=\"Wir empfehlen, nicht zu rauchen, aber auf dem Camping Reno, Kleiner Campingplatz Emilia Romagna Meer, kommen auch Raucher auf ihre Kosten.\" \/>\n<meta name=\"robots\" content=\"index, follow, max-snippet:-1, max-image-preview:large, max-video-preview:-1\" \/>\n<link rel=\"canonical\" href=\"https:\/\/www.campingreno.it\/de\/campingplatz-emilia-romagna-am-meer-dienstleistungen\/kleiner-campingplatz-emilia-romagna-meertabakshop\/\" \/>\n<meta property=\"og:locale\" content=\"de_DE\" \/>\n<meta property=\"og:type\" content=\"article\" \/>\n<meta property=\"og:title\" content=\"Kleiner Campingplatz Emilia Romagna Meer | Meertabakshop\" \/>\n<meta property=\"og:description\" content=\"Wir empfehlen, nicht zu rauchen, aber auf dem Camping Reno, Kleiner Campingplatz Emilia Romagna Meer, kommen auch Raucher auf ihre Kosten.\" \/>\n<meta property=\"og:url\" content=\"https:\/\/www.campingreno.it\/de\/campingplatz-emilia-romagna-am-meer-dienstleistungen\/kleiner-campingplatz-emilia-romagna-meertabakshop\/\" \/>\n<meta property=\"og:site_name\" content=\"Camping Reno\" \/>\n<meta property=\"article:publisher\" content=\"https:\/\/facebook.com\/tomasitourism\" \/>\n<meta property=\"article:modified_time\" content=\"2025-12-12T11:58:16+00:00\" \/>\n<meta property=\"og:image\" content=\"https:\/\/www.campingreno.it\/wp-content\/uploads\/sites\/192\/2024\/12\/Open_air_bazar_gallery1.jpg\" \/>\n\t<meta property=\"og:image:width\" content=\"1200\" \/>\n\t<meta property=\"og:image:height\" content=\"800\" \/>\n\t<meta property=\"og:image:type\" content=\"image\/jpeg\" \/>\n<meta name=\"twitter:card\" content=\"summary_large_image\" \/>\n<meta name=\"twitter:label1\" content=\"Gesch\u00e4tzte Lesezeit\" \/>\n\t<meta name=\"twitter:data1\" content=\"1 Minute\" \/>\n<script type=\"application\/ld+json\" class=\"yoast-schema-graph\">{\"@context\":\"https:\/\/schema.org\",\"@graph\":[{\"@type\":\"WebPage\",\"@id\":\"https:\/\/www.campingreno.it\/de\/campingplatz-emilia-romagna-am-meer-dienstleistungen\/kleiner-campingplatz-emilia-romagna-meertabakshop\/\",\"url\":\"https:\/\/www.campingreno.it\/de\/campingplatz-emilia-romagna-am-meer-dienstleistungen\/kleiner-campingplatz-emilia-romagna-meertabakshop\/\",\"name\":\"Kleiner Campingplatz Emilia Romagna Meer | Meertabakshop\",\"isPartOf\":{\"@id\":\"https:\/\/www.campingreno.it\/de\/#website\"},\"primaryImageOfPage\":{\"@id\":\"https:\/\/www.campingreno.it\/de\/campingplatz-emilia-romagna-am-meer-dienstleistungen\/kleiner-campingplatz-emilia-romagna-meertabakshop\/#primaryimage\"},\"image\":{\"@id\":\"https:\/\/www.campingreno.it\/de\/campingplatz-emilia-romagna-am-meer-dienstleistungen\/kleiner-campingplatz-emilia-romagna-meertabakshop\/#primaryimage\"},\"thumbnailUrl\":\"https:\/\/www.campingreno.it\/wp-content\/uploads\/sites\/192\/2024\/12\/Open_air_bazar_gallery1.jpg\",\"datePublished\":\"2024-12-13T11:08:16+00:00\",\"dateModified\":\"2025-12-12T11:58:16+00:00\",\"description\":\"Wir empfehlen, nicht zu rauchen, aber auf dem Camping Reno, Kleiner Campingplatz Emilia Romagna Meer, kommen auch Raucher auf ihre Kosten.\",\"breadcrumb\":{\"@id\":\"https:\/\/www.campingreno.it\/de\/campingplatz-emilia-romagna-am-meer-dienstleistungen\/kleiner-campingplatz-emilia-romagna-meertabakshop\/#breadcrumb\"},\"inLanguage\":\"de-DE\",\"potentialAction\":[{\"@type\":\"ReadAction\",\"target\":[\"https:\/\/www.campingreno.it\/de\/campingplatz-emilia-romagna-am-meer-dienstleistungen\/kleiner-campingplatz-emilia-romagna-meertabakshop\/\"]}]},{\"@type\":\"ImageObject\",\"inLanguage\":\"de-DE\",\"@id\":\"https:\/\/www.campingreno.it\/de\/campingplatz-emilia-romagna-am-meer-dienstleistungen\/kleiner-campingplatz-emilia-romagna-meertabakshop\/#primaryimage\",\"url\":\"https:\/\/www.campingreno.it\/wp-content\/uploads\/sites\/192\/2024\/12\/Open_air_bazar_gallery1.jpg\",\"contentUrl\":\"https:\/\/www.campingreno.it\/wp-content\/uploads\/sites\/192\/2024\/12\/Open_air_bazar_gallery1.jpg\",\"width\":1200,\"height\":800,\"caption\":\"Kleiner Campingplatz Emilia Romagna Meer | Meertabakshop\"},{\"@type\":\"BreadcrumbList\",\"@id\":\"https:\/\/www.campingreno.it\/de\/campingplatz-emilia-romagna-am-meer-dienstleistungen\/kleiner-campingplatz-emilia-romagna-meertabakshop\/#breadcrumb\",\"itemListElement\":[{\"@type\":\"ListItem\",\"position\":1,\"name\":\"Home\",\"item\":\"https:\/\/www.campingreno.it\/de\/\"},{\"@type\":\"ListItem\",\"position\":2,\"name\":\"Dienstleistungen\",\"item\":\"https:\/\/www.campingreno.it\/de\/campingplatz-emilia-romagna-am-meer-dienstleistungen\/\"},{\"@type\":\"ListItem\",\"position\":3,\"name\":\"Tabakshop\"}]},{\"@type\":\"WebSite\",\"@id\":\"https:\/\/www.campingreno.it\/de\/#website\",\"url\":\"https:\/\/www.campingreno.it\/de\/\",\"name\":\"Camping Reno\",\"description\":\"\",\"publisher\":{\"@id\":\"https:\/\/www.campingreno.it\/de\/#organization\"},\"potentialAction\":[{\"@type\":\"SearchAction\",\"target\":{\"@type\":\"EntryPoint\",\"urlTemplate\":\"https:\/\/www.campingreno.it\/de\/?s={search_term_string}\"},\"query-input\":\"required name=search_term_string\"}],\"inLanguage\":\"de-DE\"},{\"@type\":\"Organization\",\"@id\":\"https:\/\/www.campingreno.it\/de\/#organization\",\"name\":\"Camping Reno\",\"url\":\"https:\/\/www.campingreno.it\/de\/\",\"logo\":{\"@type\":\"ImageObject\",\"inLanguage\":\"de-DE\",\"@id\":\"https:\/\/www.campingreno.it\/de\/#\/schema\/logo\/image\/\",\"url\":\"https:\/\/www.campingreno.it\/wp-content\/uploads\/sites\/192\/2024\/12\/logo_reno-no-sfondo-2.png\",\"contentUrl\":\"https:\/\/www.campingreno.it\/wp-content\/uploads\/sites\/192\/2024\/12\/logo_reno-no-sfondo-2.png\",\"width\":567,\"height\":286,\"caption\":\"Camping Reno\"},\"image\":{\"@id\":\"https:\/\/www.campingreno.it\/de\/#\/schema\/logo\/image\/\"},\"sameAs\":[\"https:\/\/facebook.com\/tomasitourism\",\"https:\/\/instagram.com\/camping_reno\"]}]}<\/script>\n<!-- \/ Yoast SEO plugin. -->","yoast_head_json":{"title":"Kleiner Campingplatz Emilia Romagna Meer | Meertabakshop","description":"Wir empfehlen, nicht zu rauchen, aber auf dem Camping Reno, Kleiner Campingplatz Emilia Romagna Meer, kommen auch Raucher auf ihre Kosten.","robots":{"index":"index","follow":"follow","max-snippet":"max-snippet:-1","max-image-preview":"max-image-preview:large","max-video-preview":"max-video-preview:-1"},"canonical":"https:\/\/www.campingreno.it\/de\/campingplatz-emilia-romagna-am-meer-dienstleistungen\/kleiner-campingplatz-emilia-romagna-meertabakshop\/","og_locale":"de_DE","og_type":"article","og_title":"Kleiner Campingplatz Emilia Romagna Meer | Meertabakshop","og_description":"Wir empfehlen, nicht zu rauchen, aber auf dem Camping Reno, Kleiner Campingplatz Emilia Romagna Meer, kommen auch Raucher auf ihre Kosten.","og_url":"https:\/\/www.campingreno.it\/de\/campingplatz-emilia-romagna-am-meer-dienstleistungen\/kleiner-campingplatz-emilia-romagna-meertabakshop\/","og_site_name":"Camping Reno","article_publisher":"https:\/\/facebook.com\/tomasitourism","article_modified_time":"2025-12-12T11:58:16+00:00","og_image":[{"width":1200,"height":800,"url":"https:\/\/www.campingreno.it\/wp-content\/uploads\/sites\/192\/2024\/12\/Open_air_bazar_gallery1.jpg","type":"image\/jpeg"}],"twitter_card":"summary_large_image","twitter_misc":{"Gesch\u00e4tzte Lesezeit":"1 Minute"},"schema":{"@context":"https:\/\/schema.org","@graph":[{"@type":"WebPage","@id":"https:\/\/www.campingreno.it\/de\/campingplatz-emilia-romagna-am-meer-dienstleistungen\/kleiner-campingplatz-emilia-romagna-meertabakshop\/","url":"https:\/\/www.campingreno.it\/de\/campingplatz-emilia-romagna-am-meer-dienstleistungen\/kleiner-campingplatz-emilia-romagna-meertabakshop\/","name":"Kleiner Campingplatz Emilia Romagna Meer | Meertabakshop","isPartOf":{"@id":"https:\/\/www.campingreno.it\/de\/#website"},"primaryImageOfPage":{"@id":"https:\/\/www.campingreno.it\/de\/campingplatz-emilia-romagna-am-meer-dienstleistungen\/kleiner-campingplatz-emilia-romagna-meertabakshop\/#primaryimage"},"image":{"@id":"https:\/\/www.campingreno.it\/de\/campingplatz-emilia-romagna-am-meer-dienstleistungen\/kleiner-campingplatz-emilia-romagna-meertabakshop\/#primaryimage"},"thumbnailUrl":"https:\/\/www.campingreno.it\/wp-content\/uploads\/sites\/192\/2024\/12\/Open_air_bazar_gallery1.jpg","datePublished":"2024-12-13T11:08:16+00:00","dateModified":"2025-12-12T11:58:16+00:00","description":"Wir empfehlen, nicht zu rauchen, aber auf dem Camping Reno, Kleiner Campingplatz Emilia Romagna Meer, kommen auch Raucher auf ihre Kosten.","breadcrumb":{"@id":"https:\/\/www.campingreno.it\/de\/campingplatz-emilia-romagna-am-meer-dienstleistungen\/kleiner-campingplatz-emilia-romagna-meertabakshop\/#breadcrumb"},"inLanguage":"de-DE","potentialAction":[{"@type":"ReadAction","target":["https:\/\/www.campingreno.it\/de\/campingplatz-emilia-romagna-am-meer-dienstleistungen\/kleiner-campingplatz-emilia-romagna-meertabakshop\/"]}]},{"@type":"ImageObject","inLanguage":"de-DE","@id":"https:\/\/www.campingreno.it\/de\/campingplatz-emilia-romagna-am-meer-dienstleistungen\/kleiner-campingplatz-emilia-romagna-meertabakshop\/#primaryimage","url":"https:\/\/www.campingreno.it\/wp-content\/uploads\/sites\/192\/2024\/12\/Open_air_bazar_gallery1.jpg","contentUrl":"https:\/\/www.campingreno.it\/wp-content\/uploads\/sites\/192\/2024\/12\/Open_air_bazar_gallery1.jpg","width":1200,"height":800,"caption":"Kleiner Campingplatz Emilia Romagna Meer | Meertabakshop"},{"@type":"BreadcrumbList","@id":"https:\/\/www.campingreno.it\/de\/campingplatz-emilia-romagna-am-meer-dienstleistungen\/kleiner-campingplatz-emilia-romagna-meertabakshop\/#breadcrumb","itemListElement":[{"@type":"ListItem","position":1,"name":"Home","item":"https:\/\/www.campingreno.it\/de\/"},{"@type":"ListItem","position":2,"name":"Dienstleistungen","item":"https:\/\/www.campingreno.it\/de\/campingplatz-emilia-romagna-am-meer-dienstleistungen\/"},{"@type":"ListItem","position":3,"name":"Tabakshop"}]},{"@type":"WebSite","@id":"https:\/\/www.campingreno.it\/de\/#website","url":"https:\/\/www.campingreno.it\/de\/","name":"Camping Reno","description":"","publisher":{"@id":"https:\/\/www.campingreno.it\/de\/#organization"},"potentialAction":[{"@type":"SearchAction","target":{"@type":"EntryPoint","urlTemplate":"https:\/\/www.campingreno.it\/de\/?s={search_term_string}"},"query-input":"required name=search_term_string"}],"inLanguage":"de-DE"},{"@type":"Organization","@id":"https:\/\/www.campingreno.it\/de\/#organization","name":"Camping Reno","url":"https:\/\/www.campingreno.it\/de\/","logo":{"@type":"ImageObject","inLanguage":"de-DE","@id":"https:\/\/www.campingreno.it\/de\/#\/schema\/logo\/image\/","url":"https:\/\/www.campingreno.it\/wp-content\/uploads\/sites\/192\/2024\/12\/logo_reno-no-sfondo-2.png","contentUrl":"https:\/\/www.campingreno.it\/wp-content\/uploads\/sites\/192\/2024\/12\/logo_reno-no-sfondo-2.png","width":567,"height":286,"caption":"Camping Reno"},"image":{"@id":"https:\/\/www.campingreno.it\/de\/#\/schema\/logo\/image\/"},"sameAs":["https:\/\/facebook.com\/tomasitourism","https:\/\/instagram.com\/camping_reno"]}]}},"acf":[],"_links":{"self":[{"href":"https:\/\/www.campingreno.it\/de\/wp-json\/wp\/v2\/pages\/1308"}],"collection":[{"href":"https:\/\/www.campingreno.it\/de\/wp-json\/wp\/v2\/pages"}],"about":[{"href":"https:\/\/www.campingreno.it\/de\/wp-json\/wp\/v2\/types\/page"}],"author":[{"embeddable":true,"href":"https:\/\/www.campingreno.it\/de\/wp-json\/wp\/v2\/users\/13"}],"replies":[{"embeddable":true,"href":"https:\/\/www.campingreno.it\/de\/wp-json\/wp\/v2\/comments?post=1308"}],"version-history":[{"count":0,"href":"https:\/\/www.campingreno.it\/de\/wp-json\/wp\/v2\/pages\/1308\/revisions"}],"up":[{"embeddable":true,"href":"https:\/\/www.campingreno.it\/de\/wp-json\/wp\/v2\/pages\/1257"}],"wp:featuredmedia":[{"embeddable":true,"href":"https:\/\/www.campingreno.it\/de\/wp-json\/wp\/v2\/media\/206"}],"wp:attachment":[{"href":"https:\/\/www.campingreno.it\/de\/wp-json\/wp\/v2\/media?parent=1308"}],"curies":[{"name":"wp","href":"https:\/\/api.w.org\/{rel}","templated":true}]}}