   {"id":1324,"date":"2025-01-27T08:42:24","date_gmt":"2025-01-27T08:42:24","guid":{"rendered":"https:\/\/www.campingreno.it\/?page_id=1324"},"modified":"2025-12-12T12:06:26","modified_gmt":"2025-12-12T12:06:26","slug":"camping-reno-ravenna-italien-ich-suche-arbeit","status":"publish","type":"page","link":"https:\/\/www.campingreno.it\/de\/camping-reno-ravenna-italien-ich-suche-arbeit\/","title":{"rendered":"Arbeite mit uns"},"content":{"rendered":"<p data-sourcepos=\"31:1-31:80\">Der Camping Reno Ravenna Italien,<strong> Kleiner Campingplatz Emilia Romagna Meer<\/strong>,\u00a0 verf\u00fcgt \u00fcber <a href=\"https:\/\/www.campingreno.it\/de\/campingplatz-ravenna-italien-unterkuenfte\/\"><strong>Unterk\u00fcnfte<\/strong><\/a> und <a href=\"https:\/\/www.campingreno.it\/de\/camping-mit-stellplaetzen-ravenna-italien\/\"><strong>Stellpl\u00e4tze<\/strong><\/a> f\u00fcr Ihren Urlaub am Meer in Casal Borsetti, Ravenna.<\/p>\n<p data-sourcepos=\"31:1-31:80\"><a href=\"https:\/\/www.scidoo.com\/preventivov2\/?cod=1209&amp;dataarr=2025-4-5&amp;notti=7&amp;adult=1&amp;children=&amp;IDsotto_struttura=0&amp;lang=4\"><strong>Verf\u00fcgbarkeit pr\u00fcfen und jetzt buchen<\/strong><\/a><\/p>\n","protected":false},"excerpt":{"rendered":"<p>Der Camping Reno Ravenna Italien, Kleiner Campingplatz Emilia Romagna Meer,\u00a0 verf\u00fcgt \u00fcber Unterk\u00fcnfte und Stellpl\u00e4tze f\u00fcr Ihren Urlaub am Meer in Casal Borsetti, Ravenna. Verf\u00fcgbarkeit pr\u00fcfen und jetzt buchen<\/p>\n","protected":false},"author":212,"featured_media":4172,"parent":0,"menu_order":100,"comment_status":"closed","ping_status":"closed","template":"","meta":{"footnotes":""},"yoast_head":"<!-- This site is optimized with the Yoast SEO plugin v22.3 - https:\/\/yoast.com\/wordpress\/plugins\/seo\/ -->\n<title>Ich suche Arbeit | Camping Reno Ravenna Italien<\/title>\n<meta name=\"description\" content=\"Einige offene Stellen im Camping Reno Ravenna Italien als Hausmeister, Barkeeper, Kellner an der Rezeption. Schicken Sie uns sofort Ihren Lebenslauf.\" \/>\n<meta name=\"robots\" content=\"index, follow, max-snippet:-1, max-image-preview:large, max-video-preview:-1\" \/>\n<link rel=\"canonical\" href=\"https:\/\/www.campingreno.it\/de\/camping-reno-ravenna-italien-ich-suche-arbeit\/\" \/>\n<meta property=\"og:locale\" content=\"de_DE\" \/>\n<meta property=\"og:type\" content=\"article\" \/>\n<meta property=\"og:title\" content=\"Ich suche Arbeit | Camping Reno Ravenna Italien\" \/>\n<meta property=\"og:description\" content=\"Einige offene Stellen im Camping Reno Ravenna Italien als Hausmeister, Barkeeper, Kellner an der Rezeption. Schicken Sie uns sofort Ihren Lebenslauf.\" \/>\n<meta property=\"og:url\" content=\"https:\/\/www.campingreno.it\/de\/camping-reno-ravenna-italien-ich-suche-arbeit\/\" \/>\n<meta property=\"og:site_name\" content=\"Camping Reno\" \/>\n<meta property=\"article:publisher\" content=\"https:\/\/facebook.com\/tomasitourism\" \/>\n<meta property=\"article:modified_time\" content=\"2025-12-12T12:06:26+00:00\" \/>\n<meta property=\"og:image\" content=\"https:\/\/www.campingreno.it\/wp-content\/uploads\/sites\/192\/2025\/11\/DSC01937.jpg\" \/>\n\t<meta property=\"og:image:width\" content=\"2500\" \/>\n\t<meta property=\"og:image:height\" content=\"1807\" \/>\n\t<meta property=\"og:image:type\" content=\"image\/jpeg\" \/>\n<meta name=\"twitter:card\" content=\"summary_large_image\" \/>\n<meta name=\"twitter:label1\" content=\"Gesch\u00e4tzte Lesezeit\" \/>\n\t<meta name=\"twitter:data1\" content=\"1 Minute\" \/>\n<script type=\"application\/ld+json\" class=\"yoast-schema-graph\">{\"@context\":\"https:\/\/schema.org\",\"@graph\":[{\"@type\":\"WebPage\",\"@id\":\"https:\/\/www.campingreno.it\/de\/camping-reno-ravenna-italien-ich-suche-arbeit\/\",\"url\":\"https:\/\/www.campingreno.it\/de\/camping-reno-ravenna-italien-ich-suche-arbeit\/\",\"name\":\"Ich suche Arbeit | Camping Reno Ravenna Italien\",\"isPartOf\":{\"@id\":\"https:\/\/www.campingreno.it\/de\/#website\"},\"primaryImageOfPage\":{\"@id\":\"https:\/\/www.campingreno.it\/de\/camping-reno-ravenna-italien-ich-suche-arbeit\/#primaryimage\"},\"image\":{\"@id\":\"https:\/\/www.campingreno.it\/de\/camping-reno-ravenna-italien-ich-suche-arbeit\/#primaryimage\"},\"thumbnailUrl\":\"https:\/\/www.campingreno.it\/wp-content\/uploads\/sites\/192\/2025\/11\/DSC01937.jpg\",\"datePublished\":\"2025-01-27T08:42:24+00:00\",\"dateModified\":\"2025-12-12T12:06:26+00:00\",\"description\":\"Einige offene Stellen im Camping Reno Ravenna Italien als Hausmeister, Barkeeper, Kellner an der Rezeption. Schicken Sie uns sofort Ihren Lebenslauf.\",\"breadcrumb\":{\"@id\":\"https:\/\/www.campingreno.it\/de\/camping-reno-ravenna-italien-ich-suche-arbeit\/#breadcrumb\"},\"inLanguage\":\"de-DE\",\"potentialAction\":[{\"@type\":\"ReadAction\",\"target\":[\"https:\/\/www.campingreno.it\/de\/camping-reno-ravenna-italien-ich-suche-arbeit\/\"]}]},{\"@type\":\"ImageObject\",\"inLanguage\":\"de-DE\",\"@id\":\"https:\/\/www.campingreno.it\/de\/camping-reno-ravenna-italien-ich-suche-arbeit\/#primaryimage\",\"url\":\"https:\/\/www.campingreno.it\/wp-content\/uploads\/sites\/192\/2025\/11\/DSC01937.jpg\",\"contentUrl\":\"https:\/\/www.campingreno.it\/wp-content\/uploads\/sites\/192\/2025\/11\/DSC01937.jpg\",\"width\":2500,\"height\":1807,\"caption\":\"Ich suche Arbeit | Camping Reno Ravenna Italien\"},{\"@type\":\"BreadcrumbList\",\"@id\":\"https:\/\/www.campingreno.it\/de\/camping-reno-ravenna-italien-ich-suche-arbeit\/#breadcrumb\",\"itemListElement\":[{\"@type\":\"ListItem\",\"position\":1,\"name\":\"Home\",\"item\":\"https:\/\/www.campingreno.it\/de\/\"},{\"@type\":\"ListItem\",\"position\":2,\"name\":\"Arbeite mit uns\"}]},{\"@type\":\"WebSite\",\"@id\":\"https:\/\/www.campingreno.it\/de\/#website\",\"url\":\"https:\/\/www.campingreno.it\/de\/\",\"name\":\"Camping Reno\",\"description\":\"\",\"publisher\":{\"@id\":\"https:\/\/www.campingreno.it\/de\/#organization\"},\"potentialAction\":[{\"@type\":\"SearchAction\",\"target\":{\"@type\":\"EntryPoint\",\"urlTemplate\":\"https:\/\/www.campingreno.it\/de\/?s={search_term_string}\"},\"query-input\":\"required name=search_term_string\"}],\"inLanguage\":\"de-DE\"},{\"@type\":\"Organization\",\"@id\":\"https:\/\/www.campingreno.it\/de\/#organization\",\"name\":\"Camping Reno\",\"url\":\"https:\/\/www.campingreno.it\/de\/\",\"logo\":{\"@type\":\"ImageObject\",\"inLanguage\":\"de-DE\",\"@id\":\"https:\/\/www.campingreno.it\/de\/#\/schema\/logo\/image\/\",\"url\":\"https:\/\/www.campingreno.it\/wp-content\/uploads\/sites\/192\/2024\/12\/logo_reno-no-sfondo-2.png\",\"contentUrl\":\"https:\/\/www.campingreno.it\/wp-content\/uploads\/sites\/192\/2024\/12\/logo_reno-no-sfondo-2.png\",\"width\":567,\"height\":286,\"caption\":\"Camping Reno\"},\"image\":{\"@id\":\"https:\/\/www.campingreno.it\/de\/#\/schema\/logo\/image\/\"},\"sameAs\":[\"https:\/\/facebook.com\/tomasitourism\",\"https:\/\/instagram.com\/camping_reno\"]}]}<\/script>\n<!-- \/ Yoast SEO plugin. -->","yoast_head_json":{"title":"Ich suche Arbeit | Camping Reno Ravenna Italien","description":"Einige offene Stellen im Camping Reno Ravenna Italien als Hausmeister, Barkeeper, Kellner an der Rezeption. Schicken Sie uns sofort Ihren Lebenslauf.","robots":{"index":"index","follow":"follow","max-snippet":"max-snippet:-1","max-image-preview":"max-image-preview:large","max-video-preview":"max-video-preview:-1"},"canonical":"https:\/\/www.campingreno.it\/de\/camping-reno-ravenna-italien-ich-suche-arbeit\/","og_locale":"de_DE","og_type":"article","og_title":"Ich suche Arbeit | Camping Reno Ravenna Italien","og_description":"Einige offene Stellen im Camping Reno Ravenna Italien als Hausmeister, Barkeeper, Kellner an der Rezeption. Schicken Sie uns sofort Ihren Lebenslauf.","og_url":"https:\/\/www.campingreno.it\/de\/camping-reno-ravenna-italien-ich-suche-arbeit\/","og_site_name":"Camping Reno","article_publisher":"https:\/\/facebook.com\/tomasitourism","article_modified_time":"2025-12-12T12:06:26+00:00","og_image":[{"width":2500,"height":1807,"url":"https:\/\/www.campingreno.it\/wp-content\/uploads\/sites\/192\/2025\/11\/DSC01937.jpg","type":"image\/jpeg"}],"twitter_card":"summary_large_image","twitter_misc":{"Gesch\u00e4tzte Lesezeit":"1 Minute"},"schema":{"@context":"https:\/\/schema.org","@graph":[{"@type":"WebPage","@id":"https:\/\/www.campingreno.it\/de\/camping-reno-ravenna-italien-ich-suche-arbeit\/","url":"https:\/\/www.campingreno.it\/de\/camping-reno-ravenna-italien-ich-suche-arbeit\/","name":"Ich suche Arbeit | Camping Reno Ravenna Italien","isPartOf":{"@id":"https:\/\/www.campingreno.it\/de\/#website"},"primaryImageOfPage":{"@id":"https:\/\/www.campingreno.it\/de\/camping-reno-ravenna-italien-ich-suche-arbeit\/#primaryimage"},"image":{"@id":"https:\/\/www.campingreno.it\/de\/camping-reno-ravenna-italien-ich-suche-arbeit\/#primaryimage"},"thumbnailUrl":"https:\/\/www.campingreno.it\/wp-content\/uploads\/sites\/192\/2025\/11\/DSC01937.jpg","datePublished":"2025-01-27T08:42:24+00:00","dateModified":"2025-12-12T12:06:26+00:00","description":"Einige offene Stellen im Camping Reno Ravenna Italien als Hausmeister, Barkeeper, Kellner an der Rezeption. Schicken Sie uns sofort Ihren Lebenslauf.","breadcrumb":{"@id":"https:\/\/www.campingreno.it\/de\/camping-reno-ravenna-italien-ich-suche-arbeit\/#breadcrumb"},"inLanguage":"de-DE","potentialAction":[{"@type":"ReadAction","target":["https:\/\/www.campingreno.it\/de\/camping-reno-ravenna-italien-ich-suche-arbeit\/"]}]},{"@type":"ImageObject","inLanguage":"de-DE","@id":"https:\/\/www.campingreno.it\/de\/camping-reno-ravenna-italien-ich-suche-arbeit\/#primaryimage","url":"https:\/\/www.campingreno.it\/wp-content\/uploads\/sites\/192\/2025\/11\/DSC01937.jpg","contentUrl":"https:\/\/www.campingreno.it\/wp-content\/uploads\/sites\/192\/2025\/11\/DSC01937.jpg","width":2500,"height":1807,"caption":"Ich suche Arbeit | Camping Reno Ravenna Italien"},{"@type":"BreadcrumbList","@id":"https:\/\/www.campingreno.it\/de\/camping-reno-ravenna-italien-ich-suche-arbeit\/#breadcrumb","itemListElement":[{"@type":"ListItem","position":1,"name":"Home","item":"https:\/\/www.campingreno.it\/de\/"},{"@type":"ListItem","position":2,"name":"Arbeite mit uns"}]},{"@type":"WebSite","@id":"https:\/\/www.campingreno.it\/de\/#website","url":"https:\/\/www.campingreno.it\/de\/","name":"Camping Reno","description":"","publisher":{"@id":"https:\/\/www.campingreno.it\/de\/#organization"},"potentialAction":[{"@type":"SearchAction","target":{"@type":"EntryPoint","urlTemplate":"https:\/\/www.campingreno.it\/de\/?s={search_term_string}"},"query-input":"required name=search_term_string"}],"inLanguage":"de-DE"},{"@type":"Organization","@id":"https:\/\/www.campingreno.it\/de\/#organization","name":"Camping Reno","url":"https:\/\/www.campingreno.it\/de\/","logo":{"@type":"ImageObject","inLanguage":"de-DE","@id":"https:\/\/www.campingreno.it\/de\/#\/schema\/logo\/image\/","url":"https:\/\/www.campingreno.it\/wp-content\/uploads\/sites\/192\/2024\/12\/logo_reno-no-sfondo-2.png","contentUrl":"https:\/\/www.campingreno.it\/wp-content\/uploads\/sites\/192\/2024\/12\/logo_reno-no-sfondo-2.png","width":567,"height":286,"caption":"Camping Reno"},"image":{"@id":"https:\/\/www.campingreno.it\/de\/#\/schema\/logo\/image\/"},"sameAs":["https:\/\/facebook.com\/tomasitourism","https:\/\/instagram.com\/camping_reno"]}]}},"acf":[],"_links":{"self":[{"href":"https:\/\/www.campingreno.it\/de\/wp-json\/wp\/v2\/pages\/1324"}],"collection":[{"href":"https:\/\/www.campingreno.it\/de\/wp-json\/wp\/v2\/pages"}],"about":[{"href":"https:\/\/www.campingreno.it\/de\/wp-json\/wp\/v2\/types\/page"}],"author":[{"embeddable":true,"href":"https:\/\/www.campingreno.it\/de\/wp-json\/wp\/v2\/users\/212"}],"replies":[{"embeddable":true,"href":"https:\/\/www.campingreno.it\/de\/wp-json\/wp\/v2\/comments?post=1324"}],"version-history":[{"count":0,"href":"https:\/\/www.campingreno.it\/de\/wp-json\/wp\/v2\/pages\/1324\/revisions"}],"wp:featuredmedia":[{"embeddable":true,"href":"https:\/\/www.campingreno.it\/de\/wp-json\/wp\/v2\/media\/4172"}],"wp:attachment":[{"href":"https:\/\/www.campingreno.it\/de\/wp-json\/wp\/v2\/media?parent=1324"}],"curies":[{"name":"wp","href":"https:\/\/api.w.org\/{rel}","templated":true}]}}