   {"id":1327,"date":"2025-01-09T11:00:54","date_gmt":"2025-01-09T11:00:54","guid":{"rendered":"https:\/\/www.campingreno.it\/?page_id=1327"},"modified":"2025-12-12T12:10:27","modified_gmt":"2025-12-12T12:10:27","slug":"campingplatz-am-meer-casal-borsetti-was-man-besuchen-kann","status":"publish","type":"page","link":"https:\/\/www.campingreno.it\/de\/campingplatz-am-meer-casal-borsetti-was-man-besuchen-kann\/","title":{"rendered":"Das Gebiet"},"content":{"rendered":"<p>Der Campingplatz Reno,<strong> Campingplatz am Meer Casal Borsetti<\/strong>,\u00a0 verf\u00fcgt \u00fcber <a href=\"https:\/\/www.campingreno.it\/de\/campingplatz-ravenna-italien-unterkuenfte\/\"><strong>Unterk\u00fcnfte<\/strong><\/a> und <a href=\"https:\/\/www.campingreno.it\/de\/camping-mit-stellplaetzen-ravenna-italien\/\"><strong>Stellpl\u00e4tze<\/strong><\/a> f\u00fcr Ihren Urlaub am Meer in Casal Borsetti, Ravenna.<\/p>\n<p>&nbsp;<\/p>\n<p><a href=\"https:\/\/www.visitravenna.it\/en\"><strong>Ravenna<\/strong><\/a>, <a href=\"https:\/\/www.visitcomacchio.it\/de\/\"><strong>Comacchio<\/strong><\/a> und <a href=\"https:\/\/www.visitferrara.eu\/de\/\"><strong>Ferrara<\/strong><\/a> sind die Kunstst\u00e4dte in der N\u00e4he, von 10 bis 40 Autominuten entfernt.<\/p>\n<p>&nbsp;<\/p>\n<p>&nbsp;<\/p>\n<p><a href=\"https:\/\/www.turismo.ra.it\/ricette-tradizioni\/cappelletti\/\"><strong>Cappelletti<\/strong><\/a>, <a href=\"https:\/\/www.turismo.ra.it\/ricette-tradizioni\/passatelli\/\"><strong>Passatelli<\/strong><\/a>, <strong>Mortadella<\/strong>, <strong>Tagliatelle al Rag\u00f9 Bolognese<\/strong>, <a href=\"https:\/\/emiliaromagnaturismo.it\/de\/food-valley\/gu-und-gga-erzeugnisse\/piadina-romagnola-gga\"><strong>Piadina Romagnola<\/strong><\/a>, Stracchino sind nur einige der typischen Produkte unserer Region.<\/p>\n<p>&nbsp;<\/p>\n<p>&nbsp;<\/p>\n<p>Und zwischen einem Bissen und dem anderen k\u00f6nnen Sie <a href=\"https:\/\/www.turismo.ra.it\/en\/culture-and-history\/memorials\/dante-alighieri-tomb\/\"><strong>das Grab von Dante Alighieri<\/strong><\/a>, die au\u00dfergew\u00f6hnliche <a href=\"https:\/\/www.turismo.ra.it\/en\/culture-and-history\/religious-buildings\/basilica-san-vitale\/\"><strong>byzantinische Basilika San Vitale<\/strong><\/a> mit ihren einzigartigen Mosaiken, <a href=\"https:\/\/www.ferraraterraeacqua.it\/de\/comacchio\/das-territorium-entdecken\/kunst-und-kultur\/springbrunnen-brucken-kanale\/trepponti?set_language=de\"><strong>die 3 Br\u00fccken von Comacchio<\/strong><\/a>, das <a href=\"https:\/\/www.castelloestense.it\/en\/home-page?set_language=en\"><strong>Schloss Estense von Ferrara<\/strong><\/a> und vieles mehr entdecken.<\/p>\n<p>&nbsp;<\/p>\n<p>&nbsp;<\/p>\n<p data-sourcepos=\"31:1-31:80\"><a href=\"https:\/\/www.scidoo.com\/preventivov2\/?cod=1209&amp;dataarr=2025-4-5&amp;notti=7&amp;adult=1&amp;children=&amp;IDsotto_struttura=0&amp;lang=4\"><strong>Verf\u00fcgbarkeit pr\u00fcfen und jetzt buchen<\/strong><\/a><\/p>\n<p data-sourcepos=\"7:1-7:263\">\n","protected":false},"excerpt":{"rendered":"<p>Der Campingplatz Reno, Campingplatz am Meer Casal Borsetti,\u00a0 verf\u00fcgt \u00fcber Unterk\u00fcnfte und Stellpl\u00e4tze f\u00fcr Ihren Urlaub am Meer in Casal Borsetti, Ravenna. &nbsp; Ravenna, Comacchio und Ferrara sind die Kunstst\u00e4dte in der N\u00e4he, von 10 bis 40 Autominuten entfernt. &nbsp; &nbsp; Cappelletti, Passatelli, Mortadella, Tagliatelle al Rag\u00f9 Bolognese, Piadina Romagnola, Stracchino sind nur einige der [&hellip;]<\/p>\n","protected":false},"author":13,"featured_media":1637,"parent":0,"menu_order":100,"comment_status":"closed","ping_status":"closed","template":"","meta":{"footnotes":""},"class_list":["post-1327","page","type-page","status-publish","has-post-thumbnail","hentry"],"yoast_head":"<!-- This site is optimized with the Yoast SEO plugin v27.3 - https:\/\/yoast.com\/product\/yoast-seo-wordpress\/ -->\n<title>Campingplatz am Meer Casal Borsetti | Was man besuchen kann<\/title>\n<meta name=\"description\" content=\"Was man besuchen kann, wenn Sie einen Campingplatz am Meer Casal Borsetti suchen. Fordern Sie unverbindlich ein Angebot an.\" \/>\n<meta name=\"robots\" content=\"index, follow, max-snippet:-1, max-image-preview:large, max-video-preview:-1\" \/>\n<link rel=\"canonical\" href=\"https:\/\/www.campingreno.it\/de\/campingplatz-am-meer-casal-borsetti-was-man-besuchen-kann\/\" \/>\n<meta property=\"og:locale\" content=\"de_DE\" \/>\n<meta property=\"og:type\" content=\"article\" \/>\n<meta property=\"og:title\" content=\"Campingplatz am Meer Casal Borsetti | Was man besuchen kann\" \/>\n<meta property=\"og:description\" content=\"Was man besuchen kann, wenn Sie einen Campingplatz am Meer Casal Borsetti suchen. Fordern Sie unverbindlich ein Angebot an.\" \/>\n<meta property=\"og:url\" content=\"https:\/\/www.campingreno.it\/de\/campingplatz-am-meer-casal-borsetti-was-man-besuchen-kann\/\" \/>\n<meta property=\"og:site_name\" content=\"Camping Reno\" \/>\n<meta property=\"article:publisher\" content=\"https:\/\/facebook.com\/tomasitourism\" \/>\n<meta property=\"article:modified_time\" content=\"2025-12-12T12:10:27+00:00\" \/>\n<meta property=\"og:image\" content=\"https:\/\/www.campingreno.it\/wp-content\/uploads\/sites\/192\/2025\/03\/ravenna_basilica_san_vitale_01__jpg_1200_630_cover_85.jpg\" \/>\n\t<meta property=\"og:image:width\" content=\"1200\" \/>\n\t<meta property=\"og:image:height\" content=\"630\" \/>\n\t<meta property=\"og:image:type\" content=\"image\/jpeg\" \/>\n<meta name=\"twitter:card\" content=\"summary_large_image\" \/>\n<meta name=\"twitter:label1\" content=\"Gesch\u00e4tzte Lesezeit\" \/>\n\t<meta name=\"twitter:data1\" content=\"1 Minute\" \/>\n<script type=\"application\/ld+json\" class=\"yoast-schema-graph\">{\"@context\":\"https:\\\/\\\/schema.org\",\"@graph\":[{\"@type\":\"WebPage\",\"@id\":\"https:\\\/\\\/www.campingreno.it\\\/de\\\/campingplatz-am-meer-casal-borsetti-was-man-besuchen-kann\\\/\",\"url\":\"https:\\\/\\\/www.campingreno.it\\\/de\\\/campingplatz-am-meer-casal-borsetti-was-man-besuchen-kann\\\/\",\"name\":\"Campingplatz am Meer Casal Borsetti | Was man besuchen kann\",\"isPartOf\":{\"@id\":\"https:\\\/\\\/www.campingreno.it\\\/de\\\/#website\"},\"primaryImageOfPage\":{\"@id\":\"https:\\\/\\\/www.campingreno.it\\\/de\\\/campingplatz-am-meer-casal-borsetti-was-man-besuchen-kann\\\/#primaryimage\"},\"image\":{\"@id\":\"https:\\\/\\\/www.campingreno.it\\\/de\\\/campingplatz-am-meer-casal-borsetti-was-man-besuchen-kann\\\/#primaryimage\"},\"thumbnailUrl\":\"https:\\\/\\\/www.campingreno.it\\\/wp-content\\\/uploads\\\/sites\\\/192\\\/2025\\\/03\\\/ravenna_basilica_san_vitale_01__jpg_1200_630_cover_85.jpg\",\"datePublished\":\"2025-01-09T11:00:54+00:00\",\"dateModified\":\"2025-12-12T12:10:27+00:00\",\"description\":\"Was man besuchen kann, wenn Sie einen Campingplatz am Meer Casal Borsetti suchen. Fordern Sie unverbindlich ein Angebot an.\",\"breadcrumb\":{\"@id\":\"https:\\\/\\\/www.campingreno.it\\\/de\\\/campingplatz-am-meer-casal-borsetti-was-man-besuchen-kann\\\/#breadcrumb\"},\"inLanguage\":\"de-DE\",\"potentialAction\":[{\"@type\":\"ReadAction\",\"target\":[\"https:\\\/\\\/www.campingreno.it\\\/de\\\/campingplatz-am-meer-casal-borsetti-was-man-besuchen-kann\\\/\"]}]},{\"@type\":\"ImageObject\",\"inLanguage\":\"de-DE\",\"@id\":\"https:\\\/\\\/www.campingreno.it\\\/de\\\/campingplatz-am-meer-casal-borsetti-was-man-besuchen-kann\\\/#primaryimage\",\"url\":\"https:\\\/\\\/www.campingreno.it\\\/wp-content\\\/uploads\\\/sites\\\/192\\\/2025\\\/03\\\/ravenna_basilica_san_vitale_01__jpg_1200_630_cover_85.jpg\",\"contentUrl\":\"https:\\\/\\\/www.campingreno.it\\\/wp-content\\\/uploads\\\/sites\\\/192\\\/2025\\\/03\\\/ravenna_basilica_san_vitale_01__jpg_1200_630_cover_85.jpg\",\"width\":1200,\"height\":630,\"caption\":\"Camping-Reno-am-Meer-Casal Borsetti-basilica-san-vitale\"},{\"@type\":\"BreadcrumbList\",\"@id\":\"https:\\\/\\\/www.campingreno.it\\\/de\\\/campingplatz-am-meer-casal-borsetti-was-man-besuchen-kann\\\/#breadcrumb\",\"itemListElement\":[{\"@type\":\"ListItem\",\"position\":1,\"name\":\"Home\",\"item\":\"https:\\\/\\\/www.campingreno.it\\\/de\\\/\"},{\"@type\":\"ListItem\",\"position\":2,\"name\":\"Das Gebiet\"}]},{\"@type\":\"WebSite\",\"@id\":\"https:\\\/\\\/www.campingreno.it\\\/de\\\/#website\",\"url\":\"https:\\\/\\\/www.campingreno.it\\\/de\\\/\",\"name\":\"Camping Reno\",\"description\":\"\",\"publisher\":{\"@id\":\"https:\\\/\\\/www.campingreno.it\\\/de\\\/#organization\"},\"potentialAction\":[{\"@type\":\"SearchAction\",\"target\":{\"@type\":\"EntryPoint\",\"urlTemplate\":\"https:\\\/\\\/www.campingreno.it\\\/de\\\/?s={search_term_string}\"},\"query-input\":{\"@type\":\"PropertyValueSpecification\",\"valueRequired\":true,\"valueName\":\"search_term_string\"}}],\"inLanguage\":\"de-DE\"},{\"@type\":\"Organization\",\"@id\":\"https:\\\/\\\/www.campingreno.it\\\/de\\\/#organization\",\"name\":\"Camping Reno\",\"url\":\"https:\\\/\\\/www.campingreno.it\\\/de\\\/\",\"logo\":{\"@type\":\"ImageObject\",\"inLanguage\":\"de-DE\",\"@id\":\"https:\\\/\\\/www.campingreno.it\\\/de\\\/#\\\/schema\\\/logo\\\/image\\\/\",\"url\":\"https:\\\/\\\/www.campingreno.it\\\/wp-content\\\/uploads\\\/sites\\\/192\\\/2024\\\/12\\\/logo_reno-no-sfondo-2.png\",\"contentUrl\":\"https:\\\/\\\/www.campingreno.it\\\/wp-content\\\/uploads\\\/sites\\\/192\\\/2024\\\/12\\\/logo_reno-no-sfondo-2.png\",\"width\":567,\"height\":286,\"caption\":\"Camping Reno\"},\"image\":{\"@id\":\"https:\\\/\\\/www.campingreno.it\\\/de\\\/#\\\/schema\\\/logo\\\/image\\\/\"},\"sameAs\":[\"https:\\\/\\\/facebook.com\\\/tomasitourism\",\"https:\\\/\\\/instagram.com\\\/camping_reno\"]}]}<\/script>\n<!-- \/ Yoast SEO plugin. -->","yoast_head_json":{"title":"Campingplatz am Meer Casal Borsetti | Was man besuchen kann","description":"Was man besuchen kann, wenn Sie einen Campingplatz am Meer Casal Borsetti suchen. Fordern Sie unverbindlich ein Angebot an.","robots":{"index":"index","follow":"follow","max-snippet":"max-snippet:-1","max-image-preview":"max-image-preview:large","max-video-preview":"max-video-preview:-1"},"canonical":"https:\/\/www.campingreno.it\/de\/campingplatz-am-meer-casal-borsetti-was-man-besuchen-kann\/","og_locale":"de_DE","og_type":"article","og_title":"Campingplatz am Meer Casal Borsetti | Was man besuchen kann","og_description":"Was man besuchen kann, wenn Sie einen Campingplatz am Meer Casal Borsetti suchen. Fordern Sie unverbindlich ein Angebot an.","og_url":"https:\/\/www.campingreno.it\/de\/campingplatz-am-meer-casal-borsetti-was-man-besuchen-kann\/","og_site_name":"Camping Reno","article_publisher":"https:\/\/facebook.com\/tomasitourism","article_modified_time":"2025-12-12T12:10:27+00:00","og_image":[{"width":1200,"height":630,"url":"https:\/\/www.campingreno.it\/wp-content\/uploads\/sites\/192\/2025\/03\/ravenna_basilica_san_vitale_01__jpg_1200_630_cover_85.jpg","type":"image\/jpeg"}],"twitter_card":"summary_large_image","twitter_misc":{"Gesch\u00e4tzte Lesezeit":"1 Minute"},"schema":{"@context":"https:\/\/schema.org","@graph":[{"@type":"WebPage","@id":"https:\/\/www.campingreno.it\/de\/campingplatz-am-meer-casal-borsetti-was-man-besuchen-kann\/","url":"https:\/\/www.campingreno.it\/de\/campingplatz-am-meer-casal-borsetti-was-man-besuchen-kann\/","name":"Campingplatz am Meer Casal Borsetti | Was man besuchen kann","isPartOf":{"@id":"https:\/\/www.campingreno.it\/de\/#website"},"primaryImageOfPage":{"@id":"https:\/\/www.campingreno.it\/de\/campingplatz-am-meer-casal-borsetti-was-man-besuchen-kann\/#primaryimage"},"image":{"@id":"https:\/\/www.campingreno.it\/de\/campingplatz-am-meer-casal-borsetti-was-man-besuchen-kann\/#primaryimage"},"thumbnailUrl":"https:\/\/www.campingreno.it\/wp-content\/uploads\/sites\/192\/2025\/03\/ravenna_basilica_san_vitale_01__jpg_1200_630_cover_85.jpg","datePublished":"2025-01-09T11:00:54+00:00","dateModified":"2025-12-12T12:10:27+00:00","description":"Was man besuchen kann, wenn Sie einen Campingplatz am Meer Casal Borsetti suchen. Fordern Sie unverbindlich ein Angebot an.","breadcrumb":{"@id":"https:\/\/www.campingreno.it\/de\/campingplatz-am-meer-casal-borsetti-was-man-besuchen-kann\/#breadcrumb"},"inLanguage":"de-DE","potentialAction":[{"@type":"ReadAction","target":["https:\/\/www.campingreno.it\/de\/campingplatz-am-meer-casal-borsetti-was-man-besuchen-kann\/"]}]},{"@type":"ImageObject","inLanguage":"de-DE","@id":"https:\/\/www.campingreno.it\/de\/campingplatz-am-meer-casal-borsetti-was-man-besuchen-kann\/#primaryimage","url":"https:\/\/www.campingreno.it\/wp-content\/uploads\/sites\/192\/2025\/03\/ravenna_basilica_san_vitale_01__jpg_1200_630_cover_85.jpg","contentUrl":"https:\/\/www.campingreno.it\/wp-content\/uploads\/sites\/192\/2025\/03\/ravenna_basilica_san_vitale_01__jpg_1200_630_cover_85.jpg","width":1200,"height":630,"caption":"Camping-Reno-am-Meer-Casal Borsetti-basilica-san-vitale"},{"@type":"BreadcrumbList","@id":"https:\/\/www.campingreno.it\/de\/campingplatz-am-meer-casal-borsetti-was-man-besuchen-kann\/#breadcrumb","itemListElement":[{"@type":"ListItem","position":1,"name":"Home","item":"https:\/\/www.campingreno.it\/de\/"},{"@type":"ListItem","position":2,"name":"Das Gebiet"}]},{"@type":"WebSite","@id":"https:\/\/www.campingreno.it\/de\/#website","url":"https:\/\/www.campingreno.it\/de\/","name":"Camping Reno","description":"","publisher":{"@id":"https:\/\/www.campingreno.it\/de\/#organization"},"potentialAction":[{"@type":"SearchAction","target":{"@type":"EntryPoint","urlTemplate":"https:\/\/www.campingreno.it\/de\/?s={search_term_string}"},"query-input":{"@type":"PropertyValueSpecification","valueRequired":true,"valueName":"search_term_string"}}],"inLanguage":"de-DE"},{"@type":"Organization","@id":"https:\/\/www.campingreno.it\/de\/#organization","name":"Camping Reno","url":"https:\/\/www.campingreno.it\/de\/","logo":{"@type":"ImageObject","inLanguage":"de-DE","@id":"https:\/\/www.campingreno.it\/de\/#\/schema\/logo\/image\/","url":"https:\/\/www.campingreno.it\/wp-content\/uploads\/sites\/192\/2024\/12\/logo_reno-no-sfondo-2.png","contentUrl":"https:\/\/www.campingreno.it\/wp-content\/uploads\/sites\/192\/2024\/12\/logo_reno-no-sfondo-2.png","width":567,"height":286,"caption":"Camping Reno"},"image":{"@id":"https:\/\/www.campingreno.it\/de\/#\/schema\/logo\/image\/"},"sameAs":["https:\/\/facebook.com\/tomasitourism","https:\/\/instagram.com\/camping_reno"]}]}},"acf":[],"_links":{"self":[{"href":"https:\/\/www.campingreno.it\/de\/wp-json\/wp\/v2\/pages\/1327","targetHints":{"allow":["GET"]}}],"collection":[{"href":"https:\/\/www.campingreno.it\/de\/wp-json\/wp\/v2\/pages"}],"about":[{"href":"https:\/\/www.campingreno.it\/de\/wp-json\/wp\/v2\/types\/page"}],"author":[{"embeddable":true,"href":"https:\/\/www.campingreno.it\/de\/wp-json\/wp\/v2\/users\/13"}],"replies":[{"embeddable":true,"href":"https:\/\/www.campingreno.it\/de\/wp-json\/wp\/v2\/comments?post=1327"}],"version-history":[{"count":0,"href":"https:\/\/www.campingreno.it\/de\/wp-json\/wp\/v2\/pages\/1327\/revisions"}],"wp:featuredmedia":[{"embeddable":true,"href":"https:\/\/www.campingreno.it\/de\/wp-json\/wp\/v2\/media\/1637"}],"wp:attachment":[{"href":"https:\/\/www.campingreno.it\/de\/wp-json\/wp\/v2\/media?parent=1327"}],"curies":[{"name":"wp","href":"https:\/\/api.w.org\/{rel}","templated":true}]}}