   {"id":1332,"date":"2025-01-24T14:10:48","date_gmt":"2025-01-24T14:10:48","guid":{"rendered":"https:\/\/www.campingreno.it\/?page_id=1332"},"modified":"2025-03-25T10:33:19","modified_gmt":"2025-03-25T10:33:19","slug":"campingplatz-naehe-von-comacchio","status":"publish","type":"page","link":"https:\/\/www.campingreno.it\/de\/campingplatz-am-meer-casal-borsetti-was-man-besuchen-kann\/kunststaedte-in-der-naehe-zu-besuchen\/campingplatz-naehe-von-comacchio\/","title":{"rendered":"Comacchio"},"content":{"rendered":"<p>Besuchen Sie Comacchio, wenn Sie im Camping Reno, <strong>Campingplatz N\u00e4he von Comacchio<\/strong>, \u00fcbernachten<\/p>\n<p>&nbsp;<\/p>\n<p><a href=\"https:\/\/www.visitcomacchio.it\/de\/\"><strong>Comacchio<\/strong><\/a> ist eine kleine und charmante Stadt im Herzen des Po-Deltas, die f\u00fcr ihre Kan\u00e4le, ihre Geschichte und ihre Verbindung zur Fischereitradition bekannt ist. Hier sind einige der wichtigsten Attraktionen, die Sie nicht verpassen sollten:<\/p>\n<p>&nbsp;<\/p>\n<p><a href=\"https:\/\/www.ferraraterraeacqua.it\/de\/comacchio\/das-territorium-entdecken\/kunst-und-kultur?set_language=de\"><strong>Ponte degli Sbirri:<\/strong><\/a> Eines der Wahrzeichen von Comacchio. Diese Backsteinbr\u00fccke zeichnet sich durch eine elegante Struktur und einen sch\u00f6nen Blick auf die Kan\u00e4le der Stadt aus. Der Name &#8222;Ponte degli Sbirri&#8220; leitet sich von den Wachen ab, die sie einst bewachten.<\/p>\n<p>&nbsp;<\/p>\n<p><strong>Historisches Zentrum und Kan\u00e4le<\/strong>: Comacchio wird von zahlreichen Kan\u00e4len durchzogen, die es Venedig \u00e4hneln, und ein Spaziergang durch die engen Gassen und entlang der Kan\u00e4le ist ein faszinierendes Erlebnis. Die Stadtlandschaft mit ihren bunten Geb\u00e4uden und Br\u00fccken hat eine ruhige und malerische Atmosph\u00e4re.<\/p>\n<p>&nbsp;<\/p>\n<p><strong>Museum des antiken Deltas<\/strong>: Ein Museum, das einen \u00dcberblick \u00fcber die Geschichte und Entwicklung des Po-Deltas bietet, mit arch\u00e4ologischen Fundst\u00fccken, Rekonstruktionen und Ausstellungen, die das Leben in der Region im Laufe der Jahrhunderte erz\u00e4hlen.<\/p>\n<p>&nbsp;<\/p>\n<p><a href=\"https:\/\/www.imarinatidicomacchio.it\/manifattura-dei-marinati\"><strong>Marinierte Manufaktur<\/strong><\/a>: Ein Museum, das die Tradition der Fischerei und der Aalfabrikation feiert, einem typischen Produkt der Region. Hier k\u00f6nnen Sie den Verarbeitungsprozess entdecken und lokale Produkte probieren.<\/p>\n<p>&nbsp;<\/p>\n<p><strong>Lehrbauernhof des Deltas<\/strong>: Ein Gebiet, das der Landwirtschaft und der Fauna des Po-Deltas gewidmet ist, mit Lehrpfaden, die es Ihnen erm\u00f6glichen, das \u00d6kosystem der Region zu erkunden und etwas \u00fcber die lokale Flora und Fauna zu lernen.<\/p>\n<p>&nbsp;<\/p>\n<p><strong>Uhrturm:<\/strong> Eine weitere historische Attraktion von Comacchio, die einen Panoramablick auf die Stadt und die Umgebung bietet. Er ist eines der bekanntesten Wahrzeichen der Stadt.<\/p>\n<p>&nbsp;<\/p>\n<p><a href=\"https:\/\/www.parks.it\/parco.delta.po.er\/Gindex.php\"><strong>Po-Delta-Park<\/strong><\/a>: Comacchio liegt im Po-Delta-Park, einem Schutzgebiet, das eine au\u00dfergew\u00f6hnliche Artenvielfalt beherbergt. Es ist ein idealer Ort zum Wandern, zur Vogelbeobachtung und zum Genie\u00dfen der unber\u00fchrten Natur.<\/p>\n<p>&nbsp;<\/p>\n<p><strong>Lido di Comacchio:<\/strong> Wenn Sie sich entspannen m\u00f6chten, k\u00f6nnen Sie die Lidi di Comacchio besuchen, wo Sie wundersch\u00f6ne Str\u00e4nde und ruhiges Wasser finden, ideal f\u00fcr eine erholsame Pause.<\/p>\n<p>&nbsp;<\/p>\n<p><strong>Kirche des Allerheiligsten Rosenkranzes<\/strong>: Eine historische Kirche im Zentrum von Comacchio, die f\u00fcr ihre verzierten Innenr\u00e4ume bekannt ist und ein bedeutender Ort der Anbetung f\u00fcr die lokale Gemeinschaft darstellt.<\/p>\n<p>&nbsp;<\/p>\n<p><strong>Comacchio ist eine Stadt<\/strong>, die mit ihrer ruhigen Umgebung und ihrer tiefen Verbindung zur Natur und Tradition des Po-Deltas bezaubert. Es ist der perfekte Ort f\u00fcr einen erholsamen Besuch, eingebettet in eine Geschichte, die ihre Wurzeln in der Vergangenheit hat.<\/p>\n<p>&nbsp;<\/p>\n<p>&nbsp;<\/p>\n<p data-sourcepos=\"31:1-31:80\">Der Campingplatz Reno,<strong> Kleiner Campingplatz N\u00e4he von Comacchio<\/strong>,\u00a0 verf\u00fcgt \u00fcber <a href=\"https:\/\/www.campingreno.it\/de\/campingplatz-ravenna-italien-unterkuenfte\/\"><strong>Unterk\u00fcnfte<\/strong><\/a> und <a href=\"https:\/\/www.campingreno.it\/de\/camping-mit-stellplaetzen-ravenna-italien\/\"><strong>Stellpl\u00e4tze<\/strong><\/a> f\u00fcr Ihren Urlaub am Meer in Casal Borsetti, Ravenna.<\/p>\n<p data-sourcepos=\"31:1-31:80\"><a href=\"https:\/\/www.scidoo.com\/preventivov2\/?cod=1209&amp;dataarr=2025-4-5&amp;notti=7&amp;adult=1&amp;children=&amp;IDsotto_struttura=0&amp;lang=4\"><strong>Verf\u00fcgbarkeit pr\u00fcfen und jetzt buchen<\/strong><\/a><\/p>\n<p>&nbsp;<\/p>\n","protected":false},"excerpt":{"rendered":"<p>Besuchen Sie Comacchio, wenn Sie im Camping Reno, Campingplatz N\u00e4he von Comacchio, \u00fcbernachten &nbsp; Comacchio ist eine kleine und charmante Stadt im Herzen des Po-Deltas, die f\u00fcr ihre Kan\u00e4le, ihre Geschichte und ihre Verbindung zur Fischereitradition bekannt ist. Hier sind einige der wichtigsten Attraktionen, die Sie nicht verpassen sollten: &nbsp; Ponte degli Sbirri: Eines der [&hellip;]<\/p>\n","protected":false},"author":212,"featured_media":1978,"parent":1330,"menu_order":300,"comment_status":"closed","ping_status":"closed","template":"","meta":{"footnotes":""},"class_list":["post-1332","page","type-page","status-publish","has-post-thumbnail","hentry"],"yoast_head":"<!-- This site is optimized with the Yoast SEO plugin v27.3 - https:\/\/yoast.com\/product\/yoast-seo-wordpress\/ -->\n<title>Campingplatz N\u00e4he von Comacchio | Camping Reno Direkt Meer<\/title>\n<meta name=\"description\" content=\"Wenn Sie nach einem Campingplatz N\u00e4he von Comacchio suchen, gibt es den Camping Reno, direkt am Meer. Fordern Sie ein Angebot an.\" \/>\n<meta name=\"robots\" content=\"index, follow, max-snippet:-1, max-image-preview:large, max-video-preview:-1\" \/>\n<link rel=\"canonical\" href=\"https:\/\/www.campingreno.it\/de\/campingplatz-am-meer-casal-borsetti-was-man-besuchen-kann\/kunststaedte-in-der-naehe-zu-besuchen\/campingplatz-naehe-von-comacchio\/\" \/>\n<meta property=\"og:locale\" content=\"de_DE\" \/>\n<meta property=\"og:type\" content=\"article\" \/>\n<meta property=\"og:title\" content=\"Campingplatz N\u00e4he von Comacchio | Camping Reno Direkt Meer\" \/>\n<meta property=\"og:description\" content=\"Wenn Sie nach einem Campingplatz N\u00e4he von Comacchio suchen, gibt es den Camping Reno, direkt am Meer. Fordern Sie ein Angebot an.\" \/>\n<meta property=\"og:url\" content=\"https:\/\/www.campingreno.it\/de\/campingplatz-am-meer-casal-borsetti-was-man-besuchen-kann\/kunststaedte-in-der-naehe-zu-besuchen\/campingplatz-naehe-von-comacchio\/\" \/>\n<meta property=\"og:site_name\" content=\"Camping Reno\" \/>\n<meta property=\"article:publisher\" content=\"https:\/\/facebook.com\/tomasitourism\" \/>\n<meta property=\"article:modified_time\" content=\"2025-03-25T10:33:19+00:00\" \/>\n<meta property=\"og:image\" content=\"https:\/\/www.campingreno.it\/wp-content\/uploads\/sites\/192\/2025\/03\/ComacchioFerraraCentro_Storico_pontiPh_nbisi_WLM2016_CC_BY_SA_40.jpg\" \/>\n\t<meta property=\"og:image:width\" content=\"1200\" \/>\n\t<meta property=\"og:image:height\" content=\"704\" \/>\n\t<meta property=\"og:image:type\" content=\"image\/jpeg\" \/>\n<meta name=\"twitter:card\" content=\"summary_large_image\" \/>\n<meta name=\"twitter:label1\" content=\"Gesch\u00e4tzte Lesezeit\" \/>\n\t<meta name=\"twitter:data1\" content=\"3 Minuten\" \/>\n<script type=\"application\/ld+json\" class=\"yoast-schema-graph\">{\"@context\":\"https:\\\/\\\/schema.org\",\"@graph\":[{\"@type\":\"WebPage\",\"@id\":\"https:\\\/\\\/www.campingreno.it\\\/de\\\/campingplatz-am-meer-casal-borsetti-was-man-besuchen-kann\\\/kunststaedte-in-der-naehe-zu-besuchen\\\/campingplatz-naehe-von-comacchio\\\/\",\"url\":\"https:\\\/\\\/www.campingreno.it\\\/de\\\/campingplatz-am-meer-casal-borsetti-was-man-besuchen-kann\\\/kunststaedte-in-der-naehe-zu-besuchen\\\/campingplatz-naehe-von-comacchio\\\/\",\"name\":\"Campingplatz N\u00e4he von Comacchio | Camping Reno Direkt Meer\",\"isPartOf\":{\"@id\":\"https:\\\/\\\/www.campingreno.it\\\/de\\\/#website\"},\"primaryImageOfPage\":{\"@id\":\"https:\\\/\\\/www.campingreno.it\\\/de\\\/campingplatz-am-meer-casal-borsetti-was-man-besuchen-kann\\\/kunststaedte-in-der-naehe-zu-besuchen\\\/campingplatz-naehe-von-comacchio\\\/#primaryimage\"},\"image\":{\"@id\":\"https:\\\/\\\/www.campingreno.it\\\/de\\\/campingplatz-am-meer-casal-borsetti-was-man-besuchen-kann\\\/kunststaedte-in-der-naehe-zu-besuchen\\\/campingplatz-naehe-von-comacchio\\\/#primaryimage\"},\"thumbnailUrl\":\"https:\\\/\\\/www.campingreno.it\\\/wp-content\\\/uploads\\\/sites\\\/192\\\/2025\\\/03\\\/ComacchioFerraraCentro_Storico_pontiPh_nbisi_WLM2016_CC_BY_SA_40.jpg\",\"datePublished\":\"2025-01-24T14:10:48+00:00\",\"dateModified\":\"2025-03-25T10:33:19+00:00\",\"description\":\"Wenn Sie nach einem Campingplatz N\u00e4he von Comacchio suchen, gibt es den Camping Reno, direkt am Meer. Fordern Sie ein Angebot an.\",\"breadcrumb\":{\"@id\":\"https:\\\/\\\/www.campingreno.it\\\/de\\\/campingplatz-am-meer-casal-borsetti-was-man-besuchen-kann\\\/kunststaedte-in-der-naehe-zu-besuchen\\\/campingplatz-naehe-von-comacchio\\\/#breadcrumb\"},\"inLanguage\":\"de-DE\",\"potentialAction\":[{\"@type\":\"ReadAction\",\"target\":[\"https:\\\/\\\/www.campingreno.it\\\/de\\\/campingplatz-am-meer-casal-borsetti-was-man-besuchen-kann\\\/kunststaedte-in-der-naehe-zu-besuchen\\\/campingplatz-naehe-von-comacchio\\\/\"]}]},{\"@type\":\"ImageObject\",\"inLanguage\":\"de-DE\",\"@id\":\"https:\\\/\\\/www.campingreno.it\\\/de\\\/campingplatz-am-meer-casal-borsetti-was-man-besuchen-kann\\\/kunststaedte-in-der-naehe-zu-besuchen\\\/campingplatz-naehe-von-comacchio\\\/#primaryimage\",\"url\":\"https:\\\/\\\/www.campingreno.it\\\/wp-content\\\/uploads\\\/sites\\\/192\\\/2025\\\/03\\\/ComacchioFerraraCentro_Storico_pontiPh_nbisi_WLM2016_CC_BY_SA_40.jpg\",\"contentUrl\":\"https:\\\/\\\/www.campingreno.it\\\/wp-content\\\/uploads\\\/sites\\\/192\\\/2025\\\/03\\\/ComacchioFerraraCentro_Storico_pontiPh_nbisi_WLM2016_CC_BY_SA_40.jpg\",\"width\":1200,\"height\":704,\"caption\":\"Campingplatz N\u00e4he von Comacchio - Camping Reno\"},{\"@type\":\"BreadcrumbList\",\"@id\":\"https:\\\/\\\/www.campingreno.it\\\/de\\\/campingplatz-am-meer-casal-borsetti-was-man-besuchen-kann\\\/kunststaedte-in-der-naehe-zu-besuchen\\\/campingplatz-naehe-von-comacchio\\\/#breadcrumb\",\"itemListElement\":[{\"@type\":\"ListItem\",\"position\":1,\"name\":\"Home\",\"item\":\"https:\\\/\\\/www.campingreno.it\\\/de\\\/\"},{\"@type\":\"ListItem\",\"position\":2,\"name\":\"Das Gebiet\",\"item\":\"https:\\\/\\\/www.campingreno.it\\\/de\\\/campingplatz-am-meer-casal-borsetti-was-man-besuchen-kann\\\/\"},{\"@type\":\"ListItem\",\"position\":3,\"name\":\"Kunstst\u00e4dte\",\"item\":\"https:\\\/\\\/www.campingreno.it\\\/de\\\/campingplatz-am-meer-casal-borsetti-was-man-besuchen-kann\\\/kunststaedte-in-der-naehe-zu-besuchen\\\/\"},{\"@type\":\"ListItem\",\"position\":4,\"name\":\"Comacchio\"}]},{\"@type\":\"WebSite\",\"@id\":\"https:\\\/\\\/www.campingreno.it\\\/de\\\/#website\",\"url\":\"https:\\\/\\\/www.campingreno.it\\\/de\\\/\",\"name\":\"Camping Reno\",\"description\":\"\",\"publisher\":{\"@id\":\"https:\\\/\\\/www.campingreno.it\\\/de\\\/#organization\"},\"potentialAction\":[{\"@type\":\"SearchAction\",\"target\":{\"@type\":\"EntryPoint\",\"urlTemplate\":\"https:\\\/\\\/www.campingreno.it\\\/de\\\/?s={search_term_string}\"},\"query-input\":{\"@type\":\"PropertyValueSpecification\",\"valueRequired\":true,\"valueName\":\"search_term_string\"}}],\"inLanguage\":\"de-DE\"},{\"@type\":\"Organization\",\"@id\":\"https:\\\/\\\/www.campingreno.it\\\/de\\\/#organization\",\"name\":\"Camping Reno\",\"url\":\"https:\\\/\\\/www.campingreno.it\\\/de\\\/\",\"logo\":{\"@type\":\"ImageObject\",\"inLanguage\":\"de-DE\",\"@id\":\"https:\\\/\\\/www.campingreno.it\\\/de\\\/#\\\/schema\\\/logo\\\/image\\\/\",\"url\":\"https:\\\/\\\/www.campingreno.it\\\/wp-content\\\/uploads\\\/sites\\\/192\\\/2024\\\/12\\\/logo_reno-no-sfondo-2.png\",\"contentUrl\":\"https:\\\/\\\/www.campingreno.it\\\/wp-content\\\/uploads\\\/sites\\\/192\\\/2024\\\/12\\\/logo_reno-no-sfondo-2.png\",\"width\":567,\"height\":286,\"caption\":\"Camping Reno\"},\"image\":{\"@id\":\"https:\\\/\\\/www.campingreno.it\\\/de\\\/#\\\/schema\\\/logo\\\/image\\\/\"},\"sameAs\":[\"https:\\\/\\\/facebook.com\\\/tomasitourism\",\"https:\\\/\\\/instagram.com\\\/camping_reno\"]}]}<\/script>\n<!-- \/ Yoast SEO plugin. -->","yoast_head_json":{"title":"Campingplatz N\u00e4he von Comacchio | Camping Reno Direkt Meer","description":"Wenn Sie nach einem Campingplatz N\u00e4he von Comacchio suchen, gibt es den Camping Reno, direkt am Meer. Fordern Sie ein Angebot an.","robots":{"index":"index","follow":"follow","max-snippet":"max-snippet:-1","max-image-preview":"max-image-preview:large","max-video-preview":"max-video-preview:-1"},"canonical":"https:\/\/www.campingreno.it\/de\/campingplatz-am-meer-casal-borsetti-was-man-besuchen-kann\/kunststaedte-in-der-naehe-zu-besuchen\/campingplatz-naehe-von-comacchio\/","og_locale":"de_DE","og_type":"article","og_title":"Campingplatz N\u00e4he von Comacchio | Camping Reno Direkt Meer","og_description":"Wenn Sie nach einem Campingplatz N\u00e4he von Comacchio suchen, gibt es den Camping Reno, direkt am Meer. Fordern Sie ein Angebot an.","og_url":"https:\/\/www.campingreno.it\/de\/campingplatz-am-meer-casal-borsetti-was-man-besuchen-kann\/kunststaedte-in-der-naehe-zu-besuchen\/campingplatz-naehe-von-comacchio\/","og_site_name":"Camping Reno","article_publisher":"https:\/\/facebook.com\/tomasitourism","article_modified_time":"2025-03-25T10:33:19+00:00","og_image":[{"width":1200,"height":704,"url":"https:\/\/www.campingreno.it\/wp-content\/uploads\/sites\/192\/2025\/03\/ComacchioFerraraCentro_Storico_pontiPh_nbisi_WLM2016_CC_BY_SA_40.jpg","type":"image\/jpeg"}],"twitter_card":"summary_large_image","twitter_misc":{"Gesch\u00e4tzte Lesezeit":"3 Minuten"},"schema":{"@context":"https:\/\/schema.org","@graph":[{"@type":"WebPage","@id":"https:\/\/www.campingreno.it\/de\/campingplatz-am-meer-casal-borsetti-was-man-besuchen-kann\/kunststaedte-in-der-naehe-zu-besuchen\/campingplatz-naehe-von-comacchio\/","url":"https:\/\/www.campingreno.it\/de\/campingplatz-am-meer-casal-borsetti-was-man-besuchen-kann\/kunststaedte-in-der-naehe-zu-besuchen\/campingplatz-naehe-von-comacchio\/","name":"Campingplatz N\u00e4he von Comacchio | Camping Reno Direkt Meer","isPartOf":{"@id":"https:\/\/www.campingreno.it\/de\/#website"},"primaryImageOfPage":{"@id":"https:\/\/www.campingreno.it\/de\/campingplatz-am-meer-casal-borsetti-was-man-besuchen-kann\/kunststaedte-in-der-naehe-zu-besuchen\/campingplatz-naehe-von-comacchio\/#primaryimage"},"image":{"@id":"https:\/\/www.campingreno.it\/de\/campingplatz-am-meer-casal-borsetti-was-man-besuchen-kann\/kunststaedte-in-der-naehe-zu-besuchen\/campingplatz-naehe-von-comacchio\/#primaryimage"},"thumbnailUrl":"https:\/\/www.campingreno.it\/wp-content\/uploads\/sites\/192\/2025\/03\/ComacchioFerraraCentro_Storico_pontiPh_nbisi_WLM2016_CC_BY_SA_40.jpg","datePublished":"2025-01-24T14:10:48+00:00","dateModified":"2025-03-25T10:33:19+00:00","description":"Wenn Sie nach einem Campingplatz N\u00e4he von Comacchio suchen, gibt es den Camping Reno, direkt am Meer. Fordern Sie ein Angebot an.","breadcrumb":{"@id":"https:\/\/www.campingreno.it\/de\/campingplatz-am-meer-casal-borsetti-was-man-besuchen-kann\/kunststaedte-in-der-naehe-zu-besuchen\/campingplatz-naehe-von-comacchio\/#breadcrumb"},"inLanguage":"de-DE","potentialAction":[{"@type":"ReadAction","target":["https:\/\/www.campingreno.it\/de\/campingplatz-am-meer-casal-borsetti-was-man-besuchen-kann\/kunststaedte-in-der-naehe-zu-besuchen\/campingplatz-naehe-von-comacchio\/"]}]},{"@type":"ImageObject","inLanguage":"de-DE","@id":"https:\/\/www.campingreno.it\/de\/campingplatz-am-meer-casal-borsetti-was-man-besuchen-kann\/kunststaedte-in-der-naehe-zu-besuchen\/campingplatz-naehe-von-comacchio\/#primaryimage","url":"https:\/\/www.campingreno.it\/wp-content\/uploads\/sites\/192\/2025\/03\/ComacchioFerraraCentro_Storico_pontiPh_nbisi_WLM2016_CC_BY_SA_40.jpg","contentUrl":"https:\/\/www.campingreno.it\/wp-content\/uploads\/sites\/192\/2025\/03\/ComacchioFerraraCentro_Storico_pontiPh_nbisi_WLM2016_CC_BY_SA_40.jpg","width":1200,"height":704,"caption":"Campingplatz N\u00e4he von Comacchio - Camping Reno"},{"@type":"BreadcrumbList","@id":"https:\/\/www.campingreno.it\/de\/campingplatz-am-meer-casal-borsetti-was-man-besuchen-kann\/kunststaedte-in-der-naehe-zu-besuchen\/campingplatz-naehe-von-comacchio\/#breadcrumb","itemListElement":[{"@type":"ListItem","position":1,"name":"Home","item":"https:\/\/www.campingreno.it\/de\/"},{"@type":"ListItem","position":2,"name":"Das Gebiet","item":"https:\/\/www.campingreno.it\/de\/campingplatz-am-meer-casal-borsetti-was-man-besuchen-kann\/"},{"@type":"ListItem","position":3,"name":"Kunstst\u00e4dte","item":"https:\/\/www.campingreno.it\/de\/campingplatz-am-meer-casal-borsetti-was-man-besuchen-kann\/kunststaedte-in-der-naehe-zu-besuchen\/"},{"@type":"ListItem","position":4,"name":"Comacchio"}]},{"@type":"WebSite","@id":"https:\/\/www.campingreno.it\/de\/#website","url":"https:\/\/www.campingreno.it\/de\/","name":"Camping Reno","description":"","publisher":{"@id":"https:\/\/www.campingreno.it\/de\/#organization"},"potentialAction":[{"@type":"SearchAction","target":{"@type":"EntryPoint","urlTemplate":"https:\/\/www.campingreno.it\/de\/?s={search_term_string}"},"query-input":{"@type":"PropertyValueSpecification","valueRequired":true,"valueName":"search_term_string"}}],"inLanguage":"de-DE"},{"@type":"Organization","@id":"https:\/\/www.campingreno.it\/de\/#organization","name":"Camping Reno","url":"https:\/\/www.campingreno.it\/de\/","logo":{"@type":"ImageObject","inLanguage":"de-DE","@id":"https:\/\/www.campingreno.it\/de\/#\/schema\/logo\/image\/","url":"https:\/\/www.campingreno.it\/wp-content\/uploads\/sites\/192\/2024\/12\/logo_reno-no-sfondo-2.png","contentUrl":"https:\/\/www.campingreno.it\/wp-content\/uploads\/sites\/192\/2024\/12\/logo_reno-no-sfondo-2.png","width":567,"height":286,"caption":"Camping Reno"},"image":{"@id":"https:\/\/www.campingreno.it\/de\/#\/schema\/logo\/image\/"},"sameAs":["https:\/\/facebook.com\/tomasitourism","https:\/\/instagram.com\/camping_reno"]}]}},"acf":[],"_links":{"self":[{"href":"https:\/\/www.campingreno.it\/de\/wp-json\/wp\/v2\/pages\/1332","targetHints":{"allow":["GET"]}}],"collection":[{"href":"https:\/\/www.campingreno.it\/de\/wp-json\/wp\/v2\/pages"}],"about":[{"href":"https:\/\/www.campingreno.it\/de\/wp-json\/wp\/v2\/types\/page"}],"author":[{"embeddable":true,"href":"https:\/\/www.campingreno.it\/de\/wp-json\/wp\/v2\/users\/212"}],"replies":[{"embeddable":true,"href":"https:\/\/www.campingreno.it\/de\/wp-json\/wp\/v2\/comments?post=1332"}],"version-history":[{"count":0,"href":"https:\/\/www.campingreno.it\/de\/wp-json\/wp\/v2\/pages\/1332\/revisions"}],"up":[{"embeddable":true,"href":"https:\/\/www.campingreno.it\/de\/wp-json\/wp\/v2\/pages\/1330"}],"wp:featuredmedia":[{"embeddable":true,"href":"https:\/\/www.campingreno.it\/de\/wp-json\/wp\/v2\/media\/1978"}],"wp:attachment":[{"href":"https:\/\/www.campingreno.it\/de\/wp-json\/wp\/v2\/media?parent=1332"}],"curies":[{"name":"wp","href":"https:\/\/api.w.org\/{rel}","templated":true}]}}