   {"id":1334,"date":"2025-01-24T13:01:14","date_gmt":"2025-01-24T13:01:14","guid":{"rendered":"https:\/\/www.campingreno.it\/?page_id=1334"},"modified":"2025-12-12T12:22:23","modified_gmt":"2025-12-12T12:22:23","slug":"campingplatz-naehe-von-ferrara","status":"publish","type":"page","link":"https:\/\/www.campingreno.it\/de\/campingplatz-am-meer-casal-borsetti-was-man-besuchen-kann\/kunststaedte-in-der-naehe-zu-besuchen\/campingplatz-naehe-von-ferrara\/","title":{"rendered":"Ferrara"},"content":{"rendered":"<p>Besuchen Sie Ferrara, wenn Sie im Camping Reno,<strong> Campingplatz N\u00e4he von Ferrara<\/strong>, \u00fcbernachten<\/p>\n<p>&nbsp;<\/p>\n<p>In <a href=\"https:\/\/www.visitferrara.eu\/de\/\"><strong>Ferrara<\/strong><\/a> gibt es mehrere faszinierende Orte zu besuchen, die die Geschichte und Kultur der Stadt erz\u00e4hlen. Hier sind einige der wichtigsten Sehensw\u00fcrdigkeiten:<\/p>\n<p>&nbsp;<\/p>\n<p><a href=\"https:\/\/www.castelloestense.it\/en\/home-page?set_language=en\"><strong>Castello Estense<\/strong><\/a>: Eines der Wahrzeichen von Ferrara, ein imposantes mittelalterliches Schloss im Zentrum der Stadt. Das Geb\u00e4ude ist von einem Wassergraben umgeben und bietet die M\u00f6glichkeit, T\u00fcrme, freskierte R\u00e4ume und ein Museum zu erkunden.<\/p>\n<p>&nbsp;<\/p>\n<p><a href=\"https:\/\/www.palazzodiamanti.it\/en\/past-exhibitions\/\"><strong>Palazzo dei Diamanti<\/strong>:<\/a> Ein Meisterwerk der Renaissance-Architektur, ber\u00fchmt f\u00fcr seine Fassade mit diamantf\u00f6rmigen Steinbl\u00f6cken. Es beherbergt die Nationalgalerie, die Kunstwerke von K\u00fcnstlern wie Cosm\u00e8 Tura und Dosso Dossi beherbergt.<\/p>\n<p>&nbsp;<\/p>\n<p><a href=\"https:\/\/cattedralediferrara.it\/\"><strong>Kathedrale von San Giorgio:<\/strong><\/a> Die majest\u00e4tische Kathedrale von Ferrara, gelegen an der Piazza Trento e Trieste, ist ein Beispiel romanischer Architektur mit einer Fassade voller Skulpturen und einem freskierten Innenraum.<\/p>\n<p>&nbsp;<\/p>\n<p><strong>Mauern von Ferrara:<\/strong> Die gut erhaltenen Renaissance-Mauern, die das historische Zentrum umgeben, k\u00f6nnen zu Fu\u00df oder mit dem Fahrrad erkundet werden und bieten einen Panoramablick auf die Stadt und ihre Parks.<\/p>\n<p>&nbsp;<\/p>\n<p><strong>Palazzo Schifanoia:<\/strong> Ein weiteres wichtiges Renaissance-Geb\u00e4ude, ber\u00fchmt f\u00fcr seine Fresken, darunter die von Francesco del Cossa, die die R\u00e4ume des Palastes schm\u00fccken, der einst als Sommerresidenz der Este genutzt wurde.<\/p>\n<p>&nbsp;<\/p>\n<p><strong>Basilika San Francesco<\/strong>: Eine gotische Kirche mit bedeutenden Kunstwerken und einer ruhigen, spirituellen Atmosph\u00e4re.<\/p>\n<p>&nbsp;<\/p>\n<p><strong>Arch\u00e4ologisches Nationalmuseum von Ferrara<\/strong>: F\u00fcr diejenigen, die sich f\u00fcr alte Geschichte interessieren, bietet dieses Museum eine Sammlung arch\u00e4ologischer Fundst\u00fccke, die die Geschichte der Stadt und der Region erz\u00e4hlen.<\/p>\n<p>&nbsp;<\/p>\n<p><strong>Garten der Herzoginnen:<\/strong> Ein wundersch\u00f6ner \u00f6ffentlicher Garten, ideal f\u00fcr einen entspannten Spaziergang, in der N\u00e4he des Castello Estense gelegen.<\/p>\n<p>&nbsp;<\/p>\n<p><strong>Piazza del Municipio und Uhrturm:<\/strong> Einer der Hauptpl\u00e4tze der Stadt mit historischen Geb\u00e4uden und dem Uhrturm, von dem aus man einen Blick auf die Stadt genie\u00dfen kann.<\/p>\n<p>&nbsp;<\/p>\n<p>Ferrara ist eine Stadt, die eine perfekte Mischung aus Geschichte, Kunst und Natursch\u00f6nheiten bietet und ideal ist, um zu Fu\u00df oder mit dem Fahrrad erkundet zu werden, um ihren Charme voll und ganz zu erleben<\/p>\n<p>&nbsp;<\/p>\n<p data-sourcepos=\"31:1-31:80\">Der Campingplatz Reno,<strong> Kleiner Campingplatz N\u00e4he von Ferrara<\/strong>,\u00a0 verf\u00fcgt \u00fcber <a href=\"https:\/\/www.campingreno.it\/de\/campingplatz-ravenna-italien-unterkuenfte\/\"><strong>Unterk\u00fcnfte<\/strong><\/a> und <a href=\"https:\/\/www.campingreno.it\/de\/camping-mit-stellplaetzen-ravenna-italien\/\"><strong>Stellpl\u00e4tze<\/strong><\/a> f\u00fcr Ihren Urlaub am Meer in Casal Borsetti, Ravenna.<\/p>\n<p data-sourcepos=\"31:1-31:80\"><a href=\"https:\/\/www.scidoo.com\/preventivov2\/?cod=1209&amp;dataarr=2025-4-5&amp;notti=7&amp;adult=1&amp;children=&amp;IDsotto_struttura=0&amp;lang=4\"><strong>Verf\u00fcgbarkeit pr\u00fcfen und jetzt buchen<\/strong><\/a><\/p>\n","protected":false},"excerpt":{"rendered":"<p>Besuchen Sie Ferrara, wenn Sie im Camping Reno, Campingplatz N\u00e4he von Ferrara, \u00fcbernachten &nbsp; In Ferrara gibt es mehrere faszinierende Orte zu besuchen, die die Geschichte und Kultur der Stadt erz\u00e4hlen. Hier sind einige der wichtigsten Sehensw\u00fcrdigkeiten: &nbsp; Castello Estense: Eines der Wahrzeichen von Ferrara, ein imposantes mittelalterliches Schloss im Zentrum der Stadt. Das Geb\u00e4ude [&hellip;]<\/p>\n","protected":false},"author":212,"featured_media":1981,"parent":1330,"menu_order":300,"comment_status":"closed","ping_status":"closed","template":"","meta":{"footnotes":""},"class_list":["post-1334","page","type-page","status-publish","has-post-thumbnail","hentry"],"yoast_head":"<!-- This site is optimized with the Yoast SEO plugin v27.3 - https:\/\/yoast.com\/product\/yoast-seo-wordpress\/ -->\n<title>Campingplatz N\u00e4he von Ferrara | Camping Reno Casalborsetti<\/title>\n<meta name=\"description\" content=\"Wenn Sie nach einem Campingplatz N\u00e4he von Ferrara suchen, gibt es den Camping Reno, Casalborsetti. Fordern Sie ein Angebot an!\" \/>\n<meta name=\"robots\" content=\"index, follow, max-snippet:-1, max-image-preview:large, max-video-preview:-1\" \/>\n<link rel=\"canonical\" href=\"https:\/\/www.campingreno.it\/de\/campingplatz-am-meer-casal-borsetti-was-man-besuchen-kann\/kunststaedte-in-der-naehe-zu-besuchen\/campingplatz-naehe-von-ferrara\/\" \/>\n<meta property=\"og:locale\" content=\"de_DE\" \/>\n<meta property=\"og:type\" content=\"article\" \/>\n<meta property=\"og:title\" content=\"Campingplatz N\u00e4he von Ferrara | Camping Reno Casalborsetti\" \/>\n<meta property=\"og:description\" content=\"Wenn Sie nach einem Campingplatz N\u00e4he von Ferrara suchen, gibt es den Camping Reno, Casalborsetti. Fordern Sie ein Angebot an!\" \/>\n<meta property=\"og:url\" content=\"https:\/\/www.campingreno.it\/de\/campingplatz-am-meer-casal-borsetti-was-man-besuchen-kann\/kunststaedte-in-der-naehe-zu-besuchen\/campingplatz-naehe-von-ferrara\/\" \/>\n<meta property=\"og:site_name\" content=\"Camping Reno\" \/>\n<meta property=\"article:publisher\" content=\"https:\/\/facebook.com\/tomasitourism\" \/>\n<meta property=\"article:modified_time\" content=\"2025-12-12T12:22:23+00:00\" \/>\n<meta property=\"og:image\" content=\"https:\/\/www.campingreno.it\/wp-content\/uploads\/sites\/192\/2025\/03\/Castello-Estense-1.jpg\" \/>\n\t<meta property=\"og:image:width\" content=\"600\" \/>\n\t<meta property=\"og:image:height\" content=\"400\" \/>\n\t<meta property=\"og:image:type\" content=\"image\/jpeg\" \/>\n<meta name=\"twitter:card\" content=\"summary_large_image\" \/>\n<meta name=\"twitter:label1\" content=\"Gesch\u00e4tzte Lesezeit\" \/>\n\t<meta name=\"twitter:data1\" content=\"3 Minuten\" \/>\n<script type=\"application\/ld+json\" class=\"yoast-schema-graph\">{\"@context\":\"https:\\\/\\\/schema.org\",\"@graph\":[{\"@type\":\"WebPage\",\"@id\":\"https:\\\/\\\/www.campingreno.it\\\/de\\\/campingplatz-am-meer-casal-borsetti-was-man-besuchen-kann\\\/kunststaedte-in-der-naehe-zu-besuchen\\\/campingplatz-naehe-von-ferrara\\\/\",\"url\":\"https:\\\/\\\/www.campingreno.it\\\/de\\\/campingplatz-am-meer-casal-borsetti-was-man-besuchen-kann\\\/kunststaedte-in-der-naehe-zu-besuchen\\\/campingplatz-naehe-von-ferrara\\\/\",\"name\":\"Campingplatz N\u00e4he von Ferrara | Camping Reno Casalborsetti\",\"isPartOf\":{\"@id\":\"https:\\\/\\\/www.campingreno.it\\\/de\\\/#website\"},\"primaryImageOfPage\":{\"@id\":\"https:\\\/\\\/www.campingreno.it\\\/de\\\/campingplatz-am-meer-casal-borsetti-was-man-besuchen-kann\\\/kunststaedte-in-der-naehe-zu-besuchen\\\/campingplatz-naehe-von-ferrara\\\/#primaryimage\"},\"image\":{\"@id\":\"https:\\\/\\\/www.campingreno.it\\\/de\\\/campingplatz-am-meer-casal-borsetti-was-man-besuchen-kann\\\/kunststaedte-in-der-naehe-zu-besuchen\\\/campingplatz-naehe-von-ferrara\\\/#primaryimage\"},\"thumbnailUrl\":\"https:\\\/\\\/www.campingreno.it\\\/wp-content\\\/uploads\\\/sites\\\/192\\\/2025\\\/03\\\/Castello-Estense-1.jpg\",\"datePublished\":\"2025-01-24T13:01:14+00:00\",\"dateModified\":\"2025-12-12T12:22:23+00:00\",\"description\":\"Wenn Sie nach einem Campingplatz N\u00e4he von Ferrara suchen, gibt es den Camping Reno, Casalborsetti. Fordern Sie ein Angebot an!\",\"breadcrumb\":{\"@id\":\"https:\\\/\\\/www.campingreno.it\\\/de\\\/campingplatz-am-meer-casal-borsetti-was-man-besuchen-kann\\\/kunststaedte-in-der-naehe-zu-besuchen\\\/campingplatz-naehe-von-ferrara\\\/#breadcrumb\"},\"inLanguage\":\"de-DE\",\"potentialAction\":[{\"@type\":\"ReadAction\",\"target\":[\"https:\\\/\\\/www.campingreno.it\\\/de\\\/campingplatz-am-meer-casal-borsetti-was-man-besuchen-kann\\\/kunststaedte-in-der-naehe-zu-besuchen\\\/campingplatz-naehe-von-ferrara\\\/\"]}]},{\"@type\":\"ImageObject\",\"inLanguage\":\"de-DE\",\"@id\":\"https:\\\/\\\/www.campingreno.it\\\/de\\\/campingplatz-am-meer-casal-borsetti-was-man-besuchen-kann\\\/kunststaedte-in-der-naehe-zu-besuchen\\\/campingplatz-naehe-von-ferrara\\\/#primaryimage\",\"url\":\"https:\\\/\\\/www.campingreno.it\\\/wp-content\\\/uploads\\\/sites\\\/192\\\/2025\\\/03\\\/Castello-Estense-1.jpg\",\"contentUrl\":\"https:\\\/\\\/www.campingreno.it\\\/wp-content\\\/uploads\\\/sites\\\/192\\\/2025\\\/03\\\/Castello-Estense-1.jpg\",\"width\":600,\"height\":400,\"caption\":\"Campingplatz N\u00e4he von Ferrara - Camping Reno\"},{\"@type\":\"BreadcrumbList\",\"@id\":\"https:\\\/\\\/www.campingreno.it\\\/de\\\/campingplatz-am-meer-casal-borsetti-was-man-besuchen-kann\\\/kunststaedte-in-der-naehe-zu-besuchen\\\/campingplatz-naehe-von-ferrara\\\/#breadcrumb\",\"itemListElement\":[{\"@type\":\"ListItem\",\"position\":1,\"name\":\"Home\",\"item\":\"https:\\\/\\\/www.campingreno.it\\\/de\\\/\"},{\"@type\":\"ListItem\",\"position\":2,\"name\":\"Das Gebiet\",\"item\":\"https:\\\/\\\/www.campingreno.it\\\/de\\\/campingplatz-am-meer-casal-borsetti-was-man-besuchen-kann\\\/\"},{\"@type\":\"ListItem\",\"position\":3,\"name\":\"Kunstst\u00e4dte\",\"item\":\"https:\\\/\\\/www.campingreno.it\\\/de\\\/campingplatz-am-meer-casal-borsetti-was-man-besuchen-kann\\\/kunststaedte-in-der-naehe-zu-besuchen\\\/\"},{\"@type\":\"ListItem\",\"position\":4,\"name\":\"Ferrara\"}]},{\"@type\":\"WebSite\",\"@id\":\"https:\\\/\\\/www.campingreno.it\\\/de\\\/#website\",\"url\":\"https:\\\/\\\/www.campingreno.it\\\/de\\\/\",\"name\":\"Camping Reno\",\"description\":\"\",\"publisher\":{\"@id\":\"https:\\\/\\\/www.campingreno.it\\\/de\\\/#organization\"},\"potentialAction\":[{\"@type\":\"SearchAction\",\"target\":{\"@type\":\"EntryPoint\",\"urlTemplate\":\"https:\\\/\\\/www.campingreno.it\\\/de\\\/?s={search_term_string}\"},\"query-input\":{\"@type\":\"PropertyValueSpecification\",\"valueRequired\":true,\"valueName\":\"search_term_string\"}}],\"inLanguage\":\"de-DE\"},{\"@type\":\"Organization\",\"@id\":\"https:\\\/\\\/www.campingreno.it\\\/de\\\/#organization\",\"name\":\"Camping Reno\",\"url\":\"https:\\\/\\\/www.campingreno.it\\\/de\\\/\",\"logo\":{\"@type\":\"ImageObject\",\"inLanguage\":\"de-DE\",\"@id\":\"https:\\\/\\\/www.campingreno.it\\\/de\\\/#\\\/schema\\\/logo\\\/image\\\/\",\"url\":\"https:\\\/\\\/www.campingreno.it\\\/wp-content\\\/uploads\\\/sites\\\/192\\\/2024\\\/12\\\/logo_reno-no-sfondo-2.png\",\"contentUrl\":\"https:\\\/\\\/www.campingreno.it\\\/wp-content\\\/uploads\\\/sites\\\/192\\\/2024\\\/12\\\/logo_reno-no-sfondo-2.png\",\"width\":567,\"height\":286,\"caption\":\"Camping Reno\"},\"image\":{\"@id\":\"https:\\\/\\\/www.campingreno.it\\\/de\\\/#\\\/schema\\\/logo\\\/image\\\/\"},\"sameAs\":[\"https:\\\/\\\/facebook.com\\\/tomasitourism\",\"https:\\\/\\\/instagram.com\\\/camping_reno\"]}]}<\/script>\n<!-- \/ Yoast SEO plugin. -->","yoast_head_json":{"title":"Campingplatz N\u00e4he von Ferrara | Camping Reno Casalborsetti","description":"Wenn Sie nach einem Campingplatz N\u00e4he von Ferrara suchen, gibt es den Camping Reno, Casalborsetti. Fordern Sie ein Angebot an!","robots":{"index":"index","follow":"follow","max-snippet":"max-snippet:-1","max-image-preview":"max-image-preview:large","max-video-preview":"max-video-preview:-1"},"canonical":"https:\/\/www.campingreno.it\/de\/campingplatz-am-meer-casal-borsetti-was-man-besuchen-kann\/kunststaedte-in-der-naehe-zu-besuchen\/campingplatz-naehe-von-ferrara\/","og_locale":"de_DE","og_type":"article","og_title":"Campingplatz N\u00e4he von Ferrara | Camping Reno Casalborsetti","og_description":"Wenn Sie nach einem Campingplatz N\u00e4he von Ferrara suchen, gibt es den Camping Reno, Casalborsetti. Fordern Sie ein Angebot an!","og_url":"https:\/\/www.campingreno.it\/de\/campingplatz-am-meer-casal-borsetti-was-man-besuchen-kann\/kunststaedte-in-der-naehe-zu-besuchen\/campingplatz-naehe-von-ferrara\/","og_site_name":"Camping Reno","article_publisher":"https:\/\/facebook.com\/tomasitourism","article_modified_time":"2025-12-12T12:22:23+00:00","og_image":[{"width":600,"height":400,"url":"https:\/\/www.campingreno.it\/wp-content\/uploads\/sites\/192\/2025\/03\/Castello-Estense-1.jpg","type":"image\/jpeg"}],"twitter_card":"summary_large_image","twitter_misc":{"Gesch\u00e4tzte Lesezeit":"3 Minuten"},"schema":{"@context":"https:\/\/schema.org","@graph":[{"@type":"WebPage","@id":"https:\/\/www.campingreno.it\/de\/campingplatz-am-meer-casal-borsetti-was-man-besuchen-kann\/kunststaedte-in-der-naehe-zu-besuchen\/campingplatz-naehe-von-ferrara\/","url":"https:\/\/www.campingreno.it\/de\/campingplatz-am-meer-casal-borsetti-was-man-besuchen-kann\/kunststaedte-in-der-naehe-zu-besuchen\/campingplatz-naehe-von-ferrara\/","name":"Campingplatz N\u00e4he von Ferrara | Camping Reno Casalborsetti","isPartOf":{"@id":"https:\/\/www.campingreno.it\/de\/#website"},"primaryImageOfPage":{"@id":"https:\/\/www.campingreno.it\/de\/campingplatz-am-meer-casal-borsetti-was-man-besuchen-kann\/kunststaedte-in-der-naehe-zu-besuchen\/campingplatz-naehe-von-ferrara\/#primaryimage"},"image":{"@id":"https:\/\/www.campingreno.it\/de\/campingplatz-am-meer-casal-borsetti-was-man-besuchen-kann\/kunststaedte-in-der-naehe-zu-besuchen\/campingplatz-naehe-von-ferrara\/#primaryimage"},"thumbnailUrl":"https:\/\/www.campingreno.it\/wp-content\/uploads\/sites\/192\/2025\/03\/Castello-Estense-1.jpg","datePublished":"2025-01-24T13:01:14+00:00","dateModified":"2025-12-12T12:22:23+00:00","description":"Wenn Sie nach einem Campingplatz N\u00e4he von Ferrara suchen, gibt es den Camping Reno, Casalborsetti. Fordern Sie ein Angebot an!","breadcrumb":{"@id":"https:\/\/www.campingreno.it\/de\/campingplatz-am-meer-casal-borsetti-was-man-besuchen-kann\/kunststaedte-in-der-naehe-zu-besuchen\/campingplatz-naehe-von-ferrara\/#breadcrumb"},"inLanguage":"de-DE","potentialAction":[{"@type":"ReadAction","target":["https:\/\/www.campingreno.it\/de\/campingplatz-am-meer-casal-borsetti-was-man-besuchen-kann\/kunststaedte-in-der-naehe-zu-besuchen\/campingplatz-naehe-von-ferrara\/"]}]},{"@type":"ImageObject","inLanguage":"de-DE","@id":"https:\/\/www.campingreno.it\/de\/campingplatz-am-meer-casal-borsetti-was-man-besuchen-kann\/kunststaedte-in-der-naehe-zu-besuchen\/campingplatz-naehe-von-ferrara\/#primaryimage","url":"https:\/\/www.campingreno.it\/wp-content\/uploads\/sites\/192\/2025\/03\/Castello-Estense-1.jpg","contentUrl":"https:\/\/www.campingreno.it\/wp-content\/uploads\/sites\/192\/2025\/03\/Castello-Estense-1.jpg","width":600,"height":400,"caption":"Campingplatz N\u00e4he von Ferrara - Camping Reno"},{"@type":"BreadcrumbList","@id":"https:\/\/www.campingreno.it\/de\/campingplatz-am-meer-casal-borsetti-was-man-besuchen-kann\/kunststaedte-in-der-naehe-zu-besuchen\/campingplatz-naehe-von-ferrara\/#breadcrumb","itemListElement":[{"@type":"ListItem","position":1,"name":"Home","item":"https:\/\/www.campingreno.it\/de\/"},{"@type":"ListItem","position":2,"name":"Das Gebiet","item":"https:\/\/www.campingreno.it\/de\/campingplatz-am-meer-casal-borsetti-was-man-besuchen-kann\/"},{"@type":"ListItem","position":3,"name":"Kunstst\u00e4dte","item":"https:\/\/www.campingreno.it\/de\/campingplatz-am-meer-casal-borsetti-was-man-besuchen-kann\/kunststaedte-in-der-naehe-zu-besuchen\/"},{"@type":"ListItem","position":4,"name":"Ferrara"}]},{"@type":"WebSite","@id":"https:\/\/www.campingreno.it\/de\/#website","url":"https:\/\/www.campingreno.it\/de\/","name":"Camping Reno","description":"","publisher":{"@id":"https:\/\/www.campingreno.it\/de\/#organization"},"potentialAction":[{"@type":"SearchAction","target":{"@type":"EntryPoint","urlTemplate":"https:\/\/www.campingreno.it\/de\/?s={search_term_string}"},"query-input":{"@type":"PropertyValueSpecification","valueRequired":true,"valueName":"search_term_string"}}],"inLanguage":"de-DE"},{"@type":"Organization","@id":"https:\/\/www.campingreno.it\/de\/#organization","name":"Camping Reno","url":"https:\/\/www.campingreno.it\/de\/","logo":{"@type":"ImageObject","inLanguage":"de-DE","@id":"https:\/\/www.campingreno.it\/de\/#\/schema\/logo\/image\/","url":"https:\/\/www.campingreno.it\/wp-content\/uploads\/sites\/192\/2024\/12\/logo_reno-no-sfondo-2.png","contentUrl":"https:\/\/www.campingreno.it\/wp-content\/uploads\/sites\/192\/2024\/12\/logo_reno-no-sfondo-2.png","width":567,"height":286,"caption":"Camping Reno"},"image":{"@id":"https:\/\/www.campingreno.it\/de\/#\/schema\/logo\/image\/"},"sameAs":["https:\/\/facebook.com\/tomasitourism","https:\/\/instagram.com\/camping_reno"]}]}},"acf":[],"_links":{"self":[{"href":"https:\/\/www.campingreno.it\/de\/wp-json\/wp\/v2\/pages\/1334","targetHints":{"allow":["GET"]}}],"collection":[{"href":"https:\/\/www.campingreno.it\/de\/wp-json\/wp\/v2\/pages"}],"about":[{"href":"https:\/\/www.campingreno.it\/de\/wp-json\/wp\/v2\/types\/page"}],"author":[{"embeddable":true,"href":"https:\/\/www.campingreno.it\/de\/wp-json\/wp\/v2\/users\/212"}],"replies":[{"embeddable":true,"href":"https:\/\/www.campingreno.it\/de\/wp-json\/wp\/v2\/comments?post=1334"}],"version-history":[{"count":0,"href":"https:\/\/www.campingreno.it\/de\/wp-json\/wp\/v2\/pages\/1334\/revisions"}],"up":[{"embeddable":true,"href":"https:\/\/www.campingreno.it\/de\/wp-json\/wp\/v2\/pages\/1330"}],"wp:featuredmedia":[{"embeddable":true,"href":"https:\/\/www.campingreno.it\/de\/wp-json\/wp\/v2\/media\/1981"}],"wp:attachment":[{"href":"https:\/\/www.campingreno.it\/de\/wp-json\/wp\/v2\/media?parent=1334"}],"curies":[{"name":"wp","href":"https:\/\/api.w.org\/{rel}","templated":true}]}}