   {"id":1336,"date":"2025-01-24T13:45:14","date_gmt":"2025-01-24T13:45:14","guid":{"rendered":"https:\/\/www.campingreno.it\/?page_id=1336"},"modified":"2025-03-25T10:38:02","modified_gmt":"2025-03-25T10:38:02","slug":"campingplatz-naehe-von-ravenna","status":"publish","type":"page","link":"https:\/\/www.campingreno.it\/de\/campingplatz-am-meer-casal-borsetti-was-man-besuchen-kann\/kunststaedte-in-der-naehe-zu-besuchen\/campingplatz-naehe-von-ravenna\/","title":{"rendered":"Ravenna"},"content":{"rendered":"<p data-sourcepos=\"3:1-3:109\">Besuchen Sie Ravenna, wenn Sie auf dem Camping Reno \u00fcbernachten, einem <strong>Campingplatz N\u00e4he von Ravenna<\/strong><\/p>\n<p>&nbsp;<\/p>\n<p>&nbsp;<\/p>\n<p data-sourcepos=\"5:1-5:192\">Ravenna ist eine Stadt reich an Geschichte und Kunst, ber\u00fchmt f\u00fcr ihre byzantinischen Mosaiken und ihre historischen Monumente. Hier sind einige der wichtigsten Orte, die Sie besuchen sollten:<\/p>\n<ul data-sourcepos=\"7:1-17:0\">\n<li data-sourcepos=\"7:1-7:208\"><strong><a href=\"https:\/\/www.turismo.ra.it\/cultura-e-storia\/edifici-religiosi\/basilica-san-vitale\">Basilika San Vitale<\/a>:<\/strong> Ein Meisterwerk der byzantinischen Kunst, ber\u00fchmt f\u00fcr ihre au\u00dfergew\u00f6hnlichen Mosaiken, die das Innere schm\u00fccken, darunter diejenigen, die Kaiser Justinian und seinen Hof darstellen.<\/li>\n<\/ul>\n<p>&nbsp;<\/p>\n<ul data-sourcepos=\"7:1-17:0\">\n<li data-sourcepos=\"8:1-8:224\"><strong><a href=\"https:\/\/www.turismo.ra.it\/cultura-e-storia\/monumenti-unesco\/mausoleo-galla-placidia\">Mausoleum der Galla Placidia<\/a>:<\/strong> Ein kleines, aber wundersch\u00f6nes Mausoleum, das au\u00dfergew\u00f6hnliche Mosaiken beherbergt, darunter dasjenige auf dem Gew\u00f6lbe mit dem Sternenhimmel, ein herrliches Beispiel byzantinischer Kunst.<\/li>\n<\/ul>\n<p>&nbsp;<\/p>\n<ul data-sourcepos=\"7:1-17:0\">\n<li data-sourcepos=\"9:1-9:187\"><strong><a href=\"https:\/\/www.turismo.ra.it\/cultura-e-storia\/edifici-religiosi\/basilica-santapollinare-in-classe\/\">Basilika Sant&#8217;Apollinare in Classe<\/a>:<\/strong> Im Gebiet von Classe au\u00dferhalb des Stadtzentrums gelegen, ist sie ber\u00fchmt f\u00fcr ihre Mosaiken, die religi\u00f6se Szenen und Heiligenfiguren darstellen.<\/li>\n<\/ul>\n<p>&nbsp;<\/p>\n<ul data-sourcepos=\"7:1-17:0\">\n<li data-sourcepos=\"10:1-10:159\"><strong>Neonisches Baptisterium:<\/strong> Eines der \u00e4ltesten Baptisterien Italiens, bekannt f\u00fcr seine Mosaiken, die die Kuppel schm\u00fccken und die Taufe Christi darstellen.<\/li>\n<\/ul>\n<p>&nbsp;<\/p>\n<ul data-sourcepos=\"7:1-17:0\">\n<li data-sourcepos=\"11:1-11:289\"><strong><a href=\"https:\/\/www.turismo.ra.it\/cultura-e-storia\/edifici-religiosi\/basilica-san-francesco\/\">Basilika San Francesco<\/a>:<\/strong> Eine weitere Kirche, die faszinierende Mosaiken und eine charakteristische und ruhige Atmosph\u00e4re beherbergt. Die Einzigartigkeit dieser Basilika besteht darin, dass sich unter dem Altar ein kleiner See befindet, der von unterirdischen Gew\u00e4ssern gespeist wird.<\/li>\n<\/ul>\n<p>&nbsp;<\/p>\n<ul data-sourcepos=\"7:1-17:0\">\n<li data-sourcepos=\"12:1-12:224\"><strong>Nationalmuseum von Ravenna:<\/strong> Ein Museum, das eine reiche Sammlung antiker Kunst beherbergt, darunter Skulpturen, Mosaiken und arch\u00e4ologische Fundst\u00fccke, von denen viele aus der r\u00f6mischen und byzantinischen Zeit stammen.<\/li>\n<\/ul>\n<p>&nbsp;<\/p>\n<ul data-sourcepos=\"7:1-17:0\">\n<li data-sourcepos=\"13:1-13:222\"><strong>Grab von Dante Alighieri:<\/strong> Das Grab des ber\u00fchmten Dichters, das sich in einem kleinen neoklassizistischen Denkmal befindet, ist einer der symbolischen Orte der Stadt. Dante starb 1321 in Ravenna und ist hier begraben.<\/li>\n<\/ul>\n<p>&nbsp;<\/p>\n<ul data-sourcepos=\"7:1-17:0\">\n<li data-sourcepos=\"14:1-14:191\"><strong><a href=\"https:\/\/www.turismo.ra.it\/cultura-e-storia\/piazze-porte\/piazza-del-popolo\">Piazza del Popolo<\/a>:<\/strong> Einer der Hauptpl\u00e4tze der Stadt, umgeben von historischen Geb\u00e4uden und Stra\u00dfencaf\u00e9s. Er ist ein ausgezeichneter Ausgangspunkt, um das Zentrum von Ravenna zu erkunden.<\/li>\n<\/ul>\n<p>&nbsp;<\/p>\n<ul data-sourcepos=\"7:1-17:0\">\n<li data-sourcepos=\"15:1-15:185\"><strong><a href=\"https:\/\/domusdeitappetidipietra.it\/\">Domus dei tappeti di pietra<\/a>:<\/strong> Eine arch\u00e4ologische St\u00e4tte, die eine r\u00f6mische Villa mit gut erhaltenen Mosaikb\u00f6den beherbergt und einen Einblick in das Leben im alten Ravenna bietet.<\/li>\n<\/ul>\n<p>&nbsp;<\/p>\n<ul data-sourcepos=\"7:1-17:0\">\n<li data-sourcepos=\"16:1-17:0\"><strong>Marina di Ravenna:<\/strong> Wenn Sie etwas Entspannung suchen, k\u00f6nnen Sie das K\u00fcstengebiet von Ravenna mit seinen Str\u00e4nden und dem Yachthafen besuchen.<\/li>\n<\/ul>\n<p>&nbsp;<\/p>\n<p data-sourcepos=\"18:1-18:262\">Ravenna ist eine Stadt, die mit ihrem k\u00fcnstlerischen Erbe und ihrer ruhigen Atmosph\u00e4re verzaubert und perfekt ist, um in Ruhe erkundet zu werden. Wenn Sie sich f\u00fcr Kunst und Geschichte begeistern, werden Sie sich sicherlich an einem besonderen Ort wiederfinden!&#8220;<\/p>\n<p data-sourcepos=\"31:1-31:80\">Der Campingplatz Reno,<strong> Kleiner Campingplatz N\u00e4he von Ravenna<\/strong>,\u00a0 verf\u00fcgt \u00fcber <a href=\"https:\/\/www.campingreno.it\/de\/campingplatz-ravenna-italien-unterkuenfte\/\"><strong>Unterk\u00fcnfte<\/strong><\/a> und <a href=\"https:\/\/www.campingreno.it\/de\/camping-mit-stellplaetzen-ravenna-italien\/\"><strong>Stellpl\u00e4tze<\/strong><\/a> f\u00fcr Ihren Urlaub am Meer in Casal Borsetti, Ravenna.<\/p>\n<p data-sourcepos=\"31:1-31:80\"><a href=\"https:\/\/www.scidoo.com\/preventivov2\/?cod=1209&amp;dataarr=2025-4-5&amp;notti=7&amp;adult=1&amp;children=&amp;IDsotto_struttura=0&amp;lang=4\"><strong>Verf\u00fcgbarkeit pr\u00fcfen und jetzt buchen<\/strong><\/a><\/p>\n","protected":false},"excerpt":{"rendered":"<p>Besuchen Sie Ravenna, wenn Sie auf dem Camping Reno \u00fcbernachten, einem Campingplatz N\u00e4he von Ravenna &nbsp; &nbsp; Ravenna ist eine Stadt reich an Geschichte und Kunst, ber\u00fchmt f\u00fcr ihre byzantinischen Mosaiken und ihre historischen Monumente. Hier sind einige der wichtigsten Orte, die Sie besuchen sollten: Basilika San Vitale: Ein Meisterwerk der byzantinischen Kunst, ber\u00fchmt f\u00fcr [&hellip;]<\/p>\n","protected":false},"author":212,"featured_media":1983,"parent":1330,"menu_order":300,"comment_status":"closed","ping_status":"closed","template":"","meta":{"footnotes":""},"class_list":["post-1336","page","type-page","status-publish","has-post-thumbnail","hentry"],"yoast_head":"<!-- This site is optimized with the Yoast SEO plugin v27.3 - https:\/\/yoast.com\/product\/yoast-seo-wordpress\/ -->\n<title>Campingplatz N\u00e4he von Ravenna | Camping Reno Casalborsetti<\/title>\n<meta name=\"description\" content=\"Wenn Sie nach einem Campingplatz N\u00e4he von Ravenna suchen, gibt es den Camping Reno, Casalborsetti, direkt am Meer. Fordern Sie ein Angebot.\" \/>\n<meta name=\"robots\" content=\"index, follow, max-snippet:-1, max-image-preview:large, max-video-preview:-1\" \/>\n<link rel=\"canonical\" href=\"https:\/\/www.campingreno.it\/de\/campingplatz-am-meer-casal-borsetti-was-man-besuchen-kann\/kunststaedte-in-der-naehe-zu-besuchen\/campingplatz-naehe-von-ravenna\/\" \/>\n<meta property=\"og:locale\" content=\"de_DE\" \/>\n<meta property=\"og:type\" content=\"article\" \/>\n<meta property=\"og:title\" content=\"Campingplatz N\u00e4he von Ravenna | Camping Reno Casalborsetti\" \/>\n<meta property=\"og:description\" content=\"Wenn Sie nach einem Campingplatz N\u00e4he von Ravenna suchen, gibt es den Camping Reno, Casalborsetti, direkt am Meer. Fordern Sie ein Angebot.\" \/>\n<meta property=\"og:url\" content=\"https:\/\/www.campingreno.it\/de\/campingplatz-am-meer-casal-borsetti-was-man-besuchen-kann\/kunststaedte-in-der-naehe-zu-besuchen\/campingplatz-naehe-von-ravenna\/\" \/>\n<meta property=\"og:site_name\" content=\"Camping Reno\" \/>\n<meta property=\"article:publisher\" content=\"https:\/\/facebook.com\/tomasitourism\" \/>\n<meta property=\"article:modified_time\" content=\"2025-03-25T10:38:02+00:00\" \/>\n<meta property=\"og:image\" content=\"https:\/\/www.campingreno.it\/wp-content\/uploads\/sites\/192\/2025\/03\/ravenna-basilica-san-vitale-ph-visual-intermezzo-shutterstock_1277850160-1.jpg\" \/>\n\t<meta property=\"og:image:width\" content=\"1200\" \/>\n\t<meta property=\"og:image:height\" content=\"800\" \/>\n\t<meta property=\"og:image:type\" content=\"image\/jpeg\" \/>\n<meta name=\"twitter:card\" content=\"summary_large_image\" \/>\n<meta name=\"twitter:label1\" content=\"Gesch\u00e4tzte Lesezeit\" \/>\n\t<meta name=\"twitter:data1\" content=\"3 Minuten\" \/>\n<script type=\"application\/ld+json\" class=\"yoast-schema-graph\">{\"@context\":\"https:\\\/\\\/schema.org\",\"@graph\":[{\"@type\":\"WebPage\",\"@id\":\"https:\\\/\\\/www.campingreno.it\\\/de\\\/campingplatz-am-meer-casal-borsetti-was-man-besuchen-kann\\\/kunststaedte-in-der-naehe-zu-besuchen\\\/campingplatz-naehe-von-ravenna\\\/\",\"url\":\"https:\\\/\\\/www.campingreno.it\\\/de\\\/campingplatz-am-meer-casal-borsetti-was-man-besuchen-kann\\\/kunststaedte-in-der-naehe-zu-besuchen\\\/campingplatz-naehe-von-ravenna\\\/\",\"name\":\"Campingplatz N\u00e4he von Ravenna | Camping Reno Casalborsetti\",\"isPartOf\":{\"@id\":\"https:\\\/\\\/www.campingreno.it\\\/de\\\/#website\"},\"primaryImageOfPage\":{\"@id\":\"https:\\\/\\\/www.campingreno.it\\\/de\\\/campingplatz-am-meer-casal-borsetti-was-man-besuchen-kann\\\/kunststaedte-in-der-naehe-zu-besuchen\\\/campingplatz-naehe-von-ravenna\\\/#primaryimage\"},\"image\":{\"@id\":\"https:\\\/\\\/www.campingreno.it\\\/de\\\/campingplatz-am-meer-casal-borsetti-was-man-besuchen-kann\\\/kunststaedte-in-der-naehe-zu-besuchen\\\/campingplatz-naehe-von-ravenna\\\/#primaryimage\"},\"thumbnailUrl\":\"https:\\\/\\\/www.campingreno.it\\\/wp-content\\\/uploads\\\/sites\\\/192\\\/2025\\\/03\\\/ravenna-basilica-san-vitale-ph-visual-intermezzo-shutterstock_1277850160-1.jpg\",\"datePublished\":\"2025-01-24T13:45:14+00:00\",\"dateModified\":\"2025-03-25T10:38:02+00:00\",\"description\":\"Wenn Sie nach einem Campingplatz N\u00e4he von Ravenna suchen, gibt es den Camping Reno, Casalborsetti, direkt am Meer. Fordern Sie ein Angebot.\",\"breadcrumb\":{\"@id\":\"https:\\\/\\\/www.campingreno.it\\\/de\\\/campingplatz-am-meer-casal-borsetti-was-man-besuchen-kann\\\/kunststaedte-in-der-naehe-zu-besuchen\\\/campingplatz-naehe-von-ravenna\\\/#breadcrumb\"},\"inLanguage\":\"de-DE\",\"potentialAction\":[{\"@type\":\"ReadAction\",\"target\":[\"https:\\\/\\\/www.campingreno.it\\\/de\\\/campingplatz-am-meer-casal-borsetti-was-man-besuchen-kann\\\/kunststaedte-in-der-naehe-zu-besuchen\\\/campingplatz-naehe-von-ravenna\\\/\"]}]},{\"@type\":\"ImageObject\",\"inLanguage\":\"de-DE\",\"@id\":\"https:\\\/\\\/www.campingreno.it\\\/de\\\/campingplatz-am-meer-casal-borsetti-was-man-besuchen-kann\\\/kunststaedte-in-der-naehe-zu-besuchen\\\/campingplatz-naehe-von-ravenna\\\/#primaryimage\",\"url\":\"https:\\\/\\\/www.campingreno.it\\\/wp-content\\\/uploads\\\/sites\\\/192\\\/2025\\\/03\\\/ravenna-basilica-san-vitale-ph-visual-intermezzo-shutterstock_1277850160-1.jpg\",\"contentUrl\":\"https:\\\/\\\/www.campingreno.it\\\/wp-content\\\/uploads\\\/sites\\\/192\\\/2025\\\/03\\\/ravenna-basilica-san-vitale-ph-visual-intermezzo-shutterstock_1277850160-1.jpg\",\"width\":1200,\"height\":800,\"caption\":\"Campingplatz N\u00e4he von Ravenna - Camping Reno\"},{\"@type\":\"BreadcrumbList\",\"@id\":\"https:\\\/\\\/www.campingreno.it\\\/de\\\/campingplatz-am-meer-casal-borsetti-was-man-besuchen-kann\\\/kunststaedte-in-der-naehe-zu-besuchen\\\/campingplatz-naehe-von-ravenna\\\/#breadcrumb\",\"itemListElement\":[{\"@type\":\"ListItem\",\"position\":1,\"name\":\"Home\",\"item\":\"https:\\\/\\\/www.campingreno.it\\\/de\\\/\"},{\"@type\":\"ListItem\",\"position\":2,\"name\":\"Das Gebiet\",\"item\":\"https:\\\/\\\/www.campingreno.it\\\/de\\\/campingplatz-am-meer-casal-borsetti-was-man-besuchen-kann\\\/\"},{\"@type\":\"ListItem\",\"position\":3,\"name\":\"Kunstst\u00e4dte\",\"item\":\"https:\\\/\\\/www.campingreno.it\\\/de\\\/campingplatz-am-meer-casal-borsetti-was-man-besuchen-kann\\\/kunststaedte-in-der-naehe-zu-besuchen\\\/\"},{\"@type\":\"ListItem\",\"position\":4,\"name\":\"Ravenna\"}]},{\"@type\":\"WebSite\",\"@id\":\"https:\\\/\\\/www.campingreno.it\\\/de\\\/#website\",\"url\":\"https:\\\/\\\/www.campingreno.it\\\/de\\\/\",\"name\":\"Camping Reno\",\"description\":\"\",\"publisher\":{\"@id\":\"https:\\\/\\\/www.campingreno.it\\\/de\\\/#organization\"},\"potentialAction\":[{\"@type\":\"SearchAction\",\"target\":{\"@type\":\"EntryPoint\",\"urlTemplate\":\"https:\\\/\\\/www.campingreno.it\\\/de\\\/?s={search_term_string}\"},\"query-input\":{\"@type\":\"PropertyValueSpecification\",\"valueRequired\":true,\"valueName\":\"search_term_string\"}}],\"inLanguage\":\"de-DE\"},{\"@type\":\"Organization\",\"@id\":\"https:\\\/\\\/www.campingreno.it\\\/de\\\/#organization\",\"name\":\"Camping Reno\",\"url\":\"https:\\\/\\\/www.campingreno.it\\\/de\\\/\",\"logo\":{\"@type\":\"ImageObject\",\"inLanguage\":\"de-DE\",\"@id\":\"https:\\\/\\\/www.campingreno.it\\\/de\\\/#\\\/schema\\\/logo\\\/image\\\/\",\"url\":\"https:\\\/\\\/www.campingreno.it\\\/wp-content\\\/uploads\\\/sites\\\/192\\\/2024\\\/12\\\/logo_reno-no-sfondo-2.png\",\"contentUrl\":\"https:\\\/\\\/www.campingreno.it\\\/wp-content\\\/uploads\\\/sites\\\/192\\\/2024\\\/12\\\/logo_reno-no-sfondo-2.png\",\"width\":567,\"height\":286,\"caption\":\"Camping Reno\"},\"image\":{\"@id\":\"https:\\\/\\\/www.campingreno.it\\\/de\\\/#\\\/schema\\\/logo\\\/image\\\/\"},\"sameAs\":[\"https:\\\/\\\/facebook.com\\\/tomasitourism\",\"https:\\\/\\\/instagram.com\\\/camping_reno\"]}]}<\/script>\n<!-- \/ Yoast SEO plugin. -->","yoast_head_json":{"title":"Campingplatz N\u00e4he von Ravenna | Camping Reno Casalborsetti","description":"Wenn Sie nach einem Campingplatz N\u00e4he von Ravenna suchen, gibt es den Camping Reno, Casalborsetti, direkt am Meer. Fordern Sie ein Angebot.","robots":{"index":"index","follow":"follow","max-snippet":"max-snippet:-1","max-image-preview":"max-image-preview:large","max-video-preview":"max-video-preview:-1"},"canonical":"https:\/\/www.campingreno.it\/de\/campingplatz-am-meer-casal-borsetti-was-man-besuchen-kann\/kunststaedte-in-der-naehe-zu-besuchen\/campingplatz-naehe-von-ravenna\/","og_locale":"de_DE","og_type":"article","og_title":"Campingplatz N\u00e4he von Ravenna | Camping Reno Casalborsetti","og_description":"Wenn Sie nach einem Campingplatz N\u00e4he von Ravenna suchen, gibt es den Camping Reno, Casalborsetti, direkt am Meer. Fordern Sie ein Angebot.","og_url":"https:\/\/www.campingreno.it\/de\/campingplatz-am-meer-casal-borsetti-was-man-besuchen-kann\/kunststaedte-in-der-naehe-zu-besuchen\/campingplatz-naehe-von-ravenna\/","og_site_name":"Camping Reno","article_publisher":"https:\/\/facebook.com\/tomasitourism","article_modified_time":"2025-03-25T10:38:02+00:00","og_image":[{"width":1200,"height":800,"url":"https:\/\/www.campingreno.it\/wp-content\/uploads\/sites\/192\/2025\/03\/ravenna-basilica-san-vitale-ph-visual-intermezzo-shutterstock_1277850160-1.jpg","type":"image\/jpeg"}],"twitter_card":"summary_large_image","twitter_misc":{"Gesch\u00e4tzte Lesezeit":"3 Minuten"},"schema":{"@context":"https:\/\/schema.org","@graph":[{"@type":"WebPage","@id":"https:\/\/www.campingreno.it\/de\/campingplatz-am-meer-casal-borsetti-was-man-besuchen-kann\/kunststaedte-in-der-naehe-zu-besuchen\/campingplatz-naehe-von-ravenna\/","url":"https:\/\/www.campingreno.it\/de\/campingplatz-am-meer-casal-borsetti-was-man-besuchen-kann\/kunststaedte-in-der-naehe-zu-besuchen\/campingplatz-naehe-von-ravenna\/","name":"Campingplatz N\u00e4he von Ravenna | Camping Reno Casalborsetti","isPartOf":{"@id":"https:\/\/www.campingreno.it\/de\/#website"},"primaryImageOfPage":{"@id":"https:\/\/www.campingreno.it\/de\/campingplatz-am-meer-casal-borsetti-was-man-besuchen-kann\/kunststaedte-in-der-naehe-zu-besuchen\/campingplatz-naehe-von-ravenna\/#primaryimage"},"image":{"@id":"https:\/\/www.campingreno.it\/de\/campingplatz-am-meer-casal-borsetti-was-man-besuchen-kann\/kunststaedte-in-der-naehe-zu-besuchen\/campingplatz-naehe-von-ravenna\/#primaryimage"},"thumbnailUrl":"https:\/\/www.campingreno.it\/wp-content\/uploads\/sites\/192\/2025\/03\/ravenna-basilica-san-vitale-ph-visual-intermezzo-shutterstock_1277850160-1.jpg","datePublished":"2025-01-24T13:45:14+00:00","dateModified":"2025-03-25T10:38:02+00:00","description":"Wenn Sie nach einem Campingplatz N\u00e4he von Ravenna suchen, gibt es den Camping Reno, Casalborsetti, direkt am Meer. Fordern Sie ein Angebot.","breadcrumb":{"@id":"https:\/\/www.campingreno.it\/de\/campingplatz-am-meer-casal-borsetti-was-man-besuchen-kann\/kunststaedte-in-der-naehe-zu-besuchen\/campingplatz-naehe-von-ravenna\/#breadcrumb"},"inLanguage":"de-DE","potentialAction":[{"@type":"ReadAction","target":["https:\/\/www.campingreno.it\/de\/campingplatz-am-meer-casal-borsetti-was-man-besuchen-kann\/kunststaedte-in-der-naehe-zu-besuchen\/campingplatz-naehe-von-ravenna\/"]}]},{"@type":"ImageObject","inLanguage":"de-DE","@id":"https:\/\/www.campingreno.it\/de\/campingplatz-am-meer-casal-borsetti-was-man-besuchen-kann\/kunststaedte-in-der-naehe-zu-besuchen\/campingplatz-naehe-von-ravenna\/#primaryimage","url":"https:\/\/www.campingreno.it\/wp-content\/uploads\/sites\/192\/2025\/03\/ravenna-basilica-san-vitale-ph-visual-intermezzo-shutterstock_1277850160-1.jpg","contentUrl":"https:\/\/www.campingreno.it\/wp-content\/uploads\/sites\/192\/2025\/03\/ravenna-basilica-san-vitale-ph-visual-intermezzo-shutterstock_1277850160-1.jpg","width":1200,"height":800,"caption":"Campingplatz N\u00e4he von Ravenna - Camping Reno"},{"@type":"BreadcrumbList","@id":"https:\/\/www.campingreno.it\/de\/campingplatz-am-meer-casal-borsetti-was-man-besuchen-kann\/kunststaedte-in-der-naehe-zu-besuchen\/campingplatz-naehe-von-ravenna\/#breadcrumb","itemListElement":[{"@type":"ListItem","position":1,"name":"Home","item":"https:\/\/www.campingreno.it\/de\/"},{"@type":"ListItem","position":2,"name":"Das Gebiet","item":"https:\/\/www.campingreno.it\/de\/campingplatz-am-meer-casal-borsetti-was-man-besuchen-kann\/"},{"@type":"ListItem","position":3,"name":"Kunstst\u00e4dte","item":"https:\/\/www.campingreno.it\/de\/campingplatz-am-meer-casal-borsetti-was-man-besuchen-kann\/kunststaedte-in-der-naehe-zu-besuchen\/"},{"@type":"ListItem","position":4,"name":"Ravenna"}]},{"@type":"WebSite","@id":"https:\/\/www.campingreno.it\/de\/#website","url":"https:\/\/www.campingreno.it\/de\/","name":"Camping Reno","description":"","publisher":{"@id":"https:\/\/www.campingreno.it\/de\/#organization"},"potentialAction":[{"@type":"SearchAction","target":{"@type":"EntryPoint","urlTemplate":"https:\/\/www.campingreno.it\/de\/?s={search_term_string}"},"query-input":{"@type":"PropertyValueSpecification","valueRequired":true,"valueName":"search_term_string"}}],"inLanguage":"de-DE"},{"@type":"Organization","@id":"https:\/\/www.campingreno.it\/de\/#organization","name":"Camping Reno","url":"https:\/\/www.campingreno.it\/de\/","logo":{"@type":"ImageObject","inLanguage":"de-DE","@id":"https:\/\/www.campingreno.it\/de\/#\/schema\/logo\/image\/","url":"https:\/\/www.campingreno.it\/wp-content\/uploads\/sites\/192\/2024\/12\/logo_reno-no-sfondo-2.png","contentUrl":"https:\/\/www.campingreno.it\/wp-content\/uploads\/sites\/192\/2024\/12\/logo_reno-no-sfondo-2.png","width":567,"height":286,"caption":"Camping Reno"},"image":{"@id":"https:\/\/www.campingreno.it\/de\/#\/schema\/logo\/image\/"},"sameAs":["https:\/\/facebook.com\/tomasitourism","https:\/\/instagram.com\/camping_reno"]}]}},"acf":[],"_links":{"self":[{"href":"https:\/\/www.campingreno.it\/de\/wp-json\/wp\/v2\/pages\/1336","targetHints":{"allow":["GET"]}}],"collection":[{"href":"https:\/\/www.campingreno.it\/de\/wp-json\/wp\/v2\/pages"}],"about":[{"href":"https:\/\/www.campingreno.it\/de\/wp-json\/wp\/v2\/types\/page"}],"author":[{"embeddable":true,"href":"https:\/\/www.campingreno.it\/de\/wp-json\/wp\/v2\/users\/212"}],"replies":[{"embeddable":true,"href":"https:\/\/www.campingreno.it\/de\/wp-json\/wp\/v2\/comments?post=1336"}],"version-history":[{"count":0,"href":"https:\/\/www.campingreno.it\/de\/wp-json\/wp\/v2\/pages\/1336\/revisions"}],"up":[{"embeddable":true,"href":"https:\/\/www.campingreno.it\/de\/wp-json\/wp\/v2\/pages\/1330"}],"wp:featuredmedia":[{"embeddable":true,"href":"https:\/\/www.campingreno.it\/de\/wp-json\/wp\/v2\/media\/1983"}],"wp:attachment":[{"href":"https:\/\/www.campingreno.it\/de\/wp-json\/wp\/v2\/media?parent=1336"}],"curies":[{"name":"wp","href":"https:\/\/api.w.org\/{rel}","templated":true}]}}