   {"id":1338,"date":"2025-01-24T13:52:09","date_gmt":"2025-01-24T13:52:09","guid":{"rendered":"https:\/\/www.campingreno.it\/?page_id=1338"},"modified":"2025-03-25T10:40:04","modified_gmt":"2025-03-25T10:40:04","slug":"campingplatz-naehe-von-venedig","status":"publish","type":"page","link":"https:\/\/www.campingreno.it\/de\/campingplatz-am-meer-casal-borsetti-was-man-besuchen-kann\/kunststaedte-in-der-naehe-zu-besuchen\/campingplatz-naehe-von-venedig\/","title":{"rendered":"Venedig"},"content":{"rendered":"<p data-sourcepos=\"3:1-3:106\"><strong>Besuchen Sie Venedig, wenn Sie im Camping Reno \u00fcbernachten, einem Campingplatz N\u00e4he von Venedig<\/strong><\/p>\n<p>&nbsp;<\/p>\n<p>&nbsp;<\/p>\n<p data-sourcepos=\"5:1-5:173\"><strong><a href=\"https:\/\/www.visitvenezia.eu\/\">Venedig<\/a> <\/strong>ist eine einzigartige Stadt, reich an Geschichte, Kunst und architektonischen Wundern. Hier sind einige der wichtigsten Sehensw\u00fcrdigkeiten, die Sie besuchen sollten:<\/p>\n<ul data-sourcepos=\"7:1-18:0\">\n<li data-sourcepos=\"7:1-7:421\"><strong><a href=\"https:\/\/www.scoprivenezia.com\/piazza-san-marco\">Markusplatz (Piazza San Marco)<\/a>:<\/strong> Der ber\u00fchmteste Platz Venedigs, dominiert von der majest\u00e4tischen Markuskirche, einem Meisterwerk byzantinischer Kunst mit einer funkelnden Fassade aus goldenen Mosaiken und einem unglaublichen Blick \u00fcber die Stadt. Auf dem Platz befindet sich auch der Markusturm (Campanile di San Marco), von dem aus Sie einen spektakul\u00e4ren Panoramablick \u00fcber Venedig und die Lagune genie\u00dfen k\u00f6nnen.<\/li>\n<\/ul>\n<p>&nbsp;<\/p>\n<p>&nbsp;<\/p>\n<ul data-sourcepos=\"7:1-18:0\">\n<li data-sourcepos=\"8:1-8:351\"><strong><a href=\"https:\/\/palazzoducale.visitmuve.it\/de\/home\/\">Dogenpalast (Palazzo Ducale)<\/a>:<\/strong> Ein imposantes gotisches Geb\u00e4ude, das die Residenz des Dogen und Sitz der venezianischen Regierung war. Im Inneren k\u00f6nnen Sie reich verzierte R\u00e4ume, die Seufzerbr\u00fccke (Ponte dei Sospiri) und die Gef\u00e4ngnisse besichtigen. Ein unvergesslicher Besuch, um die politische und kulturelle Geschichte der Stadt zu verstehen.<\/li>\n<\/ul>\n<p>&nbsp;<\/p>\n<p>&nbsp;<\/p>\n<ul data-sourcepos=\"7:1-18:0\">\n<li data-sourcepos=\"9:1-9:337\"><a href=\"https:\/\/www.scoprivenezia.com\/canal-grande\"><strong>Canal Grande:<\/strong> <\/a>Der Hauptkanal Venedigs, der die Stadt durchquert und von Booten, Vaporetti und nat\u00fcrlich den traditionellen Gondeln befahren wird. Sie k\u00f6nnen seine ganze Sch\u00f6nheit bewundern, indem Sie an den Ufern entlang spazieren oder eine Fahrt mit dem Vaporetto unternehmen, um die pr\u00e4chtigen Fassaden der Pal\u00e4ste zu betrachten.<\/li>\n<\/ul>\n<p>&nbsp;<\/p>\n<p>&nbsp;<\/p>\n<ul data-sourcepos=\"7:1-18:0\">\n<li data-sourcepos=\"10:1-10:236\"><a href=\"https:\/\/www.scoprivenezia.com\/ponte-rialto\"><strong>Rialtobr\u00fccke (Ponte di Rialto):<\/strong><\/a> Eine der ber\u00fchmtesten Br\u00fccken Venedigs, die die Stadtteile San Marco und San Polo verbindet. Sie ist ein idealer Ort, um Fotos zu machen und in den zahlreichen Gesch\u00e4ften auf der Br\u00fccke einzukaufen.<\/li>\n<\/ul>\n<p>&nbsp;<\/p>\n<p>&nbsp;<\/p>\n<ul data-sourcepos=\"7:1-18:0\">\n<li data-sourcepos=\"11:1-11:227\"><strong>Gallerie dell&#8217;Accademia:<\/strong> Eine bedeutende Gem\u00e4ldegalerie, die eine der reichsten Sammlungen venezianischer Kunst mit Werken von K\u00fcnstlern wie Bellini, Tintoretto, Tizian und Veronese beherbergt. Perfekt f\u00fcr Kunstliebhaber.<\/li>\n<\/ul>\n<p>&nbsp;<\/p>\n<p>&nbsp;<\/p>\n<ul data-sourcepos=\"7:1-18:0\">\n<li data-sourcepos=\"12:1-12:179\"><strong>Basilika Santa Maria della Salute:<\/strong> Eine Barockkirche an der Spitze des Canal Grande, die f\u00fcr ihre gro\u00dfe Kuppel und den Blick auf die Lagune und das Markusbecken bekannt ist.<\/li>\n<\/ul>\n<p>&nbsp;<\/p>\n<p>&nbsp;<\/p>\n<ul data-sourcepos=\"7:1-18:0\">\n<li data-sourcepos=\"13:1-13:183\"><strong>Insel Murano:<\/strong> Weltweit ber\u00fchmt f\u00fcr die Glasherstellung, ist Murano ein perfektes Ziel, um mundgeblasene Glasobjekte zu kaufen und die Werkst\u00e4tten lokaler Handwerker zu besuchen.<\/li>\n<\/ul>\n<p>&nbsp;<\/p>\n<p>&nbsp;<\/p>\n<ul data-sourcepos=\"7:1-18:0\">\n<li data-sourcepos=\"14:1-14:194\"><strong>Insel Burano:<\/strong> Mit ihren farbenfrohen H\u00e4usern und traditionellen Spitzen ist Burano eine der malerischsten Inseln Venedigs. Ein Spaziergang durch die Stra\u00dfen ist ein einzigartiges Erlebnis.<\/li>\n<\/ul>\n<p>&nbsp;<\/p>\n<p>&nbsp;<\/p>\n<ul data-sourcepos=\"7:1-18:0\">\n<li data-sourcepos=\"15:1-15:270\"><strong>Teatro La Fenice:<\/strong> Eines der ber\u00fchmtesten Opernh\u00e4user Italiens, bekannt f\u00fcr seine Eleganz und daf\u00fcr, dass es Werke gro\u00dfer Komponisten beherbergt hat. Es ist m\u00f6glich, es zu besichtigen, um seine Geschichte zu entdecken und, wenn m\u00f6glich, eine Auff\u00fchrung zu besuchen.<\/li>\n<\/ul>\n<p>&nbsp;<\/p>\n<p>&nbsp;<\/p>\n<ul data-sourcepos=\"7:1-18:0\">\n<li data-sourcepos=\"16:1-16:239\"><strong>Museo Correr:<\/strong> Ein Museum, das die Geschichte Venedigs und seiner Entwicklung erz\u00e4hlt, mit einer umfangreichen Sammlung von Kunstwerken, Skulpturen und historischen Objekten. Es befindet sich auf dem Markusplatz neben dem Dogenpalast.<\/li>\n<\/ul>\n<p>&nbsp;<\/p>\n<p>&nbsp;<\/p>\n<p>&nbsp;<\/p>\n<ul data-sourcepos=\"7:1-18:0\">\n<li data-sourcepos=\"17:1-18:0\"><strong>Peggy Guggenheim Collection:<\/strong> Wenn Sie sich f\u00fcr moderne Kunst interessieren, sollten Sie sich diese Galerie nicht entgehen lassen, die Werke von K\u00fcnstlern wie Picasso, Dal\u00ed und Pollock beherbergt.<\/li>\n<\/ul>\n<p>&nbsp;<\/p>\n<p>&nbsp;<\/p>\n<p>&nbsp;<\/p>\n<p data-sourcepos=\"19:1-19:197\">Venedig ist eine Stadt, die man langsam erleben sollte, indem man durch die Gassen und kleinen Pl\u00e4tze spaziert, versteckte Ecken entdeckt und sich von der einzigartigen Atmosph\u00e4re verzaubern l\u00e4sst.<\/p>\n<p data-sourcepos=\"31:1-31:80\">Der Campingplatz Reno,<strong> Kleiner Campingplatz N\u00e4he von Venedig<\/strong>,\u00a0 verf\u00fcgt \u00fcber <a href=\"https:\/\/www.campingreno.it\/de\/campingplatz-ravenna-italien-unterkuenfte\/\"><strong>Unterk\u00fcnfte<\/strong><\/a> und <a href=\"https:\/\/www.campingreno.it\/de\/camping-mit-stellplaetzen-ravenna-italien\/\"><strong>Stellpl\u00e4tze<\/strong><\/a> f\u00fcr Ihren Urlaub am Meer in Casal Borsetti, Ravenna.<\/p>\n<p data-sourcepos=\"31:1-31:80\"><a href=\"https:\/\/www.scidoo.com\/preventivov2\/?cod=1209&amp;dataarr=2025-4-5&amp;notti=7&amp;adult=1&amp;children=&amp;IDsotto_struttura=0&amp;lang=4\"><strong>Verf\u00fcgbarkeit pr\u00fcfen und jetzt buchen<\/strong><\/a><\/p>\n","protected":false},"excerpt":{"rendered":"<p>Besuchen Sie Venedig, wenn Sie im Camping Reno \u00fcbernachten, einem Campingplatz N\u00e4he von Venedig &nbsp; &nbsp; Venedig ist eine einzigartige Stadt, reich an Geschichte, Kunst und architektonischen Wundern. Hier sind einige der wichtigsten Sehensw\u00fcrdigkeiten, die Sie besuchen sollten: Markusplatz (Piazza San Marco): Der ber\u00fchmteste Platz Venedigs, dominiert von der majest\u00e4tischen Markuskirche, einem Meisterwerk byzantinischer Kunst [&hellip;]<\/p>\n","protected":false},"author":212,"featured_media":1985,"parent":1330,"menu_order":300,"comment_status":"closed","ping_status":"closed","template":"","meta":{"footnotes":""},"class_list":["post-1338","page","type-page","status-publish","has-post-thumbnail","hentry"],"yoast_head":"<!-- This site is optimized with the Yoast SEO plugin v27.3 - https:\/\/yoast.com\/product\/yoast-seo-wordpress\/ -->\n<title>Campingplatz N\u00e4he von Venedig | Camping Reno Casalborsetti<\/title>\n<meta name=\"description\" content=\"Wenn Sie einen Campingplatz N\u00e4he von Venedig suchen, gibt es den Camping Reno, Casalborsetti, direkt am meer. Fordern Sie ein Angebot an.\" \/>\n<meta name=\"robots\" content=\"index, follow, max-snippet:-1, max-image-preview:large, max-video-preview:-1\" \/>\n<link rel=\"canonical\" href=\"https:\/\/www.campingreno.it\/de\/campingplatz-am-meer-casal-borsetti-was-man-besuchen-kann\/kunststaedte-in-der-naehe-zu-besuchen\/campingplatz-naehe-von-venedig\/\" \/>\n<meta property=\"og:locale\" content=\"de_DE\" \/>\n<meta property=\"og:type\" content=\"article\" \/>\n<meta property=\"og:title\" content=\"Campingplatz N\u00e4he von Venedig | Camping Reno Casalborsetti\" \/>\n<meta property=\"og:description\" content=\"Wenn Sie einen Campingplatz N\u00e4he von Venedig suchen, gibt es den Camping Reno, Casalborsetti, direkt am meer. Fordern Sie ein Angebot an.\" \/>\n<meta property=\"og:url\" content=\"https:\/\/www.campingreno.it\/de\/campingplatz-am-meer-casal-borsetti-was-man-besuchen-kann\/kunststaedte-in-der-naehe-zu-besuchen\/campingplatz-naehe-von-venedig\/\" \/>\n<meta property=\"og:site_name\" content=\"Camping Reno\" \/>\n<meta property=\"article:publisher\" content=\"https:\/\/facebook.com\/tomasitourism\" \/>\n<meta property=\"article:modified_time\" content=\"2025-03-25T10:40:04+00:00\" \/>\n<meta property=\"og:image\" content=\"https:\/\/www.campingreno.it\/wp-content\/uploads\/sites\/192\/2025\/03\/Basilica-San-Marco-385x217-2.jpg\" \/>\n\t<meta property=\"og:image:width\" content=\"385\" \/>\n\t<meta property=\"og:image:height\" content=\"217\" \/>\n\t<meta property=\"og:image:type\" content=\"image\/jpeg\" \/>\n<meta name=\"twitter:card\" content=\"summary_large_image\" \/>\n<meta name=\"twitter:label1\" content=\"Gesch\u00e4tzte Lesezeit\" \/>\n\t<meta name=\"twitter:data1\" content=\"3 Minuten\" \/>\n<script type=\"application\/ld+json\" class=\"yoast-schema-graph\">{\"@context\":\"https:\\\/\\\/schema.org\",\"@graph\":[{\"@type\":\"WebPage\",\"@id\":\"https:\\\/\\\/www.campingreno.it\\\/de\\\/campingplatz-am-meer-casal-borsetti-was-man-besuchen-kann\\\/kunststaedte-in-der-naehe-zu-besuchen\\\/campingplatz-naehe-von-venedig\\\/\",\"url\":\"https:\\\/\\\/www.campingreno.it\\\/de\\\/campingplatz-am-meer-casal-borsetti-was-man-besuchen-kann\\\/kunststaedte-in-der-naehe-zu-besuchen\\\/campingplatz-naehe-von-venedig\\\/\",\"name\":\"Campingplatz N\u00e4he von Venedig | Camping Reno Casalborsetti\",\"isPartOf\":{\"@id\":\"https:\\\/\\\/www.campingreno.it\\\/de\\\/#website\"},\"primaryImageOfPage\":{\"@id\":\"https:\\\/\\\/www.campingreno.it\\\/de\\\/campingplatz-am-meer-casal-borsetti-was-man-besuchen-kann\\\/kunststaedte-in-der-naehe-zu-besuchen\\\/campingplatz-naehe-von-venedig\\\/#primaryimage\"},\"image\":{\"@id\":\"https:\\\/\\\/www.campingreno.it\\\/de\\\/campingplatz-am-meer-casal-borsetti-was-man-besuchen-kann\\\/kunststaedte-in-der-naehe-zu-besuchen\\\/campingplatz-naehe-von-venedig\\\/#primaryimage\"},\"thumbnailUrl\":\"https:\\\/\\\/www.campingreno.it\\\/wp-content\\\/uploads\\\/sites\\\/192\\\/2025\\\/03\\\/Basilica-San-Marco-385x217-2.jpg\",\"datePublished\":\"2025-01-24T13:52:09+00:00\",\"dateModified\":\"2025-03-25T10:40:04+00:00\",\"description\":\"Wenn Sie einen Campingplatz N\u00e4he von Venedig suchen, gibt es den Camping Reno, Casalborsetti, direkt am meer. Fordern Sie ein Angebot an.\",\"breadcrumb\":{\"@id\":\"https:\\\/\\\/www.campingreno.it\\\/de\\\/campingplatz-am-meer-casal-borsetti-was-man-besuchen-kann\\\/kunststaedte-in-der-naehe-zu-besuchen\\\/campingplatz-naehe-von-venedig\\\/#breadcrumb\"},\"inLanguage\":\"de-DE\",\"potentialAction\":[{\"@type\":\"ReadAction\",\"target\":[\"https:\\\/\\\/www.campingreno.it\\\/de\\\/campingplatz-am-meer-casal-borsetti-was-man-besuchen-kann\\\/kunststaedte-in-der-naehe-zu-besuchen\\\/campingplatz-naehe-von-venedig\\\/\"]}]},{\"@type\":\"ImageObject\",\"inLanguage\":\"de-DE\",\"@id\":\"https:\\\/\\\/www.campingreno.it\\\/de\\\/campingplatz-am-meer-casal-borsetti-was-man-besuchen-kann\\\/kunststaedte-in-der-naehe-zu-besuchen\\\/campingplatz-naehe-von-venedig\\\/#primaryimage\",\"url\":\"https:\\\/\\\/www.campingreno.it\\\/wp-content\\\/uploads\\\/sites\\\/192\\\/2025\\\/03\\\/Basilica-San-Marco-385x217-2.jpg\",\"contentUrl\":\"https:\\\/\\\/www.campingreno.it\\\/wp-content\\\/uploads\\\/sites\\\/192\\\/2025\\\/03\\\/Basilica-San-Marco-385x217-2.jpg\",\"width\":385,\"height\":217,\"caption\":\"Campingplatz N\u00e4he von Venedig - Camping Reno\"},{\"@type\":\"BreadcrumbList\",\"@id\":\"https:\\\/\\\/www.campingreno.it\\\/de\\\/campingplatz-am-meer-casal-borsetti-was-man-besuchen-kann\\\/kunststaedte-in-der-naehe-zu-besuchen\\\/campingplatz-naehe-von-venedig\\\/#breadcrumb\",\"itemListElement\":[{\"@type\":\"ListItem\",\"position\":1,\"name\":\"Home\",\"item\":\"https:\\\/\\\/www.campingreno.it\\\/de\\\/\"},{\"@type\":\"ListItem\",\"position\":2,\"name\":\"Das Gebiet\",\"item\":\"https:\\\/\\\/www.campingreno.it\\\/de\\\/campingplatz-am-meer-casal-borsetti-was-man-besuchen-kann\\\/\"},{\"@type\":\"ListItem\",\"position\":3,\"name\":\"Kunstst\u00e4dte\",\"item\":\"https:\\\/\\\/www.campingreno.it\\\/de\\\/campingplatz-am-meer-casal-borsetti-was-man-besuchen-kann\\\/kunststaedte-in-der-naehe-zu-besuchen\\\/\"},{\"@type\":\"ListItem\",\"position\":4,\"name\":\"Venedig\"}]},{\"@type\":\"WebSite\",\"@id\":\"https:\\\/\\\/www.campingreno.it\\\/de\\\/#website\",\"url\":\"https:\\\/\\\/www.campingreno.it\\\/de\\\/\",\"name\":\"Camping Reno\",\"description\":\"\",\"publisher\":{\"@id\":\"https:\\\/\\\/www.campingreno.it\\\/de\\\/#organization\"},\"potentialAction\":[{\"@type\":\"SearchAction\",\"target\":{\"@type\":\"EntryPoint\",\"urlTemplate\":\"https:\\\/\\\/www.campingreno.it\\\/de\\\/?s={search_term_string}\"},\"query-input\":{\"@type\":\"PropertyValueSpecification\",\"valueRequired\":true,\"valueName\":\"search_term_string\"}}],\"inLanguage\":\"de-DE\"},{\"@type\":\"Organization\",\"@id\":\"https:\\\/\\\/www.campingreno.it\\\/de\\\/#organization\",\"name\":\"Camping Reno\",\"url\":\"https:\\\/\\\/www.campingreno.it\\\/de\\\/\",\"logo\":{\"@type\":\"ImageObject\",\"inLanguage\":\"de-DE\",\"@id\":\"https:\\\/\\\/www.campingreno.it\\\/de\\\/#\\\/schema\\\/logo\\\/image\\\/\",\"url\":\"https:\\\/\\\/www.campingreno.it\\\/wp-content\\\/uploads\\\/sites\\\/192\\\/2024\\\/12\\\/logo_reno-no-sfondo-2.png\",\"contentUrl\":\"https:\\\/\\\/www.campingreno.it\\\/wp-content\\\/uploads\\\/sites\\\/192\\\/2024\\\/12\\\/logo_reno-no-sfondo-2.png\",\"width\":567,\"height\":286,\"caption\":\"Camping Reno\"},\"image\":{\"@id\":\"https:\\\/\\\/www.campingreno.it\\\/de\\\/#\\\/schema\\\/logo\\\/image\\\/\"},\"sameAs\":[\"https:\\\/\\\/facebook.com\\\/tomasitourism\",\"https:\\\/\\\/instagram.com\\\/camping_reno\"]}]}<\/script>\n<!-- \/ Yoast SEO plugin. -->","yoast_head_json":{"title":"Campingplatz N\u00e4he von Venedig | Camping Reno Casalborsetti","description":"Wenn Sie einen Campingplatz N\u00e4he von Venedig suchen, gibt es den Camping Reno, Casalborsetti, direkt am meer. Fordern Sie ein Angebot an.","robots":{"index":"index","follow":"follow","max-snippet":"max-snippet:-1","max-image-preview":"max-image-preview:large","max-video-preview":"max-video-preview:-1"},"canonical":"https:\/\/www.campingreno.it\/de\/campingplatz-am-meer-casal-borsetti-was-man-besuchen-kann\/kunststaedte-in-der-naehe-zu-besuchen\/campingplatz-naehe-von-venedig\/","og_locale":"de_DE","og_type":"article","og_title":"Campingplatz N\u00e4he von Venedig | Camping Reno Casalborsetti","og_description":"Wenn Sie einen Campingplatz N\u00e4he von Venedig suchen, gibt es den Camping Reno, Casalborsetti, direkt am meer. Fordern Sie ein Angebot an.","og_url":"https:\/\/www.campingreno.it\/de\/campingplatz-am-meer-casal-borsetti-was-man-besuchen-kann\/kunststaedte-in-der-naehe-zu-besuchen\/campingplatz-naehe-von-venedig\/","og_site_name":"Camping Reno","article_publisher":"https:\/\/facebook.com\/tomasitourism","article_modified_time":"2025-03-25T10:40:04+00:00","og_image":[{"width":385,"height":217,"url":"https:\/\/www.campingreno.it\/wp-content\/uploads\/sites\/192\/2025\/03\/Basilica-San-Marco-385x217-2.jpg","type":"image\/jpeg"}],"twitter_card":"summary_large_image","twitter_misc":{"Gesch\u00e4tzte Lesezeit":"3 Minuten"},"schema":{"@context":"https:\/\/schema.org","@graph":[{"@type":"WebPage","@id":"https:\/\/www.campingreno.it\/de\/campingplatz-am-meer-casal-borsetti-was-man-besuchen-kann\/kunststaedte-in-der-naehe-zu-besuchen\/campingplatz-naehe-von-venedig\/","url":"https:\/\/www.campingreno.it\/de\/campingplatz-am-meer-casal-borsetti-was-man-besuchen-kann\/kunststaedte-in-der-naehe-zu-besuchen\/campingplatz-naehe-von-venedig\/","name":"Campingplatz N\u00e4he von Venedig | Camping Reno Casalborsetti","isPartOf":{"@id":"https:\/\/www.campingreno.it\/de\/#website"},"primaryImageOfPage":{"@id":"https:\/\/www.campingreno.it\/de\/campingplatz-am-meer-casal-borsetti-was-man-besuchen-kann\/kunststaedte-in-der-naehe-zu-besuchen\/campingplatz-naehe-von-venedig\/#primaryimage"},"image":{"@id":"https:\/\/www.campingreno.it\/de\/campingplatz-am-meer-casal-borsetti-was-man-besuchen-kann\/kunststaedte-in-der-naehe-zu-besuchen\/campingplatz-naehe-von-venedig\/#primaryimage"},"thumbnailUrl":"https:\/\/www.campingreno.it\/wp-content\/uploads\/sites\/192\/2025\/03\/Basilica-San-Marco-385x217-2.jpg","datePublished":"2025-01-24T13:52:09+00:00","dateModified":"2025-03-25T10:40:04+00:00","description":"Wenn Sie einen Campingplatz N\u00e4he von Venedig suchen, gibt es den Camping Reno, Casalborsetti, direkt am meer. Fordern Sie ein Angebot an.","breadcrumb":{"@id":"https:\/\/www.campingreno.it\/de\/campingplatz-am-meer-casal-borsetti-was-man-besuchen-kann\/kunststaedte-in-der-naehe-zu-besuchen\/campingplatz-naehe-von-venedig\/#breadcrumb"},"inLanguage":"de-DE","potentialAction":[{"@type":"ReadAction","target":["https:\/\/www.campingreno.it\/de\/campingplatz-am-meer-casal-borsetti-was-man-besuchen-kann\/kunststaedte-in-der-naehe-zu-besuchen\/campingplatz-naehe-von-venedig\/"]}]},{"@type":"ImageObject","inLanguage":"de-DE","@id":"https:\/\/www.campingreno.it\/de\/campingplatz-am-meer-casal-borsetti-was-man-besuchen-kann\/kunststaedte-in-der-naehe-zu-besuchen\/campingplatz-naehe-von-venedig\/#primaryimage","url":"https:\/\/www.campingreno.it\/wp-content\/uploads\/sites\/192\/2025\/03\/Basilica-San-Marco-385x217-2.jpg","contentUrl":"https:\/\/www.campingreno.it\/wp-content\/uploads\/sites\/192\/2025\/03\/Basilica-San-Marco-385x217-2.jpg","width":385,"height":217,"caption":"Campingplatz N\u00e4he von Venedig - Camping Reno"},{"@type":"BreadcrumbList","@id":"https:\/\/www.campingreno.it\/de\/campingplatz-am-meer-casal-borsetti-was-man-besuchen-kann\/kunststaedte-in-der-naehe-zu-besuchen\/campingplatz-naehe-von-venedig\/#breadcrumb","itemListElement":[{"@type":"ListItem","position":1,"name":"Home","item":"https:\/\/www.campingreno.it\/de\/"},{"@type":"ListItem","position":2,"name":"Das Gebiet","item":"https:\/\/www.campingreno.it\/de\/campingplatz-am-meer-casal-borsetti-was-man-besuchen-kann\/"},{"@type":"ListItem","position":3,"name":"Kunstst\u00e4dte","item":"https:\/\/www.campingreno.it\/de\/campingplatz-am-meer-casal-borsetti-was-man-besuchen-kann\/kunststaedte-in-der-naehe-zu-besuchen\/"},{"@type":"ListItem","position":4,"name":"Venedig"}]},{"@type":"WebSite","@id":"https:\/\/www.campingreno.it\/de\/#website","url":"https:\/\/www.campingreno.it\/de\/","name":"Camping Reno","description":"","publisher":{"@id":"https:\/\/www.campingreno.it\/de\/#organization"},"potentialAction":[{"@type":"SearchAction","target":{"@type":"EntryPoint","urlTemplate":"https:\/\/www.campingreno.it\/de\/?s={search_term_string}"},"query-input":{"@type":"PropertyValueSpecification","valueRequired":true,"valueName":"search_term_string"}}],"inLanguage":"de-DE"},{"@type":"Organization","@id":"https:\/\/www.campingreno.it\/de\/#organization","name":"Camping Reno","url":"https:\/\/www.campingreno.it\/de\/","logo":{"@type":"ImageObject","inLanguage":"de-DE","@id":"https:\/\/www.campingreno.it\/de\/#\/schema\/logo\/image\/","url":"https:\/\/www.campingreno.it\/wp-content\/uploads\/sites\/192\/2024\/12\/logo_reno-no-sfondo-2.png","contentUrl":"https:\/\/www.campingreno.it\/wp-content\/uploads\/sites\/192\/2024\/12\/logo_reno-no-sfondo-2.png","width":567,"height":286,"caption":"Camping Reno"},"image":{"@id":"https:\/\/www.campingreno.it\/de\/#\/schema\/logo\/image\/"},"sameAs":["https:\/\/facebook.com\/tomasitourism","https:\/\/instagram.com\/camping_reno"]}]}},"acf":[],"_links":{"self":[{"href":"https:\/\/www.campingreno.it\/de\/wp-json\/wp\/v2\/pages\/1338","targetHints":{"allow":["GET"]}}],"collection":[{"href":"https:\/\/www.campingreno.it\/de\/wp-json\/wp\/v2\/pages"}],"about":[{"href":"https:\/\/www.campingreno.it\/de\/wp-json\/wp\/v2\/types\/page"}],"author":[{"embeddable":true,"href":"https:\/\/www.campingreno.it\/de\/wp-json\/wp\/v2\/users\/212"}],"replies":[{"embeddable":true,"href":"https:\/\/www.campingreno.it\/de\/wp-json\/wp\/v2\/comments?post=1338"}],"version-history":[{"count":0,"href":"https:\/\/www.campingreno.it\/de\/wp-json\/wp\/v2\/pages\/1338\/revisions"}],"up":[{"embeddable":true,"href":"https:\/\/www.campingreno.it\/de\/wp-json\/wp\/v2\/pages\/1330"}],"wp:featuredmedia":[{"embeddable":true,"href":"https:\/\/www.campingreno.it\/de\/wp-json\/wp\/v2\/media\/1985"}],"wp:attachment":[{"href":"https:\/\/www.campingreno.it\/de\/wp-json\/wp\/v2\/media?parent=1338"}],"curies":[{"name":"wp","href":"https:\/\/api.w.org\/{rel}","templated":true}]}}