   {"id":1352,"date":"2025-01-16T10:06:39","date_gmt":"2025-01-16T10:06:39","guid":{"rendered":"https:\/\/www.campingreno.it\/?page_id=1352"},"modified":"2025-12-22T12:11:36","modified_gmt":"2025-12-22T12:11:36","slug":"campingplatz-naehe-von-freizeitparks-adria-italien","status":"publish","type":"page","link":"https:\/\/www.campingreno.it\/de\/campingplatz-am-meer-casal-borsetti-was-man-besuchen-kann\/campingplatz-naehe-von-freizeitparks-adria-italien\/","title":{"rendered":"Freizeitparks"},"content":{"rendered":"<p data-sourcepos=\"3:1-3:184\">Nur wenige Kilometer vom <a href=\"http:\/\/www.campingreno.it\/de\">Camping Reno,<\/a>\u00a0 <strong>Campingplatz N\u00e4he von Freizeitparks Adria Italien<\/strong>, entfernt befinden sich die meisten Freizeitparks der Riviera Romagnola, einige der wichtigsten und unterhaltsamsten in Italien, wie zum Beispiel:<\/p>\n<ul data-sourcepos=\"5:1-8:69\">\n<li data-sourcepos=\"5:1-5:55\">Mirabilandia, ca. 30 km entfernt: <a href=\"http:\/\/WWW.MIRABILANDIA.IT\">www.mirabilandia.it<\/a><\/li>\n<li data-sourcepos=\"6:1-6:45\">Aquafan, ca. 70 km entfernt: <a href=\"https:\/\/www.aquafan.it\/en\">www.aquafan.it<\/a><\/li>\n<li data-sourcepos=\"7:1-7:105\">Italia in Miniatura, ca. 60 km entfernt: <a href=\"https:\/\/www.italiainminiatura.com\" target=\"_blank\" rel=\"noopener\">www.italiainminiatura.com<\/a><\/li>\n<li data-sourcepos=\"8:1-8:69\">Parco Oltremare di Riccione, ca. 80 km entfernt: <a href=\"http:\/\/www.oltremare.org\">www.oltremare.org<\/a><\/li>\n<\/ul>\n<p>&nbsp;<\/p>\n<p data-sourcepos=\"31:1-31:80\">Der Campingplatz Reno,<strong> Kleiner Campingplatz N\u00e4he von Freizeitparks Adria Italien<\/strong>,\u00a0 verf\u00fcgt \u00fcber <a href=\"https:\/\/www.campingreno.it\/de\/campingplatz-ravenna-italien-unterkuenfte\/\"><strong>Unterk\u00fcnfte<\/strong><\/a> und <a href=\"https:\/\/www.campingreno.it\/de\/camping-mit-stellplaetzen-ravenna-italien\/\"><strong>Stellpl\u00e4tze<\/strong><\/a> f\u00fcr Ihren Urlaub am Meer in Casal Borsetti, Ravenna.<\/p>\n<p data-sourcepos=\"31:1-31:80\"><a href=\"https:\/\/www.scidoo.com\/preventivov2\/?cod=1209&amp;dataarr=2025-4-5&amp;notti=7&amp;adult=1&amp;children=&amp;IDsotto_struttura=0&amp;lang=4\"><strong>Verf\u00fcgbarkeit pr\u00fcfen und jetzt buchen<\/strong><\/a><\/p>\n","protected":false},"excerpt":{"rendered":"<p>Nur wenige Kilometer vom Camping Reno,\u00a0 Campingplatz N\u00e4he von Freizeitparks Adria Italien, entfernt befinden sich die meisten Freizeitparks der Riviera Romagnola, einige der wichtigsten und unterhaltsamsten in Italien, wie zum Beispiel: Mirabilandia, ca. 30 km entfernt: www.mirabilandia.it Aquafan, ca. 70 km entfernt: www.aquafan.it Italia in Miniatura, ca. 60 km entfernt: www.italiainminiatura.com Parco Oltremare di Riccione, [&hellip;]<\/p>\n","protected":false},"author":13,"featured_media":660,"parent":1327,"menu_order":10,"comment_status":"closed","ping_status":"closed","template":"template-territory-single.php","meta":{"footnotes":""},"class_list":["post-1352","page","type-page","status-publish","has-post-thumbnail","hentry"],"yoast_head":"<!-- This site is optimized with the Yoast SEO plugin v27.3 - https:\/\/yoast.com\/product\/yoast-seo-wordpress\/ -->\n<title>Campingplatz N\u00e4he von Freizeitparks Adria Italien | Camping Reno<\/title>\n<meta name=\"description\" content=\"Campingplatz N\u00e4he von Freizeitparks Adria Italien, Liste der Freizeitparks in der N\u00e4he des Camping Reno, Ravenna, Fordern Sie ein Angebot an.\" \/>\n<meta name=\"robots\" content=\"index, follow, max-snippet:-1, max-image-preview:large, max-video-preview:-1\" \/>\n<link rel=\"canonical\" href=\"https:\/\/www.campingreno.it\/de\/campingplatz-am-meer-casal-borsetti-was-man-besuchen-kann\/campingplatz-naehe-von-freizeitparks-adria-italien\/\" \/>\n<meta property=\"og:locale\" content=\"de_DE\" \/>\n<meta property=\"og:type\" content=\"article\" \/>\n<meta property=\"og:title\" content=\"Campingplatz N\u00e4he von Freizeitparks Adria Italien | Camping Reno\" \/>\n<meta property=\"og:description\" content=\"Campingplatz N\u00e4he von Freizeitparks Adria Italien, Liste der Freizeitparks in der N\u00e4he des Camping Reno, Ravenna, Fordern Sie ein Angebot an.\" \/>\n<meta property=\"og:url\" content=\"https:\/\/www.campingreno.it\/de\/campingplatz-am-meer-casal-borsetti-was-man-besuchen-kann\/campingplatz-naehe-von-freizeitparks-adria-italien\/\" \/>\n<meta property=\"og:site_name\" content=\"Camping Reno\" \/>\n<meta property=\"article:publisher\" content=\"https:\/\/facebook.com\/tomasitourism\" \/>\n<meta property=\"article:modified_time\" content=\"2025-12-22T12:11:36+00:00\" \/>\n<meta property=\"og:image\" content=\"https:\/\/www.campingreno.it\/wp-content\/uploads\/sites\/192\/2025\/01\/acquafan_riccione_piantina1_campingreno.jpg\" \/>\n\t<meta property=\"og:image:width\" content=\"664\" \/>\n\t<meta property=\"og:image:height\" content=\"574\" \/>\n\t<meta property=\"og:image:type\" content=\"image\/jpeg\" \/>\n<meta name=\"twitter:card\" content=\"summary_large_image\" \/>\n<meta name=\"twitter:label1\" content=\"Gesch\u00e4tzte Lesezeit\" \/>\n\t<meta name=\"twitter:data1\" content=\"1 Minute\" \/>\n<script type=\"application\/ld+json\" class=\"yoast-schema-graph\">{\"@context\":\"https:\\\/\\\/schema.org\",\"@graph\":[{\"@type\":\"WebPage\",\"@id\":\"https:\\\/\\\/www.campingreno.it\\\/de\\\/campingplatz-am-meer-casal-borsetti-was-man-besuchen-kann\\\/campingplatz-naehe-von-freizeitparks-adria-italien\\\/\",\"url\":\"https:\\\/\\\/www.campingreno.it\\\/de\\\/campingplatz-am-meer-casal-borsetti-was-man-besuchen-kann\\\/campingplatz-naehe-von-freizeitparks-adria-italien\\\/\",\"name\":\"Campingplatz N\u00e4he von Freizeitparks Adria Italien | Camping Reno\",\"isPartOf\":{\"@id\":\"https:\\\/\\\/www.campingreno.it\\\/de\\\/#website\"},\"primaryImageOfPage\":{\"@id\":\"https:\\\/\\\/www.campingreno.it\\\/de\\\/campingplatz-am-meer-casal-borsetti-was-man-besuchen-kann\\\/campingplatz-naehe-von-freizeitparks-adria-italien\\\/#primaryimage\"},\"image\":{\"@id\":\"https:\\\/\\\/www.campingreno.it\\\/de\\\/campingplatz-am-meer-casal-borsetti-was-man-besuchen-kann\\\/campingplatz-naehe-von-freizeitparks-adria-italien\\\/#primaryimage\"},\"thumbnailUrl\":\"https:\\\/\\\/www.campingreno.it\\\/wp-content\\\/uploads\\\/sites\\\/192\\\/2025\\\/01\\\/acquafan_riccione_piantina1_campingreno.jpg\",\"datePublished\":\"2025-01-16T10:06:39+00:00\",\"dateModified\":\"2025-12-22T12:11:36+00:00\",\"description\":\"Campingplatz N\u00e4he von Freizeitparks Adria Italien, Liste der Freizeitparks in der N\u00e4he des Camping Reno, Ravenna, Fordern Sie ein Angebot an.\",\"breadcrumb\":{\"@id\":\"https:\\\/\\\/www.campingreno.it\\\/de\\\/campingplatz-am-meer-casal-borsetti-was-man-besuchen-kann\\\/campingplatz-naehe-von-freizeitparks-adria-italien\\\/#breadcrumb\"},\"inLanguage\":\"de-DE\",\"potentialAction\":[{\"@type\":\"ReadAction\",\"target\":[\"https:\\\/\\\/www.campingreno.it\\\/de\\\/campingplatz-am-meer-casal-borsetti-was-man-besuchen-kann\\\/campingplatz-naehe-von-freizeitparks-adria-italien\\\/\"]}]},{\"@type\":\"ImageObject\",\"inLanguage\":\"de-DE\",\"@id\":\"https:\\\/\\\/www.campingreno.it\\\/de\\\/campingplatz-am-meer-casal-borsetti-was-man-besuchen-kann\\\/campingplatz-naehe-von-freizeitparks-adria-italien\\\/#primaryimage\",\"url\":\"https:\\\/\\\/www.campingreno.it\\\/wp-content\\\/uploads\\\/sites\\\/192\\\/2025\\\/01\\\/acquafan_riccione_piantina1_campingreno.jpg\",\"contentUrl\":\"https:\\\/\\\/www.campingreno.it\\\/wp-content\\\/uploads\\\/sites\\\/192\\\/2025\\\/01\\\/acquafan_riccione_piantina1_campingreno.jpg\",\"width\":664,\"height\":574,\"caption\":\"Freizeitparks in der N\u00e4he von Camping Reno\"},{\"@type\":\"BreadcrumbList\",\"@id\":\"https:\\\/\\\/www.campingreno.it\\\/de\\\/campingplatz-am-meer-casal-borsetti-was-man-besuchen-kann\\\/campingplatz-naehe-von-freizeitparks-adria-italien\\\/#breadcrumb\",\"itemListElement\":[{\"@type\":\"ListItem\",\"position\":1,\"name\":\"Home\",\"item\":\"https:\\\/\\\/www.campingreno.it\\\/de\\\/\"},{\"@type\":\"ListItem\",\"position\":2,\"name\":\"Das Gebiet\",\"item\":\"https:\\\/\\\/www.campingreno.it\\\/de\\\/campingplatz-am-meer-casal-borsetti-was-man-besuchen-kann\\\/\"},{\"@type\":\"ListItem\",\"position\":3,\"name\":\"Freizeitparks\"}]},{\"@type\":\"WebSite\",\"@id\":\"https:\\\/\\\/www.campingreno.it\\\/de\\\/#website\",\"url\":\"https:\\\/\\\/www.campingreno.it\\\/de\\\/\",\"name\":\"Camping Reno\",\"description\":\"\",\"publisher\":{\"@id\":\"https:\\\/\\\/www.campingreno.it\\\/de\\\/#organization\"},\"potentialAction\":[{\"@type\":\"SearchAction\",\"target\":{\"@type\":\"EntryPoint\",\"urlTemplate\":\"https:\\\/\\\/www.campingreno.it\\\/de\\\/?s={search_term_string}\"},\"query-input\":{\"@type\":\"PropertyValueSpecification\",\"valueRequired\":true,\"valueName\":\"search_term_string\"}}],\"inLanguage\":\"de-DE\"},{\"@type\":\"Organization\",\"@id\":\"https:\\\/\\\/www.campingreno.it\\\/de\\\/#organization\",\"name\":\"Camping Reno\",\"url\":\"https:\\\/\\\/www.campingreno.it\\\/de\\\/\",\"logo\":{\"@type\":\"ImageObject\",\"inLanguage\":\"de-DE\",\"@id\":\"https:\\\/\\\/www.campingreno.it\\\/de\\\/#\\\/schema\\\/logo\\\/image\\\/\",\"url\":\"https:\\\/\\\/www.campingreno.it\\\/wp-content\\\/uploads\\\/sites\\\/192\\\/2024\\\/12\\\/logo_reno-no-sfondo-2.png\",\"contentUrl\":\"https:\\\/\\\/www.campingreno.it\\\/wp-content\\\/uploads\\\/sites\\\/192\\\/2024\\\/12\\\/logo_reno-no-sfondo-2.png\",\"width\":567,\"height\":286,\"caption\":\"Camping Reno\"},\"image\":{\"@id\":\"https:\\\/\\\/www.campingreno.it\\\/de\\\/#\\\/schema\\\/logo\\\/image\\\/\"},\"sameAs\":[\"https:\\\/\\\/facebook.com\\\/tomasitourism\",\"https:\\\/\\\/instagram.com\\\/camping_reno\"]}]}<\/script>\n<!-- \/ Yoast SEO plugin. -->","yoast_head_json":{"title":"Campingplatz N\u00e4he von Freizeitparks Adria Italien | Camping Reno","description":"Campingplatz N\u00e4he von Freizeitparks Adria Italien, Liste der Freizeitparks in der N\u00e4he des Camping Reno, Ravenna, Fordern Sie ein Angebot an.","robots":{"index":"index","follow":"follow","max-snippet":"max-snippet:-1","max-image-preview":"max-image-preview:large","max-video-preview":"max-video-preview:-1"},"canonical":"https:\/\/www.campingreno.it\/de\/campingplatz-am-meer-casal-borsetti-was-man-besuchen-kann\/campingplatz-naehe-von-freizeitparks-adria-italien\/","og_locale":"de_DE","og_type":"article","og_title":"Campingplatz N\u00e4he von Freizeitparks Adria Italien | Camping Reno","og_description":"Campingplatz N\u00e4he von Freizeitparks Adria Italien, Liste der Freizeitparks in der N\u00e4he des Camping Reno, Ravenna, Fordern Sie ein Angebot an.","og_url":"https:\/\/www.campingreno.it\/de\/campingplatz-am-meer-casal-borsetti-was-man-besuchen-kann\/campingplatz-naehe-von-freizeitparks-adria-italien\/","og_site_name":"Camping Reno","article_publisher":"https:\/\/facebook.com\/tomasitourism","article_modified_time":"2025-12-22T12:11:36+00:00","og_image":[{"width":664,"height":574,"url":"https:\/\/www.campingreno.it\/wp-content\/uploads\/sites\/192\/2025\/01\/acquafan_riccione_piantina1_campingreno.jpg","type":"image\/jpeg"}],"twitter_card":"summary_large_image","twitter_misc":{"Gesch\u00e4tzte Lesezeit":"1 Minute"},"schema":{"@context":"https:\/\/schema.org","@graph":[{"@type":"WebPage","@id":"https:\/\/www.campingreno.it\/de\/campingplatz-am-meer-casal-borsetti-was-man-besuchen-kann\/campingplatz-naehe-von-freizeitparks-adria-italien\/","url":"https:\/\/www.campingreno.it\/de\/campingplatz-am-meer-casal-borsetti-was-man-besuchen-kann\/campingplatz-naehe-von-freizeitparks-adria-italien\/","name":"Campingplatz N\u00e4he von Freizeitparks Adria Italien | Camping Reno","isPartOf":{"@id":"https:\/\/www.campingreno.it\/de\/#website"},"primaryImageOfPage":{"@id":"https:\/\/www.campingreno.it\/de\/campingplatz-am-meer-casal-borsetti-was-man-besuchen-kann\/campingplatz-naehe-von-freizeitparks-adria-italien\/#primaryimage"},"image":{"@id":"https:\/\/www.campingreno.it\/de\/campingplatz-am-meer-casal-borsetti-was-man-besuchen-kann\/campingplatz-naehe-von-freizeitparks-adria-italien\/#primaryimage"},"thumbnailUrl":"https:\/\/www.campingreno.it\/wp-content\/uploads\/sites\/192\/2025\/01\/acquafan_riccione_piantina1_campingreno.jpg","datePublished":"2025-01-16T10:06:39+00:00","dateModified":"2025-12-22T12:11:36+00:00","description":"Campingplatz N\u00e4he von Freizeitparks Adria Italien, Liste der Freizeitparks in der N\u00e4he des Camping Reno, Ravenna, Fordern Sie ein Angebot an.","breadcrumb":{"@id":"https:\/\/www.campingreno.it\/de\/campingplatz-am-meer-casal-borsetti-was-man-besuchen-kann\/campingplatz-naehe-von-freizeitparks-adria-italien\/#breadcrumb"},"inLanguage":"de-DE","potentialAction":[{"@type":"ReadAction","target":["https:\/\/www.campingreno.it\/de\/campingplatz-am-meer-casal-borsetti-was-man-besuchen-kann\/campingplatz-naehe-von-freizeitparks-adria-italien\/"]}]},{"@type":"ImageObject","inLanguage":"de-DE","@id":"https:\/\/www.campingreno.it\/de\/campingplatz-am-meer-casal-borsetti-was-man-besuchen-kann\/campingplatz-naehe-von-freizeitparks-adria-italien\/#primaryimage","url":"https:\/\/www.campingreno.it\/wp-content\/uploads\/sites\/192\/2025\/01\/acquafan_riccione_piantina1_campingreno.jpg","contentUrl":"https:\/\/www.campingreno.it\/wp-content\/uploads\/sites\/192\/2025\/01\/acquafan_riccione_piantina1_campingreno.jpg","width":664,"height":574,"caption":"Freizeitparks in der N\u00e4he von Camping Reno"},{"@type":"BreadcrumbList","@id":"https:\/\/www.campingreno.it\/de\/campingplatz-am-meer-casal-borsetti-was-man-besuchen-kann\/campingplatz-naehe-von-freizeitparks-adria-italien\/#breadcrumb","itemListElement":[{"@type":"ListItem","position":1,"name":"Home","item":"https:\/\/www.campingreno.it\/de\/"},{"@type":"ListItem","position":2,"name":"Das Gebiet","item":"https:\/\/www.campingreno.it\/de\/campingplatz-am-meer-casal-borsetti-was-man-besuchen-kann\/"},{"@type":"ListItem","position":3,"name":"Freizeitparks"}]},{"@type":"WebSite","@id":"https:\/\/www.campingreno.it\/de\/#website","url":"https:\/\/www.campingreno.it\/de\/","name":"Camping Reno","description":"","publisher":{"@id":"https:\/\/www.campingreno.it\/de\/#organization"},"potentialAction":[{"@type":"SearchAction","target":{"@type":"EntryPoint","urlTemplate":"https:\/\/www.campingreno.it\/de\/?s={search_term_string}"},"query-input":{"@type":"PropertyValueSpecification","valueRequired":true,"valueName":"search_term_string"}}],"inLanguage":"de-DE"},{"@type":"Organization","@id":"https:\/\/www.campingreno.it\/de\/#organization","name":"Camping Reno","url":"https:\/\/www.campingreno.it\/de\/","logo":{"@type":"ImageObject","inLanguage":"de-DE","@id":"https:\/\/www.campingreno.it\/de\/#\/schema\/logo\/image\/","url":"https:\/\/www.campingreno.it\/wp-content\/uploads\/sites\/192\/2024\/12\/logo_reno-no-sfondo-2.png","contentUrl":"https:\/\/www.campingreno.it\/wp-content\/uploads\/sites\/192\/2024\/12\/logo_reno-no-sfondo-2.png","width":567,"height":286,"caption":"Camping Reno"},"image":{"@id":"https:\/\/www.campingreno.it\/de\/#\/schema\/logo\/image\/"},"sameAs":["https:\/\/facebook.com\/tomasitourism","https:\/\/instagram.com\/camping_reno"]}]}},"acf":[],"_links":{"self":[{"href":"https:\/\/www.campingreno.it\/de\/wp-json\/wp\/v2\/pages\/1352","targetHints":{"allow":["GET"]}}],"collection":[{"href":"https:\/\/www.campingreno.it\/de\/wp-json\/wp\/v2\/pages"}],"about":[{"href":"https:\/\/www.campingreno.it\/de\/wp-json\/wp\/v2\/types\/page"}],"author":[{"embeddable":true,"href":"https:\/\/www.campingreno.it\/de\/wp-json\/wp\/v2\/users\/13"}],"replies":[{"embeddable":true,"href":"https:\/\/www.campingreno.it\/de\/wp-json\/wp\/v2\/comments?post=1352"}],"version-history":[{"count":0,"href":"https:\/\/www.campingreno.it\/de\/wp-json\/wp\/v2\/pages\/1352\/revisions"}],"up":[{"embeddable":true,"href":"https:\/\/www.campingreno.it\/de\/wp-json\/wp\/v2\/pages\/1327"}],"wp:featuredmedia":[{"embeddable":true,"href":"https:\/\/www.campingreno.it\/de\/wp-json\/wp\/v2\/media\/660"}],"wp:attachment":[{"href":"https:\/\/www.campingreno.it\/de\/wp-json\/wp\/v2\/media?parent=1352"}],"curies":[{"name":"wp","href":"https:\/\/api.w.org\/{rel}","templated":true}]}}