   {"id":1356,"date":"2025-01-25T12:03:55","date_gmt":"2025-01-25T12:03:55","guid":{"rendered":"https:\/\/www.campingreno.it\/?page_id=1356"},"modified":"2025-12-12T12:57:37","modified_gmt":"2025-12-12T12:57:37","slug":"campingplatz-in-der-naehe-von-italia-in-miniatura","status":"publish","type":"page","link":"https:\/\/www.campingreno.it\/de\/campingplatz-am-meer-casal-borsetti-was-man-besuchen-kann\/campingplatz-naehe-von-freizeitparks-adria-italien\/campingplatz-in-der-naehe-von-italia-in-miniatura\/","title":{"rendered":"Italia in Miniatura"},"content":{"rendered":"<p data-sourcepos=\"3:1-3:187\">Verbringen Sie einen Tag in Italia in Miniatura, wenn Sie im Camping Reno \u00fcbernachten, einem <strong>Campingplatz in der N\u00e4he von Italia in Miniatura<\/strong> mit Bungalows, Mobilheimen und Stellpl\u00e4tzen<\/p>\n<p>&nbsp;<\/p>\n<p data-sourcepos=\"5:1-5:154\"><strong><a href=\"https:\/\/www.italiainminiatura.com\/en\">Italia in Miniatura<\/a><\/strong> bietet eine Vielzahl von Attraktionen, die Kultur, Spa\u00df und Spiele f\u00fcr alle Altersgruppen verbinden. Hier sind einige der wichtigsten:<\/p>\n<ul data-sourcepos=\"7:1-17:0\">\n<li data-sourcepos=\"7:1-7:280\"><strong>Die Miniaturen italienischer Monumente<\/strong> \u2013 Der Park ist ber\u00fchmt f\u00fcr seine ma\u00dfstabsgetreuen Nachbildungen von \u00fcber 270 Monumenten und ikonischen Orten Italiens, darunter das Kolosseum, der Schiefe Turm von Pisa, der Mail\u00e4nder Dom, der Canal Grande von Venedig und viele andere.<\/li>\n<\/ul>\n<p>&nbsp;<\/p>\n<ul data-sourcepos=\"7:1-17:0\">\n<li data-sourcepos=\"8:1-8:192\"><strong>Italia in Miniatura Express<\/strong> \u2013 Ein kleiner Zug, der die Besucher auf eine Panoramatour durch den Park mitnimmt, an den wichtigsten Miniaturen vorbeif\u00e4hrt und einen Gesamt\u00fcberblick bietet.<\/li>\n<\/ul>\n<p>&nbsp;<\/p>\n<ul data-sourcepos=\"7:1-17:0\">\n<li data-sourcepos=\"9:1-9:181\"><strong>Venedig in Miniatur<\/strong> \u2013 Eine ma\u00dfstabsgetreue Nachbildung der ber\u00fchmten Stadt mit dem Canal Grande, Gondeln und Br\u00fccken, wo Sie spazieren gehen und jedes Detail entdecken k\u00f6nnen.<\/li>\n<\/ul>\n<p>&nbsp;<\/p>\n<ul data-sourcepos=\"7:1-17:0\">\n<li data-sourcepos=\"10:1-10:201\"><strong>Interaktive Attraktionen<\/strong> \u2013 Der Park bietet verschiedene Themenattraktionen, in denen die Besucher interagieren k\u00f6nnen, wie den &#8222;Flugsimulator&#8220;, der Ihnen ein Flugerlebnis \u00fcber Italien erm\u00f6glicht.<\/li>\n<\/ul>\n<p>&nbsp;<\/p>\n<ul data-sourcepos=\"7:1-17:0\">\n<li data-sourcepos=\"11:1-11:198\"><strong>Die T\u00fcrme von Italien<\/strong> \u2013 Eine Reihe von T\u00fcrmen, die die wichtigsten italienischen Glockent\u00fcrme und T\u00fcrme nachbilden, wie den Schiefen Turm von Pisa, der einen Panoramablick auf den Park bietet.<\/li>\n<\/ul>\n<p>&nbsp;<\/p>\n<ul data-sourcepos=\"7:1-17:0\">\n<li data-sourcepos=\"12:1-12:142\"><strong>Das Haus von Pinocchio<\/strong> \u2013 Ein Bereich, der vom ber\u00fchmten M\u00e4rchen inspiriert ist, mit thematischen Spielen und Rutschen f\u00fcr die Kleinsten.<\/li>\n<\/ul>\n<p>&nbsp;<\/p>\n<ul data-sourcepos=\"7:1-17:0\">\n<li data-sourcepos=\"13:1-13:106\"><strong>Der Kinderspielbereich<\/strong> \u2013 Ein Bereich mit Spielen im Freien und Attraktionen f\u00fcr die j\u00fcngsten Kinder.<\/li>\n<\/ul>\n<p>&nbsp;<\/p>\n<ul data-sourcepos=\"7:1-17:0\">\n<li data-sourcepos=\"14:1-14:162\"><strong>Die tibetische Br\u00fccke<\/strong> \u2013 Eine Attraktion, bei der Sie auf einer H\u00e4ngebr\u00fccke \u00fcber einem Bereich des Parks laufen und so ein Abenteuererlebnis schaffen k\u00f6nnen.<\/li>\n<\/ul>\n<p>&nbsp;<\/p>\n<ul data-sourcepos=\"7:1-17:0\">\n<li data-sourcepos=\"15:1-15:144\"><strong>Der Tierbauernhof<\/strong> \u2013 Ein Bereich, in dem Kinder typische Tiere der italienischen Landschaft sehen k\u00f6nnen, wie Ziegen, Kaninchen und H\u00fchner.<\/li>\n<\/ul>\n<p>&nbsp;<\/p>\n<ul data-sourcepos=\"7:1-17:0\">\n<li data-sourcepos=\"16:1-17:0\"><strong>Flugsimulator<\/strong> \u2013 Ein fesselndes Erlebnis, das es erm\u00f6glicht, \u00fcber Italien zu &#8222;fliegen&#8220; und die Wunder des Landes von oben zu bewundern.<\/li>\n<\/ul>\n<p>&nbsp;<\/p>\n<p data-sourcepos=\"18:1-18:111\">Italia in Miniatura ist eine perfekte Kombination aus Kunst, Kultur und Spa\u00df, ideal f\u00fcr einen Familienausflug!<\/p>\n<p data-sourcepos=\"31:1-31:80\">Der Campingplatz Reno,<strong> Kleiner Campingplatz in der N\u00e4he von Italia in miniatura<\/strong>,\u00a0 verf\u00fcgt \u00fcber <a href=\"https:\/\/www.campingreno.it\/de\/campingplatz-ravenna-italien-unterkuenfte\/\"><strong>Unterk\u00fcnfte<\/strong><\/a> und <a href=\"https:\/\/www.campingreno.it\/de\/camping-mit-stellplaetzen-ravenna-italien\/\"><strong>Stellpl\u00e4tze<\/strong><\/a> f\u00fcr Ihren Urlaub am Meer in Casal Borsetti, Ravenna.<\/p>\n<p data-sourcepos=\"31:1-31:80\"><a href=\"https:\/\/www.scidoo.com\/preventivov2\/?cod=1209&amp;dataarr=2025-4-5&amp;notti=7&amp;adult=1&amp;children=&amp;IDsotto_struttura=0&amp;lang=4\"><strong>Verf\u00fcgbarkeit pr\u00fcfen und jetzt buchen<\/strong><\/a><\/p>\n","protected":false},"excerpt":{"rendered":"<p>Verbringen Sie einen Tag in Italia in Miniatura, wenn Sie im Camping Reno \u00fcbernachten, einem Campingplatz in der N\u00e4he von Italia in Miniatura mit Bungalows, Mobilheimen und Stellpl\u00e4tzen &nbsp; Italia in Miniatura bietet eine Vielzahl von Attraktionen, die Kultur, Spa\u00df und Spiele f\u00fcr alle Altersgruppen verbinden. Hier sind einige der wichtigsten: Die Miniaturen italienischer Monumente [&hellip;]<\/p>\n","protected":false},"author":212,"featured_media":670,"parent":1352,"menu_order":300,"comment_status":"closed","ping_status":"closed","template":"","meta":{"footnotes":""},"yoast_head":"<!-- This site is optimized with the Yoast SEO plugin v22.3 - https:\/\/yoast.com\/wordpress\/plugins\/seo\/ -->\n<title>Campingplatz in der N\u00e4he von Italia in miniatura | Camping Reno<\/title>\n<meta name=\"description\" content=\"Wenn Sie einen Campingplatz in der N\u00e4he von Italia in Miniatura suchen, gibt es den Camping Reno in Emilia Romagna, direkt am Meer.\" \/>\n<meta name=\"robots\" content=\"index, follow, max-snippet:-1, max-image-preview:large, max-video-preview:-1\" \/>\n<link rel=\"canonical\" href=\"https:\/\/www.campingreno.it\/de\/campingplatz-am-meer-casal-borsetti-was-man-besuchen-kann\/campingplatz-naehe-von-freizeitparks-adria-italien\/campingplatz-in-der-naehe-von-italia-in-miniatura\/\" \/>\n<meta property=\"og:locale\" content=\"de_DE\" \/>\n<meta property=\"og:type\" content=\"article\" \/>\n<meta property=\"og:title\" content=\"Campingplatz in der N\u00e4he von Italia in miniatura | Camping Reno\" \/>\n<meta property=\"og:description\" content=\"Wenn Sie einen Campingplatz in der N\u00e4he von Italia in Miniatura suchen, gibt es den Camping Reno in Emilia Romagna, direkt am Meer.\" \/>\n<meta property=\"og:url\" content=\"https:\/\/www.campingreno.it\/de\/campingplatz-am-meer-casal-borsetti-was-man-besuchen-kann\/campingplatz-naehe-von-freizeitparks-adria-italien\/campingplatz-in-der-naehe-von-italia-in-miniatura\/\" \/>\n<meta property=\"og:site_name\" content=\"Camping Reno\" \/>\n<meta property=\"article:publisher\" content=\"https:\/\/facebook.com\/tomasitourism\" \/>\n<meta property=\"article:modified_time\" content=\"2025-12-12T12:57:37+00:00\" \/>\n<meta property=\"og:image\" content=\"https:\/\/www.campingreno.it\/wp-content\/uploads\/sites\/192\/2025\/01\/italia_in_miniatura_sanpietro_rimini4_campingreno.jpg\" \/>\n\t<meta property=\"og:image:width\" content=\"700\" \/>\n\t<meta property=\"og:image:height\" content=\"352\" \/>\n\t<meta property=\"og:image:type\" content=\"image\/jpeg\" \/>\n<meta name=\"twitter:card\" content=\"summary_large_image\" \/>\n<meta name=\"twitter:label1\" content=\"Gesch\u00e4tzte Lesezeit\" \/>\n\t<meta name=\"twitter:data1\" content=\"2 Minuten\" \/>\n<script type=\"application\/ld+json\" class=\"yoast-schema-graph\">{\"@context\":\"https:\/\/schema.org\",\"@graph\":[{\"@type\":\"WebPage\",\"@id\":\"https:\/\/www.campingreno.it\/de\/campingplatz-am-meer-casal-borsetti-was-man-besuchen-kann\/campingplatz-naehe-von-freizeitparks-adria-italien\/campingplatz-in-der-naehe-von-italia-in-miniatura\/\",\"url\":\"https:\/\/www.campingreno.it\/de\/campingplatz-am-meer-casal-borsetti-was-man-besuchen-kann\/campingplatz-naehe-von-freizeitparks-adria-italien\/campingplatz-in-der-naehe-von-italia-in-miniatura\/\",\"name\":\"Campingplatz in der N\u00e4he von Italia in miniatura | Camping Reno\",\"isPartOf\":{\"@id\":\"https:\/\/www.campingreno.it\/de\/#website\"},\"primaryImageOfPage\":{\"@id\":\"https:\/\/www.campingreno.it\/de\/campingplatz-am-meer-casal-borsetti-was-man-besuchen-kann\/campingplatz-naehe-von-freizeitparks-adria-italien\/campingplatz-in-der-naehe-von-italia-in-miniatura\/#primaryimage\"},\"image\":{\"@id\":\"https:\/\/www.campingreno.it\/de\/campingplatz-am-meer-casal-borsetti-was-man-besuchen-kann\/campingplatz-naehe-von-freizeitparks-adria-italien\/campingplatz-in-der-naehe-von-italia-in-miniatura\/#primaryimage\"},\"thumbnailUrl\":\"https:\/\/www.campingreno.it\/wp-content\/uploads\/sites\/192\/2025\/01\/italia_in_miniatura_sanpietro_rimini4_campingreno.jpg\",\"datePublished\":\"2025-01-25T12:03:55+00:00\",\"dateModified\":\"2025-12-12T12:57:37+00:00\",\"description\":\"Wenn Sie einen Campingplatz in der N\u00e4he von Italia in Miniatura suchen, gibt es den Camping Reno in Emilia Romagna, direkt am Meer.\",\"breadcrumb\":{\"@id\":\"https:\/\/www.campingreno.it\/de\/campingplatz-am-meer-casal-borsetti-was-man-besuchen-kann\/campingplatz-naehe-von-freizeitparks-adria-italien\/campingplatz-in-der-naehe-von-italia-in-miniatura\/#breadcrumb\"},\"inLanguage\":\"de-DE\",\"potentialAction\":[{\"@type\":\"ReadAction\",\"target\":[\"https:\/\/www.campingreno.it\/de\/campingplatz-am-meer-casal-borsetti-was-man-besuchen-kann\/campingplatz-naehe-von-freizeitparks-adria-italien\/campingplatz-in-der-naehe-von-italia-in-miniatura\/\"]}]},{\"@type\":\"ImageObject\",\"inLanguage\":\"de-DE\",\"@id\":\"https:\/\/www.campingreno.it\/de\/campingplatz-am-meer-casal-borsetti-was-man-besuchen-kann\/campingplatz-naehe-von-freizeitparks-adria-italien\/campingplatz-in-der-naehe-von-italia-in-miniatura\/#primaryimage\",\"url\":\"https:\/\/www.campingreno.it\/wp-content\/uploads\/sites\/192\/2025\/01\/italia_in_miniatura_sanpietro_rimini4_campingreno.jpg\",\"contentUrl\":\"https:\/\/www.campingreno.it\/wp-content\/uploads\/sites\/192\/2025\/01\/italia_in_miniatura_sanpietro_rimini4_campingreno.jpg\",\"width\":700,\"height\":352,\"caption\":\"Campingplatz in der N\u00e4he von Italia in miniatura | Camping Reno\"},{\"@type\":\"BreadcrumbList\",\"@id\":\"https:\/\/www.campingreno.it\/de\/campingplatz-am-meer-casal-borsetti-was-man-besuchen-kann\/campingplatz-naehe-von-freizeitparks-adria-italien\/campingplatz-in-der-naehe-von-italia-in-miniatura\/#breadcrumb\",\"itemListElement\":[{\"@type\":\"ListItem\",\"position\":1,\"name\":\"Home\",\"item\":\"https:\/\/www.campingreno.it\/de\/\"},{\"@type\":\"ListItem\",\"position\":2,\"name\":\"Das Gebiet\",\"item\":\"https:\/\/www.campingreno.it\/de\/campingplatz-am-meer-casal-borsetti-was-man-besuchen-kann\/\"},{\"@type\":\"ListItem\",\"position\":3,\"name\":\"Freizeitparks\",\"item\":\"https:\/\/www.campingreno.it\/de\/campingplatz-am-meer-casal-borsetti-was-man-besuchen-kann\/campingplatz-naehe-von-freizeitparks-adria-italien\/\"},{\"@type\":\"ListItem\",\"position\":4,\"name\":\"Italia in Miniatura\"}]},{\"@type\":\"WebSite\",\"@id\":\"https:\/\/www.campingreno.it\/de\/#website\",\"url\":\"https:\/\/www.campingreno.it\/de\/\",\"name\":\"Camping Reno\",\"description\":\"\",\"publisher\":{\"@id\":\"https:\/\/www.campingreno.it\/de\/#organization\"},\"potentialAction\":[{\"@type\":\"SearchAction\",\"target\":{\"@type\":\"EntryPoint\",\"urlTemplate\":\"https:\/\/www.campingreno.it\/de\/?s={search_term_string}\"},\"query-input\":\"required name=search_term_string\"}],\"inLanguage\":\"de-DE\"},{\"@type\":\"Organization\",\"@id\":\"https:\/\/www.campingreno.it\/de\/#organization\",\"name\":\"Camping Reno\",\"url\":\"https:\/\/www.campingreno.it\/de\/\",\"logo\":{\"@type\":\"ImageObject\",\"inLanguage\":\"de-DE\",\"@id\":\"https:\/\/www.campingreno.it\/de\/#\/schema\/logo\/image\/\",\"url\":\"https:\/\/www.campingreno.it\/wp-content\/uploads\/sites\/192\/2024\/12\/logo_reno-no-sfondo-2.png\",\"contentUrl\":\"https:\/\/www.campingreno.it\/wp-content\/uploads\/sites\/192\/2024\/12\/logo_reno-no-sfondo-2.png\",\"width\":567,\"height\":286,\"caption\":\"Camping Reno\"},\"image\":{\"@id\":\"https:\/\/www.campingreno.it\/de\/#\/schema\/logo\/image\/\"},\"sameAs\":[\"https:\/\/facebook.com\/tomasitourism\",\"https:\/\/instagram.com\/camping_reno\"]}]}<\/script>\n<!-- \/ Yoast SEO plugin. -->","yoast_head_json":{"title":"Campingplatz in der N\u00e4he von Italia in miniatura | Camping Reno","description":"Wenn Sie einen Campingplatz in der N\u00e4he von Italia in Miniatura suchen, gibt es den Camping Reno in Emilia Romagna, direkt am Meer.","robots":{"index":"index","follow":"follow","max-snippet":"max-snippet:-1","max-image-preview":"max-image-preview:large","max-video-preview":"max-video-preview:-1"},"canonical":"https:\/\/www.campingreno.it\/de\/campingplatz-am-meer-casal-borsetti-was-man-besuchen-kann\/campingplatz-naehe-von-freizeitparks-adria-italien\/campingplatz-in-der-naehe-von-italia-in-miniatura\/","og_locale":"de_DE","og_type":"article","og_title":"Campingplatz in der N\u00e4he von Italia in miniatura | Camping Reno","og_description":"Wenn Sie einen Campingplatz in der N\u00e4he von Italia in Miniatura suchen, gibt es den Camping Reno in Emilia Romagna, direkt am Meer.","og_url":"https:\/\/www.campingreno.it\/de\/campingplatz-am-meer-casal-borsetti-was-man-besuchen-kann\/campingplatz-naehe-von-freizeitparks-adria-italien\/campingplatz-in-der-naehe-von-italia-in-miniatura\/","og_site_name":"Camping Reno","article_publisher":"https:\/\/facebook.com\/tomasitourism","article_modified_time":"2025-12-12T12:57:37+00:00","og_image":[{"width":700,"height":352,"url":"https:\/\/www.campingreno.it\/wp-content\/uploads\/sites\/192\/2025\/01\/italia_in_miniatura_sanpietro_rimini4_campingreno.jpg","type":"image\/jpeg"}],"twitter_card":"summary_large_image","twitter_misc":{"Gesch\u00e4tzte Lesezeit":"2 Minuten"},"schema":{"@context":"https:\/\/schema.org","@graph":[{"@type":"WebPage","@id":"https:\/\/www.campingreno.it\/de\/campingplatz-am-meer-casal-borsetti-was-man-besuchen-kann\/campingplatz-naehe-von-freizeitparks-adria-italien\/campingplatz-in-der-naehe-von-italia-in-miniatura\/","url":"https:\/\/www.campingreno.it\/de\/campingplatz-am-meer-casal-borsetti-was-man-besuchen-kann\/campingplatz-naehe-von-freizeitparks-adria-italien\/campingplatz-in-der-naehe-von-italia-in-miniatura\/","name":"Campingplatz in der N\u00e4he von Italia in miniatura | Camping Reno","isPartOf":{"@id":"https:\/\/www.campingreno.it\/de\/#website"},"primaryImageOfPage":{"@id":"https:\/\/www.campingreno.it\/de\/campingplatz-am-meer-casal-borsetti-was-man-besuchen-kann\/campingplatz-naehe-von-freizeitparks-adria-italien\/campingplatz-in-der-naehe-von-italia-in-miniatura\/#primaryimage"},"image":{"@id":"https:\/\/www.campingreno.it\/de\/campingplatz-am-meer-casal-borsetti-was-man-besuchen-kann\/campingplatz-naehe-von-freizeitparks-adria-italien\/campingplatz-in-der-naehe-von-italia-in-miniatura\/#primaryimage"},"thumbnailUrl":"https:\/\/www.campingreno.it\/wp-content\/uploads\/sites\/192\/2025\/01\/italia_in_miniatura_sanpietro_rimini4_campingreno.jpg","datePublished":"2025-01-25T12:03:55+00:00","dateModified":"2025-12-12T12:57:37+00:00","description":"Wenn Sie einen Campingplatz in der N\u00e4he von Italia in Miniatura suchen, gibt es den Camping Reno in Emilia Romagna, direkt am Meer.","breadcrumb":{"@id":"https:\/\/www.campingreno.it\/de\/campingplatz-am-meer-casal-borsetti-was-man-besuchen-kann\/campingplatz-naehe-von-freizeitparks-adria-italien\/campingplatz-in-der-naehe-von-italia-in-miniatura\/#breadcrumb"},"inLanguage":"de-DE","potentialAction":[{"@type":"ReadAction","target":["https:\/\/www.campingreno.it\/de\/campingplatz-am-meer-casal-borsetti-was-man-besuchen-kann\/campingplatz-naehe-von-freizeitparks-adria-italien\/campingplatz-in-der-naehe-von-italia-in-miniatura\/"]}]},{"@type":"ImageObject","inLanguage":"de-DE","@id":"https:\/\/www.campingreno.it\/de\/campingplatz-am-meer-casal-borsetti-was-man-besuchen-kann\/campingplatz-naehe-von-freizeitparks-adria-italien\/campingplatz-in-der-naehe-von-italia-in-miniatura\/#primaryimage","url":"https:\/\/www.campingreno.it\/wp-content\/uploads\/sites\/192\/2025\/01\/italia_in_miniatura_sanpietro_rimini4_campingreno.jpg","contentUrl":"https:\/\/www.campingreno.it\/wp-content\/uploads\/sites\/192\/2025\/01\/italia_in_miniatura_sanpietro_rimini4_campingreno.jpg","width":700,"height":352,"caption":"Campingplatz in der N\u00e4he von Italia in miniatura | Camping Reno"},{"@type":"BreadcrumbList","@id":"https:\/\/www.campingreno.it\/de\/campingplatz-am-meer-casal-borsetti-was-man-besuchen-kann\/campingplatz-naehe-von-freizeitparks-adria-italien\/campingplatz-in-der-naehe-von-italia-in-miniatura\/#breadcrumb","itemListElement":[{"@type":"ListItem","position":1,"name":"Home","item":"https:\/\/www.campingreno.it\/de\/"},{"@type":"ListItem","position":2,"name":"Das Gebiet","item":"https:\/\/www.campingreno.it\/de\/campingplatz-am-meer-casal-borsetti-was-man-besuchen-kann\/"},{"@type":"ListItem","position":3,"name":"Freizeitparks","item":"https:\/\/www.campingreno.it\/de\/campingplatz-am-meer-casal-borsetti-was-man-besuchen-kann\/campingplatz-naehe-von-freizeitparks-adria-italien\/"},{"@type":"ListItem","position":4,"name":"Italia in Miniatura"}]},{"@type":"WebSite","@id":"https:\/\/www.campingreno.it\/de\/#website","url":"https:\/\/www.campingreno.it\/de\/","name":"Camping Reno","description":"","publisher":{"@id":"https:\/\/www.campingreno.it\/de\/#organization"},"potentialAction":[{"@type":"SearchAction","target":{"@type":"EntryPoint","urlTemplate":"https:\/\/www.campingreno.it\/de\/?s={search_term_string}"},"query-input":"required name=search_term_string"}],"inLanguage":"de-DE"},{"@type":"Organization","@id":"https:\/\/www.campingreno.it\/de\/#organization","name":"Camping Reno","url":"https:\/\/www.campingreno.it\/de\/","logo":{"@type":"ImageObject","inLanguage":"de-DE","@id":"https:\/\/www.campingreno.it\/de\/#\/schema\/logo\/image\/","url":"https:\/\/www.campingreno.it\/wp-content\/uploads\/sites\/192\/2024\/12\/logo_reno-no-sfondo-2.png","contentUrl":"https:\/\/www.campingreno.it\/wp-content\/uploads\/sites\/192\/2024\/12\/logo_reno-no-sfondo-2.png","width":567,"height":286,"caption":"Camping Reno"},"image":{"@id":"https:\/\/www.campingreno.it\/de\/#\/schema\/logo\/image\/"},"sameAs":["https:\/\/facebook.com\/tomasitourism","https:\/\/instagram.com\/camping_reno"]}]}},"acf":[],"_links":{"self":[{"href":"https:\/\/www.campingreno.it\/de\/wp-json\/wp\/v2\/pages\/1356"}],"collection":[{"href":"https:\/\/www.campingreno.it\/de\/wp-json\/wp\/v2\/pages"}],"about":[{"href":"https:\/\/www.campingreno.it\/de\/wp-json\/wp\/v2\/types\/page"}],"author":[{"embeddable":true,"href":"https:\/\/www.campingreno.it\/de\/wp-json\/wp\/v2\/users\/212"}],"replies":[{"embeddable":true,"href":"https:\/\/www.campingreno.it\/de\/wp-json\/wp\/v2\/comments?post=1356"}],"version-history":[{"count":0,"href":"https:\/\/www.campingreno.it\/de\/wp-json\/wp\/v2\/pages\/1356\/revisions"}],"up":[{"embeddable":true,"href":"https:\/\/www.campingreno.it\/de\/wp-json\/wp\/v2\/pages\/1352"}],"wp:featuredmedia":[{"embeddable":true,"href":"https:\/\/www.campingreno.it\/de\/wp-json\/wp\/v2\/media\/670"}],"wp:attachment":[{"href":"https:\/\/www.campingreno.it\/de\/wp-json\/wp\/v2\/media?parent=1356"}],"curies":[{"name":"wp","href":"https:\/\/api.w.org\/{rel}","templated":true}]}}