   {"id":1358,"date":"2025-01-25T10:12:59","date_gmt":"2025-01-25T10:12:59","guid":{"rendered":"https:\/\/www.campingreno.it\/?page_id=1358"},"modified":"2025-03-14T10:59:48","modified_gmt":"2025-03-14T10:59:48","slug":"campingplatz-in-der-naehe-von-mirabilandia","status":"publish","type":"page","link":"https:\/\/www.campingreno.it\/de\/campingplatz-am-meer-casal-borsetti-was-man-besuchen-kann\/campingplatz-naehe-von-freizeitparks-adria-italien\/campingplatz-in-der-naehe-von-mirabilandia\/","title":{"rendered":"Mirabilandia"},"content":{"rendered":"<p data-sourcepos=\"3:1-3:173\">Verbringen Sie einen Tag in Mirabilandia, wenn Sie im Camping Reno \u00fcbernachten, einem <strong>Campingplatz in der N\u00e4he von Mirabilandia<\/strong> mit Bungalows, Mobilheimen und Stellpl\u00e4tzen<\/p>\n<p>&nbsp;<\/p>\n<p>&nbsp;<\/p>\n<p data-sourcepos=\"5:1-5:110\"><strong><a href=\"https:\/\/www.mirabilandia.it\/en\">Mirabilandia<\/a><\/strong> bietet eine breite Palette an Attraktionen f\u00fcr jeden Geschmack! Hier sind einige der wichtigsten:<\/p>\n<ul data-sourcepos=\"7:1-17:0\">\n<li data-sourcepos=\"7:1-7:138\"><strong>Diabolik Invertigo<\/strong> \u2013 Eine umgekehrte Achterbahn, die Ihnen ein reines Adrenalinerlebnis bietet und Sie mehrfach auf den Kopf stellt.<\/li>\n<\/ul>\n<p>&nbsp;<\/p>\n<p>&nbsp;<\/p>\n<ul data-sourcepos=\"7:1-17:0\">\n<li data-sourcepos=\"8:1-8:117\"><strong>Katun<\/strong> \u2013 Eine ikonische Hochgeschwindigkeits-Achterbahn, die Sie durch Loopings und atemberaubende Kurven f\u00fchrt.<\/li>\n<\/ul>\n<p>&nbsp;<\/p>\n<p>&nbsp;<\/p>\n<ul data-sourcepos=\"7:1-17:0\">\n<li data-sourcepos=\"9:1-9:139\"><strong>iSpeed<\/strong> \u2013 Eine der schnellsten Achterbahnen Europas, die Sie in wenigen Sekunden auf eine beeindruckende Geschwindigkeit beschleunigt.<\/li>\n<\/ul>\n<p>&nbsp;<\/p>\n<p>&nbsp;<\/p>\n<ul data-sourcepos=\"7:1-17:0\">\n<li data-sourcepos=\"10:1-10:127\"><strong>Mirabilandia Beach<\/strong> \u2013 Ein gro\u00dfer Wasserbereich mit Pools, Rutschen und Wasserspielen, ideal zur Abk\u00fchlung an hei\u00dfen Tagen.<\/li>\n<\/ul>\n<p>&nbsp;<\/p>\n<p>&nbsp;<\/p>\n<ul data-sourcepos=\"7:1-17:0\">\n<li data-sourcepos=\"11:1-11:128\"><strong>Divertical<\/strong> \u2013 Eine Wasserattraktion, die Sie mit hoher Geschwindigkeit in einen gro\u00dfen abschlie\u00dfenden Splash st\u00fcrzen l\u00e4sst.<\/li>\n<\/ul>\n<p>&nbsp;<\/p>\n<p>&nbsp;<\/p>\n<ul data-sourcepos=\"7:1-17:0\">\n<li data-sourcepos=\"12:1-12:124\"><strong>Ramses: Die Auferstehung<\/strong> \u2013 Eine Reise ins alte \u00c4gypten mit Spezialeffekten, Licht und Ton f\u00fcr ein gruseliges Erlebnis.<\/li>\n<\/ul>\n<p>&nbsp;<\/p>\n<p>&nbsp;<\/p>\n<ul data-sourcepos=\"7:1-17:0\">\n<li data-sourcepos=\"13:1-13:125\"><strong>Discovery<\/strong> \u2013 Ein Aussichtsturm, von dem aus Sie einen spektakul\u00e4ren Blick auf den Park und die Umgebung genie\u00dfen k\u00f6nnen.<\/li>\n<\/ul>\n<p>&nbsp;<\/p>\n<p>&nbsp;<\/p>\n<ul data-sourcepos=\"7:1-17:0\">\n<li data-sourcepos=\"14:1-14:128\"><strong>Cavallino Matto<\/strong> \u2013 Ein Bereich f\u00fcr die Kleinsten mit Fahrgesch\u00e4ften und Attraktionen, die speziell f\u00fcr sie konzipiert sind.<\/li>\n<\/ul>\n<p>&nbsp;<\/p>\n<p>&nbsp;<\/p>\n<ul data-sourcepos=\"7:1-17:0\">\n<li data-sourcepos=\"15:1-15:100\"><strong>Bimbopoli<\/strong> \u2013 Ein weiterer Bereich f\u00fcr Kinder mit ruhigen Attraktionen und interaktiven Spielen.<\/li>\n<\/ul>\n<p>&nbsp;<\/p>\n<p>&nbsp;<\/p>\n<ul data-sourcepos=\"7:1-17:0\">\n<li data-sourcepos=\"16:1-17:0\"><strong>Spaceland<\/strong> \u2013 Eine futuristische Reise durch die Sterne mit Spezialeffekten und einem fesselnden Weltraumthema.<\/li>\n<\/ul>\n<p>&nbsp;<\/p>\n<p>&nbsp;<\/p>\n<p data-sourcepos=\"18:1-18:242\">Dies sind nur einige der vielen <strong>Attraktionen<\/strong>, die <strong>Mirabilandia biete<\/strong>t. Es gibt wirklich viel zu tun und zu entdecken, sowohl f\u00fcr diejenigen, die Nervenkitzel suchen, als auch f\u00fcr diejenigen, die Momente purer Familienunterhaltung bevorzugen!&#8220;<\/p>\n<p data-sourcepos=\"31:1-31:80\">Der Campingplatz Reno,<strong> Kleiner Campingplatz in der N\u00e4he von Mirabilandia<\/strong>,\u00a0 verf\u00fcgt \u00fcber <a href=\"https:\/\/www.campingreno.it\/de\/campingplatz-ravenna-italien-unterkuenfte\/\"><strong>Unterk\u00fcnfte<\/strong><\/a> und <a href=\"https:\/\/www.campingreno.it\/de\/camping-mit-stellplaetzen-ravenna-italien\/\"><strong>Stellpl\u00e4tze<\/strong><\/a> f\u00fcr Ihren Urlaub am Meer in Casal Borsetti, Ravenna.<\/p>\n<p data-sourcepos=\"31:1-31:80\"><a href=\"https:\/\/www.scidoo.com\/preventivov2\/?cod=1209&amp;dataarr=2025-4-5&amp;notti=7&amp;adult=1&amp;children=&amp;IDsotto_struttura=0&amp;lang=4\"><strong>Verf\u00fcgbarkeit pr\u00fcfen und jetzt buchen<\/strong><\/a><\/p>\n","protected":false},"excerpt":{"rendered":"<p>Verbringen Sie einen Tag in Mirabilandia, wenn Sie im Camping Reno \u00fcbernachten, einem Campingplatz in der N\u00e4he von Mirabilandia mit Bungalows, Mobilheimen und Stellpl\u00e4tzen &nbsp; &nbsp; Mirabilandia bietet eine breite Palette an Attraktionen f\u00fcr jeden Geschmack! Hier sind einige der wichtigsten: Diabolik Invertigo \u2013 Eine umgekehrte Achterbahn, die Ihnen ein reines Adrenalinerlebnis bietet und Sie [&hellip;]<\/p>\n","protected":false},"author":212,"featured_media":612,"parent":1352,"menu_order":300,"comment_status":"closed","ping_status":"closed","template":"","meta":{"footnotes":""},"yoast_head":"<!-- This site is optimized with the Yoast SEO plugin v22.3 - https:\/\/yoast.com\/wordpress\/plugins\/seo\/ -->\n<title>Campingplatz in der N\u00e4he von Mirabilandia | Camping Reno<\/title>\n<meta name=\"description\" content=\"Wenn Sie einen Campingplatz in der N\u00e4he von Mirabilandia suchen, gibt es den Camping Reno, direkt am Meer. Fordern Sie ein Angebot an!\" \/>\n<meta name=\"robots\" content=\"index, follow, max-snippet:-1, max-image-preview:large, max-video-preview:-1\" \/>\n<link rel=\"canonical\" href=\"https:\/\/www.campingreno.it\/de\/campingplatz-am-meer-casal-borsetti-was-man-besuchen-kann\/campingplatz-naehe-von-freizeitparks-adria-italien\/campingplatz-in-der-naehe-von-mirabilandia\/\" \/>\n<meta property=\"og:locale\" content=\"de_DE\" \/>\n<meta property=\"og:type\" content=\"article\" \/>\n<meta property=\"og:title\" content=\"Campingplatz in der N\u00e4he von Mirabilandia | Camping Reno\" \/>\n<meta property=\"og:description\" content=\"Wenn Sie einen Campingplatz in der N\u00e4he von Mirabilandia suchen, gibt es den Camping Reno, direkt am Meer. Fordern Sie ein Angebot an!\" \/>\n<meta property=\"og:url\" content=\"https:\/\/www.campingreno.it\/de\/campingplatz-am-meer-casal-borsetti-was-man-besuchen-kann\/campingplatz-naehe-von-freizeitparks-adria-italien\/campingplatz-in-der-naehe-von-mirabilandia\/\" \/>\n<meta property=\"og:site_name\" content=\"Camping Reno\" \/>\n<meta property=\"article:publisher\" content=\"https:\/\/facebook.com\/tomasitourism\" \/>\n<meta property=\"article:modified_time\" content=\"2025-03-14T10:59:48+00:00\" \/>\n<meta property=\"og:image\" content=\"https:\/\/www.campingreno.it\/wp-content\/uploads\/sites\/192\/2025\/01\/mirabilandia_kathun_campingreno.jpg\" \/>\n\t<meta property=\"og:image:width\" content=\"1280\" \/>\n\t<meta property=\"og:image:height\" content=\"720\" \/>\n\t<meta property=\"og:image:type\" content=\"image\/jpeg\" \/>\n<meta name=\"twitter:card\" content=\"summary_large_image\" \/>\n<meta name=\"twitter:label1\" content=\"Gesch\u00e4tzte Lesezeit\" \/>\n\t<meta name=\"twitter:data1\" content=\"2 Minuten\" \/>\n<script type=\"application\/ld+json\" class=\"yoast-schema-graph\">{\"@context\":\"https:\/\/schema.org\",\"@graph\":[{\"@type\":\"WebPage\",\"@id\":\"https:\/\/www.campingreno.it\/de\/campingplatz-am-meer-casal-borsetti-was-man-besuchen-kann\/campingplatz-naehe-von-freizeitparks-adria-italien\/campingplatz-in-der-naehe-von-mirabilandia\/\",\"url\":\"https:\/\/www.campingreno.it\/de\/campingplatz-am-meer-casal-borsetti-was-man-besuchen-kann\/campingplatz-naehe-von-freizeitparks-adria-italien\/campingplatz-in-der-naehe-von-mirabilandia\/\",\"name\":\"Campingplatz in der N\u00e4he von Mirabilandia | Camping Reno\",\"isPartOf\":{\"@id\":\"https:\/\/www.campingreno.it\/de\/#website\"},\"primaryImageOfPage\":{\"@id\":\"https:\/\/www.campingreno.it\/de\/campingplatz-am-meer-casal-borsetti-was-man-besuchen-kann\/campingplatz-naehe-von-freizeitparks-adria-italien\/campingplatz-in-der-naehe-von-mirabilandia\/#primaryimage\"},\"image\":{\"@id\":\"https:\/\/www.campingreno.it\/de\/campingplatz-am-meer-casal-borsetti-was-man-besuchen-kann\/campingplatz-naehe-von-freizeitparks-adria-italien\/campingplatz-in-der-naehe-von-mirabilandia\/#primaryimage\"},\"thumbnailUrl\":\"https:\/\/www.campingreno.it\/wp-content\/uploads\/sites\/192\/2025\/01\/mirabilandia_kathun_campingreno.jpg\",\"datePublished\":\"2025-01-25T10:12:59+00:00\",\"dateModified\":\"2025-03-14T10:59:48+00:00\",\"description\":\"Wenn Sie einen Campingplatz in der N\u00e4he von Mirabilandia suchen, gibt es den Camping Reno, direkt am Meer. Fordern Sie ein Angebot an!\",\"breadcrumb\":{\"@id\":\"https:\/\/www.campingreno.it\/de\/campingplatz-am-meer-casal-borsetti-was-man-besuchen-kann\/campingplatz-naehe-von-freizeitparks-adria-italien\/campingplatz-in-der-naehe-von-mirabilandia\/#breadcrumb\"},\"inLanguage\":\"de-DE\",\"potentialAction\":[{\"@type\":\"ReadAction\",\"target\":[\"https:\/\/www.campingreno.it\/de\/campingplatz-am-meer-casal-borsetti-was-man-besuchen-kann\/campingplatz-naehe-von-freizeitparks-adria-italien\/campingplatz-in-der-naehe-von-mirabilandia\/\"]}]},{\"@type\":\"ImageObject\",\"inLanguage\":\"de-DE\",\"@id\":\"https:\/\/www.campingreno.it\/de\/campingplatz-am-meer-casal-borsetti-was-man-besuchen-kann\/campingplatz-naehe-von-freizeitparks-adria-italien\/campingplatz-in-der-naehe-von-mirabilandia\/#primaryimage\",\"url\":\"https:\/\/www.campingreno.it\/wp-content\/uploads\/sites\/192\/2025\/01\/mirabilandia_kathun_campingreno.jpg\",\"contentUrl\":\"https:\/\/www.campingreno.it\/wp-content\/uploads\/sites\/192\/2025\/01\/mirabilandia_kathun_campingreno.jpg\",\"width\":1280,\"height\":720,\"caption\":\"Campeggio Vicino Mirabilandia | Camping Reno a Ravenna\"},{\"@type\":\"BreadcrumbList\",\"@id\":\"https:\/\/www.campingreno.it\/de\/campingplatz-am-meer-casal-borsetti-was-man-besuchen-kann\/campingplatz-naehe-von-freizeitparks-adria-italien\/campingplatz-in-der-naehe-von-mirabilandia\/#breadcrumb\",\"itemListElement\":[{\"@type\":\"ListItem\",\"position\":1,\"name\":\"Home\",\"item\":\"https:\/\/www.campingreno.it\/de\/\"},{\"@type\":\"ListItem\",\"position\":2,\"name\":\"Das Gebiet\",\"item\":\"https:\/\/www.campingreno.it\/de\/campingplatz-am-meer-casal-borsetti-was-man-besuchen-kann\/\"},{\"@type\":\"ListItem\",\"position\":3,\"name\":\"Freizeitparks\",\"item\":\"https:\/\/www.campingreno.it\/de\/campingplatz-am-meer-casal-borsetti-was-man-besuchen-kann\/campingplatz-naehe-von-freizeitparks-adria-italien\/\"},{\"@type\":\"ListItem\",\"position\":4,\"name\":\"Mirabilandia\"}]},{\"@type\":\"WebSite\",\"@id\":\"https:\/\/www.campingreno.it\/de\/#website\",\"url\":\"https:\/\/www.campingreno.it\/de\/\",\"name\":\"Camping Reno\",\"description\":\"\",\"publisher\":{\"@id\":\"https:\/\/www.campingreno.it\/de\/#organization\"},\"potentialAction\":[{\"@type\":\"SearchAction\",\"target\":{\"@type\":\"EntryPoint\",\"urlTemplate\":\"https:\/\/www.campingreno.it\/de\/?s={search_term_string}\"},\"query-input\":\"required name=search_term_string\"}],\"inLanguage\":\"de-DE\"},{\"@type\":\"Organization\",\"@id\":\"https:\/\/www.campingreno.it\/de\/#organization\",\"name\":\"Camping Reno\",\"url\":\"https:\/\/www.campingreno.it\/de\/\",\"logo\":{\"@type\":\"ImageObject\",\"inLanguage\":\"de-DE\",\"@id\":\"https:\/\/www.campingreno.it\/de\/#\/schema\/logo\/image\/\",\"url\":\"https:\/\/www.campingreno.it\/wp-content\/uploads\/sites\/192\/2024\/12\/logo_reno-no-sfondo-2.png\",\"contentUrl\":\"https:\/\/www.campingreno.it\/wp-content\/uploads\/sites\/192\/2024\/12\/logo_reno-no-sfondo-2.png\",\"width\":567,\"height\":286,\"caption\":\"Camping Reno\"},\"image\":{\"@id\":\"https:\/\/www.campingreno.it\/de\/#\/schema\/logo\/image\/\"},\"sameAs\":[\"https:\/\/facebook.com\/tomasitourism\",\"https:\/\/instagram.com\/camping_reno\"]}]}<\/script>\n<!-- \/ Yoast SEO plugin. -->","yoast_head_json":{"title":"Campingplatz in der N\u00e4he von Mirabilandia | Camping Reno","description":"Wenn Sie einen Campingplatz in der N\u00e4he von Mirabilandia suchen, gibt es den Camping Reno, direkt am Meer. Fordern Sie ein Angebot an!","robots":{"index":"index","follow":"follow","max-snippet":"max-snippet:-1","max-image-preview":"max-image-preview:large","max-video-preview":"max-video-preview:-1"},"canonical":"https:\/\/www.campingreno.it\/de\/campingplatz-am-meer-casal-borsetti-was-man-besuchen-kann\/campingplatz-naehe-von-freizeitparks-adria-italien\/campingplatz-in-der-naehe-von-mirabilandia\/","og_locale":"de_DE","og_type":"article","og_title":"Campingplatz in der N\u00e4he von Mirabilandia | Camping Reno","og_description":"Wenn Sie einen Campingplatz in der N\u00e4he von Mirabilandia suchen, gibt es den Camping Reno, direkt am Meer. Fordern Sie ein Angebot an!","og_url":"https:\/\/www.campingreno.it\/de\/campingplatz-am-meer-casal-borsetti-was-man-besuchen-kann\/campingplatz-naehe-von-freizeitparks-adria-italien\/campingplatz-in-der-naehe-von-mirabilandia\/","og_site_name":"Camping Reno","article_publisher":"https:\/\/facebook.com\/tomasitourism","article_modified_time":"2025-03-14T10:59:48+00:00","og_image":[{"width":1280,"height":720,"url":"https:\/\/www.campingreno.it\/wp-content\/uploads\/sites\/192\/2025\/01\/mirabilandia_kathun_campingreno.jpg","type":"image\/jpeg"}],"twitter_card":"summary_large_image","twitter_misc":{"Gesch\u00e4tzte Lesezeit":"2 Minuten"},"schema":{"@context":"https:\/\/schema.org","@graph":[{"@type":"WebPage","@id":"https:\/\/www.campingreno.it\/de\/campingplatz-am-meer-casal-borsetti-was-man-besuchen-kann\/campingplatz-naehe-von-freizeitparks-adria-italien\/campingplatz-in-der-naehe-von-mirabilandia\/","url":"https:\/\/www.campingreno.it\/de\/campingplatz-am-meer-casal-borsetti-was-man-besuchen-kann\/campingplatz-naehe-von-freizeitparks-adria-italien\/campingplatz-in-der-naehe-von-mirabilandia\/","name":"Campingplatz in der N\u00e4he von Mirabilandia | Camping Reno","isPartOf":{"@id":"https:\/\/www.campingreno.it\/de\/#website"},"primaryImageOfPage":{"@id":"https:\/\/www.campingreno.it\/de\/campingplatz-am-meer-casal-borsetti-was-man-besuchen-kann\/campingplatz-naehe-von-freizeitparks-adria-italien\/campingplatz-in-der-naehe-von-mirabilandia\/#primaryimage"},"image":{"@id":"https:\/\/www.campingreno.it\/de\/campingplatz-am-meer-casal-borsetti-was-man-besuchen-kann\/campingplatz-naehe-von-freizeitparks-adria-italien\/campingplatz-in-der-naehe-von-mirabilandia\/#primaryimage"},"thumbnailUrl":"https:\/\/www.campingreno.it\/wp-content\/uploads\/sites\/192\/2025\/01\/mirabilandia_kathun_campingreno.jpg","datePublished":"2025-01-25T10:12:59+00:00","dateModified":"2025-03-14T10:59:48+00:00","description":"Wenn Sie einen Campingplatz in der N\u00e4he von Mirabilandia suchen, gibt es den Camping Reno, direkt am Meer. Fordern Sie ein Angebot an!","breadcrumb":{"@id":"https:\/\/www.campingreno.it\/de\/campingplatz-am-meer-casal-borsetti-was-man-besuchen-kann\/campingplatz-naehe-von-freizeitparks-adria-italien\/campingplatz-in-der-naehe-von-mirabilandia\/#breadcrumb"},"inLanguage":"de-DE","potentialAction":[{"@type":"ReadAction","target":["https:\/\/www.campingreno.it\/de\/campingplatz-am-meer-casal-borsetti-was-man-besuchen-kann\/campingplatz-naehe-von-freizeitparks-adria-italien\/campingplatz-in-der-naehe-von-mirabilandia\/"]}]},{"@type":"ImageObject","inLanguage":"de-DE","@id":"https:\/\/www.campingreno.it\/de\/campingplatz-am-meer-casal-borsetti-was-man-besuchen-kann\/campingplatz-naehe-von-freizeitparks-adria-italien\/campingplatz-in-der-naehe-von-mirabilandia\/#primaryimage","url":"https:\/\/www.campingreno.it\/wp-content\/uploads\/sites\/192\/2025\/01\/mirabilandia_kathun_campingreno.jpg","contentUrl":"https:\/\/www.campingreno.it\/wp-content\/uploads\/sites\/192\/2025\/01\/mirabilandia_kathun_campingreno.jpg","width":1280,"height":720,"caption":"Campeggio Vicino Mirabilandia | Camping Reno a Ravenna"},{"@type":"BreadcrumbList","@id":"https:\/\/www.campingreno.it\/de\/campingplatz-am-meer-casal-borsetti-was-man-besuchen-kann\/campingplatz-naehe-von-freizeitparks-adria-italien\/campingplatz-in-der-naehe-von-mirabilandia\/#breadcrumb","itemListElement":[{"@type":"ListItem","position":1,"name":"Home","item":"https:\/\/www.campingreno.it\/de\/"},{"@type":"ListItem","position":2,"name":"Das Gebiet","item":"https:\/\/www.campingreno.it\/de\/campingplatz-am-meer-casal-borsetti-was-man-besuchen-kann\/"},{"@type":"ListItem","position":3,"name":"Freizeitparks","item":"https:\/\/www.campingreno.it\/de\/campingplatz-am-meer-casal-borsetti-was-man-besuchen-kann\/campingplatz-naehe-von-freizeitparks-adria-italien\/"},{"@type":"ListItem","position":4,"name":"Mirabilandia"}]},{"@type":"WebSite","@id":"https:\/\/www.campingreno.it\/de\/#website","url":"https:\/\/www.campingreno.it\/de\/","name":"Camping Reno","description":"","publisher":{"@id":"https:\/\/www.campingreno.it\/de\/#organization"},"potentialAction":[{"@type":"SearchAction","target":{"@type":"EntryPoint","urlTemplate":"https:\/\/www.campingreno.it\/de\/?s={search_term_string}"},"query-input":"required name=search_term_string"}],"inLanguage":"de-DE"},{"@type":"Organization","@id":"https:\/\/www.campingreno.it\/de\/#organization","name":"Camping Reno","url":"https:\/\/www.campingreno.it\/de\/","logo":{"@type":"ImageObject","inLanguage":"de-DE","@id":"https:\/\/www.campingreno.it\/de\/#\/schema\/logo\/image\/","url":"https:\/\/www.campingreno.it\/wp-content\/uploads\/sites\/192\/2024\/12\/logo_reno-no-sfondo-2.png","contentUrl":"https:\/\/www.campingreno.it\/wp-content\/uploads\/sites\/192\/2024\/12\/logo_reno-no-sfondo-2.png","width":567,"height":286,"caption":"Camping Reno"},"image":{"@id":"https:\/\/www.campingreno.it\/de\/#\/schema\/logo\/image\/"},"sameAs":["https:\/\/facebook.com\/tomasitourism","https:\/\/instagram.com\/camping_reno"]}]}},"acf":[],"_links":{"self":[{"href":"https:\/\/www.campingreno.it\/de\/wp-json\/wp\/v2\/pages\/1358"}],"collection":[{"href":"https:\/\/www.campingreno.it\/de\/wp-json\/wp\/v2\/pages"}],"about":[{"href":"https:\/\/www.campingreno.it\/de\/wp-json\/wp\/v2\/types\/page"}],"author":[{"embeddable":true,"href":"https:\/\/www.campingreno.it\/de\/wp-json\/wp\/v2\/users\/212"}],"replies":[{"embeddable":true,"href":"https:\/\/www.campingreno.it\/de\/wp-json\/wp\/v2\/comments?post=1358"}],"version-history":[{"count":0,"href":"https:\/\/www.campingreno.it\/de\/wp-json\/wp\/v2\/pages\/1358\/revisions"}],"up":[{"embeddable":true,"href":"https:\/\/www.campingreno.it\/de\/wp-json\/wp\/v2\/pages\/1352"}],"wp:featuredmedia":[{"embeddable":true,"href":"https:\/\/www.campingreno.it\/de\/wp-json\/wp\/v2\/media\/612"}],"wp:attachment":[{"href":"https:\/\/www.campingreno.it\/de\/wp-json\/wp\/v2\/media?parent=1358"}],"curies":[{"name":"wp","href":"https:\/\/api.w.org\/{rel}","templated":true}]}}