   {"id":1360,"date":"2025-01-25T11:24:02","date_gmt":"2025-01-25T11:24:02","guid":{"rendered":"https:\/\/www.campingreno.it\/?page_id=1360"},"modified":"2025-03-14T11:03:34","modified_gmt":"2025-03-14T11:03:34","slug":"campingplatz-in-der-naehe-von-oltremare","status":"publish","type":"page","link":"https:\/\/www.campingreno.it\/de\/campingplatz-am-meer-casal-borsetti-was-man-besuchen-kann\/campingplatz-naehe-von-freizeitparks-adria-italien\/campingplatz-in-der-naehe-von-oltremare\/","title":{"rendered":"Oltremare"},"content":{"rendered":"<p data-sourcepos=\"3:1-3:172\">Verbringen Sie einen Tag in Oltremare, wenn Sie auf dem Camping Reno \u00fcbernachten, einem <strong>Campingplatz in der N\u00e4he von Oltremare<\/strong> mit Bungalows, Mobilheimen und Stellpl\u00e4tzen.<\/p>\n<p>&nbsp;<\/p>\n<p>&nbsp;<\/p>\n<p data-sourcepos=\"5:1-5:150\"><a href=\"https:\/\/www.oltremare.org\/en\"><strong>Oltremare in Riccione<\/strong><\/a> bietet eine Mischung aus Attraktionen, die mit Natur, Meereswelt und Abenteuer verbunden sind. Hier sind einige der wichtigsten:<\/p>\n<p data-sourcepos=\"7:1-7:143\"><strong>Delfinarium<\/strong> \u2013 Ein spektakul\u00e4rer Bereich, in dem Sie Delfinshows mit akrobatischen Darbietungen und Interaktionen mit dem Publikum sehen k\u00f6nnen.<\/p>\n<p data-sourcepos=\"9:1-9:151\"><strong>Odyssee<\/strong> \u2013 Eine interaktive Attraktion, die Besucher auf eine Reise durch das antike Griechenland mit immersiven Erlebnissen und Wasserspielen mitnimmt.<\/p>\n<p data-sourcepos=\"11:1-11:141\"><strong>Flug des Falkners<\/strong> \u2013 Ein Erlebnis, bei dem Sie Falknereivorf\u00fchrungen mit fliegenden Raubv\u00f6geln in einer nat\u00fcrlichen Umgebung bewundern k\u00f6nnen.<\/p>\n<p data-sourcepos=\"13:1-13:130\"><strong>Tierh\u00f6hlen<\/strong> \u2013 Ein unterirdischer Pfad, der verschiedene Lebensr\u00e4ume erkundet und eine Vielzahl exotischer und seltener Tiere zeigt.<\/p>\n<p data-sourcepos=\"15:1-15:159\"><strong>Aquarium<\/strong> \u2013 Ein Pfad, der Besucher zur Entdeckung der Meereswelt mit Becken f\u00fchrt, die Fische und Kreaturen aus verschiedenen aquatischen \u00d6kosystemen enthalten.<\/p>\n<p data-sourcepos=\"17:1-17:149\"><strong>Planet Erde<\/strong> \u2013 Ein Bereich, der die verschiedenen terrestrischen Umgebungen von den Bergen bis zur Savanne mit Schwerpunkt auf Biodiversit\u00e4t erkundet.<\/p>\n<p data-sourcepos=\"19:1-19:143\"><strong>Giraffensafari<\/strong> \u2013 Ein Erlebnis, bei dem Besucher Giraffen und andere Savannentiere in einer nat\u00fcrlichen Umgebung aus n\u00e4chster N\u00e4he sehen k\u00f6nnen.<\/p>\n<p data-sourcepos=\"21:1-21:122\"><strong>Wasserstadt<\/strong> \u2013 Ein interaktiver Bereich mit Wasserspielen f\u00fcr die Kleinsten, in dem sie spielen und sich erfrischen k\u00f6nnen.<\/p>\n<p data-sourcepos=\"23:1-23:144\"><strong>Bimbi Oltremare<\/strong> \u2013 Ein Bereich f\u00fcr Kinder mit Spielen und Attraktionen, die ihrem Alter entsprechen, wie z. B. kleine Fahrgesch\u00e4fte und Rutschen.<\/p>\n<p data-sourcepos=\"25:1-25:152\"><strong>Oltremare ist ein Park<\/strong>, der Abenteuer mit Respekt f\u00fcr die Natur verbindet und ein lehrreiches und unterhaltsames<strong> Erlebnis f\u00fcr die ganze Familie bietet<\/strong>.&#8220;<\/p>\n<p data-sourcepos=\"25:1-25:152\">\n<p data-sourcepos=\"31:1-31:80\">Der Campingplatz Reno,<strong> Kleiner Campingplatz in der N\u00e4he von Oltremare<\/strong>,\u00a0 verf\u00fcgt \u00fcber <a href=\"https:\/\/www.campingreno.it\/de\/campingplatz-ravenna-italien-unterkuenfte\/\"><strong>Unterk\u00fcnfte<\/strong><\/a> und <a href=\"https:\/\/www.campingreno.it\/de\/camping-mit-stellplaetzen-ravenna-italien\/\"><strong>Stellpl\u00e4tze<\/strong><\/a> f\u00fcr Ihren Urlaub am Meer in Casal Borsetti, Ravenna.<\/p>\n<p data-sourcepos=\"31:1-31:80\"><a href=\"https:\/\/www.scidoo.com\/preventivov2\/?cod=1209&amp;dataarr=2025-4-5&amp;notti=7&amp;adult=1&amp;children=&amp;IDsotto_struttura=0&amp;lang=4\"><strong>Verf\u00fcgbarkeit pr\u00fcfen und jetzt buchen<\/strong><\/a><\/p>\n","protected":false},"excerpt":{"rendered":"<p>Verbringen Sie einen Tag in Oltremare, wenn Sie auf dem Camping Reno \u00fcbernachten, einem Campingplatz in der N\u00e4he von Oltremare mit Bungalows, Mobilheimen und Stellpl\u00e4tzen. &nbsp; &nbsp; Oltremare in Riccione bietet eine Mischung aus Attraktionen, die mit Natur, Meereswelt und Abenteuer verbunden sind. Hier sind einige der wichtigsten: Delfinarium \u2013 Ein spektakul\u00e4rer Bereich, in dem [&hellip;]<\/p>\n","protected":false},"author":212,"featured_media":649,"parent":1352,"menu_order":300,"comment_status":"closed","ping_status":"closed","template":"","meta":{"footnotes":""},"yoast_head":"<!-- This site is optimized with the Yoast SEO plugin v22.3 - https:\/\/yoast.com\/wordpress\/plugins\/seo\/ -->\n<title>Campingplatz in der N\u00e4he von Oltremare | Camping Reno<\/title>\n<meta name=\"description\" content=\"Wenn Sie einen Campingplatz in der N\u00e4he von Oltremare suchen, gibt es den Camping Reno, direkt am Meer. Fordern Sie ein Angebot an!\" \/>\n<meta name=\"robots\" content=\"index, follow, max-snippet:-1, max-image-preview:large, max-video-preview:-1\" \/>\n<link rel=\"canonical\" href=\"https:\/\/www.campingreno.it\/de\/campingplatz-am-meer-casal-borsetti-was-man-besuchen-kann\/campingplatz-naehe-von-freizeitparks-adria-italien\/campingplatz-in-der-naehe-von-oltremare\/\" \/>\n<meta property=\"og:locale\" content=\"de_DE\" \/>\n<meta property=\"og:type\" content=\"article\" \/>\n<meta property=\"og:title\" content=\"Campingplatz in der N\u00e4he von Oltremare | Camping Reno\" \/>\n<meta property=\"og:description\" content=\"Wenn Sie einen Campingplatz in der N\u00e4he von Oltremare suchen, gibt es den Camping Reno, direkt am Meer. Fordern Sie ein Angebot an!\" \/>\n<meta property=\"og:url\" content=\"https:\/\/www.campingreno.it\/de\/campingplatz-am-meer-casal-borsetti-was-man-besuchen-kann\/campingplatz-naehe-von-freizeitparks-adria-italien\/campingplatz-in-der-naehe-von-oltremare\/\" \/>\n<meta property=\"og:site_name\" content=\"Camping Reno\" \/>\n<meta property=\"article:publisher\" content=\"https:\/\/facebook.com\/tomasitourism\" \/>\n<meta property=\"article:modified_time\" content=\"2025-03-14T11:03:34+00:00\" \/>\n<meta property=\"og:image\" content=\"https:\/\/www.campingreno.it\/wp-content\/uploads\/sites\/192\/2025\/01\/oltremare_acquario_campingreno.jpg\" \/>\n\t<meta property=\"og:image:width\" content=\"660\" \/>\n\t<meta property=\"og:image:height\" content=\"368\" \/>\n\t<meta property=\"og:image:type\" content=\"image\/jpeg\" \/>\n<meta name=\"twitter:card\" content=\"summary_large_image\" \/>\n<meta name=\"twitter:label1\" content=\"Gesch\u00e4tzte Lesezeit\" \/>\n\t<meta name=\"twitter:data1\" content=\"2 Minuten\" \/>\n<script type=\"application\/ld+json\" class=\"yoast-schema-graph\">{\"@context\":\"https:\/\/schema.org\",\"@graph\":[{\"@type\":\"WebPage\",\"@id\":\"https:\/\/www.campingreno.it\/de\/campingplatz-am-meer-casal-borsetti-was-man-besuchen-kann\/campingplatz-naehe-von-freizeitparks-adria-italien\/campingplatz-in-der-naehe-von-oltremare\/\",\"url\":\"https:\/\/www.campingreno.it\/de\/campingplatz-am-meer-casal-borsetti-was-man-besuchen-kann\/campingplatz-naehe-von-freizeitparks-adria-italien\/campingplatz-in-der-naehe-von-oltremare\/\",\"name\":\"Campingplatz in der N\u00e4he von Oltremare | Camping Reno\",\"isPartOf\":{\"@id\":\"https:\/\/www.campingreno.it\/de\/#website\"},\"primaryImageOfPage\":{\"@id\":\"https:\/\/www.campingreno.it\/de\/campingplatz-am-meer-casal-borsetti-was-man-besuchen-kann\/campingplatz-naehe-von-freizeitparks-adria-italien\/campingplatz-in-der-naehe-von-oltremare\/#primaryimage\"},\"image\":{\"@id\":\"https:\/\/www.campingreno.it\/de\/campingplatz-am-meer-casal-borsetti-was-man-besuchen-kann\/campingplatz-naehe-von-freizeitparks-adria-italien\/campingplatz-in-der-naehe-von-oltremare\/#primaryimage\"},\"thumbnailUrl\":\"https:\/\/www.campingreno.it\/wp-content\/uploads\/sites\/192\/2025\/01\/oltremare_acquario_campingreno.jpg\",\"datePublished\":\"2025-01-25T11:24:02+00:00\",\"dateModified\":\"2025-03-14T11:03:34+00:00\",\"description\":\"Wenn Sie einen Campingplatz in der N\u00e4he von Oltremare suchen, gibt es den Camping Reno, direkt am Meer. Fordern Sie ein Angebot an!\",\"breadcrumb\":{\"@id\":\"https:\/\/www.campingreno.it\/de\/campingplatz-am-meer-casal-borsetti-was-man-besuchen-kann\/campingplatz-naehe-von-freizeitparks-adria-italien\/campingplatz-in-der-naehe-von-oltremare\/#breadcrumb\"},\"inLanguage\":\"de-DE\",\"potentialAction\":[{\"@type\":\"ReadAction\",\"target\":[\"https:\/\/www.campingreno.it\/de\/campingplatz-am-meer-casal-borsetti-was-man-besuchen-kann\/campingplatz-naehe-von-freizeitparks-adria-italien\/campingplatz-in-der-naehe-von-oltremare\/\"]}]},{\"@type\":\"ImageObject\",\"inLanguage\":\"de-DE\",\"@id\":\"https:\/\/www.campingreno.it\/de\/campingplatz-am-meer-casal-borsetti-was-man-besuchen-kann\/campingplatz-naehe-von-freizeitparks-adria-italien\/campingplatz-in-der-naehe-von-oltremare\/#primaryimage\",\"url\":\"https:\/\/www.campingreno.it\/wp-content\/uploads\/sites\/192\/2025\/01\/oltremare_acquario_campingreno.jpg\",\"contentUrl\":\"https:\/\/www.campingreno.it\/wp-content\/uploads\/sites\/192\/2025\/01\/oltremare_acquario_campingreno.jpg\",\"width\":660,\"height\":368,\"caption\":\"Campingplatz in der N\u00e4he von Oltremare | Camping Reno - camping reno\"},{\"@type\":\"BreadcrumbList\",\"@id\":\"https:\/\/www.campingreno.it\/de\/campingplatz-am-meer-casal-borsetti-was-man-besuchen-kann\/campingplatz-naehe-von-freizeitparks-adria-italien\/campingplatz-in-der-naehe-von-oltremare\/#breadcrumb\",\"itemListElement\":[{\"@type\":\"ListItem\",\"position\":1,\"name\":\"Home\",\"item\":\"https:\/\/www.campingreno.it\/de\/\"},{\"@type\":\"ListItem\",\"position\":2,\"name\":\"Das Gebiet\",\"item\":\"https:\/\/www.campingreno.it\/de\/campingplatz-am-meer-casal-borsetti-was-man-besuchen-kann\/\"},{\"@type\":\"ListItem\",\"position\":3,\"name\":\"Freizeitparks\",\"item\":\"https:\/\/www.campingreno.it\/de\/campingplatz-am-meer-casal-borsetti-was-man-besuchen-kann\/campingplatz-naehe-von-freizeitparks-adria-italien\/\"},{\"@type\":\"ListItem\",\"position\":4,\"name\":\"Oltremare\"}]},{\"@type\":\"WebSite\",\"@id\":\"https:\/\/www.campingreno.it\/de\/#website\",\"url\":\"https:\/\/www.campingreno.it\/de\/\",\"name\":\"Camping Reno\",\"description\":\"\",\"publisher\":{\"@id\":\"https:\/\/www.campingreno.it\/de\/#organization\"},\"potentialAction\":[{\"@type\":\"SearchAction\",\"target\":{\"@type\":\"EntryPoint\",\"urlTemplate\":\"https:\/\/www.campingreno.it\/de\/?s={search_term_string}\"},\"query-input\":\"required name=search_term_string\"}],\"inLanguage\":\"de-DE\"},{\"@type\":\"Organization\",\"@id\":\"https:\/\/www.campingreno.it\/de\/#organization\",\"name\":\"Camping Reno\",\"url\":\"https:\/\/www.campingreno.it\/de\/\",\"logo\":{\"@type\":\"ImageObject\",\"inLanguage\":\"de-DE\",\"@id\":\"https:\/\/www.campingreno.it\/de\/#\/schema\/logo\/image\/\",\"url\":\"https:\/\/www.campingreno.it\/wp-content\/uploads\/sites\/192\/2024\/12\/logo_reno-no-sfondo-2.png\",\"contentUrl\":\"https:\/\/www.campingreno.it\/wp-content\/uploads\/sites\/192\/2024\/12\/logo_reno-no-sfondo-2.png\",\"width\":567,\"height\":286,\"caption\":\"Camping Reno\"},\"image\":{\"@id\":\"https:\/\/www.campingreno.it\/de\/#\/schema\/logo\/image\/\"},\"sameAs\":[\"https:\/\/facebook.com\/tomasitourism\",\"https:\/\/instagram.com\/camping_reno\"]}]}<\/script>\n<!-- \/ Yoast SEO plugin. -->","yoast_head_json":{"title":"Campingplatz in der N\u00e4he von Oltremare | Camping Reno","description":"Wenn Sie einen Campingplatz in der N\u00e4he von Oltremare suchen, gibt es den Camping Reno, direkt am Meer. Fordern Sie ein Angebot an!","robots":{"index":"index","follow":"follow","max-snippet":"max-snippet:-1","max-image-preview":"max-image-preview:large","max-video-preview":"max-video-preview:-1"},"canonical":"https:\/\/www.campingreno.it\/de\/campingplatz-am-meer-casal-borsetti-was-man-besuchen-kann\/campingplatz-naehe-von-freizeitparks-adria-italien\/campingplatz-in-der-naehe-von-oltremare\/","og_locale":"de_DE","og_type":"article","og_title":"Campingplatz in der N\u00e4he von Oltremare | Camping Reno","og_description":"Wenn Sie einen Campingplatz in der N\u00e4he von Oltremare suchen, gibt es den Camping Reno, direkt am Meer. Fordern Sie ein Angebot an!","og_url":"https:\/\/www.campingreno.it\/de\/campingplatz-am-meer-casal-borsetti-was-man-besuchen-kann\/campingplatz-naehe-von-freizeitparks-adria-italien\/campingplatz-in-der-naehe-von-oltremare\/","og_site_name":"Camping Reno","article_publisher":"https:\/\/facebook.com\/tomasitourism","article_modified_time":"2025-03-14T11:03:34+00:00","og_image":[{"width":660,"height":368,"url":"https:\/\/www.campingreno.it\/wp-content\/uploads\/sites\/192\/2025\/01\/oltremare_acquario_campingreno.jpg","type":"image\/jpeg"}],"twitter_card":"summary_large_image","twitter_misc":{"Gesch\u00e4tzte Lesezeit":"2 Minuten"},"schema":{"@context":"https:\/\/schema.org","@graph":[{"@type":"WebPage","@id":"https:\/\/www.campingreno.it\/de\/campingplatz-am-meer-casal-borsetti-was-man-besuchen-kann\/campingplatz-naehe-von-freizeitparks-adria-italien\/campingplatz-in-der-naehe-von-oltremare\/","url":"https:\/\/www.campingreno.it\/de\/campingplatz-am-meer-casal-borsetti-was-man-besuchen-kann\/campingplatz-naehe-von-freizeitparks-adria-italien\/campingplatz-in-der-naehe-von-oltremare\/","name":"Campingplatz in der N\u00e4he von Oltremare | Camping Reno","isPartOf":{"@id":"https:\/\/www.campingreno.it\/de\/#website"},"primaryImageOfPage":{"@id":"https:\/\/www.campingreno.it\/de\/campingplatz-am-meer-casal-borsetti-was-man-besuchen-kann\/campingplatz-naehe-von-freizeitparks-adria-italien\/campingplatz-in-der-naehe-von-oltremare\/#primaryimage"},"image":{"@id":"https:\/\/www.campingreno.it\/de\/campingplatz-am-meer-casal-borsetti-was-man-besuchen-kann\/campingplatz-naehe-von-freizeitparks-adria-italien\/campingplatz-in-der-naehe-von-oltremare\/#primaryimage"},"thumbnailUrl":"https:\/\/www.campingreno.it\/wp-content\/uploads\/sites\/192\/2025\/01\/oltremare_acquario_campingreno.jpg","datePublished":"2025-01-25T11:24:02+00:00","dateModified":"2025-03-14T11:03:34+00:00","description":"Wenn Sie einen Campingplatz in der N\u00e4he von Oltremare suchen, gibt es den Camping Reno, direkt am Meer. Fordern Sie ein Angebot an!","breadcrumb":{"@id":"https:\/\/www.campingreno.it\/de\/campingplatz-am-meer-casal-borsetti-was-man-besuchen-kann\/campingplatz-naehe-von-freizeitparks-adria-italien\/campingplatz-in-der-naehe-von-oltremare\/#breadcrumb"},"inLanguage":"de-DE","potentialAction":[{"@type":"ReadAction","target":["https:\/\/www.campingreno.it\/de\/campingplatz-am-meer-casal-borsetti-was-man-besuchen-kann\/campingplatz-naehe-von-freizeitparks-adria-italien\/campingplatz-in-der-naehe-von-oltremare\/"]}]},{"@type":"ImageObject","inLanguage":"de-DE","@id":"https:\/\/www.campingreno.it\/de\/campingplatz-am-meer-casal-borsetti-was-man-besuchen-kann\/campingplatz-naehe-von-freizeitparks-adria-italien\/campingplatz-in-der-naehe-von-oltremare\/#primaryimage","url":"https:\/\/www.campingreno.it\/wp-content\/uploads\/sites\/192\/2025\/01\/oltremare_acquario_campingreno.jpg","contentUrl":"https:\/\/www.campingreno.it\/wp-content\/uploads\/sites\/192\/2025\/01\/oltremare_acquario_campingreno.jpg","width":660,"height":368,"caption":"Campingplatz in der N\u00e4he von Oltremare | Camping Reno - camping reno"},{"@type":"BreadcrumbList","@id":"https:\/\/www.campingreno.it\/de\/campingplatz-am-meer-casal-borsetti-was-man-besuchen-kann\/campingplatz-naehe-von-freizeitparks-adria-italien\/campingplatz-in-der-naehe-von-oltremare\/#breadcrumb","itemListElement":[{"@type":"ListItem","position":1,"name":"Home","item":"https:\/\/www.campingreno.it\/de\/"},{"@type":"ListItem","position":2,"name":"Das Gebiet","item":"https:\/\/www.campingreno.it\/de\/campingplatz-am-meer-casal-borsetti-was-man-besuchen-kann\/"},{"@type":"ListItem","position":3,"name":"Freizeitparks","item":"https:\/\/www.campingreno.it\/de\/campingplatz-am-meer-casal-borsetti-was-man-besuchen-kann\/campingplatz-naehe-von-freizeitparks-adria-italien\/"},{"@type":"ListItem","position":4,"name":"Oltremare"}]},{"@type":"WebSite","@id":"https:\/\/www.campingreno.it\/de\/#website","url":"https:\/\/www.campingreno.it\/de\/","name":"Camping Reno","description":"","publisher":{"@id":"https:\/\/www.campingreno.it\/de\/#organization"},"potentialAction":[{"@type":"SearchAction","target":{"@type":"EntryPoint","urlTemplate":"https:\/\/www.campingreno.it\/de\/?s={search_term_string}"},"query-input":"required name=search_term_string"}],"inLanguage":"de-DE"},{"@type":"Organization","@id":"https:\/\/www.campingreno.it\/de\/#organization","name":"Camping Reno","url":"https:\/\/www.campingreno.it\/de\/","logo":{"@type":"ImageObject","inLanguage":"de-DE","@id":"https:\/\/www.campingreno.it\/de\/#\/schema\/logo\/image\/","url":"https:\/\/www.campingreno.it\/wp-content\/uploads\/sites\/192\/2024\/12\/logo_reno-no-sfondo-2.png","contentUrl":"https:\/\/www.campingreno.it\/wp-content\/uploads\/sites\/192\/2024\/12\/logo_reno-no-sfondo-2.png","width":567,"height":286,"caption":"Camping Reno"},"image":{"@id":"https:\/\/www.campingreno.it\/de\/#\/schema\/logo\/image\/"},"sameAs":["https:\/\/facebook.com\/tomasitourism","https:\/\/instagram.com\/camping_reno"]}]}},"acf":[],"_links":{"self":[{"href":"https:\/\/www.campingreno.it\/de\/wp-json\/wp\/v2\/pages\/1360"}],"collection":[{"href":"https:\/\/www.campingreno.it\/de\/wp-json\/wp\/v2\/pages"}],"about":[{"href":"https:\/\/www.campingreno.it\/de\/wp-json\/wp\/v2\/types\/page"}],"author":[{"embeddable":true,"href":"https:\/\/www.campingreno.it\/de\/wp-json\/wp\/v2\/users\/212"}],"replies":[{"embeddable":true,"href":"https:\/\/www.campingreno.it\/de\/wp-json\/wp\/v2\/comments?post=1360"}],"version-history":[{"count":0,"href":"https:\/\/www.campingreno.it\/de\/wp-json\/wp\/v2\/pages\/1360\/revisions"}],"up":[{"embeddable":true,"href":"https:\/\/www.campingreno.it\/de\/wp-json\/wp\/v2\/pages\/1352"}],"wp:featuredmedia":[{"embeddable":true,"href":"https:\/\/www.campingreno.it\/de\/wp-json\/wp\/v2\/media\/649"}],"wp:attachment":[{"href":"https:\/\/www.campingreno.it\/de\/wp-json\/wp\/v2\/media?parent=1360"}],"curies":[{"name":"wp","href":"https:\/\/api.w.org\/{rel}","templated":true}]}}