   {"id":1368,"date":"2025-01-22T16:09:54","date_gmt":"2025-01-22T16:09:54","guid":{"rendered":"https:\/\/www.campingreno.it\/?page_id=1368"},"modified":"2025-06-24T09:01:56","modified_gmt":"2025-06-24T09:01:56","slug":"campingplatz-italie-adria-mit-hund-ravenna","status":"publish","type":"page","link":"https:\/\/www.campingreno.it\/de\/campingplatz-italie-adria-mit-hund-ravenna\/","title":{"rendered":"Hunde erlaubt"},"content":{"rendered":"<p>Am Strand, an der Bar, im Restaurant, auf dem Stellplatz, im Bungalow oder Mobilheim Am Camping Reno, <strong>Campingplatz Italie Adria mit Hund Ravenna<\/strong><\/p>\n<p>&nbsp;<\/p>\n<p><strong>HUNDEFREUNDLICHER STRAND<\/strong><\/p>\n<p>Etwa 50-60 Meter vom Tor entfernt, das den Zugang zum wundersch\u00f6nen feinen Sandstrand des Camping Reno, <strong>Campingplatz Italie Adria mit Hund Ravenna<\/strong>, er\u00f6ffnet, mit einem sanft abfallenden Meeresboden, gibt es in Richtung S\u00fcden, Richtung Marina Romea, einen Abschnitt des freien Strandes, an dem Hunde sich aufhalten und in Ihrer Begleitung schwimmen k\u00f6nnen. Sie m\u00fcssen sich lediglich mit Sonnenschirm, Handt\u00fcchern und Leine ausstatten, um die Freude Ihres geliebten Hundes in absoluter Freiheit zu genie\u00dfen. PS: Wir erinnern daran, dass Hunde an \u00f6ffentlichen Orten immer begleitet und an der Leine gef\u00fchrt werden m\u00fcssen, um die Sicherheit anderer Personen, insbesondere von Kindern, zu gew\u00e4hrleisten<\/p>\n<p>&nbsp;<\/p>\n<p>&nbsp;<\/p>\n<p data-sourcepos=\"9:1-10:163\"><strong>BUNGALOW-MOBILHEIME <\/strong><\/p>\n<p data-sourcepos=\"9:1-10:163\">Wir haben verschiedene Arten von Unterk\u00fcnften, in denen Hunde \u00fcbernachten k\u00f6nnen, einige mit und andere ohne Zaun. Hier ist die Liste, in denen Hunde erlaubt sind:<\/p>\n<ul data-sourcepos=\"12:1-19:0\">\n<li data-sourcepos=\"12:1-12:61\">New Mobilhom Vip Lodge Family, <a href=\"https:\/\/www.campingreno.it\/de\/campingplatz-ravenna-italien-unterkuenfte\/mobilheim-vip-lodge-family\/\">entdecken Sie das Mobilheim<\/a>;<\/li>\n<li data-sourcepos=\"13:1-13:58\">New Mobilhome Luxury Lodge, <a href=\"https:\/\/www.campingreno.it\/de\/campingplatz-ravenna-italien-unterkuenfte\/mobilhome-luxury-lodge-campingplatz-adria-ravenna\/\">entdecken Sie das Mobilheim<\/a>;<\/li>\n<li data-sourcepos=\"14:1-14:49\">Air Lodge Double Deck, <a href=\"https:\/\/www.campingreno.it\/de\/campingplatz-ravenna-italien-unterkuenfte\/air-lodge-double-deck\/\">entdecken Sie die Lodge<\/a>;<\/li>\n<li data-sourcepos=\"15:1-15:43\">Chalet Ravenna, <a href=\"https:\/\/www.campingreno.it\/de\/campingplatz-ravenna-italien-unterkuenfte\/chalet-ravenna-family-plus\/\">entdecken Sie das Chalet<\/a>;<\/li>\n<li data-sourcepos=\"16:1-16:54\">Bungalow Emilia Romagna, <a href=\"https:\/\/www.campingreno.it\/de\/campingplatz-ravenna-italien-unterkuenfte\/bungalow-emilia-romagna-classic\/\">entdecken Sie den Bungalow<\/a>;<\/li>\n<li data-sourcepos=\"17:1-17:55\">Bungalow Lidi di Ravenna, <a href=\"https:\/\/www.campingreno.it\/de\/campingplatz-ravenna-italien-unterkuenfte\/bungalow-lidi-di-ravenna-superior-family\/\">entdecken Sie den Bungalow<\/a>;<\/li>\n<li data-sourcepos=\"18:1-19:0\">auf allen<a href=\"https:\/\/www.campingreno.it\/de\/stellplaetze-camping-adriakueste-ravenna\/\"> Stellpl\u00e4tzen f\u00fcr Zelte, Wohnmobile und Wohnwagen<\/a>.<\/li>\n<\/ul>\n<p data-sourcepos=\"20:1-20:71\">F\u00fcr weitere Informationen rufen Sie die Rezeption unter 0544 445020 an.<\/p>\n<p><strong>IM RESTAURANT ODER AN DER BAR<\/strong><\/p>\n<p>Unter Ihren F\u00fc\u00dfen am Tisch kann sich Ihr Hund, unter strenger Aufsicht, entspannen, w\u00e4hrend Sie eine k\u00f6stliche Pizza oder eine exquisite Fischfrittura genie\u00dfen, begleitet von einem sch\u00f6nen Krug Bier oder einem Glas Wein. Entdecken Sie die Speisekarte unseres Restaurants.<\/p>\n<p>&nbsp;<\/p>\n<p>&nbsp;<\/p>\n<p><strong>IM SUPERMARKT UND BAZAR<\/strong><\/p>\n<p>M\u00fcssen Sie etwas im Supermarkt besorgen? Sie k\u00f6nnen Ihren vierbeinigen Freund mitbringen und gemeinsam mit ihm die gro\u00dfe Auswahl an frischen und verpackten Produkten unseres Marktes entdecken. Gro\u00dfe Auswahl an Hundenahrung. Entdecken Sie, was Sie im Markt finden k\u00f6nnen;<\/p>\n<p>&nbsp;<\/p>\n<p>&nbsp;<\/p>\n<p><strong>DUSCHE UND TRINKBRUNNEN F\u00dcR HUNDE<\/strong><\/p>\n<p>Auf dem Campingplatz haben wir eine Hundedusche, wo Sie Ihren Hund nach der R\u00fcckkehr vom Strand bequem absp\u00fclen k\u00f6nnen, bevor Sie zur Unterkunft oder zum Stellplatz zur\u00fcckkehren, oder bevor Sie im Supermarkt vorbeischauen, um Last-Minute-Eink\u00e4ufe zu erledigen oder, warum nicht, bevor Sie in unserer Bar einen Aperitif vor dem Abendessen genie\u00dfen.<\/p>\n<p>&nbsp;<\/p>\n<p>&nbsp;<\/p>\n<p><strong>DER PINIENWALD VON CASAL BORSETTI<\/strong><\/p>\n<p>Am fr\u00fchen Morgen gibt es keinen besseren Ort, um Ihren treuen vierbeinigen Freund spazieren zu f\u00fchren. Der Schatten, die frische Luft, der weiche Boden, bedeckt mit Kiefernnadeln, sind der perfekte Rahmen f\u00fcr den Urlaub Ihres Hundes.<\/p>\n<p>&nbsp;<\/p>\n<p>&nbsp;<\/p>\n<p><strong>EMPFEHLUNGEN<\/strong><\/p>\n<p>Leine und Kotbeutel immer dabei haben.&#8220;<\/p>\n<p>&nbsp;<\/p>\n<p>&nbsp;<\/p>\n<p data-sourcepos=\"31:1-31:80\">Der Campingplatz Reno,<strong> Kleiner Campingplatz Italie Adria mit Hund Ravenna<\/strong>,\u00a0 verf\u00fcgt \u00fcber <a href=\"https:\/\/www.campingreno.it\/de\/campingplatz-ravenna-italien-unterkuenfte\/\"><strong>Unterk\u00fcnfte<\/strong><\/a> und <a href=\"https:\/\/www.campingreno.it\/de\/camping-mit-stellplaetzen-ravenna-italien\/\"><strong>Stellpl\u00e4tze<\/strong><\/a> f\u00fcr Ihren Urlaub am Meer in Casal Borsetti, Ravenna.<\/p>\n<p data-sourcepos=\"31:1-31:80\"><a href=\"https:\/\/www.scidoo.com\/preventivov2\/?cod=1209&amp;dataarr=2025-4-5&amp;notti=7&amp;adult=1&amp;children=&amp;IDsotto_struttura=0&amp;lang=4\"><strong>Verf\u00fcgbarkeit pr\u00fcfen und jetzt buchen<\/strong><\/a><\/p>\n","protected":false},"excerpt":{"rendered":"<p>Am Strand, an der Bar, im Restaurant, auf dem Stellplatz, im Bungalow oder Mobilheim Am Camping Reno, Campingplatz Italie Adria mit Hund Ravenna &nbsp; HUNDEFREUNDLICHER STRAND Etwa 50-60 Meter vom Tor entfernt, das den Zugang zum wundersch\u00f6nen feinen Sandstrand des Camping Reno, Campingplatz Italie Adria mit Hund Ravenna, er\u00f6ffnet, mit einem sanft abfallenden Meeresboden, gibt [&hellip;]<\/p>\n","protected":false},"author":212,"featured_media":1991,"parent":0,"menu_order":300,"comment_status":"closed","ping_status":"closed","template":"","meta":{"footnotes":""},"yoast_head":"<!-- This site is optimized with the Yoast SEO plugin v22.3 - https:\/\/yoast.com\/wordpress\/plugins\/seo\/ -->\n<title>Campingplatz Italie Adria mit Hund Ravenna | Camping Reno<\/title>\n<meta name=\"description\" content=\"Entdecken Sie den Camping Reno, Campingplatz Italie Adria mit Hund Ravenna, direkt am Meer. Fordern Sie ein Angebot an!\" \/>\n<meta name=\"robots\" content=\"index, follow, max-snippet:-1, max-image-preview:large, max-video-preview:-1\" \/>\n<link rel=\"canonical\" href=\"https:\/\/www.campingreno.it\/de\/campingplatz-italie-adria-mit-hund-ravenna\/\" \/>\n<meta property=\"og:locale\" content=\"de_DE\" \/>\n<meta property=\"og:type\" content=\"article\" \/>\n<meta property=\"og:title\" content=\"Campingplatz Italie Adria mit Hund Ravenna | Camping Reno\" \/>\n<meta property=\"og:description\" content=\"Entdecken Sie den Camping Reno, Campingplatz Italie Adria mit Hund Ravenna, direkt am Meer. Fordern Sie ein Angebot an!\" \/>\n<meta property=\"og:url\" content=\"https:\/\/www.campingreno.it\/de\/campingplatz-italie-adria-mit-hund-ravenna\/\" \/>\n<meta property=\"og:site_name\" content=\"Camping Reno\" \/>\n<meta property=\"article:publisher\" content=\"https:\/\/facebook.com\/tomasitourism\" \/>\n<meta property=\"article:modified_time\" content=\"2025-06-24T09:01:56+00:00\" \/>\n<meta property=\"og:image\" content=\"https:\/\/www.campingreno.it\/wp-content\/uploads\/sites\/192\/2025\/03\/CANI-DDD.jpg\" \/>\n\t<meta property=\"og:image:width\" content=\"550\" \/>\n\t<meta property=\"og:image:height\" content=\"367\" \/>\n\t<meta property=\"og:image:type\" content=\"image\/jpeg\" \/>\n<meta name=\"twitter:card\" content=\"summary_large_image\" \/>\n<meta name=\"twitter:label1\" content=\"Gesch\u00e4tzte Lesezeit\" \/>\n\t<meta name=\"twitter:data1\" content=\"3 Minuten\" \/>\n<script type=\"application\/ld+json\" class=\"yoast-schema-graph\">{\"@context\":\"https:\/\/schema.org\",\"@graph\":[{\"@type\":\"WebPage\",\"@id\":\"https:\/\/www.campingreno.it\/de\/campingplatz-italie-adria-mit-hund-ravenna\/\",\"url\":\"https:\/\/www.campingreno.it\/de\/campingplatz-italie-adria-mit-hund-ravenna\/\",\"name\":\"Campingplatz Italie Adria mit Hund Ravenna | Camping Reno\",\"isPartOf\":{\"@id\":\"https:\/\/www.campingreno.it\/de\/#website\"},\"primaryImageOfPage\":{\"@id\":\"https:\/\/www.campingreno.it\/de\/campingplatz-italie-adria-mit-hund-ravenna\/#primaryimage\"},\"image\":{\"@id\":\"https:\/\/www.campingreno.it\/de\/campingplatz-italie-adria-mit-hund-ravenna\/#primaryimage\"},\"thumbnailUrl\":\"https:\/\/www.campingreno.it\/wp-content\/uploads\/sites\/192\/2025\/03\/CANI-DDD.jpg\",\"datePublished\":\"2025-01-22T16:09:54+00:00\",\"dateModified\":\"2025-06-24T09:01:56+00:00\",\"description\":\"Entdecken Sie den Camping Reno, Campingplatz Italie Adria mit Hund Ravenna, direkt am Meer. Fordern Sie ein Angebot an!\",\"breadcrumb\":{\"@id\":\"https:\/\/www.campingreno.it\/de\/campingplatz-italie-adria-mit-hund-ravenna\/#breadcrumb\"},\"inLanguage\":\"de-DE\",\"potentialAction\":[{\"@type\":\"ReadAction\",\"target\":[\"https:\/\/www.campingreno.it\/de\/campingplatz-italie-adria-mit-hund-ravenna\/\"]}]},{\"@type\":\"ImageObject\",\"inLanguage\":\"de-DE\",\"@id\":\"https:\/\/www.campingreno.it\/de\/campingplatz-italie-adria-mit-hund-ravenna\/#primaryimage\",\"url\":\"https:\/\/www.campingreno.it\/wp-content\/uploads\/sites\/192\/2025\/03\/CANI-DDD.jpg\",\"contentUrl\":\"https:\/\/www.campingreno.it\/wp-content\/uploads\/sites\/192\/2025\/03\/CANI-DDD.jpg\",\"width\":550,\"height\":367,\"caption\":\"Campingplatz Italie Adria mit Hund Ravenna - Camping Reno\"},{\"@type\":\"BreadcrumbList\",\"@id\":\"https:\/\/www.campingreno.it\/de\/campingplatz-italie-adria-mit-hund-ravenna\/#breadcrumb\",\"itemListElement\":[{\"@type\":\"ListItem\",\"position\":1,\"name\":\"Home\",\"item\":\"https:\/\/www.campingreno.it\/de\/\"},{\"@type\":\"ListItem\",\"position\":2,\"name\":\"Hunde erlaubt\"}]},{\"@type\":\"WebSite\",\"@id\":\"https:\/\/www.campingreno.it\/de\/#website\",\"url\":\"https:\/\/www.campingreno.it\/de\/\",\"name\":\"Camping Reno\",\"description\":\"\",\"publisher\":{\"@id\":\"https:\/\/www.campingreno.it\/de\/#organization\"},\"potentialAction\":[{\"@type\":\"SearchAction\",\"target\":{\"@type\":\"EntryPoint\",\"urlTemplate\":\"https:\/\/www.campingreno.it\/de\/?s={search_term_string}\"},\"query-input\":\"required name=search_term_string\"}],\"inLanguage\":\"de-DE\"},{\"@type\":\"Organization\",\"@id\":\"https:\/\/www.campingreno.it\/de\/#organization\",\"name\":\"Camping Reno\",\"url\":\"https:\/\/www.campingreno.it\/de\/\",\"logo\":{\"@type\":\"ImageObject\",\"inLanguage\":\"de-DE\",\"@id\":\"https:\/\/www.campingreno.it\/de\/#\/schema\/logo\/image\/\",\"url\":\"https:\/\/www.campingreno.it\/wp-content\/uploads\/sites\/192\/2024\/12\/logo_reno-no-sfondo-2.png\",\"contentUrl\":\"https:\/\/www.campingreno.it\/wp-content\/uploads\/sites\/192\/2024\/12\/logo_reno-no-sfondo-2.png\",\"width\":567,\"height\":286,\"caption\":\"Camping Reno\"},\"image\":{\"@id\":\"https:\/\/www.campingreno.it\/de\/#\/schema\/logo\/image\/\"},\"sameAs\":[\"https:\/\/facebook.com\/tomasitourism\",\"https:\/\/instagram.com\/camping_reno\"]}]}<\/script>\n<!-- \/ Yoast SEO plugin. -->","yoast_head_json":{"title":"Campingplatz Italie Adria mit Hund Ravenna | Camping Reno","description":"Entdecken Sie den Camping Reno, Campingplatz Italie Adria mit Hund Ravenna, direkt am Meer. Fordern Sie ein Angebot an!","robots":{"index":"index","follow":"follow","max-snippet":"max-snippet:-1","max-image-preview":"max-image-preview:large","max-video-preview":"max-video-preview:-1"},"canonical":"https:\/\/www.campingreno.it\/de\/campingplatz-italie-adria-mit-hund-ravenna\/","og_locale":"de_DE","og_type":"article","og_title":"Campingplatz Italie Adria mit Hund Ravenna | Camping Reno","og_description":"Entdecken Sie den Camping Reno, Campingplatz Italie Adria mit Hund Ravenna, direkt am Meer. Fordern Sie ein Angebot an!","og_url":"https:\/\/www.campingreno.it\/de\/campingplatz-italie-adria-mit-hund-ravenna\/","og_site_name":"Camping Reno","article_publisher":"https:\/\/facebook.com\/tomasitourism","article_modified_time":"2025-06-24T09:01:56+00:00","og_image":[{"width":550,"height":367,"url":"https:\/\/www.campingreno.it\/wp-content\/uploads\/sites\/192\/2025\/03\/CANI-DDD.jpg","type":"image\/jpeg"}],"twitter_card":"summary_large_image","twitter_misc":{"Gesch\u00e4tzte Lesezeit":"3 Minuten"},"schema":{"@context":"https:\/\/schema.org","@graph":[{"@type":"WebPage","@id":"https:\/\/www.campingreno.it\/de\/campingplatz-italie-adria-mit-hund-ravenna\/","url":"https:\/\/www.campingreno.it\/de\/campingplatz-italie-adria-mit-hund-ravenna\/","name":"Campingplatz Italie Adria mit Hund Ravenna | Camping Reno","isPartOf":{"@id":"https:\/\/www.campingreno.it\/de\/#website"},"primaryImageOfPage":{"@id":"https:\/\/www.campingreno.it\/de\/campingplatz-italie-adria-mit-hund-ravenna\/#primaryimage"},"image":{"@id":"https:\/\/www.campingreno.it\/de\/campingplatz-italie-adria-mit-hund-ravenna\/#primaryimage"},"thumbnailUrl":"https:\/\/www.campingreno.it\/wp-content\/uploads\/sites\/192\/2025\/03\/CANI-DDD.jpg","datePublished":"2025-01-22T16:09:54+00:00","dateModified":"2025-06-24T09:01:56+00:00","description":"Entdecken Sie den Camping Reno, Campingplatz Italie Adria mit Hund Ravenna, direkt am Meer. Fordern Sie ein Angebot an!","breadcrumb":{"@id":"https:\/\/www.campingreno.it\/de\/campingplatz-italie-adria-mit-hund-ravenna\/#breadcrumb"},"inLanguage":"de-DE","potentialAction":[{"@type":"ReadAction","target":["https:\/\/www.campingreno.it\/de\/campingplatz-italie-adria-mit-hund-ravenna\/"]}]},{"@type":"ImageObject","inLanguage":"de-DE","@id":"https:\/\/www.campingreno.it\/de\/campingplatz-italie-adria-mit-hund-ravenna\/#primaryimage","url":"https:\/\/www.campingreno.it\/wp-content\/uploads\/sites\/192\/2025\/03\/CANI-DDD.jpg","contentUrl":"https:\/\/www.campingreno.it\/wp-content\/uploads\/sites\/192\/2025\/03\/CANI-DDD.jpg","width":550,"height":367,"caption":"Campingplatz Italie Adria mit Hund Ravenna - Camping Reno"},{"@type":"BreadcrumbList","@id":"https:\/\/www.campingreno.it\/de\/campingplatz-italie-adria-mit-hund-ravenna\/#breadcrumb","itemListElement":[{"@type":"ListItem","position":1,"name":"Home","item":"https:\/\/www.campingreno.it\/de\/"},{"@type":"ListItem","position":2,"name":"Hunde erlaubt"}]},{"@type":"WebSite","@id":"https:\/\/www.campingreno.it\/de\/#website","url":"https:\/\/www.campingreno.it\/de\/","name":"Camping Reno","description":"","publisher":{"@id":"https:\/\/www.campingreno.it\/de\/#organization"},"potentialAction":[{"@type":"SearchAction","target":{"@type":"EntryPoint","urlTemplate":"https:\/\/www.campingreno.it\/de\/?s={search_term_string}"},"query-input":"required name=search_term_string"}],"inLanguage":"de-DE"},{"@type":"Organization","@id":"https:\/\/www.campingreno.it\/de\/#organization","name":"Camping Reno","url":"https:\/\/www.campingreno.it\/de\/","logo":{"@type":"ImageObject","inLanguage":"de-DE","@id":"https:\/\/www.campingreno.it\/de\/#\/schema\/logo\/image\/","url":"https:\/\/www.campingreno.it\/wp-content\/uploads\/sites\/192\/2024\/12\/logo_reno-no-sfondo-2.png","contentUrl":"https:\/\/www.campingreno.it\/wp-content\/uploads\/sites\/192\/2024\/12\/logo_reno-no-sfondo-2.png","width":567,"height":286,"caption":"Camping Reno"},"image":{"@id":"https:\/\/www.campingreno.it\/de\/#\/schema\/logo\/image\/"},"sameAs":["https:\/\/facebook.com\/tomasitourism","https:\/\/instagram.com\/camping_reno"]}]}},"acf":[],"_links":{"self":[{"href":"https:\/\/www.campingreno.it\/de\/wp-json\/wp\/v2\/pages\/1368"}],"collection":[{"href":"https:\/\/www.campingreno.it\/de\/wp-json\/wp\/v2\/pages"}],"about":[{"href":"https:\/\/www.campingreno.it\/de\/wp-json\/wp\/v2\/types\/page"}],"author":[{"embeddable":true,"href":"https:\/\/www.campingreno.it\/de\/wp-json\/wp\/v2\/users\/212"}],"replies":[{"embeddable":true,"href":"https:\/\/www.campingreno.it\/de\/wp-json\/wp\/v2\/comments?post=1368"}],"version-history":[{"count":0,"href":"https:\/\/www.campingreno.it\/de\/wp-json\/wp\/v2\/pages\/1368\/revisions"}],"wp:featuredmedia":[{"embeddable":true,"href":"https:\/\/www.campingreno.it\/de\/wp-json\/wp\/v2\/media\/1991"}],"wp:attachment":[{"href":"https:\/\/www.campingreno.it\/de\/wp-json\/wp\/v2\/media?parent=1368"}],"curies":[{"name":"wp","href":"https:\/\/api.w.org\/{rel}","templated":true}]}}