   {"id":1370,"date":"2025-01-07T12:27:42","date_gmt":"2025-01-07T12:27:42","guid":{"rendered":"https:\/\/www.campingreno.it\/?page_id=1370"},"modified":"2025-11-26T12:14:52","modified_gmt":"2025-11-26T12:14:52","slug":"stornierungsbedingungen-camping-italie-ravenna","status":"publish","type":"page","link":"https:\/\/www.campingreno.it\/de\/stornierungsbedingungen-camping-italie-ravenna\/","title":{"rendered":"Stornierungsbedingungen"},"content":{"rendered":"<p data-sourcepos=\"3:1-3:45\"><strong>STORNIERUNGSBEDINGUNGEN CAMPING ITALIE RAVENNA | CAMPING RENO<\/strong><\/p>\n<p>&nbsp;<\/p>\n<p>&nbsp;<\/p>\n<p><strong>Art. 1: Stornierungsmitteilung<\/strong><\/p>\n<ol>\n<li>Die Stornierung des Aufenthalts muss schriftlich per E-Mail an die Adresse annullamenti@campingreno.it mitgeteilt werden.<\/li>\n<li>Telefonisch mitgeteilte Stornierungen werden nicht ber\u00fccksichtigt.<\/li>\n<li>Die Stornierungsbearbeitung erfolgt sp\u00e4testens 48 Stunden nach Eingang der E-Mail.<\/li>\n<\/ol>\n<p>&nbsp;<\/p>\n<p>&nbsp;<\/p>\n<p><strong>Art. 2: Stornierung von Bungalows<\/strong><\/p>\n<ol>\n<li>Bei einer Stornierung, die <strong>bis 8 Tage<\/strong> vor dem Ankunftsdatum eingeht, erstattet der Camping Villaggio die geleistete Anzahlung, von der bis zu 100,00 \u20ac f\u00fcr Bearbeitungsgeb\u00fchren zuz\u00fcglich eventueller Bankgeb\u00fchren abgezogen werden. In jedem Fall kann der Campingplatz\/das Feriendorf die Buchung <b>innerhalb von 7 Tagen nach Erhalt der Anzahlung<\/b> stornieren und die R\u00fcckerstattung des vom Kunden gezahlten Betrags per Bank\u00fcberweisung oder durch Stornierung der Kreditkartenzahlung veranlassen.<\/li>\n<li>Bei einer Stornierung, <strong>die zwischen 7 und 2<\/strong> Tagen vor dem Ankunftsdatum eingeht, stellt der Camping Villaggio ausschlie\u00dflich f\u00fcr die unten aufgef\u00fchrten F\u00e4lle einen Gutschein in H\u00f6he des gezahlten Betrags aus, abz\u00fcglich 100,00 \u20ac f\u00fcr Bearbeitungsgeb\u00fchren. Der Gutschein muss innerhalb des Jahres nach dem Ausstellungsjahr verwendet werden. Der Gutschein wird nur bei unvorhersehbaren Gr\u00fcnden zum Zeitpunkt der Buchung ausgestellt, wie:<\/li>\n<li>Krankheit, Unfall oder Tod des Buchungsinhabers, klinisch dokumentiert.<\/li>\n<li>Krankheit, Unfall oder Tod eines Familienmitglieds, das zum Zeitpunkt der Buchungsbest\u00e4tigung im Anmeldeformular angegeben ist, klinisch dokumentiert.<\/li>\n<li>Unm\u00f6glichkeit des Buchungsinhabers, Urlaub zu nehmen, aufgrund einer K\u00fcndigung durch den Arbeitgeber. In diesem Fall muss der Buchungsinhaber eine Kopie des K\u00fcndigungsschreibens vorlegen.<\/li>\n<li>Bei einer Stornierung, die innerhalb <strong>von 1 Tag<\/strong> vor dem Ankunftsdatum eingeht, erfolgt keine R\u00fcckerstattung.<\/li>\n<\/ol>\n<p>&nbsp;<\/p>\n<p>&nbsp;<\/p>\n<p><strong>Art. 3: Stornierung von Stellpl\u00e4tzen<\/strong><\/p>\n<ol>\n<li>Bei einer Stornierung, die bis <strong>8 Tage<\/strong> vor dem Ankunftsdatum eingeht, erstattet der Camping Villaggio die geleistete Anzahlung, von der bis zu 50,00 \u20ac f\u00fcr Bearbeitungsgeb\u00fchren zuz\u00fcglich eventueller Bankgeb\u00fchren abgezogen werden.<\/li>\n<li>Bei einer Stornierung, die zwischen <strong>7 und 2 Tagen<\/strong> vor dem Ankunftsdatum eingeht, stellt der Camping Villaggio ausschlie\u00dflich f\u00fcr die unten aufgef\u00fchrten F\u00e4lle einen Gutschein in H\u00f6he des gezahlten Betrags aus, abz\u00fcglich 50,00 \u20ac f\u00fcr Bearbeitungsgeb\u00fchren. Der Gutschein muss innerhalb des Jahres nach dem Ausstellungsjahr verwendet werden. Der Gutschein wird nur bei unvorhersehbaren Gr\u00fcnden zum Zeitpunkt der Buchung ausgestellt, wie:<\/li>\n<li>Krankheit, Unfall oder Tod des Buchungsinhabers, klinisch dokumentiert.<\/li>\n<li>Krankheit, Unfall oder Tod eines Familienmitglieds, das zum Zeitpunkt der Buchungsbest\u00e4tigung im Anmeldeformular angegeben ist, klinisch dokumentiert.<\/li>\n<li>Unm\u00f6glichkeit des Buchungsinhabers, Urlaub zu nehmen, aufgrund einer K\u00fcndigung durch den Arbeitgeber. In diesem Fall muss der Buchungsinhaber eine Kopie des K\u00fcndigungsschreibens vorlegen.<\/li>\n<li>Bei einer Stornierung, die innerhalb von <strong>1 Tag<\/strong> vor dem Ankunftsdatum eingeht, erfolgt keine R\u00fcckerstattung.<\/li>\n<\/ol>\n<p>&nbsp;<\/p>\n<p><strong>Art. 4: \u00c4nderung der Aufenthaltsdaten<\/strong><br \/>\nDie Anfrage zur \u00c4nderung der Aufenthaltsdaten unterliegt den folgenden Bedingungen sowie der Verf\u00fcgbarkeit der Unterkunft oder des Stellplatzes. Jede \u00c4nderungsanfrage muss schriftlich per E-Mail an annullamenti@campingreno.it gesendet werden und gilt erst nach schriftlicher Best\u00e4tigung durch die Direktion und vorbehaltlich der Verf\u00fcgbarkeit als akzeptiert.<\/p>\n<p>&nbsp;<\/p>\n<ol>\n<li><strong>Bis 60 Tage vor Anreise:<\/strong> Es ist m\u00f6glich, eine \u00c4nderung der Aufenthaltsdaten ohne Stornogeb\u00fchren zu beantragen. Der bereits als Anzahlung oder Restzahlung geleistete Betrag wird in ein Guthaben f\u00fcr den neuen Aufenthalt umgewandelt. Eventuelle Tarifunterschiede (z.B. wenn der neue Zeitraum teurer ist) gehen zu Lasten des Kunden.<\/li>\n<li><strong>Bis 30 Tage vor Anreise:<\/strong> Es ist m\u00f6glich, eine \u00c4nderung der Aufenthaltsdaten gegen eine Geb\u00fchr zu beantragen. Die Geb\u00fchr betr\u00e4gt 100 \u20ac f\u00fcr die Unterkunft und 50 \u20ac f\u00fcr Stellpl\u00e4tze. Der bereits als Anzahlung oder Restzahlung geleistete Betrag wird in ein Guthaben f\u00fcr den neuen Aufenthalt umgewandelt. Eventuelle Tarifunterschiede (z.B. wenn der neue Zeitraum teurer ist) gehen zu Lasten des Kunden. Eine R\u00fcckerstattung bei geringeren Kosten ist nicht vorgesehen.<\/li>\n<li><strong>Bis 7 Tage vor Anreise:<\/strong> Eine \u00c4nderung der Aufenthaltsdaten ist nicht mehr m\u00f6glich.<\/li>\n<\/ol>\n<p>&nbsp;<\/p>\n<p>Die \u00c4nderung unterliegt der Verf\u00fcgbarkeit. Sollte das gew\u00fcnschte Datum nicht verf\u00fcgbar sein, kann der Kunde einen anderen Zeitraum w\u00e4hlen oder es gelten alternativ die in der Sektion &#8222;Stornierung&#8220; festgelegten Standard-Stornierungsbedingungen.<\/p>\n<p>&nbsp;<\/p>\n<p>&nbsp;<\/p>\n<p><strong>Art. 5: Versp\u00e4tete Ankunft<\/strong><\/p>\n<ol>\n<li>Bei versp\u00e4teter Ankunft muss der Kunde in jedem Fall den vollen Betrag bezahlen, der im Buchungsschreiben vereinbart wurde.<\/li>\n<li>Bei versp\u00e4teter Ankunft, die innerhalb von 14 Tagen vor dem Ankunftsdatum mitgeteilt wird und auf die oben genannten unvorhersehbaren Ereignisse zur\u00fcckzuf\u00fchren ist, wird ein Gutschein f\u00fcr die nicht genutzten Tage ausgestellt. Nach diesem Datum erfolgt keine R\u00fcckerstattung.<\/li>\n<\/ol>\n<p>&nbsp;<\/p>\n<p>&nbsp;<\/p>\n<p><strong>Art. 6: Vorzeitige Abreise<\/strong><\/p>\n<ol>\n<li>Bei vorzeitiger Abreise erfolgt keine R\u00fcckerstattung f\u00fcr die nicht genutzten Urlaubstage.<\/li>\n<li>Bei vorzeitiger Abreise, die ausschlie\u00dflich auf Krankheit oder Unfall zur\u00fcckzuf\u00fchren ist, wird ein Gutschein f\u00fcr die nicht genutzten Tage ausgestellt. Dies erfolgt nur nach Vorlage einer Kopie der Bescheinigung der Notaufnahme oder des \u00e4rztlichen Bereitschaftsdienstes bei der Direktion.<\/li>\n<\/ol>\n<p>&nbsp;<\/p>\n<p>&nbsp;<\/p>\n<p>&nbsp;<\/p>\n<p data-sourcepos=\"31:1-31:80\">Der Campingplatz Reno,<strong> Stornierungsbedingungen Camping Italie Ravenna<\/strong>,\u00a0 verf\u00fcgt \u00fcber <a href=\"https:\/\/www.campingreno.it\/de\/campingplatz-ravenna-italien-unterkuenfte\/\"><strong>Unterk\u00fcnfte<\/strong><\/a> und <a href=\"https:\/\/www.campingreno.it\/de\/camping-mit-stellplaetzen-ravenna-italien\/\"><strong>Stellpl\u00e4tze<\/strong><\/a> f\u00fcr Ihren Urlaub am Meer in Casal Borsetti, Ravenna.<\/p>\n<p data-sourcepos=\"31:1-31:80\"><a href=\"https:\/\/www.scidoo.com\/preventivov2\/?cod=1209&amp;dataarr=2025-4-5&amp;notti=7&amp;adult=1&amp;children=&amp;IDsotto_struttura=0&amp;lang=4\"><strong>Verf\u00fcgbarkeit pr\u00fcfen und jetzt buchen<\/strong><\/a><\/p>\n","protected":false},"excerpt":{"rendered":"<p>STORNIERUNGSBEDINGUNGEN CAMPING ITALIE RAVENNA | CAMPING RENO &nbsp; &nbsp; Art. 1: Stornierungsmitteilung Die Stornierung des Aufenthalts muss schriftlich per E-Mail an die Adresse annullamenti@campingreno.it mitgeteilt werden. Telefonisch mitgeteilte Stornierungen werden nicht ber\u00fccksichtigt. Die Stornierungsbearbeitung erfolgt sp\u00e4testens 48 Stunden nach Eingang der E-Mail. &nbsp; &nbsp; Art. 2: Stornierung von Bungalows Bei einer Stornierung, die bis 8 [&hellip;]<\/p>\n","protected":false},"author":212,"featured_media":0,"parent":0,"menu_order":300,"comment_status":"closed","ping_status":"closed","template":"","meta":{"footnotes":""},"yoast_head":"<!-- This site is optimized with the Yoast SEO plugin v22.3 - https:\/\/yoast.com\/wordpress\/plugins\/seo\/ -->\n<title>Stornierungsbedingungen Camping Italie Ravenna | Camping Reno<\/title>\n<meta name=\"description\" content=\"Stornierungsbedingungen Camping Italie Ravenna des Camping Reno in Casal Borsetti, Campingplatz direkt am Meer. Fordern Sie ein Angebot an!\" \/>\n<meta name=\"robots\" content=\"index, follow, max-snippet:-1, max-image-preview:large, max-video-preview:-1\" \/>\n<link rel=\"canonical\" href=\"https:\/\/www.campingreno.it\/de\/stornierungsbedingungen-camping-italie-ravenna\/\" \/>\n<meta property=\"og:locale\" content=\"de_DE\" \/>\n<meta property=\"og:type\" content=\"article\" \/>\n<meta property=\"og:title\" content=\"Stornierungsbedingungen Camping Italie Ravenna | Camping Reno\" \/>\n<meta property=\"og:description\" content=\"Stornierungsbedingungen Camping Italie Ravenna des Camping Reno in Casal Borsetti, Campingplatz direkt am Meer. Fordern Sie ein Angebot an!\" \/>\n<meta property=\"og:url\" content=\"https:\/\/www.campingreno.it\/de\/stornierungsbedingungen-camping-italie-ravenna\/\" \/>\n<meta property=\"og:site_name\" content=\"Camping Reno\" \/>\n<meta property=\"article:publisher\" content=\"https:\/\/facebook.com\/tomasitourism\" \/>\n<meta property=\"article:modified_time\" content=\"2025-11-26T12:14:52+00:00\" \/>\n<meta property=\"og:image\" content=\"https:\/\/www.campingreno.it\/wp-content\/uploads\/sites\/192\/2024\/12\/open_air_air_lodge_tent.jpg\" \/>\n\t<meta property=\"og:image:width\" content=\"2200\" \/>\n\t<meta property=\"og:image:height\" content=\"1200\" \/>\n\t<meta property=\"og:image:type\" content=\"image\/jpeg\" \/>\n<meta name=\"twitter:card\" content=\"summary_large_image\" \/>\n<meta name=\"twitter:label1\" content=\"Gesch\u00e4tzte Lesezeit\" \/>\n\t<meta name=\"twitter:data1\" content=\"4 Minuten\" \/>\n<script type=\"application\/ld+json\" class=\"yoast-schema-graph\">{\"@context\":\"https:\/\/schema.org\",\"@graph\":[{\"@type\":\"WebPage\",\"@id\":\"https:\/\/www.campingreno.it\/de\/stornierungsbedingungen-camping-italie-ravenna\/\",\"url\":\"https:\/\/www.campingreno.it\/de\/stornierungsbedingungen-camping-italie-ravenna\/\",\"name\":\"Stornierungsbedingungen Camping Italie Ravenna | Camping Reno\",\"isPartOf\":{\"@id\":\"https:\/\/www.campingreno.it\/de\/#website\"},\"datePublished\":\"2025-01-07T12:27:42+00:00\",\"dateModified\":\"2025-11-26T12:14:52+00:00\",\"description\":\"Stornierungsbedingungen Camping Italie Ravenna des Camping Reno in Casal Borsetti, Campingplatz direkt am Meer. Fordern Sie ein Angebot an!\",\"breadcrumb\":{\"@id\":\"https:\/\/www.campingreno.it\/de\/stornierungsbedingungen-camping-italie-ravenna\/#breadcrumb\"},\"inLanguage\":\"de-DE\",\"potentialAction\":[{\"@type\":\"ReadAction\",\"target\":[\"https:\/\/www.campingreno.it\/de\/stornierungsbedingungen-camping-italie-ravenna\/\"]}]},{\"@type\":\"BreadcrumbList\",\"@id\":\"https:\/\/www.campingreno.it\/de\/stornierungsbedingungen-camping-italie-ravenna\/#breadcrumb\",\"itemListElement\":[{\"@type\":\"ListItem\",\"position\":1,\"name\":\"Home\",\"item\":\"https:\/\/www.campingreno.it\/de\/\"},{\"@type\":\"ListItem\",\"position\":2,\"name\":\"Stornierungsbedingungen\"}]},{\"@type\":\"WebSite\",\"@id\":\"https:\/\/www.campingreno.it\/de\/#website\",\"url\":\"https:\/\/www.campingreno.it\/de\/\",\"name\":\"Camping Reno\",\"description\":\"\",\"publisher\":{\"@id\":\"https:\/\/www.campingreno.it\/de\/#organization\"},\"potentialAction\":[{\"@type\":\"SearchAction\",\"target\":{\"@type\":\"EntryPoint\",\"urlTemplate\":\"https:\/\/www.campingreno.it\/de\/?s={search_term_string}\"},\"query-input\":\"required name=search_term_string\"}],\"inLanguage\":\"de-DE\"},{\"@type\":\"Organization\",\"@id\":\"https:\/\/www.campingreno.it\/de\/#organization\",\"name\":\"Camping Reno\",\"url\":\"https:\/\/www.campingreno.it\/de\/\",\"logo\":{\"@type\":\"ImageObject\",\"inLanguage\":\"de-DE\",\"@id\":\"https:\/\/www.campingreno.it\/de\/#\/schema\/logo\/image\/\",\"url\":\"https:\/\/www.campingreno.it\/wp-content\/uploads\/sites\/192\/2024\/12\/logo_reno-no-sfondo-2.png\",\"contentUrl\":\"https:\/\/www.campingreno.it\/wp-content\/uploads\/sites\/192\/2024\/12\/logo_reno-no-sfondo-2.png\",\"width\":567,\"height\":286,\"caption\":\"Camping Reno\"},\"image\":{\"@id\":\"https:\/\/www.campingreno.it\/de\/#\/schema\/logo\/image\/\"},\"sameAs\":[\"https:\/\/facebook.com\/tomasitourism\",\"https:\/\/instagram.com\/camping_reno\"]}]}<\/script>\n<!-- \/ Yoast SEO plugin. -->","yoast_head_json":{"title":"Stornierungsbedingungen Camping Italie Ravenna | Camping Reno","description":"Stornierungsbedingungen Camping Italie Ravenna des Camping Reno in Casal Borsetti, Campingplatz direkt am Meer. Fordern Sie ein Angebot an!","robots":{"index":"index","follow":"follow","max-snippet":"max-snippet:-1","max-image-preview":"max-image-preview:large","max-video-preview":"max-video-preview:-1"},"canonical":"https:\/\/www.campingreno.it\/de\/stornierungsbedingungen-camping-italie-ravenna\/","og_locale":"de_DE","og_type":"article","og_title":"Stornierungsbedingungen Camping Italie Ravenna | Camping Reno","og_description":"Stornierungsbedingungen Camping Italie Ravenna des Camping Reno in Casal Borsetti, Campingplatz direkt am Meer. Fordern Sie ein Angebot an!","og_url":"https:\/\/www.campingreno.it\/de\/stornierungsbedingungen-camping-italie-ravenna\/","og_site_name":"Camping Reno","article_publisher":"https:\/\/facebook.com\/tomasitourism","article_modified_time":"2025-11-26T12:14:52+00:00","og_image":[{"width":2200,"height":1200,"url":"https:\/\/www.campingreno.it\/wp-content\/uploads\/sites\/192\/2024\/12\/open_air_air_lodge_tent.jpg","type":"image\/jpeg"}],"twitter_card":"summary_large_image","twitter_misc":{"Gesch\u00e4tzte Lesezeit":"4 Minuten"},"schema":{"@context":"https:\/\/schema.org","@graph":[{"@type":"WebPage","@id":"https:\/\/www.campingreno.it\/de\/stornierungsbedingungen-camping-italie-ravenna\/","url":"https:\/\/www.campingreno.it\/de\/stornierungsbedingungen-camping-italie-ravenna\/","name":"Stornierungsbedingungen Camping Italie Ravenna | Camping Reno","isPartOf":{"@id":"https:\/\/www.campingreno.it\/de\/#website"},"datePublished":"2025-01-07T12:27:42+00:00","dateModified":"2025-11-26T12:14:52+00:00","description":"Stornierungsbedingungen Camping Italie Ravenna des Camping Reno in Casal Borsetti, Campingplatz direkt am Meer. Fordern Sie ein Angebot an!","breadcrumb":{"@id":"https:\/\/www.campingreno.it\/de\/stornierungsbedingungen-camping-italie-ravenna\/#breadcrumb"},"inLanguage":"de-DE","potentialAction":[{"@type":"ReadAction","target":["https:\/\/www.campingreno.it\/de\/stornierungsbedingungen-camping-italie-ravenna\/"]}]},{"@type":"BreadcrumbList","@id":"https:\/\/www.campingreno.it\/de\/stornierungsbedingungen-camping-italie-ravenna\/#breadcrumb","itemListElement":[{"@type":"ListItem","position":1,"name":"Home","item":"https:\/\/www.campingreno.it\/de\/"},{"@type":"ListItem","position":2,"name":"Stornierungsbedingungen"}]},{"@type":"WebSite","@id":"https:\/\/www.campingreno.it\/de\/#website","url":"https:\/\/www.campingreno.it\/de\/","name":"Camping Reno","description":"","publisher":{"@id":"https:\/\/www.campingreno.it\/de\/#organization"},"potentialAction":[{"@type":"SearchAction","target":{"@type":"EntryPoint","urlTemplate":"https:\/\/www.campingreno.it\/de\/?s={search_term_string}"},"query-input":"required name=search_term_string"}],"inLanguage":"de-DE"},{"@type":"Organization","@id":"https:\/\/www.campingreno.it\/de\/#organization","name":"Camping Reno","url":"https:\/\/www.campingreno.it\/de\/","logo":{"@type":"ImageObject","inLanguage":"de-DE","@id":"https:\/\/www.campingreno.it\/de\/#\/schema\/logo\/image\/","url":"https:\/\/www.campingreno.it\/wp-content\/uploads\/sites\/192\/2024\/12\/logo_reno-no-sfondo-2.png","contentUrl":"https:\/\/www.campingreno.it\/wp-content\/uploads\/sites\/192\/2024\/12\/logo_reno-no-sfondo-2.png","width":567,"height":286,"caption":"Camping Reno"},"image":{"@id":"https:\/\/www.campingreno.it\/de\/#\/schema\/logo\/image\/"},"sameAs":["https:\/\/facebook.com\/tomasitourism","https:\/\/instagram.com\/camping_reno"]}]}},"acf":[],"_links":{"self":[{"href":"https:\/\/www.campingreno.it\/de\/wp-json\/wp\/v2\/pages\/1370"}],"collection":[{"href":"https:\/\/www.campingreno.it\/de\/wp-json\/wp\/v2\/pages"}],"about":[{"href":"https:\/\/www.campingreno.it\/de\/wp-json\/wp\/v2\/types\/page"}],"author":[{"embeddable":true,"href":"https:\/\/www.campingreno.it\/de\/wp-json\/wp\/v2\/users\/212"}],"replies":[{"embeddable":true,"href":"https:\/\/www.campingreno.it\/de\/wp-json\/wp\/v2\/comments?post=1370"}],"version-history":[{"count":0,"href":"https:\/\/www.campingreno.it\/de\/wp-json\/wp\/v2\/pages\/1370\/revisions"}],"wp:attachment":[{"href":"https:\/\/www.campingreno.it\/de\/wp-json\/wp\/v2\/media?parent=1370"}],"curies":[{"name":"wp","href":"https:\/\/api.w.org\/{rel}","templated":true}]}}