   {"id":1372,"date":"2024-12-16T08:24:09","date_gmt":"2024-12-16T08:24:09","guid":{"rendered":"https:\/\/www.campingreno.it\/?page_id=1372"},"modified":"2025-03-14T11:14:49","modified_gmt":"2025-03-14T11:14:49","slug":"die-cookies-police-des-campingplatz-ravenna","status":"publish","type":"page","link":"https:\/\/www.campingreno.it\/de\/die-cookies-police-des-campingplatz-ravenna\/","title":{"rendered":"Cookies Policy"},"content":{"rendered":"<p data-sourcepos=\"3:1-3:38\"><strong>Die Cookies Police des Campingplatz Ravenna<\/strong><\/p>\n<p data-sourcepos=\"5:1-5:52\"><strong>Verwendung von Cookies durch ACME SRL.<\/strong><\/p>\n<p data-sourcepos=\"7:1-8:185\">Bitte beachten Sie, dass Tomasi Tourism srl Cookies oder andere Tracking-Tools auf ihrer Website <a href=\"https:\/\/www.campingreno.it\/\" target=\"_blank\" rel=\"noopener\">https:\/\/www.campingreno.it\/<\/a> verwendet. Tracking-Tools k\u00f6nnen auf dem Ger\u00e4t des Benutzers installiert werden, basierend auf den bereits ge\u00e4u\u00dferten Pr\u00e4ferenzen oder die jederzeit gem\u00e4\u00df dieser Richtlinie ge\u00e4u\u00dfert werden k\u00f6nnen.<\/p>\n<p data-sourcepos=\"10:1-10:39\"><strong>Wozu dienen die Cookie-Richtlinien?<\/strong><\/p>\n<p data-sourcepos=\"12:1-12:145\">Um maximale Transparenz zu gew\u00e4hrleisten, hat Tomasi Tourism srl diese Richtlinie erstellt, um dem Benutzer weitere Informationen zu bieten \u00fcber:<\/p>\n<ul data-sourcepos=\"14:1-16:0\">\n<li data-sourcepos=\"14:1-14:163\">Herkunft und Zweck der Informationen, die w\u00e4hrend der Navigation des Benutzers auf <a href=\"https:\/\/www.campingreno.it\/\" target=\"_blank\" rel=\"noopener\">https:\/\/www.campingreno.it\/<\/a> verarbeitet werden.<\/li>\n<li data-sourcepos=\"15:1-16:0\">Rechte des Benutzers in Bezug auf Cookies und andere von Tomasi Tourism srl verwendete Tracking-Tools.<\/li>\n<\/ul>\n<p>&nbsp;<\/p>\n<p data-sourcepos=\"17:1-17:23\"><strong>Was ist ein Cookie?<\/strong><\/p>\n<p data-sourcepos=\"19:1-22:39\">Cookies und \u00e4hnliche Tracking-Tools sind Datenpakete, die von Servern verwendet werden, um Statusinformationen an den Browser des Benutzers zu \u00fcbertragen und Statusinformationen \u00fcber denselben Browser an den Ursprungsserver zu senden. Beispiele f\u00fcr Statusinformationen sind die Kennung einer Sitzung, die Sprache, das Ablaufdatum, das Antwortfeld oder andere Arten von Informationen. W\u00e4hrend ihrer G\u00fcltigkeitsdauer werden Cookies verwendet, um Statusinformationen zu speichern, wenn der Benutzer \u00fcber einen Browser auf die verschiedenen Seiten einer Website zugreift oder dieselbe Website zu einem sp\u00e4teren Zeitpunkt erneut besucht. Es gibt verschiedene Arten von Cookies:<\/p>\n<ul data-sourcepos=\"24:1-26:0\">\n<li data-sourcepos=\"24:1-24:102\">Sitzungscookies werden gel\u00f6scht, sobald der Benutzer den Browser schlie\u00dft oder die Website verl\u00e4sst.<\/li>\n<li data-sourcepos=\"25:1-26:0\">Persistente Cookies bleiben auf dem Ger\u00e4t des Benutzers, bis sie ablaufen oder bis sie mithilfe der Browserfunktionen gel\u00f6scht werden.<\/li>\n<\/ul>\n<p>&nbsp;<\/p>\n<p data-sourcepos=\"27:1-27:32\"><strong>Warum verwenden wir Cookies?<\/strong><\/p>\n<p data-sourcepos=\"29:1-30:202\">Cookies und andere Tracking-Tools werden haupts\u00e4chlich aus folgenden Gr\u00fcnden verwendet: Cookies sind unerl\u00e4sslich, um auf der Website <a href=\"https:\/\/www.campingreno.it\/\" target=\"_blank\" rel=\"noopener\">https:\/\/www.campingreno.it\/<\/a> zu navigieren und deren Funktionen vollst\u00e4ndig zu nutzen, und erm\u00f6glichen insbesondere Folgendes:<\/p>\n<ul data-sourcepos=\"32:1-36:0\">\n<li data-sourcepos=\"32:1-32:197\">Verwaltung der Authentifizierung von Besuchern auf der Website und der damit verbundenen Sicherheitsma\u00dfnahmen sowie Gew\u00e4hrleistung des ordnungsgem\u00e4\u00dfen Funktionierens des Authentifizierungsmoduls.<\/li>\n<li data-sourcepos=\"33:1-33:139\">Optimierung der Benutzererfahrung und Vereinfachung der Navigation, insbesondere durch Bestimmung \u201etechnischer Pfade\u201c f\u00fcr die Navigation.<\/li>\n<li data-sourcepos=\"34:1-34:206\">Speicherung von Informationen \u00fcber das \u201eCookie\u201c-Informationsbanner, das von Besuchern der Website gesehen wird, die dann nach dem Akzeptieren von Cookies auf ihrem Ger\u00e4t weiter auf der Website navigieren.<\/li>\n<li data-sourcepos=\"35:1-36:0\">Ergreifung von Sicherheitsma\u00dfnahmen (z. B. wenn der Benutzer aufgefordert wird, sich nach einem bestimmten Zeitraum erneut anzumelden, um auf Inhalte oder Dienste zuzugreifen, oder um das grundlegende Funktionieren von <a href=\"https:\/\/www.campingreno.it\/\" target=\"_blank\" rel=\"noopener\">https:\/\/www.campingreno.it\/<\/a> und die Nutzung seiner Hauptfunktionen sicherzustellen, einschlie\u00dflich der \u00dcberwachung von Navigationsleistung und -fehlern, der Verwaltung von Benutzersitzungen usw.).<\/li>\n<\/ul>\n<p data-sourcepos=\"37:1-37:53\">Funktionscookies sind haupts\u00e4chlich erforderlich, um:<\/p>\n<ul data-sourcepos=\"39:1-42:0\">\n<li data-sourcepos=\"39:1-39:317\"><a href=\"https:\/\/www.campingreno.it\/\" target=\"_blank\" rel=\"noopener\">https:\/\/www.campingreno.it\/<\/a> an die Anzeigepr\u00e4ferenzen des Ger\u00e4ts des Benutzers anzupassen (Sprache, W\u00e4hrung, Bildschirmaufl\u00f6sung, verwendetes Betriebssystem, Konfiguration und Anzeigeeinstellungen von Webseiten basierend auf dem verwendeten Ger\u00e4t und dem Standort des Benutzers usw.).<\/li>\n<li data-sourcepos=\"40:1-40:319\">Informationen zu speichern, die der Benutzer auf <a href=\"https:\/\/www.campingreno.it\/\" target=\"_blank\" rel=\"noopener\">https:\/\/www.campingreno.it\/<\/a> eingibt, um seine nachfolgenden Besuche auf denselben Websites zu erleichtern und zu personalisieren (einschlie\u00dflich der Anzeige des Vor- und Nachnamens des Besuchers, falls er \u00fcber ein Benutzerkonto verf\u00fcgt).<\/li>\n<li data-sourcepos=\"41:1-42:0\">Dem Benutzer einen schnelleren Zugriff auf pers\u00f6nliche Seiten zu erm\u00f6glichen, indem zuvor eingegebene Daten oder Anmeldeinformationen gespeichert werden.<\/li>\n<\/ul>\n<p data-sourcepos=\"43:1-48:422\">Cookies zur Besucher-Tracking dienen dazu, die Benutzererfahrung zu verbessern, indem sie uns helfen zu verstehen, wie der Benutzer mit <a href=\"https:\/\/www.campingreno.it\/\" target=\"_blank\" rel=\"noopener\">https:\/\/www.campingreno.it\/<\/a> interagiert (meistbesuchte Seiten, verwendete Anwendungen usw.); Diese Cookies k\u00f6nnen statistische Daten sammeln oder die verschiedenen Anzeigemethoden von Informationen testen, um die Relevanz und Benutzerfreundlichkeit unserer Dienste zu verbessern. Cookies f\u00fcr Werbezwecke sind dazu bestimmt, (i) gezielte Inhalte innerhalb von Werbefl\u00e4chen vorzuschlagen, die den Benutzer interessieren k\u00f6nnten (beste Angebote, andere Ziele usw.), basierend auf seinen Interessen, seinem Navigationsverhalten, seinen Pr\u00e4ferenzen und anderen Faktoren; und (ii) die Anzahl der Anzeigenaufrufe zu reduzieren. Affiliate-Cookies identifizieren die Website von Drittanbietern, die einen Besucher auf <a href=\"https:\/\/www.campingreno.it\/\" target=\"_blank\" rel=\"noopener\">https:\/\/www.campingreno.it\/<\/a> umgeleitet hat. Cookies von sozialen Netzwerken, die von Dritten festgelegt werden, erm\u00f6glichen es dem Benutzer, seine Meinung und die Inhalte von <a href=\"https:\/\/www.campingreno.it\/\" target=\"_blank\" rel=\"noopener\">https:\/\/www.campingreno.it\/<\/a> in sozialen Netzwerken zu teilen (z. B. \u00fcber die Schaltfl\u00e4chen \u201eTeilen\u201c oder \u201eGef\u00e4llt mir\u201c von sozialen Netzwerken). In einigen F\u00e4llen k\u00f6nnen die oben genannten Anwendungen sozialer Netzwerke auf <a href=\"https:\/\/www.campingreno.it\/\" target=\"_blank\" rel=\"noopener\">https:\/\/www.campingreno.it\/<\/a> den entsprechenden sozialen Netzwerken erm\u00f6glichen, den Benutzer zu identifizieren, auch wenn er die Zugriffsschaltfl\u00e4che zur Anwendung nicht ausw\u00e4hlt. Diese Art von Schaltfl\u00e4che kann einem sozialen Netzwerk erm\u00f6glichen, die Navigationsaktivit\u00e4t des Benutzers auf <a href=\"https:\/\/www.campingreno.it\/\" target=\"_blank\" rel=\"noopener\">https:\/\/www.campingreno.it\/<\/a> zu \u00fcberwachen, einfach weil das Konto des sozialen Netzwerks auf dem Ger\u00e4t des Benutzers aktiviert ist (Sitzung ge\u00f6ffnet) w\u00e4hrend der Navigation. Wir empfehlen dem Benutzer, die Nutzungsrichtlinien der oben genannten sozialen Netzwerke zu lesen, um besser zu verstehen, wie diese die Navigationsinformationen verwenden, die sie sammeln k\u00f6nnen, insbesondere in Bezug auf Werbezwecke. Diese Richtlinien m\u00fcssen dem Benutzer ausdr\u00fccklich erm\u00f6glichen, Entscheidungen in sozialen Netzwerken zu treffen, insbesondere durch Konfiguration von Benutzerkonten f\u00fcr jede Anwendung.<\/p>\n<p data-sourcepos=\"50:1-50:14\"><strong>Zustimmung<\/strong><\/p>\n<p data-sourcepos=\"52:1-54:139\">F\u00fcr die Installation einiger Cookies ist die Zustimmung des Benutzers erforderlich. Der Benutzer wird auch beim ersten Besuch von <a href=\"https:\/\/www.campingreno.it\/\" target=\"_blank\" rel=\"noopener\">https:\/\/www.campingreno.it\/<\/a> aufgefordert, die Installation dieser Art von Cookies zu autorisieren, die erst nach seiner Zustimmung aktiviert werden. Dieses Verfahren erfolgt \u00fcber ein Informationsbanner auf der Homepage von <a href=\"https:\/\/www.campingreno.it\/\" target=\"_blank\" rel=\"noopener\">https:\/\/www.campingreno.it\/<\/a>, in dem der Benutzer dar\u00fcber informiert wird, dass er durch Fortsetzung der Navigation die Installation von Cookies auf seinem Ger\u00e4t akzeptiert, f\u00fcr die eine Autorisierung erforderlich ist. Der Benutzer kann seine Wahl jederzeit mithilfe einer der im Abschnitt \u201eCookies l\u00f6schen und\/oder blockieren\u201c beschriebenen Methoden \u00e4ndern.<\/p>\n<p data-sourcepos=\"56:1-56:39\"><strong>Cookies l\u00f6schen und\/oder blockieren<\/strong><\/p>\n<p data-sourcepos=\"58:1-58:81\">Es gibt verschiedene M\u00f6glichkeiten, Cookies und andere Tracking-Tools zu l\u00f6schen.<\/p>\n<p data-sourcepos=\"60:1-60:24\"><strong>Browsereinstellungen<\/strong><\/p>\n<p data-sourcepos=\"62:1-64:264\">Obwohl die meisten Browser Cookies standardm\u00e4\u00dfig akzeptieren, kann der Benutzer, wenn er dies w\u00fcnscht, entscheiden, alle Cookies zu akzeptieren, Cookies immer zu blockieren oder auszuw\u00e4hlen, welche Cookies er basierend auf ihrer Herkunft akzeptieren m\u00f6chte. Es ist auch m\u00f6glich, den Browser so einzustellen, dass Cookies einzeln akzeptiert oder blockiert werden, bevor sie installiert werden. Der Browser erm\u00f6glicht es dem Benutzer auch, Cookies regelm\u00e4\u00dfig von seinem Ger\u00e4t zu l\u00f6schen. Es ist wichtig, sich daran zu erinnern, alle auf den verschiedenen Ger\u00e4ten (Tablets, Smartphones, Computer usw.) installierten Browser zu konfigurieren. In Bezug auf die Verwaltung von Cookies und Benutzerpr\u00e4ferenzen variiert die Konfiguration von Browser zu Browser. Diese Einstellungen werden im Men\u00fc \u201eHilfe\u201c des verwendeten Browsers beschrieben, wo auch die Cookie-Pr\u00e4ferenzen ge\u00e4ndert werden k\u00f6nnen. Zum Beispiel:<\/p>\n<ul data-sourcepos=\"66:1-71:0\">\n<li data-sourcepos=\"66:1-66:269\">F\u00fcr Microsoft Edge\u2122: <a href=\"https:\/\/support.microsoft.com\/en-us\/windows\/microsoft-edge-browsing-data-and-privacy-bb8174ba-9d73-dcf2-9b4a-c582b4e640dd\" target=\"_blank\" rel=\"noopener\">https:\/\/support.microsoft.com\/en-us\/windows\/microsoft-edge-browsing-data-and-privacy-bb8174ba-9d73-dcf2-9b4a-c582b4e640dd<\/a><\/li>\n<li data-sourcepos=\"67:1-67:200\">F\u00fcr Safari\u2122: <a href=\"https:\/\/support.apple.com\/guide\/safari\/manage-cookies-and-website-data-sfri11471\/mac\" target=\"_blank\" rel=\"noopener\"><span class=\"citation-0\">https:\/\/support.apple.com\/guide\/safari\/manage-cookies-and-website-data-sfri11471\/mac<\/span><\/a><span class=\"button-container hide-from-message-actions ng-star-inserted\"> \u00a0 <button class=\"mat-mdc-tooltip-trigger button image-fade-on hide-from-message-actions\" aria-controls=\"sources\" aria-expanded=\"false\" aria-describedby=\"cdk-describedby-message-ng-1-249\"><\/button><\/span>\n<div class=\"container ng-tns-c394009331-198 hide\">\n<div class=\"carousel-container ng-tns-c394009331-198\">\n<div class=\"carousel-content ng-tns-c394009331-198\">\n<div class=\"sources-carousel-source ng-tns-c394009331-198 hide ng-star-inserted\" data-test-id=\"sources-carousel-source\"><\/div>\n<\/div>\n<\/div>\n<\/div>\n<\/li>\n<li data-sourcepos=\"68:1-68:111\">F\u00fcr Chrome\u2122: <a href=\"https:\/\/support.google.com\/chrome\/answer\/95647\" target=\"_blank\" rel=\"noopener\">https:\/\/support.google.com\/chrome\/answer\/95647<\/a><\/li>\n<li data-sourcepos=\"69:1-69:203\">F\u00fcr Firefox\u2122: <a href=\"https:\/\/support.mozilla.org\/en-US\/kb\/block-websites-storing-cookies-site-data-firefox\" target=\"_blank\" rel=\"noopener\"><span class=\"citation-1\">https:\/\/support.mozilla.org\/en-US\/kb\/block-websites-storing-cookies-site-data-firefox<\/span><\/a><span class=\"button-container hide-from-message-actions ng-star-inserted\"> \u00a0 <button class=\"mat-mdc-tooltip-trigger button image-fade-on hide-from-message-actions\" aria-controls=\"sources\" aria-expanded=\"false\" aria-describedby=\"cdk-describedby-message-ng-1-249\"><\/button><\/span>\n<div class=\"container ng-tns-c394009331-199 hide\">\n<div class=\"carousel-container ng-tns-c394009331-199\">\n<div class=\"carousel-content ng-tns-c394009331-199\">\n<div class=\"sources-carousel-source ng-tns-c394009331-199 hide ng-star-inserted\" data-test-id=\"sources-carousel-source\"><\/div>\n<\/div>\n<\/div>\n<\/div>\n<\/li>\n<li data-sourcepos=\"70:1-71:0\">F\u00fcr Opera\u2122: <a href=\"https:\/\/help.opera.com\/en\/latest\/web-preferences\/#cookies\" target=\"_blank\" rel=\"noopener\">https:\/\/help.opera.com\/en\/latest\/web-preferences\/#cookies<\/a><\/li>\n<\/ul>\n<p data-sourcepos=\"72:1-74:372\">Der Benutzer hat das Recht zu entscheiden, ob ein Cookie auf seinem Ger\u00e4t gespeichert werden soll oder nicht, und kann seine Wahl jederzeit und kostenlos \u00fcber die in der Software seines Browsers verf\u00fcgbaren Einstellungen \u00e4ndern. Wenn der Browser so eingestellt ist, dass Cookies auf dem Ger\u00e4t akzeptiert werden, k\u00f6nnen die in den vom Benutzer angezeigten Seiten und Inhalten integrierten Cookies vor\u00fcbergehend in einem dedizierten Bereich des Ger\u00e4ts des Benutzers gespeichert werden. Cookies sind nur f\u00fcr den Herausgeber lesbar. Der Benutzer kann seinen Webbrowser jedoch so einstellen, dass Cookies blockiert werden. Es wird jedoch darauf hingewiesen, dass durch das Festlegen der Cookie-Blockierung im Browser nicht auf einige Funktionen, Seiten und Abschnitte von <a href=\"https:\/\/www.campingreno.it\/\" target=\"_blank\" rel=\"noopener\">https:\/\/www.campingreno.it\/<\/a> zugegriffen werden kann und wir in diesem Fall jede Verantwortung ablehnen.<\/p>\n<p data-sourcepos=\"76:1-76:35\"><strong>Spezialisierte Werbeplattformen<\/strong><\/p>\n<p data-sourcepos=\"78:1-78:12\">Verschiedene<\/p>\n<p data-sourcepos=\"78:1-78:12\">\n<p data-sourcepos=\"78:1-78:12\">\n<p data-sourcepos=\"31:1-31:80\">Der Campingplatz Reno,<strong> Kleiner Campingplatz Emilia Romagna Meer<\/strong>,\u00a0 verf\u00fcgt \u00fcber <a href=\"https:\/\/www.campingreno.it\/de\/campingplatz-ravenna-italien-unterkuenfte\/\"><strong>Unterk\u00fcnfte<\/strong><\/a> und <a href=\"https:\/\/www.campingreno.it\/de\/camping-mit-stellplaetzen-ravenna-italien\/\"><strong>Stellpl\u00e4tze<\/strong><\/a> f\u00fcr Ihren Urlaub am Meer in Casal Borsetti, Ravenna.<\/p>\n<p data-sourcepos=\"31:1-31:80\"><a href=\"https:\/\/www.scidoo.com\/preventivov2\/?cod=1209&amp;dataarr=2025-4-5&amp;notti=7&amp;adult=1&amp;children=&amp;IDsotto_struttura=0&amp;lang=4\"><strong>Verf\u00fcgbarkeit pr\u00fcfen und jetzt buchen<\/strong><\/a><\/p>\n","protected":false},"excerpt":{"rendered":"<p>Die Cookies Police des Campingplatz Ravenna Verwendung von Cookies durch ACME SRL. Bitte beachten Sie, dass Tomasi Tourism srl Cookies oder andere Tracking-Tools auf ihrer Website https:\/\/www.campingreno.it\/ verwendet. Tracking-Tools k\u00f6nnen auf dem Ger\u00e4t des Benutzers installiert werden, basierend auf den bereits ge\u00e4u\u00dferten Pr\u00e4ferenzen oder die jederzeit gem\u00e4\u00df dieser Richtlinie ge\u00e4u\u00dfert werden k\u00f6nnen. Wozu dienen die [&hellip;]<\/p>\n","protected":false},"author":13,"featured_media":1630,"parent":0,"menu_order":300,"comment_status":"closed","ping_status":"closed","template":"","meta":{"footnotes":""},"yoast_head":"<!-- This site is optimized with the Yoast SEO plugin v22.3 - https:\/\/yoast.com\/wordpress\/plugins\/seo\/ -->\n<title>Die Cookies Police des Campingplatz Ravenna | Camping Reno<\/title>\n<meta name=\"description\" content=\"Entdecken Sie das neue Mobilheim Luxury Lodge auf dem Camping Reno, Campingplatz Adria, Ravenna am Meer, fordern Sie ein Angebot!\" \/>\n<meta name=\"robots\" content=\"index, follow, max-snippet:-1, max-image-preview:large, max-video-preview:-1\" \/>\n<link rel=\"canonical\" href=\"https:\/\/www.campingreno.it\/de\/die-cookies-police-des-campingplatz-ravenna\/\" \/>\n<meta property=\"og:locale\" content=\"de_DE\" \/>\n<meta property=\"og:type\" content=\"article\" \/>\n<meta property=\"og:title\" content=\"Die Cookies Police des Campingplatz Ravenna | Camping Reno\" \/>\n<meta property=\"og:description\" content=\"Entdecken Sie das neue Mobilheim Luxury Lodge auf dem Camping Reno, Campingplatz Adria, Ravenna am Meer, fordern Sie ein Angebot!\" \/>\n<meta property=\"og:url\" content=\"https:\/\/www.campingreno.it\/de\/die-cookies-police-des-campingplatz-ravenna\/\" \/>\n<meta property=\"og:site_name\" content=\"Camping Reno\" \/>\n<meta property=\"article:publisher\" content=\"https:\/\/facebook.com\/tomasitourism\" \/>\n<meta property=\"article:modified_time\" content=\"2025-03-14T11:14:49+00:00\" \/>\n<meta property=\"og:image\" content=\"https:\/\/www.campingreno.it\/wp-content\/uploads\/sites\/192\/2025\/03\/privacy-cookie-policy-gdpr.jpg\" \/>\n\t<meta property=\"og:image:width\" content=\"2133\" \/>\n\t<meta property=\"og:image:height\" content=\"1183\" \/>\n\t<meta property=\"og:image:type\" content=\"image\/jpeg\" \/>\n<meta name=\"twitter:card\" content=\"summary_large_image\" \/>\n<meta name=\"twitter:label1\" content=\"Gesch\u00e4tzte Lesezeit\" \/>\n\t<meta name=\"twitter:data1\" content=\"7 Minuten\" \/>\n<script type=\"application\/ld+json\" class=\"yoast-schema-graph\">{\"@context\":\"https:\/\/schema.org\",\"@graph\":[{\"@type\":\"WebPage\",\"@id\":\"https:\/\/www.campingreno.it\/de\/die-cookies-police-des-campingplatz-ravenna\/\",\"url\":\"https:\/\/www.campingreno.it\/de\/die-cookies-police-des-campingplatz-ravenna\/\",\"name\":\"Die Cookies Police des Campingplatz Ravenna | Camping Reno\",\"isPartOf\":{\"@id\":\"https:\/\/www.campingreno.it\/de\/#website\"},\"primaryImageOfPage\":{\"@id\":\"https:\/\/www.campingreno.it\/de\/die-cookies-police-des-campingplatz-ravenna\/#primaryimage\"},\"image\":{\"@id\":\"https:\/\/www.campingreno.it\/de\/die-cookies-police-des-campingplatz-ravenna\/#primaryimage\"},\"thumbnailUrl\":\"https:\/\/www.campingreno.it\/wp-content\/uploads\/sites\/192\/2025\/03\/privacy-cookie-policy-gdpr.jpg\",\"datePublished\":\"2024-12-16T08:24:09+00:00\",\"dateModified\":\"2025-03-14T11:14:49+00:00\",\"description\":\"Entdecken Sie das neue Mobilheim Luxury Lodge auf dem Camping Reno, Campingplatz Adria, Ravenna am Meer, fordern Sie ein Angebot!\",\"breadcrumb\":{\"@id\":\"https:\/\/www.campingreno.it\/de\/die-cookies-police-des-campingplatz-ravenna\/#breadcrumb\"},\"inLanguage\":\"de-DE\",\"potentialAction\":[{\"@type\":\"ReadAction\",\"target\":[\"https:\/\/www.campingreno.it\/de\/die-cookies-police-des-campingplatz-ravenna\/\"]}]},{\"@type\":\"ImageObject\",\"inLanguage\":\"de-DE\",\"@id\":\"https:\/\/www.campingreno.it\/de\/die-cookies-police-des-campingplatz-ravenna\/#primaryimage\",\"url\":\"https:\/\/www.campingreno.it\/wp-content\/uploads\/sites\/192\/2025\/03\/privacy-cookie-policy-gdpr.jpg\",\"contentUrl\":\"https:\/\/www.campingreno.it\/wp-content\/uploads\/sites\/192\/2025\/03\/privacy-cookie-policy-gdpr.jpg\",\"width\":2133,\"height\":1183,\"caption\":\"rivacy-cookie-policy-gdpr-campingplatz-ravenna-italien-camping-reno\"},{\"@type\":\"BreadcrumbList\",\"@id\":\"https:\/\/www.campingreno.it\/de\/die-cookies-police-des-campingplatz-ravenna\/#breadcrumb\",\"itemListElement\":[{\"@type\":\"ListItem\",\"position\":1,\"name\":\"Home\",\"item\":\"https:\/\/www.campingreno.it\/de\/\"},{\"@type\":\"ListItem\",\"position\":2,\"name\":\"Cookies Policy\"}]},{\"@type\":\"WebSite\",\"@id\":\"https:\/\/www.campingreno.it\/de\/#website\",\"url\":\"https:\/\/www.campingreno.it\/de\/\",\"name\":\"Camping Reno\",\"description\":\"\",\"publisher\":{\"@id\":\"https:\/\/www.campingreno.it\/de\/#organization\"},\"potentialAction\":[{\"@type\":\"SearchAction\",\"target\":{\"@type\":\"EntryPoint\",\"urlTemplate\":\"https:\/\/www.campingreno.it\/de\/?s={search_term_string}\"},\"query-input\":\"required name=search_term_string\"}],\"inLanguage\":\"de-DE\"},{\"@type\":\"Organization\",\"@id\":\"https:\/\/www.campingreno.it\/de\/#organization\",\"name\":\"Camping Reno\",\"url\":\"https:\/\/www.campingreno.it\/de\/\",\"logo\":{\"@type\":\"ImageObject\",\"inLanguage\":\"de-DE\",\"@id\":\"https:\/\/www.campingreno.it\/de\/#\/schema\/logo\/image\/\",\"url\":\"https:\/\/www.campingreno.it\/wp-content\/uploads\/sites\/192\/2024\/12\/logo_reno-no-sfondo-2.png\",\"contentUrl\":\"https:\/\/www.campingreno.it\/wp-content\/uploads\/sites\/192\/2024\/12\/logo_reno-no-sfondo-2.png\",\"width\":567,\"height\":286,\"caption\":\"Camping Reno\"},\"image\":{\"@id\":\"https:\/\/www.campingreno.it\/de\/#\/schema\/logo\/image\/\"},\"sameAs\":[\"https:\/\/facebook.com\/tomasitourism\",\"https:\/\/instagram.com\/camping_reno\"]}]}<\/script>\n<!-- \/ Yoast SEO plugin. -->","yoast_head_json":{"title":"Die Cookies Police des Campingplatz Ravenna | Camping Reno","description":"Entdecken Sie das neue Mobilheim Luxury Lodge auf dem Camping Reno, Campingplatz Adria, Ravenna am Meer, fordern Sie ein Angebot!","robots":{"index":"index","follow":"follow","max-snippet":"max-snippet:-1","max-image-preview":"max-image-preview:large","max-video-preview":"max-video-preview:-1"},"canonical":"https:\/\/www.campingreno.it\/de\/die-cookies-police-des-campingplatz-ravenna\/","og_locale":"de_DE","og_type":"article","og_title":"Die Cookies Police des Campingplatz Ravenna | Camping Reno","og_description":"Entdecken Sie das neue Mobilheim Luxury Lodge auf dem Camping Reno, Campingplatz Adria, Ravenna am Meer, fordern Sie ein Angebot!","og_url":"https:\/\/www.campingreno.it\/de\/die-cookies-police-des-campingplatz-ravenna\/","og_site_name":"Camping Reno","article_publisher":"https:\/\/facebook.com\/tomasitourism","article_modified_time":"2025-03-14T11:14:49+00:00","og_image":[{"width":2133,"height":1183,"url":"https:\/\/www.campingreno.it\/wp-content\/uploads\/sites\/192\/2025\/03\/privacy-cookie-policy-gdpr.jpg","type":"image\/jpeg"}],"twitter_card":"summary_large_image","twitter_misc":{"Gesch\u00e4tzte Lesezeit":"7 Minuten"},"schema":{"@context":"https:\/\/schema.org","@graph":[{"@type":"WebPage","@id":"https:\/\/www.campingreno.it\/de\/die-cookies-police-des-campingplatz-ravenna\/","url":"https:\/\/www.campingreno.it\/de\/die-cookies-police-des-campingplatz-ravenna\/","name":"Die Cookies Police des Campingplatz Ravenna | Camping Reno","isPartOf":{"@id":"https:\/\/www.campingreno.it\/de\/#website"},"primaryImageOfPage":{"@id":"https:\/\/www.campingreno.it\/de\/die-cookies-police-des-campingplatz-ravenna\/#primaryimage"},"image":{"@id":"https:\/\/www.campingreno.it\/de\/die-cookies-police-des-campingplatz-ravenna\/#primaryimage"},"thumbnailUrl":"https:\/\/www.campingreno.it\/wp-content\/uploads\/sites\/192\/2025\/03\/privacy-cookie-policy-gdpr.jpg","datePublished":"2024-12-16T08:24:09+00:00","dateModified":"2025-03-14T11:14:49+00:00","description":"Entdecken Sie das neue Mobilheim Luxury Lodge auf dem Camping Reno, Campingplatz Adria, Ravenna am Meer, fordern Sie ein Angebot!","breadcrumb":{"@id":"https:\/\/www.campingreno.it\/de\/die-cookies-police-des-campingplatz-ravenna\/#breadcrumb"},"inLanguage":"de-DE","potentialAction":[{"@type":"ReadAction","target":["https:\/\/www.campingreno.it\/de\/die-cookies-police-des-campingplatz-ravenna\/"]}]},{"@type":"ImageObject","inLanguage":"de-DE","@id":"https:\/\/www.campingreno.it\/de\/die-cookies-police-des-campingplatz-ravenna\/#primaryimage","url":"https:\/\/www.campingreno.it\/wp-content\/uploads\/sites\/192\/2025\/03\/privacy-cookie-policy-gdpr.jpg","contentUrl":"https:\/\/www.campingreno.it\/wp-content\/uploads\/sites\/192\/2025\/03\/privacy-cookie-policy-gdpr.jpg","width":2133,"height":1183,"caption":"rivacy-cookie-policy-gdpr-campingplatz-ravenna-italien-camping-reno"},{"@type":"BreadcrumbList","@id":"https:\/\/www.campingreno.it\/de\/die-cookies-police-des-campingplatz-ravenna\/#breadcrumb","itemListElement":[{"@type":"ListItem","position":1,"name":"Home","item":"https:\/\/www.campingreno.it\/de\/"},{"@type":"ListItem","position":2,"name":"Cookies Policy"}]},{"@type":"WebSite","@id":"https:\/\/www.campingreno.it\/de\/#website","url":"https:\/\/www.campingreno.it\/de\/","name":"Camping Reno","description":"","publisher":{"@id":"https:\/\/www.campingreno.it\/de\/#organization"},"potentialAction":[{"@type":"SearchAction","target":{"@type":"EntryPoint","urlTemplate":"https:\/\/www.campingreno.it\/de\/?s={search_term_string}"},"query-input":"required name=search_term_string"}],"inLanguage":"de-DE"},{"@type":"Organization","@id":"https:\/\/www.campingreno.it\/de\/#organization","name":"Camping Reno","url":"https:\/\/www.campingreno.it\/de\/","logo":{"@type":"ImageObject","inLanguage":"de-DE","@id":"https:\/\/www.campingreno.it\/de\/#\/schema\/logo\/image\/","url":"https:\/\/www.campingreno.it\/wp-content\/uploads\/sites\/192\/2024\/12\/logo_reno-no-sfondo-2.png","contentUrl":"https:\/\/www.campingreno.it\/wp-content\/uploads\/sites\/192\/2024\/12\/logo_reno-no-sfondo-2.png","width":567,"height":286,"caption":"Camping Reno"},"image":{"@id":"https:\/\/www.campingreno.it\/de\/#\/schema\/logo\/image\/"},"sameAs":["https:\/\/facebook.com\/tomasitourism","https:\/\/instagram.com\/camping_reno"]}]}},"acf":[],"_links":{"self":[{"href":"https:\/\/www.campingreno.it\/de\/wp-json\/wp\/v2\/pages\/1372"}],"collection":[{"href":"https:\/\/www.campingreno.it\/de\/wp-json\/wp\/v2\/pages"}],"about":[{"href":"https:\/\/www.campingreno.it\/de\/wp-json\/wp\/v2\/types\/page"}],"author":[{"embeddable":true,"href":"https:\/\/www.campingreno.it\/de\/wp-json\/wp\/v2\/users\/13"}],"replies":[{"embeddable":true,"href":"https:\/\/www.campingreno.it\/de\/wp-json\/wp\/v2\/comments?post=1372"}],"version-history":[{"count":0,"href":"https:\/\/www.campingreno.it\/de\/wp-json\/wp\/v2\/pages\/1372\/revisions"}],"wp:featuredmedia":[{"embeddable":true,"href":"https:\/\/www.campingreno.it\/de\/wp-json\/wp\/v2\/media\/1630"}],"wp:attachment":[{"href":"https:\/\/www.campingreno.it\/de\/wp-json\/wp\/v2\/media?parent=1372"}],"curies":[{"name":"wp","href":"https:\/\/api.w.org\/{rel}","templated":true}]}}