   {"id":1748,"date":"2025-03-11T12:55:00","date_gmt":"2025-03-11T12:55:00","guid":{"rendered":"https:\/\/www.campingreno.it\/?page_id=1748"},"modified":"2025-12-15T10:05:13","modified_gmt":"2025-12-15T10:05:13","slug":"campingplatz-in-der-emilia-romagna-direkt-am-meer-mit-animation","status":"publish","type":"page","link":"https:\/\/www.campingreno.it\/de\/campingplatz-in-der-emilia-romagna-direkt-am-meer-mit-animation\/","title":{"rendered":"Animation"},"content":{"rendered":"<p><strong>Spa\u00df und Entspannung<\/strong> f\u00fcr die ganze Familie auf dem Camping Reno, <strong>Campingplatz in der Emilia Romagna direkt am Meer mit Animation<\/strong> <strong>f\u00fcr Kinder,<\/strong> mit <strong>Baby Dance<\/strong>, <strong>Miniclub<\/strong>, Abendshows und Spielen f\u00fcr alle.<\/p>\n<p>&nbsp;<\/p>\n<p>Willkommen auf dem Camping Reno, einer 3-Sterne-Oase, <strong>Campingplatz in der Emilia Romagna direkt am Meer mit Animation,<\/strong> wo Spa\u00df f\u00fcr Jung und Alt garantiert ist! Unser professionelles Animationsteam hat ein reichhaltiges Programm an Aktivit\u00e4ten zusammengestellt, um Ihren Urlaub unvergesslich zu machen.<\/p>\n<p>&nbsp;<\/p>\n<p>Die Tage und Abende sind voller Aktivit\u00e4ten f\u00fcr Kinder und Erwachsene, die Sie in absoluter Ruhe genie\u00dfen k\u00f6nnen: Miniclub f\u00fcr die Kleinsten, Muskelaufbau, Sportturniere und Aperitifspiele f\u00fcr die Gro\u00dfen, der Baby Dance direkt nach dem Abendessen und zum Abschluss die Show Time f\u00fcr Kinder und Erwachsene.<\/p>\n<p>&nbsp;<\/p>\n<p><strong>Werfen Sie JETZT einen Blick auf die <a href=\"https:\/\/www.campingreno.it\/de\/campingplatz-ravenna-italien-unterkuenfte\/\">Unterk\u00fcnfte<\/a> und <a href=\"https:\/\/www.campingreno.it\/de\/stellplaetze-camping-adriakueste-ravenna\/\">Stellpl\u00e4tze<\/a> des Camping Reno, einem kleinen Campingplatz an der Adria der Emilia Romagna mit Animation f\u00fcr Kinder.<\/strong><\/p>\n<p>&nbsp;<\/p>\n<p><a href=\"https:\/\/www.scidoo.com\/preventivov2\/?cod=1209&amp;dataarr=2025-4-5&amp;notti=7&amp;adult=1&amp;children=&amp;IDsotto_struttura=607&amp;lang=4\"><strong>\u00dcBERPR\u00dcFEN SIE JETZT DIE VERF\u00dcGBARKEIT VON BUNGALOWS UND STELLPL\u00c4TZEN<\/strong><\/a><\/p>\n","protected":false},"excerpt":{"rendered":"<p>Spa\u00df und Entspannung f\u00fcr die ganze Familie auf dem Camping Reno, Campingplatz in der Emilia Romagna direkt am Meer mit Animation f\u00fcr Kinder, mit Baby Dance, Miniclub, Abendshows und Spielen f\u00fcr alle. &nbsp; Willkommen auf dem Camping Reno, einer 3-Sterne-Oase, Campingplatz in der Emilia Romagna direkt am Meer mit Animation, wo Spa\u00df f\u00fcr Jung und [&hellip;]<\/p>\n","protected":false},"author":212,"featured_media":1783,"parent":0,"menu_order":1000,"comment_status":"closed","ping_status":"closed","template":"","meta":{"footnotes":""},"yoast_head":"<!-- This site is optimized with the Yoast SEO plugin v22.3 - https:\/\/yoast.com\/wordpress\/plugins\/seo\/ -->\n<title>Campingplatz in der Emilia Romagna | Animation<\/title>\n<meta name=\"description\" content=\"Entdecken Sie des Camping Reno, Campingplatz in der Emilia Romagna direkt am Meer mit Animation, und fordern Sie ein Angebot an!\" \/>\n<meta name=\"robots\" content=\"index, follow, max-snippet:-1, max-image-preview:large, max-video-preview:-1\" \/>\n<link rel=\"canonical\" href=\"https:\/\/www.campingreno.it\/de\/campingplatz-in-der-emilia-romagna-direkt-am-meer-mit-animation\/\" \/>\n<meta property=\"og:locale\" content=\"de_DE\" \/>\n<meta property=\"og:type\" content=\"article\" \/>\n<meta property=\"og:title\" content=\"Campingplatz in der Emilia Romagna | Animation\" \/>\n<meta property=\"og:description\" content=\"Entdecken Sie des Camping Reno, Campingplatz in der Emilia Romagna direkt am Meer mit Animation, und fordern Sie ein Angebot an!\" \/>\n<meta property=\"og:url\" content=\"https:\/\/www.campingreno.it\/de\/campingplatz-in-der-emilia-romagna-direkt-am-meer-mit-animation\/\" \/>\n<meta property=\"og:site_name\" content=\"Camping Reno\" \/>\n<meta property=\"article:publisher\" content=\"https:\/\/facebook.com\/tomasitourism\" \/>\n<meta property=\"article:modified_time\" content=\"2025-12-15T10:05:13+00:00\" \/>\n<meta property=\"og:image\" content=\"https:\/\/www.campingreno.it\/wp-content\/uploads\/sites\/192\/2025\/03\/ANIMAZIONE_CAMPINGRENO-5.jpg\" \/>\n\t<meta property=\"og:image:width\" content=\"2500\" \/>\n\t<meta property=\"og:image:height\" content=\"1667\" \/>\n\t<meta property=\"og:image:type\" content=\"image\/jpeg\" \/>\n<meta name=\"twitter:card\" content=\"summary_large_image\" \/>\n<meta name=\"twitter:label1\" content=\"Gesch\u00e4tzte Lesezeit\" \/>\n\t<meta name=\"twitter:data1\" content=\"2 Minuten\" \/>\n<script type=\"application\/ld+json\" class=\"yoast-schema-graph\">{\"@context\":\"https:\/\/schema.org\",\"@graph\":[{\"@type\":\"WebPage\",\"@id\":\"https:\/\/www.campingreno.it\/de\/campingplatz-in-der-emilia-romagna-direkt-am-meer-mit-animation\/\",\"url\":\"https:\/\/www.campingreno.it\/de\/campingplatz-in-der-emilia-romagna-direkt-am-meer-mit-animation\/\",\"name\":\"Campingplatz in der Emilia Romagna | Animation\",\"isPartOf\":{\"@id\":\"https:\/\/www.campingreno.it\/de\/#website\"},\"primaryImageOfPage\":{\"@id\":\"https:\/\/www.campingreno.it\/de\/campingplatz-in-der-emilia-romagna-direkt-am-meer-mit-animation\/#primaryimage\"},\"image\":{\"@id\":\"https:\/\/www.campingreno.it\/de\/campingplatz-in-der-emilia-romagna-direkt-am-meer-mit-animation\/#primaryimage\"},\"thumbnailUrl\":\"https:\/\/www.campingreno.it\/wp-content\/uploads\/sites\/192\/2025\/03\/ANIMAZIONE_CAMPINGRENO-5.jpg\",\"datePublished\":\"2025-03-11T12:55:00+00:00\",\"dateModified\":\"2025-12-15T10:05:13+00:00\",\"description\":\"Entdecken Sie des Camping Reno, Campingplatz in der Emilia Romagna direkt am Meer mit Animation, und fordern Sie ein Angebot an!\",\"breadcrumb\":{\"@id\":\"https:\/\/www.campingreno.it\/de\/campingplatz-in-der-emilia-romagna-direkt-am-meer-mit-animation\/#breadcrumb\"},\"inLanguage\":\"de-DE\",\"potentialAction\":[{\"@type\":\"ReadAction\",\"target\":[\"https:\/\/www.campingreno.it\/de\/campingplatz-in-der-emilia-romagna-direkt-am-meer-mit-animation\/\"]}]},{\"@type\":\"ImageObject\",\"inLanguage\":\"de-DE\",\"@id\":\"https:\/\/www.campingreno.it\/de\/campingplatz-in-der-emilia-romagna-direkt-am-meer-mit-animation\/#primaryimage\",\"url\":\"https:\/\/www.campingreno.it\/wp-content\/uploads\/sites\/192\/2025\/03\/ANIMAZIONE_CAMPINGRENO-5.jpg\",\"contentUrl\":\"https:\/\/www.campingreno.it\/wp-content\/uploads\/sites\/192\/2025\/03\/ANIMAZIONE_CAMPINGRENO-5.jpg\",\"width\":2500,\"height\":1667,\"caption\":\"Campingplatz in der Emilia Romagna | Animation\"},{\"@type\":\"BreadcrumbList\",\"@id\":\"https:\/\/www.campingreno.it\/de\/campingplatz-in-der-emilia-romagna-direkt-am-meer-mit-animation\/#breadcrumb\",\"itemListElement\":[{\"@type\":\"ListItem\",\"position\":1,\"name\":\"Home\",\"item\":\"https:\/\/www.campingreno.it\/de\/\"},{\"@type\":\"ListItem\",\"position\":2,\"name\":\"Animation\"}]},{\"@type\":\"WebSite\",\"@id\":\"https:\/\/www.campingreno.it\/de\/#website\",\"url\":\"https:\/\/www.campingreno.it\/de\/\",\"name\":\"Camping Reno\",\"description\":\"\",\"publisher\":{\"@id\":\"https:\/\/www.campingreno.it\/de\/#organization\"},\"potentialAction\":[{\"@type\":\"SearchAction\",\"target\":{\"@type\":\"EntryPoint\",\"urlTemplate\":\"https:\/\/www.campingreno.it\/de\/?s={search_term_string}\"},\"query-input\":\"required name=search_term_string\"}],\"inLanguage\":\"de-DE\"},{\"@type\":\"Organization\",\"@id\":\"https:\/\/www.campingreno.it\/de\/#organization\",\"name\":\"Camping Reno\",\"url\":\"https:\/\/www.campingreno.it\/de\/\",\"logo\":{\"@type\":\"ImageObject\",\"inLanguage\":\"de-DE\",\"@id\":\"https:\/\/www.campingreno.it\/de\/#\/schema\/logo\/image\/\",\"url\":\"https:\/\/www.campingreno.it\/wp-content\/uploads\/sites\/192\/2024\/12\/logo_reno-no-sfondo-2.png\",\"contentUrl\":\"https:\/\/www.campingreno.it\/wp-content\/uploads\/sites\/192\/2024\/12\/logo_reno-no-sfondo-2.png\",\"width\":567,\"height\":286,\"caption\":\"Camping Reno\"},\"image\":{\"@id\":\"https:\/\/www.campingreno.it\/de\/#\/schema\/logo\/image\/\"},\"sameAs\":[\"https:\/\/facebook.com\/tomasitourism\",\"https:\/\/instagram.com\/camping_reno\"]}]}<\/script>\n<!-- \/ Yoast SEO plugin. -->","yoast_head_json":{"title":"Campingplatz in der Emilia Romagna | Animation","description":"Entdecken Sie des Camping Reno, Campingplatz in der Emilia Romagna direkt am Meer mit Animation, und fordern Sie ein Angebot an!","robots":{"index":"index","follow":"follow","max-snippet":"max-snippet:-1","max-image-preview":"max-image-preview:large","max-video-preview":"max-video-preview:-1"},"canonical":"https:\/\/www.campingreno.it\/de\/campingplatz-in-der-emilia-romagna-direkt-am-meer-mit-animation\/","og_locale":"de_DE","og_type":"article","og_title":"Campingplatz in der Emilia Romagna | Animation","og_description":"Entdecken Sie des Camping Reno, Campingplatz in der Emilia Romagna direkt am Meer mit Animation, und fordern Sie ein Angebot an!","og_url":"https:\/\/www.campingreno.it\/de\/campingplatz-in-der-emilia-romagna-direkt-am-meer-mit-animation\/","og_site_name":"Camping Reno","article_publisher":"https:\/\/facebook.com\/tomasitourism","article_modified_time":"2025-12-15T10:05:13+00:00","og_image":[{"width":2500,"height":1667,"url":"https:\/\/www.campingreno.it\/wp-content\/uploads\/sites\/192\/2025\/03\/ANIMAZIONE_CAMPINGRENO-5.jpg","type":"image\/jpeg"}],"twitter_card":"summary_large_image","twitter_misc":{"Gesch\u00e4tzte Lesezeit":"2 Minuten"},"schema":{"@context":"https:\/\/schema.org","@graph":[{"@type":"WebPage","@id":"https:\/\/www.campingreno.it\/de\/campingplatz-in-der-emilia-romagna-direkt-am-meer-mit-animation\/","url":"https:\/\/www.campingreno.it\/de\/campingplatz-in-der-emilia-romagna-direkt-am-meer-mit-animation\/","name":"Campingplatz in der Emilia Romagna | Animation","isPartOf":{"@id":"https:\/\/www.campingreno.it\/de\/#website"},"primaryImageOfPage":{"@id":"https:\/\/www.campingreno.it\/de\/campingplatz-in-der-emilia-romagna-direkt-am-meer-mit-animation\/#primaryimage"},"image":{"@id":"https:\/\/www.campingreno.it\/de\/campingplatz-in-der-emilia-romagna-direkt-am-meer-mit-animation\/#primaryimage"},"thumbnailUrl":"https:\/\/www.campingreno.it\/wp-content\/uploads\/sites\/192\/2025\/03\/ANIMAZIONE_CAMPINGRENO-5.jpg","datePublished":"2025-03-11T12:55:00+00:00","dateModified":"2025-12-15T10:05:13+00:00","description":"Entdecken Sie des Camping Reno, Campingplatz in der Emilia Romagna direkt am Meer mit Animation, und fordern Sie ein Angebot an!","breadcrumb":{"@id":"https:\/\/www.campingreno.it\/de\/campingplatz-in-der-emilia-romagna-direkt-am-meer-mit-animation\/#breadcrumb"},"inLanguage":"de-DE","potentialAction":[{"@type":"ReadAction","target":["https:\/\/www.campingreno.it\/de\/campingplatz-in-der-emilia-romagna-direkt-am-meer-mit-animation\/"]}]},{"@type":"ImageObject","inLanguage":"de-DE","@id":"https:\/\/www.campingreno.it\/de\/campingplatz-in-der-emilia-romagna-direkt-am-meer-mit-animation\/#primaryimage","url":"https:\/\/www.campingreno.it\/wp-content\/uploads\/sites\/192\/2025\/03\/ANIMAZIONE_CAMPINGRENO-5.jpg","contentUrl":"https:\/\/www.campingreno.it\/wp-content\/uploads\/sites\/192\/2025\/03\/ANIMAZIONE_CAMPINGRENO-5.jpg","width":2500,"height":1667,"caption":"Campingplatz in der Emilia Romagna | Animation"},{"@type":"BreadcrumbList","@id":"https:\/\/www.campingreno.it\/de\/campingplatz-in-der-emilia-romagna-direkt-am-meer-mit-animation\/#breadcrumb","itemListElement":[{"@type":"ListItem","position":1,"name":"Home","item":"https:\/\/www.campingreno.it\/de\/"},{"@type":"ListItem","position":2,"name":"Animation"}]},{"@type":"WebSite","@id":"https:\/\/www.campingreno.it\/de\/#website","url":"https:\/\/www.campingreno.it\/de\/","name":"Camping Reno","description":"","publisher":{"@id":"https:\/\/www.campingreno.it\/de\/#organization"},"potentialAction":[{"@type":"SearchAction","target":{"@type":"EntryPoint","urlTemplate":"https:\/\/www.campingreno.it\/de\/?s={search_term_string}"},"query-input":"required name=search_term_string"}],"inLanguage":"de-DE"},{"@type":"Organization","@id":"https:\/\/www.campingreno.it\/de\/#organization","name":"Camping Reno","url":"https:\/\/www.campingreno.it\/de\/","logo":{"@type":"ImageObject","inLanguage":"de-DE","@id":"https:\/\/www.campingreno.it\/de\/#\/schema\/logo\/image\/","url":"https:\/\/www.campingreno.it\/wp-content\/uploads\/sites\/192\/2024\/12\/logo_reno-no-sfondo-2.png","contentUrl":"https:\/\/www.campingreno.it\/wp-content\/uploads\/sites\/192\/2024\/12\/logo_reno-no-sfondo-2.png","width":567,"height":286,"caption":"Camping Reno"},"image":{"@id":"https:\/\/www.campingreno.it\/de\/#\/schema\/logo\/image\/"},"sameAs":["https:\/\/facebook.com\/tomasitourism","https:\/\/instagram.com\/camping_reno"]}]}},"acf":[],"_links":{"self":[{"href":"https:\/\/www.campingreno.it\/de\/wp-json\/wp\/v2\/pages\/1748"}],"collection":[{"href":"https:\/\/www.campingreno.it\/de\/wp-json\/wp\/v2\/pages"}],"about":[{"href":"https:\/\/www.campingreno.it\/de\/wp-json\/wp\/v2\/types\/page"}],"author":[{"embeddable":true,"href":"https:\/\/www.campingreno.it\/de\/wp-json\/wp\/v2\/users\/212"}],"replies":[{"embeddable":true,"href":"https:\/\/www.campingreno.it\/de\/wp-json\/wp\/v2\/comments?post=1748"}],"version-history":[{"count":0,"href":"https:\/\/www.campingreno.it\/de\/wp-json\/wp\/v2\/pages\/1748\/revisions"}],"wp:featuredmedia":[{"embeddable":true,"href":"https:\/\/www.campingreno.it\/de\/wp-json\/wp\/v2\/media\/1783"}],"wp:attachment":[{"href":"https:\/\/www.campingreno.it\/de\/wp-json\/wp\/v2\/media?parent=1748"}],"curies":[{"name":"wp","href":"https:\/\/api.w.org\/{rel}","templated":true}]}}