   {"id":1766,"date":"2025-03-11T13:41:12","date_gmt":"2025-03-11T13:41:12","guid":{"rendered":"https:\/\/www.campingreno.it\/?page_id=1766"},"modified":"2025-03-26T11:31:00","modified_gmt":"2025-03-26T11:31:00","slug":"show-time","status":"publish","type":"page","link":"https:\/\/www.campingreno.it\/de\/campingplatz-in-der-emilia-romagna-direkt-am-meer-mit-animation\/show-time\/","title":{"rendered":"Showtime &#8211; Abendunterhaltung"},"content":{"rendered":"<p>Die Abendshows des Camping Reno, kleiner <strong>Campingplatz in Ravenna direkt am Meer<\/strong>, sind ein Unterhaltungsmoment, der darauf ausgelegt ist, den Tag fr\u00f6hlich ausklingen zu lassen und die ganze Familie einzubeziehen. Hier ist eine Beschreibung dessen, was Sie erwartet:<\/p>\n<p>&nbsp;<\/p>\n<p><strong>Treffpunkt auf dem kleinen Platz<\/strong><br \/>\nVon 22.00 bis 23.00 Uhr: Show Time<\/p>\n<p>&nbsp;<\/p>\n<p><strong>Entdecken Sie unsere <a href=\"https:\/\/www.campingreno.it\/de\/campingplatz-ravenna-italien-unterkuenfte\/\">Unterk\u00fcnfte<\/a> und <a href=\"https:\/\/www.campingreno.it\/de\/stellplaetze-camping-adriakueste-ravenna\/\">Stellpl\u00e4tze<\/a> und fordern Sie jetzt ein unverbindliches Angebot an<\/strong><\/p>\n<p>&nbsp;<\/p>\n<p>&nbsp;<\/p>\n<p><strong>ZIELE:<\/strong><\/p>\n<p><strong>Unterhaltung:<\/strong> Unterhaltsame und ansprechende Abende f\u00fcr G\u00e4ste jeden Alters bieten.<br \/>\n<strong>Sozialisierung:<\/strong> Eine gesellige Atmosph\u00e4re schaffen und die Interaktion zwischen den Campern f\u00f6rdern.<br \/>\n<strong>Spa\u00df f\u00fcr alle<\/strong>: Abwechslungsreiche und f\u00fcr ein heterogenes Publikum geeignete Shows anbieten.<\/p>\n<p>&nbsp;<\/p>\n<p>&nbsp;<\/p>\n<p><strong>TYPISCHE AKTIVIT\u00c4TEN:<\/strong><\/p>\n<p><strong>Musikabende:<\/strong> Live-Musikshows, Karaoke, Themenabende mit Tanzmusik.<br \/>\n<strong>Kabarettshows:<\/strong> Auftritte von Comedians, Imitatoren, Zauberern.<br \/>\n<strong>Themenabende:<\/strong> Abende, die bestimmten Themen gewidmet sind (80er Jahre, hawaiianische Partys usw.) mit Musik, Tanz und thematischen Kost\u00fcmen.<br \/>\n<strong>Shows f\u00fcr Kinder:<\/strong> Baby Dance, Puppentheater, Spiele- und Animationsabende.<br \/>\n<strong>Abendspiele:<\/strong> Bingo, Quiz, Mannschaftsspiele.<\/p>\n<p>&nbsp;<\/p>\n<p><strong>ORGANISATION:<\/strong><\/p>\n<p>Die Shows finden in der Regel in einem daf\u00fcr vorgesehenen Bereich des Campingplatzes statt, z. B. im Animationsbereich oder auf dem zentralen Platz.<br \/>\nDie Zeit ist in der Regel abends, nach dem Abendessen, damit alle teilnehmen k\u00f6nnen.<br \/>\nDie Dauer variiert je nach Art der Show, betr\u00e4gt aber in der Regel etwa 1-2 Stunden.<\/p>\n<p>&nbsp;<\/p>\n<p><strong>MERKMALE DES SERVICES:<\/strong><\/p>\n<p>Die Atmosph\u00e4re ist informell und entspannt, das Wichtigste ist, gemeinsam Spa\u00df zu haben.<br \/>\nDie Animateure sind ansprechend und sympathisch und schaffen eine festliche Atmosph\u00e4re.<\/p>\n<p>Die Shows sind so konzipiert, dass sie sowohl Kinder als auch Erwachsene einbeziehen und einen Moment der Freude f\u00fcr die ganze Familie schaffen.<br \/>\nAuf dem Camping Reno, 3-Sterne-Campingplatz, kleiner <strong>Campingplatz in Ravenna direkt am Meer<\/strong>, sind die Abendshows eine Gelegenheit, angenehme Abende in Gesellschaft zu verbringen, im Zeichen von Spa\u00df und Unbeschwertheit.<\/p>\n<p>&nbsp;<\/p>\n<p>&nbsp;<\/p>\n<p><a href=\"https:\/\/www.scidoo.com\/preventivov2\/?cod=1209&amp;dataarr=2025-4-5&amp;notti=7&amp;adult=1&amp;children=&amp;IDsotto_struttura=607&amp;lang=4\"><strong>\u00dcBERPR\u00dcFEN SIE JETZT DIE ONLINE-VERF\u00dcGBARKEIT UND BUCHEN SIE<\/strong><\/a><\/p>\n","protected":false},"excerpt":{"rendered":"<p>Die Abendshows des Camping Reno, kleiner Campingplatz in Ravenna direkt am Meer, sind ein Unterhaltungsmoment, der darauf ausgelegt ist, den Tag fr\u00f6hlich ausklingen zu lassen und die ganze Familie einzubeziehen. Hier ist eine Beschreibung dessen, was Sie erwartet: &nbsp; Treffpunkt auf dem kleinen Platz Von 22.00 bis 23.00 Uhr: Show Time &nbsp; Entdecken Sie unsere [&hellip;]<\/p>\n","protected":false},"author":212,"featured_media":1786,"parent":1748,"menu_order":300,"comment_status":"closed","ping_status":"closed","template":"","meta":{"footnotes":""},"class_list":["post-1766","page","type-page","status-publish","has-post-thumbnail","hentry"],"yoast_head":"<!-- This site is optimized with the Yoast SEO plugin v27.3 - https:\/\/yoast.com\/product\/yoast-seo-wordpress\/ -->\n<title>Campingplatz in Ravenna direkt am Meer mit Animation<\/title>\n<meta name=\"description\" content=\"Entdecken Sie den Camping Remo, Campingplatz in Ravenna direkt am Meer mit Animation, und fordern Sie ein unverbindliches Angebot an.\" \/>\n<meta name=\"robots\" content=\"index, follow, max-snippet:-1, max-image-preview:large, max-video-preview:-1\" \/>\n<link rel=\"canonical\" href=\"https:\/\/www.campingreno.it\/de\/campingplatz-in-der-emilia-romagna-direkt-am-meer-mit-animation\/show-time\/\" \/>\n<meta property=\"og:locale\" content=\"de_DE\" \/>\n<meta property=\"og:type\" content=\"article\" \/>\n<meta property=\"og:title\" content=\"Campingplatz in Ravenna direkt am Meer mit Animation\" \/>\n<meta property=\"og:description\" content=\"Entdecken Sie den Camping Remo, Campingplatz in Ravenna direkt am Meer mit Animation, und fordern Sie ein unverbindliches Angebot an.\" \/>\n<meta property=\"og:url\" content=\"https:\/\/www.campingreno.it\/de\/campingplatz-in-der-emilia-romagna-direkt-am-meer-mit-animation\/show-time\/\" \/>\n<meta property=\"og:site_name\" content=\"Camping Reno\" \/>\n<meta property=\"article:publisher\" content=\"https:\/\/facebook.com\/tomasitourism\" \/>\n<meta property=\"article:modified_time\" content=\"2025-03-26T11:31:00+00:00\" \/>\n<meta property=\"og:image\" content=\"https:\/\/www.campingreno.it\/wp-content\/uploads\/sites\/192\/2025\/03\/ANIMAZIONE_CAMPINGRENO-8.jpg\" \/>\n\t<meta property=\"og:image:width\" content=\"960\" \/>\n\t<meta property=\"og:image:height\" content=\"720\" \/>\n\t<meta property=\"og:image:type\" content=\"image\/jpeg\" \/>\n<meta name=\"twitter:card\" content=\"summary_large_image\" \/>\n<meta name=\"twitter:label1\" content=\"Gesch\u00e4tzte Lesezeit\" \/>\n\t<meta name=\"twitter:data1\" content=\"2 Minuten\" \/>\n<script type=\"application\/ld+json\" class=\"yoast-schema-graph\">{\"@context\":\"https:\\\/\\\/schema.org\",\"@graph\":[{\"@type\":\"WebPage\",\"@id\":\"https:\\\/\\\/www.campingreno.it\\\/de\\\/campingplatz-in-der-emilia-romagna-direkt-am-meer-mit-animation\\\/show-time\\\/\",\"url\":\"https:\\\/\\\/www.campingreno.it\\\/de\\\/campingplatz-in-der-emilia-romagna-direkt-am-meer-mit-animation\\\/show-time\\\/\",\"name\":\"Campingplatz in Ravenna direkt am Meer mit Animation\",\"isPartOf\":{\"@id\":\"https:\\\/\\\/www.campingreno.it\\\/de\\\/#website\"},\"primaryImageOfPage\":{\"@id\":\"https:\\\/\\\/www.campingreno.it\\\/de\\\/campingplatz-in-der-emilia-romagna-direkt-am-meer-mit-animation\\\/show-time\\\/#primaryimage\"},\"image\":{\"@id\":\"https:\\\/\\\/www.campingreno.it\\\/de\\\/campingplatz-in-der-emilia-romagna-direkt-am-meer-mit-animation\\\/show-time\\\/#primaryimage\"},\"thumbnailUrl\":\"https:\\\/\\\/www.campingreno.it\\\/wp-content\\\/uploads\\\/sites\\\/192\\\/2025\\\/03\\\/ANIMAZIONE_CAMPINGRENO-8.jpg\",\"datePublished\":\"2025-03-11T13:41:12+00:00\",\"dateModified\":\"2025-03-26T11:31:00+00:00\",\"description\":\"Entdecken Sie den Camping Remo, Campingplatz in Ravenna direkt am Meer mit Animation, und fordern Sie ein unverbindliches Angebot an.\",\"breadcrumb\":{\"@id\":\"https:\\\/\\\/www.campingreno.it\\\/de\\\/campingplatz-in-der-emilia-romagna-direkt-am-meer-mit-animation\\\/show-time\\\/#breadcrumb\"},\"inLanguage\":\"de-DE\",\"potentialAction\":[{\"@type\":\"ReadAction\",\"target\":[\"https:\\\/\\\/www.campingreno.it\\\/de\\\/campingplatz-in-der-emilia-romagna-direkt-am-meer-mit-animation\\\/show-time\\\/\"]}]},{\"@type\":\"ImageObject\",\"inLanguage\":\"de-DE\",\"@id\":\"https:\\\/\\\/www.campingreno.it\\\/de\\\/campingplatz-in-der-emilia-romagna-direkt-am-meer-mit-animation\\\/show-time\\\/#primaryimage\",\"url\":\"https:\\\/\\\/www.campingreno.it\\\/wp-content\\\/uploads\\\/sites\\\/192\\\/2025\\\/03\\\/ANIMAZIONE_CAMPINGRENO-8.jpg\",\"contentUrl\":\"https:\\\/\\\/www.campingreno.it\\\/wp-content\\\/uploads\\\/sites\\\/192\\\/2025\\\/03\\\/ANIMAZIONE_CAMPINGRENO-8.jpg\",\"width\":960,\"height\":720,\"caption\":\"Campingplatz in Ravenna direkt am Meer - Camping Reno\"},{\"@type\":\"BreadcrumbList\",\"@id\":\"https:\\\/\\\/www.campingreno.it\\\/de\\\/campingplatz-in-der-emilia-romagna-direkt-am-meer-mit-animation\\\/show-time\\\/#breadcrumb\",\"itemListElement\":[{\"@type\":\"ListItem\",\"position\":1,\"name\":\"Home\",\"item\":\"https:\\\/\\\/www.campingreno.it\\\/de\\\/\"},{\"@type\":\"ListItem\",\"position\":2,\"name\":\"Animation\",\"item\":\"https:\\\/\\\/www.campingreno.it\\\/de\\\/campingplatz-in-der-emilia-romagna-direkt-am-meer-mit-animation\\\/\"},{\"@type\":\"ListItem\",\"position\":3,\"name\":\"Showtime &#8211; Abendunterhaltung\"}]},{\"@type\":\"WebSite\",\"@id\":\"https:\\\/\\\/www.campingreno.it\\\/de\\\/#website\",\"url\":\"https:\\\/\\\/www.campingreno.it\\\/de\\\/\",\"name\":\"Camping Reno\",\"description\":\"\",\"publisher\":{\"@id\":\"https:\\\/\\\/www.campingreno.it\\\/de\\\/#organization\"},\"potentialAction\":[{\"@type\":\"SearchAction\",\"target\":{\"@type\":\"EntryPoint\",\"urlTemplate\":\"https:\\\/\\\/www.campingreno.it\\\/de\\\/?s={search_term_string}\"},\"query-input\":{\"@type\":\"PropertyValueSpecification\",\"valueRequired\":true,\"valueName\":\"search_term_string\"}}],\"inLanguage\":\"de-DE\"},{\"@type\":\"Organization\",\"@id\":\"https:\\\/\\\/www.campingreno.it\\\/de\\\/#organization\",\"name\":\"Camping Reno\",\"url\":\"https:\\\/\\\/www.campingreno.it\\\/de\\\/\",\"logo\":{\"@type\":\"ImageObject\",\"inLanguage\":\"de-DE\",\"@id\":\"https:\\\/\\\/www.campingreno.it\\\/de\\\/#\\\/schema\\\/logo\\\/image\\\/\",\"url\":\"https:\\\/\\\/www.campingreno.it\\\/wp-content\\\/uploads\\\/sites\\\/192\\\/2024\\\/12\\\/logo_reno-no-sfondo-2.png\",\"contentUrl\":\"https:\\\/\\\/www.campingreno.it\\\/wp-content\\\/uploads\\\/sites\\\/192\\\/2024\\\/12\\\/logo_reno-no-sfondo-2.png\",\"width\":567,\"height\":286,\"caption\":\"Camping Reno\"},\"image\":{\"@id\":\"https:\\\/\\\/www.campingreno.it\\\/de\\\/#\\\/schema\\\/logo\\\/image\\\/\"},\"sameAs\":[\"https:\\\/\\\/facebook.com\\\/tomasitourism\",\"https:\\\/\\\/instagram.com\\\/camping_reno\"]}]}<\/script>\n<!-- \/ Yoast SEO plugin. -->","yoast_head_json":{"title":"Campingplatz in Ravenna direkt am Meer mit Animation","description":"Entdecken Sie den Camping Remo, Campingplatz in Ravenna direkt am Meer mit Animation, und fordern Sie ein unverbindliches Angebot an.","robots":{"index":"index","follow":"follow","max-snippet":"max-snippet:-1","max-image-preview":"max-image-preview:large","max-video-preview":"max-video-preview:-1"},"canonical":"https:\/\/www.campingreno.it\/de\/campingplatz-in-der-emilia-romagna-direkt-am-meer-mit-animation\/show-time\/","og_locale":"de_DE","og_type":"article","og_title":"Campingplatz in Ravenna direkt am Meer mit Animation","og_description":"Entdecken Sie den Camping Remo, Campingplatz in Ravenna direkt am Meer mit Animation, und fordern Sie ein unverbindliches Angebot an.","og_url":"https:\/\/www.campingreno.it\/de\/campingplatz-in-der-emilia-romagna-direkt-am-meer-mit-animation\/show-time\/","og_site_name":"Camping Reno","article_publisher":"https:\/\/facebook.com\/tomasitourism","article_modified_time":"2025-03-26T11:31:00+00:00","og_image":[{"width":960,"height":720,"url":"https:\/\/www.campingreno.it\/wp-content\/uploads\/sites\/192\/2025\/03\/ANIMAZIONE_CAMPINGRENO-8.jpg","type":"image\/jpeg"}],"twitter_card":"summary_large_image","twitter_misc":{"Gesch\u00e4tzte Lesezeit":"2 Minuten"},"schema":{"@context":"https:\/\/schema.org","@graph":[{"@type":"WebPage","@id":"https:\/\/www.campingreno.it\/de\/campingplatz-in-der-emilia-romagna-direkt-am-meer-mit-animation\/show-time\/","url":"https:\/\/www.campingreno.it\/de\/campingplatz-in-der-emilia-romagna-direkt-am-meer-mit-animation\/show-time\/","name":"Campingplatz in Ravenna direkt am Meer mit Animation","isPartOf":{"@id":"https:\/\/www.campingreno.it\/de\/#website"},"primaryImageOfPage":{"@id":"https:\/\/www.campingreno.it\/de\/campingplatz-in-der-emilia-romagna-direkt-am-meer-mit-animation\/show-time\/#primaryimage"},"image":{"@id":"https:\/\/www.campingreno.it\/de\/campingplatz-in-der-emilia-romagna-direkt-am-meer-mit-animation\/show-time\/#primaryimage"},"thumbnailUrl":"https:\/\/www.campingreno.it\/wp-content\/uploads\/sites\/192\/2025\/03\/ANIMAZIONE_CAMPINGRENO-8.jpg","datePublished":"2025-03-11T13:41:12+00:00","dateModified":"2025-03-26T11:31:00+00:00","description":"Entdecken Sie den Camping Remo, Campingplatz in Ravenna direkt am Meer mit Animation, und fordern Sie ein unverbindliches Angebot an.","breadcrumb":{"@id":"https:\/\/www.campingreno.it\/de\/campingplatz-in-der-emilia-romagna-direkt-am-meer-mit-animation\/show-time\/#breadcrumb"},"inLanguage":"de-DE","potentialAction":[{"@type":"ReadAction","target":["https:\/\/www.campingreno.it\/de\/campingplatz-in-der-emilia-romagna-direkt-am-meer-mit-animation\/show-time\/"]}]},{"@type":"ImageObject","inLanguage":"de-DE","@id":"https:\/\/www.campingreno.it\/de\/campingplatz-in-der-emilia-romagna-direkt-am-meer-mit-animation\/show-time\/#primaryimage","url":"https:\/\/www.campingreno.it\/wp-content\/uploads\/sites\/192\/2025\/03\/ANIMAZIONE_CAMPINGRENO-8.jpg","contentUrl":"https:\/\/www.campingreno.it\/wp-content\/uploads\/sites\/192\/2025\/03\/ANIMAZIONE_CAMPINGRENO-8.jpg","width":960,"height":720,"caption":"Campingplatz in Ravenna direkt am Meer - Camping Reno"},{"@type":"BreadcrumbList","@id":"https:\/\/www.campingreno.it\/de\/campingplatz-in-der-emilia-romagna-direkt-am-meer-mit-animation\/show-time\/#breadcrumb","itemListElement":[{"@type":"ListItem","position":1,"name":"Home","item":"https:\/\/www.campingreno.it\/de\/"},{"@type":"ListItem","position":2,"name":"Animation","item":"https:\/\/www.campingreno.it\/de\/campingplatz-in-der-emilia-romagna-direkt-am-meer-mit-animation\/"},{"@type":"ListItem","position":3,"name":"Showtime &#8211; Abendunterhaltung"}]},{"@type":"WebSite","@id":"https:\/\/www.campingreno.it\/de\/#website","url":"https:\/\/www.campingreno.it\/de\/","name":"Camping Reno","description":"","publisher":{"@id":"https:\/\/www.campingreno.it\/de\/#organization"},"potentialAction":[{"@type":"SearchAction","target":{"@type":"EntryPoint","urlTemplate":"https:\/\/www.campingreno.it\/de\/?s={search_term_string}"},"query-input":{"@type":"PropertyValueSpecification","valueRequired":true,"valueName":"search_term_string"}}],"inLanguage":"de-DE"},{"@type":"Organization","@id":"https:\/\/www.campingreno.it\/de\/#organization","name":"Camping Reno","url":"https:\/\/www.campingreno.it\/de\/","logo":{"@type":"ImageObject","inLanguage":"de-DE","@id":"https:\/\/www.campingreno.it\/de\/#\/schema\/logo\/image\/","url":"https:\/\/www.campingreno.it\/wp-content\/uploads\/sites\/192\/2024\/12\/logo_reno-no-sfondo-2.png","contentUrl":"https:\/\/www.campingreno.it\/wp-content\/uploads\/sites\/192\/2024\/12\/logo_reno-no-sfondo-2.png","width":567,"height":286,"caption":"Camping Reno"},"image":{"@id":"https:\/\/www.campingreno.it\/de\/#\/schema\/logo\/image\/"},"sameAs":["https:\/\/facebook.com\/tomasitourism","https:\/\/instagram.com\/camping_reno"]}]}},"acf":[],"_links":{"self":[{"href":"https:\/\/www.campingreno.it\/de\/wp-json\/wp\/v2\/pages\/1766","targetHints":{"allow":["GET"]}}],"collection":[{"href":"https:\/\/www.campingreno.it\/de\/wp-json\/wp\/v2\/pages"}],"about":[{"href":"https:\/\/www.campingreno.it\/de\/wp-json\/wp\/v2\/types\/page"}],"author":[{"embeddable":true,"href":"https:\/\/www.campingreno.it\/de\/wp-json\/wp\/v2\/users\/212"}],"replies":[{"embeddable":true,"href":"https:\/\/www.campingreno.it\/de\/wp-json\/wp\/v2\/comments?post=1766"}],"version-history":[{"count":0,"href":"https:\/\/www.campingreno.it\/de\/wp-json\/wp\/v2\/pages\/1766\/revisions"}],"up":[{"embeddable":true,"href":"https:\/\/www.campingreno.it\/de\/wp-json\/wp\/v2\/pages\/1748"}],"wp:featuredmedia":[{"embeddable":true,"href":"https:\/\/www.campingreno.it\/de\/wp-json\/wp\/v2\/media\/1786"}],"wp:attachment":[{"href":"https:\/\/www.campingreno.it\/de\/wp-json\/wp\/v2\/media?parent=1766"}],"curies":[{"name":"wp","href":"https:\/\/api.w.org\/{rel}","templated":true}]}}