   {"id":1769,"date":"2025-03-11T13:41:43","date_gmt":"2025-03-11T13:41:43","guid":{"rendered":"https:\/\/www.campingreno.it\/?page_id=1769"},"modified":"2025-12-15T10:06:49","modified_gmt":"2025-12-15T10:06:49","slug":"baby-dance","status":"publish","type":"page","link":"https:\/\/www.campingreno.it\/de\/campingplatz-in-der-emilia-romagna-direkt-am-meer-mit-animation\/baby-dance\/","title":{"rendered":"Baby Dance"},"content":{"rendered":"<p><strong>Die Baby Dance<\/strong> des Camping Reno, kleiner <strong>Campingplatz in der Emilia Romagna direkt am Meer mit Baby Dance<\/strong>,\u00a0 <strong>3-Sterne-Campingplatz in Casal Borsetti<\/strong>, ist ein Moment purer Freude und <strong>Spa\u00df f\u00fcr Kinder<\/strong>, <strong>in der Regel im Alter von 3 bis 10 Jahren.<\/strong><\/p>\n<p>&nbsp;<\/p>\n<p><strong>30 Minuten absolute Sympathie.<\/strong>.. Ihre Kleinen werden f\u00fcr 30 Minuten zu Darstellern einer au\u00dfergew\u00f6hnlichen Show, die jede <strong>Aufnahme und jedes Foto wert ist<\/strong>. Spr\u00fcnge, Gesang, Lachen, Musik und Tanz in absoluter Harmonie mit unseren Animateuren&#8230; nicht zu verpassen!!!<\/p>\n<p>&nbsp;<\/p>\n<p>Ihre Kinder werden im Urlaub am Meer (und danach) nichts anderes wollen, als die Baby Dance des Camping Reno, des Campingplatzes direkt am Meer in Casal Borsetti, zu h\u00f6ren und zu tanzen.<\/p>\n<p>&nbsp;<\/p>\n<p><strong>Treffpunkt auf dem kleinen Platz<\/strong><br \/>\nVon 21.00 bis 21.30 Uhr: in der N\u00e4he des Pools<\/p>\n<p>&nbsp;<\/p>\n<p><strong>Entdecken Sie jetzt unsere <a href=\"https:\/\/www.campingreno.it\/de\/campingplatz-ravenna-italien-unterkuenfte\/\">Unterk\u00fcnfte<\/a> und <a href=\"https:\/\/www.campingreno.it\/de\/stellplaetze-camping-adriakueste-ravenna\/\">Stellpl\u00e4tze<\/a> und fordern Sie ein unverbindliches Angebot an<\/strong><\/p>\n<p>&nbsp;<\/p>\n<p>&nbsp;<\/p>\n<p><strong>ZIELE:<\/strong><\/p>\n<p><strong>Spa\u00df und Unterhaltung:<\/strong> Den Kindern die M\u00f6glichkeit geben, zu tanzen, sich auszutoben und Spa\u00df in Gesellschaft zu haben.<br \/>\n<strong>Sozialisierung:<\/strong> Die Interaktion zwischen den Kindern und die Bildung neuer Freundschaften f\u00f6rdern.<br \/>\n<strong>Motorische Entwicklung:<\/strong> Koordination und Bewegung durch Tanz anregen.<br \/>\n<strong>Eine festliche Atmosph\u00e4re schaffen:<\/strong> Den Tag mit einem Moment der Freude und Unbeschwertheit ausklingen lassen.<\/p>\n<p>&nbsp;<\/p>\n<p>&nbsp;<\/p>\n<p><strong>TYPISCHE AKTIVIT\u00c4TEN:<\/strong><\/p>\n<p><strong>Mitrei\u00dfende Musik:<\/strong> Kinderlieder, Sommerhits und thematische Musik, die zum Tanzen einladen.<br \/>\n<strong>Einfache Choreografien:<\/strong> Gruppent\u00e4nze mit leicht zu erlernenden Schritten, auch f\u00fcr die Kleinsten geeignet.<br \/>\n<strong>Begeisterte Animateure:<\/strong> Animateure, die die Kinder mit Energie und Sympathie einbeziehen, sie beim Tanzen anleiten und eine festliche Atmosph\u00e4re schaffen.<br \/>\n<strong>Spiele und Animation:<\/strong> W\u00e4hrend der Baby Dance k\u00f6nnen auch kleine Spiele und Animationen angeboten werden, um den Moment noch unterhaltsamer zu gestalten.<\/p>\n<p>&nbsp;<\/p>\n<p><strong>ORGANISATION:<\/strong><\/p>\n<p>Die Baby Dance findet in der Regel in einem daf\u00fcr vorgesehenen Bereich des Campingplatzes statt, z. B. im Animationsbereich oder auf dem zentralen Platz.<br \/>\nDie Zeit ist in der Regel abends, nach dem Abendessen, um den Tag fr\u00f6hlich ausklingen zu lassen.<br \/>\nDie Dauer betr\u00e4gt ca. 30-45 Minuten, um die Aufmerksamkeit der Kinder hoch zu halten.<\/p>\n<p>&nbsp;<\/p>\n<p><strong>MERKMALE DES SERVICES:<\/strong><\/p>\n<p><strong>Die Baby Dance ist eine kostenlose Aktivit\u00e4t<\/strong> und offen f\u00fcr alle Kinder, die G\u00e4ste des Campingplatzes Camping Reno sind, kleiner <strong>Campingplatz in der Emilia Romagna direkt am Meer mit Baby Dance<\/strong><br \/>\n<strong>Die Atmosph\u00e4re<\/strong> ist <strong>informell und entspannt<\/strong>, das Wichtigste ist, Spa\u00df zu haben!<br \/>\nEs ist eine gro\u00dfartige M\u00f6glichkeit f\u00fcr Kinder, Kontakte zu kn\u00fcpfen und sich vor dem Schlafengehen auszutoben.<\/p>\n<p>&nbsp;<\/p>\n<p>&nbsp;<\/p>\n<p><a href=\"https:\/\/www.scidoo.com\/preventivov2\/?cod=1209&amp;dataarr=2025-4-5&amp;notti=7&amp;adult=1&amp;children=&amp;IDsotto_struttura=607&amp;lang=4\"><strong>\u00dcBERPR\u00dcFEN SIE JETZT DIE VERF\u00dcGBARKEIT VON MOBILHEIMS UND STELLPL\u00c4TZEN AUF DEM CAMPING RENO<\/strong><\/a><\/p>\n","protected":false},"excerpt":{"rendered":"<p>Die Baby Dance des Camping Reno, kleiner Campingplatz in der Emilia Romagna direkt am Meer mit Baby Dance,\u00a0 3-Sterne-Campingplatz in Casal Borsetti, ist ein Moment purer Freude und Spa\u00df f\u00fcr Kinder, in der Regel im Alter von 3 bis 10 Jahren. &nbsp; 30 Minuten absolute Sympathie&#8230; Ihre Kleinen werden f\u00fcr 30 Minuten zu Darstellern einer [&hellip;]<\/p>\n","protected":false},"author":212,"featured_media":1781,"parent":1748,"menu_order":300,"comment_status":"closed","ping_status":"closed","template":"","meta":{"footnotes":""},"class_list":["post-1769","page","type-page","status-publish","has-post-thumbnail","hentry"],"yoast_head":"<!-- This site is optimized with the Yoast SEO plugin v27.3 - https:\/\/yoast.com\/product\/yoast-seo-wordpress\/ -->\n<title>Campingplatz in der Emilia Romagna direkt am Meer | Baby Dance<\/title>\n<meta name=\"description\" content=\"Entdecken Sie den Camping Reno, Campingplatz in der Emilia Romagna direkt am Meer mit Baby Dance, und fordern Sie ein Angebot an.\" \/>\n<meta name=\"robots\" content=\"index, follow, max-snippet:-1, max-image-preview:large, max-video-preview:-1\" \/>\n<link rel=\"canonical\" href=\"https:\/\/www.campingreno.it\/de\/campingplatz-in-der-emilia-romagna-direkt-am-meer-mit-animation\/baby-dance\/\" \/>\n<meta property=\"og:locale\" content=\"de_DE\" \/>\n<meta property=\"og:type\" content=\"article\" \/>\n<meta property=\"og:title\" content=\"Campingplatz in der Emilia Romagna direkt am Meer | Baby Dance\" \/>\n<meta property=\"og:description\" content=\"Entdecken Sie den Camping Reno, Campingplatz in der Emilia Romagna direkt am Meer mit Baby Dance, und fordern Sie ein Angebot an.\" \/>\n<meta property=\"og:url\" content=\"https:\/\/www.campingreno.it\/de\/campingplatz-in-der-emilia-romagna-direkt-am-meer-mit-animation\/baby-dance\/\" \/>\n<meta property=\"og:site_name\" content=\"Camping Reno\" \/>\n<meta property=\"article:publisher\" content=\"https:\/\/facebook.com\/tomasitourism\" \/>\n<meta property=\"article:modified_time\" content=\"2025-12-15T10:06:49+00:00\" \/>\n<meta property=\"og:image\" content=\"https:\/\/www.campingreno.it\/wp-content\/uploads\/sites\/192\/2025\/03\/ANIMAZIONE_CAMPINGRENO-3.jpg\" \/>\n\t<meta property=\"og:image:width\" content=\"600\" \/>\n\t<meta property=\"og:image:height\" content=\"800\" \/>\n\t<meta property=\"og:image:type\" content=\"image\/jpeg\" \/>\n<meta name=\"twitter:card\" content=\"summary_large_image\" \/>\n<meta name=\"twitter:label1\" content=\"Gesch\u00e4tzte Lesezeit\" \/>\n\t<meta name=\"twitter:data1\" content=\"3 Minuten\" \/>\n<script type=\"application\/ld+json\" class=\"yoast-schema-graph\">{\"@context\":\"https:\\\/\\\/schema.org\",\"@graph\":[{\"@type\":\"WebPage\",\"@id\":\"https:\\\/\\\/www.campingreno.it\\\/de\\\/campingplatz-in-der-emilia-romagna-direkt-am-meer-mit-animation\\\/baby-dance\\\/\",\"url\":\"https:\\\/\\\/www.campingreno.it\\\/de\\\/campingplatz-in-der-emilia-romagna-direkt-am-meer-mit-animation\\\/baby-dance\\\/\",\"name\":\"Campingplatz in der Emilia Romagna direkt am Meer | Baby Dance\",\"isPartOf\":{\"@id\":\"https:\\\/\\\/www.campingreno.it\\\/de\\\/#website\"},\"primaryImageOfPage\":{\"@id\":\"https:\\\/\\\/www.campingreno.it\\\/de\\\/campingplatz-in-der-emilia-romagna-direkt-am-meer-mit-animation\\\/baby-dance\\\/#primaryimage\"},\"image\":{\"@id\":\"https:\\\/\\\/www.campingreno.it\\\/de\\\/campingplatz-in-der-emilia-romagna-direkt-am-meer-mit-animation\\\/baby-dance\\\/#primaryimage\"},\"thumbnailUrl\":\"https:\\\/\\\/www.campingreno.it\\\/wp-content\\\/uploads\\\/sites\\\/192\\\/2025\\\/03\\\/ANIMAZIONE_CAMPINGRENO-3.jpg\",\"datePublished\":\"2025-03-11T13:41:43+00:00\",\"dateModified\":\"2025-12-15T10:06:49+00:00\",\"description\":\"Entdecken Sie den Camping Reno, Campingplatz in der Emilia Romagna direkt am Meer mit Baby Dance, und fordern Sie ein Angebot an.\",\"breadcrumb\":{\"@id\":\"https:\\\/\\\/www.campingreno.it\\\/de\\\/campingplatz-in-der-emilia-romagna-direkt-am-meer-mit-animation\\\/baby-dance\\\/#breadcrumb\"},\"inLanguage\":\"de-DE\",\"potentialAction\":[{\"@type\":\"ReadAction\",\"target\":[\"https:\\\/\\\/www.campingreno.it\\\/de\\\/campingplatz-in-der-emilia-romagna-direkt-am-meer-mit-animation\\\/baby-dance\\\/\"]}]},{\"@type\":\"ImageObject\",\"inLanguage\":\"de-DE\",\"@id\":\"https:\\\/\\\/www.campingreno.it\\\/de\\\/campingplatz-in-der-emilia-romagna-direkt-am-meer-mit-animation\\\/baby-dance\\\/#primaryimage\",\"url\":\"https:\\\/\\\/www.campingreno.it\\\/wp-content\\\/uploads\\\/sites\\\/192\\\/2025\\\/03\\\/ANIMAZIONE_CAMPINGRENO-3.jpg\",\"contentUrl\":\"https:\\\/\\\/www.campingreno.it\\\/wp-content\\\/uploads\\\/sites\\\/192\\\/2025\\\/03\\\/ANIMAZIONE_CAMPINGRENO-3.jpg\",\"width\":600,\"height\":800,\"caption\":\"Campingplatz in der Emilia Romagna direkt am Meer | Baby Dance\"},{\"@type\":\"BreadcrumbList\",\"@id\":\"https:\\\/\\\/www.campingreno.it\\\/de\\\/campingplatz-in-der-emilia-romagna-direkt-am-meer-mit-animation\\\/baby-dance\\\/#breadcrumb\",\"itemListElement\":[{\"@type\":\"ListItem\",\"position\":1,\"name\":\"Home\",\"item\":\"https:\\\/\\\/www.campingreno.it\\\/de\\\/\"},{\"@type\":\"ListItem\",\"position\":2,\"name\":\"Animation\",\"item\":\"https:\\\/\\\/www.campingreno.it\\\/de\\\/campingplatz-in-der-emilia-romagna-direkt-am-meer-mit-animation\\\/\"},{\"@type\":\"ListItem\",\"position\":3,\"name\":\"Baby Dance\"}]},{\"@type\":\"WebSite\",\"@id\":\"https:\\\/\\\/www.campingreno.it\\\/de\\\/#website\",\"url\":\"https:\\\/\\\/www.campingreno.it\\\/de\\\/\",\"name\":\"Camping Reno\",\"description\":\"\",\"publisher\":{\"@id\":\"https:\\\/\\\/www.campingreno.it\\\/de\\\/#organization\"},\"potentialAction\":[{\"@type\":\"SearchAction\",\"target\":{\"@type\":\"EntryPoint\",\"urlTemplate\":\"https:\\\/\\\/www.campingreno.it\\\/de\\\/?s={search_term_string}\"},\"query-input\":{\"@type\":\"PropertyValueSpecification\",\"valueRequired\":true,\"valueName\":\"search_term_string\"}}],\"inLanguage\":\"de-DE\"},{\"@type\":\"Organization\",\"@id\":\"https:\\\/\\\/www.campingreno.it\\\/de\\\/#organization\",\"name\":\"Camping Reno\",\"url\":\"https:\\\/\\\/www.campingreno.it\\\/de\\\/\",\"logo\":{\"@type\":\"ImageObject\",\"inLanguage\":\"de-DE\",\"@id\":\"https:\\\/\\\/www.campingreno.it\\\/de\\\/#\\\/schema\\\/logo\\\/image\\\/\",\"url\":\"https:\\\/\\\/www.campingreno.it\\\/wp-content\\\/uploads\\\/sites\\\/192\\\/2024\\\/12\\\/logo_reno-no-sfondo-2.png\",\"contentUrl\":\"https:\\\/\\\/www.campingreno.it\\\/wp-content\\\/uploads\\\/sites\\\/192\\\/2024\\\/12\\\/logo_reno-no-sfondo-2.png\",\"width\":567,\"height\":286,\"caption\":\"Camping Reno\"},\"image\":{\"@id\":\"https:\\\/\\\/www.campingreno.it\\\/de\\\/#\\\/schema\\\/logo\\\/image\\\/\"},\"sameAs\":[\"https:\\\/\\\/facebook.com\\\/tomasitourism\",\"https:\\\/\\\/instagram.com\\\/camping_reno\"]}]}<\/script>\n<!-- \/ Yoast SEO plugin. -->","yoast_head_json":{"title":"Campingplatz in der Emilia Romagna direkt am Meer | Baby Dance","description":"Entdecken Sie den Camping Reno, Campingplatz in der Emilia Romagna direkt am Meer mit Baby Dance, und fordern Sie ein Angebot an.","robots":{"index":"index","follow":"follow","max-snippet":"max-snippet:-1","max-image-preview":"max-image-preview:large","max-video-preview":"max-video-preview:-1"},"canonical":"https:\/\/www.campingreno.it\/de\/campingplatz-in-der-emilia-romagna-direkt-am-meer-mit-animation\/baby-dance\/","og_locale":"de_DE","og_type":"article","og_title":"Campingplatz in der Emilia Romagna direkt am Meer | Baby Dance","og_description":"Entdecken Sie den Camping Reno, Campingplatz in der Emilia Romagna direkt am Meer mit Baby Dance, und fordern Sie ein Angebot an.","og_url":"https:\/\/www.campingreno.it\/de\/campingplatz-in-der-emilia-romagna-direkt-am-meer-mit-animation\/baby-dance\/","og_site_name":"Camping Reno","article_publisher":"https:\/\/facebook.com\/tomasitourism","article_modified_time":"2025-12-15T10:06:49+00:00","og_image":[{"width":600,"height":800,"url":"https:\/\/www.campingreno.it\/wp-content\/uploads\/sites\/192\/2025\/03\/ANIMAZIONE_CAMPINGRENO-3.jpg","type":"image\/jpeg"}],"twitter_card":"summary_large_image","twitter_misc":{"Gesch\u00e4tzte Lesezeit":"3 Minuten"},"schema":{"@context":"https:\/\/schema.org","@graph":[{"@type":"WebPage","@id":"https:\/\/www.campingreno.it\/de\/campingplatz-in-der-emilia-romagna-direkt-am-meer-mit-animation\/baby-dance\/","url":"https:\/\/www.campingreno.it\/de\/campingplatz-in-der-emilia-romagna-direkt-am-meer-mit-animation\/baby-dance\/","name":"Campingplatz in der Emilia Romagna direkt am Meer | Baby Dance","isPartOf":{"@id":"https:\/\/www.campingreno.it\/de\/#website"},"primaryImageOfPage":{"@id":"https:\/\/www.campingreno.it\/de\/campingplatz-in-der-emilia-romagna-direkt-am-meer-mit-animation\/baby-dance\/#primaryimage"},"image":{"@id":"https:\/\/www.campingreno.it\/de\/campingplatz-in-der-emilia-romagna-direkt-am-meer-mit-animation\/baby-dance\/#primaryimage"},"thumbnailUrl":"https:\/\/www.campingreno.it\/wp-content\/uploads\/sites\/192\/2025\/03\/ANIMAZIONE_CAMPINGRENO-3.jpg","datePublished":"2025-03-11T13:41:43+00:00","dateModified":"2025-12-15T10:06:49+00:00","description":"Entdecken Sie den Camping Reno, Campingplatz in der Emilia Romagna direkt am Meer mit Baby Dance, und fordern Sie ein Angebot an.","breadcrumb":{"@id":"https:\/\/www.campingreno.it\/de\/campingplatz-in-der-emilia-romagna-direkt-am-meer-mit-animation\/baby-dance\/#breadcrumb"},"inLanguage":"de-DE","potentialAction":[{"@type":"ReadAction","target":["https:\/\/www.campingreno.it\/de\/campingplatz-in-der-emilia-romagna-direkt-am-meer-mit-animation\/baby-dance\/"]}]},{"@type":"ImageObject","inLanguage":"de-DE","@id":"https:\/\/www.campingreno.it\/de\/campingplatz-in-der-emilia-romagna-direkt-am-meer-mit-animation\/baby-dance\/#primaryimage","url":"https:\/\/www.campingreno.it\/wp-content\/uploads\/sites\/192\/2025\/03\/ANIMAZIONE_CAMPINGRENO-3.jpg","contentUrl":"https:\/\/www.campingreno.it\/wp-content\/uploads\/sites\/192\/2025\/03\/ANIMAZIONE_CAMPINGRENO-3.jpg","width":600,"height":800,"caption":"Campingplatz in der Emilia Romagna direkt am Meer | Baby Dance"},{"@type":"BreadcrumbList","@id":"https:\/\/www.campingreno.it\/de\/campingplatz-in-der-emilia-romagna-direkt-am-meer-mit-animation\/baby-dance\/#breadcrumb","itemListElement":[{"@type":"ListItem","position":1,"name":"Home","item":"https:\/\/www.campingreno.it\/de\/"},{"@type":"ListItem","position":2,"name":"Animation","item":"https:\/\/www.campingreno.it\/de\/campingplatz-in-der-emilia-romagna-direkt-am-meer-mit-animation\/"},{"@type":"ListItem","position":3,"name":"Baby Dance"}]},{"@type":"WebSite","@id":"https:\/\/www.campingreno.it\/de\/#website","url":"https:\/\/www.campingreno.it\/de\/","name":"Camping Reno","description":"","publisher":{"@id":"https:\/\/www.campingreno.it\/de\/#organization"},"potentialAction":[{"@type":"SearchAction","target":{"@type":"EntryPoint","urlTemplate":"https:\/\/www.campingreno.it\/de\/?s={search_term_string}"},"query-input":{"@type":"PropertyValueSpecification","valueRequired":true,"valueName":"search_term_string"}}],"inLanguage":"de-DE"},{"@type":"Organization","@id":"https:\/\/www.campingreno.it\/de\/#organization","name":"Camping Reno","url":"https:\/\/www.campingreno.it\/de\/","logo":{"@type":"ImageObject","inLanguage":"de-DE","@id":"https:\/\/www.campingreno.it\/de\/#\/schema\/logo\/image\/","url":"https:\/\/www.campingreno.it\/wp-content\/uploads\/sites\/192\/2024\/12\/logo_reno-no-sfondo-2.png","contentUrl":"https:\/\/www.campingreno.it\/wp-content\/uploads\/sites\/192\/2024\/12\/logo_reno-no-sfondo-2.png","width":567,"height":286,"caption":"Camping Reno"},"image":{"@id":"https:\/\/www.campingreno.it\/de\/#\/schema\/logo\/image\/"},"sameAs":["https:\/\/facebook.com\/tomasitourism","https:\/\/instagram.com\/camping_reno"]}]}},"acf":[],"_links":{"self":[{"href":"https:\/\/www.campingreno.it\/de\/wp-json\/wp\/v2\/pages\/1769","targetHints":{"allow":["GET"]}}],"collection":[{"href":"https:\/\/www.campingreno.it\/de\/wp-json\/wp\/v2\/pages"}],"about":[{"href":"https:\/\/www.campingreno.it\/de\/wp-json\/wp\/v2\/types\/page"}],"author":[{"embeddable":true,"href":"https:\/\/www.campingreno.it\/de\/wp-json\/wp\/v2\/users\/212"}],"replies":[{"embeddable":true,"href":"https:\/\/www.campingreno.it\/de\/wp-json\/wp\/v2\/comments?post=1769"}],"version-history":[{"count":0,"href":"https:\/\/www.campingreno.it\/de\/wp-json\/wp\/v2\/pages\/1769\/revisions"}],"up":[{"embeddable":true,"href":"https:\/\/www.campingreno.it\/de\/wp-json\/wp\/v2\/pages\/1748"}],"wp:featuredmedia":[{"embeddable":true,"href":"https:\/\/www.campingreno.it\/de\/wp-json\/wp\/v2\/media\/1781"}],"wp:attachment":[{"href":"https:\/\/www.campingreno.it\/de\/wp-json\/wp\/v2\/media?parent=1769"}],"curies":[{"name":"wp","href":"https:\/\/api.w.org\/{rel}","templated":true}]}}