   {"id":1772,"date":"2025-03-11T13:42:32","date_gmt":"2025-03-11T13:42:32","guid":{"rendered":"https:\/\/www.campingreno.it\/?page_id=1772"},"modified":"2025-03-26T11:33:22","modified_gmt":"2025-03-26T11:33:22","slug":"sportturniere-muskelaufbau-aperitifspiel","status":"publish","type":"page","link":"https:\/\/www.campingreno.it\/de\/campingplatz-in-der-emilia-romagna-direkt-am-meer-mit-animation\/sportturniere-muskelaufbau-aperitifspiel\/","title":{"rendered":"Sportturniere &#8211; Muskelaufbau &#8211; Aperitifspiel"},"content":{"rendered":"<p><strong>Die Tagesaktivit\u00e4ten des Animationsservices des 3-Sterne-Camping Reno<\/strong>, <strong>kleiner Campingplatz Ravenna Italien mit Animation<\/strong>, sind darauf ausgelegt, G\u00e4sten jeden Alters Spa\u00df und Unterhaltung zu bieten, mit besonderem Augenmerk auf Familien und Kinder. Hier ist ein \u00dcberblick \u00fcber die typischen Aktivit\u00e4ten:<\/p>\n<p>&nbsp;<\/p>\n<p><strong>Treffpunkt am Strand<\/strong><br \/>\nVon 10.00 bis 10.30 Uhr: Muskelaufbau<br \/>\nVon 12.00 bis 12.15 Uhr: Aperitifspiel<\/p>\n<p>&nbsp;<\/p>\n<p><strong>Treffpunkt auf dem kleinen Platz<\/strong><br \/>\nVon 16.00 bis 18.00 Uhr: Sportturniere<\/p>\n<p>&nbsp;<\/p>\n<p>Die Tagesaktivit\u00e4ten des Animationsservices auf einem kleinen 3-Sterne-<strong>Campingplatz Ravenna Italien mit Animation<\/strong> sind darauf ausgelegt, G\u00e4sten jeden Alters Spa\u00df und Unterhaltung zu bieten, mit besonderem Augenmerk auf Familien und Kinder.<\/p>\n<p>&nbsp;<\/p>\n<p><strong>Werfen Sie einen Blick auf unsere <a href=\"https:\/\/www.campingreno.it\/de\/campingplatz-ravenna-italien-unterkuenfte\/\">Unterk\u00fcnfte<\/a> oder <a href=\"https:\/\/www.campingreno.it\/de\/stellplaetze-camping-adriakueste-ravenna\/\">Stellpl\u00e4tze<\/a> und fordern Sie ein unverbindliches Angebot an.<\/strong><\/p>\n<p>&nbsp;<\/p>\n<p><strong>Hier ist ein \u00dcberblick \u00fcber die typischen Aktivit\u00e4ten:<\/strong><\/p>\n<p>&nbsp;<\/p>\n<p><strong>AKTIVIT\u00c4TEN F\u00dcR KINDER<\/strong><\/p>\n<p><strong>Kreativworkshops:<\/strong> Zeichen-, Mal-, Bildhauersitzungen mit Naturmaterialien, Herstellung thematischer Handarbeiten (Muscheln, Sand usw.).<br \/>\n<strong>Gruppenspiele:<\/strong> Schatzsuchen, Mannschaftsspiele am Strand oder auf dem Campingplatz, Wasserspiele zur Abk\u00fchlung.<br \/>\n<strong>Sportliche Aktivit\u00e4ten:<\/strong> Mini-Beachvolleyball-, Fu\u00dfball-, Boccia-Turniere, Gleichgewichts- und Geschicklichkeitsspiele.<br \/>\n<strong>Strandspiele:<\/strong> Sandburgen bauen, Murmelrennen, Drachenspiele.<\/p>\n<p>&nbsp;<\/p>\n<p>&nbsp;<\/p>\n<p><strong>AKTIVIT\u00c4TEN F\u00dcR ERWACHSENE<\/strong><\/p>\n<p><strong>Muskelaufbau:<\/strong> Stretching- und leichte Gymnastiksitzungen, um den Tag mit Energie zu beginnen.<br \/>\n<strong>Sportturniere:<\/strong> Boccia-, Tischtennis-, Darts-, Kartenspiele.<br \/>\n<strong>Tanzkurse:<\/strong> Gruppent\u00e4nze, lateinamerikanische T\u00e4nze, Paart\u00e4nze.<br \/>\n<strong>Entspannungsaktivit\u00e4ten:<\/strong> Aperitifspiel.<\/p>\n<p>&nbsp;<\/p>\n<p>&nbsp;<\/p>\n<p><strong>AKTIVIT\u00c4TEN F\u00dcR DIE GANZE FAMILIE:<\/strong><\/p>\n<p><strong>Spiele im Pool:<\/strong> Staffell\u00e4ufe, Spiele mit aufblasbaren Gegenst\u00e4nden, Wasserballturniere.<br \/>\n<strong>Ausfl\u00fcge:<\/strong> Spazierg\u00e4nge in der umliegenden Natur, Besuche in nahegelegenen D\u00f6rfern, Radtouren.<br \/>\n<strong>Karten- und Brettspielturniere:<\/strong> Nachmittage, die dem Spa\u00df in Gesellschaft gewidmet sind.<br \/>\n<strong>Themenaktivit\u00e4ten:<\/strong> Tage, die bestimmten Themen gewidmet sind (Piraten, Superhelden usw.) mit thematischen Spielen und Workshops.<\/p>\n<p>&nbsp;<\/p>\n<p>&nbsp;<\/p>\n<p><strong>MERKMALE DES SERVICES:<\/strong><\/p>\n<p>Die Aktivit\u00e4ten finden in der Regel im Freien statt, wobei die R\u00e4ume des Campingplatzes und die N\u00e4he zum Meer genutzt werden.<br \/>\nDas Animationsprogramm ist flexibel und an Wetterbedingungen und G\u00e4stew\u00fcnsche anpassbar.<\/p>\n<p>Die Animateure sind immer pr\u00e4sent und verf\u00fcgbar, um die G\u00e4ste einzubeziehen und die Sicherheit w\u00e4hrend der Aktivit\u00e4ten zu gew\u00e4hrleisten.<br \/>\nAuf dem Camping Reno, kleiner Campingplatz in Ravenna direkt am Meer mit Animation, zielt die Tagesanimation darauf ab, eine famili\u00e4re und einladende Atmosph\u00e4re zu schaffen, in der jeder eine unterhaltsame und seinem Geschmack entsprechende Aktivit\u00e4t finden kann.<\/p>\n<p>&nbsp;<\/p>\n<p>&nbsp;<\/p>\n<p><a href=\"https:\/\/www.scidoo.com\/preventivov2\/?cod=1209&amp;dataarr=2025-4-5&amp;notti=7&amp;adult=1&amp;children=&amp;IDsotto_struttura=607&amp;lang=4\"><strong>\u00dcBERPR\u00dcFEN SIE JETZT DIE ONLINE-VERF\u00dcGBARKEIT UND BUCHEN SIE<\/strong><\/a><\/p>\n","protected":false},"excerpt":{"rendered":"<p>Die Tagesaktivit\u00e4ten des Animationsservices des 3-Sterne-Camping Reno, kleiner Campingplatz Ravenna Italien mit Animation, sind darauf ausgelegt, G\u00e4sten jeden Alters Spa\u00df und Unterhaltung zu bieten, mit besonderem Augenmerk auf Familien und Kinder. Hier ist ein \u00dcberblick \u00fcber die typischen Aktivit\u00e4ten: &nbsp; Treffpunkt am Strand Von 10.00 bis 10.30 Uhr: Muskelaufbau Von 12.00 bis 12.15 Uhr: Aperitifspiel [&hellip;]<\/p>\n","protected":false},"author":212,"featured_media":1998,"parent":1748,"menu_order":300,"comment_status":"closed","ping_status":"closed","template":"","meta":{"footnotes":""},"class_list":["post-1772","page","type-page","status-publish","has-post-thumbnail","hentry"],"yoast_head":"<!-- This site is optimized with the Yoast SEO plugin v27.3 - https:\/\/yoast.com\/product\/yoast-seo-wordpress\/ -->\n<title>Campingplatz Ravenna Italien mit Animation | Camping Reno<\/title>\n<meta name=\"description\" content=\"Entdecken Sie den Camping Remo, Campingplatz Ravenna Italien mit Animation mit Animation, und fordern Sie ein unverbindliches Angebot an.\" \/>\n<meta name=\"robots\" content=\"index, follow, max-snippet:-1, max-image-preview:large, max-video-preview:-1\" \/>\n<link rel=\"canonical\" href=\"https:\/\/www.campingreno.it\/de\/campingplatz-in-der-emilia-romagna-direkt-am-meer-mit-animation\/sportturniere-muskelaufbau-aperitifspiel\/\" \/>\n<meta property=\"og:locale\" content=\"de_DE\" \/>\n<meta property=\"og:type\" content=\"article\" \/>\n<meta property=\"og:title\" content=\"Campingplatz Ravenna Italien mit Animation | Camping Reno\" \/>\n<meta property=\"og:description\" content=\"Entdecken Sie den Camping Remo, Campingplatz Ravenna Italien mit Animation mit Animation, und fordern Sie ein unverbindliches Angebot an.\" \/>\n<meta property=\"og:url\" content=\"https:\/\/www.campingreno.it\/de\/campingplatz-in-der-emilia-romagna-direkt-am-meer-mit-animation\/sportturniere-muskelaufbau-aperitifspiel\/\" \/>\n<meta property=\"og:site_name\" content=\"Camping Reno\" \/>\n<meta property=\"article:publisher\" content=\"https:\/\/facebook.com\/tomasitourism\" \/>\n<meta property=\"article:modified_time\" content=\"2025-03-26T11:33:22+00:00\" \/>\n<meta property=\"og:image\" content=\"https:\/\/www.campingreno.it\/wp-content\/uploads\/sites\/192\/2025\/03\/CAMPING-RENO-TORNEI-SPORTIVI-1.jpeg\" \/>\n\t<meta property=\"og:image:width\" content=\"225\" \/>\n\t<meta property=\"og:image:height\" content=\"225\" \/>\n\t<meta property=\"og:image:type\" content=\"image\/jpeg\" \/>\n<meta name=\"twitter:card\" content=\"summary_large_image\" \/>\n<meta name=\"twitter:label1\" content=\"Gesch\u00e4tzte Lesezeit\" \/>\n\t<meta name=\"twitter:data1\" content=\"2 Minuten\" \/>\n<script type=\"application\/ld+json\" class=\"yoast-schema-graph\">{\"@context\":\"https:\\\/\\\/schema.org\",\"@graph\":[{\"@type\":\"WebPage\",\"@id\":\"https:\\\/\\\/www.campingreno.it\\\/de\\\/campingplatz-in-der-emilia-romagna-direkt-am-meer-mit-animation\\\/sportturniere-muskelaufbau-aperitifspiel\\\/\",\"url\":\"https:\\\/\\\/www.campingreno.it\\\/de\\\/campingplatz-in-der-emilia-romagna-direkt-am-meer-mit-animation\\\/sportturniere-muskelaufbau-aperitifspiel\\\/\",\"name\":\"Campingplatz Ravenna Italien mit Animation | Camping Reno\",\"isPartOf\":{\"@id\":\"https:\\\/\\\/www.campingreno.it\\\/de\\\/#website\"},\"primaryImageOfPage\":{\"@id\":\"https:\\\/\\\/www.campingreno.it\\\/de\\\/campingplatz-in-der-emilia-romagna-direkt-am-meer-mit-animation\\\/sportturniere-muskelaufbau-aperitifspiel\\\/#primaryimage\"},\"image\":{\"@id\":\"https:\\\/\\\/www.campingreno.it\\\/de\\\/campingplatz-in-der-emilia-romagna-direkt-am-meer-mit-animation\\\/sportturniere-muskelaufbau-aperitifspiel\\\/#primaryimage\"},\"thumbnailUrl\":\"https:\\\/\\\/www.campingreno.it\\\/wp-content\\\/uploads\\\/sites\\\/192\\\/2025\\\/03\\\/CAMPING-RENO-TORNEI-SPORTIVI-1.jpeg\",\"datePublished\":\"2025-03-11T13:42:32+00:00\",\"dateModified\":\"2025-03-26T11:33:22+00:00\",\"description\":\"Entdecken Sie den Camping Remo, Campingplatz Ravenna Italien mit Animation mit Animation, und fordern Sie ein unverbindliches Angebot an.\",\"breadcrumb\":{\"@id\":\"https:\\\/\\\/www.campingreno.it\\\/de\\\/campingplatz-in-der-emilia-romagna-direkt-am-meer-mit-animation\\\/sportturniere-muskelaufbau-aperitifspiel\\\/#breadcrumb\"},\"inLanguage\":\"de-DE\",\"potentialAction\":[{\"@type\":\"ReadAction\",\"target\":[\"https:\\\/\\\/www.campingreno.it\\\/de\\\/campingplatz-in-der-emilia-romagna-direkt-am-meer-mit-animation\\\/sportturniere-muskelaufbau-aperitifspiel\\\/\"]}]},{\"@type\":\"ImageObject\",\"inLanguage\":\"de-DE\",\"@id\":\"https:\\\/\\\/www.campingreno.it\\\/de\\\/campingplatz-in-der-emilia-romagna-direkt-am-meer-mit-animation\\\/sportturniere-muskelaufbau-aperitifspiel\\\/#primaryimage\",\"url\":\"https:\\\/\\\/www.campingreno.it\\\/wp-content\\\/uploads\\\/sites\\\/192\\\/2025\\\/03\\\/CAMPING-RENO-TORNEI-SPORTIVI-1.jpeg\",\"contentUrl\":\"https:\\\/\\\/www.campingreno.it\\\/wp-content\\\/uploads\\\/sites\\\/192\\\/2025\\\/03\\\/CAMPING-RENO-TORNEI-SPORTIVI-1.jpeg\",\"width\":225,\"height\":225,\"caption\":\"Campingplatz Ravenna Italien mit Animation - Camping Reno\"},{\"@type\":\"BreadcrumbList\",\"@id\":\"https:\\\/\\\/www.campingreno.it\\\/de\\\/campingplatz-in-der-emilia-romagna-direkt-am-meer-mit-animation\\\/sportturniere-muskelaufbau-aperitifspiel\\\/#breadcrumb\",\"itemListElement\":[{\"@type\":\"ListItem\",\"position\":1,\"name\":\"Home\",\"item\":\"https:\\\/\\\/www.campingreno.it\\\/de\\\/\"},{\"@type\":\"ListItem\",\"position\":2,\"name\":\"Animation\",\"item\":\"https:\\\/\\\/www.campingreno.it\\\/de\\\/campingplatz-in-der-emilia-romagna-direkt-am-meer-mit-animation\\\/\"},{\"@type\":\"ListItem\",\"position\":3,\"name\":\"Sportturniere &#8211; Muskelaufbau &#8211; Aperitifspiel\"}]},{\"@type\":\"WebSite\",\"@id\":\"https:\\\/\\\/www.campingreno.it\\\/de\\\/#website\",\"url\":\"https:\\\/\\\/www.campingreno.it\\\/de\\\/\",\"name\":\"Camping Reno\",\"description\":\"\",\"publisher\":{\"@id\":\"https:\\\/\\\/www.campingreno.it\\\/de\\\/#organization\"},\"potentialAction\":[{\"@type\":\"SearchAction\",\"target\":{\"@type\":\"EntryPoint\",\"urlTemplate\":\"https:\\\/\\\/www.campingreno.it\\\/de\\\/?s={search_term_string}\"},\"query-input\":{\"@type\":\"PropertyValueSpecification\",\"valueRequired\":true,\"valueName\":\"search_term_string\"}}],\"inLanguage\":\"de-DE\"},{\"@type\":\"Organization\",\"@id\":\"https:\\\/\\\/www.campingreno.it\\\/de\\\/#organization\",\"name\":\"Camping Reno\",\"url\":\"https:\\\/\\\/www.campingreno.it\\\/de\\\/\",\"logo\":{\"@type\":\"ImageObject\",\"inLanguage\":\"de-DE\",\"@id\":\"https:\\\/\\\/www.campingreno.it\\\/de\\\/#\\\/schema\\\/logo\\\/image\\\/\",\"url\":\"https:\\\/\\\/www.campingreno.it\\\/wp-content\\\/uploads\\\/sites\\\/192\\\/2024\\\/12\\\/logo_reno-no-sfondo-2.png\",\"contentUrl\":\"https:\\\/\\\/www.campingreno.it\\\/wp-content\\\/uploads\\\/sites\\\/192\\\/2024\\\/12\\\/logo_reno-no-sfondo-2.png\",\"width\":567,\"height\":286,\"caption\":\"Camping Reno\"},\"image\":{\"@id\":\"https:\\\/\\\/www.campingreno.it\\\/de\\\/#\\\/schema\\\/logo\\\/image\\\/\"},\"sameAs\":[\"https:\\\/\\\/facebook.com\\\/tomasitourism\",\"https:\\\/\\\/instagram.com\\\/camping_reno\"]}]}<\/script>\n<!-- \/ Yoast SEO plugin. -->","yoast_head_json":{"title":"Campingplatz Ravenna Italien mit Animation | Camping Reno","description":"Entdecken Sie den Camping Remo, Campingplatz Ravenna Italien mit Animation mit Animation, und fordern Sie ein unverbindliches Angebot an.","robots":{"index":"index","follow":"follow","max-snippet":"max-snippet:-1","max-image-preview":"max-image-preview:large","max-video-preview":"max-video-preview:-1"},"canonical":"https:\/\/www.campingreno.it\/de\/campingplatz-in-der-emilia-romagna-direkt-am-meer-mit-animation\/sportturniere-muskelaufbau-aperitifspiel\/","og_locale":"de_DE","og_type":"article","og_title":"Campingplatz Ravenna Italien mit Animation | Camping Reno","og_description":"Entdecken Sie den Camping Remo, Campingplatz Ravenna Italien mit Animation mit Animation, und fordern Sie ein unverbindliches Angebot an.","og_url":"https:\/\/www.campingreno.it\/de\/campingplatz-in-der-emilia-romagna-direkt-am-meer-mit-animation\/sportturniere-muskelaufbau-aperitifspiel\/","og_site_name":"Camping Reno","article_publisher":"https:\/\/facebook.com\/tomasitourism","article_modified_time":"2025-03-26T11:33:22+00:00","og_image":[{"width":225,"height":225,"url":"https:\/\/www.campingreno.it\/wp-content\/uploads\/sites\/192\/2025\/03\/CAMPING-RENO-TORNEI-SPORTIVI-1.jpeg","type":"image\/jpeg"}],"twitter_card":"summary_large_image","twitter_misc":{"Gesch\u00e4tzte Lesezeit":"2 Minuten"},"schema":{"@context":"https:\/\/schema.org","@graph":[{"@type":"WebPage","@id":"https:\/\/www.campingreno.it\/de\/campingplatz-in-der-emilia-romagna-direkt-am-meer-mit-animation\/sportturniere-muskelaufbau-aperitifspiel\/","url":"https:\/\/www.campingreno.it\/de\/campingplatz-in-der-emilia-romagna-direkt-am-meer-mit-animation\/sportturniere-muskelaufbau-aperitifspiel\/","name":"Campingplatz Ravenna Italien mit Animation | Camping Reno","isPartOf":{"@id":"https:\/\/www.campingreno.it\/de\/#website"},"primaryImageOfPage":{"@id":"https:\/\/www.campingreno.it\/de\/campingplatz-in-der-emilia-romagna-direkt-am-meer-mit-animation\/sportturniere-muskelaufbau-aperitifspiel\/#primaryimage"},"image":{"@id":"https:\/\/www.campingreno.it\/de\/campingplatz-in-der-emilia-romagna-direkt-am-meer-mit-animation\/sportturniere-muskelaufbau-aperitifspiel\/#primaryimage"},"thumbnailUrl":"https:\/\/www.campingreno.it\/wp-content\/uploads\/sites\/192\/2025\/03\/CAMPING-RENO-TORNEI-SPORTIVI-1.jpeg","datePublished":"2025-03-11T13:42:32+00:00","dateModified":"2025-03-26T11:33:22+00:00","description":"Entdecken Sie den Camping Remo, Campingplatz Ravenna Italien mit Animation mit Animation, und fordern Sie ein unverbindliches Angebot an.","breadcrumb":{"@id":"https:\/\/www.campingreno.it\/de\/campingplatz-in-der-emilia-romagna-direkt-am-meer-mit-animation\/sportturniere-muskelaufbau-aperitifspiel\/#breadcrumb"},"inLanguage":"de-DE","potentialAction":[{"@type":"ReadAction","target":["https:\/\/www.campingreno.it\/de\/campingplatz-in-der-emilia-romagna-direkt-am-meer-mit-animation\/sportturniere-muskelaufbau-aperitifspiel\/"]}]},{"@type":"ImageObject","inLanguage":"de-DE","@id":"https:\/\/www.campingreno.it\/de\/campingplatz-in-der-emilia-romagna-direkt-am-meer-mit-animation\/sportturniere-muskelaufbau-aperitifspiel\/#primaryimage","url":"https:\/\/www.campingreno.it\/wp-content\/uploads\/sites\/192\/2025\/03\/CAMPING-RENO-TORNEI-SPORTIVI-1.jpeg","contentUrl":"https:\/\/www.campingreno.it\/wp-content\/uploads\/sites\/192\/2025\/03\/CAMPING-RENO-TORNEI-SPORTIVI-1.jpeg","width":225,"height":225,"caption":"Campingplatz Ravenna Italien mit Animation - Camping Reno"},{"@type":"BreadcrumbList","@id":"https:\/\/www.campingreno.it\/de\/campingplatz-in-der-emilia-romagna-direkt-am-meer-mit-animation\/sportturniere-muskelaufbau-aperitifspiel\/#breadcrumb","itemListElement":[{"@type":"ListItem","position":1,"name":"Home","item":"https:\/\/www.campingreno.it\/de\/"},{"@type":"ListItem","position":2,"name":"Animation","item":"https:\/\/www.campingreno.it\/de\/campingplatz-in-der-emilia-romagna-direkt-am-meer-mit-animation\/"},{"@type":"ListItem","position":3,"name":"Sportturniere &#8211; Muskelaufbau &#8211; Aperitifspiel"}]},{"@type":"WebSite","@id":"https:\/\/www.campingreno.it\/de\/#website","url":"https:\/\/www.campingreno.it\/de\/","name":"Camping Reno","description":"","publisher":{"@id":"https:\/\/www.campingreno.it\/de\/#organization"},"potentialAction":[{"@type":"SearchAction","target":{"@type":"EntryPoint","urlTemplate":"https:\/\/www.campingreno.it\/de\/?s={search_term_string}"},"query-input":{"@type":"PropertyValueSpecification","valueRequired":true,"valueName":"search_term_string"}}],"inLanguage":"de-DE"},{"@type":"Organization","@id":"https:\/\/www.campingreno.it\/de\/#organization","name":"Camping Reno","url":"https:\/\/www.campingreno.it\/de\/","logo":{"@type":"ImageObject","inLanguage":"de-DE","@id":"https:\/\/www.campingreno.it\/de\/#\/schema\/logo\/image\/","url":"https:\/\/www.campingreno.it\/wp-content\/uploads\/sites\/192\/2024\/12\/logo_reno-no-sfondo-2.png","contentUrl":"https:\/\/www.campingreno.it\/wp-content\/uploads\/sites\/192\/2024\/12\/logo_reno-no-sfondo-2.png","width":567,"height":286,"caption":"Camping Reno"},"image":{"@id":"https:\/\/www.campingreno.it\/de\/#\/schema\/logo\/image\/"},"sameAs":["https:\/\/facebook.com\/tomasitourism","https:\/\/instagram.com\/camping_reno"]}]}},"acf":[],"_links":{"self":[{"href":"https:\/\/www.campingreno.it\/de\/wp-json\/wp\/v2\/pages\/1772","targetHints":{"allow":["GET"]}}],"collection":[{"href":"https:\/\/www.campingreno.it\/de\/wp-json\/wp\/v2\/pages"}],"about":[{"href":"https:\/\/www.campingreno.it\/de\/wp-json\/wp\/v2\/types\/page"}],"author":[{"embeddable":true,"href":"https:\/\/www.campingreno.it\/de\/wp-json\/wp\/v2\/users\/212"}],"replies":[{"embeddable":true,"href":"https:\/\/www.campingreno.it\/de\/wp-json\/wp\/v2\/comments?post=1772"}],"version-history":[{"count":0,"href":"https:\/\/www.campingreno.it\/de\/wp-json\/wp\/v2\/pages\/1772\/revisions"}],"up":[{"embeddable":true,"href":"https:\/\/www.campingreno.it\/de\/wp-json\/wp\/v2\/pages\/1748"}],"wp:featuredmedia":[{"embeddable":true,"href":"https:\/\/www.campingreno.it\/de\/wp-json\/wp\/v2\/media\/1998"}],"wp:attachment":[{"href":"https:\/\/www.campingreno.it\/de\/wp-json\/wp\/v2\/media?parent=1772"}],"curies":[{"name":"wp","href":"https:\/\/api.w.org\/{rel}","templated":true}]}}