   {"id":2011,"date":"2025-03-27T10:44:23","date_gmt":"2025-03-27T10:44:23","guid":{"rendered":"https:\/\/www.campingreno.it\/?page_id=2011"},"modified":"2026-02-06T15:11:37","modified_gmt":"2026-02-06T15:11:37","slug":"camping-emilia-romagna-direkt-am-meer-mit-hotelservice","status":"publish","type":"page","link":"https:\/\/www.campingreno.it\/de\/campingplatz-emilia-romagna-am-meer-dienstleistungen\/camping-emilia-romagna-direkt-am-meer-mit-hotelservice\/","title":{"rendered":"Hotelformel"},"content":{"rendered":"<p>Wenn Sie Ihren Urlaub im Camping Reno, <strong>Camping Emilia Romagna direkt am Meer mit Hotelservice,<\/strong> unbeschwert verbringen m\u00f6chten, ist die Hotelformel genau das Richtige f\u00fcr Sie!<\/p>\n<p>&nbsp;<\/p>\n<p>&nbsp;<\/p>\n<p><em>Die Hotelformel<\/em> erm\u00f6glicht es Ihnen, Ihren Campingaufenthalt mit allen Mahlzeiten des Tages zu einem sehr g\u00fcnstigen Preis zu kombinieren, w\u00e4hrend Sie in einer unserer <a href=\"https:\/\/www.campingreno.it\/de\/campingplatz-ravenna-italien-unterkuenfte\/\"><strong>Unterk\u00fcnfte<\/strong><\/a> wohnen.<\/p>\n<p>&nbsp;<\/p>\n<p>&nbsp;<\/p>\n<p><strong>Im Camping Reno k\u00f6nnen Sie zwischen 2 Arten der Hotelformel w\u00e4hlen \u2013 auch zum Mitnehmen erh\u00e4ltlich \u2013<\/strong><\/p>\n<p>&nbsp;<\/p>\n<ul>\n<li>Halbpension<\/li>\n<li>Vollpension<\/li>\n<\/ul>\n<p>&nbsp;<\/p>\n<p>&nbsp;<\/p>\n<p><strong>Fr\u00fchst\u00fcck<\/strong><br \/>\n<em>Uhrzeit: 7:30 bis 10:00 Uhr<\/em><br \/>\n<strong>Fr\u00fchst\u00fcck umfasst:<\/strong> 1) Kaffee, Cappuccino, Tee oder hei\u00dfe Schokolade; 2) Joghurt, Einzelportionspackung; 3) Eier (Spiegeleier und R\u00fchreier, auf Anfrage); 4) Brioche, herzhafte und s\u00fc\u00dfe Croissants, warme Kuchen, herzhafte Sandwiches, Kekse; 5) Getr\u00e4nke: neben Kaffee und Cappuccino, Fruchts\u00e4fte, Milch oder andere warme Getr\u00e4nke wie hei\u00dfe Schokolade.<\/p>\n<p>&nbsp;<\/p>\n<p>&nbsp;<\/p>\n<p><strong>Mittagessen<\/strong><br \/>\n<em>Uhrzeit: 12:00 bis 14:00 Uhr<\/em><br \/>\n<strong>Das am Tisch servierte Mittagessen umfasst:<\/strong> 1 erster Gang nach Wahl: zwischen einem Angebot an Fisch oder Fleisch oder alternativ Reis nach englischer Art, Pasta mit Tomatensauce, einfache Pasta; 1 Hauptgang mit Beilage nach Wahl: zwischen Fleisch oder Fisch oder alternativ Pizza; 1 Dessert, 1 Kaffee, 0,75 l Wasser, 1\/4 l Wein f\u00fcr Erwachsene oder 1 Dose Getr\u00e4nk f\u00fcr Kinder.<\/p>\n<p>&nbsp;<\/p>\n<p><strong>Abendessen<\/strong><br \/>\n<em>Uhrzeit: 18:30 bis 20:45 Uhr<\/em><br \/>\n<strong>Das am Tisch servierte Abendessen umfasst:<\/strong> 1 erster Gang nach Wahl: zwischen einem Angebot an Fisch oder Fleisch oder alternativ Reis nach englischer Art, Pasta mit Tomatensauce, einfache Pasta; 1 Hauptgang mit Beilage nach Wahl: zwischen Fleisch oder Fisch oder alternativ Pizza; 1 Dessert, 1 Kaffee, 0,75 l Wasser, 1\/4 l Wein f\u00fcr Erwachsene oder 1 Dose Getr\u00e4nk f\u00fcr Kinder.<\/p>\n<p>&nbsp;<\/p>\n<p>&nbsp;<\/p>\n<p><strong>Und f\u00fcr Kinder?<\/strong><br \/>\nMit der Hotelformel Baby zahlen <strong>Kinder von 3 bis 11 Jahren (noch nicht 12 Jahre alt) einen reduzierten Preis<\/strong>. Und das ist noch nicht alles! Bunte, leckere und vor allem gesunde und nat\u00fcrliche Babymen\u00fcs stehen ihnen zur Verf\u00fcgung!<br \/>\n<strong>F\u00fcr Kinder bis 2,99 Jahre ist die Hotelformel immer kostenlos und beinhaltet Babyportionen des Tagesmen\u00fcs. M\u00f6glichkeit f\u00fcr Babynahrung f\u00fcr Neugeborene<\/strong><\/p>\n<p>&nbsp;<\/p>\n<p>&nbsp;<\/p>\n<p>Wir bieten keine speziellen Suppen und Babynahrung f\u00fcr S\u00e4uglinge an, sind aber gerne bereit, bei der Erw\u00e4rmung von Babynahrung und der Unterst\u00fctzung von frischgebackenen M\u00fcttern behilflich zu sein.<\/p>\n<p>&nbsp;<\/p>\n<p>&nbsp;<\/p>\n<p><strong>So buchen Sie die Hotelformel<\/strong><br \/>\nSie k\u00f6nnen die Hotelformel bei der Ankunft im Camping Reno, <strong>Camping Emilia Romagna direkt am Meer mit Hotelservice<\/strong>,<\/p>\n<ul>\n<li>per E-Mail oder telefonisch unter 0544 445020 bei der Buchung mit unseren Mitarbeitern,<\/li>\n<li><a href=\"https:\/\/www.scidoo.com\/preventivov2\/?cod=1209&amp;dataarr=2025\/09\/21&amp;notti=7&amp;adult=4&amp;children=&amp;IDsotto_struttura=607&amp;lang=1\"><strong>direkt online, durch Klicken hier <\/strong><\/a><\/li>\n<li>oder \u00fcber ein Angebot durch Ausf\u00fcllen unserer Angebotsanfrageformulare anfordern.<\/li>\n<\/ul>\n<p>&nbsp;<\/p>\n<p>&nbsp;<\/p>\n<p><strong>Kosten der Hotelformel April, Mai, Juni und September:<\/strong><\/p>\n<ul>\n<li>Halbpension Erwachsene mit Mittagessen (12-99 Jahre) 21 \u20ac<\/li>\n<li>Halbpension Kinder mit Mittagessen (6-11 Jahre) 15 \u20ac<\/li>\n<li>Halbpension Kinder mit Mittagessen (0-5 Jahre) kostenlos<\/li>\n<\/ul>\n<p>&nbsp;<\/p>\n<ul>\n<li>Halbpension Erwachsene mit Abendessen (12-99 Jahre) 25 \u20ac<\/li>\n<li>Halbpension Kinder mit Abendessen (6-11 Jahre) 19 \u20ac<\/li>\n<li>Halbpension Kinder mit Abendessen (0-5 Jahre) kostenlos<\/li>\n<\/ul>\n<p>&nbsp;<\/p>\n<ul>\n<li>Vollpension Erwachsene (12-99 Jahre)\u00a0 34 \u20ac<\/li>\n<li>Vollpension Kinder (6-11 Jahre) 28 \u20ac<\/li>\n<li>Vollpension Kinder (0-5 Jahre) kostenlos<\/li>\n<\/ul>\n<p>&nbsp;<\/p>\n<p>&nbsp;<\/p>\n<p><strong>Kosten der Hotelformel Juli und August:<\/strong><\/p>\n<ul>\n<li>Halbpension Erwachsene mit Mittagessen (12-99 Jahre) 26 \u20ac<\/li>\n<li>Halbpension Kinder mit Mittagessen (6-11 Jahre) 20 \u20ac<\/li>\n<li>Halbpension Kinder mit Mittagessen (0-5 Jahre) kostenlos<\/li>\n<\/ul>\n<p>&nbsp;<\/p>\n<ul>\n<li>Halbpension Erwachsene mit Abendessen (12-99 Jahre) 30 \u20ac<\/li>\n<li>Halbpension Kinder mit Abendessen (6-11 Jahre) 24 \u20ac<\/li>\n<li>Halbpension Kinder mit Abendessen (0-5 Jahre) kostenlos<\/li>\n<\/ul>\n<p>&nbsp;<\/p>\n<ul>\n<li>Vollpension Erwachsene (12-99 Jahre) 39 \u20ac<\/li>\n<li>Vollpension Kinder (6-11 Jahre) 33 \u20ac<\/li>\n<li>Vollpension Kinder (0-5 Jahre) kostenlos<\/li>\n<\/ul>\n<p>&nbsp;<\/p>\n<p>&nbsp;<\/p>\n<p><strong>Hinweis: Wir akzeptieren keine B&amp;B-Formeln.<\/strong><\/p>\n","protected":false},"excerpt":{"rendered":"<p>Wenn Sie Ihren Urlaub im Camping Reno, Camping Emilia Romagna direkt am Meer mit Hotelservice, unbeschwert verbringen m\u00f6chten, ist die Hotelformel genau das Richtige f\u00fcr Sie! &nbsp; &nbsp; Die Hotelformel erm\u00f6glicht es Ihnen, Ihren Campingaufenthalt mit allen Mahlzeiten des Tages zu einem sehr g\u00fcnstigen Preis zu kombinieren, w\u00e4hrend Sie in einer unserer Unterk\u00fcnfte wohnen. &nbsp; [&hellip;]<\/p>\n","protected":false},"author":212,"featured_media":2022,"parent":1257,"menu_order":16,"comment_status":"closed","ping_status":"closed","template":"template-service-single.php","meta":{"footnotes":""},"yoast_head":"<!-- This site is optimized with the Yoast SEO plugin v22.3 - https:\/\/yoast.com\/wordpress\/plugins\/seo\/ -->\n<title>Camping Emilia Romagna direkt am Meer | Hotelservice<\/title>\n<meta name=\"description\" content=\"Im Camping Reno, Camping Emilia Romagna direkt am Meer mit Hotelservice, k\u00f6nnen Sie zwischen 2 Arten der Hotelformel w\u00e4hlen!\" \/>\n<meta name=\"robots\" content=\"index, follow, max-snippet:-1, max-image-preview:large, max-video-preview:-1\" \/>\n<link rel=\"canonical\" href=\"https:\/\/www.campingreno.it\/de\/campingplatz-emilia-romagna-am-meer-dienstleistungen\/camping-emilia-romagna-direkt-am-meer-mit-hotelservice\/\" \/>\n<meta property=\"og:locale\" content=\"de_DE\" \/>\n<meta property=\"og:type\" content=\"article\" \/>\n<meta property=\"og:title\" content=\"Camping Emilia Romagna direkt am Meer | Hotelservice\" \/>\n<meta property=\"og:description\" content=\"Im Camping Reno, Camping Emilia Romagna direkt am Meer mit Hotelservice, k\u00f6nnen Sie zwischen 2 Arten der Hotelformel w\u00e4hlen!\" \/>\n<meta property=\"og:url\" content=\"https:\/\/www.campingreno.it\/de\/campingplatz-emilia-romagna-am-meer-dienstleistungen\/camping-emilia-romagna-direkt-am-meer-mit-hotelservice\/\" \/>\n<meta property=\"og:site_name\" content=\"Camping Reno\" \/>\n<meta property=\"article:publisher\" content=\"https:\/\/facebook.com\/tomasitourism\" \/>\n<meta property=\"article:modified_time\" content=\"2026-02-06T15:11:37+00:00\" \/>\n<meta property=\"og:image\" content=\"https:\/\/www.campingreno.it\/wp-content\/uploads\/sites\/192\/2025\/03\/SALA-RISTORANTE.jpg\" \/>\n\t<meta property=\"og:image:width\" content=\"1581\" \/>\n\t<meta property=\"og:image:height\" content=\"712\" \/>\n\t<meta property=\"og:image:type\" content=\"image\/jpeg\" \/>\n<meta name=\"twitter:card\" content=\"summary_large_image\" \/>\n<meta name=\"twitter:label1\" content=\"Gesch\u00e4tzte Lesezeit\" \/>\n\t<meta name=\"twitter:data1\" content=\"4 Minuten\" \/>\n<script type=\"application\/ld+json\" class=\"yoast-schema-graph\">{\"@context\":\"https:\/\/schema.org\",\"@graph\":[{\"@type\":\"WebPage\",\"@id\":\"https:\/\/www.campingreno.it\/de\/campingplatz-emilia-romagna-am-meer-dienstleistungen\/camping-emilia-romagna-direkt-am-meer-mit-hotelservice\/\",\"url\":\"https:\/\/www.campingreno.it\/de\/campingplatz-emilia-romagna-am-meer-dienstleistungen\/camping-emilia-romagna-direkt-am-meer-mit-hotelservice\/\",\"name\":\"Camping Emilia Romagna direkt am Meer | Hotelservice\",\"isPartOf\":{\"@id\":\"https:\/\/www.campingreno.it\/de\/#website\"},\"primaryImageOfPage\":{\"@id\":\"https:\/\/www.campingreno.it\/de\/campingplatz-emilia-romagna-am-meer-dienstleistungen\/camping-emilia-romagna-direkt-am-meer-mit-hotelservice\/#primaryimage\"},\"image\":{\"@id\":\"https:\/\/www.campingreno.it\/de\/campingplatz-emilia-romagna-am-meer-dienstleistungen\/camping-emilia-romagna-direkt-am-meer-mit-hotelservice\/#primaryimage\"},\"thumbnailUrl\":\"https:\/\/www.campingreno.it\/wp-content\/uploads\/sites\/192\/2025\/03\/SALA-RISTORANTE.jpg\",\"datePublished\":\"2025-03-27T10:44:23+00:00\",\"dateModified\":\"2026-02-06T15:11:37+00:00\",\"description\":\"Im Camping Reno, Camping Emilia Romagna direkt am Meer mit Hotelservice, k\u00f6nnen Sie zwischen 2 Arten der Hotelformel w\u00e4hlen!\",\"breadcrumb\":{\"@id\":\"https:\/\/www.campingreno.it\/de\/campingplatz-emilia-romagna-am-meer-dienstleistungen\/camping-emilia-romagna-direkt-am-meer-mit-hotelservice\/#breadcrumb\"},\"inLanguage\":\"de-DE\",\"potentialAction\":[{\"@type\":\"ReadAction\",\"target\":[\"https:\/\/www.campingreno.it\/de\/campingplatz-emilia-romagna-am-meer-dienstleistungen\/camping-emilia-romagna-direkt-am-meer-mit-hotelservice\/\"]}]},{\"@type\":\"ImageObject\",\"inLanguage\":\"de-DE\",\"@id\":\"https:\/\/www.campingreno.it\/de\/campingplatz-emilia-romagna-am-meer-dienstleistungen\/camping-emilia-romagna-direkt-am-meer-mit-hotelservice\/#primaryimage\",\"url\":\"https:\/\/www.campingreno.it\/wp-content\/uploads\/sites\/192\/2025\/03\/SALA-RISTORANTE.jpg\",\"contentUrl\":\"https:\/\/www.campingreno.it\/wp-content\/uploads\/sites\/192\/2025\/03\/SALA-RISTORANTE.jpg\",\"width\":1581,\"height\":712,\"caption\":\"Camping Emilia Romagna direkt am Meer | Hotelservice\"},{\"@type\":\"BreadcrumbList\",\"@id\":\"https:\/\/www.campingreno.it\/de\/campingplatz-emilia-romagna-am-meer-dienstleistungen\/camping-emilia-romagna-direkt-am-meer-mit-hotelservice\/#breadcrumb\",\"itemListElement\":[{\"@type\":\"ListItem\",\"position\":1,\"name\":\"Home\",\"item\":\"https:\/\/www.campingreno.it\/de\/\"},{\"@type\":\"ListItem\",\"position\":2,\"name\":\"Dienstleistungen\",\"item\":\"https:\/\/www.campingreno.it\/de\/campingplatz-emilia-romagna-am-meer-dienstleistungen\/\"},{\"@type\":\"ListItem\",\"position\":3,\"name\":\"Hotelformel\"}]},{\"@type\":\"WebSite\",\"@id\":\"https:\/\/www.campingreno.it\/de\/#website\",\"url\":\"https:\/\/www.campingreno.it\/de\/\",\"name\":\"Camping Reno\",\"description\":\"\",\"publisher\":{\"@id\":\"https:\/\/www.campingreno.it\/de\/#organization\"},\"potentialAction\":[{\"@type\":\"SearchAction\",\"target\":{\"@type\":\"EntryPoint\",\"urlTemplate\":\"https:\/\/www.campingreno.it\/de\/?s={search_term_string}\"},\"query-input\":\"required name=search_term_string\"}],\"inLanguage\":\"de-DE\"},{\"@type\":\"Organization\",\"@id\":\"https:\/\/www.campingreno.it\/de\/#organization\",\"name\":\"Camping Reno\",\"url\":\"https:\/\/www.campingreno.it\/de\/\",\"logo\":{\"@type\":\"ImageObject\",\"inLanguage\":\"de-DE\",\"@id\":\"https:\/\/www.campingreno.it\/de\/#\/schema\/logo\/image\/\",\"url\":\"https:\/\/www.campingreno.it\/wp-content\/uploads\/sites\/192\/2024\/12\/logo_reno-no-sfondo-2.png\",\"contentUrl\":\"https:\/\/www.campingreno.it\/wp-content\/uploads\/sites\/192\/2024\/12\/logo_reno-no-sfondo-2.png\",\"width\":567,\"height\":286,\"caption\":\"Camping Reno\"},\"image\":{\"@id\":\"https:\/\/www.campingreno.it\/de\/#\/schema\/logo\/image\/\"},\"sameAs\":[\"https:\/\/facebook.com\/tomasitourism\",\"https:\/\/instagram.com\/camping_reno\"]}]}<\/script>\n<!-- \/ Yoast SEO plugin. -->","yoast_head_json":{"title":"Camping Emilia Romagna direkt am Meer | Hotelservice","description":"Im Camping Reno, Camping Emilia Romagna direkt am Meer mit Hotelservice, k\u00f6nnen Sie zwischen 2 Arten der Hotelformel w\u00e4hlen!","robots":{"index":"index","follow":"follow","max-snippet":"max-snippet:-1","max-image-preview":"max-image-preview:large","max-video-preview":"max-video-preview:-1"},"canonical":"https:\/\/www.campingreno.it\/de\/campingplatz-emilia-romagna-am-meer-dienstleistungen\/camping-emilia-romagna-direkt-am-meer-mit-hotelservice\/","og_locale":"de_DE","og_type":"article","og_title":"Camping Emilia Romagna direkt am Meer | Hotelservice","og_description":"Im Camping Reno, Camping Emilia Romagna direkt am Meer mit Hotelservice, k\u00f6nnen Sie zwischen 2 Arten der Hotelformel w\u00e4hlen!","og_url":"https:\/\/www.campingreno.it\/de\/campingplatz-emilia-romagna-am-meer-dienstleistungen\/camping-emilia-romagna-direkt-am-meer-mit-hotelservice\/","og_site_name":"Camping Reno","article_publisher":"https:\/\/facebook.com\/tomasitourism","article_modified_time":"2026-02-06T15:11:37+00:00","og_image":[{"width":1581,"height":712,"url":"https:\/\/www.campingreno.it\/wp-content\/uploads\/sites\/192\/2025\/03\/SALA-RISTORANTE.jpg","type":"image\/jpeg"}],"twitter_card":"summary_large_image","twitter_misc":{"Gesch\u00e4tzte Lesezeit":"4 Minuten"},"schema":{"@context":"https:\/\/schema.org","@graph":[{"@type":"WebPage","@id":"https:\/\/www.campingreno.it\/de\/campingplatz-emilia-romagna-am-meer-dienstleistungen\/camping-emilia-romagna-direkt-am-meer-mit-hotelservice\/","url":"https:\/\/www.campingreno.it\/de\/campingplatz-emilia-romagna-am-meer-dienstleistungen\/camping-emilia-romagna-direkt-am-meer-mit-hotelservice\/","name":"Camping Emilia Romagna direkt am Meer | Hotelservice","isPartOf":{"@id":"https:\/\/www.campingreno.it\/de\/#website"},"primaryImageOfPage":{"@id":"https:\/\/www.campingreno.it\/de\/campingplatz-emilia-romagna-am-meer-dienstleistungen\/camping-emilia-romagna-direkt-am-meer-mit-hotelservice\/#primaryimage"},"image":{"@id":"https:\/\/www.campingreno.it\/de\/campingplatz-emilia-romagna-am-meer-dienstleistungen\/camping-emilia-romagna-direkt-am-meer-mit-hotelservice\/#primaryimage"},"thumbnailUrl":"https:\/\/www.campingreno.it\/wp-content\/uploads\/sites\/192\/2025\/03\/SALA-RISTORANTE.jpg","datePublished":"2025-03-27T10:44:23+00:00","dateModified":"2026-02-06T15:11:37+00:00","description":"Im Camping Reno, Camping Emilia Romagna direkt am Meer mit Hotelservice, k\u00f6nnen Sie zwischen 2 Arten der Hotelformel w\u00e4hlen!","breadcrumb":{"@id":"https:\/\/www.campingreno.it\/de\/campingplatz-emilia-romagna-am-meer-dienstleistungen\/camping-emilia-romagna-direkt-am-meer-mit-hotelservice\/#breadcrumb"},"inLanguage":"de-DE","potentialAction":[{"@type":"ReadAction","target":["https:\/\/www.campingreno.it\/de\/campingplatz-emilia-romagna-am-meer-dienstleistungen\/camping-emilia-romagna-direkt-am-meer-mit-hotelservice\/"]}]},{"@type":"ImageObject","inLanguage":"de-DE","@id":"https:\/\/www.campingreno.it\/de\/campingplatz-emilia-romagna-am-meer-dienstleistungen\/camping-emilia-romagna-direkt-am-meer-mit-hotelservice\/#primaryimage","url":"https:\/\/www.campingreno.it\/wp-content\/uploads\/sites\/192\/2025\/03\/SALA-RISTORANTE.jpg","contentUrl":"https:\/\/www.campingreno.it\/wp-content\/uploads\/sites\/192\/2025\/03\/SALA-RISTORANTE.jpg","width":1581,"height":712,"caption":"Camping Emilia Romagna direkt am Meer | Hotelservice"},{"@type":"BreadcrumbList","@id":"https:\/\/www.campingreno.it\/de\/campingplatz-emilia-romagna-am-meer-dienstleistungen\/camping-emilia-romagna-direkt-am-meer-mit-hotelservice\/#breadcrumb","itemListElement":[{"@type":"ListItem","position":1,"name":"Home","item":"https:\/\/www.campingreno.it\/de\/"},{"@type":"ListItem","position":2,"name":"Dienstleistungen","item":"https:\/\/www.campingreno.it\/de\/campingplatz-emilia-romagna-am-meer-dienstleistungen\/"},{"@type":"ListItem","position":3,"name":"Hotelformel"}]},{"@type":"WebSite","@id":"https:\/\/www.campingreno.it\/de\/#website","url":"https:\/\/www.campingreno.it\/de\/","name":"Camping Reno","description":"","publisher":{"@id":"https:\/\/www.campingreno.it\/de\/#organization"},"potentialAction":[{"@type":"SearchAction","target":{"@type":"EntryPoint","urlTemplate":"https:\/\/www.campingreno.it\/de\/?s={search_term_string}"},"query-input":"required name=search_term_string"}],"inLanguage":"de-DE"},{"@type":"Organization","@id":"https:\/\/www.campingreno.it\/de\/#organization","name":"Camping Reno","url":"https:\/\/www.campingreno.it\/de\/","logo":{"@type":"ImageObject","inLanguage":"de-DE","@id":"https:\/\/www.campingreno.it\/de\/#\/schema\/logo\/image\/","url":"https:\/\/www.campingreno.it\/wp-content\/uploads\/sites\/192\/2024\/12\/logo_reno-no-sfondo-2.png","contentUrl":"https:\/\/www.campingreno.it\/wp-content\/uploads\/sites\/192\/2024\/12\/logo_reno-no-sfondo-2.png","width":567,"height":286,"caption":"Camping Reno"},"image":{"@id":"https:\/\/www.campingreno.it\/de\/#\/schema\/logo\/image\/"},"sameAs":["https:\/\/facebook.com\/tomasitourism","https:\/\/instagram.com\/camping_reno"]}]}},"acf":[],"_links":{"self":[{"href":"https:\/\/www.campingreno.it\/de\/wp-json\/wp\/v2\/pages\/2011"}],"collection":[{"href":"https:\/\/www.campingreno.it\/de\/wp-json\/wp\/v2\/pages"}],"about":[{"href":"https:\/\/www.campingreno.it\/de\/wp-json\/wp\/v2\/types\/page"}],"author":[{"embeddable":true,"href":"https:\/\/www.campingreno.it\/de\/wp-json\/wp\/v2\/users\/212"}],"replies":[{"embeddable":true,"href":"https:\/\/www.campingreno.it\/de\/wp-json\/wp\/v2\/comments?post=2011"}],"version-history":[{"count":0,"href":"https:\/\/www.campingreno.it\/de\/wp-json\/wp\/v2\/pages\/2011\/revisions"}],"up":[{"embeddable":true,"href":"https:\/\/www.campingreno.it\/de\/wp-json\/wp\/v2\/pages\/1257"}],"wp:featuredmedia":[{"embeddable":true,"href":"https:\/\/www.campingreno.it\/de\/wp-json\/wp\/v2\/media\/2022"}],"wp:attachment":[{"href":"https:\/\/www.campingreno.it\/de\/wp-json\/wp\/v2\/media?parent=2011"}],"curies":[{"name":"wp","href":"https:\/\/api.w.org\/{rel}","templated":true}]}}