   {"id":3208,"date":"2025-04-20T09:49:22","date_gmt":"2025-04-20T09:49:22","guid":{"rendered":"https:\/\/www.campingreno.it\/offerte-last-minute-camping-marina-di-ravenna-luglio\/"},"modified":"2025-12-12T16:52:27","modified_gmt":"2025-12-12T16:52:27","slug":"last-minute-angebote-camping-marina-di-ravenna-italien-juli","status":"publish","type":"page","link":"https:\/\/www.campingreno.it\/de\/last-minute-angebote-camping-marina-di-ravenna-italien-juli\/","title":{"rendered":"Last-Minute-Angebote Camping Marina di Ravenna Italien Juli vom 19.07 bis 03.08"},"content":{"rendered":"<p>Profitieren Sie jetzt vom <strong>Last-Minute-Angebote Camping Marina di Ravenna Italien Juli\u00a0<\/strong>des Camping Reno in Casal Borsetti, direkt am Meer an den n\u00f6rdlichen Lidi von Ravenna.<br \/>\n<strong>Super-Rabatt-Aufenthalte<\/strong> von 13-14-15 N\u00e4chten mit Anreise Samstag oder Sonntag und Abreise Samstag oder Sonntag, <strong>vom 19.07. bis zum 03.08.<\/strong><\/p>\n<p>&nbsp;<\/p>\n<p>So buchen Sie das <strong>Last-Minute-Angebote Camping Marina di Ravenna Italien Juli<\/strong><\/p>\n<ul>\n<li>Fordern Sie ein Angebot an, indem Sie im Formular den gew\u00fcnschten Urlaubszeitraum angeben.<\/li>\n<li>Buchen Sie direkt online per Kreditkarte oder Bank\u00fcberweisung indem <a href=\"https:\/\/www.scidoo.com\/preventivov2\/?cod=1209&amp;dataarr=2025-7-19&amp;notti=14&amp;adult=2&amp;children=&amp;IDsotto_struttura=607&amp;lang=4&amp;structure_type=0&amp;promocode=\"><strong>Sie hier klicken.<\/strong><\/a><\/li>\n<li>Rufen Sie direkt unsere Rezeption an: +39 0544 445020<\/li>\n<\/ul>\n<p>&nbsp;<\/p>\n<p><strong>DIE PREISE BEINHALTEN:<\/strong><\/p>\n<ul>\n<li>Anzahl der in der Beschreibung angegebenen Personen<\/li>\n<li>Parkplatz in der N\u00e4he der Unterkunft<\/li>\n<li>Direkter Zugang zum freien Strand<\/li>\n<li>Klimaanlage f\u00fcr die Typen Vip Lodge, Luxury und Casalborsetti<\/li>\n<li>Zugang zum Pool: Liegen nach Verf\u00fcgbarkeit, Zeitraum (Juni-August), Badekappe nicht obligatorisch<\/li>\n<li>SAT-TV (au\u00dfer Typ Classic)<\/li>\n<li>Nebenkosten, Geschirr<\/li>\n<li>Animation f\u00fcr Gro\u00df und Klein (Zeitraum Juli \u2013 August)<\/li>\n<li>Sportbereich: Beachvolleyball, Strandtennis, Boccia, Basketballk\u00f6rbe, Tischtennis<\/li>\n<li>10% MwSt., vorbehaltlich MwSt.-\u00c4nderungen<\/li>\n<\/ul>\n<p>&nbsp;<\/p>\n<p><strong>DIE PREISE BEINHALTEN NICHT:<\/strong><\/p>\n<ul>\n<li>Klimaanlage f\u00fcr die Typen Chalet und Bungalow, gegen Geb\u00fchr verf\u00fcgbar (\u20ac 32 Paket f\u00fcr 35 Stunden). Hinweis: Klimaanlage ist im Typ Classic nicht vorgesehen.<\/li>\n<li>Kurtaxe<\/li>\n<li>Einzelbettw\u00e4sche \u20ac 10, auf Anfrage, immer an der Rezeption erh\u00e4ltlich<\/li>\n<li>Doppelbettw\u00e4sche \u20ac 16, auf Anfrage, immer an der Rezeption erh\u00e4ltlich<\/li>\n<li>Badw\u00e4sche \u20ac 6, auf Anfrage, immer an der Rezeption erh\u00e4ltlich<\/li>\n<li>Kaution \u20ac 100<\/li>\n<li>Verleih von Sonnenschirmen und Liegen am Strand<\/li>\n<\/ul>\n<p>&nbsp;<\/p>\n<p><strong>CAMPINGPLATZ DIREKT AM MEER<\/strong><br \/>\nNat\u00fcrlich und wild, wie es echte Camper lieben: der feine Sandstrand und der allm\u00e4hlich abfallende Meeresboden von Casal Borsetti, an den Lidi von Ravenna.<br \/>\n<a href=\"https:\/\/www.campingreno.it\/de\/fotogalerie-camping-am-meer-in-ravenna\/\"><strong>Foto-Galerie ansehen<\/strong><\/a><\/p>\n<p>&nbsp;<\/p>\n<p>&nbsp;<\/p>\n<p><strong>STRAND F\u00dcR HUNDE ERLAUBT<\/strong><br \/>\n50-60 Meter vom Tor entfernt, das den Eingang zum wundersch\u00f6nen feinen Sandstrand des Camping Reno \u00f6ffnet, Meer mit allm\u00e4hlich abfallendem Grund, in s\u00fcdlicher Richtung, Richtung Marina Romea, gibt es einen Abschnitt des freien Strandes, wo Hunde sich aufhalten und in Ihrer Begleitung baden k\u00f6nnen. Sie m\u00fcssen lediglich Sonnenschirm, Handt\u00fccher und Leine mitbringen, um das Gl\u00fcck Ihres geliebten Hundes in absoluter Freiheit zu genie\u00dfen.<br \/>\nPS: Wir erinnern daran, dass Hunde an \u00f6ffentlichen Orten immer begleitet und an der Leine gef\u00fchrt werden m\u00fcssen, zum Schutz anderer Personen, insbesondere von Kindern. Leine und Kotbeutel sind immer mitzuf\u00fchren.<\/p>\n<p>&nbsp;<\/p>\n<p>&nbsp;<\/p>\n<p><strong>WERFEN SIE EINEN BLICK AUF UNSERE BUNGALOWS \u2013 MOBILHEIME \u2013 GLAMPING-ZELTE<\/strong><br \/>\nWir haben verschiedene Unterkunftstypen, in denen Hunde \u00fcbernachten k\u00f6nnen, f\u00fcr jeden Geschmack und jedes Budget.<\/p>\n<ul>\n<li>New Mobilhom Vip Lodge Family, <a href=\"https:\/\/www.campingreno.it\/de\/campingplatz-ravenna-italien-unterkuenfte\/mobilheim-vip-lodge-family\/\"><strong>entdecken Sie das Mobilheim:<\/strong><\/a><\/li>\n<li>New Mobilhome Luxury Lodge, <a href=\"https:\/\/www.campingreno.it\/de\/campingplatz-ravenna-italien-unterkuenfte\/mobilhome-luxury-lodge-campingplatz-adria-ravenna\/\"><strong>entdecken Sie das Mobilheim;<\/strong><\/a><\/li>\n<li>Air Lodge Double Deck, <a href=\"https:\/\/www.campingreno.it\/de\/campingplatz-ravenna-italien-unterkuenfte\/glamping-emilia-romagna-air-campingplatz-ravenna-italien-lodge-double-deck\/\"><strong>entdecken Sie die Lodge;<\/strong><\/a><\/li>\n<li>Chalet Ravenna, <a href=\"https:\/\/www.campingreno.it\/de\/campingplatz-ravenna-italien-unterkuenfte\/chalet-ravenna-family-plus\/\"><strong>entdecken Sie das Chalet;<\/strong><\/a><\/li>\n<li>Bungalow Emilia Romagna, <a href=\"https:\/\/www.campingreno.it\/de\/campingplatz-ravenna-italien-unterkuenfte\/bungalow-lidi-di-ravenna-superior-family\/\"><strong>entdecken Sie den Bungalow;<\/strong><\/a><\/li>\n<li>Bungalow Lidi di Ravenna, <a href=\"https:\/\/www.campingreno.it\/de\/campingplatz-ravenna-italien-unterkuenfte\/bungalow-emilia-romagna-classic\/\"><strong>entdecken Sie den Bungalow;<\/strong><\/a><\/li>\n<\/ul>\n<p>F\u00fcr weitere Informationen rufen Sie die Rezeption an: 0544 445020<\/p>\n<p>&nbsp;<\/p>\n<p><strong>M\u00d6GLICHKEIT, SONNENSCHIRME UND LIEGEN AM STRAND ZU MIETEN<\/strong><br \/>\nSonnenschirme und Liegen k\u00f6nnen nach Verf\u00fcgbarkeit gemietet werden, wir empfehlen eine Reservierung. Sie stehen allen unseren G\u00e4sten zur Verf\u00fcgung, die in <a href=\"https:\/\/www.campingreno.it\/de\/campingplatz-ravenna-italien-unterkuenfte\/\"><strong>Bungalows oder Mobilheimen<\/strong><\/a> \u00fcbernachten.<br \/>\n<a href=\"https:\/\/www.campingreno.it\/de\/preisliste-campingplatz-emilia-romagna-ravenna\/preisliste-unterkuenfte-camping-reno-casal-borsetti\/\"><strong>Werfen Sie einen Blick auf unsere Preise<\/strong><\/a><\/p>\n<p>&nbsp;<\/p>\n<p>&nbsp;<\/p>\n<p><strong>IM RESTAURANT ODER AN DER BAR<\/strong><br \/>\nUnter dem Tisch darf Ihr Hund, unter strenger Aufsicht, sich entspannen, w\u00e4hrend Sie eine k\u00f6stliche Pizza oder frittierte Meeresfr\u00fcchte zusammen mit einem sch\u00f6nen Krug Bier oder einem Glas Wein genie\u00dfen.<br \/>\n<a href=\"https:\/\/www.campingreno.it\/wp-content\/uploads\/sites\/192\/2025\/04\/Menu-ristorante-camping-Reno.pdf\"><strong>Entdecken Sie die Speisekarte unseres Restaurants<\/strong><\/a><\/p>\n<p>&nbsp;<\/p>\n<p>&nbsp;<\/p>\n<p><strong>IM SUPERMARKT UND BAZAR<\/strong><br \/>\nM\u00fcssen Sie etwas im Supermarkt besorgen? Sie k\u00f6nnen auch Ihren vierbeinigen Freund mitbringen und gemeinsam mit ihm die gro\u00dfe Auswahl an frischen und verpackten Produkten unseres Marktes entdecken.<br \/>\n<strong>Gro\u00dfe Auswahl an Hundenahrung.<\/strong><br \/>\n<a href=\"https:\/\/www.campingreno.it\/de\/campingplatz-emilia-romagna-am-meer-dienstleistungen\/campingplatz-ravenna-direkt-am-meer-market\/\"><strong>Entdecken Sie, was Sie im Markt finden k\u00f6nnen<\/strong><\/a><\/p>\n<p>&nbsp;<\/p>\n<p>&nbsp;<\/p>\n<p><strong>DUSCHE UND TRINKBRUNNEN F\u00dcR HUNDE<\/strong><br \/>\nInnerhalb des Campingplatzes haben wir eine Hundedusche, wo Sie Ihren Hund nach der R\u00fcckkehr vom Strand bequem absp\u00fclen k\u00f6nnen, bevor Sie zu Ihrer Unterkunft oder Ihrem Stellplatz zur\u00fcckkehren, oder bevor Sie im Supermarkt f\u00fcr den Last-Minute-Einkauf anhalten oder, warum nicht, bevor Sie unsere Bar f\u00fcr einen Aperitif vor dem Abendessen besuchen.<\/p>\n<p>&nbsp;<\/p>\n<p>&nbsp;<\/p>\n<p><strong>DER PINIENWALD VON CASAL BORSETTI<\/strong><br \/>\nAm fr\u00fchen Morgen gibt es keinen besseren Ort, um Ihren treuen vierbeinigen Freund spazieren zu f\u00fchren. Der Schatten, die k\u00fchle Luft, der weiche, mit Piniennadeln bedeckte Boden sind der perfekte Rahmen f\u00fcr den Urlaub Ihres Hundes.<\/p>\n","protected":false},"excerpt":{"rendered":"<p>Profitieren Sie jetzt vom Last-Minute-Angebote Camping Marina di Ravenna Italien Juli\u00a0des Camping Reno in Casal Borsetti, direkt am Meer an den n\u00f6rdlichen Lidi von Ravenna. Super-Rabatt-Aufenthalte von 13-14-15 N\u00e4chten mit Anreise Samstag oder Sonntag und Abreise Samstag oder Sonntag, vom 19.07. bis zum 03.08. &nbsp; So buchen Sie das Last-Minute-Angebote Camping Marina di Ravenna Italien [&hellip;]<\/p>\n","protected":false},"author":212,"featured_media":4312,"parent":0,"menu_order":300,"comment_status":"closed","ping_status":"closed","template":"","meta":{"footnotes":""},"yoast_head":"<!-- This site is optimized with the Yoast SEO plugin v22.3 - https:\/\/yoast.com\/wordpress\/plugins\/seo\/ -->\n<title>Last-Minute-Angebote Camping Marina di Ravenna Italien | Juli<\/title>\n<meta name=\"description\" content=\"Entdecken Sie die Last-Minute-Angebote Camping Marina di Ravenna Italien Juli vom 19.07. bis zum 03.08, ab 850 \u20ac f\u00fcr 2 Wochen!\" \/>\n<meta name=\"robots\" content=\"index, follow, max-snippet:-1, max-image-preview:large, max-video-preview:-1\" \/>\n<link rel=\"canonical\" href=\"https:\/\/www.campingreno.it\/de\/last-minute-angebote-camping-marina-di-ravenna-italien-juli\/\" \/>\n<meta property=\"og:locale\" content=\"de_DE\" \/>\n<meta property=\"og:type\" content=\"article\" \/>\n<meta property=\"og:title\" content=\"Last-Minute-Angebote Camping Marina di Ravenna Italien | Juli\" \/>\n<meta property=\"og:description\" content=\"Entdecken Sie die Last-Minute-Angebote Camping Marina di Ravenna Italien Juli vom 19.07. bis zum 03.08, ab 850 \u20ac f\u00fcr 2 Wochen!\" \/>\n<meta property=\"og:url\" content=\"https:\/\/www.campingreno.it\/de\/last-minute-angebote-camping-marina-di-ravenna-italien-juli\/\" \/>\n<meta property=\"og:site_name\" content=\"Camping Reno\" \/>\n<meta property=\"article:publisher\" content=\"https:\/\/facebook.com\/tomasitourism\" \/>\n<meta property=\"article:modified_time\" content=\"2025-12-12T16:52:27+00:00\" \/>\n<meta property=\"og:image\" content=\"https:\/\/www.campingreno.it\/wp-content\/uploads\/sites\/192\/2025\/12\/mobilhome-vip-lodge-2-1.jpg\" \/>\n\t<meta property=\"og:image:width\" content=\"1600\" \/>\n\t<meta property=\"og:image:height\" content=\"1200\" \/>\n\t<meta property=\"og:image:type\" content=\"image\/jpeg\" \/>\n<meta name=\"twitter:card\" content=\"summary_large_image\" \/>\n<meta name=\"twitter:label1\" content=\"Gesch\u00e4tzte Lesezeit\" \/>\n\t<meta name=\"twitter:data1\" content=\"4 Minuten\" \/>\n<script type=\"application\/ld+json\" class=\"yoast-schema-graph\">{\"@context\":\"https:\/\/schema.org\",\"@graph\":[{\"@type\":\"WebPage\",\"@id\":\"https:\/\/www.campingreno.it\/de\/last-minute-angebote-camping-marina-di-ravenna-italien-juli\/\",\"url\":\"https:\/\/www.campingreno.it\/de\/last-minute-angebote-camping-marina-di-ravenna-italien-juli\/\",\"name\":\"Last-Minute-Angebote Camping Marina di Ravenna Italien | Juli\",\"isPartOf\":{\"@id\":\"https:\/\/www.campingreno.it\/de\/#website\"},\"primaryImageOfPage\":{\"@id\":\"https:\/\/www.campingreno.it\/de\/last-minute-angebote-camping-marina-di-ravenna-italien-juli\/#primaryimage\"},\"image\":{\"@id\":\"https:\/\/www.campingreno.it\/de\/last-minute-angebote-camping-marina-di-ravenna-italien-juli\/#primaryimage\"},\"thumbnailUrl\":\"https:\/\/www.campingreno.it\/wp-content\/uploads\/sites\/192\/2025\/12\/mobilhome-vip-lodge-2-1.jpg\",\"datePublished\":\"2025-04-20T09:49:22+00:00\",\"dateModified\":\"2025-12-12T16:52:27+00:00\",\"description\":\"Entdecken Sie die Last-Minute-Angebote Camping Marina di Ravenna Italien Juli vom 19.07. bis zum 03.08, ab 850 \u20ac f\u00fcr 2 Wochen!\",\"breadcrumb\":{\"@id\":\"https:\/\/www.campingreno.it\/de\/last-minute-angebote-camping-marina-di-ravenna-italien-juli\/#breadcrumb\"},\"inLanguage\":\"de-DE\",\"potentialAction\":[{\"@type\":\"ReadAction\",\"target\":[\"https:\/\/www.campingreno.it\/de\/last-minute-angebote-camping-marina-di-ravenna-italien-juli\/\"]}]},{\"@type\":\"ImageObject\",\"inLanguage\":\"de-DE\",\"@id\":\"https:\/\/www.campingreno.it\/de\/last-minute-angebote-camping-marina-di-ravenna-italien-juli\/#primaryimage\",\"url\":\"https:\/\/www.campingreno.it\/wp-content\/uploads\/sites\/192\/2025\/12\/mobilhome-vip-lodge-2-1.jpg\",\"contentUrl\":\"https:\/\/www.campingreno.it\/wp-content\/uploads\/sites\/192\/2025\/12\/mobilhome-vip-lodge-2-1.jpg\",\"width\":1600,\"height\":1200,\"caption\":\"Last-Minute-Angebote Camping Marina di Ravenna Italien | Juli\"},{\"@type\":\"BreadcrumbList\",\"@id\":\"https:\/\/www.campingreno.it\/de\/last-minute-angebote-camping-marina-di-ravenna-italien-juli\/#breadcrumb\",\"itemListElement\":[{\"@type\":\"ListItem\",\"position\":1,\"name\":\"Home\",\"item\":\"https:\/\/www.campingreno.it\/de\/\"},{\"@type\":\"ListItem\",\"position\":2,\"name\":\"Last-Minute-Angebote Camping Marina di Ravenna Italien Juli vom 19.07 bis 03.08\"}]},{\"@type\":\"WebSite\",\"@id\":\"https:\/\/www.campingreno.it\/de\/#website\",\"url\":\"https:\/\/www.campingreno.it\/de\/\",\"name\":\"Camping Reno\",\"description\":\"\",\"publisher\":{\"@id\":\"https:\/\/www.campingreno.it\/de\/#organization\"},\"potentialAction\":[{\"@type\":\"SearchAction\",\"target\":{\"@type\":\"EntryPoint\",\"urlTemplate\":\"https:\/\/www.campingreno.it\/de\/?s={search_term_string}\"},\"query-input\":\"required name=search_term_string\"}],\"inLanguage\":\"de-DE\"},{\"@type\":\"Organization\",\"@id\":\"https:\/\/www.campingreno.it\/de\/#organization\",\"name\":\"Camping Reno\",\"url\":\"https:\/\/www.campingreno.it\/de\/\",\"logo\":{\"@type\":\"ImageObject\",\"inLanguage\":\"de-DE\",\"@id\":\"https:\/\/www.campingreno.it\/de\/#\/schema\/logo\/image\/\",\"url\":\"https:\/\/www.campingreno.it\/wp-content\/uploads\/sites\/192\/2024\/12\/logo_reno-no-sfondo-2.png\",\"contentUrl\":\"https:\/\/www.campingreno.it\/wp-content\/uploads\/sites\/192\/2024\/12\/logo_reno-no-sfondo-2.png\",\"width\":567,\"height\":286,\"caption\":\"Camping Reno\"},\"image\":{\"@id\":\"https:\/\/www.campingreno.it\/de\/#\/schema\/logo\/image\/\"},\"sameAs\":[\"https:\/\/facebook.com\/tomasitourism\",\"https:\/\/instagram.com\/camping_reno\"]}]}<\/script>\n<!-- \/ Yoast SEO plugin. -->","yoast_head_json":{"title":"Last-Minute-Angebote Camping Marina di Ravenna Italien | Juli","description":"Entdecken Sie die Last-Minute-Angebote Camping Marina di Ravenna Italien Juli vom 19.07. bis zum 03.08, ab 850 \u20ac f\u00fcr 2 Wochen!","robots":{"index":"index","follow":"follow","max-snippet":"max-snippet:-1","max-image-preview":"max-image-preview:large","max-video-preview":"max-video-preview:-1"},"canonical":"https:\/\/www.campingreno.it\/de\/last-minute-angebote-camping-marina-di-ravenna-italien-juli\/","og_locale":"de_DE","og_type":"article","og_title":"Last-Minute-Angebote Camping Marina di Ravenna Italien | Juli","og_description":"Entdecken Sie die Last-Minute-Angebote Camping Marina di Ravenna Italien Juli vom 19.07. bis zum 03.08, ab 850 \u20ac f\u00fcr 2 Wochen!","og_url":"https:\/\/www.campingreno.it\/de\/last-minute-angebote-camping-marina-di-ravenna-italien-juli\/","og_site_name":"Camping Reno","article_publisher":"https:\/\/facebook.com\/tomasitourism","article_modified_time":"2025-12-12T16:52:27+00:00","og_image":[{"width":1600,"height":1200,"url":"https:\/\/www.campingreno.it\/wp-content\/uploads\/sites\/192\/2025\/12\/mobilhome-vip-lodge-2-1.jpg","type":"image\/jpeg"}],"twitter_card":"summary_large_image","twitter_misc":{"Gesch\u00e4tzte Lesezeit":"4 Minuten"},"schema":{"@context":"https:\/\/schema.org","@graph":[{"@type":"WebPage","@id":"https:\/\/www.campingreno.it\/de\/last-minute-angebote-camping-marina-di-ravenna-italien-juli\/","url":"https:\/\/www.campingreno.it\/de\/last-minute-angebote-camping-marina-di-ravenna-italien-juli\/","name":"Last-Minute-Angebote Camping Marina di Ravenna Italien | Juli","isPartOf":{"@id":"https:\/\/www.campingreno.it\/de\/#website"},"primaryImageOfPage":{"@id":"https:\/\/www.campingreno.it\/de\/last-minute-angebote-camping-marina-di-ravenna-italien-juli\/#primaryimage"},"image":{"@id":"https:\/\/www.campingreno.it\/de\/last-minute-angebote-camping-marina-di-ravenna-italien-juli\/#primaryimage"},"thumbnailUrl":"https:\/\/www.campingreno.it\/wp-content\/uploads\/sites\/192\/2025\/12\/mobilhome-vip-lodge-2-1.jpg","datePublished":"2025-04-20T09:49:22+00:00","dateModified":"2025-12-12T16:52:27+00:00","description":"Entdecken Sie die Last-Minute-Angebote Camping Marina di Ravenna Italien Juli vom 19.07. bis zum 03.08, ab 850 \u20ac f\u00fcr 2 Wochen!","breadcrumb":{"@id":"https:\/\/www.campingreno.it\/de\/last-minute-angebote-camping-marina-di-ravenna-italien-juli\/#breadcrumb"},"inLanguage":"de-DE","potentialAction":[{"@type":"ReadAction","target":["https:\/\/www.campingreno.it\/de\/last-minute-angebote-camping-marina-di-ravenna-italien-juli\/"]}]},{"@type":"ImageObject","inLanguage":"de-DE","@id":"https:\/\/www.campingreno.it\/de\/last-minute-angebote-camping-marina-di-ravenna-italien-juli\/#primaryimage","url":"https:\/\/www.campingreno.it\/wp-content\/uploads\/sites\/192\/2025\/12\/mobilhome-vip-lodge-2-1.jpg","contentUrl":"https:\/\/www.campingreno.it\/wp-content\/uploads\/sites\/192\/2025\/12\/mobilhome-vip-lodge-2-1.jpg","width":1600,"height":1200,"caption":"Last-Minute-Angebote Camping Marina di Ravenna Italien | Juli"},{"@type":"BreadcrumbList","@id":"https:\/\/www.campingreno.it\/de\/last-minute-angebote-camping-marina-di-ravenna-italien-juli\/#breadcrumb","itemListElement":[{"@type":"ListItem","position":1,"name":"Home","item":"https:\/\/www.campingreno.it\/de\/"},{"@type":"ListItem","position":2,"name":"Last-Minute-Angebote Camping Marina di Ravenna Italien Juli vom 19.07 bis 03.08"}]},{"@type":"WebSite","@id":"https:\/\/www.campingreno.it\/de\/#website","url":"https:\/\/www.campingreno.it\/de\/","name":"Camping Reno","description":"","publisher":{"@id":"https:\/\/www.campingreno.it\/de\/#organization"},"potentialAction":[{"@type":"SearchAction","target":{"@type":"EntryPoint","urlTemplate":"https:\/\/www.campingreno.it\/de\/?s={search_term_string}"},"query-input":"required name=search_term_string"}],"inLanguage":"de-DE"},{"@type":"Organization","@id":"https:\/\/www.campingreno.it\/de\/#organization","name":"Camping Reno","url":"https:\/\/www.campingreno.it\/de\/","logo":{"@type":"ImageObject","inLanguage":"de-DE","@id":"https:\/\/www.campingreno.it\/de\/#\/schema\/logo\/image\/","url":"https:\/\/www.campingreno.it\/wp-content\/uploads\/sites\/192\/2024\/12\/logo_reno-no-sfondo-2.png","contentUrl":"https:\/\/www.campingreno.it\/wp-content\/uploads\/sites\/192\/2024\/12\/logo_reno-no-sfondo-2.png","width":567,"height":286,"caption":"Camping Reno"},"image":{"@id":"https:\/\/www.campingreno.it\/de\/#\/schema\/logo\/image\/"},"sameAs":["https:\/\/facebook.com\/tomasitourism","https:\/\/instagram.com\/camping_reno"]}]}},"acf":[],"_links":{"self":[{"href":"https:\/\/www.campingreno.it\/de\/wp-json\/wp\/v2\/pages\/3208"}],"collection":[{"href":"https:\/\/www.campingreno.it\/de\/wp-json\/wp\/v2\/pages"}],"about":[{"href":"https:\/\/www.campingreno.it\/de\/wp-json\/wp\/v2\/types\/page"}],"author":[{"embeddable":true,"href":"https:\/\/www.campingreno.it\/de\/wp-json\/wp\/v2\/users\/212"}],"replies":[{"embeddable":true,"href":"https:\/\/www.campingreno.it\/de\/wp-json\/wp\/v2\/comments?post=3208"}],"version-history":[{"count":0,"href":"https:\/\/www.campingreno.it\/de\/wp-json\/wp\/v2\/pages\/3208\/revisions"}],"wp:featuredmedia":[{"embeddable":true,"href":"https:\/\/www.campingreno.it\/de\/wp-json\/wp\/v2\/media\/4312"}],"wp:attachment":[{"href":"https:\/\/www.campingreno.it\/de\/wp-json\/wp\/v2\/media?parent=3208"}],"curies":[{"name":"wp","href":"https:\/\/api.w.org\/{rel}","templated":true}]}}