   {"id":4265,"date":"2025-11-22T11:08:55","date_gmt":"2025-11-22T11:08:55","guid":{"rendered":"https:\/\/www.campingreno.it\/camping-mit-stellplaetzen-ravenna-italien\/piazzola-van-parco-del-delta-del-po\/"},"modified":"2025-12-17T16:04:54","modified_gmt":"2025-12-17T16:04:54","slug":"van-stellplatz-im-po-delta-park","status":"publish","type":"page","link":"https:\/\/www.campingreno.it\/de\/camping-mit-stellplaetzen-ravenna-italien\/van-stellplatz-im-po-delta-park\/","title":{"rendered":"Stellplatz f\u00fcr Van"},"content":{"rendered":"<p><strong>Der Van-Stellplatz im Po-Delta-Park: Eine kurze \u00dcbersicht<\/strong><\/p>\n<p>&nbsp;<\/p>\n<p><a href=\"https:\/\/www.campingreno.it\/de\/campingplatz-italie-adria-mit-hund-ravenna\/\"><strong>(Hunde erlaubt)<\/strong><\/a><\/p>\n<p>&nbsp;<\/p>\n<p><strong>Ebene Stellpl\u00e4tze f\u00fcr Ihren Van,<\/strong> Mit einer Fl\u00e4che von bis zu 60 qm bietet der Stellplatz Platz f\u00fcr jede Art von Ausr\u00fcstung.<\/p>\n<p>&nbsp;<\/p>\n<p><strong>Fordern Sie JETZT einen UNVERBINDLICHEN Kostenvoranschlag<\/strong> an, indem Sie das Formular ausf\u00fcllen, f\u00fcr Ihren Urlaub direkt am Meer mit Ihrer Familie oder Ihren Freunden, gemeinsam mit Camping Reno, <strong>einem Campingplatz in Casal Borsetti<\/strong>, direkt am Meer mit feinem Sand und flachem Strand, <strong>einem einfachen und essentiellen Campingplatz f\u00fcr echte Camper.<\/strong><\/p>\n<p>Wir senden Ihnen den passenden Vorschlag innerhalb von 6 Arbeitsstunden zu.<\/p>\n<p>&nbsp;<\/p>\n<p><a href=\"https:\/\/www.scidoo.com\/preventivov2\/?cod=1209&amp;dataarr=2026-9-20&amp;notti=7&amp;adult=2&amp;children=&amp;IDsotto_struttura=0&amp;lang=4&amp;structure_type=0&amp;promocode=\"><strong>VERF\u00dcGBARKEIT PR\u00dcFEN UND IHREN VAN-STELLPLATZ ONLINE BUCHEN<\/strong><\/a><\/p>\n<p>&nbsp;<\/p>\n<p><strong>DIE STELLPLATZPREISE BEINHALTEN:<\/strong><\/p>\n<ul>\n<li>Stellplatz f\u00fcr ein Auto auf dem Platz<\/li>\n<li>Stromanschluss (CEE-Standardanschluss \u2013 4A Schutz, sofern nicht anders angegeben)<\/li>\n<li>Direkter Zugang zum freien Strand<\/li>\n<li>Warme Duschen<\/li>\n<li>Animation f\u00fcr Gro\u00df und Klein (Juli \u2013 August)<\/li>\n<li>Eintritt ins Schwimmbad (Juni \u2013 August, Badekappe nicht obligatorisch)<\/li>\n<li>Sportbereich: Beachvolleyball, Badmintonschl\u00e4ger, Boccia-Bahn, Basketball-Freiw\u00fcrfe, Tischtennis<\/li>\n<li>10 % Mehrwertsteuer (Abh\u00e4ngig von \u00c4nderungen der Mehrwertsteuer oder der Kurtaxe).<\/li>\n<\/ul>\n<p>&nbsp;<\/p>\n<p>&nbsp;<\/p>\n<p><strong>DIE PREISE BEINHALTEN NICHT: <\/strong>Kurtaxe, die vor Ort zu entrichten ist, Verleih von Sonnenschirmen und Liegest\u00fchlen.<\/p>\n<p>&nbsp;<\/p>\n<p><strong>ZUS\u00c4TZLICHE SERVICES AUF ANFRAGE<\/strong> oder vor Ort buchbar (solange der Vorrat reicht): Verleih von Sonnenschirmen und Liegest\u00fchlen am Strand, abschlie\u00dfbare K\u00fchl- und Gefrierzelle, Fahrradverleih mit Helm und Kindersitz. Alles, was nicht unter der \u00dcberschrift DIE PREISE BEINHALTEN aufgef\u00fchrt ist.<\/p>\n<p>&nbsp;<\/p>\n<p><strong>STELLPLATZBEDINGUNGEN:<\/strong> 1 Zelt oder Wohnwagen + Anzahl der in der Beschreibung angegebenen Personen + 1 Auto + Stromanschluss (4A Schutz).<\/p>\n<p>&nbsp;<\/p>\n<p>Die Stellpl\u00e4tze sind sauber und aufger\u00e4umt zur\u00fcckzugeben. Anreise nach 15:00 Uhr; Abreise bis 12:00 Uhr. Der Gesamtbetrag f\u00fcr den gesamten Aufenthalt ist bei Ankunft zu bezahlen.<\/p>\n","protected":false},"excerpt":{"rendered":"<p>Der Van-Stellplatz im Po-Delta-Park: Eine kurze \u00dcbersicht &nbsp; (Hunde erlaubt) &nbsp; Ebene Stellpl\u00e4tze f\u00fcr Ihren Van, Mit einer Fl\u00e4che von bis zu 60 qm bietet der Stellplatz Platz f\u00fcr jede Art von Ausr\u00fcstung. &nbsp; Fordern Sie JETZT einen UNVERBINDLICHEN Kostenvoranschlag an, indem Sie das Formular ausf\u00fcllen, f\u00fcr Ihren Urlaub direkt am Meer mit Ihrer Familie [&hellip;]<\/p>\n","protected":false},"author":212,"featured_media":4268,"parent":1129,"menu_order":10,"comment_status":"closed","ping_status":"closed","template":"template-piazzole.php","meta":{"footnotes":""},"class_list":["post-4265","page","type-page","status-publish","has-post-thumbnail","hentry"],"yoast_head":"<!-- This site is optimized with the Yoast SEO plugin v27.3 - https:\/\/yoast.com\/product\/yoast-seo-wordpress\/ -->\n<title>Van-Stellplatz im Po-Delta-Park | Camping Reno<\/title>\n<meta name=\"description\" content=\"Stellplatz f\u00fcr Van im Po-Delta-Park, 40 bis 60 qm, direkt am Meer, ab 23 \u20ac pro Nacht f\u00fcr die gesamte Besatzung. Angebot anfordern!\" \/>\n<meta name=\"robots\" content=\"index, follow, max-snippet:-1, max-image-preview:large, max-video-preview:-1\" \/>\n<link rel=\"canonical\" href=\"https:\/\/www.campingreno.it\/de\/camping-mit-stellplaetzen-ravenna-italien\/van-stellplatz-im-po-delta-park\/\" \/>\n<meta property=\"og:locale\" content=\"de_DE\" \/>\n<meta property=\"og:type\" content=\"article\" \/>\n<meta property=\"og:title\" content=\"Van-Stellplatz im Po-Delta-Park | Camping Reno\" \/>\n<meta property=\"og:description\" content=\"Stellplatz f\u00fcr Van im Po-Delta-Park, 40 bis 60 qm, direkt am Meer, ab 23 \u20ac pro Nacht f\u00fcr die gesamte Besatzung. Angebot anfordern!\" \/>\n<meta property=\"og:url\" content=\"https:\/\/www.campingreno.it\/de\/camping-mit-stellplaetzen-ravenna-italien\/van-stellplatz-im-po-delta-park\/\" \/>\n<meta property=\"og:site_name\" content=\"Camping Reno\" \/>\n<meta property=\"article:publisher\" content=\"https:\/\/facebook.com\/tomasitourism\" \/>\n<meta property=\"article:modified_time\" content=\"2025-12-17T16:04:54+00:00\" \/>\n<meta property=\"og:image\" content=\"https:\/\/www.campingreno.it\/wp-content\/uploads\/sites\/192\/2025\/12\/cool-camping-1.jpg\" \/>\n\t<meta property=\"og:image:width\" content=\"800\" \/>\n\t<meta property=\"og:image:height\" content=\"533\" \/>\n\t<meta property=\"og:image:type\" content=\"image\/jpeg\" \/>\n<meta name=\"twitter:card\" content=\"summary_large_image\" \/>\n<meta name=\"twitter:label1\" content=\"Gesch\u00e4tzte Lesezeit\" \/>\n\t<meta name=\"twitter:data1\" content=\"2 Minuten\" \/>\n<script type=\"application\/ld+json\" class=\"yoast-schema-graph\">{\"@context\":\"https:\\\/\\\/schema.org\",\"@graph\":[{\"@type\":\"WebPage\",\"@id\":\"https:\\\/\\\/www.campingreno.it\\\/de\\\/camping-mit-stellplaetzen-ravenna-italien\\\/van-stellplatz-im-po-delta-park\\\/\",\"url\":\"https:\\\/\\\/www.campingreno.it\\\/de\\\/camping-mit-stellplaetzen-ravenna-italien\\\/van-stellplatz-im-po-delta-park\\\/\",\"name\":\"Van-Stellplatz im Po-Delta-Park | Camping Reno\",\"isPartOf\":{\"@id\":\"https:\\\/\\\/www.campingreno.it\\\/de\\\/#website\"},\"primaryImageOfPage\":{\"@id\":\"https:\\\/\\\/www.campingreno.it\\\/de\\\/camping-mit-stellplaetzen-ravenna-italien\\\/van-stellplatz-im-po-delta-park\\\/#primaryimage\"},\"image\":{\"@id\":\"https:\\\/\\\/www.campingreno.it\\\/de\\\/camping-mit-stellplaetzen-ravenna-italien\\\/van-stellplatz-im-po-delta-park\\\/#primaryimage\"},\"thumbnailUrl\":\"https:\\\/\\\/www.campingreno.it\\\/wp-content\\\/uploads\\\/sites\\\/192\\\/2025\\\/12\\\/cool-camping-1.jpg\",\"datePublished\":\"2025-11-22T11:08:55+00:00\",\"dateModified\":\"2025-12-17T16:04:54+00:00\",\"description\":\"Stellplatz f\u00fcr Van im Po-Delta-Park, 40 bis 60 qm, direkt am Meer, ab 23 \u20ac pro Nacht f\u00fcr die gesamte Besatzung. Angebot anfordern!\",\"breadcrumb\":{\"@id\":\"https:\\\/\\\/www.campingreno.it\\\/de\\\/camping-mit-stellplaetzen-ravenna-italien\\\/van-stellplatz-im-po-delta-park\\\/#breadcrumb\"},\"inLanguage\":\"de-DE\",\"potentialAction\":[{\"@type\":\"ReadAction\",\"target\":[\"https:\\\/\\\/www.campingreno.it\\\/de\\\/camping-mit-stellplaetzen-ravenna-italien\\\/van-stellplatz-im-po-delta-park\\\/\"]}]},{\"@type\":\"ImageObject\",\"inLanguage\":\"de-DE\",\"@id\":\"https:\\\/\\\/www.campingreno.it\\\/de\\\/camping-mit-stellplaetzen-ravenna-italien\\\/van-stellplatz-im-po-delta-park\\\/#primaryimage\",\"url\":\"https:\\\/\\\/www.campingreno.it\\\/wp-content\\\/uploads\\\/sites\\\/192\\\/2025\\\/12\\\/cool-camping-1.jpg\",\"contentUrl\":\"https:\\\/\\\/www.campingreno.it\\\/wp-content\\\/uploads\\\/sites\\\/192\\\/2025\\\/12\\\/cool-camping-1.jpg\",\"width\":800,\"height\":533,\"caption\":\"Van-Stellplatz im Po-Delta-Park | Camping Reno\"},{\"@type\":\"BreadcrumbList\",\"@id\":\"https:\\\/\\\/www.campingreno.it\\\/de\\\/camping-mit-stellplaetzen-ravenna-italien\\\/van-stellplatz-im-po-delta-park\\\/#breadcrumb\",\"itemListElement\":[{\"@type\":\"ListItem\",\"position\":1,\"name\":\"Home\",\"item\":\"https:\\\/\\\/www.campingreno.it\\\/de\\\/\"},{\"@type\":\"ListItem\",\"position\":2,\"name\":\"Stellpl\u00e4tze\",\"item\":\"https:\\\/\\\/www.campingreno.it\\\/de\\\/camping-mit-stellplaetzen-ravenna-italien\\\/\"},{\"@type\":\"ListItem\",\"position\":3,\"name\":\"Stellplatz f\u00fcr Van\"}]},{\"@type\":\"WebSite\",\"@id\":\"https:\\\/\\\/www.campingreno.it\\\/de\\\/#website\",\"url\":\"https:\\\/\\\/www.campingreno.it\\\/de\\\/\",\"name\":\"Camping Reno\",\"description\":\"\",\"publisher\":{\"@id\":\"https:\\\/\\\/www.campingreno.it\\\/de\\\/#organization\"},\"potentialAction\":[{\"@type\":\"SearchAction\",\"target\":{\"@type\":\"EntryPoint\",\"urlTemplate\":\"https:\\\/\\\/www.campingreno.it\\\/de\\\/?s={search_term_string}\"},\"query-input\":{\"@type\":\"PropertyValueSpecification\",\"valueRequired\":true,\"valueName\":\"search_term_string\"}}],\"inLanguage\":\"de-DE\"},{\"@type\":\"Organization\",\"@id\":\"https:\\\/\\\/www.campingreno.it\\\/de\\\/#organization\",\"name\":\"Camping Reno\",\"url\":\"https:\\\/\\\/www.campingreno.it\\\/de\\\/\",\"logo\":{\"@type\":\"ImageObject\",\"inLanguage\":\"de-DE\",\"@id\":\"https:\\\/\\\/www.campingreno.it\\\/de\\\/#\\\/schema\\\/logo\\\/image\\\/\",\"url\":\"https:\\\/\\\/www.campingreno.it\\\/wp-content\\\/uploads\\\/sites\\\/192\\\/2024\\\/12\\\/logo_reno-no-sfondo-2.png\",\"contentUrl\":\"https:\\\/\\\/www.campingreno.it\\\/wp-content\\\/uploads\\\/sites\\\/192\\\/2024\\\/12\\\/logo_reno-no-sfondo-2.png\",\"width\":567,\"height\":286,\"caption\":\"Camping Reno\"},\"image\":{\"@id\":\"https:\\\/\\\/www.campingreno.it\\\/de\\\/#\\\/schema\\\/logo\\\/image\\\/\"},\"sameAs\":[\"https:\\\/\\\/facebook.com\\\/tomasitourism\",\"https:\\\/\\\/instagram.com\\\/camping_reno\"]}]}<\/script>\n<!-- \/ Yoast SEO plugin. -->","yoast_head_json":{"title":"Van-Stellplatz im Po-Delta-Park | Camping Reno","description":"Stellplatz f\u00fcr Van im Po-Delta-Park, 40 bis 60 qm, direkt am Meer, ab 23 \u20ac pro Nacht f\u00fcr die gesamte Besatzung. Angebot anfordern!","robots":{"index":"index","follow":"follow","max-snippet":"max-snippet:-1","max-image-preview":"max-image-preview:large","max-video-preview":"max-video-preview:-1"},"canonical":"https:\/\/www.campingreno.it\/de\/camping-mit-stellplaetzen-ravenna-italien\/van-stellplatz-im-po-delta-park\/","og_locale":"de_DE","og_type":"article","og_title":"Van-Stellplatz im Po-Delta-Park | Camping Reno","og_description":"Stellplatz f\u00fcr Van im Po-Delta-Park, 40 bis 60 qm, direkt am Meer, ab 23 \u20ac pro Nacht f\u00fcr die gesamte Besatzung. Angebot anfordern!","og_url":"https:\/\/www.campingreno.it\/de\/camping-mit-stellplaetzen-ravenna-italien\/van-stellplatz-im-po-delta-park\/","og_site_name":"Camping Reno","article_publisher":"https:\/\/facebook.com\/tomasitourism","article_modified_time":"2025-12-17T16:04:54+00:00","og_image":[{"width":800,"height":533,"url":"https:\/\/www.campingreno.it\/wp-content\/uploads\/sites\/192\/2025\/12\/cool-camping-1.jpg","type":"image\/jpeg"}],"twitter_card":"summary_large_image","twitter_misc":{"Gesch\u00e4tzte Lesezeit":"2 Minuten"},"schema":{"@context":"https:\/\/schema.org","@graph":[{"@type":"WebPage","@id":"https:\/\/www.campingreno.it\/de\/camping-mit-stellplaetzen-ravenna-italien\/van-stellplatz-im-po-delta-park\/","url":"https:\/\/www.campingreno.it\/de\/camping-mit-stellplaetzen-ravenna-italien\/van-stellplatz-im-po-delta-park\/","name":"Van-Stellplatz im Po-Delta-Park | Camping Reno","isPartOf":{"@id":"https:\/\/www.campingreno.it\/de\/#website"},"primaryImageOfPage":{"@id":"https:\/\/www.campingreno.it\/de\/camping-mit-stellplaetzen-ravenna-italien\/van-stellplatz-im-po-delta-park\/#primaryimage"},"image":{"@id":"https:\/\/www.campingreno.it\/de\/camping-mit-stellplaetzen-ravenna-italien\/van-stellplatz-im-po-delta-park\/#primaryimage"},"thumbnailUrl":"https:\/\/www.campingreno.it\/wp-content\/uploads\/sites\/192\/2025\/12\/cool-camping-1.jpg","datePublished":"2025-11-22T11:08:55+00:00","dateModified":"2025-12-17T16:04:54+00:00","description":"Stellplatz f\u00fcr Van im Po-Delta-Park, 40 bis 60 qm, direkt am Meer, ab 23 \u20ac pro Nacht f\u00fcr die gesamte Besatzung. Angebot anfordern!","breadcrumb":{"@id":"https:\/\/www.campingreno.it\/de\/camping-mit-stellplaetzen-ravenna-italien\/van-stellplatz-im-po-delta-park\/#breadcrumb"},"inLanguage":"de-DE","potentialAction":[{"@type":"ReadAction","target":["https:\/\/www.campingreno.it\/de\/camping-mit-stellplaetzen-ravenna-italien\/van-stellplatz-im-po-delta-park\/"]}]},{"@type":"ImageObject","inLanguage":"de-DE","@id":"https:\/\/www.campingreno.it\/de\/camping-mit-stellplaetzen-ravenna-italien\/van-stellplatz-im-po-delta-park\/#primaryimage","url":"https:\/\/www.campingreno.it\/wp-content\/uploads\/sites\/192\/2025\/12\/cool-camping-1.jpg","contentUrl":"https:\/\/www.campingreno.it\/wp-content\/uploads\/sites\/192\/2025\/12\/cool-camping-1.jpg","width":800,"height":533,"caption":"Van-Stellplatz im Po-Delta-Park | Camping Reno"},{"@type":"BreadcrumbList","@id":"https:\/\/www.campingreno.it\/de\/camping-mit-stellplaetzen-ravenna-italien\/van-stellplatz-im-po-delta-park\/#breadcrumb","itemListElement":[{"@type":"ListItem","position":1,"name":"Home","item":"https:\/\/www.campingreno.it\/de\/"},{"@type":"ListItem","position":2,"name":"Stellpl\u00e4tze","item":"https:\/\/www.campingreno.it\/de\/camping-mit-stellplaetzen-ravenna-italien\/"},{"@type":"ListItem","position":3,"name":"Stellplatz f\u00fcr Van"}]},{"@type":"WebSite","@id":"https:\/\/www.campingreno.it\/de\/#website","url":"https:\/\/www.campingreno.it\/de\/","name":"Camping Reno","description":"","publisher":{"@id":"https:\/\/www.campingreno.it\/de\/#organization"},"potentialAction":[{"@type":"SearchAction","target":{"@type":"EntryPoint","urlTemplate":"https:\/\/www.campingreno.it\/de\/?s={search_term_string}"},"query-input":{"@type":"PropertyValueSpecification","valueRequired":true,"valueName":"search_term_string"}}],"inLanguage":"de-DE"},{"@type":"Organization","@id":"https:\/\/www.campingreno.it\/de\/#organization","name":"Camping Reno","url":"https:\/\/www.campingreno.it\/de\/","logo":{"@type":"ImageObject","inLanguage":"de-DE","@id":"https:\/\/www.campingreno.it\/de\/#\/schema\/logo\/image\/","url":"https:\/\/www.campingreno.it\/wp-content\/uploads\/sites\/192\/2024\/12\/logo_reno-no-sfondo-2.png","contentUrl":"https:\/\/www.campingreno.it\/wp-content\/uploads\/sites\/192\/2024\/12\/logo_reno-no-sfondo-2.png","width":567,"height":286,"caption":"Camping Reno"},"image":{"@id":"https:\/\/www.campingreno.it\/de\/#\/schema\/logo\/image\/"},"sameAs":["https:\/\/facebook.com\/tomasitourism","https:\/\/instagram.com\/camping_reno"]}]}},"acf":[],"_links":{"self":[{"href":"https:\/\/www.campingreno.it\/de\/wp-json\/wp\/v2\/pages\/4265","targetHints":{"allow":["GET"]}}],"collection":[{"href":"https:\/\/www.campingreno.it\/de\/wp-json\/wp\/v2\/pages"}],"about":[{"href":"https:\/\/www.campingreno.it\/de\/wp-json\/wp\/v2\/types\/page"}],"author":[{"embeddable":true,"href":"https:\/\/www.campingreno.it\/de\/wp-json\/wp\/v2\/users\/212"}],"replies":[{"embeddable":true,"href":"https:\/\/www.campingreno.it\/de\/wp-json\/wp\/v2\/comments?post=4265"}],"version-history":[{"count":0,"href":"https:\/\/www.campingreno.it\/de\/wp-json\/wp\/v2\/pages\/4265\/revisions"}],"up":[{"embeddable":true,"href":"https:\/\/www.campingreno.it\/de\/wp-json\/wp\/v2\/pages\/1129"}],"wp:featuredmedia":[{"embeddable":true,"href":"https:\/\/www.campingreno.it\/de\/wp-json\/wp\/v2\/media\/4268"}],"wp:attachment":[{"href":"https:\/\/www.campingreno.it\/de\/wp-json\/wp\/v2\/media?parent=4265"}],"curies":[{"name":"wp","href":"https:\/\/api.w.org\/{rel}","templated":true}]}}