   {"id":4340,"date":"2025-12-15T12:08:34","date_gmt":"2025-12-15T12:08:34","guid":{"rendered":"https:\/\/www.campingreno.it\/?page_id=4340"},"modified":"2025-12-15T12:24:46","modified_gmt":"2025-12-15T12:24:46","slug":"stellplatz-wohnmobil-adria-pfingsten-ab-e22-pro-nacht-4-pax","status":"publish","type":"page","link":"https:\/\/www.campingreno.it\/de\/stellplatz-wohnmobil-adria-pfingsten-ab-e22-pro-nacht-4-pax\/","title":{"rendered":"Stellplatz Wohnmobil Adria Pfingsten"},"content":{"rendered":"<p><strong>Hier ist das Stellplatz Wohnmobil Adria Pfingsten Angebote Emilia Romagna Hundestrand Stellplatz des Camping Reno<\/strong><\/p>\n<p>&nbsp;<\/p>\n<p><strong>Clever gemacht:<\/strong> Buchen Sie Ihren <a href=\"https:\/\/www.campingreno.it\/de\/camping-mit-stellplaetzen-ravenna-italien\/\"><strong>Stellplatz<\/strong><\/a> f\u00fcr den gesamten im <strong>Pfingsten <\/strong>Camping Reno, <strong>direkt am Meer, an den Lidi di Ravenna<\/strong> zu einem wirklich g\u00fcnstigen Preis!<\/p>\n<p>&nbsp;<\/p>\n<p>&nbsp;<\/p>\n<p>Buchen Sie Ihren Stellplatz f\u00fcr 1 oder 100 N\u00e4chte auf dem Camping Reno, direkt am Meer, an den Lidi von Ravenna zu einem wirklich g\u00fcnstigen Preis!<\/p>\n<p>&nbsp;<\/p>\n<p>Sind Sie ein Liebhaber der freien Natur und k\u00f6nnen es kaum erwarten, dass die sch\u00f6ne Jahreszeit zur\u00fcckkehrt, um ganze Tage mit Spazierg\u00e4ngen im Pinienwald oder am Meer zu verbringen und einen Aperitif oder ein k\u00f6stliches Fischabendessen in einem Restaurant in der N\u00e4he des Meeres zu genie\u00dfen?<\/p>\n<p>&nbsp;<\/p>\n<p>Ihr n\u00e4chster Sommerurlaub erwartet Sie! G\u00f6nnen Sie sich die Freiheit des Campings f\u00fcr Ihren <strong>SOMMERURLAUB 2026<\/strong>: W\u00e4hlen Sie den Camping Reno, einen wundersch\u00f6nen Campingplatz, der sich in einem Pinienwald befindet und direkten Zugang zum Meer hat!<\/p>\n<p>&nbsp;<\/p>\n<ul>\n<li><strong>Stellplatz Caravan | Wohnwagen | Van<\/strong> (bis zu 4 Personen inklusive) 22 \u20ac<\/li>\n<li><strong>Stellplatz Zelt | Pinienwald<\/strong> (bis zu 4 Personen inklusive) 21 \u20ac<\/li>\n<\/ul>\n<p><strong>Hinweis:<\/strong> M\u00f6glichkeit zum sp\u00e4ten Check-out<\/p>\n<p>&nbsp;<\/p>\n<p><strong>So nutzen Sie das Stellplatz Wohnmobil Adria Pfingsten Angebote Emilia Romagna Hundestrand Stellplatz:<\/strong><\/p>\n<ul>\n<li>Fordern Sie ein Angebot an, indem Sie im Formular den bevorzugten Urlaubszeitraum angeben.<\/li>\n<li><a href=\"https:\/\/www.scidoo.com\/preventivov2\/?cod=1209&amp;dataarr=2026-5-24&amp;notti=14&amp;adult=2&amp;children=&amp;IDsotto_struttura=0&amp;lang=0&amp;structure_type=0&amp;promocode=\"><strong>Buchen Sie direkt online.<\/strong><\/a><\/li>\n<li>Rufen Sie uns unter +39 0544 445020 an und sichern Sie sich sofort das Stellplatzangebot des Camping Reno.<\/li>\n<\/ul>\n<p>&nbsp;<\/p>\n<p><strong>Hier sind einige Vorteile nur f\u00fcr Sie:<\/strong><\/p>\n<ul>\n<li>Am Abreisetag M\u00f6glichkeit zum Check-out am Abend, FRAGEN SIE AN DER REZEPTION!<\/li>\n<li>Fisch- und Fleischrestaurant mit Pizzeria, immer ge\u00f6ffnet mit wirklich g\u00fcnstigen Men\u00fcs. Pizza Margherita + Dosengetr\u00e4nk + Gedeck 12 \u20ac und unsere Fischfritteuse 17,00 \u20ac.<\/li>\n<li>Kleiner Markt.<\/li>\n<\/ul>\n<p>&nbsp;<\/p>\n<p><strong>DIE STELLPLATZPREISE BEINHALTEN:<\/strong><\/p>\n<ul>\n<li>Parkplatz auf dem Stellplatz<\/li>\n<li>4 Personen im Preis inbegriffen<\/li>\n<li>Stromanschluss (CEE-Normanschluss \u2013 4A-Schutz, sofern nicht anders angegeben),<\/li>\n<li>Direkter Zugang zum freien Strand<\/li>\n<li>Warme Duschen<\/li>\n<li>Animation f\u00fcr Gro\u00df und Klein (Zeitraum Mai \u2013 August),<\/li>\n<li>Eintritt ins Schwimmbad (Juni \u2013 August, Badekappe nicht obligatorisch);<\/li>\n<li>Sportbereich: Beachvolleyball, Strandtennis, Boccia, Basketball-Freiw\u00fcrfe, Tischtennis),<\/li>\n<li>10 % MwSt. (\u00c4nderungen der Mehrwertsteuer oder der Kurtaxe vorbehalten).<\/li>\n<\/ul>\n<p>&nbsp;<\/p>\n<p><strong>DIE PREISE BEINHALTEN NICHT:<\/strong><\/p>\n<ul>\n<li>Kurtaxe, die vor Ort zu entrichten ist.<\/li>\n<li>Vermietung von Sonnenschirmen und Liegest\u00fchlen.<\/li>\n<\/ul>\n<p>&nbsp;<\/p>\n<p><strong>ZUS\u00c4TZLICHE DIENSTLEISTUNGEN AUF RESERVIERUNG oder vor Ort anzufordern (solange der Vorrat reicht)<\/strong><\/p>\n<ul>\n<li>WLAN: Wenn nicht im Angebot enthalten, personalisierte Abonnements an der Rezeption<\/li>\n<li>Vermietung von Sonnenschirmen und Liegest\u00fchlen am Strand<\/li>\n<li>Fahrradverleih: (3 \u20ac\/Stunde) \u2013 auch Helm und Kindersitz erh\u00e4ltlich<\/li>\n<li>K\u00fchlbox: (2,50 \u20ac\/Tag)<\/li>\n<li>Gefrierbox: (3,50 \u20ac\/Tag)<\/li>\n<li>Waschmaschinen und Trockner<\/li>\n<li>Zweites Auto<\/li>\n<li>Aufladen von Elektroautos<\/li>\n<\/ul>\n<p>&nbsp;<\/p>\n<p><strong>\u00d6FFNUNGSZEITEN DER REZEPTION SOMMERZEIT<\/strong><\/p>\n<p>T\u00e4glich von 8.00 bis 20.00 Uhr vom 03.04 bis 28.09<\/p>\n<p><strong>\u00d6FFNUNGSZEITEN DER REZEPTION WINTERZEIT<\/strong><\/p>\n<p>Von 9.00 bis 18.00 Uhr vom 30.09 bis 02.04<\/p>\n","protected":false},"excerpt":{"rendered":"<p>Hier ist das Stellplatz Wohnmobil Adria Pfingsten Angebote Emilia Romagna Hundestrand Stellplatz des Camping Reno &nbsp; Clever gemacht: Buchen Sie Ihren Stellplatz f\u00fcr den gesamten im Pfingsten Camping Reno, direkt am Meer, an den Lidi di Ravenna zu einem wirklich g\u00fcnstigen Preis! &nbsp; &nbsp; Buchen Sie Ihren Stellplatz f\u00fcr 1 oder 100 N\u00e4chte auf dem [&hellip;]<\/p>\n","protected":false},"author":212,"featured_media":4348,"parent":0,"menu_order":300,"comment_status":"closed","ping_status":"closed","template":"","meta":{"footnotes":""},"class_list":["post-4340","page","type-page","status-publish","has-post-thumbnail","hentry"],"yoast_head":"<!-- This site is optimized with the Yoast SEO plugin v27.3 - https:\/\/yoast.com\/product\/yoast-seo-wordpress\/ -->\n<title>Stellplatz Wohnmobil Adria Pfingsten | Ab \u20ac22 pro Nacht 4 pax<\/title>\n<meta name=\"description\" content=\"Entdecken Sie die Stellplatz Wohnmobil Adria Pfingsten | Ab 22 \u20ac pro Nacht 4 personen. Fragen Sie nach einem unverbindlichen Preisangebot!\" \/>\n<meta name=\"robots\" content=\"index, follow, max-snippet:-1, max-image-preview:large, max-video-preview:-1\" \/>\n<link rel=\"canonical\" href=\"https:\/\/www.campingreno.it\/de\/stellplatz-wohnmobil-adria-pfingsten-ab-e22-pro-nacht-4-pax\/\" \/>\n<meta property=\"og:locale\" content=\"de_DE\" \/>\n<meta property=\"og:type\" content=\"article\" \/>\n<meta property=\"og:title\" content=\"Stellplatz Wohnmobil Adria Pfingsten | Ab \u20ac22 pro Nacht 4 pax\" \/>\n<meta property=\"og:description\" content=\"Entdecken Sie die Stellplatz Wohnmobil Adria Pfingsten | Ab 22 \u20ac pro Nacht 4 personen. Fragen Sie nach einem unverbindlichen Preisangebot!\" \/>\n<meta property=\"og:url\" content=\"https:\/\/www.campingreno.it\/de\/stellplatz-wohnmobil-adria-pfingsten-ab-e22-pro-nacht-4-pax\/\" \/>\n<meta property=\"og:site_name\" content=\"Camping Reno\" \/>\n<meta property=\"article:publisher\" content=\"https:\/\/facebook.com\/tomasitourism\" \/>\n<meta property=\"article:modified_time\" content=\"2025-12-15T12:24:46+00:00\" \/>\n<meta property=\"og:image\" content=\"https:\/\/www.campingreno.it\/wp-content\/uploads\/sites\/192\/2025\/12\/Immagine-WhatsApp-2025-05-28-ore-18.36.34_08706358-1.jpg\" \/>\n\t<meta property=\"og:image:width\" content=\"1600\" \/>\n\t<meta property=\"og:image:height\" content=\"1200\" \/>\n\t<meta property=\"og:image:type\" content=\"image\/jpeg\" \/>\n<meta name=\"twitter:card\" content=\"summary_large_image\" \/>\n<meta name=\"twitter:label1\" content=\"Gesch\u00e4tzte Lesezeit\" \/>\n\t<meta name=\"twitter:data1\" content=\"3 Minuten\" \/>\n<script type=\"application\/ld+json\" class=\"yoast-schema-graph\">{\"@context\":\"https:\\\/\\\/schema.org\",\"@graph\":[{\"@type\":\"WebPage\",\"@id\":\"https:\\\/\\\/www.campingreno.it\\\/de\\\/stellplatz-wohnmobil-adria-pfingsten-ab-e22-pro-nacht-4-pax\\\/\",\"url\":\"https:\\\/\\\/www.campingreno.it\\\/de\\\/stellplatz-wohnmobil-adria-pfingsten-ab-e22-pro-nacht-4-pax\\\/\",\"name\":\"Stellplatz Wohnmobil Adria Pfingsten | Ab \u20ac22 pro Nacht 4 pax\",\"isPartOf\":{\"@id\":\"https:\\\/\\\/www.campingreno.it\\\/de\\\/#website\"},\"primaryImageOfPage\":{\"@id\":\"https:\\\/\\\/www.campingreno.it\\\/de\\\/stellplatz-wohnmobil-adria-pfingsten-ab-e22-pro-nacht-4-pax\\\/#primaryimage\"},\"image\":{\"@id\":\"https:\\\/\\\/www.campingreno.it\\\/de\\\/stellplatz-wohnmobil-adria-pfingsten-ab-e22-pro-nacht-4-pax\\\/#primaryimage\"},\"thumbnailUrl\":\"https:\\\/\\\/www.campingreno.it\\\/wp-content\\\/uploads\\\/sites\\\/192\\\/2025\\\/12\\\/Immagine-WhatsApp-2025-05-28-ore-18.36.34_08706358-1.jpg\",\"datePublished\":\"2025-12-15T12:08:34+00:00\",\"dateModified\":\"2025-12-15T12:24:46+00:00\",\"description\":\"Entdecken Sie die Stellplatz Wohnmobil Adria Pfingsten | Ab 22 \u20ac pro Nacht 4 personen. Fragen Sie nach einem unverbindlichen Preisangebot!\",\"breadcrumb\":{\"@id\":\"https:\\\/\\\/www.campingreno.it\\\/de\\\/stellplatz-wohnmobil-adria-pfingsten-ab-e22-pro-nacht-4-pax\\\/#breadcrumb\"},\"inLanguage\":\"de-DE\",\"potentialAction\":[{\"@type\":\"ReadAction\",\"target\":[\"https:\\\/\\\/www.campingreno.it\\\/de\\\/stellplatz-wohnmobil-adria-pfingsten-ab-e22-pro-nacht-4-pax\\\/\"]}]},{\"@type\":\"ImageObject\",\"inLanguage\":\"de-DE\",\"@id\":\"https:\\\/\\\/www.campingreno.it\\\/de\\\/stellplatz-wohnmobil-adria-pfingsten-ab-e22-pro-nacht-4-pax\\\/#primaryimage\",\"url\":\"https:\\\/\\\/www.campingreno.it\\\/wp-content\\\/uploads\\\/sites\\\/192\\\/2025\\\/12\\\/Immagine-WhatsApp-2025-05-28-ore-18.36.34_08706358-1.jpg\",\"contentUrl\":\"https:\\\/\\\/www.campingreno.it\\\/wp-content\\\/uploads\\\/sites\\\/192\\\/2025\\\/12\\\/Immagine-WhatsApp-2025-05-28-ore-18.36.34_08706358-1.jpg\",\"width\":1600,\"height\":1200,\"caption\":\"Stellplatz Wohnmobil Adria Pfingsten | Ab \u20ac22 pro Nacht 4 pax\"},{\"@type\":\"BreadcrumbList\",\"@id\":\"https:\\\/\\\/www.campingreno.it\\\/de\\\/stellplatz-wohnmobil-adria-pfingsten-ab-e22-pro-nacht-4-pax\\\/#breadcrumb\",\"itemListElement\":[{\"@type\":\"ListItem\",\"position\":1,\"name\":\"Home\",\"item\":\"https:\\\/\\\/www.campingreno.it\\\/de\\\/\"},{\"@type\":\"ListItem\",\"position\":2,\"name\":\"Stellplatz Wohnmobil Adria Pfingsten\"}]},{\"@type\":\"WebSite\",\"@id\":\"https:\\\/\\\/www.campingreno.it\\\/de\\\/#website\",\"url\":\"https:\\\/\\\/www.campingreno.it\\\/de\\\/\",\"name\":\"Camping Reno\",\"description\":\"\",\"publisher\":{\"@id\":\"https:\\\/\\\/www.campingreno.it\\\/de\\\/#organization\"},\"potentialAction\":[{\"@type\":\"SearchAction\",\"target\":{\"@type\":\"EntryPoint\",\"urlTemplate\":\"https:\\\/\\\/www.campingreno.it\\\/de\\\/?s={search_term_string}\"},\"query-input\":{\"@type\":\"PropertyValueSpecification\",\"valueRequired\":true,\"valueName\":\"search_term_string\"}}],\"inLanguage\":\"de-DE\"},{\"@type\":\"Organization\",\"@id\":\"https:\\\/\\\/www.campingreno.it\\\/de\\\/#organization\",\"name\":\"Camping Reno\",\"url\":\"https:\\\/\\\/www.campingreno.it\\\/de\\\/\",\"logo\":{\"@type\":\"ImageObject\",\"inLanguage\":\"de-DE\",\"@id\":\"https:\\\/\\\/www.campingreno.it\\\/de\\\/#\\\/schema\\\/logo\\\/image\\\/\",\"url\":\"https:\\\/\\\/www.campingreno.it\\\/wp-content\\\/uploads\\\/sites\\\/192\\\/2024\\\/12\\\/logo_reno-no-sfondo-2.png\",\"contentUrl\":\"https:\\\/\\\/www.campingreno.it\\\/wp-content\\\/uploads\\\/sites\\\/192\\\/2024\\\/12\\\/logo_reno-no-sfondo-2.png\",\"width\":567,\"height\":286,\"caption\":\"Camping Reno\"},\"image\":{\"@id\":\"https:\\\/\\\/www.campingreno.it\\\/de\\\/#\\\/schema\\\/logo\\\/image\\\/\"},\"sameAs\":[\"https:\\\/\\\/facebook.com\\\/tomasitourism\",\"https:\\\/\\\/instagram.com\\\/camping_reno\"]}]}<\/script>\n<!-- \/ Yoast SEO plugin. -->","yoast_head_json":{"title":"Stellplatz Wohnmobil Adria Pfingsten | Ab \u20ac22 pro Nacht 4 pax","description":"Entdecken Sie die Stellplatz Wohnmobil Adria Pfingsten | Ab 22 \u20ac pro Nacht 4 personen. Fragen Sie nach einem unverbindlichen Preisangebot!","robots":{"index":"index","follow":"follow","max-snippet":"max-snippet:-1","max-image-preview":"max-image-preview:large","max-video-preview":"max-video-preview:-1"},"canonical":"https:\/\/www.campingreno.it\/de\/stellplatz-wohnmobil-adria-pfingsten-ab-e22-pro-nacht-4-pax\/","og_locale":"de_DE","og_type":"article","og_title":"Stellplatz Wohnmobil Adria Pfingsten | Ab \u20ac22 pro Nacht 4 pax","og_description":"Entdecken Sie die Stellplatz Wohnmobil Adria Pfingsten | Ab 22 \u20ac pro Nacht 4 personen. Fragen Sie nach einem unverbindlichen Preisangebot!","og_url":"https:\/\/www.campingreno.it\/de\/stellplatz-wohnmobil-adria-pfingsten-ab-e22-pro-nacht-4-pax\/","og_site_name":"Camping Reno","article_publisher":"https:\/\/facebook.com\/tomasitourism","article_modified_time":"2025-12-15T12:24:46+00:00","og_image":[{"width":1600,"height":1200,"url":"https:\/\/www.campingreno.it\/wp-content\/uploads\/sites\/192\/2025\/12\/Immagine-WhatsApp-2025-05-28-ore-18.36.34_08706358-1.jpg","type":"image\/jpeg"}],"twitter_card":"summary_large_image","twitter_misc":{"Gesch\u00e4tzte Lesezeit":"3 Minuten"},"schema":{"@context":"https:\/\/schema.org","@graph":[{"@type":"WebPage","@id":"https:\/\/www.campingreno.it\/de\/stellplatz-wohnmobil-adria-pfingsten-ab-e22-pro-nacht-4-pax\/","url":"https:\/\/www.campingreno.it\/de\/stellplatz-wohnmobil-adria-pfingsten-ab-e22-pro-nacht-4-pax\/","name":"Stellplatz Wohnmobil Adria Pfingsten | Ab \u20ac22 pro Nacht 4 pax","isPartOf":{"@id":"https:\/\/www.campingreno.it\/de\/#website"},"primaryImageOfPage":{"@id":"https:\/\/www.campingreno.it\/de\/stellplatz-wohnmobil-adria-pfingsten-ab-e22-pro-nacht-4-pax\/#primaryimage"},"image":{"@id":"https:\/\/www.campingreno.it\/de\/stellplatz-wohnmobil-adria-pfingsten-ab-e22-pro-nacht-4-pax\/#primaryimage"},"thumbnailUrl":"https:\/\/www.campingreno.it\/wp-content\/uploads\/sites\/192\/2025\/12\/Immagine-WhatsApp-2025-05-28-ore-18.36.34_08706358-1.jpg","datePublished":"2025-12-15T12:08:34+00:00","dateModified":"2025-12-15T12:24:46+00:00","description":"Entdecken Sie die Stellplatz Wohnmobil Adria Pfingsten | Ab 22 \u20ac pro Nacht 4 personen. Fragen Sie nach einem unverbindlichen Preisangebot!","breadcrumb":{"@id":"https:\/\/www.campingreno.it\/de\/stellplatz-wohnmobil-adria-pfingsten-ab-e22-pro-nacht-4-pax\/#breadcrumb"},"inLanguage":"de-DE","potentialAction":[{"@type":"ReadAction","target":["https:\/\/www.campingreno.it\/de\/stellplatz-wohnmobil-adria-pfingsten-ab-e22-pro-nacht-4-pax\/"]}]},{"@type":"ImageObject","inLanguage":"de-DE","@id":"https:\/\/www.campingreno.it\/de\/stellplatz-wohnmobil-adria-pfingsten-ab-e22-pro-nacht-4-pax\/#primaryimage","url":"https:\/\/www.campingreno.it\/wp-content\/uploads\/sites\/192\/2025\/12\/Immagine-WhatsApp-2025-05-28-ore-18.36.34_08706358-1.jpg","contentUrl":"https:\/\/www.campingreno.it\/wp-content\/uploads\/sites\/192\/2025\/12\/Immagine-WhatsApp-2025-05-28-ore-18.36.34_08706358-1.jpg","width":1600,"height":1200,"caption":"Stellplatz Wohnmobil Adria Pfingsten | Ab \u20ac22 pro Nacht 4 pax"},{"@type":"BreadcrumbList","@id":"https:\/\/www.campingreno.it\/de\/stellplatz-wohnmobil-adria-pfingsten-ab-e22-pro-nacht-4-pax\/#breadcrumb","itemListElement":[{"@type":"ListItem","position":1,"name":"Home","item":"https:\/\/www.campingreno.it\/de\/"},{"@type":"ListItem","position":2,"name":"Stellplatz Wohnmobil Adria Pfingsten"}]},{"@type":"WebSite","@id":"https:\/\/www.campingreno.it\/de\/#website","url":"https:\/\/www.campingreno.it\/de\/","name":"Camping Reno","description":"","publisher":{"@id":"https:\/\/www.campingreno.it\/de\/#organization"},"potentialAction":[{"@type":"SearchAction","target":{"@type":"EntryPoint","urlTemplate":"https:\/\/www.campingreno.it\/de\/?s={search_term_string}"},"query-input":{"@type":"PropertyValueSpecification","valueRequired":true,"valueName":"search_term_string"}}],"inLanguage":"de-DE"},{"@type":"Organization","@id":"https:\/\/www.campingreno.it\/de\/#organization","name":"Camping Reno","url":"https:\/\/www.campingreno.it\/de\/","logo":{"@type":"ImageObject","inLanguage":"de-DE","@id":"https:\/\/www.campingreno.it\/de\/#\/schema\/logo\/image\/","url":"https:\/\/www.campingreno.it\/wp-content\/uploads\/sites\/192\/2024\/12\/logo_reno-no-sfondo-2.png","contentUrl":"https:\/\/www.campingreno.it\/wp-content\/uploads\/sites\/192\/2024\/12\/logo_reno-no-sfondo-2.png","width":567,"height":286,"caption":"Camping Reno"},"image":{"@id":"https:\/\/www.campingreno.it\/de\/#\/schema\/logo\/image\/"},"sameAs":["https:\/\/facebook.com\/tomasitourism","https:\/\/instagram.com\/camping_reno"]}]}},"acf":[],"_links":{"self":[{"href":"https:\/\/www.campingreno.it\/de\/wp-json\/wp\/v2\/pages\/4340","targetHints":{"allow":["GET"]}}],"collection":[{"href":"https:\/\/www.campingreno.it\/de\/wp-json\/wp\/v2\/pages"}],"about":[{"href":"https:\/\/www.campingreno.it\/de\/wp-json\/wp\/v2\/types\/page"}],"author":[{"embeddable":true,"href":"https:\/\/www.campingreno.it\/de\/wp-json\/wp\/v2\/users\/212"}],"replies":[{"embeddable":true,"href":"https:\/\/www.campingreno.it\/de\/wp-json\/wp\/v2\/comments?post=4340"}],"version-history":[{"count":0,"href":"https:\/\/www.campingreno.it\/de\/wp-json\/wp\/v2\/pages\/4340\/revisions"}],"wp:featuredmedia":[{"embeddable":true,"href":"https:\/\/www.campingreno.it\/de\/wp-json\/wp\/v2\/media\/4348"}],"wp:attachment":[{"href":"https:\/\/www.campingreno.it\/de\/wp-json\/wp\/v2\/media?parent=4340"}],"curies":[{"name":"wp","href":"https:\/\/api.w.org\/{rel}","templated":true}]}}