   {"id":3394,"date":"2024-12-06T13:12:06","date_gmt":"2024-12-06T13:12:06","guid":{"rendered":"https:\/\/www.campingreno.it\/campeggio-emilia-romagna-sul-mare\/"},"modified":"2025-12-22T15:00:48","modified_gmt":"2025-12-22T15:00:48","slug":"campeggio-emilia-romagna-sul-mare","status":"publish","type":"page","link":"https:\/\/www.campingreno.it\/fr\/","title":{"rendered":"Camping Reno"},"content":{"rendered":"<p><strong>Simple et Essentiel | Camping \u00c9milie-Romagne en bord de mer<\/strong> \u00e0 Casal Borsetti, \u00e0 seulement <strong>5 km de Ravenne<\/strong>, c&rsquo;est le camping id\u00e9al pour les vrais passionn\u00e9s des vacances en plein air ! Plage de sable fin et fond en pente douce, <strong>id\u00e9al pour les familles avec enfants.<\/strong><\/p>\n<p>&nbsp;<\/p>\n<p>&nbsp;<\/p>\n<p><a href=\"https:\/\/www.campingreno.it\/fr\/camping-emilie-romagne-en-bord-de-mer-emplacements\/\"><strong>90 Emplacements de toutes tailles<\/strong><\/a>, bien \u00e9quip\u00e9s et ombrag\u00e9s par des arbres, des sanitaires, y compris des toilettes propres, des douches chaudes gratuites, des machines \u00e0 laver et des s\u00e8che-linge.<\/p>\n<p>&nbsp;<\/p>\n<p>&nbsp;<\/p>\n<p><a href=\"https:\/\/www.campingreno.it\/fr\/camping-en-emilie-romagne-au-bord-de-la-mer\/\"><strong>60 entre Bungalows, Mobil-homes et Tentes Glamping<\/strong><\/a> pour tous les go\u00fbts et pour toutes les bourses, qui peuvent accueillir <strong>de 2 \u00e0 6 personnes<\/strong> avec une surface allant de 20 \u00e0 40 m\u00b2. Place de parking r\u00e9serv\u00e9e pr\u00e8s de l&rsquo;h\u00e9bergement, Climatisation si pr\u00e9vue. Tous les h\u00e9bergements sont \u00e9quip\u00e9s d&rsquo;une terrasse couverte en bois.<\/p>\n<p>&nbsp;<\/p>\n<p><strong>Espaces communs pour la convivialit\u00e9, Petite Piscine Gratuite<\/strong>. Les activit\u00e9s ne manquent pas pour petits et grands, tels que des jeux en plein air et des animations pendant la saison estivale. Les h\u00f4tes peuvent profiter d&rsquo;une petite sup\u00e9rette pour les besoins quotidiens et d&rsquo;un bar\/restaurant o\u00f9 d\u00e9guster \u00e9galement des plats typiques.<\/p>\n<p>La situation du Camping Reno, Simple et Essentiel | <strong>Camping en \u00c9milie-Romagne en bord de mer<\/strong>, pour profiter de la mer et de sa plage pr\u00e9serv\u00e9e, est parfaite pour <strong>visiter <a href=\"https:\/\/www.visitravenna.it\/fr\">Ravenne<\/a><\/strong>, <a href=\"https:\/\/www.visitferrara.eu\/it\/\"><strong>Ferrare<\/strong>,<\/a> <a href=\"https:\/\/www.visitcomacchio.it\/it\/\"><strong>Comacchio<\/strong>,<\/a> <strong>Rimini et Saint-Marin<\/strong>, le<a href=\"https:\/\/www.parks.it\/parco.delta.po.er\/Findex.php\"><strong> Parc du Delta du P\u00f4<\/strong><\/a>, la Pin\u00e8de de San Vitale et la Piallassa riche en cabanes de p\u00eache au bilancione. \u00c0 quelques kilom\u00e8tres de Porto Corsini, Marina di Ravenna, Punta Marina Terme, Lido Adriano et Comacchio.<\/p>\n<p>&nbsp;<\/p>\n","protected":false},"excerpt":{"rendered":"<p>Simple et Essentiel | Camping \u00c9milie-Romagne en bord de mer \u00e0 Casal Borsetti, \u00e0 seulement 5 km de Ravenne, c&rsquo;est le camping id\u00e9al pour les vrais passionn\u00e9s des vacances en plein air ! Plage de sable fin et fond en pente douce, id\u00e9al pour les familles avec enfants. &nbsp; &nbsp; 90 Emplacements de toutes tailles, [&hellip;]<\/p>\n","protected":false},"author":34,"featured_media":4444,"parent":0,"menu_order":0,"comment_status":"closed","ping_status":"open","template":"","meta":{"footnotes":""},"yoast_head":"<!-- This site is optimized with the Yoast SEO plugin v22.3 - https:\/\/yoast.com\/wordpress\/plugins\/seo\/ -->\n<title>Camping en \u00c9milie-Romagne en bord de mer | Simple et Essentiel<\/title>\n<meta name=\"description\" content=\"Camping en \u00c9milie-Romagne en bord de mer, Simple et Essentiel, Camping Reno est le camping pour les vrais passionn\u00e9s des vacances en plein air!\" \/>\n<meta name=\"robots\" content=\"index, follow, max-snippet:-1, max-image-preview:large, max-video-preview:-1\" \/>\n<link rel=\"canonical\" href=\"https:\/\/www.campingreno.it\/fr\/\" \/>\n<meta property=\"og:locale\" content=\"fr_FR\" \/>\n<meta property=\"og:type\" content=\"article\" \/>\n<meta property=\"og:title\" content=\"Camping en \u00c9milie-Romagne en bord de mer | Simple et Essentiel\" \/>\n<meta property=\"og:description\" content=\"Camping en \u00c9milie-Romagne en bord de mer, Simple et Essentiel, Camping Reno est le camping pour les vrais passionn\u00e9s des vacances en plein air!\" \/>\n<meta property=\"og:url\" content=\"https:\/\/www.campingreno.it\/fr\/\" \/>\n<meta property=\"og:site_name\" content=\"Camping Reno\" \/>\n<meta property=\"article:publisher\" content=\"https:\/\/facebook.com\/tomasitourism\" \/>\n<meta property=\"article:modified_time\" content=\"2025-12-22T15:00:48+00:00\" \/>\n<meta property=\"og:image\" content=\"https:\/\/www.campingreno.it\/wp-content\/uploads\/sites\/192\/2025\/12\/c84c7392-ea45-4c53-ae30-a8663952741d-2.jpg\" \/>\n\t<meta property=\"og:image:width\" content=\"1079\" \/>\n\t<meta property=\"og:image:height\" content=\"604\" \/>\n\t<meta property=\"og:image:type\" content=\"image\/jpeg\" \/>\n<meta name=\"twitter:card\" content=\"summary_large_image\" \/>\n<meta name=\"twitter:label1\" content=\"Dur\u00e9e de lecture estim\u00e9e\" \/>\n\t<meta name=\"twitter:data1\" content=\"2 minutes\" \/>\n<script type=\"application\/ld+json\" class=\"yoast-schema-graph\">{\"@context\":\"https:\/\/schema.org\",\"@graph\":[{\"@type\":\"WebPage\",\"@id\":\"https:\/\/www.campingreno.it\/fr\/\",\"url\":\"https:\/\/www.campingreno.it\/fr\/\",\"name\":\"Camping en \u00c9milie-Romagne en bord de mer | Simple et Essentiel\",\"isPartOf\":{\"@id\":\"https:\/\/www.campingreno.it\/fr\/#website\"},\"primaryImageOfPage\":{\"@id\":\"https:\/\/www.campingreno.it\/fr\/#primaryimage\"},\"image\":{\"@id\":\"https:\/\/www.campingreno.it\/fr\/#primaryimage\"},\"thumbnailUrl\":\"https:\/\/www.campingreno.it\/wp-content\/uploads\/sites\/192\/2025\/12\/c84c7392-ea45-4c53-ae30-a8663952741d-2.jpg\",\"datePublished\":\"2024-12-06T13:12:06+00:00\",\"dateModified\":\"2025-12-22T15:00:48+00:00\",\"description\":\"Camping en \u00c9milie-Romagne en bord de mer, Simple et Essentiel, Camping Reno est le camping pour les vrais passionn\u00e9s des vacances en plein air!\",\"breadcrumb\":{\"@id\":\"https:\/\/www.campingreno.it\/fr\/#breadcrumb\"},\"inLanguage\":\"fr-FR\",\"potentialAction\":[{\"@type\":\"ReadAction\",\"target\":[\"https:\/\/www.campingreno.it\/fr\/\"]}]},{\"@type\":\"ImageObject\",\"inLanguage\":\"fr-FR\",\"@id\":\"https:\/\/www.campingreno.it\/fr\/#primaryimage\",\"url\":\"https:\/\/www.campingreno.it\/wp-content\/uploads\/sites\/192\/2025\/12\/c84c7392-ea45-4c53-ae30-a8663952741d-2.jpg\",\"contentUrl\":\"https:\/\/www.campingreno.it\/wp-content\/uploads\/sites\/192\/2025\/12\/c84c7392-ea45-4c53-ae30-a8663952741d-2.jpg\",\"width\":1079,\"height\":604,\"caption\":\"Simple et Essentiel | Camping en \u00c9milie-Romagne en bord de mer.\"},{\"@type\":\"BreadcrumbList\",\"@id\":\"https:\/\/www.campingreno.it\/fr\/#breadcrumb\",\"itemListElement\":[{\"@type\":\"ListItem\",\"position\":1,\"name\":\"Home\",\"item\":\"https:\/\/www.campingreno.it\/fr\/\"},{\"@type\":\"ListItem\",\"position\":2,\"name\":\"Camping Reno\"}]},{\"@type\":\"WebSite\",\"@id\":\"https:\/\/www.campingreno.it\/fr\/#website\",\"url\":\"https:\/\/www.campingreno.it\/fr\/\",\"name\":\"Camping Reno\",\"description\":\"\",\"publisher\":{\"@id\":\"https:\/\/www.campingreno.it\/fr\/#organization\"},\"potentialAction\":[{\"@type\":\"SearchAction\",\"target\":{\"@type\":\"EntryPoint\",\"urlTemplate\":\"https:\/\/www.campingreno.it\/fr\/?s={search_term_string}\"},\"query-input\":\"required name=search_term_string\"}],\"inLanguage\":\"fr-FR\"},{\"@type\":\"Organization\",\"@id\":\"https:\/\/www.campingreno.it\/fr\/#organization\",\"name\":\"Camping Reno\",\"url\":\"https:\/\/www.campingreno.it\/fr\/\",\"logo\":{\"@type\":\"ImageObject\",\"inLanguage\":\"fr-FR\",\"@id\":\"https:\/\/www.campingreno.it\/fr\/#\/schema\/logo\/image\/\",\"url\":\"https:\/\/www.campingreno.it\/wp-content\/uploads\/sites\/192\/2024\/12\/logo_reno-no-sfondo-2.png\",\"contentUrl\":\"https:\/\/www.campingreno.it\/wp-content\/uploads\/sites\/192\/2024\/12\/logo_reno-no-sfondo-2.png\",\"width\":567,\"height\":286,\"caption\":\"Camping Reno\"},\"image\":{\"@id\":\"https:\/\/www.campingreno.it\/fr\/#\/schema\/logo\/image\/\"},\"sameAs\":[\"https:\/\/facebook.com\/tomasitourism\",\"https:\/\/instagram.com\/camping_reno\"]}]}<\/script>\n<!-- \/ Yoast SEO plugin. -->","yoast_head_json":{"title":"Camping en \u00c9milie-Romagne en bord de mer | Simple et Essentiel","description":"Camping en \u00c9milie-Romagne en bord de mer, Simple et Essentiel, Camping Reno est le camping pour les vrais passionn\u00e9s des vacances en plein air!","robots":{"index":"index","follow":"follow","max-snippet":"max-snippet:-1","max-image-preview":"max-image-preview:large","max-video-preview":"max-video-preview:-1"},"canonical":"https:\/\/www.campingreno.it\/fr\/","og_locale":"fr_FR","og_type":"article","og_title":"Camping en \u00c9milie-Romagne en bord de mer | Simple et Essentiel","og_description":"Camping en \u00c9milie-Romagne en bord de mer, Simple et Essentiel, Camping Reno est le camping pour les vrais passionn\u00e9s des vacances en plein air!","og_url":"https:\/\/www.campingreno.it\/fr\/","og_site_name":"Camping Reno","article_publisher":"https:\/\/facebook.com\/tomasitourism","article_modified_time":"2025-12-22T15:00:48+00:00","og_image":[{"width":1079,"height":604,"url":"https:\/\/www.campingreno.it\/wp-content\/uploads\/sites\/192\/2025\/12\/c84c7392-ea45-4c53-ae30-a8663952741d-2.jpg","type":"image\/jpeg"}],"twitter_card":"summary_large_image","twitter_misc":{"Dur\u00e9e de lecture estim\u00e9e":"2 minutes"},"schema":{"@context":"https:\/\/schema.org","@graph":[{"@type":"WebPage","@id":"https:\/\/www.campingreno.it\/fr\/","url":"https:\/\/www.campingreno.it\/fr\/","name":"Camping en \u00c9milie-Romagne en bord de mer | Simple et Essentiel","isPartOf":{"@id":"https:\/\/www.campingreno.it\/fr\/#website"},"primaryImageOfPage":{"@id":"https:\/\/www.campingreno.it\/fr\/#primaryimage"},"image":{"@id":"https:\/\/www.campingreno.it\/fr\/#primaryimage"},"thumbnailUrl":"https:\/\/www.campingreno.it\/wp-content\/uploads\/sites\/192\/2025\/12\/c84c7392-ea45-4c53-ae30-a8663952741d-2.jpg","datePublished":"2024-12-06T13:12:06+00:00","dateModified":"2025-12-22T15:00:48+00:00","description":"Camping en \u00c9milie-Romagne en bord de mer, Simple et Essentiel, Camping Reno est le camping pour les vrais passionn\u00e9s des vacances en plein air!","breadcrumb":{"@id":"https:\/\/www.campingreno.it\/fr\/#breadcrumb"},"inLanguage":"fr-FR","potentialAction":[{"@type":"ReadAction","target":["https:\/\/www.campingreno.it\/fr\/"]}]},{"@type":"ImageObject","inLanguage":"fr-FR","@id":"https:\/\/www.campingreno.it\/fr\/#primaryimage","url":"https:\/\/www.campingreno.it\/wp-content\/uploads\/sites\/192\/2025\/12\/c84c7392-ea45-4c53-ae30-a8663952741d-2.jpg","contentUrl":"https:\/\/www.campingreno.it\/wp-content\/uploads\/sites\/192\/2025\/12\/c84c7392-ea45-4c53-ae30-a8663952741d-2.jpg","width":1079,"height":604,"caption":"Simple et Essentiel | Camping en \u00c9milie-Romagne en bord de mer."},{"@type":"BreadcrumbList","@id":"https:\/\/www.campingreno.it\/fr\/#breadcrumb","itemListElement":[{"@type":"ListItem","position":1,"name":"Home","item":"https:\/\/www.campingreno.it\/fr\/"},{"@type":"ListItem","position":2,"name":"Camping Reno"}]},{"@type":"WebSite","@id":"https:\/\/www.campingreno.it\/fr\/#website","url":"https:\/\/www.campingreno.it\/fr\/","name":"Camping Reno","description":"","publisher":{"@id":"https:\/\/www.campingreno.it\/fr\/#organization"},"potentialAction":[{"@type":"SearchAction","target":{"@type":"EntryPoint","urlTemplate":"https:\/\/www.campingreno.it\/fr\/?s={search_term_string}"},"query-input":"required name=search_term_string"}],"inLanguage":"fr-FR"},{"@type":"Organization","@id":"https:\/\/www.campingreno.it\/fr\/#organization","name":"Camping Reno","url":"https:\/\/www.campingreno.it\/fr\/","logo":{"@type":"ImageObject","inLanguage":"fr-FR","@id":"https:\/\/www.campingreno.it\/fr\/#\/schema\/logo\/image\/","url":"https:\/\/www.campingreno.it\/wp-content\/uploads\/sites\/192\/2024\/12\/logo_reno-no-sfondo-2.png","contentUrl":"https:\/\/www.campingreno.it\/wp-content\/uploads\/sites\/192\/2024\/12\/logo_reno-no-sfondo-2.png","width":567,"height":286,"caption":"Camping Reno"},"image":{"@id":"https:\/\/www.campingreno.it\/fr\/#\/schema\/logo\/image\/"},"sameAs":["https:\/\/facebook.com\/tomasitourism","https:\/\/instagram.com\/camping_reno"]}]}},"acf":[],"_links":{"self":[{"href":"https:\/\/www.campingreno.it\/fr\/wp-json\/wp\/v2\/pages\/3394"}],"collection":[{"href":"https:\/\/www.campingreno.it\/fr\/wp-json\/wp\/v2\/pages"}],"about":[{"href":"https:\/\/www.campingreno.it\/fr\/wp-json\/wp\/v2\/types\/page"}],"author":[{"embeddable":true,"href":"https:\/\/www.campingreno.it\/fr\/wp-json\/wp\/v2\/users\/34"}],"replies":[{"embeddable":true,"href":"https:\/\/www.campingreno.it\/fr\/wp-json\/wp\/v2\/comments?post=3394"}],"version-history":[{"count":0,"href":"https:\/\/www.campingreno.it\/fr\/wp-json\/wp\/v2\/pages\/3394\/revisions"}],"wp:featuredmedia":[{"embeddable":true,"href":"https:\/\/www.campingreno.it\/fr\/wp-json\/wp\/v2\/media\/4444"}],"wp:attachment":[{"href":"https:\/\/www.campingreno.it\/fr\/wp-json\/wp\/v2\/media?parent=3394"}],"curies":[{"name":"wp","href":"https:\/\/api.w.org\/{rel}","templated":true}]}}