   {"id":3405,"date":"2025-02-07T13:40:28","date_gmt":"2025-02-07T13:40:28","guid":{"rendered":"https:\/\/www.campingreno.it\/camping-en-emilie-romagne-au-bord-de-la-mer\/mobilhome-luxury-lodge\/"},"modified":"2025-12-11T09:57:11","modified_gmt":"2025-12-11T09:57:11","slug":"mobilhome-luxury-lodge","status":"publish","type":"page","link":"https:\/\/www.campingreno.it\/fr\/camping-en-emilie-romagne-au-bord-de-la-mer\/mobilhome-luxury-lodge\/","title":{"rendered":"Mobilhome \u00ab\u00a0Luxury Lodge\u00a0\u00bb"},"content":{"rendered":"<p><strong>Camping en \u00c9milie-Romagne avec mobil-homes<\/strong><\/p>\n<p>&nbsp;<\/p>\n<p><strong>(TV satellite |\u00a0 Coffre-fort | S\u00e8che-cheveux | <a href=\"https:\/\/www.campingreno.it\/fr\/camping-ravenne-italie-chiens-admis\/\">Animaux admis<\/a> &#8211; voir r\u00e8glement)<\/strong><\/p>\n<p>&nbsp;<\/p>\n<p><strong>Int\u00e9rieur &#8211; 2 chambres:<\/strong> 1 chambre avec lit double, 1 chambre avec 2 lits simples, Coin cuisine luxueux et \u00e9quip\u00e9, enti\u00e8rement \u00e9quip\u00e9 en vaisselle, S\u00e9jour avec canap\u00e9 convertible en lit simple,<br \/>\n2 salles de bain avec WC et douche, dont une avec bidet.<\/p>\n<p>&nbsp;<\/p>\n<p><strong>Ext\u00e9rieur:<\/strong> V\u00e9randa en bois couverte et meubl\u00e9e avec tables et chaises, Place de parking pr\u00e8s de l&rsquo;h\u00e9bergement.<\/p>\n<p>&nbsp;<\/p>\n<p><strong>Demandez d\u00e8s maintenant un devis SANS ENGAGEMENT<\/strong> pour la nouvelle Mobil-home Luxury Lodge \u00e0 Casalborsetti, en remplissant le formulaire, pour vos vacances directement en bord de mer avec votre famille ou vos amis, au Camping Reno, <strong>Camping en \u00c9milie-Romagne avec mobil-homes<\/strong>, directement en bord de mer, avec sable fin et fond marin en pente douce, <strong>un camping simple et essentiel pour les vrais campeurs.<\/strong><br \/>\nNous vous enverrons la bonne proposition dans les 6 heures ouvr\u00e9es.<\/p>\n<p>&nbsp;<\/p>\n<p><a href=\"https:\/\/www.scidoo.com\/preventivov2\/?cod=1209&amp;dataarr=2025-09-21&amp;notti=7&amp;adult=2&amp;children=&amp;IDsotto_struttura=607&amp;lang=3&amp;structure_type=0&amp;promocode=\"><strong>V\u00c9RIFIEZ LES DISPONIBILIT\u00c9S ET R\u00c9SERVEZ MAINTENANT\u00a0<\/strong><\/a><\/p>\n<p>&nbsp;<\/p>\n<p><strong>LES PRIX INCLUENT :<\/strong><\/p>\n<ul>\n<li>Le nombre de personnes indiqu\u00e9 dans la description.<\/li>\n<li>Une place de parking \u00e0 proximit\u00e9 de l&rsquo;h\u00e9bergement.<\/li>\n<li>L&rsquo;acc\u00e8s direct \u00e0 la plage libre.<\/li>\n<li>La climatisation pour les types Vip Lodge, Luxury, Air Lodge et Casalborsetti.<\/li>\n<li>L&rsquo;acc\u00e8s \u00e0 la piscine : transats disponibles jusqu&rsquo;\u00e0 \u00e9puisement (juin-ao\u00fbt), bonnet de bain non obligatoire.<\/li>\n<li>La TV SAT (\u00e0 l&rsquo;exception du type Classic).<\/li>\n<li>Les charges et la vaisselle.<\/li>\n<li>L&rsquo;animation pour petits et grands (juillet-ao\u00fbt).<\/li>\n<li>L&rsquo;espace sportif : beach-volley, raquettes de plage, p\u00e9tanque, tirs libres de basket, ping-pong.<\/li>\n<li>TVA 10%, sauf modifications de la TVA.<\/li>\n<\/ul>\n<p>&nbsp;<\/p>\n<p><strong>LES PRIX N&rsquo;INCLUENT PAS :<\/strong><\/p>\n<ul>\n<li>La climatisation pour les types Chalet et Bungalow, disponible en suppl\u00e9ment (NB : la climatisation n&rsquo;est pas pr\u00e9vue pour le type Classic) (\u20ac 35 le forfait de 35h).<\/li>\n<li>La taxe de s\u00e9jour.<\/li>\n<li>Le linge de lit simple : 11 \u20ac.<\/li>\n<li>Le linge de lit double : 17 \u20ac.<\/li>\n<li>Le linge de toilette : 7,5 \u20ac.<\/li>\n<li>Le d\u00e9p\u00f4t de garantie : 100 \u20ac.<\/li>\n<li>La location de parasols et transats sur la plage.<\/li>\n<\/ul>\n<p>&nbsp;<\/p>\n<p><strong>SERVICES SUPPL\u00c9MENTAIRES (SUR R\u00c9SERVATION ou \u00e0 demander sur place, selon disponibilit\u00e9) :<\/strong><\/p>\n<ul>\n<li>Linge de lit et de toilette, climatisation (si pr\u00e9sente),<\/li>\n<li>location de parasols et transats sur la plage,<\/li>\n<li>cellule r\u00e9frig\u00e9r\u00e9e et cong\u00e9lateur avec cl\u00e9,<\/li>\n<li>location de v\u00e9los \u00e9quip\u00e9s de casque et si\u00e8ge enfant.<\/li>\n<\/ul>\n<p>&nbsp;<\/p>\n<p>Les h\u00e9bergements doivent \u00eatre rendus propres et rang\u00e9s. Dans le cas contraire, le d\u00e9p\u00f4t de garantie sera retenu. L&rsquo;arriv\u00e9e se fait apr\u00e8s 17h00 ; le d\u00e9part avant 10h00. Le solde de l&rsquo;int\u00e9gralit\u00e9 du s\u00e9jour est \u00e0 r\u00e9gler \u00e0 l&rsquo;arriv\u00e9e.<\/p>\n<p>&nbsp;<\/p>\n","protected":false},"excerpt":{"rendered":"<p>Camping en \u00c9milie-Romagne avec mobil-homes &nbsp; (TV satellite |\u00a0 Coffre-fort | S\u00e8che-cheveux | Animaux admis &#8211; voir r\u00e8glement) &nbsp; Int\u00e9rieur &#8211; 2 chambres: 1 chambre avec lit double, 1 chambre avec 2 lits simples, Coin cuisine luxueux et \u00e9quip\u00e9, enti\u00e8rement \u00e9quip\u00e9 en vaisselle, S\u00e9jour avec canap\u00e9 convertible en lit simple, 2 salles de bain avec [&hellip;]<\/p>\n","protected":false},"author":13,"featured_media":4260,"parent":3398,"menu_order":10,"comment_status":"closed","ping_status":"closed","template":"template-bungalow.php","meta":{"footnotes":""},"yoast_head":"<!-- This site is optimized with the Yoast SEO plugin v22.3 - https:\/\/yoast.com\/wordpress\/plugins\/seo\/ -->\n<title>Camping en \u00c9milie-Romagne avec mobil-homes | Mobilhome &quot;Luxury Lodge&quot;<\/title>\n<meta name=\"description\" content=\"D\u00e9couvrez la nouvelle Mobil-home Luxury Lodge du Camping Reno, Camping en \u00c9milie-Romagne avec mobil-homes, demandez un devis et R\u00e9servez!\" \/>\n<meta name=\"robots\" content=\"index, follow, max-snippet:-1, max-image-preview:large, max-video-preview:-1\" \/>\n<link rel=\"canonical\" href=\"https:\/\/www.campingreno.it\/fr\/camping-en-emilie-romagne-au-bord-de-la-mer\/mobilhome-luxury-lodge\/\" \/>\n<meta property=\"og:locale\" content=\"fr_FR\" \/>\n<meta property=\"og:type\" content=\"article\" \/>\n<meta property=\"og:title\" content=\"Camping en \u00c9milie-Romagne avec mobil-homes | Mobilhome &quot;Luxury Lodge&quot;\" \/>\n<meta property=\"og:description\" content=\"D\u00e9couvrez la nouvelle Mobil-home Luxury Lodge du Camping Reno, Camping en \u00c9milie-Romagne avec mobil-homes, demandez un devis et R\u00e9servez!\" \/>\n<meta property=\"og:url\" content=\"https:\/\/www.campingreno.it\/fr\/camping-en-emilie-romagne-au-bord-de-la-mer\/mobilhome-luxury-lodge\/\" \/>\n<meta property=\"og:site_name\" content=\"Camping Reno\" \/>\n<meta property=\"article:publisher\" content=\"https:\/\/facebook.com\/tomasitourism\" \/>\n<meta property=\"article:modified_time\" content=\"2025-12-11T09:57:11+00:00\" \/>\n<meta property=\"og:image\" content=\"https:\/\/www.campingreno.it\/wp-content\/uploads\/sites\/192\/2025\/12\/mobilhome-luxury-lodge-13-1.jpg\" \/>\n\t<meta property=\"og:image:width\" content=\"1600\" \/>\n\t<meta property=\"og:image:height\" content=\"1200\" \/>\n\t<meta property=\"og:image:type\" content=\"image\/jpeg\" \/>\n<meta name=\"twitter:card\" content=\"summary_large_image\" \/>\n<meta name=\"twitter:label1\" content=\"Dur\u00e9e de lecture estim\u00e9e\" \/>\n\t<meta name=\"twitter:data1\" content=\"3 minutes\" \/>\n<script type=\"application\/ld+json\" class=\"yoast-schema-graph\">{\"@context\":\"https:\/\/schema.org\",\"@graph\":[{\"@type\":\"WebPage\",\"@id\":\"https:\/\/www.campingreno.it\/fr\/camping-en-emilie-romagne-au-bord-de-la-mer\/mobilhome-luxury-lodge\/\",\"url\":\"https:\/\/www.campingreno.it\/fr\/camping-en-emilie-romagne-au-bord-de-la-mer\/mobilhome-luxury-lodge\/\",\"name\":\"Camping en \u00c9milie-Romagne avec mobil-homes | Mobilhome \\\"Luxury Lodge\\\"\",\"isPartOf\":{\"@id\":\"https:\/\/www.campingreno.it\/fr\/#website\"},\"primaryImageOfPage\":{\"@id\":\"https:\/\/www.campingreno.it\/fr\/camping-en-emilie-romagne-au-bord-de-la-mer\/mobilhome-luxury-lodge\/#primaryimage\"},\"image\":{\"@id\":\"https:\/\/www.campingreno.it\/fr\/camping-en-emilie-romagne-au-bord-de-la-mer\/mobilhome-luxury-lodge\/#primaryimage\"},\"thumbnailUrl\":\"https:\/\/www.campingreno.it\/wp-content\/uploads\/sites\/192\/2025\/12\/mobilhome-luxury-lodge-13-1.jpg\",\"datePublished\":\"2025-02-07T13:40:28+00:00\",\"dateModified\":\"2025-12-11T09:57:11+00:00\",\"description\":\"D\u00e9couvrez la nouvelle Mobil-home Luxury Lodge du Camping Reno, Camping en \u00c9milie-Romagne avec mobil-homes, demandez un devis et R\u00e9servez!\",\"breadcrumb\":{\"@id\":\"https:\/\/www.campingreno.it\/fr\/camping-en-emilie-romagne-au-bord-de-la-mer\/mobilhome-luxury-lodge\/#breadcrumb\"},\"inLanguage\":\"fr-FR\",\"potentialAction\":[{\"@type\":\"ReadAction\",\"target\":[\"https:\/\/www.campingreno.it\/fr\/camping-en-emilie-romagne-au-bord-de-la-mer\/mobilhome-luxury-lodge\/\"]}]},{\"@type\":\"ImageObject\",\"inLanguage\":\"fr-FR\",\"@id\":\"https:\/\/www.campingreno.it\/fr\/camping-en-emilie-romagne-au-bord-de-la-mer\/mobilhome-luxury-lodge\/#primaryimage\",\"url\":\"https:\/\/www.campingreno.it\/wp-content\/uploads\/sites\/192\/2025\/12\/mobilhome-luxury-lodge-13-1.jpg\",\"contentUrl\":\"https:\/\/www.campingreno.it\/wp-content\/uploads\/sites\/192\/2025\/12\/mobilhome-luxury-lodge-13-1.jpg\",\"width\":1600,\"height\":1200,\"caption\":\"Camping en \u00c9milie-Romagne avec mobil-homes | Mobilhome \\\"Luxury Lodge\\\"\"},{\"@type\":\"BreadcrumbList\",\"@id\":\"https:\/\/www.campingreno.it\/fr\/camping-en-emilie-romagne-au-bord-de-la-mer\/mobilhome-luxury-lodge\/#breadcrumb\",\"itemListElement\":[{\"@type\":\"ListItem\",\"position\":1,\"name\":\"Home\",\"item\":\"https:\/\/www.campingreno.it\/fr\/\"},{\"@type\":\"ListItem\",\"position\":2,\"name\":\"Logements\",\"item\":\"https:\/\/www.campingreno.it\/fr\/camping-en-emilie-romagne-au-bord-de-la-mer\/\"},{\"@type\":\"ListItem\",\"position\":3,\"name\":\"Mobilhome &#8220;Luxury Lodge&#8221;\"}]},{\"@type\":\"WebSite\",\"@id\":\"https:\/\/www.campingreno.it\/fr\/#website\",\"url\":\"https:\/\/www.campingreno.it\/fr\/\",\"name\":\"Camping Reno\",\"description\":\"\",\"publisher\":{\"@id\":\"https:\/\/www.campingreno.it\/fr\/#organization\"},\"potentialAction\":[{\"@type\":\"SearchAction\",\"target\":{\"@type\":\"EntryPoint\",\"urlTemplate\":\"https:\/\/www.campingreno.it\/fr\/?s={search_term_string}\"},\"query-input\":\"required name=search_term_string\"}],\"inLanguage\":\"fr-FR\"},{\"@type\":\"Organization\",\"@id\":\"https:\/\/www.campingreno.it\/fr\/#organization\",\"name\":\"Camping Reno\",\"url\":\"https:\/\/www.campingreno.it\/fr\/\",\"logo\":{\"@type\":\"ImageObject\",\"inLanguage\":\"fr-FR\",\"@id\":\"https:\/\/www.campingreno.it\/fr\/#\/schema\/logo\/image\/\",\"url\":\"https:\/\/www.campingreno.it\/wp-content\/uploads\/sites\/192\/2024\/12\/logo_reno-no-sfondo-2.png\",\"contentUrl\":\"https:\/\/www.campingreno.it\/wp-content\/uploads\/sites\/192\/2024\/12\/logo_reno-no-sfondo-2.png\",\"width\":567,\"height\":286,\"caption\":\"Camping Reno\"},\"image\":{\"@id\":\"https:\/\/www.campingreno.it\/fr\/#\/schema\/logo\/image\/\"},\"sameAs\":[\"https:\/\/facebook.com\/tomasitourism\",\"https:\/\/instagram.com\/camping_reno\"]}]}<\/script>\n<!-- \/ Yoast SEO plugin. -->","yoast_head_json":{"title":"Camping en \u00c9milie-Romagne avec mobil-homes | Mobilhome \"Luxury Lodge\"","description":"D\u00e9couvrez la nouvelle Mobil-home Luxury Lodge du Camping Reno, Camping en \u00c9milie-Romagne avec mobil-homes, demandez un devis et R\u00e9servez!","robots":{"index":"index","follow":"follow","max-snippet":"max-snippet:-1","max-image-preview":"max-image-preview:large","max-video-preview":"max-video-preview:-1"},"canonical":"https:\/\/www.campingreno.it\/fr\/camping-en-emilie-romagne-au-bord-de-la-mer\/mobilhome-luxury-lodge\/","og_locale":"fr_FR","og_type":"article","og_title":"Camping en \u00c9milie-Romagne avec mobil-homes | Mobilhome \"Luxury Lodge\"","og_description":"D\u00e9couvrez la nouvelle Mobil-home Luxury Lodge du Camping Reno, Camping en \u00c9milie-Romagne avec mobil-homes, demandez un devis et R\u00e9servez!","og_url":"https:\/\/www.campingreno.it\/fr\/camping-en-emilie-romagne-au-bord-de-la-mer\/mobilhome-luxury-lodge\/","og_site_name":"Camping Reno","article_publisher":"https:\/\/facebook.com\/tomasitourism","article_modified_time":"2025-12-11T09:57:11+00:00","og_image":[{"width":1600,"height":1200,"url":"https:\/\/www.campingreno.it\/wp-content\/uploads\/sites\/192\/2025\/12\/mobilhome-luxury-lodge-13-1.jpg","type":"image\/jpeg"}],"twitter_card":"summary_large_image","twitter_misc":{"Dur\u00e9e de lecture estim\u00e9e":"3 minutes"},"schema":{"@context":"https:\/\/schema.org","@graph":[{"@type":"WebPage","@id":"https:\/\/www.campingreno.it\/fr\/camping-en-emilie-romagne-au-bord-de-la-mer\/mobilhome-luxury-lodge\/","url":"https:\/\/www.campingreno.it\/fr\/camping-en-emilie-romagne-au-bord-de-la-mer\/mobilhome-luxury-lodge\/","name":"Camping en \u00c9milie-Romagne avec mobil-homes | Mobilhome \"Luxury Lodge\"","isPartOf":{"@id":"https:\/\/www.campingreno.it\/fr\/#website"},"primaryImageOfPage":{"@id":"https:\/\/www.campingreno.it\/fr\/camping-en-emilie-romagne-au-bord-de-la-mer\/mobilhome-luxury-lodge\/#primaryimage"},"image":{"@id":"https:\/\/www.campingreno.it\/fr\/camping-en-emilie-romagne-au-bord-de-la-mer\/mobilhome-luxury-lodge\/#primaryimage"},"thumbnailUrl":"https:\/\/www.campingreno.it\/wp-content\/uploads\/sites\/192\/2025\/12\/mobilhome-luxury-lodge-13-1.jpg","datePublished":"2025-02-07T13:40:28+00:00","dateModified":"2025-12-11T09:57:11+00:00","description":"D\u00e9couvrez la nouvelle Mobil-home Luxury Lodge du Camping Reno, Camping en \u00c9milie-Romagne avec mobil-homes, demandez un devis et R\u00e9servez!","breadcrumb":{"@id":"https:\/\/www.campingreno.it\/fr\/camping-en-emilie-romagne-au-bord-de-la-mer\/mobilhome-luxury-lodge\/#breadcrumb"},"inLanguage":"fr-FR","potentialAction":[{"@type":"ReadAction","target":["https:\/\/www.campingreno.it\/fr\/camping-en-emilie-romagne-au-bord-de-la-mer\/mobilhome-luxury-lodge\/"]}]},{"@type":"ImageObject","inLanguage":"fr-FR","@id":"https:\/\/www.campingreno.it\/fr\/camping-en-emilie-romagne-au-bord-de-la-mer\/mobilhome-luxury-lodge\/#primaryimage","url":"https:\/\/www.campingreno.it\/wp-content\/uploads\/sites\/192\/2025\/12\/mobilhome-luxury-lodge-13-1.jpg","contentUrl":"https:\/\/www.campingreno.it\/wp-content\/uploads\/sites\/192\/2025\/12\/mobilhome-luxury-lodge-13-1.jpg","width":1600,"height":1200,"caption":"Camping en \u00c9milie-Romagne avec mobil-homes | Mobilhome \"Luxury Lodge\""},{"@type":"BreadcrumbList","@id":"https:\/\/www.campingreno.it\/fr\/camping-en-emilie-romagne-au-bord-de-la-mer\/mobilhome-luxury-lodge\/#breadcrumb","itemListElement":[{"@type":"ListItem","position":1,"name":"Home","item":"https:\/\/www.campingreno.it\/fr\/"},{"@type":"ListItem","position":2,"name":"Logements","item":"https:\/\/www.campingreno.it\/fr\/camping-en-emilie-romagne-au-bord-de-la-mer\/"},{"@type":"ListItem","position":3,"name":"Mobilhome &#8220;Luxury Lodge&#8221;"}]},{"@type":"WebSite","@id":"https:\/\/www.campingreno.it\/fr\/#website","url":"https:\/\/www.campingreno.it\/fr\/","name":"Camping Reno","description":"","publisher":{"@id":"https:\/\/www.campingreno.it\/fr\/#organization"},"potentialAction":[{"@type":"SearchAction","target":{"@type":"EntryPoint","urlTemplate":"https:\/\/www.campingreno.it\/fr\/?s={search_term_string}"},"query-input":"required name=search_term_string"}],"inLanguage":"fr-FR"},{"@type":"Organization","@id":"https:\/\/www.campingreno.it\/fr\/#organization","name":"Camping Reno","url":"https:\/\/www.campingreno.it\/fr\/","logo":{"@type":"ImageObject","inLanguage":"fr-FR","@id":"https:\/\/www.campingreno.it\/fr\/#\/schema\/logo\/image\/","url":"https:\/\/www.campingreno.it\/wp-content\/uploads\/sites\/192\/2024\/12\/logo_reno-no-sfondo-2.png","contentUrl":"https:\/\/www.campingreno.it\/wp-content\/uploads\/sites\/192\/2024\/12\/logo_reno-no-sfondo-2.png","width":567,"height":286,"caption":"Camping Reno"},"image":{"@id":"https:\/\/www.campingreno.it\/fr\/#\/schema\/logo\/image\/"},"sameAs":["https:\/\/facebook.com\/tomasitourism","https:\/\/instagram.com\/camping_reno"]}]}},"acf":[],"_links":{"self":[{"href":"https:\/\/www.campingreno.it\/fr\/wp-json\/wp\/v2\/pages\/3405"}],"collection":[{"href":"https:\/\/www.campingreno.it\/fr\/wp-json\/wp\/v2\/pages"}],"about":[{"href":"https:\/\/www.campingreno.it\/fr\/wp-json\/wp\/v2\/types\/page"}],"author":[{"embeddable":true,"href":"https:\/\/www.campingreno.it\/fr\/wp-json\/wp\/v2\/users\/13"}],"replies":[{"embeddable":true,"href":"https:\/\/www.campingreno.it\/fr\/wp-json\/wp\/v2\/comments?post=3405"}],"version-history":[{"count":0,"href":"https:\/\/www.campingreno.it\/fr\/wp-json\/wp\/v2\/pages\/3405\/revisions"}],"up":[{"embeddable":true,"href":"https:\/\/www.campingreno.it\/fr\/wp-json\/wp\/v2\/pages\/3398"}],"wp:featuredmedia":[{"embeddable":true,"href":"https:\/\/www.campingreno.it\/fr\/wp-json\/wp\/v2\/media\/4260"}],"wp:attachment":[{"href":"https:\/\/www.campingreno.it\/fr\/wp-json\/wp\/v2\/media?parent=3405"}],"curies":[{"name":"wp","href":"https:\/\/api.w.org\/{rel}","templated":true}]}}