   {"id":3434,"date":"2025-02-08T08:23:24","date_gmt":"2025-02-08T08:23:24","guid":{"rendered":"https:\/\/www.campingreno.it\/camping-en-emilie-romagne-au-bord-de-la-mer\/bungalow-superior-easy-sleep-lidi-di-ravenna\/"},"modified":"2025-12-19T14:48:51","modified_gmt":"2025-12-19T14:48:51","slug":"bungalow-lidi-di-ravenna-superior-easy-sleep","status":"publish","type":"page","link":"https:\/\/www.campingreno.it\/fr\/camping-en-emilie-romagne-au-bord-de-la-mer\/bungalow-lidi-di-ravenna-superior-easy-sleep\/","title":{"rendered":"Bungalow Lidi di Ravenna \u00ab\u00a0Superior Easy Sleep\u00a0\u00bb"},"content":{"rendered":"<p><strong>Camping \u00e9conomique \u00c9milie-Romagne<\/strong><\/p>\n<p>&nbsp;<\/p>\n<p><strong>(<a href=\"https:\/\/www.campingreno.it\/fr\/camping-ravenne-italie-chiens-admis\/\">Animaux accept\u00e9s<\/a> &#8211; voir r\u00e8glement)<\/strong><\/p>\n<p>&nbsp;<\/p>\n<p>Ce studio comprend 1 chambre avec un lit double et un s\u00e9jour avec un coin cuisine \u00e9quip\u00e9 (vaisselle incluse).<\/p>\n<p>Cette cat\u00e9gorie de bungalow ne dispose pas de salle de bain priv\u00e9e. Les sanitaires centralis\u00e9s, \u00e9quip\u00e9s de douches chaudes gratuites, sont tr\u00e8s proches des structures.<\/p>\n<p>&nbsp;<\/p>\n<p><strong>\u00c9quipements :<\/strong><\/p>\n<ul>\n<li>TV satellite<\/li>\n<li>Climatisation (payante)<\/li>\n<li>Animaux admis (voir r\u00e8glement int\u00e9rieur)<\/li>\n<\/ul>\n<p>&nbsp;<\/p>\n<p><strong>Ext\u00e9rieur :<\/strong><\/p>\n<ul>\n<li>V\u00e9randa am\u00e9nag\u00e9e avec tables et chaises.<\/li>\n<li>Place de parking \u00e0 proximit\u00e9 de l&rsquo;h\u00e9bergement.<\/li>\n<\/ul>\n<p>&nbsp;<\/p>\n<p><strong>Demandez votre devis sans engagement !<\/strong><br \/>\nRecevez d\u00e8s maintenant votre devis SANS ENGAGEMENT pour le Bungalow Superior Easy Sleep au Camping Reno,\u00a0 <strong>Camping \u00e9conomique \u00c9milie-Romagne<\/strong>. Il suffit de remplir le formulaire pour organiser vos vacances directement en bord de mer, en famille ou entre amis, au Camping Reno.<\/p>\n<p>Notre camping \u00e0 Casal Borsetti, en \u00c9milie-Romagne, est situ\u00e9 directement sur la mer, <strong>avec une plage de sable fin et un fond marin en pente douce<\/strong>. <strong>C&rsquo;est un camping simple et essentiel, id\u00e9al pour les vrais campeurs<\/strong>.<\/p>\n<p>Nous vous enverrons une proposition adapt\u00e9e sous 6 heures ouvrables.<\/p>\n<p>&nbsp;<\/p>\n<p><a href=\"https:\/\/www.scidoo.com\/preventivov2\/?cod=1209&amp;dataarr=2025-09-21&amp;notti=7&amp;adult=2&amp;children=&amp;IDsotto_struttura=607&amp;lang=3&amp;structure_type=0&amp;promocode=\"><strong>V\u00e9rifiez les disponibilit\u00e9s et r\u00e9servez en ligne<\/strong><\/a><\/p>\n<p>&nbsp;<\/p>\n<p><strong>LES PRIX INCLUENT :<\/strong><\/p>\n<ul>\n<li>Le nombre de personnes indiqu\u00e9 dans la description.<\/li>\n<li>Une place de parking \u00e0 proximit\u00e9 de l&rsquo;h\u00e9bergement.<\/li>\n<li>L&rsquo;acc\u00e8s direct \u00e0 la plage libre.<\/li>\n<li>La climatisation pour les types Vip Lodge, Luxury, Air Lodge et Casalborsetti.<\/li>\n<li>L&rsquo;acc\u00e8s \u00e0 la piscine : transats disponibles jusqu&rsquo;\u00e0 \u00e9puisement (juin-ao\u00fbt), bonnet de bain non obligatoire.<\/li>\n<li>La TV SAT (\u00e0 l&rsquo;exception du type Classic).<\/li>\n<li>Les charges et la vaisselle.<\/li>\n<li>L&rsquo;animation pour petits et grands (juillet-ao\u00fbt).<\/li>\n<li>L&rsquo;espace sportif : beach-volley, raquettes de plage, p\u00e9tanque, tirs libres de basket, ping-pong.<\/li>\n<li>TVA 10%, sauf modifications de la TVA.<\/li>\n<\/ul>\n<p>&nbsp;<\/p>\n<p><strong>LES PRIX N&rsquo;INCLUENT PAS :<\/strong><\/p>\n<ul>\n<li>La climatisation pour les types Chalet et Bungalow, disponible en suppl\u00e9ment (NB : la climatisation n&rsquo;est pas pr\u00e9vue pour le type Classic) (\u20ac 35 le forfait de 35h).<\/li>\n<li>La taxe de s\u00e9jour.<\/li>\n<li>Le linge de lit simple : 11 \u20ac.<\/li>\n<li>Le linge de lit double : 17 \u20ac.<\/li>\n<li>Le linge de toilette : 7,5 \u20ac.<\/li>\n<li>Le d\u00e9p\u00f4t de garantie : 100 \u20ac.<\/li>\n<li>La location de parasols et transats sur la plage.<\/li>\n<\/ul>\n<p>&nbsp;<\/p>\n<p><strong>SERVICES SUPPL\u00c9MENTAIRES (SUR R\u00c9SERVATION ou \u00e0 demander sur place, selon disponibilit\u00e9) :<\/strong><\/p>\n<ul>\n<li>Linge de lit et de toilette, climatisation (si pr\u00e9sente),<\/li>\n<li>location de parasols et transats sur la plage,<\/li>\n<li>cellule r\u00e9frig\u00e9r\u00e9e et cong\u00e9lateur avec cl\u00e9,<\/li>\n<li>location de v\u00e9los \u00e9quip\u00e9s de casque et si\u00e8ge enfant.<\/li>\n<\/ul>\n<p>&nbsp;<\/p>\n<p>Les h\u00e9bergements doivent \u00eatre rendus propres et rang\u00e9s. Dans le cas contraire, le d\u00e9p\u00f4t de garantie sera retenu. L&rsquo;arriv\u00e9e se fait apr\u00e8s 17h00 ; le d\u00e9part avant 10h00. Le solde de l&rsquo;int\u00e9gralit\u00e9 du s\u00e9jour est \u00e0 r\u00e9gler \u00e0 l&rsquo;arriv\u00e9e.<\/p>\n","protected":false},"excerpt":{"rendered":"<p>Camping \u00e9conomique \u00c9milie-Romagne &nbsp; (Animaux accept\u00e9s &#8211; voir r\u00e8glement) &nbsp; Ce studio comprend 1 chambre avec un lit double et un s\u00e9jour avec un coin cuisine \u00e9quip\u00e9 (vaisselle incluse). Cette cat\u00e9gorie de bungalow ne dispose pas de salle de bain priv\u00e9e. Les sanitaires centralis\u00e9s, \u00e9quip\u00e9s de douches chaudes gratuites, sont tr\u00e8s proches des structures. &nbsp; [&hellip;]<\/p>\n","protected":false},"author":13,"featured_media":4533,"parent":3398,"menu_order":55,"comment_status":"closed","ping_status":"closed","template":"template-bungalow.php","meta":{"footnotes":""},"class_list":["post-3434","page","type-page","status-publish","has-post-thumbnail","hentry"],"yoast_head":"<!-- This site is optimized with the Yoast SEO plugin v27.3 - https:\/\/yoast.com\/product\/yoast-seo-wordpress\/ -->\n<title>Camping \u00e9conomique \u00c9milie-Romagne | bungalow Easy Sleep<\/title>\n<meta name=\"description\" content=\"D\u00e9couvrez le Bungalow lidi di Ravenna Superior Easy Sleep au Camping Reno, Camping \u00e9conomique \u00c9milie-Romagne, sur le mer. Demandez un devis!\" \/>\n<meta name=\"robots\" content=\"index, follow, max-snippet:-1, max-image-preview:large, max-video-preview:-1\" \/>\n<link rel=\"canonical\" href=\"https:\/\/www.campingreno.it\/fr\/camping-en-emilie-romagne-au-bord-de-la-mer\/bungalow-lidi-di-ravenna-superior-easy-sleep\/\" \/>\n<meta property=\"og:locale\" content=\"fr_FR\" \/>\n<meta property=\"og:type\" content=\"article\" \/>\n<meta property=\"og:title\" content=\"Camping \u00e9conomique \u00c9milie-Romagne | bungalow Easy Sleep\" \/>\n<meta property=\"og:description\" content=\"D\u00e9couvrez le Bungalow lidi di Ravenna Superior Easy Sleep au Camping Reno, Camping \u00e9conomique \u00c9milie-Romagne, sur le mer. Demandez un devis!\" \/>\n<meta property=\"og:url\" content=\"https:\/\/www.campingreno.it\/fr\/camping-en-emilie-romagne-au-bord-de-la-mer\/bungalow-lidi-di-ravenna-superior-easy-sleep\/\" \/>\n<meta property=\"og:site_name\" content=\"Camping Reno\" \/>\n<meta property=\"article:publisher\" content=\"https:\/\/facebook.com\/tomasitourism\" \/>\n<meta property=\"article:modified_time\" content=\"2025-12-19T14:48:51+00:00\" \/>\n<meta property=\"og:image\" content=\"https:\/\/www.campingreno.it\/wp-content\/uploads\/sites\/192\/2025\/12\/bungalow_lidi_ravenna_superior_easy_sleep-3.jpg\" \/>\n\t<meta property=\"og:image:width\" content=\"2500\" \/>\n\t<meta property=\"og:image:height\" content=\"1875\" \/>\n\t<meta property=\"og:image:type\" content=\"image\/jpeg\" \/>\n<meta name=\"twitter:card\" content=\"summary_large_image\" \/>\n<meta name=\"twitter:label1\" content=\"Dur\u00e9e de lecture estim\u00e9e\" \/>\n\t<meta name=\"twitter:data1\" content=\"3 minutes\" \/>\n<script type=\"application\/ld+json\" class=\"yoast-schema-graph\">{\"@context\":\"https:\\\/\\\/schema.org\",\"@graph\":[{\"@type\":\"WebPage\",\"@id\":\"https:\\\/\\\/www.campingreno.it\\\/fr\\\/camping-en-emilie-romagne-au-bord-de-la-mer\\\/bungalow-lidi-di-ravenna-superior-easy-sleep\\\/\",\"url\":\"https:\\\/\\\/www.campingreno.it\\\/fr\\\/camping-en-emilie-romagne-au-bord-de-la-mer\\\/bungalow-lidi-di-ravenna-superior-easy-sleep\\\/\",\"name\":\"Camping \u00e9conomique \u00c9milie-Romagne | bungalow Easy Sleep\",\"isPartOf\":{\"@id\":\"https:\\\/\\\/www.campingreno.it\\\/fr\\\/#website\"},\"primaryImageOfPage\":{\"@id\":\"https:\\\/\\\/www.campingreno.it\\\/fr\\\/camping-en-emilie-romagne-au-bord-de-la-mer\\\/bungalow-lidi-di-ravenna-superior-easy-sleep\\\/#primaryimage\"},\"image\":{\"@id\":\"https:\\\/\\\/www.campingreno.it\\\/fr\\\/camping-en-emilie-romagne-au-bord-de-la-mer\\\/bungalow-lidi-di-ravenna-superior-easy-sleep\\\/#primaryimage\"},\"thumbnailUrl\":\"https:\\\/\\\/www.campingreno.it\\\/wp-content\\\/uploads\\\/sites\\\/192\\\/2025\\\/12\\\/bungalow_lidi_ravenna_superior_easy_sleep-3.jpg\",\"datePublished\":\"2025-02-08T08:23:24+00:00\",\"dateModified\":\"2025-12-19T14:48:51+00:00\",\"description\":\"D\u00e9couvrez le Bungalow lidi di Ravenna Superior Easy Sleep au Camping Reno, Camping \u00e9conomique \u00c9milie-Romagne, sur le mer. Demandez un devis!\",\"breadcrumb\":{\"@id\":\"https:\\\/\\\/www.campingreno.it\\\/fr\\\/camping-en-emilie-romagne-au-bord-de-la-mer\\\/bungalow-lidi-di-ravenna-superior-easy-sleep\\\/#breadcrumb\"},\"inLanguage\":\"fr-FR\",\"potentialAction\":[{\"@type\":\"ReadAction\",\"target\":[\"https:\\\/\\\/www.campingreno.it\\\/fr\\\/camping-en-emilie-romagne-au-bord-de-la-mer\\\/bungalow-lidi-di-ravenna-superior-easy-sleep\\\/\"]}]},{\"@type\":\"ImageObject\",\"inLanguage\":\"fr-FR\",\"@id\":\"https:\\\/\\\/www.campingreno.it\\\/fr\\\/camping-en-emilie-romagne-au-bord-de-la-mer\\\/bungalow-lidi-di-ravenna-superior-easy-sleep\\\/#primaryimage\",\"url\":\"https:\\\/\\\/www.campingreno.it\\\/wp-content\\\/uploads\\\/sites\\\/192\\\/2025\\\/12\\\/bungalow_lidi_ravenna_superior_easy_sleep-3.jpg\",\"contentUrl\":\"https:\\\/\\\/www.campingreno.it\\\/wp-content\\\/uploads\\\/sites\\\/192\\\/2025\\\/12\\\/bungalow_lidi_ravenna_superior_easy_sleep-3.jpg\",\"width\":2500,\"height\":1875,\"caption\":\"Camping \u00e9conomique \u00c9milie-Romagne | bungalow Easy Sleep\"},{\"@type\":\"BreadcrumbList\",\"@id\":\"https:\\\/\\\/www.campingreno.it\\\/fr\\\/camping-en-emilie-romagne-au-bord-de-la-mer\\\/bungalow-lidi-di-ravenna-superior-easy-sleep\\\/#breadcrumb\",\"itemListElement\":[{\"@type\":\"ListItem\",\"position\":1,\"name\":\"Home\",\"item\":\"https:\\\/\\\/www.campingreno.it\\\/fr\\\/\"},{\"@type\":\"ListItem\",\"position\":2,\"name\":\"Logements\",\"item\":\"https:\\\/\\\/www.campingreno.it\\\/fr\\\/camping-en-emilie-romagne-au-bord-de-la-mer\\\/\"},{\"@type\":\"ListItem\",\"position\":3,\"name\":\"Bungalow Lidi di Ravenna &#8220;Superior Easy Sleep&#8221;\"}]},{\"@type\":\"WebSite\",\"@id\":\"https:\\\/\\\/www.campingreno.it\\\/fr\\\/#website\",\"url\":\"https:\\\/\\\/www.campingreno.it\\\/fr\\\/\",\"name\":\"Camping Reno\",\"description\":\"\",\"publisher\":{\"@id\":\"https:\\\/\\\/www.campingreno.it\\\/fr\\\/#organization\"},\"potentialAction\":[{\"@type\":\"SearchAction\",\"target\":{\"@type\":\"EntryPoint\",\"urlTemplate\":\"https:\\\/\\\/www.campingreno.it\\\/fr\\\/?s={search_term_string}\"},\"query-input\":{\"@type\":\"PropertyValueSpecification\",\"valueRequired\":true,\"valueName\":\"search_term_string\"}}],\"inLanguage\":\"fr-FR\"},{\"@type\":\"Organization\",\"@id\":\"https:\\\/\\\/www.campingreno.it\\\/fr\\\/#organization\",\"name\":\"Camping Reno\",\"url\":\"https:\\\/\\\/www.campingreno.it\\\/fr\\\/\",\"logo\":{\"@type\":\"ImageObject\",\"inLanguage\":\"fr-FR\",\"@id\":\"https:\\\/\\\/www.campingreno.it\\\/fr\\\/#\\\/schema\\\/logo\\\/image\\\/\",\"url\":\"https:\\\/\\\/www.campingreno.it\\\/wp-content\\\/uploads\\\/sites\\\/192\\\/2024\\\/12\\\/logo_reno-no-sfondo-2.png\",\"contentUrl\":\"https:\\\/\\\/www.campingreno.it\\\/wp-content\\\/uploads\\\/sites\\\/192\\\/2024\\\/12\\\/logo_reno-no-sfondo-2.png\",\"width\":567,\"height\":286,\"caption\":\"Camping Reno\"},\"image\":{\"@id\":\"https:\\\/\\\/www.campingreno.it\\\/fr\\\/#\\\/schema\\\/logo\\\/image\\\/\"},\"sameAs\":[\"https:\\\/\\\/facebook.com\\\/tomasitourism\",\"https:\\\/\\\/instagram.com\\\/camping_reno\"]}]}<\/script>\n<!-- \/ Yoast SEO plugin. -->","yoast_head_json":{"title":"Camping \u00e9conomique \u00c9milie-Romagne | bungalow Easy Sleep","description":"D\u00e9couvrez le Bungalow lidi di Ravenna Superior Easy Sleep au Camping Reno, Camping \u00e9conomique \u00c9milie-Romagne, sur le mer. Demandez un devis!","robots":{"index":"index","follow":"follow","max-snippet":"max-snippet:-1","max-image-preview":"max-image-preview:large","max-video-preview":"max-video-preview:-1"},"canonical":"https:\/\/www.campingreno.it\/fr\/camping-en-emilie-romagne-au-bord-de-la-mer\/bungalow-lidi-di-ravenna-superior-easy-sleep\/","og_locale":"fr_FR","og_type":"article","og_title":"Camping \u00e9conomique \u00c9milie-Romagne | bungalow Easy Sleep","og_description":"D\u00e9couvrez le Bungalow lidi di Ravenna Superior Easy Sleep au Camping Reno, Camping \u00e9conomique \u00c9milie-Romagne, sur le mer. Demandez un devis!","og_url":"https:\/\/www.campingreno.it\/fr\/camping-en-emilie-romagne-au-bord-de-la-mer\/bungalow-lidi-di-ravenna-superior-easy-sleep\/","og_site_name":"Camping Reno","article_publisher":"https:\/\/facebook.com\/tomasitourism","article_modified_time":"2025-12-19T14:48:51+00:00","og_image":[{"width":2500,"height":1875,"url":"https:\/\/www.campingreno.it\/wp-content\/uploads\/sites\/192\/2025\/12\/bungalow_lidi_ravenna_superior_easy_sleep-3.jpg","type":"image\/jpeg"}],"twitter_card":"summary_large_image","twitter_misc":{"Dur\u00e9e de lecture estim\u00e9e":"3 minutes"},"schema":{"@context":"https:\/\/schema.org","@graph":[{"@type":"WebPage","@id":"https:\/\/www.campingreno.it\/fr\/camping-en-emilie-romagne-au-bord-de-la-mer\/bungalow-lidi-di-ravenna-superior-easy-sleep\/","url":"https:\/\/www.campingreno.it\/fr\/camping-en-emilie-romagne-au-bord-de-la-mer\/bungalow-lidi-di-ravenna-superior-easy-sleep\/","name":"Camping \u00e9conomique \u00c9milie-Romagne | bungalow Easy Sleep","isPartOf":{"@id":"https:\/\/www.campingreno.it\/fr\/#website"},"primaryImageOfPage":{"@id":"https:\/\/www.campingreno.it\/fr\/camping-en-emilie-romagne-au-bord-de-la-mer\/bungalow-lidi-di-ravenna-superior-easy-sleep\/#primaryimage"},"image":{"@id":"https:\/\/www.campingreno.it\/fr\/camping-en-emilie-romagne-au-bord-de-la-mer\/bungalow-lidi-di-ravenna-superior-easy-sleep\/#primaryimage"},"thumbnailUrl":"https:\/\/www.campingreno.it\/wp-content\/uploads\/sites\/192\/2025\/12\/bungalow_lidi_ravenna_superior_easy_sleep-3.jpg","datePublished":"2025-02-08T08:23:24+00:00","dateModified":"2025-12-19T14:48:51+00:00","description":"D\u00e9couvrez le Bungalow lidi di Ravenna Superior Easy Sleep au Camping Reno, Camping \u00e9conomique \u00c9milie-Romagne, sur le mer. Demandez un devis!","breadcrumb":{"@id":"https:\/\/www.campingreno.it\/fr\/camping-en-emilie-romagne-au-bord-de-la-mer\/bungalow-lidi-di-ravenna-superior-easy-sleep\/#breadcrumb"},"inLanguage":"fr-FR","potentialAction":[{"@type":"ReadAction","target":["https:\/\/www.campingreno.it\/fr\/camping-en-emilie-romagne-au-bord-de-la-mer\/bungalow-lidi-di-ravenna-superior-easy-sleep\/"]}]},{"@type":"ImageObject","inLanguage":"fr-FR","@id":"https:\/\/www.campingreno.it\/fr\/camping-en-emilie-romagne-au-bord-de-la-mer\/bungalow-lidi-di-ravenna-superior-easy-sleep\/#primaryimage","url":"https:\/\/www.campingreno.it\/wp-content\/uploads\/sites\/192\/2025\/12\/bungalow_lidi_ravenna_superior_easy_sleep-3.jpg","contentUrl":"https:\/\/www.campingreno.it\/wp-content\/uploads\/sites\/192\/2025\/12\/bungalow_lidi_ravenna_superior_easy_sleep-3.jpg","width":2500,"height":1875,"caption":"Camping \u00e9conomique \u00c9milie-Romagne | bungalow Easy Sleep"},{"@type":"BreadcrumbList","@id":"https:\/\/www.campingreno.it\/fr\/camping-en-emilie-romagne-au-bord-de-la-mer\/bungalow-lidi-di-ravenna-superior-easy-sleep\/#breadcrumb","itemListElement":[{"@type":"ListItem","position":1,"name":"Home","item":"https:\/\/www.campingreno.it\/fr\/"},{"@type":"ListItem","position":2,"name":"Logements","item":"https:\/\/www.campingreno.it\/fr\/camping-en-emilie-romagne-au-bord-de-la-mer\/"},{"@type":"ListItem","position":3,"name":"Bungalow Lidi di Ravenna &#8220;Superior Easy Sleep&#8221;"}]},{"@type":"WebSite","@id":"https:\/\/www.campingreno.it\/fr\/#website","url":"https:\/\/www.campingreno.it\/fr\/","name":"Camping Reno","description":"","publisher":{"@id":"https:\/\/www.campingreno.it\/fr\/#organization"},"potentialAction":[{"@type":"SearchAction","target":{"@type":"EntryPoint","urlTemplate":"https:\/\/www.campingreno.it\/fr\/?s={search_term_string}"},"query-input":{"@type":"PropertyValueSpecification","valueRequired":true,"valueName":"search_term_string"}}],"inLanguage":"fr-FR"},{"@type":"Organization","@id":"https:\/\/www.campingreno.it\/fr\/#organization","name":"Camping Reno","url":"https:\/\/www.campingreno.it\/fr\/","logo":{"@type":"ImageObject","inLanguage":"fr-FR","@id":"https:\/\/www.campingreno.it\/fr\/#\/schema\/logo\/image\/","url":"https:\/\/www.campingreno.it\/wp-content\/uploads\/sites\/192\/2024\/12\/logo_reno-no-sfondo-2.png","contentUrl":"https:\/\/www.campingreno.it\/wp-content\/uploads\/sites\/192\/2024\/12\/logo_reno-no-sfondo-2.png","width":567,"height":286,"caption":"Camping Reno"},"image":{"@id":"https:\/\/www.campingreno.it\/fr\/#\/schema\/logo\/image\/"},"sameAs":["https:\/\/facebook.com\/tomasitourism","https:\/\/instagram.com\/camping_reno"]}]}},"acf":[],"_links":{"self":[{"href":"https:\/\/www.campingreno.it\/fr\/wp-json\/wp\/v2\/pages\/3434","targetHints":{"allow":["GET"]}}],"collection":[{"href":"https:\/\/www.campingreno.it\/fr\/wp-json\/wp\/v2\/pages"}],"about":[{"href":"https:\/\/www.campingreno.it\/fr\/wp-json\/wp\/v2\/types\/page"}],"author":[{"embeddable":true,"href":"https:\/\/www.campingreno.it\/fr\/wp-json\/wp\/v2\/users\/13"}],"replies":[{"embeddable":true,"href":"https:\/\/www.campingreno.it\/fr\/wp-json\/wp\/v2\/comments?post=3434"}],"version-history":[{"count":0,"href":"https:\/\/www.campingreno.it\/fr\/wp-json\/wp\/v2\/pages\/3434\/revisions"}],"up":[{"embeddable":true,"href":"https:\/\/www.campingreno.it\/fr\/wp-json\/wp\/v2\/pages\/3398"}],"wp:featuredmedia":[{"embeddable":true,"href":"https:\/\/www.campingreno.it\/fr\/wp-json\/wp\/v2\/media\/4533"}],"wp:attachment":[{"href":"https:\/\/www.campingreno.it\/fr\/wp-json\/wp\/v2\/media?parent=3434"}],"curies":[{"name":"wp","href":"https:\/\/api.w.org\/{rel}","templated":true}]}}