   {"id":3443,"date":"2024-12-10T13:58:06","date_gmt":"2024-12-10T13:58:06","guid":{"rendered":"https:\/\/www.campingreno.it\/piazzole-tende-camper-caravan-marinaromea\/"},"modified":"2026-01-21T15:49:44","modified_gmt":"2026-01-21T15:49:44","slug":"camping-emilie-romagne-en-bord-de-mer-emplacements","status":"publish","type":"page","link":"https:\/\/www.campingreno.it\/fr\/camping-emilie-romagne-en-bord-de-mer-emplacements\/","title":{"rendered":"Emplacements"},"content":{"rendered":"<p><strong>Des emplacements pour tous les go\u00fbts et tous les budgets !<\/strong><br \/>\nD\u00e9couvrez les emplacements Tentes, Campers et Caravanes du Camping Reno,\u00a0 Camping \u00c9milie-Romagne en bord de mer. Voici un aper\u00e7u complet de nos emplacements:<\/p>\n<p>&nbsp;<\/p>\n<p><strong>Nous avons 4 types d&#8217;emplacements :<\/strong><\/p>\n<ul>\n<li><a href=\"https:\/\/www.campingreno.it\/fr\/camping-emilie-romagne-en-bord-de-mer-emplacements\/emplacements-camping-car-ravenne\/\">Emplacements Campers<\/a><\/li>\n<li>Emplacements Caravanes-Roulottes<\/li>\n<li><a href=\"https:\/\/www.campingreno.it\/fr\/camping-emilie-romagne-en-bord-de-mer-emplacements\/emplacement-pour-tente\/\">Emplacements Tentes<\/a><\/li>\n<\/ul>\n<p>&nbsp;<\/p>\n<p><strong>Nos emplacements mesurent de 40m\u00b2 \u00e0 80m\u00b2 et sont situ\u00e9s \u00e0 un peu plus de 50 m\u00e8tres de la mer.<\/strong><\/p>\n<p>&nbsp;<\/p>\n<p><a href=\"https:\/\/www.scidoo.com\/preventivov2\/?cod=1209&amp;dataarr=2026-9-19&amp;notti=7&amp;adult=2&amp;children=&amp;IDsotto_struttura=0&amp;lang=3&amp;structure_type=0&amp;promocode=\"><strong>R\u00c9SERVEZ EN LIGNE VOTRE EMPLACEMENT AU CAMPING RENO!<\/strong><\/a><\/p>\n<p>&nbsp;<\/p>\n<p>&nbsp;<\/p>\n<p><strong>LES PRIX DE L&rsquo;EMPLACEMENT INCLUENT :<\/strong><\/p>\n<ul>\n<li>Une place de parking sur l&#8217;emplacement.<\/li>\n<li>Le raccordement \u00e9lectrique (Prise norme CEE &#8211; Protection 4A, sauf indication contraire).<\/li>\n<li>L&rsquo;acc\u00e8s direct \u00e0 la plage libre.<\/li>\n<li>Les douches chaudes.<\/li>\n<li>L&rsquo;animation pour petits et grands (juillet &#8211; ao\u00fbt).<\/li>\n<li>L&rsquo;acc\u00e8s \u00e0 la piscine (juin &#8211; ao\u00fbt, bonnet de bain non obligatoire).<\/li>\n<li>L&rsquo;espace sportif : beach-volley, raquettes de plage, p\u00e9tanque, tirs libres de basket, ping-pong.<\/li>\n<li>TVA 10% (Sauf modifications de la TVA ou de la taxe de s\u00e9jour).<\/li>\n<\/ul>\n<p>&nbsp;<\/p>\n<p><strong>LES PRIX N&rsquo;INCLUENT PAS :<\/strong><\/p>\n<ul>\n<li>La taxe de s\u00e9jour \u00e0 r\u00e9gler sur place.<\/li>\n<li>La location de parasols et transats.<\/li>\n<\/ul>\n<p>&nbsp;<\/p>\n<p><strong>SERVICES SUPPL\u00c9MENTAIRES (SUR R\u00c9SERVATION ou \u00e0 demander sur place, selon disponibilit\u00e9) :<\/strong><\/p>\n<ul>\n<li>Location de parasols et transats sur la plage,<\/li>\n<li>cellule r\u00e9frig\u00e9r\u00e9e et cong\u00e9lateur avec cl\u00e9,<\/li>\n<li>location de v\u00e9los \u00e9quip\u00e9s de casque et si\u00e8ge enfant.<\/li>\n<li>Tout ce qui n&rsquo;est pas sp\u00e9cifi\u00e9 dans la section \u00ab\u00a0LES PRIX INCLUENT\u00a0\u00bb.<\/li>\n<\/ul>\n<p>&nbsp;<\/p>\n<p><strong>EMPLACEMENT :<\/strong><br \/>\n1 Tente ou Camping-car ou Roulotte + nombre de personnes indiqu\u00e9 dans la description + 1 voiture + Raccordement \u00e9lectrique (protection 4A).<\/p>\n<p>&nbsp;<\/p>\n<p>Les emplacements doivent \u00eatre rendus propres et rang\u00e9s.<\/p>\n<ul>\n<li>L&rsquo;arriv\u00e9e se fait apr\u00e8s 15h00 ;<\/li>\n<li>le d\u00e9part avant 12h00.<\/li>\n<\/ul>\n","protected":false},"excerpt":{"rendered":"<p>Des emplacements pour tous les go\u00fbts et tous les budgets ! D\u00e9couvrez les emplacements Tentes, Campers et Caravanes du Camping Reno,\u00a0 Camping \u00c9milie-Romagne en bord de mer. Voici un aper\u00e7u complet de nos emplacements: &nbsp; Nous avons 4 types d&#8217;emplacements : Emplacements Campers Emplacements Caravanes-Roulottes Emplacements Tentes &nbsp; Nos emplacements mesurent de 40m\u00b2 \u00e0 80m\u00b2 [&hellip;]<\/p>\n","protected":false},"author":13,"featured_media":4347,"parent":0,"menu_order":20,"comment_status":"closed","ping_status":"closed","template":"template-piazzole-hub.php","meta":{"footnotes":""},"yoast_head":"<!-- This site is optimized with the Yoast SEO plugin v22.3 - https:\/\/yoast.com\/wordpress\/plugins\/seo\/ -->\n<title>Camping \u00c9milie-Romagne en bord de mer | Emplacements<\/title>\n<meta name=\"description\" content=\"D\u00e9couvrez les emplacements pour Tentes, Campers et Caravanes du Camping Reno, Camping \u00c9milie-Romagne en bord de mer. Demandez votre devis !\" \/>\n<meta name=\"robots\" content=\"index, follow, max-snippet:-1, max-image-preview:large, max-video-preview:-1\" \/>\n<link rel=\"canonical\" href=\"https:\/\/www.campingreno.it\/fr\/camping-emilie-romagne-en-bord-de-mer-emplacements\/\" \/>\n<meta property=\"og:locale\" content=\"fr_FR\" \/>\n<meta property=\"og:type\" content=\"article\" \/>\n<meta property=\"og:title\" content=\"Camping \u00c9milie-Romagne en bord de mer | Emplacements\" \/>\n<meta property=\"og:description\" content=\"D\u00e9couvrez les emplacements pour Tentes, Campers et Caravanes du Camping Reno, Camping \u00c9milie-Romagne en bord de mer. Demandez votre devis !\" \/>\n<meta property=\"og:url\" content=\"https:\/\/www.campingreno.it\/fr\/camping-emilie-romagne-en-bord-de-mer-emplacements\/\" \/>\n<meta property=\"og:site_name\" content=\"Camping Reno\" \/>\n<meta property=\"article:publisher\" content=\"https:\/\/facebook.com\/tomasitourism\" \/>\n<meta property=\"article:modified_time\" content=\"2026-01-21T15:49:44+00:00\" \/>\n<meta property=\"og:image\" content=\"https:\/\/www.campingreno.it\/wp-content\/uploads\/sites\/192\/2025\/12\/PZ-Camper-83A.jpg\" \/>\n\t<meta property=\"og:image:width\" content=\"2500\" \/>\n\t<meta property=\"og:image:height\" content=\"1875\" \/>\n\t<meta property=\"og:image:type\" content=\"image\/jpeg\" \/>\n<meta name=\"twitter:card\" content=\"summary_large_image\" \/>\n<meta name=\"twitter:label1\" content=\"Dur\u00e9e de lecture estim\u00e9e\" \/>\n\t<meta name=\"twitter:data1\" content=\"2 minutes\" \/>\n<script type=\"application\/ld+json\" class=\"yoast-schema-graph\">{\"@context\":\"https:\/\/schema.org\",\"@graph\":[{\"@type\":\"WebPage\",\"@id\":\"https:\/\/www.campingreno.it\/fr\/camping-emilie-romagne-en-bord-de-mer-emplacements\/\",\"url\":\"https:\/\/www.campingreno.it\/fr\/camping-emilie-romagne-en-bord-de-mer-emplacements\/\",\"name\":\"Camping \u00c9milie-Romagne en bord de mer | Emplacements\",\"isPartOf\":{\"@id\":\"https:\/\/www.campingreno.it\/fr\/#website\"},\"primaryImageOfPage\":{\"@id\":\"https:\/\/www.campingreno.it\/fr\/camping-emilie-romagne-en-bord-de-mer-emplacements\/#primaryimage\"},\"image\":{\"@id\":\"https:\/\/www.campingreno.it\/fr\/camping-emilie-romagne-en-bord-de-mer-emplacements\/#primaryimage\"},\"thumbnailUrl\":\"https:\/\/www.campingreno.it\/wp-content\/uploads\/sites\/192\/2025\/12\/PZ-Camper-83A.jpg\",\"datePublished\":\"2024-12-10T13:58:06+00:00\",\"dateModified\":\"2026-01-21T15:49:44+00:00\",\"description\":\"D\u00e9couvrez les emplacements pour Tentes, Campers et Caravanes du Camping Reno, Camping \u00c9milie-Romagne en bord de mer. Demandez votre devis !\",\"breadcrumb\":{\"@id\":\"https:\/\/www.campingreno.it\/fr\/camping-emilie-romagne-en-bord-de-mer-emplacements\/#breadcrumb\"},\"inLanguage\":\"fr-FR\",\"potentialAction\":[{\"@type\":\"ReadAction\",\"target\":[\"https:\/\/www.campingreno.it\/fr\/camping-emilie-romagne-en-bord-de-mer-emplacements\/\"]}]},{\"@type\":\"ImageObject\",\"inLanguage\":\"fr-FR\",\"@id\":\"https:\/\/www.campingreno.it\/fr\/camping-emilie-romagne-en-bord-de-mer-emplacements\/#primaryimage\",\"url\":\"https:\/\/www.campingreno.it\/wp-content\/uploads\/sites\/192\/2025\/12\/PZ-Camper-83A.jpg\",\"contentUrl\":\"https:\/\/www.campingreno.it\/wp-content\/uploads\/sites\/192\/2025\/12\/PZ-Camper-83A.jpg\",\"width\":2500,\"height\":1875,\"caption\":\"Camping \u00c9milie-Romagne en bord de mer | Emplacements\"},{\"@type\":\"BreadcrumbList\",\"@id\":\"https:\/\/www.campingreno.it\/fr\/camping-emilie-romagne-en-bord-de-mer-emplacements\/#breadcrumb\",\"itemListElement\":[{\"@type\":\"ListItem\",\"position\":1,\"name\":\"Home\",\"item\":\"https:\/\/www.campingreno.it\/fr\/\"},{\"@type\":\"ListItem\",\"position\":2,\"name\":\"Emplacements\"}]},{\"@type\":\"WebSite\",\"@id\":\"https:\/\/www.campingreno.it\/fr\/#website\",\"url\":\"https:\/\/www.campingreno.it\/fr\/\",\"name\":\"Camping Reno\",\"description\":\"\",\"publisher\":{\"@id\":\"https:\/\/www.campingreno.it\/fr\/#organization\"},\"potentialAction\":[{\"@type\":\"SearchAction\",\"target\":{\"@type\":\"EntryPoint\",\"urlTemplate\":\"https:\/\/www.campingreno.it\/fr\/?s={search_term_string}\"},\"query-input\":\"required name=search_term_string\"}],\"inLanguage\":\"fr-FR\"},{\"@type\":\"Organization\",\"@id\":\"https:\/\/www.campingreno.it\/fr\/#organization\",\"name\":\"Camping Reno\",\"url\":\"https:\/\/www.campingreno.it\/fr\/\",\"logo\":{\"@type\":\"ImageObject\",\"inLanguage\":\"fr-FR\",\"@id\":\"https:\/\/www.campingreno.it\/fr\/#\/schema\/logo\/image\/\",\"url\":\"https:\/\/www.campingreno.it\/wp-content\/uploads\/sites\/192\/2024\/12\/logo_reno-no-sfondo-2.png\",\"contentUrl\":\"https:\/\/www.campingreno.it\/wp-content\/uploads\/sites\/192\/2024\/12\/logo_reno-no-sfondo-2.png\",\"width\":567,\"height\":286,\"caption\":\"Camping Reno\"},\"image\":{\"@id\":\"https:\/\/www.campingreno.it\/fr\/#\/schema\/logo\/image\/\"},\"sameAs\":[\"https:\/\/facebook.com\/tomasitourism\",\"https:\/\/instagram.com\/camping_reno\"]}]}<\/script>\n<!-- \/ Yoast SEO plugin. -->","yoast_head_json":{"title":"Camping \u00c9milie-Romagne en bord de mer | Emplacements","description":"D\u00e9couvrez les emplacements pour Tentes, Campers et Caravanes du Camping Reno, Camping \u00c9milie-Romagne en bord de mer. Demandez votre devis !","robots":{"index":"index","follow":"follow","max-snippet":"max-snippet:-1","max-image-preview":"max-image-preview:large","max-video-preview":"max-video-preview:-1"},"canonical":"https:\/\/www.campingreno.it\/fr\/camping-emilie-romagne-en-bord-de-mer-emplacements\/","og_locale":"fr_FR","og_type":"article","og_title":"Camping \u00c9milie-Romagne en bord de mer | Emplacements","og_description":"D\u00e9couvrez les emplacements pour Tentes, Campers et Caravanes du Camping Reno, Camping \u00c9milie-Romagne en bord de mer. Demandez votre devis !","og_url":"https:\/\/www.campingreno.it\/fr\/camping-emilie-romagne-en-bord-de-mer-emplacements\/","og_site_name":"Camping Reno","article_publisher":"https:\/\/facebook.com\/tomasitourism","article_modified_time":"2026-01-21T15:49:44+00:00","og_image":[{"width":2500,"height":1875,"url":"https:\/\/www.campingreno.it\/wp-content\/uploads\/sites\/192\/2025\/12\/PZ-Camper-83A.jpg","type":"image\/jpeg"}],"twitter_card":"summary_large_image","twitter_misc":{"Dur\u00e9e de lecture estim\u00e9e":"2 minutes"},"schema":{"@context":"https:\/\/schema.org","@graph":[{"@type":"WebPage","@id":"https:\/\/www.campingreno.it\/fr\/camping-emilie-romagne-en-bord-de-mer-emplacements\/","url":"https:\/\/www.campingreno.it\/fr\/camping-emilie-romagne-en-bord-de-mer-emplacements\/","name":"Camping \u00c9milie-Romagne en bord de mer | Emplacements","isPartOf":{"@id":"https:\/\/www.campingreno.it\/fr\/#website"},"primaryImageOfPage":{"@id":"https:\/\/www.campingreno.it\/fr\/camping-emilie-romagne-en-bord-de-mer-emplacements\/#primaryimage"},"image":{"@id":"https:\/\/www.campingreno.it\/fr\/camping-emilie-romagne-en-bord-de-mer-emplacements\/#primaryimage"},"thumbnailUrl":"https:\/\/www.campingreno.it\/wp-content\/uploads\/sites\/192\/2025\/12\/PZ-Camper-83A.jpg","datePublished":"2024-12-10T13:58:06+00:00","dateModified":"2026-01-21T15:49:44+00:00","description":"D\u00e9couvrez les emplacements pour Tentes, Campers et Caravanes du Camping Reno, Camping \u00c9milie-Romagne en bord de mer. Demandez votre devis !","breadcrumb":{"@id":"https:\/\/www.campingreno.it\/fr\/camping-emilie-romagne-en-bord-de-mer-emplacements\/#breadcrumb"},"inLanguage":"fr-FR","potentialAction":[{"@type":"ReadAction","target":["https:\/\/www.campingreno.it\/fr\/camping-emilie-romagne-en-bord-de-mer-emplacements\/"]}]},{"@type":"ImageObject","inLanguage":"fr-FR","@id":"https:\/\/www.campingreno.it\/fr\/camping-emilie-romagne-en-bord-de-mer-emplacements\/#primaryimage","url":"https:\/\/www.campingreno.it\/wp-content\/uploads\/sites\/192\/2025\/12\/PZ-Camper-83A.jpg","contentUrl":"https:\/\/www.campingreno.it\/wp-content\/uploads\/sites\/192\/2025\/12\/PZ-Camper-83A.jpg","width":2500,"height":1875,"caption":"Camping \u00c9milie-Romagne en bord de mer | Emplacements"},{"@type":"BreadcrumbList","@id":"https:\/\/www.campingreno.it\/fr\/camping-emilie-romagne-en-bord-de-mer-emplacements\/#breadcrumb","itemListElement":[{"@type":"ListItem","position":1,"name":"Home","item":"https:\/\/www.campingreno.it\/fr\/"},{"@type":"ListItem","position":2,"name":"Emplacements"}]},{"@type":"WebSite","@id":"https:\/\/www.campingreno.it\/fr\/#website","url":"https:\/\/www.campingreno.it\/fr\/","name":"Camping Reno","description":"","publisher":{"@id":"https:\/\/www.campingreno.it\/fr\/#organization"},"potentialAction":[{"@type":"SearchAction","target":{"@type":"EntryPoint","urlTemplate":"https:\/\/www.campingreno.it\/fr\/?s={search_term_string}"},"query-input":"required name=search_term_string"}],"inLanguage":"fr-FR"},{"@type":"Organization","@id":"https:\/\/www.campingreno.it\/fr\/#organization","name":"Camping Reno","url":"https:\/\/www.campingreno.it\/fr\/","logo":{"@type":"ImageObject","inLanguage":"fr-FR","@id":"https:\/\/www.campingreno.it\/fr\/#\/schema\/logo\/image\/","url":"https:\/\/www.campingreno.it\/wp-content\/uploads\/sites\/192\/2024\/12\/logo_reno-no-sfondo-2.png","contentUrl":"https:\/\/www.campingreno.it\/wp-content\/uploads\/sites\/192\/2024\/12\/logo_reno-no-sfondo-2.png","width":567,"height":286,"caption":"Camping Reno"},"image":{"@id":"https:\/\/www.campingreno.it\/fr\/#\/schema\/logo\/image\/"},"sameAs":["https:\/\/facebook.com\/tomasitourism","https:\/\/instagram.com\/camping_reno"]}]}},"acf":[],"_links":{"self":[{"href":"https:\/\/www.campingreno.it\/fr\/wp-json\/wp\/v2\/pages\/3443"}],"collection":[{"href":"https:\/\/www.campingreno.it\/fr\/wp-json\/wp\/v2\/pages"}],"about":[{"href":"https:\/\/www.campingreno.it\/fr\/wp-json\/wp\/v2\/types\/page"}],"author":[{"embeddable":true,"href":"https:\/\/www.campingreno.it\/fr\/wp-json\/wp\/v2\/users\/13"}],"replies":[{"embeddable":true,"href":"https:\/\/www.campingreno.it\/fr\/wp-json\/wp\/v2\/comments?post=3443"}],"version-history":[{"count":0,"href":"https:\/\/www.campingreno.it\/fr\/wp-json\/wp\/v2\/pages\/3443\/revisions"}],"wp:featuredmedia":[{"embeddable":true,"href":"https:\/\/www.campingreno.it\/fr\/wp-json\/wp\/v2\/media\/4347"}],"wp:attachment":[{"href":"https:\/\/www.campingreno.it\/fr\/wp-json\/wp\/v2\/media?parent=3443"}],"curies":[{"name":"wp","href":"https:\/\/api.w.org\/{rel}","templated":true}]}}