   {"id":3457,"date":"2024-12-11T09:51:16","date_gmt":"2024-12-11T09:51:16","guid":{"rendered":"https:\/\/www.campingreno.it\/listino-prezzi-2025-camping-reno-campeggio-sul-mare\/"},"modified":"2025-12-12T16:01:29","modified_gmt":"2025-12-12T16:01:29","slug":"liste-des-prix","status":"publish","type":"page","link":"https:\/\/www.campingreno.it\/fr\/liste-des-prix\/","title":{"rendered":"Liste des prix"},"content":{"rendered":"<p><strong>Jetez un \u0153il \u00e0 la grille tarifaire 2026 du Camping Reno, Camping \u00e9conomique sur la c\u00f4te adriatique<\/strong><\/p>\n<p>&nbsp;<\/p>\n<p>Votre camping en bord de mer \u00e0 Casal Borsetti, directement sur la mer en \u00c9milie-Romagne !<\/p>\n<p>&nbsp;<\/p>\n<p><a href=\"https:\/\/www.scidoo.com\/preventivov2\/?cod=1209&amp;dataarr=2025-9-21&amp;notti=7&amp;adult=2&amp;children=&amp;IDsotto_struttura=607&amp;lang=3&amp;structure_type=0&amp;promocode=\"><strong>V\u00c9RIFIEZ IMM\u00c9DIATEMENT LES DISPONIBILIT\u00c9S EN LIGNE !<\/strong><\/a><\/p>\n<p>&nbsp;<\/p>\n","protected":false},"excerpt":{"rendered":"<p>Jetez un \u0153il \u00e0 la grille tarifaire 2026 du Camping Reno, Camping \u00e9conomique sur la c\u00f4te adriatique &nbsp; Votre camping en bord de mer \u00e0 Casal Borsetti, directement sur la mer en \u00c9milie-Romagne ! &nbsp; V\u00c9RIFIEZ IMM\u00c9DIATEMENT LES DISPONIBILIT\u00c9S EN LIGNE ! &nbsp;<\/p>\n","protected":false},"author":13,"featured_media":4295,"parent":0,"menu_order":40,"comment_status":"closed","ping_status":"closed","template":"","meta":{"footnotes":""},"yoast_head":"<!-- This site is optimized with the Yoast SEO plugin v22.3 - https:\/\/yoast.com\/wordpress\/plugins\/seo\/ -->\n<title>Camping \u00e9conomique sur la c\u00f4te adriatique | Liste des prix<\/title>\n<meta name=\"description\" content=\"D\u00e9couvrez la commodit\u00e9 de la Liste des prix 2026 du Camping Reno, Camping \u00e9conomique sur la c\u00f4te adriatique!\" \/>\n<meta name=\"robots\" content=\"index, follow, max-snippet:-1, max-image-preview:large, max-video-preview:-1\" \/>\n<link rel=\"canonical\" href=\"https:\/\/www.campingreno.it\/fr\/liste-des-prix\/\" \/>\n<meta property=\"og:locale\" content=\"fr_FR\" \/>\n<meta property=\"og:type\" content=\"article\" \/>\n<meta property=\"og:title\" content=\"Camping \u00e9conomique sur la c\u00f4te adriatique | Liste des prix\" \/>\n<meta property=\"og:description\" content=\"D\u00e9couvrez la commodit\u00e9 de la Liste des prix 2026 du Camping Reno, Camping \u00e9conomique sur la c\u00f4te adriatique!\" \/>\n<meta property=\"og:url\" content=\"https:\/\/www.campingreno.it\/fr\/liste-des-prix\/\" \/>\n<meta property=\"og:site_name\" content=\"Camping Reno\" \/>\n<meta property=\"article:publisher\" content=\"https:\/\/facebook.com\/tomasitourism\" \/>\n<meta property=\"article:modified_time\" content=\"2025-12-12T16:01:29+00:00\" \/>\n<meta property=\"og:image\" content=\"https:\/\/www.campingreno.it\/wp-content\/uploads\/sites\/192\/2024\/12\/open_air_air_lodge_tent.jpg\" \/>\n\t<meta property=\"og:image:width\" content=\"2200\" \/>\n\t<meta property=\"og:image:height\" content=\"1200\" \/>\n\t<meta property=\"og:image:type\" content=\"image\/jpeg\" \/>\n<meta name=\"twitter:card\" content=\"summary_large_image\" \/>\n<meta name=\"twitter:label1\" content=\"Dur\u00e9e de lecture estim\u00e9e\" \/>\n\t<meta name=\"twitter:data1\" content=\"1 minute\" \/>\n<script type=\"application\/ld+json\" class=\"yoast-schema-graph\">{\"@context\":\"https:\/\/schema.org\",\"@graph\":[{\"@type\":\"WebPage\",\"@id\":\"https:\/\/www.campingreno.it\/fr\/liste-des-prix\/\",\"url\":\"https:\/\/www.campingreno.it\/fr\/liste-des-prix\/\",\"name\":\"Camping \u00e9conomique sur la c\u00f4te adriatique | Liste des prix\",\"isPartOf\":{\"@id\":\"https:\/\/www.campingreno.it\/fr\/#website\"},\"primaryImageOfPage\":{\"@id\":\"https:\/\/www.campingreno.it\/fr\/liste-des-prix\/#primaryimage\"},\"image\":{\"@id\":\"https:\/\/www.campingreno.it\/fr\/liste-des-prix\/#primaryimage\"},\"thumbnailUrl\":\"https:\/\/www.campingreno.it\/wp-content\/uploads\/sites\/192\/2025\/12\/pannello-listino_reno-2026_03_intero-3-pdf.jpg\",\"datePublished\":\"2024-12-11T09:51:16+00:00\",\"dateModified\":\"2025-12-12T16:01:29+00:00\",\"description\":\"D\u00e9couvrez la commodit\u00e9 de la Liste des prix 2026 du Camping Reno, Camping \u00e9conomique sur la c\u00f4te adriatique!\",\"breadcrumb\":{\"@id\":\"https:\/\/www.campingreno.it\/fr\/liste-des-prix\/#breadcrumb\"},\"inLanguage\":\"fr-FR\",\"potentialAction\":[{\"@type\":\"ReadAction\",\"target\":[\"https:\/\/www.campingreno.it\/fr\/liste-des-prix\/\"]}]},{\"@type\":\"ImageObject\",\"inLanguage\":\"fr-FR\",\"@id\":\"https:\/\/www.campingreno.it\/fr\/liste-des-prix\/#primaryimage\",\"url\":\"https:\/\/www.campingreno.it\/wp-content\/uploads\/sites\/192\/2025\/12\/pannello-listino_reno-2026_03_intero-3-pdf.jpg\",\"contentUrl\":\"https:\/\/www.campingreno.it\/wp-content\/uploads\/sites\/192\/2025\/12\/pannello-listino_reno-2026_03_intero-3-pdf.jpg\",\"caption\":\"Camping \u00e9conomique sur la c\u00f4te adriatique | Liste des prix\"},{\"@type\":\"BreadcrumbList\",\"@id\":\"https:\/\/www.campingreno.it\/fr\/liste-des-prix\/#breadcrumb\",\"itemListElement\":[{\"@type\":\"ListItem\",\"position\":1,\"name\":\"Home\",\"item\":\"https:\/\/www.campingreno.it\/fr\/\"},{\"@type\":\"ListItem\",\"position\":2,\"name\":\"Liste des prix\"}]},{\"@type\":\"WebSite\",\"@id\":\"https:\/\/www.campingreno.it\/fr\/#website\",\"url\":\"https:\/\/www.campingreno.it\/fr\/\",\"name\":\"Camping Reno\",\"description\":\"\",\"publisher\":{\"@id\":\"https:\/\/www.campingreno.it\/fr\/#organization\"},\"potentialAction\":[{\"@type\":\"SearchAction\",\"target\":{\"@type\":\"EntryPoint\",\"urlTemplate\":\"https:\/\/www.campingreno.it\/fr\/?s={search_term_string}\"},\"query-input\":\"required name=search_term_string\"}],\"inLanguage\":\"fr-FR\"},{\"@type\":\"Organization\",\"@id\":\"https:\/\/www.campingreno.it\/fr\/#organization\",\"name\":\"Camping Reno\",\"url\":\"https:\/\/www.campingreno.it\/fr\/\",\"logo\":{\"@type\":\"ImageObject\",\"inLanguage\":\"fr-FR\",\"@id\":\"https:\/\/www.campingreno.it\/fr\/#\/schema\/logo\/image\/\",\"url\":\"https:\/\/www.campingreno.it\/wp-content\/uploads\/sites\/192\/2024\/12\/logo_reno-no-sfondo-2.png\",\"contentUrl\":\"https:\/\/www.campingreno.it\/wp-content\/uploads\/sites\/192\/2024\/12\/logo_reno-no-sfondo-2.png\",\"width\":567,\"height\":286,\"caption\":\"Camping Reno\"},\"image\":{\"@id\":\"https:\/\/www.campingreno.it\/fr\/#\/schema\/logo\/image\/\"},\"sameAs\":[\"https:\/\/facebook.com\/tomasitourism\",\"https:\/\/instagram.com\/camping_reno\"]}]}<\/script>\n<!-- \/ Yoast SEO plugin. -->","yoast_head_json":{"title":"Camping \u00e9conomique sur la c\u00f4te adriatique | Liste des prix","description":"D\u00e9couvrez la commodit\u00e9 de la Liste des prix 2026 du Camping Reno, Camping \u00e9conomique sur la c\u00f4te adriatique!","robots":{"index":"index","follow":"follow","max-snippet":"max-snippet:-1","max-image-preview":"max-image-preview:large","max-video-preview":"max-video-preview:-1"},"canonical":"https:\/\/www.campingreno.it\/fr\/liste-des-prix\/","og_locale":"fr_FR","og_type":"article","og_title":"Camping \u00e9conomique sur la c\u00f4te adriatique | Liste des prix","og_description":"D\u00e9couvrez la commodit\u00e9 de la Liste des prix 2026 du Camping Reno, Camping \u00e9conomique sur la c\u00f4te adriatique!","og_url":"https:\/\/www.campingreno.it\/fr\/liste-des-prix\/","og_site_name":"Camping Reno","article_publisher":"https:\/\/facebook.com\/tomasitourism","article_modified_time":"2025-12-12T16:01:29+00:00","og_image":[{"width":2200,"height":1200,"url":"https:\/\/www.campingreno.it\/wp-content\/uploads\/sites\/192\/2024\/12\/open_air_air_lodge_tent.jpg","type":"image\/jpeg"}],"twitter_card":"summary_large_image","twitter_misc":{"Dur\u00e9e de lecture estim\u00e9e":"1 minute"},"schema":{"@context":"https:\/\/schema.org","@graph":[{"@type":"WebPage","@id":"https:\/\/www.campingreno.it\/fr\/liste-des-prix\/","url":"https:\/\/www.campingreno.it\/fr\/liste-des-prix\/","name":"Camping \u00e9conomique sur la c\u00f4te adriatique | Liste des prix","isPartOf":{"@id":"https:\/\/www.campingreno.it\/fr\/#website"},"primaryImageOfPage":{"@id":"https:\/\/www.campingreno.it\/fr\/liste-des-prix\/#primaryimage"},"image":{"@id":"https:\/\/www.campingreno.it\/fr\/liste-des-prix\/#primaryimage"},"thumbnailUrl":"https:\/\/www.campingreno.it\/wp-content\/uploads\/sites\/192\/2025\/12\/pannello-listino_reno-2026_03_intero-3-pdf.jpg","datePublished":"2024-12-11T09:51:16+00:00","dateModified":"2025-12-12T16:01:29+00:00","description":"D\u00e9couvrez la commodit\u00e9 de la Liste des prix 2026 du Camping Reno, Camping \u00e9conomique sur la c\u00f4te adriatique!","breadcrumb":{"@id":"https:\/\/www.campingreno.it\/fr\/liste-des-prix\/#breadcrumb"},"inLanguage":"fr-FR","potentialAction":[{"@type":"ReadAction","target":["https:\/\/www.campingreno.it\/fr\/liste-des-prix\/"]}]},{"@type":"ImageObject","inLanguage":"fr-FR","@id":"https:\/\/www.campingreno.it\/fr\/liste-des-prix\/#primaryimage","url":"https:\/\/www.campingreno.it\/wp-content\/uploads\/sites\/192\/2025\/12\/pannello-listino_reno-2026_03_intero-3-pdf.jpg","contentUrl":"https:\/\/www.campingreno.it\/wp-content\/uploads\/sites\/192\/2025\/12\/pannello-listino_reno-2026_03_intero-3-pdf.jpg","caption":"Camping \u00e9conomique sur la c\u00f4te adriatique | Liste des prix"},{"@type":"BreadcrumbList","@id":"https:\/\/www.campingreno.it\/fr\/liste-des-prix\/#breadcrumb","itemListElement":[{"@type":"ListItem","position":1,"name":"Home","item":"https:\/\/www.campingreno.it\/fr\/"},{"@type":"ListItem","position":2,"name":"Liste des prix"}]},{"@type":"WebSite","@id":"https:\/\/www.campingreno.it\/fr\/#website","url":"https:\/\/www.campingreno.it\/fr\/","name":"Camping Reno","description":"","publisher":{"@id":"https:\/\/www.campingreno.it\/fr\/#organization"},"potentialAction":[{"@type":"SearchAction","target":{"@type":"EntryPoint","urlTemplate":"https:\/\/www.campingreno.it\/fr\/?s={search_term_string}"},"query-input":"required name=search_term_string"}],"inLanguage":"fr-FR"},{"@type":"Organization","@id":"https:\/\/www.campingreno.it\/fr\/#organization","name":"Camping Reno","url":"https:\/\/www.campingreno.it\/fr\/","logo":{"@type":"ImageObject","inLanguage":"fr-FR","@id":"https:\/\/www.campingreno.it\/fr\/#\/schema\/logo\/image\/","url":"https:\/\/www.campingreno.it\/wp-content\/uploads\/sites\/192\/2024\/12\/logo_reno-no-sfondo-2.png","contentUrl":"https:\/\/www.campingreno.it\/wp-content\/uploads\/sites\/192\/2024\/12\/logo_reno-no-sfondo-2.png","width":567,"height":286,"caption":"Camping Reno"},"image":{"@id":"https:\/\/www.campingreno.it\/fr\/#\/schema\/logo\/image\/"},"sameAs":["https:\/\/facebook.com\/tomasitourism","https:\/\/instagram.com\/camping_reno"]}]}},"acf":[],"_links":{"self":[{"href":"https:\/\/www.campingreno.it\/fr\/wp-json\/wp\/v2\/pages\/3457"}],"collection":[{"href":"https:\/\/www.campingreno.it\/fr\/wp-json\/wp\/v2\/pages"}],"about":[{"href":"https:\/\/www.campingreno.it\/fr\/wp-json\/wp\/v2\/types\/page"}],"author":[{"embeddable":true,"href":"https:\/\/www.campingreno.it\/fr\/wp-json\/wp\/v2\/users\/13"}],"replies":[{"embeddable":true,"href":"https:\/\/www.campingreno.it\/fr\/wp-json\/wp\/v2\/comments?post=3457"}],"version-history":[{"count":0,"href":"https:\/\/www.campingreno.it\/fr\/wp-json\/wp\/v2\/pages\/3457\/revisions"}],"wp:featuredmedia":[{"embeddable":true,"href":"https:\/\/www.campingreno.it\/fr\/wp-json\/wp\/v2\/media\/4295"}],"wp:attachment":[{"href":"https:\/\/www.campingreno.it\/fr\/wp-json\/wp\/v2\/media?parent=3457"}],"curies":[{"name":"wp","href":"https:\/\/api.w.org\/{rel}","templated":true}]}}