   {"id":3461,"date":"2024-12-10T16:52:57","date_gmt":"2024-12-10T16:52:57","guid":{"rendered":"https:\/\/www.campingreno.it\/liste-des-prix\/bungalow-mobilhome-glamping-casalborsetti\/"},"modified":"2025-10-28T14:53:51","modified_gmt":"2025-10-28T14:53:51","slug":"campings-emilie-romagne-tarifs-des-hebergements","status":"publish","type":"page","link":"https:\/\/www.campingreno.it\/fr\/liste-des-prix\/campings-emilie-romagne-tarifs-des-hebergements\/","title":{"rendered":"Tarifs des h\u00e9bergements"},"content":{"rendered":"<p>Tarifs des H\u00e9bergements 2026 Camping Reno Casal Borsetti, <strong>Campings \u00c9milie-Romagne<\/strong><\/p>\n<p>&nbsp;<\/p>\n<p><a href=\"https:\/\/www.scidoo.com\/preventivov2\/?cod=1209&amp;dataarr=2025-9-21&amp;notti=7&amp;adult=2&amp;children=&amp;IDsotto_struttura=607&amp;lang=3&amp;structure_type=0&amp;promocode=\"><strong>R\u00c9SERVEZ D\u00c8S MAINTENANT !<\/strong><\/a><!--more--><\/p>\n","protected":false},"excerpt":{"rendered":"<p>Tarifs des H\u00e9bergements 2026 Camping Reno Casal Borsetti, Campings \u00c9milie-Romagne &nbsp; R\u00c9SERVEZ D\u00c8S MAINTENANT !<\/p>\n","protected":false},"author":13,"featured_media":3857,"parent":3457,"menu_order":35,"comment_status":"closed","ping_status":"closed","template":"template-pricelist.php","meta":{"footnotes":""},"yoast_head":"<!-- This site is optimized with the Yoast SEO plugin v22.3 - https:\/\/yoast.com\/wordpress\/plugins\/seo\/ -->\n<title>Campings \u00c9milie-Romagne | Tarifs des h\u00e9bergements<\/title>\n<meta name=\"description\" content=\"D\u00e9couvrez la commodit\u00e9 de la grille tarifaire des h\u00e9bergements du Camping Reno, Camping en \u00c9milie-Romagne, directement sur la mer!\" \/>\n<meta name=\"robots\" content=\"index, follow, max-snippet:-1, max-image-preview:large, max-video-preview:-1\" \/>\n<link rel=\"canonical\" href=\"https:\/\/www.campingreno.it\/fr\/liste-des-prix\/campings-emilie-romagne-tarifs-des-hebergements\/\" \/>\n<meta property=\"og:locale\" content=\"fr_FR\" \/>\n<meta property=\"og:type\" content=\"article\" \/>\n<meta property=\"og:title\" content=\"Campings \u00c9milie-Romagne | Tarifs des h\u00e9bergements\" \/>\n<meta property=\"og:description\" content=\"D\u00e9couvrez la commodit\u00e9 de la grille tarifaire des h\u00e9bergements du Camping Reno, Camping en \u00c9milie-Romagne, directement sur la mer!\" \/>\n<meta property=\"og:url\" content=\"https:\/\/www.campingreno.it\/fr\/liste-des-prix\/campings-emilie-romagne-tarifs-des-hebergements\/\" \/>\n<meta property=\"og:site_name\" content=\"Camping Reno\" \/>\n<meta property=\"article:publisher\" content=\"https:\/\/facebook.com\/tomasitourism\" \/>\n<meta property=\"article:modified_time\" content=\"2025-10-28T14:53:51+00:00\" \/>\n<meta property=\"og:image\" content=\"https:\/\/www.campingreno.it\/wp-content\/uploads\/sites\/192\/2024\/12\/open_air_air_lodge_tent.jpg\" \/>\n\t<meta property=\"og:image:width\" content=\"2200\" \/>\n\t<meta property=\"og:image:height\" content=\"1200\" \/>\n\t<meta property=\"og:image:type\" content=\"image\/jpeg\" \/>\n<meta name=\"twitter:card\" content=\"summary_large_image\" \/>\n<meta name=\"twitter:label1\" content=\"Dur\u00e9e de lecture estim\u00e9e\" \/>\n\t<meta name=\"twitter:data1\" content=\"1 minute\" \/>\n<script type=\"application\/ld+json\" class=\"yoast-schema-graph\">{\"@context\":\"https:\/\/schema.org\",\"@graph\":[{\"@type\":\"WebPage\",\"@id\":\"https:\/\/www.campingreno.it\/fr\/liste-des-prix\/campings-emilie-romagne-tarifs-des-hebergements\/\",\"url\":\"https:\/\/www.campingreno.it\/fr\/liste-des-prix\/campings-emilie-romagne-tarifs-des-hebergements\/\",\"name\":\"Campings \u00c9milie-Romagne | Tarifs des h\u00e9bergements\",\"isPartOf\":{\"@id\":\"https:\/\/www.campingreno.it\/fr\/#website\"},\"primaryImageOfPage\":{\"@id\":\"https:\/\/www.campingreno.it\/fr\/liste-des-prix\/campings-emilie-romagne-tarifs-des-hebergements\/#primaryimage\"},\"image\":{\"@id\":\"https:\/\/www.campingreno.it\/fr\/liste-des-prix\/campings-emilie-romagne-tarifs-des-hebergements\/#primaryimage\"},\"thumbnailUrl\":\"https:\/\/www.campingreno.it\/wp-content\/uploads\/sites\/192\/2025\/05\/Pagine-da-pannelli-listino-BUNGALOW-1-pdf.jpg\",\"datePublished\":\"2024-12-10T16:52:57+00:00\",\"dateModified\":\"2025-10-28T14:53:51+00:00\",\"description\":\"D\u00e9couvrez la commodit\u00e9 de la grille tarifaire des h\u00e9bergements du Camping Reno, Camping en \u00c9milie-Romagne, directement sur la mer!\",\"breadcrumb\":{\"@id\":\"https:\/\/www.campingreno.it\/fr\/liste-des-prix\/campings-emilie-romagne-tarifs-des-hebergements\/#breadcrumb\"},\"inLanguage\":\"fr-FR\",\"potentialAction\":[{\"@type\":\"ReadAction\",\"target\":[\"https:\/\/www.campingreno.it\/fr\/liste-des-prix\/campings-emilie-romagne-tarifs-des-hebergements\/\"]}]},{\"@type\":\"ImageObject\",\"inLanguage\":\"fr-FR\",\"@id\":\"https:\/\/www.campingreno.it\/fr\/liste-des-prix\/campings-emilie-romagne-tarifs-des-hebergements\/#primaryimage\",\"url\":\"https:\/\/www.campingreno.it\/wp-content\/uploads\/sites\/192\/2025\/05\/Pagine-da-pannelli-listino-BUNGALOW-1-pdf.jpg\",\"contentUrl\":\"https:\/\/www.campingreno.it\/wp-content\/uploads\/sites\/192\/2025\/05\/Pagine-da-pannelli-listino-BUNGALOW-1-pdf.jpg\"},{\"@type\":\"BreadcrumbList\",\"@id\":\"https:\/\/www.campingreno.it\/fr\/liste-des-prix\/campings-emilie-romagne-tarifs-des-hebergements\/#breadcrumb\",\"itemListElement\":[{\"@type\":\"ListItem\",\"position\":1,\"name\":\"Home\",\"item\":\"https:\/\/www.campingreno.it\/fr\/\"},{\"@type\":\"ListItem\",\"position\":2,\"name\":\"Liste des prix\",\"item\":\"https:\/\/www.campingreno.it\/fr\/liste-des-prix\/\"},{\"@type\":\"ListItem\",\"position\":3,\"name\":\"Tarifs des h\u00e9bergements\"}]},{\"@type\":\"WebSite\",\"@id\":\"https:\/\/www.campingreno.it\/fr\/#website\",\"url\":\"https:\/\/www.campingreno.it\/fr\/\",\"name\":\"Camping Reno\",\"description\":\"\",\"publisher\":{\"@id\":\"https:\/\/www.campingreno.it\/fr\/#organization\"},\"potentialAction\":[{\"@type\":\"SearchAction\",\"target\":{\"@type\":\"EntryPoint\",\"urlTemplate\":\"https:\/\/www.campingreno.it\/fr\/?s={search_term_string}\"},\"query-input\":\"required name=search_term_string\"}],\"inLanguage\":\"fr-FR\"},{\"@type\":\"Organization\",\"@id\":\"https:\/\/www.campingreno.it\/fr\/#organization\",\"name\":\"Camping Reno\",\"url\":\"https:\/\/www.campingreno.it\/fr\/\",\"logo\":{\"@type\":\"ImageObject\",\"inLanguage\":\"fr-FR\",\"@id\":\"https:\/\/www.campingreno.it\/fr\/#\/schema\/logo\/image\/\",\"url\":\"https:\/\/www.campingreno.it\/wp-content\/uploads\/sites\/192\/2024\/12\/logo_reno-no-sfondo-2.png\",\"contentUrl\":\"https:\/\/www.campingreno.it\/wp-content\/uploads\/sites\/192\/2024\/12\/logo_reno-no-sfondo-2.png\",\"width\":567,\"height\":286,\"caption\":\"Camping Reno\"},\"image\":{\"@id\":\"https:\/\/www.campingreno.it\/fr\/#\/schema\/logo\/image\/\"},\"sameAs\":[\"https:\/\/facebook.com\/tomasitourism\",\"https:\/\/instagram.com\/camping_reno\"]}]}<\/script>\n<!-- \/ Yoast SEO plugin. -->","yoast_head_json":{"title":"Campings \u00c9milie-Romagne | Tarifs des h\u00e9bergements","description":"D\u00e9couvrez la commodit\u00e9 de la grille tarifaire des h\u00e9bergements du Camping Reno, Camping en \u00c9milie-Romagne, directement sur la mer!","robots":{"index":"index","follow":"follow","max-snippet":"max-snippet:-1","max-image-preview":"max-image-preview:large","max-video-preview":"max-video-preview:-1"},"canonical":"https:\/\/www.campingreno.it\/fr\/liste-des-prix\/campings-emilie-romagne-tarifs-des-hebergements\/","og_locale":"fr_FR","og_type":"article","og_title":"Campings \u00c9milie-Romagne | Tarifs des h\u00e9bergements","og_description":"D\u00e9couvrez la commodit\u00e9 de la grille tarifaire des h\u00e9bergements du Camping Reno, Camping en \u00c9milie-Romagne, directement sur la mer!","og_url":"https:\/\/www.campingreno.it\/fr\/liste-des-prix\/campings-emilie-romagne-tarifs-des-hebergements\/","og_site_name":"Camping Reno","article_publisher":"https:\/\/facebook.com\/tomasitourism","article_modified_time":"2025-10-28T14:53:51+00:00","og_image":[{"width":2200,"height":1200,"url":"https:\/\/www.campingreno.it\/wp-content\/uploads\/sites\/192\/2024\/12\/open_air_air_lodge_tent.jpg","type":"image\/jpeg"}],"twitter_card":"summary_large_image","twitter_misc":{"Dur\u00e9e de lecture estim\u00e9e":"1 minute"},"schema":{"@context":"https:\/\/schema.org","@graph":[{"@type":"WebPage","@id":"https:\/\/www.campingreno.it\/fr\/liste-des-prix\/campings-emilie-romagne-tarifs-des-hebergements\/","url":"https:\/\/www.campingreno.it\/fr\/liste-des-prix\/campings-emilie-romagne-tarifs-des-hebergements\/","name":"Campings \u00c9milie-Romagne | Tarifs des h\u00e9bergements","isPartOf":{"@id":"https:\/\/www.campingreno.it\/fr\/#website"},"primaryImageOfPage":{"@id":"https:\/\/www.campingreno.it\/fr\/liste-des-prix\/campings-emilie-romagne-tarifs-des-hebergements\/#primaryimage"},"image":{"@id":"https:\/\/www.campingreno.it\/fr\/liste-des-prix\/campings-emilie-romagne-tarifs-des-hebergements\/#primaryimage"},"thumbnailUrl":"https:\/\/www.campingreno.it\/wp-content\/uploads\/sites\/192\/2025\/05\/Pagine-da-pannelli-listino-BUNGALOW-1-pdf.jpg","datePublished":"2024-12-10T16:52:57+00:00","dateModified":"2025-10-28T14:53:51+00:00","description":"D\u00e9couvrez la commodit\u00e9 de la grille tarifaire des h\u00e9bergements du Camping Reno, Camping en \u00c9milie-Romagne, directement sur la mer!","breadcrumb":{"@id":"https:\/\/www.campingreno.it\/fr\/liste-des-prix\/campings-emilie-romagne-tarifs-des-hebergements\/#breadcrumb"},"inLanguage":"fr-FR","potentialAction":[{"@type":"ReadAction","target":["https:\/\/www.campingreno.it\/fr\/liste-des-prix\/campings-emilie-romagne-tarifs-des-hebergements\/"]}]},{"@type":"ImageObject","inLanguage":"fr-FR","@id":"https:\/\/www.campingreno.it\/fr\/liste-des-prix\/campings-emilie-romagne-tarifs-des-hebergements\/#primaryimage","url":"https:\/\/www.campingreno.it\/wp-content\/uploads\/sites\/192\/2025\/05\/Pagine-da-pannelli-listino-BUNGALOW-1-pdf.jpg","contentUrl":"https:\/\/www.campingreno.it\/wp-content\/uploads\/sites\/192\/2025\/05\/Pagine-da-pannelli-listino-BUNGALOW-1-pdf.jpg"},{"@type":"BreadcrumbList","@id":"https:\/\/www.campingreno.it\/fr\/liste-des-prix\/campings-emilie-romagne-tarifs-des-hebergements\/#breadcrumb","itemListElement":[{"@type":"ListItem","position":1,"name":"Home","item":"https:\/\/www.campingreno.it\/fr\/"},{"@type":"ListItem","position":2,"name":"Liste des prix","item":"https:\/\/www.campingreno.it\/fr\/liste-des-prix\/"},{"@type":"ListItem","position":3,"name":"Tarifs des h\u00e9bergements"}]},{"@type":"WebSite","@id":"https:\/\/www.campingreno.it\/fr\/#website","url":"https:\/\/www.campingreno.it\/fr\/","name":"Camping Reno","description":"","publisher":{"@id":"https:\/\/www.campingreno.it\/fr\/#organization"},"potentialAction":[{"@type":"SearchAction","target":{"@type":"EntryPoint","urlTemplate":"https:\/\/www.campingreno.it\/fr\/?s={search_term_string}"},"query-input":"required name=search_term_string"}],"inLanguage":"fr-FR"},{"@type":"Organization","@id":"https:\/\/www.campingreno.it\/fr\/#organization","name":"Camping Reno","url":"https:\/\/www.campingreno.it\/fr\/","logo":{"@type":"ImageObject","inLanguage":"fr-FR","@id":"https:\/\/www.campingreno.it\/fr\/#\/schema\/logo\/image\/","url":"https:\/\/www.campingreno.it\/wp-content\/uploads\/sites\/192\/2024\/12\/logo_reno-no-sfondo-2.png","contentUrl":"https:\/\/www.campingreno.it\/wp-content\/uploads\/sites\/192\/2024\/12\/logo_reno-no-sfondo-2.png","width":567,"height":286,"caption":"Camping Reno"},"image":{"@id":"https:\/\/www.campingreno.it\/fr\/#\/schema\/logo\/image\/"},"sameAs":["https:\/\/facebook.com\/tomasitourism","https:\/\/instagram.com\/camping_reno"]}]}},"acf":[],"_links":{"self":[{"href":"https:\/\/www.campingreno.it\/fr\/wp-json\/wp\/v2\/pages\/3461"}],"collection":[{"href":"https:\/\/www.campingreno.it\/fr\/wp-json\/wp\/v2\/pages"}],"about":[{"href":"https:\/\/www.campingreno.it\/fr\/wp-json\/wp\/v2\/types\/page"}],"author":[{"embeddable":true,"href":"https:\/\/www.campingreno.it\/fr\/wp-json\/wp\/v2\/users\/13"}],"replies":[{"embeddable":true,"href":"https:\/\/www.campingreno.it\/fr\/wp-json\/wp\/v2\/comments?post=3461"}],"version-history":[{"count":0,"href":"https:\/\/www.campingreno.it\/fr\/wp-json\/wp\/v2\/pages\/3461\/revisions"}],"up":[{"embeddable":true,"href":"https:\/\/www.campingreno.it\/fr\/wp-json\/wp\/v2\/pages\/3457"}],"wp:featuredmedia":[{"embeddable":true,"href":"https:\/\/www.campingreno.it\/fr\/wp-json\/wp\/v2\/media\/3857"}],"wp:attachment":[{"href":"https:\/\/www.campingreno.it\/fr\/wp-json\/wp\/v2\/media?parent=3461"}],"curies":[{"name":"wp","href":"https:\/\/api.w.org\/{rel}","templated":true}]}}