   {"id":3464,"date":"2024-12-10T14:01:08","date_gmt":"2024-12-10T14:01:08","guid":{"rendered":"https:\/\/www.campingreno.it\/liste-des-prix\/piazzole-tenda-camper-caravan-casalborsetti\/"},"modified":"2025-12-19T15:11:05","modified_gmt":"2025-12-19T15:11:05","slug":"camping-economique-avec-emplacements-a-ravenne-tarifs-des-emplacements","status":"publish","type":"page","link":"https:\/\/www.campingreno.it\/fr\/liste-des-prix\/camping-economique-avec-emplacements-a-ravenne-tarifs-des-emplacements\/","title":{"rendered":"Tarifs des Emplacements"},"content":{"rendered":"<p>Tarifs des emplacements <strong>2026<\/strong>\u00a0Camping Reno, <strong>Camping \u00e9conomique \u00e0 Ravenne<\/strong><\/p>\n<p><a href=\"https:\/\/www.scidoo.com\/preventivov2\/?cod=1209&amp;dataarr=2025-9-21&amp;notti=6&amp;adult=2&amp;children=&amp;IDsotto_struttura=0&amp;lang=3&amp;structure_type=0&amp;promocode=\"><strong>R\u00c9SERVEZ D\u00c8S MAINTENANT !<\/strong><\/a><\/p>\n","protected":false},"excerpt":{"rendered":"<p>Tarifs des emplacements 2026\u00a0Camping Reno, Camping \u00e9conomique \u00e0 Ravenne R\u00c9SERVEZ D\u00c8S MAINTENANT !<\/p>\n","protected":false},"author":13,"featured_media":4541,"parent":3457,"menu_order":36,"comment_status":"closed","ping_status":"closed","template":"template-pricelist.php","meta":{"footnotes":""},"yoast_head":"<!-- This site is optimized with the Yoast SEO plugin v22.3 - https:\/\/yoast.com\/wordpress\/plugins\/seo\/ -->\n<title>Camping \u00e9conomique \u00e0 Ravenne | Tarifs des Emplacements<\/title>\n<meta name=\"description\" content=\"D\u00e9couvrez la commodit\u00e9 des tarifs emplacements 2026 du Camping Reno, Camping \u00e9conomique avec emplacements \u00e0 Ravenne!\" \/>\n<meta name=\"robots\" content=\"index, follow, max-snippet:-1, max-image-preview:large, max-video-preview:-1\" \/>\n<link rel=\"canonical\" href=\"https:\/\/www.campingreno.it\/fr\/liste-des-prix\/camping-economique-avec-emplacements-a-ravenne-tarifs-des-emplacements\/\" \/>\n<meta property=\"og:locale\" content=\"fr_FR\" \/>\n<meta property=\"og:type\" content=\"article\" \/>\n<meta property=\"og:title\" content=\"Camping \u00e9conomique \u00e0 Ravenne | Tarifs des Emplacements\" \/>\n<meta property=\"og:description\" content=\"D\u00e9couvrez la commodit\u00e9 des tarifs emplacements 2026 du Camping Reno, Camping \u00e9conomique avec emplacements \u00e0 Ravenne!\" \/>\n<meta property=\"og:url\" content=\"https:\/\/www.campingreno.it\/fr\/liste-des-prix\/camping-economique-avec-emplacements-a-ravenne-tarifs-des-emplacements\/\" \/>\n<meta property=\"og:site_name\" content=\"Camping Reno\" \/>\n<meta property=\"article:publisher\" content=\"https:\/\/facebook.com\/tomasitourism\" \/>\n<meta property=\"article:modified_time\" content=\"2025-12-19T15:11:05+00:00\" \/>\n<meta property=\"og:image\" content=\"https:\/\/www.campingreno.it\/wp-content\/uploads\/sites\/192\/2024\/12\/open_air_air_lodge_tent.jpg\" \/>\n\t<meta property=\"og:image:width\" content=\"2200\" \/>\n\t<meta property=\"og:image:height\" content=\"1200\" \/>\n\t<meta property=\"og:image:type\" content=\"image\/jpeg\" \/>\n<meta name=\"twitter:card\" content=\"summary_large_image\" \/>\n<meta name=\"twitter:label1\" content=\"Dur\u00e9e de lecture estim\u00e9e\" \/>\n\t<meta name=\"twitter:data1\" content=\"1 minute\" \/>\n<script type=\"application\/ld+json\" class=\"yoast-schema-graph\">{\"@context\":\"https:\/\/schema.org\",\"@graph\":[{\"@type\":\"WebPage\",\"@id\":\"https:\/\/www.campingreno.it\/fr\/liste-des-prix\/camping-economique-avec-emplacements-a-ravenne-tarifs-des-emplacements\/\",\"url\":\"https:\/\/www.campingreno.it\/fr\/liste-des-prix\/camping-economique-avec-emplacements-a-ravenne-tarifs-des-emplacements\/\",\"name\":\"Camping \u00e9conomique \u00e0 Ravenne | Tarifs des Emplacements\",\"isPartOf\":{\"@id\":\"https:\/\/www.campingreno.it\/fr\/#website\"},\"primaryImageOfPage\":{\"@id\":\"https:\/\/www.campingreno.it\/fr\/liste-des-prix\/camping-economique-avec-emplacements-a-ravenne-tarifs-des-emplacements\/#primaryimage\"},\"image\":{\"@id\":\"https:\/\/www.campingreno.it\/fr\/liste-des-prix\/camping-economique-avec-emplacements-a-ravenne-tarifs-des-emplacements\/#primaryimage\"},\"thumbnailUrl\":\"https:\/\/www.campingreno.it\/wp-content\/uploads\/sites\/192\/2025\/12\/pannelli-listino-separati-2026_02-pdf.jpg\",\"datePublished\":\"2024-12-10T14:01:08+00:00\",\"dateModified\":\"2025-12-19T15:11:05+00:00\",\"description\":\"D\u00e9couvrez la commodit\u00e9 des tarifs emplacements 2026 du Camping Reno, Camping \u00e9conomique avec emplacements \u00e0 Ravenne!\",\"breadcrumb\":{\"@id\":\"https:\/\/www.campingreno.it\/fr\/liste-des-prix\/camping-economique-avec-emplacements-a-ravenne-tarifs-des-emplacements\/#breadcrumb\"},\"inLanguage\":\"fr-FR\",\"potentialAction\":[{\"@type\":\"ReadAction\",\"target\":[\"https:\/\/www.campingreno.it\/fr\/liste-des-prix\/camping-economique-avec-emplacements-a-ravenne-tarifs-des-emplacements\/\"]}]},{\"@type\":\"ImageObject\",\"inLanguage\":\"fr-FR\",\"@id\":\"https:\/\/www.campingreno.it\/fr\/liste-des-prix\/camping-economique-avec-emplacements-a-ravenne-tarifs-des-emplacements\/#primaryimage\",\"url\":\"https:\/\/www.campingreno.it\/wp-content\/uploads\/sites\/192\/2025\/12\/pannelli-listino-separati-2026_02-pdf.jpg\",\"contentUrl\":\"https:\/\/www.campingreno.it\/wp-content\/uploads\/sites\/192\/2025\/12\/pannelli-listino-separati-2026_02-pdf.jpg\",\"caption\":\"Camping \u00e9conomique \u00e0 Ravenne | Tarifs des Emplacements\"},{\"@type\":\"BreadcrumbList\",\"@id\":\"https:\/\/www.campingreno.it\/fr\/liste-des-prix\/camping-economique-avec-emplacements-a-ravenne-tarifs-des-emplacements\/#breadcrumb\",\"itemListElement\":[{\"@type\":\"ListItem\",\"position\":1,\"name\":\"Home\",\"item\":\"https:\/\/www.campingreno.it\/fr\/\"},{\"@type\":\"ListItem\",\"position\":2,\"name\":\"Liste des prix\",\"item\":\"https:\/\/www.campingreno.it\/fr\/liste-des-prix\/\"},{\"@type\":\"ListItem\",\"position\":3,\"name\":\"Tarifs des Emplacements\"}]},{\"@type\":\"WebSite\",\"@id\":\"https:\/\/www.campingreno.it\/fr\/#website\",\"url\":\"https:\/\/www.campingreno.it\/fr\/\",\"name\":\"Camping Reno\",\"description\":\"\",\"publisher\":{\"@id\":\"https:\/\/www.campingreno.it\/fr\/#organization\"},\"potentialAction\":[{\"@type\":\"SearchAction\",\"target\":{\"@type\":\"EntryPoint\",\"urlTemplate\":\"https:\/\/www.campingreno.it\/fr\/?s={search_term_string}\"},\"query-input\":\"required name=search_term_string\"}],\"inLanguage\":\"fr-FR\"},{\"@type\":\"Organization\",\"@id\":\"https:\/\/www.campingreno.it\/fr\/#organization\",\"name\":\"Camping Reno\",\"url\":\"https:\/\/www.campingreno.it\/fr\/\",\"logo\":{\"@type\":\"ImageObject\",\"inLanguage\":\"fr-FR\",\"@id\":\"https:\/\/www.campingreno.it\/fr\/#\/schema\/logo\/image\/\",\"url\":\"https:\/\/www.campingreno.it\/wp-content\/uploads\/sites\/192\/2024\/12\/logo_reno-no-sfondo-2.png\",\"contentUrl\":\"https:\/\/www.campingreno.it\/wp-content\/uploads\/sites\/192\/2024\/12\/logo_reno-no-sfondo-2.png\",\"width\":567,\"height\":286,\"caption\":\"Camping Reno\"},\"image\":{\"@id\":\"https:\/\/www.campingreno.it\/fr\/#\/schema\/logo\/image\/\"},\"sameAs\":[\"https:\/\/facebook.com\/tomasitourism\",\"https:\/\/instagram.com\/camping_reno\"]}]}<\/script>\n<!-- \/ Yoast SEO plugin. -->","yoast_head_json":{"title":"Camping \u00e9conomique \u00e0 Ravenne | Tarifs des Emplacements","description":"D\u00e9couvrez la commodit\u00e9 des tarifs emplacements 2026 du Camping Reno, Camping \u00e9conomique avec emplacements \u00e0 Ravenne!","robots":{"index":"index","follow":"follow","max-snippet":"max-snippet:-1","max-image-preview":"max-image-preview:large","max-video-preview":"max-video-preview:-1"},"canonical":"https:\/\/www.campingreno.it\/fr\/liste-des-prix\/camping-economique-avec-emplacements-a-ravenne-tarifs-des-emplacements\/","og_locale":"fr_FR","og_type":"article","og_title":"Camping \u00e9conomique \u00e0 Ravenne | Tarifs des Emplacements","og_description":"D\u00e9couvrez la commodit\u00e9 des tarifs emplacements 2026 du Camping Reno, Camping \u00e9conomique avec emplacements \u00e0 Ravenne!","og_url":"https:\/\/www.campingreno.it\/fr\/liste-des-prix\/camping-economique-avec-emplacements-a-ravenne-tarifs-des-emplacements\/","og_site_name":"Camping Reno","article_publisher":"https:\/\/facebook.com\/tomasitourism","article_modified_time":"2025-12-19T15:11:05+00:00","og_image":[{"width":2200,"height":1200,"url":"https:\/\/www.campingreno.it\/wp-content\/uploads\/sites\/192\/2024\/12\/open_air_air_lodge_tent.jpg","type":"image\/jpeg"}],"twitter_card":"summary_large_image","twitter_misc":{"Dur\u00e9e de lecture estim\u00e9e":"1 minute"},"schema":{"@context":"https:\/\/schema.org","@graph":[{"@type":"WebPage","@id":"https:\/\/www.campingreno.it\/fr\/liste-des-prix\/camping-economique-avec-emplacements-a-ravenne-tarifs-des-emplacements\/","url":"https:\/\/www.campingreno.it\/fr\/liste-des-prix\/camping-economique-avec-emplacements-a-ravenne-tarifs-des-emplacements\/","name":"Camping \u00e9conomique \u00e0 Ravenne | Tarifs des Emplacements","isPartOf":{"@id":"https:\/\/www.campingreno.it\/fr\/#website"},"primaryImageOfPage":{"@id":"https:\/\/www.campingreno.it\/fr\/liste-des-prix\/camping-economique-avec-emplacements-a-ravenne-tarifs-des-emplacements\/#primaryimage"},"image":{"@id":"https:\/\/www.campingreno.it\/fr\/liste-des-prix\/camping-economique-avec-emplacements-a-ravenne-tarifs-des-emplacements\/#primaryimage"},"thumbnailUrl":"https:\/\/www.campingreno.it\/wp-content\/uploads\/sites\/192\/2025\/12\/pannelli-listino-separati-2026_02-pdf.jpg","datePublished":"2024-12-10T14:01:08+00:00","dateModified":"2025-12-19T15:11:05+00:00","description":"D\u00e9couvrez la commodit\u00e9 des tarifs emplacements 2026 du Camping Reno, Camping \u00e9conomique avec emplacements \u00e0 Ravenne!","breadcrumb":{"@id":"https:\/\/www.campingreno.it\/fr\/liste-des-prix\/camping-economique-avec-emplacements-a-ravenne-tarifs-des-emplacements\/#breadcrumb"},"inLanguage":"fr-FR","potentialAction":[{"@type":"ReadAction","target":["https:\/\/www.campingreno.it\/fr\/liste-des-prix\/camping-economique-avec-emplacements-a-ravenne-tarifs-des-emplacements\/"]}]},{"@type":"ImageObject","inLanguage":"fr-FR","@id":"https:\/\/www.campingreno.it\/fr\/liste-des-prix\/camping-economique-avec-emplacements-a-ravenne-tarifs-des-emplacements\/#primaryimage","url":"https:\/\/www.campingreno.it\/wp-content\/uploads\/sites\/192\/2025\/12\/pannelli-listino-separati-2026_02-pdf.jpg","contentUrl":"https:\/\/www.campingreno.it\/wp-content\/uploads\/sites\/192\/2025\/12\/pannelli-listino-separati-2026_02-pdf.jpg","caption":"Camping \u00e9conomique \u00e0 Ravenne | Tarifs des Emplacements"},{"@type":"BreadcrumbList","@id":"https:\/\/www.campingreno.it\/fr\/liste-des-prix\/camping-economique-avec-emplacements-a-ravenne-tarifs-des-emplacements\/#breadcrumb","itemListElement":[{"@type":"ListItem","position":1,"name":"Home","item":"https:\/\/www.campingreno.it\/fr\/"},{"@type":"ListItem","position":2,"name":"Liste des prix","item":"https:\/\/www.campingreno.it\/fr\/liste-des-prix\/"},{"@type":"ListItem","position":3,"name":"Tarifs des Emplacements"}]},{"@type":"WebSite","@id":"https:\/\/www.campingreno.it\/fr\/#website","url":"https:\/\/www.campingreno.it\/fr\/","name":"Camping Reno","description":"","publisher":{"@id":"https:\/\/www.campingreno.it\/fr\/#organization"},"potentialAction":[{"@type":"SearchAction","target":{"@type":"EntryPoint","urlTemplate":"https:\/\/www.campingreno.it\/fr\/?s={search_term_string}"},"query-input":"required name=search_term_string"}],"inLanguage":"fr-FR"},{"@type":"Organization","@id":"https:\/\/www.campingreno.it\/fr\/#organization","name":"Camping Reno","url":"https:\/\/www.campingreno.it\/fr\/","logo":{"@type":"ImageObject","inLanguage":"fr-FR","@id":"https:\/\/www.campingreno.it\/fr\/#\/schema\/logo\/image\/","url":"https:\/\/www.campingreno.it\/wp-content\/uploads\/sites\/192\/2024\/12\/logo_reno-no-sfondo-2.png","contentUrl":"https:\/\/www.campingreno.it\/wp-content\/uploads\/sites\/192\/2024\/12\/logo_reno-no-sfondo-2.png","width":567,"height":286,"caption":"Camping Reno"},"image":{"@id":"https:\/\/www.campingreno.it\/fr\/#\/schema\/logo\/image\/"},"sameAs":["https:\/\/facebook.com\/tomasitourism","https:\/\/instagram.com\/camping_reno"]}]}},"acf":[],"_links":{"self":[{"href":"https:\/\/www.campingreno.it\/fr\/wp-json\/wp\/v2\/pages\/3464"}],"collection":[{"href":"https:\/\/www.campingreno.it\/fr\/wp-json\/wp\/v2\/pages"}],"about":[{"href":"https:\/\/www.campingreno.it\/fr\/wp-json\/wp\/v2\/types\/page"}],"author":[{"embeddable":true,"href":"https:\/\/www.campingreno.it\/fr\/wp-json\/wp\/v2\/users\/13"}],"replies":[{"embeddable":true,"href":"https:\/\/www.campingreno.it\/fr\/wp-json\/wp\/v2\/comments?post=3464"}],"version-history":[{"count":0,"href":"https:\/\/www.campingreno.it\/fr\/wp-json\/wp\/v2\/pages\/3464\/revisions"}],"up":[{"embeddable":true,"href":"https:\/\/www.campingreno.it\/fr\/wp-json\/wp\/v2\/pages\/3457"}],"wp:featuredmedia":[{"embeddable":true,"href":"https:\/\/www.campingreno.it\/fr\/wp-json\/wp\/v2\/media\/4541"}],"wp:attachment":[{"href":"https:\/\/www.campingreno.it\/fr\/wp-json\/wp\/v2\/media?parent=3464"}],"curies":[{"name":"wp","href":"https:\/\/api.w.org\/{rel}","templated":true}]}}