   {"id":3467,"date":"2024-12-13T13:52:26","date_gmt":"2024-12-13T13:52:26","guid":{"rendered":"https:\/\/www.campingreno.it\/offerte-vacanza-mare-campeggio-emilia-romagna\/"},"modified":"2025-05-28T16:05:00","modified_gmt":"2025-05-28T16:05:00","slug":"offres-camping-emilie-romagne-mer","status":"publish","type":"page","link":"https:\/\/www.campingreno.it\/fr\/offres-camping-emilie-romagne-mer\/","title":{"rendered":"Offres"},"content":{"rendered":"<p><strong>D\u00e9couvrez les offres camping \u00c9milie-Romagne mer<\/strong><\/p>\n<p>Liste des offres de s\u00e9jours super remis\u00e9es en \u00c9milie-Romagne pour Bungalows, Mobil-homes et Emplacements du Camping Reno, <strong>votre camping directement sur la mer<\/strong>!<\/p>\n<p>&nbsp;<\/p>\n<p><strong>R\u00c9SERVEZ MAINTENANT!<\/strong><\/p>\n","protected":false},"excerpt":{"rendered":"<p>D\u00e9couvrez les offres camping \u00c9milie-Romagne mer Liste des offres de s\u00e9jours super remis\u00e9es en \u00c9milie-Romagne pour Bungalows, Mobil-homes et Emplacements du Camping Reno, votre camping directement sur la mer! &nbsp; R\u00c9SERVEZ MAINTENANT!<\/p>\n","protected":false},"author":13,"featured_media":3859,"parent":0,"menu_order":50,"comment_status":"closed","ping_status":"closed","template":"template-offers-hub.php","meta":{"footnotes":""},"yoast_head":"<!-- This site is optimized with the Yoast SEO plugin v22.3 - https:\/\/yoast.com\/wordpress\/plugins\/seo\/ -->\n<title>Offres Camping \u00c9milie-Romagne Mer | Camping Reno<\/title>\n<meta name=\"description\" content=\"Liste des offres super remis\u00e9es pour Bungalows, Mobil-homes et Emplacements au Camping Reno, Offres Camping \u00c9milie-Romagne Mer!\" \/>\n<meta name=\"robots\" content=\"index, follow, max-snippet:-1, max-image-preview:large, max-video-preview:-1\" \/>\n<link rel=\"canonical\" href=\"https:\/\/www.campingreno.it\/fr\/offres-camping-emilie-romagne-mer\/\" \/>\n<meta property=\"og:locale\" content=\"fr_FR\" \/>\n<meta property=\"og:type\" content=\"article\" \/>\n<meta property=\"og:title\" content=\"Offres Camping \u00c9milie-Romagne Mer | Camping Reno\" \/>\n<meta property=\"og:description\" content=\"Liste des offres super remis\u00e9es pour Bungalows, Mobil-homes et Emplacements au Camping Reno, Offres Camping \u00c9milie-Romagne Mer!\" \/>\n<meta property=\"og:url\" content=\"https:\/\/www.campingreno.it\/fr\/offres-camping-emilie-romagne-mer\/\" \/>\n<meta property=\"og:site_name\" content=\"Camping Reno\" \/>\n<meta property=\"article:publisher\" content=\"https:\/\/facebook.com\/tomasitourism\" \/>\n<meta property=\"article:modified_time\" content=\"2025-05-28T16:05:00+00:00\" \/>\n<meta property=\"og:image\" content=\"https:\/\/www.campingreno.it\/wp-content\/uploads\/sites\/192\/2025\/05\/OFFERTA-IIMMAGINE-1.jpg\" \/>\n\t<meta property=\"og:image:width\" content=\"1000\" \/>\n\t<meta property=\"og:image:height\" content=\"667\" \/>\n\t<meta property=\"og:image:type\" content=\"image\/jpeg\" \/>\n<meta name=\"twitter:card\" content=\"summary_large_image\" \/>\n<meta name=\"twitter:label1\" content=\"Dur\u00e9e de lecture estim\u00e9e\" \/>\n\t<meta name=\"twitter:data1\" content=\"1 minute\" \/>\n<script type=\"application\/ld+json\" class=\"yoast-schema-graph\">{\"@context\":\"https:\/\/schema.org\",\"@graph\":[{\"@type\":\"WebPage\",\"@id\":\"https:\/\/www.campingreno.it\/fr\/offres-camping-emilie-romagne-mer\/\",\"url\":\"https:\/\/www.campingreno.it\/fr\/offres-camping-emilie-romagne-mer\/\",\"name\":\"Offres Camping \u00c9milie-Romagne Mer | Camping Reno\",\"isPartOf\":{\"@id\":\"https:\/\/www.campingreno.it\/fr\/#website\"},\"primaryImageOfPage\":{\"@id\":\"https:\/\/www.campingreno.it\/fr\/offres-camping-emilie-romagne-mer\/#primaryimage\"},\"image\":{\"@id\":\"https:\/\/www.campingreno.it\/fr\/offres-camping-emilie-romagne-mer\/#primaryimage\"},\"thumbnailUrl\":\"https:\/\/www.campingreno.it\/wp-content\/uploads\/sites\/192\/2025\/05\/OFFERTA-IIMMAGINE-1.jpg\",\"datePublished\":\"2024-12-13T13:52:26+00:00\",\"dateModified\":\"2025-05-28T16:05:00+00:00\",\"description\":\"Liste des offres super remis\u00e9es pour Bungalows, Mobil-homes et Emplacements au Camping Reno, Offres Camping \u00c9milie-Romagne Mer!\",\"breadcrumb\":{\"@id\":\"https:\/\/www.campingreno.it\/fr\/offres-camping-emilie-romagne-mer\/#breadcrumb\"},\"inLanguage\":\"fr-FR\",\"potentialAction\":[{\"@type\":\"ReadAction\",\"target\":[\"https:\/\/www.campingreno.it\/fr\/offres-camping-emilie-romagne-mer\/\"]}]},{\"@type\":\"ImageObject\",\"inLanguage\":\"fr-FR\",\"@id\":\"https:\/\/www.campingreno.it\/fr\/offres-camping-emilie-romagne-mer\/#primaryimage\",\"url\":\"https:\/\/www.campingreno.it\/wp-content\/uploads\/sites\/192\/2025\/05\/OFFERTA-IIMMAGINE-1.jpg\",\"contentUrl\":\"https:\/\/www.campingreno.it\/wp-content\/uploads\/sites\/192\/2025\/05\/OFFERTA-IIMMAGINE-1.jpg\",\"width\":1000,\"height\":667,\"caption\":\"Offres Camping \u00c9milie-Romagne Mer | Camping Reno\"},{\"@type\":\"BreadcrumbList\",\"@id\":\"https:\/\/www.campingreno.it\/fr\/offres-camping-emilie-romagne-mer\/#breadcrumb\",\"itemListElement\":[{\"@type\":\"ListItem\",\"position\":1,\"name\":\"Home\",\"item\":\"https:\/\/www.campingreno.it\/fr\/\"},{\"@type\":\"ListItem\",\"position\":2,\"name\":\"Offres\"}]},{\"@type\":\"WebSite\",\"@id\":\"https:\/\/www.campingreno.it\/fr\/#website\",\"url\":\"https:\/\/www.campingreno.it\/fr\/\",\"name\":\"Camping Reno\",\"description\":\"\",\"publisher\":{\"@id\":\"https:\/\/www.campingreno.it\/fr\/#organization\"},\"potentialAction\":[{\"@type\":\"SearchAction\",\"target\":{\"@type\":\"EntryPoint\",\"urlTemplate\":\"https:\/\/www.campingreno.it\/fr\/?s={search_term_string}\"},\"query-input\":\"required name=search_term_string\"}],\"inLanguage\":\"fr-FR\"},{\"@type\":\"Organization\",\"@id\":\"https:\/\/www.campingreno.it\/fr\/#organization\",\"name\":\"Camping Reno\",\"url\":\"https:\/\/www.campingreno.it\/fr\/\",\"logo\":{\"@type\":\"ImageObject\",\"inLanguage\":\"fr-FR\",\"@id\":\"https:\/\/www.campingreno.it\/fr\/#\/schema\/logo\/image\/\",\"url\":\"https:\/\/www.campingreno.it\/wp-content\/uploads\/sites\/192\/2024\/12\/logo_reno-no-sfondo-2.png\",\"contentUrl\":\"https:\/\/www.campingreno.it\/wp-content\/uploads\/sites\/192\/2024\/12\/logo_reno-no-sfondo-2.png\",\"width\":567,\"height\":286,\"caption\":\"Camping Reno\"},\"image\":{\"@id\":\"https:\/\/www.campingreno.it\/fr\/#\/schema\/logo\/image\/\"},\"sameAs\":[\"https:\/\/facebook.com\/tomasitourism\",\"https:\/\/instagram.com\/camping_reno\"]}]}<\/script>\n<!-- \/ Yoast SEO plugin. -->","yoast_head_json":{"title":"Offres Camping \u00c9milie-Romagne Mer | Camping Reno","description":"Liste des offres super remis\u00e9es pour Bungalows, Mobil-homes et Emplacements au Camping Reno, Offres Camping \u00c9milie-Romagne Mer!","robots":{"index":"index","follow":"follow","max-snippet":"max-snippet:-1","max-image-preview":"max-image-preview:large","max-video-preview":"max-video-preview:-1"},"canonical":"https:\/\/www.campingreno.it\/fr\/offres-camping-emilie-romagne-mer\/","og_locale":"fr_FR","og_type":"article","og_title":"Offres Camping \u00c9milie-Romagne Mer | Camping Reno","og_description":"Liste des offres super remis\u00e9es pour Bungalows, Mobil-homes et Emplacements au Camping Reno, Offres Camping \u00c9milie-Romagne Mer!","og_url":"https:\/\/www.campingreno.it\/fr\/offres-camping-emilie-romagne-mer\/","og_site_name":"Camping Reno","article_publisher":"https:\/\/facebook.com\/tomasitourism","article_modified_time":"2025-05-28T16:05:00+00:00","og_image":[{"width":1000,"height":667,"url":"https:\/\/www.campingreno.it\/wp-content\/uploads\/sites\/192\/2025\/05\/OFFERTA-IIMMAGINE-1.jpg","type":"image\/jpeg"}],"twitter_card":"summary_large_image","twitter_misc":{"Dur\u00e9e de lecture estim\u00e9e":"1 minute"},"schema":{"@context":"https:\/\/schema.org","@graph":[{"@type":"WebPage","@id":"https:\/\/www.campingreno.it\/fr\/offres-camping-emilie-romagne-mer\/","url":"https:\/\/www.campingreno.it\/fr\/offres-camping-emilie-romagne-mer\/","name":"Offres Camping \u00c9milie-Romagne Mer | Camping Reno","isPartOf":{"@id":"https:\/\/www.campingreno.it\/fr\/#website"},"primaryImageOfPage":{"@id":"https:\/\/www.campingreno.it\/fr\/offres-camping-emilie-romagne-mer\/#primaryimage"},"image":{"@id":"https:\/\/www.campingreno.it\/fr\/offres-camping-emilie-romagne-mer\/#primaryimage"},"thumbnailUrl":"https:\/\/www.campingreno.it\/wp-content\/uploads\/sites\/192\/2025\/05\/OFFERTA-IIMMAGINE-1.jpg","datePublished":"2024-12-13T13:52:26+00:00","dateModified":"2025-05-28T16:05:00+00:00","description":"Liste des offres super remis\u00e9es pour Bungalows, Mobil-homes et Emplacements au Camping Reno, Offres Camping \u00c9milie-Romagne Mer!","breadcrumb":{"@id":"https:\/\/www.campingreno.it\/fr\/offres-camping-emilie-romagne-mer\/#breadcrumb"},"inLanguage":"fr-FR","potentialAction":[{"@type":"ReadAction","target":["https:\/\/www.campingreno.it\/fr\/offres-camping-emilie-romagne-mer\/"]}]},{"@type":"ImageObject","inLanguage":"fr-FR","@id":"https:\/\/www.campingreno.it\/fr\/offres-camping-emilie-romagne-mer\/#primaryimage","url":"https:\/\/www.campingreno.it\/wp-content\/uploads\/sites\/192\/2025\/05\/OFFERTA-IIMMAGINE-1.jpg","contentUrl":"https:\/\/www.campingreno.it\/wp-content\/uploads\/sites\/192\/2025\/05\/OFFERTA-IIMMAGINE-1.jpg","width":1000,"height":667,"caption":"Offres Camping \u00c9milie-Romagne Mer | Camping Reno"},{"@type":"BreadcrumbList","@id":"https:\/\/www.campingreno.it\/fr\/offres-camping-emilie-romagne-mer\/#breadcrumb","itemListElement":[{"@type":"ListItem","position":1,"name":"Home","item":"https:\/\/www.campingreno.it\/fr\/"},{"@type":"ListItem","position":2,"name":"Offres"}]},{"@type":"WebSite","@id":"https:\/\/www.campingreno.it\/fr\/#website","url":"https:\/\/www.campingreno.it\/fr\/","name":"Camping Reno","description":"","publisher":{"@id":"https:\/\/www.campingreno.it\/fr\/#organization"},"potentialAction":[{"@type":"SearchAction","target":{"@type":"EntryPoint","urlTemplate":"https:\/\/www.campingreno.it\/fr\/?s={search_term_string}"},"query-input":"required name=search_term_string"}],"inLanguage":"fr-FR"},{"@type":"Organization","@id":"https:\/\/www.campingreno.it\/fr\/#organization","name":"Camping Reno","url":"https:\/\/www.campingreno.it\/fr\/","logo":{"@type":"ImageObject","inLanguage":"fr-FR","@id":"https:\/\/www.campingreno.it\/fr\/#\/schema\/logo\/image\/","url":"https:\/\/www.campingreno.it\/wp-content\/uploads\/sites\/192\/2024\/12\/logo_reno-no-sfondo-2.png","contentUrl":"https:\/\/www.campingreno.it\/wp-content\/uploads\/sites\/192\/2024\/12\/logo_reno-no-sfondo-2.png","width":567,"height":286,"caption":"Camping Reno"},"image":{"@id":"https:\/\/www.campingreno.it\/fr\/#\/schema\/logo\/image\/"},"sameAs":["https:\/\/facebook.com\/tomasitourism","https:\/\/instagram.com\/camping_reno"]}]}},"acf":[],"_links":{"self":[{"href":"https:\/\/www.campingreno.it\/fr\/wp-json\/wp\/v2\/pages\/3467"}],"collection":[{"href":"https:\/\/www.campingreno.it\/fr\/wp-json\/wp\/v2\/pages"}],"about":[{"href":"https:\/\/www.campingreno.it\/fr\/wp-json\/wp\/v2\/types\/page"}],"author":[{"embeddable":true,"href":"https:\/\/www.campingreno.it\/fr\/wp-json\/wp\/v2\/users\/13"}],"replies":[{"embeddable":true,"href":"https:\/\/www.campingreno.it\/fr\/wp-json\/wp\/v2\/comments?post=3467"}],"version-history":[{"count":0,"href":"https:\/\/www.campingreno.it\/fr\/wp-json\/wp\/v2\/pages\/3467\/revisions"}],"wp:featuredmedia":[{"embeddable":true,"href":"https:\/\/www.campingreno.it\/fr\/wp-json\/wp\/v2\/media\/3859"}],"wp:attachment":[{"href":"https:\/\/www.campingreno.it\/fr\/wp-json\/wp\/v2\/media?parent=3467"}],"curies":[{"name":"wp","href":"https:\/\/api.w.org\/{rel}","templated":true}]}}