   {"id":3471,"date":"2024-12-13T13:55:30","date_gmt":"2024-12-13T13:55:30","guid":{"rendered":"https:\/\/www.campingreno.it\/offres-camping-emilie-romagne-mer\/offerte-speciali-bungalow\/"},"modified":"2025-12-19T15:13:32","modified_gmt":"2025-12-19T15:13:32","slug":"promotions-camping-ravenne-mer-hebergements","status":"publish","type":"page","link":"https:\/\/www.campingreno.it\/fr\/offres-camping-emilie-romagne-mer\/promotions-camping-ravenne-mer-hebergements\/","title":{"rendered":"Promotions Sp\u00e9ciales H\u00e9bergements"},"content":{"rendered":"<p><strong>Promotions Camping Ravenne Mer<\/strong> | <a href=\"https:\/\/www.campingreno.it\/fr\/camping-en-emilie-romagne-au-bord-de-la-mer\/\">Bungalows, Mobil-homes<\/a> | Tentes Glamping pour tous les go\u00fbts:<\/p>\n<p>&nbsp;<\/p>\n<ul>\n<li>Offres pour s\u00e9jours mensuels<\/li>\n<li>Offres R\u00e9servez t\u00f4t, avec des remises allant jusqu&rsquo;\u00e0 40 %<\/li>\n<li>Offres Week-end \u00e0 partir de 74 \u20ac la nuit !<\/li>\n<li>Offres P\u00e2ques, 1-2-3-4 nuits \u00e0 partir de 100 \u20ac<\/li>\n<li>Offres Pont du 2 juin<\/li>\n<li>Offres pour s\u00e9jours en semaine, avec arriv\u00e9es et d\u00e9parts pendant la semaine<\/li>\n<\/ul>\n<p>&nbsp;<\/p>\n<p><a href=\"https:\/\/www.scidoo.com\/preventivov2\/?cod=1209&amp;dataarr=2026-9-19&amp;notti=7&amp;adult=2&amp;children=&amp;IDsotto_struttura=607&amp;lang=3&amp;structure_type=0&amp;promocode=\"><strong>V\u00c9RIFIEZ LA DISPONIBILIT\u00c9 ET R\u00c9SERVEZ MAINTENANT<\/strong><\/a><\/p>\n<p>&nbsp;<\/p>\n","protected":false},"excerpt":{"rendered":"<p>Promotions Camping Ravenne Mer | Bungalows, Mobil-homes | Tentes Glamping pour tous les go\u00fbts: &nbsp; Offres pour s\u00e9jours mensuels Offres R\u00e9servez t\u00f4t, avec des remises allant jusqu&rsquo;\u00e0 40 % Offres Week-end \u00e0 partir de 74 \u20ac la nuit ! Offres P\u00e2ques, 1-2-3-4 nuits \u00e0 partir de 100 \u20ac Offres Pont du 2 juin Offres pour [&hellip;]<\/p>\n","protected":false},"author":13,"featured_media":3860,"parent":3467,"menu_order":5,"comment_status":"closed","ping_status":"closed","template":"template-offers-bungalow-hub.php","meta":{"footnotes":""},"yoast_head":"<!-- This site is optimized with the Yoast SEO plugin v22.3 - https:\/\/yoast.com\/wordpress\/plugins\/seo\/ -->\n<title>Promotions Camping Ravenne Mer | H\u00e9bergements<\/title>\n<meta name=\"description\" content=\"Liste des Promotions Camping Ravenne Mer pour Bungalows et Mobil-homes du Camping Reno, directement sur la mer!\" \/>\n<meta name=\"robots\" content=\"index, follow, max-snippet:-1, max-image-preview:large, max-video-preview:-1\" \/>\n<link rel=\"canonical\" href=\"https:\/\/www.campingreno.it\/fr\/offres-camping-emilie-romagne-mer\/promotions-camping-ravenne-mer-hebergements\/\" \/>\n<meta property=\"og:locale\" content=\"fr_FR\" \/>\n<meta property=\"og:type\" content=\"article\" \/>\n<meta property=\"og:title\" content=\"Promotions Camping Ravenne Mer | H\u00e9bergements\" \/>\n<meta property=\"og:description\" content=\"Liste des Promotions Camping Ravenne Mer pour Bungalows et Mobil-homes du Camping Reno, directement sur la mer!\" \/>\n<meta property=\"og:url\" content=\"https:\/\/www.campingreno.it\/fr\/offres-camping-emilie-romagne-mer\/promotions-camping-ravenne-mer-hebergements\/\" \/>\n<meta property=\"og:site_name\" content=\"Camping Reno\" \/>\n<meta property=\"article:publisher\" content=\"https:\/\/facebook.com\/tomasitourism\" \/>\n<meta property=\"article:modified_time\" content=\"2025-12-19T15:13:32+00:00\" \/>\n<meta property=\"og:image\" content=\"https:\/\/www.campingreno.it\/wp-content\/uploads\/sites\/192\/2025\/05\/Air_Lodge_double-floor_Camping-Reno_camera_secondopiano.jpg\" \/>\n\t<meta property=\"og:image:width\" content=\"1200\" \/>\n\t<meta property=\"og:image:height\" content=\"800\" \/>\n\t<meta property=\"og:image:type\" content=\"image\/jpeg\" \/>\n<meta name=\"twitter:card\" content=\"summary_large_image\" \/>\n<meta name=\"twitter:label1\" content=\"Dur\u00e9e de lecture estim\u00e9e\" \/>\n\t<meta name=\"twitter:data1\" content=\"1 minute\" \/>\n<script type=\"application\/ld+json\" class=\"yoast-schema-graph\">{\"@context\":\"https:\/\/schema.org\",\"@graph\":[{\"@type\":\"WebPage\",\"@id\":\"https:\/\/www.campingreno.it\/fr\/offres-camping-emilie-romagne-mer\/promotions-camping-ravenne-mer-hebergements\/\",\"url\":\"https:\/\/www.campingreno.it\/fr\/offres-camping-emilie-romagne-mer\/promotions-camping-ravenne-mer-hebergements\/\",\"name\":\"Promotions Camping Ravenne Mer | H\u00e9bergements\",\"isPartOf\":{\"@id\":\"https:\/\/www.campingreno.it\/fr\/#website\"},\"primaryImageOfPage\":{\"@id\":\"https:\/\/www.campingreno.it\/fr\/offres-camping-emilie-romagne-mer\/promotions-camping-ravenne-mer-hebergements\/#primaryimage\"},\"image\":{\"@id\":\"https:\/\/www.campingreno.it\/fr\/offres-camping-emilie-romagne-mer\/promotions-camping-ravenne-mer-hebergements\/#primaryimage\"},\"thumbnailUrl\":\"https:\/\/www.campingreno.it\/wp-content\/uploads\/sites\/192\/2025\/05\/Air_Lodge_double-floor_Camping-Reno_camera_secondopiano.jpg\",\"datePublished\":\"2024-12-13T13:55:30+00:00\",\"dateModified\":\"2025-12-19T15:13:32+00:00\",\"description\":\"Liste des Promotions Camping Ravenne Mer pour Bungalows et Mobil-homes du Camping Reno, directement sur la mer!\",\"breadcrumb\":{\"@id\":\"https:\/\/www.campingreno.it\/fr\/offres-camping-emilie-romagne-mer\/promotions-camping-ravenne-mer-hebergements\/#breadcrumb\"},\"inLanguage\":\"fr-FR\",\"potentialAction\":[{\"@type\":\"ReadAction\",\"target\":[\"https:\/\/www.campingreno.it\/fr\/offres-camping-emilie-romagne-mer\/promotions-camping-ravenne-mer-hebergements\/\"]}]},{\"@type\":\"ImageObject\",\"inLanguage\":\"fr-FR\",\"@id\":\"https:\/\/www.campingreno.it\/fr\/offres-camping-emilie-romagne-mer\/promotions-camping-ravenne-mer-hebergements\/#primaryimage\",\"url\":\"https:\/\/www.campingreno.it\/wp-content\/uploads\/sites\/192\/2025\/05\/Air_Lodge_double-floor_Camping-Reno_camera_secondopiano.jpg\",\"contentUrl\":\"https:\/\/www.campingreno.it\/wp-content\/uploads\/sites\/192\/2025\/05\/Air_Lodge_double-floor_Camping-Reno_camera_secondopiano.jpg\",\"width\":1200,\"height\":800,\"caption\":\"Promotions Camping Ravenne Mer | Camping Reno\"},{\"@type\":\"BreadcrumbList\",\"@id\":\"https:\/\/www.campingreno.it\/fr\/offres-camping-emilie-romagne-mer\/promotions-camping-ravenne-mer-hebergements\/#breadcrumb\",\"itemListElement\":[{\"@type\":\"ListItem\",\"position\":1,\"name\":\"Home\",\"item\":\"https:\/\/www.campingreno.it\/fr\/\"},{\"@type\":\"ListItem\",\"position\":2,\"name\":\"Offres\",\"item\":\"https:\/\/www.campingreno.it\/fr\/offres-camping-emilie-romagne-mer\/\"},{\"@type\":\"ListItem\",\"position\":3,\"name\":\"Promotions Sp\u00e9ciales H\u00e9bergements\"}]},{\"@type\":\"WebSite\",\"@id\":\"https:\/\/www.campingreno.it\/fr\/#website\",\"url\":\"https:\/\/www.campingreno.it\/fr\/\",\"name\":\"Camping Reno\",\"description\":\"\",\"publisher\":{\"@id\":\"https:\/\/www.campingreno.it\/fr\/#organization\"},\"potentialAction\":[{\"@type\":\"SearchAction\",\"target\":{\"@type\":\"EntryPoint\",\"urlTemplate\":\"https:\/\/www.campingreno.it\/fr\/?s={search_term_string}\"},\"query-input\":\"required name=search_term_string\"}],\"inLanguage\":\"fr-FR\"},{\"@type\":\"Organization\",\"@id\":\"https:\/\/www.campingreno.it\/fr\/#organization\",\"name\":\"Camping Reno\",\"url\":\"https:\/\/www.campingreno.it\/fr\/\",\"logo\":{\"@type\":\"ImageObject\",\"inLanguage\":\"fr-FR\",\"@id\":\"https:\/\/www.campingreno.it\/fr\/#\/schema\/logo\/image\/\",\"url\":\"https:\/\/www.campingreno.it\/wp-content\/uploads\/sites\/192\/2024\/12\/logo_reno-no-sfondo-2.png\",\"contentUrl\":\"https:\/\/www.campingreno.it\/wp-content\/uploads\/sites\/192\/2024\/12\/logo_reno-no-sfondo-2.png\",\"width\":567,\"height\":286,\"caption\":\"Camping Reno\"},\"image\":{\"@id\":\"https:\/\/www.campingreno.it\/fr\/#\/schema\/logo\/image\/\"},\"sameAs\":[\"https:\/\/facebook.com\/tomasitourism\",\"https:\/\/instagram.com\/camping_reno\"]}]}<\/script>\n<!-- \/ Yoast SEO plugin. -->","yoast_head_json":{"title":"Promotions Camping Ravenne Mer | H\u00e9bergements","description":"Liste des Promotions Camping Ravenne Mer pour Bungalows et Mobil-homes du Camping Reno, directement sur la mer!","robots":{"index":"index","follow":"follow","max-snippet":"max-snippet:-1","max-image-preview":"max-image-preview:large","max-video-preview":"max-video-preview:-1"},"canonical":"https:\/\/www.campingreno.it\/fr\/offres-camping-emilie-romagne-mer\/promotions-camping-ravenne-mer-hebergements\/","og_locale":"fr_FR","og_type":"article","og_title":"Promotions Camping Ravenne Mer | H\u00e9bergements","og_description":"Liste des Promotions Camping Ravenne Mer pour Bungalows et Mobil-homes du Camping Reno, directement sur la mer!","og_url":"https:\/\/www.campingreno.it\/fr\/offres-camping-emilie-romagne-mer\/promotions-camping-ravenne-mer-hebergements\/","og_site_name":"Camping Reno","article_publisher":"https:\/\/facebook.com\/tomasitourism","article_modified_time":"2025-12-19T15:13:32+00:00","og_image":[{"width":1200,"height":800,"url":"https:\/\/www.campingreno.it\/wp-content\/uploads\/sites\/192\/2025\/05\/Air_Lodge_double-floor_Camping-Reno_camera_secondopiano.jpg","type":"image\/jpeg"}],"twitter_card":"summary_large_image","twitter_misc":{"Dur\u00e9e de lecture estim\u00e9e":"1 minute"},"schema":{"@context":"https:\/\/schema.org","@graph":[{"@type":"WebPage","@id":"https:\/\/www.campingreno.it\/fr\/offres-camping-emilie-romagne-mer\/promotions-camping-ravenne-mer-hebergements\/","url":"https:\/\/www.campingreno.it\/fr\/offres-camping-emilie-romagne-mer\/promotions-camping-ravenne-mer-hebergements\/","name":"Promotions Camping Ravenne Mer | H\u00e9bergements","isPartOf":{"@id":"https:\/\/www.campingreno.it\/fr\/#website"},"primaryImageOfPage":{"@id":"https:\/\/www.campingreno.it\/fr\/offres-camping-emilie-romagne-mer\/promotions-camping-ravenne-mer-hebergements\/#primaryimage"},"image":{"@id":"https:\/\/www.campingreno.it\/fr\/offres-camping-emilie-romagne-mer\/promotions-camping-ravenne-mer-hebergements\/#primaryimage"},"thumbnailUrl":"https:\/\/www.campingreno.it\/wp-content\/uploads\/sites\/192\/2025\/05\/Air_Lodge_double-floor_Camping-Reno_camera_secondopiano.jpg","datePublished":"2024-12-13T13:55:30+00:00","dateModified":"2025-12-19T15:13:32+00:00","description":"Liste des Promotions Camping Ravenne Mer pour Bungalows et Mobil-homes du Camping Reno, directement sur la mer!","breadcrumb":{"@id":"https:\/\/www.campingreno.it\/fr\/offres-camping-emilie-romagne-mer\/promotions-camping-ravenne-mer-hebergements\/#breadcrumb"},"inLanguage":"fr-FR","potentialAction":[{"@type":"ReadAction","target":["https:\/\/www.campingreno.it\/fr\/offres-camping-emilie-romagne-mer\/promotions-camping-ravenne-mer-hebergements\/"]}]},{"@type":"ImageObject","inLanguage":"fr-FR","@id":"https:\/\/www.campingreno.it\/fr\/offres-camping-emilie-romagne-mer\/promotions-camping-ravenne-mer-hebergements\/#primaryimage","url":"https:\/\/www.campingreno.it\/wp-content\/uploads\/sites\/192\/2025\/05\/Air_Lodge_double-floor_Camping-Reno_camera_secondopiano.jpg","contentUrl":"https:\/\/www.campingreno.it\/wp-content\/uploads\/sites\/192\/2025\/05\/Air_Lodge_double-floor_Camping-Reno_camera_secondopiano.jpg","width":1200,"height":800,"caption":"Promotions Camping Ravenne Mer | Camping Reno"},{"@type":"BreadcrumbList","@id":"https:\/\/www.campingreno.it\/fr\/offres-camping-emilie-romagne-mer\/promotions-camping-ravenne-mer-hebergements\/#breadcrumb","itemListElement":[{"@type":"ListItem","position":1,"name":"Home","item":"https:\/\/www.campingreno.it\/fr\/"},{"@type":"ListItem","position":2,"name":"Offres","item":"https:\/\/www.campingreno.it\/fr\/offres-camping-emilie-romagne-mer\/"},{"@type":"ListItem","position":3,"name":"Promotions Sp\u00e9ciales H\u00e9bergements"}]},{"@type":"WebSite","@id":"https:\/\/www.campingreno.it\/fr\/#website","url":"https:\/\/www.campingreno.it\/fr\/","name":"Camping Reno","description":"","publisher":{"@id":"https:\/\/www.campingreno.it\/fr\/#organization"},"potentialAction":[{"@type":"SearchAction","target":{"@type":"EntryPoint","urlTemplate":"https:\/\/www.campingreno.it\/fr\/?s={search_term_string}"},"query-input":"required name=search_term_string"}],"inLanguage":"fr-FR"},{"@type":"Organization","@id":"https:\/\/www.campingreno.it\/fr\/#organization","name":"Camping Reno","url":"https:\/\/www.campingreno.it\/fr\/","logo":{"@type":"ImageObject","inLanguage":"fr-FR","@id":"https:\/\/www.campingreno.it\/fr\/#\/schema\/logo\/image\/","url":"https:\/\/www.campingreno.it\/wp-content\/uploads\/sites\/192\/2024\/12\/logo_reno-no-sfondo-2.png","contentUrl":"https:\/\/www.campingreno.it\/wp-content\/uploads\/sites\/192\/2024\/12\/logo_reno-no-sfondo-2.png","width":567,"height":286,"caption":"Camping Reno"},"image":{"@id":"https:\/\/www.campingreno.it\/fr\/#\/schema\/logo\/image\/"},"sameAs":["https:\/\/facebook.com\/tomasitourism","https:\/\/instagram.com\/camping_reno"]}]}},"acf":[],"_links":{"self":[{"href":"https:\/\/www.campingreno.it\/fr\/wp-json\/wp\/v2\/pages\/3471"}],"collection":[{"href":"https:\/\/www.campingreno.it\/fr\/wp-json\/wp\/v2\/pages"}],"about":[{"href":"https:\/\/www.campingreno.it\/fr\/wp-json\/wp\/v2\/types\/page"}],"author":[{"embeddable":true,"href":"https:\/\/www.campingreno.it\/fr\/wp-json\/wp\/v2\/users\/13"}],"replies":[{"embeddable":true,"href":"https:\/\/www.campingreno.it\/fr\/wp-json\/wp\/v2\/comments?post=3471"}],"version-history":[{"count":0,"href":"https:\/\/www.campingreno.it\/fr\/wp-json\/wp\/v2\/pages\/3471\/revisions"}],"up":[{"embeddable":true,"href":"https:\/\/www.campingreno.it\/fr\/wp-json\/wp\/v2\/pages\/3467"}],"wp:featuredmedia":[{"embeddable":true,"href":"https:\/\/www.campingreno.it\/fr\/wp-json\/wp\/v2\/media\/3860"}],"wp:attachment":[{"href":"https:\/\/www.campingreno.it\/fr\/wp-json\/wp\/v2\/media?parent=3471"}],"curies":[{"name":"wp","href":"https:\/\/api.w.org\/{rel}","templated":true}]}}