   {"id":3524,"date":"2024-12-13T10:45:53","date_gmt":"2024-12-13T10:45:53","guid":{"rendered":"https:\/\/www.campingreno.it\/camping-emilie-romagne-directement-sur-la-mer-services\/camping-low-cost-cani-ammessi\/"},"modified":"2025-12-19T15:24:51","modified_gmt":"2025-12-19T15:24:51","slug":"camping-chiens-admis-ravenne","status":"publish","type":"page","link":"https:\/\/www.campingreno.it\/fr\/camping-emilie-romagne-directement-sur-la-mer-services\/camping-chiens-admis-ravenne\/","title":{"rendered":"Dog friendly"},"content":{"rendered":"<p><strong>Camping Chiens Admis Ravenne<\/strong><\/p>\n<p>&nbsp;<\/p>\n<p><strong>Accueil des Animaux<\/strong><br \/>\nVos amis \u00e0 quatre pattes sont les bienvenus dans tout le camping ! Ils peuvent s\u00e9journer avec leurs propri\u00e9taires sur les <a href=\"https:\/\/www.campingreno.it\/fr\/camping-emilie-romagne-en-bord-de-mer-emplacements\/\">emplacements,<\/a> dans les <a href=\"https:\/\/www.campingreno.it\/fr\/camping-en-emilie-romagne-au-bord-de-la-mer\/\">bungalows, les mobil-homes,<\/a> et m\u00eame \u00e0 l&rsquo;int\u00e9rieur du restaurant. Toutes les zones qui leur sont d\u00e9di\u00e9es sont accessibles.<\/p>\n<p>&nbsp;<\/p>\n<p><strong>Services D\u00e9dicac\u00e9s<\/strong><br \/>\nNous avons des aires am\u00e9nag\u00e9es o\u00f9 les chiens peuvent courir et jouer librement. Des douches pour animaux sont \u00e9galement disponibles. Pour les baignades, les chiens sont admis sur une plage sp\u00e9ciale juste en face du camping. Certains de nos h\u00e9bergements sont m\u00eame \u00e9quip\u00e9s d&rsquo;un enclos avec portillon pour plus de confort.<\/p>\n<p>&nbsp;<\/p>\n<p>Le Camping Reno est un <strong>Camping Chiens Admis Ravenne<\/strong>. C&rsquo;est un lieu o\u00f9 nos h\u00f4tes peuvent se d\u00e9tendre sans soucis, en sachant que leur chien est le bienvenu et qu&rsquo;on s&rsquo;en occupe bien.<\/p>\n<p>&nbsp;<\/p>\n<p><a href=\"https:\/\/www.scidoo.com\/preventivov2\/?cod=1209&amp;dataarr=2025-09-21&amp;notti=6&amp;adult=2&amp;children=&amp;IDsotto_struttura=607&amp;lang=3&amp;structure_type=0&amp;promocode=\"><strong>R\u00c9SERVEZ EN LIGNE VOTRE H\u00c9BERGEMENT OU VOTRE EMPLACEMENT AU CAMPING RENO<\/strong><\/a><\/p>\n","protected":false},"excerpt":{"rendered":"<p>Camping Chiens Admis Ravenne &nbsp; Accueil des Animaux Vos amis \u00e0 quatre pattes sont les bienvenus dans tout le camping ! Ils peuvent s\u00e9journer avec leurs propri\u00e9taires sur les emplacements, dans les bungalows, les mobil-homes, et m\u00eame \u00e0 l&rsquo;int\u00e9rieur du restaurant. Toutes les zones qui leur sont d\u00e9di\u00e9es sont accessibles. &nbsp; Services D\u00e9dicac\u00e9s Nous avons [&hellip;]<\/p>\n","protected":false},"author":13,"featured_media":10,"parent":3477,"menu_order":1,"comment_status":"closed","ping_status":"closed","template":"template-service-single.php","meta":{"footnotes":""},"yoast_head":"<!-- This site is optimized with the Yoast SEO plugin v22.3 - https:\/\/yoast.com\/wordpress\/plugins\/seo\/ -->\n<title>Camping Chiens Admis Ravenne | Camping Reno<\/title>\n<meta name=\"description\" content=\"Les amis \u00e0 quatre pattes sont admis partout, m\u00eame \u00e0 la plage, au Camping Reno, Camping Chiens Admis Ravenne, Demander un devis!\" \/>\n<meta name=\"robots\" content=\"index, follow, max-snippet:-1, max-image-preview:large, max-video-preview:-1\" \/>\n<link rel=\"canonical\" href=\"https:\/\/www.campingreno.it\/fr\/camping-emilie-romagne-directement-sur-la-mer-services\/camping-chiens-admis-ravenne\/\" \/>\n<meta property=\"og:locale\" content=\"fr_FR\" \/>\n<meta property=\"og:type\" content=\"article\" \/>\n<meta property=\"og:title\" content=\"Camping Chiens Admis Ravenne | Camping Reno\" \/>\n<meta property=\"og:description\" content=\"Les amis \u00e0 quatre pattes sont admis partout, m\u00eame \u00e0 la plage, au Camping Reno, Camping Chiens Admis Ravenne, Demander un devis!\" \/>\n<meta property=\"og:url\" content=\"https:\/\/www.campingreno.it\/fr\/camping-emilie-romagne-directement-sur-la-mer-services\/camping-chiens-admis-ravenne\/\" \/>\n<meta property=\"og:site_name\" content=\"Camping Reno\" \/>\n<meta property=\"article:publisher\" content=\"https:\/\/facebook.com\/tomasitourism\" \/>\n<meta property=\"article:modified_time\" content=\"2025-12-19T15:24:51+00:00\" \/>\n<meta property=\"og:image\" content=\"https:\/\/www.campingreno.it\/wp-content\/uploads\/sites\/192\/2024\/12\/tomasi_tourism_mare_gallery.jpg\" \/>\n\t<meta property=\"og:image:width\" content=\"960\" \/>\n\t<meta property=\"og:image:height\" content=\"640\" \/>\n\t<meta property=\"og:image:type\" content=\"image\/jpeg\" \/>\n<meta name=\"twitter:card\" content=\"summary_large_image\" \/>\n<meta name=\"twitter:label1\" content=\"Dur\u00e9e de lecture estim\u00e9e\" \/>\n\t<meta name=\"twitter:data1\" content=\"1 minute\" \/>\n<script type=\"application\/ld+json\" class=\"yoast-schema-graph\">{\"@context\":\"https:\/\/schema.org\",\"@graph\":[{\"@type\":\"WebPage\",\"@id\":\"https:\/\/www.campingreno.it\/fr\/camping-emilie-romagne-directement-sur-la-mer-services\/camping-chiens-admis-ravenne\/\",\"url\":\"https:\/\/www.campingreno.it\/fr\/camping-emilie-romagne-directement-sur-la-mer-services\/camping-chiens-admis-ravenne\/\",\"name\":\"Camping Chiens Admis Ravenne | Camping Reno\",\"isPartOf\":{\"@id\":\"https:\/\/www.campingreno.it\/fr\/#website\"},\"primaryImageOfPage\":{\"@id\":\"https:\/\/www.campingreno.it\/fr\/camping-emilie-romagne-directement-sur-la-mer-services\/camping-chiens-admis-ravenne\/#primaryimage\"},\"image\":{\"@id\":\"https:\/\/www.campingreno.it\/fr\/camping-emilie-romagne-directement-sur-la-mer-services\/camping-chiens-admis-ravenne\/#primaryimage\"},\"thumbnailUrl\":\"https:\/\/www.campingreno.it\/wp-content\/uploads\/sites\/192\/2024\/12\/tomasi_tourism_mare_gallery.jpg\",\"datePublished\":\"2024-12-13T10:45:53+00:00\",\"dateModified\":\"2025-12-19T15:24:51+00:00\",\"description\":\"Les amis \u00e0 quatre pattes sont admis partout, m\u00eame \u00e0 la plage, au Camping Reno, Camping Chiens Admis Ravenne, Demander un devis!\",\"breadcrumb\":{\"@id\":\"https:\/\/www.campingreno.it\/fr\/camping-emilie-romagne-directement-sur-la-mer-services\/camping-chiens-admis-ravenne\/#breadcrumb\"},\"inLanguage\":\"fr-FR\",\"potentialAction\":[{\"@type\":\"ReadAction\",\"target\":[\"https:\/\/www.campingreno.it\/fr\/camping-emilie-romagne-directement-sur-la-mer-services\/camping-chiens-admis-ravenne\/\"]}]},{\"@type\":\"ImageObject\",\"inLanguage\":\"fr-FR\",\"@id\":\"https:\/\/www.campingreno.it\/fr\/camping-emilie-romagne-directement-sur-la-mer-services\/camping-chiens-admis-ravenne\/#primaryimage\",\"url\":\"https:\/\/www.campingreno.it\/wp-content\/uploads\/sites\/192\/2024\/12\/tomasi_tourism_mare_gallery.jpg\",\"contentUrl\":\"https:\/\/www.campingreno.it\/wp-content\/uploads\/sites\/192\/2024\/12\/tomasi_tourism_mare_gallery.jpg\",\"width\":960,\"height\":640,\"caption\":\"Camping Chiens Admis Ravenne | Camping Reno\"},{\"@type\":\"BreadcrumbList\",\"@id\":\"https:\/\/www.campingreno.it\/fr\/camping-emilie-romagne-directement-sur-la-mer-services\/camping-chiens-admis-ravenne\/#breadcrumb\",\"itemListElement\":[{\"@type\":\"ListItem\",\"position\":1,\"name\":\"Home\",\"item\":\"https:\/\/www.campingreno.it\/fr\/\"},{\"@type\":\"ListItem\",\"position\":2,\"name\":\"Services\",\"item\":\"https:\/\/www.campingreno.it\/fr\/camping-emilie-romagne-directement-sur-la-mer-services\/\"},{\"@type\":\"ListItem\",\"position\":3,\"name\":\"Dog friendly\"}]},{\"@type\":\"WebSite\",\"@id\":\"https:\/\/www.campingreno.it\/fr\/#website\",\"url\":\"https:\/\/www.campingreno.it\/fr\/\",\"name\":\"Camping Reno\",\"description\":\"\",\"publisher\":{\"@id\":\"https:\/\/www.campingreno.it\/fr\/#organization\"},\"potentialAction\":[{\"@type\":\"SearchAction\",\"target\":{\"@type\":\"EntryPoint\",\"urlTemplate\":\"https:\/\/www.campingreno.it\/fr\/?s={search_term_string}\"},\"query-input\":\"required name=search_term_string\"}],\"inLanguage\":\"fr-FR\"},{\"@type\":\"Organization\",\"@id\":\"https:\/\/www.campingreno.it\/fr\/#organization\",\"name\":\"Camping Reno\",\"url\":\"https:\/\/www.campingreno.it\/fr\/\",\"logo\":{\"@type\":\"ImageObject\",\"inLanguage\":\"fr-FR\",\"@id\":\"https:\/\/www.campingreno.it\/fr\/#\/schema\/logo\/image\/\",\"url\":\"https:\/\/www.campingreno.it\/wp-content\/uploads\/sites\/192\/2024\/12\/logo_reno-no-sfondo-2.png\",\"contentUrl\":\"https:\/\/www.campingreno.it\/wp-content\/uploads\/sites\/192\/2024\/12\/logo_reno-no-sfondo-2.png\",\"width\":567,\"height\":286,\"caption\":\"Camping Reno\"},\"image\":{\"@id\":\"https:\/\/www.campingreno.it\/fr\/#\/schema\/logo\/image\/\"},\"sameAs\":[\"https:\/\/facebook.com\/tomasitourism\",\"https:\/\/instagram.com\/camping_reno\"]}]}<\/script>\n<!-- \/ Yoast SEO plugin. -->","yoast_head_json":{"title":"Camping Chiens Admis Ravenne | Camping Reno","description":"Les amis \u00e0 quatre pattes sont admis partout, m\u00eame \u00e0 la plage, au Camping Reno, Camping Chiens Admis Ravenne, Demander un devis!","robots":{"index":"index","follow":"follow","max-snippet":"max-snippet:-1","max-image-preview":"max-image-preview:large","max-video-preview":"max-video-preview:-1"},"canonical":"https:\/\/www.campingreno.it\/fr\/camping-emilie-romagne-directement-sur-la-mer-services\/camping-chiens-admis-ravenne\/","og_locale":"fr_FR","og_type":"article","og_title":"Camping Chiens Admis Ravenne | Camping Reno","og_description":"Les amis \u00e0 quatre pattes sont admis partout, m\u00eame \u00e0 la plage, au Camping Reno, Camping Chiens Admis Ravenne, Demander un devis!","og_url":"https:\/\/www.campingreno.it\/fr\/camping-emilie-romagne-directement-sur-la-mer-services\/camping-chiens-admis-ravenne\/","og_site_name":"Camping Reno","article_publisher":"https:\/\/facebook.com\/tomasitourism","article_modified_time":"2025-12-19T15:24:51+00:00","og_image":[{"width":960,"height":640,"url":"https:\/\/www.campingreno.it\/wp-content\/uploads\/sites\/192\/2024\/12\/tomasi_tourism_mare_gallery.jpg","type":"image\/jpeg"}],"twitter_card":"summary_large_image","twitter_misc":{"Dur\u00e9e de lecture estim\u00e9e":"1 minute"},"schema":{"@context":"https:\/\/schema.org","@graph":[{"@type":"WebPage","@id":"https:\/\/www.campingreno.it\/fr\/camping-emilie-romagne-directement-sur-la-mer-services\/camping-chiens-admis-ravenne\/","url":"https:\/\/www.campingreno.it\/fr\/camping-emilie-romagne-directement-sur-la-mer-services\/camping-chiens-admis-ravenne\/","name":"Camping Chiens Admis Ravenne | Camping Reno","isPartOf":{"@id":"https:\/\/www.campingreno.it\/fr\/#website"},"primaryImageOfPage":{"@id":"https:\/\/www.campingreno.it\/fr\/camping-emilie-romagne-directement-sur-la-mer-services\/camping-chiens-admis-ravenne\/#primaryimage"},"image":{"@id":"https:\/\/www.campingreno.it\/fr\/camping-emilie-romagne-directement-sur-la-mer-services\/camping-chiens-admis-ravenne\/#primaryimage"},"thumbnailUrl":"https:\/\/www.campingreno.it\/wp-content\/uploads\/sites\/192\/2024\/12\/tomasi_tourism_mare_gallery.jpg","datePublished":"2024-12-13T10:45:53+00:00","dateModified":"2025-12-19T15:24:51+00:00","description":"Les amis \u00e0 quatre pattes sont admis partout, m\u00eame \u00e0 la plage, au Camping Reno, Camping Chiens Admis Ravenne, Demander un devis!","breadcrumb":{"@id":"https:\/\/www.campingreno.it\/fr\/camping-emilie-romagne-directement-sur-la-mer-services\/camping-chiens-admis-ravenne\/#breadcrumb"},"inLanguage":"fr-FR","potentialAction":[{"@type":"ReadAction","target":["https:\/\/www.campingreno.it\/fr\/camping-emilie-romagne-directement-sur-la-mer-services\/camping-chiens-admis-ravenne\/"]}]},{"@type":"ImageObject","inLanguage":"fr-FR","@id":"https:\/\/www.campingreno.it\/fr\/camping-emilie-romagne-directement-sur-la-mer-services\/camping-chiens-admis-ravenne\/#primaryimage","url":"https:\/\/www.campingreno.it\/wp-content\/uploads\/sites\/192\/2024\/12\/tomasi_tourism_mare_gallery.jpg","contentUrl":"https:\/\/www.campingreno.it\/wp-content\/uploads\/sites\/192\/2024\/12\/tomasi_tourism_mare_gallery.jpg","width":960,"height":640,"caption":"Camping Chiens Admis Ravenne | Camping Reno"},{"@type":"BreadcrumbList","@id":"https:\/\/www.campingreno.it\/fr\/camping-emilie-romagne-directement-sur-la-mer-services\/camping-chiens-admis-ravenne\/#breadcrumb","itemListElement":[{"@type":"ListItem","position":1,"name":"Home","item":"https:\/\/www.campingreno.it\/fr\/"},{"@type":"ListItem","position":2,"name":"Services","item":"https:\/\/www.campingreno.it\/fr\/camping-emilie-romagne-directement-sur-la-mer-services\/"},{"@type":"ListItem","position":3,"name":"Dog friendly"}]},{"@type":"WebSite","@id":"https:\/\/www.campingreno.it\/fr\/#website","url":"https:\/\/www.campingreno.it\/fr\/","name":"Camping Reno","description":"","publisher":{"@id":"https:\/\/www.campingreno.it\/fr\/#organization"},"potentialAction":[{"@type":"SearchAction","target":{"@type":"EntryPoint","urlTemplate":"https:\/\/www.campingreno.it\/fr\/?s={search_term_string}"},"query-input":"required name=search_term_string"}],"inLanguage":"fr-FR"},{"@type":"Organization","@id":"https:\/\/www.campingreno.it\/fr\/#organization","name":"Camping Reno","url":"https:\/\/www.campingreno.it\/fr\/","logo":{"@type":"ImageObject","inLanguage":"fr-FR","@id":"https:\/\/www.campingreno.it\/fr\/#\/schema\/logo\/image\/","url":"https:\/\/www.campingreno.it\/wp-content\/uploads\/sites\/192\/2024\/12\/logo_reno-no-sfondo-2.png","contentUrl":"https:\/\/www.campingreno.it\/wp-content\/uploads\/sites\/192\/2024\/12\/logo_reno-no-sfondo-2.png","width":567,"height":286,"caption":"Camping Reno"},"image":{"@id":"https:\/\/www.campingreno.it\/fr\/#\/schema\/logo\/image\/"},"sameAs":["https:\/\/facebook.com\/tomasitourism","https:\/\/instagram.com\/camping_reno"]}]}},"acf":[],"_links":{"self":[{"href":"https:\/\/www.campingreno.it\/fr\/wp-json\/wp\/v2\/pages\/3524"}],"collection":[{"href":"https:\/\/www.campingreno.it\/fr\/wp-json\/wp\/v2\/pages"}],"about":[{"href":"https:\/\/www.campingreno.it\/fr\/wp-json\/wp\/v2\/types\/page"}],"author":[{"embeddable":true,"href":"https:\/\/www.campingreno.it\/fr\/wp-json\/wp\/v2\/users\/13"}],"replies":[{"embeddable":true,"href":"https:\/\/www.campingreno.it\/fr\/wp-json\/wp\/v2\/comments?post=3524"}],"version-history":[{"count":0,"href":"https:\/\/www.campingreno.it\/fr\/wp-json\/wp\/v2\/pages\/3524\/revisions"}],"up":[{"embeddable":true,"href":"https:\/\/www.campingreno.it\/fr\/wp-json\/wp\/v2\/pages\/3477"}],"wp:featuredmedia":[{"embeddable":true,"href":"https:\/\/www.campingreno.it\/fr\/wp-json\/wp\/v2\/media\/10"}],"wp:attachment":[{"href":"https:\/\/www.campingreno.it\/fr\/wp-json\/wp\/v2\/media?parent=3524"}],"curies":[{"name":"wp","href":"https:\/\/api.w.org\/{rel}","templated":true}]}}