   {"id":3527,"date":"2024-12-12T11:06:07","date_gmt":"2024-12-12T11:06:07","guid":{"rendered":"https:\/\/www.campingreno.it\/camping-emilie-romagne-directement-sur-la-mer-services\/pesce-carne-pizza-take-away\/"},"modified":"2025-12-19T15:35:06","modified_gmt":"2025-12-19T15:35:06","slug":"camping-a-casal-borsetti-en-bord-de-mer-take-away","status":"publish","type":"page","link":"https:\/\/www.campingreno.it\/fr\/camping-emilie-romagne-directement-sur-la-mer-services\/camping-a-casal-borsetti-en-bord-de-mer-take-away\/","title":{"rendered":"Take away"},"content":{"rendered":"<p><strong>Tous les jours, Camping \u00e0 Casal Borsetti en bord de mer, Midi et Soir : Poisson, Viande, Pizza \u00e0 Emporter!<\/strong><\/p>\n<p>&nbsp;<\/p>\n<p><strong>Au Camping Reno<\/strong>, <strong>Camping \u00e0 Casal Borsetti en bord de mer,<\/strong> savourez votre repas directement dans votre <a href=\"https:\/\/www.campingreno.it\/fr\/camping-en-emilie-romagne-au-bord-de-la-mer\/\">bungalow, mobil-home<\/a> ou sur votre <a href=\"https:\/\/www.campingreno.it\/fr\/camping-emilie-romagne-en-bord-de-mer-emplacements\/\">emplacement.<\/a> C&rsquo;est super simple, il suffit de:<\/p>\n<ul>\n<li>T\u00e9l\u00e9charger le menu<\/li>\n<li>Appeler o\u00f9 que vous soyez au 0544 445431 ou vous rendre au restaurant<\/li>\n<li>Passer votre commande<\/li>\n<li>Fixer l&rsquo;heure de livraison (pour le retrait)<\/li>\n<li>R\u00e9cup\u00e9rer<\/li>\n<\/ul>\n<p>Et ensuite, il ne vous reste plus qu&rsquo;\u00e0 d\u00e9guster votre repas \u00e0 emporter confortablement sur votre emplacement!<br \/>\nEn plus de nos best-sellers, nous vous recommandons \u00e9galement <strong>nos pizzas<\/strong>, <strong>les frites classiques ou en cornet<\/strong>, de <strong>grandes salades compos\u00e9es,<\/strong> des <strong>hamburgers<\/strong>, des <strong>Piadine romagnole<\/strong>, des <strong>Fish and Chips<\/strong> et du poulet r\u00f4ti.<\/p>\n<p>&nbsp;<\/p>\n<p>Quoi qu&rsquo;il en soit, ouvrez le menu et faites votre choix&#8230;<\/p>\n<p>&nbsp;<\/p>\n<p><a href=\"https:\/\/www.scidoo.com\/preventivov2\/?cod=1209&amp;dataarr=2025-09-21&amp;notti=6&amp;adult=2&amp;children=&amp;IDsotto_struttura=607&amp;lang=3&amp;structure_type=0&amp;promocode=\"><strong>R\u00c9SERVEZ D\u00c8S MAINTENANT VOS VACANCES AU CAMPING RENO !<\/strong><\/a><\/p>\n","protected":false},"excerpt":{"rendered":"<p>Tous les jours, Camping \u00e0 Casal Borsetti en bord de mer, Midi et Soir : Poisson, Viande, Pizza \u00e0 Emporter! &nbsp; Au Camping Reno, Camping \u00e0 Casal Borsetti en bord de mer, savourez votre repas directement dans votre bungalow, mobil-home ou sur votre emplacement. C&rsquo;est super simple, il suffit de: T\u00e9l\u00e9charger le menu Appeler o\u00f9 [&hellip;]<\/p>\n","protected":false},"author":13,"featured_media":4544,"parent":3477,"menu_order":2,"comment_status":"closed","ping_status":"closed","template":"template-service-single.php","meta":{"footnotes":""},"yoast_head":"<!-- This site is optimized with the Yoast SEO plugin v22.3 - https:\/\/yoast.com\/wordpress\/plugins\/seo\/ -->\n<title>Camping \u00e0 Casal Borsetti en bord de mer | Take away<\/title>\n<meta name=\"description\" content=\"Au Camping Reno, Camping \u00e0 Casal Borsetti en bord de mer, vous n&#039;avez qu&#039;\u00e0 r\u00e9cup\u00e9rer votre commande. D\u00e9couvrez le menu!\" \/>\n<meta name=\"robots\" content=\"index, follow, max-snippet:-1, max-image-preview:large, max-video-preview:-1\" \/>\n<link rel=\"canonical\" href=\"https:\/\/www.campingreno.it\/fr\/camping-emilie-romagne-directement-sur-la-mer-services\/camping-a-casal-borsetti-en-bord-de-mer-take-away\/\" \/>\n<meta property=\"og:locale\" content=\"fr_FR\" \/>\n<meta property=\"og:type\" content=\"article\" \/>\n<meta property=\"og:title\" content=\"Camping \u00e0 Casal Borsetti en bord de mer | Take away\" \/>\n<meta property=\"og:description\" content=\"Au Camping Reno, Camping \u00e0 Casal Borsetti en bord de mer, vous n&#039;avez qu&#039;\u00e0 r\u00e9cup\u00e9rer votre commande. D\u00e9couvrez le menu!\" \/>\n<meta property=\"og:url\" content=\"https:\/\/www.campingreno.it\/fr\/camping-emilie-romagne-directement-sur-la-mer-services\/camping-a-casal-borsetti-en-bord-de-mer-take-away\/\" \/>\n<meta property=\"og:site_name\" content=\"Camping Reno\" \/>\n<meta property=\"article:publisher\" content=\"https:\/\/facebook.com\/tomasitourism\" \/>\n<meta property=\"article:modified_time\" content=\"2025-12-19T15:35:06+00:00\" \/>\n<meta property=\"og:image\" content=\"https:\/\/www.campingreno.it\/wp-content\/uploads\/sites\/192\/2025\/12\/take-away.jpg\" \/>\n\t<meta property=\"og:image:width\" content=\"500\" \/>\n\t<meta property=\"og:image:height\" content=\"500\" \/>\n\t<meta property=\"og:image:type\" content=\"image\/jpeg\" \/>\n<meta name=\"twitter:card\" content=\"summary_large_image\" \/>\n<meta name=\"twitter:label1\" content=\"Dur\u00e9e de lecture estim\u00e9e\" \/>\n\t<meta name=\"twitter:data1\" content=\"1 minute\" \/>\n<script type=\"application\/ld+json\" class=\"yoast-schema-graph\">{\"@context\":\"https:\/\/schema.org\",\"@graph\":[{\"@type\":\"WebPage\",\"@id\":\"https:\/\/www.campingreno.it\/fr\/camping-emilie-romagne-directement-sur-la-mer-services\/camping-a-casal-borsetti-en-bord-de-mer-take-away\/\",\"url\":\"https:\/\/www.campingreno.it\/fr\/camping-emilie-romagne-directement-sur-la-mer-services\/camping-a-casal-borsetti-en-bord-de-mer-take-away\/\",\"name\":\"Camping \u00e0 Casal Borsetti en bord de mer | Take away\",\"isPartOf\":{\"@id\":\"https:\/\/www.campingreno.it\/fr\/#website\"},\"primaryImageOfPage\":{\"@id\":\"https:\/\/www.campingreno.it\/fr\/camping-emilie-romagne-directement-sur-la-mer-services\/camping-a-casal-borsetti-en-bord-de-mer-take-away\/#primaryimage\"},\"image\":{\"@id\":\"https:\/\/www.campingreno.it\/fr\/camping-emilie-romagne-directement-sur-la-mer-services\/camping-a-casal-borsetti-en-bord-de-mer-take-away\/#primaryimage\"},\"thumbnailUrl\":\"https:\/\/www.campingreno.it\/wp-content\/uploads\/sites\/192\/2025\/12\/take-away.jpg\",\"datePublished\":\"2024-12-12T11:06:07+00:00\",\"dateModified\":\"2025-12-19T15:35:06+00:00\",\"description\":\"Au Camping Reno, Camping \u00e0 Casal Borsetti en bord de mer, vous n'avez qu'\u00e0 r\u00e9cup\u00e9rer votre commande. D\u00e9couvrez le menu!\",\"breadcrumb\":{\"@id\":\"https:\/\/www.campingreno.it\/fr\/camping-emilie-romagne-directement-sur-la-mer-services\/camping-a-casal-borsetti-en-bord-de-mer-take-away\/#breadcrumb\"},\"inLanguage\":\"fr-FR\",\"potentialAction\":[{\"@type\":\"ReadAction\",\"target\":[\"https:\/\/www.campingreno.it\/fr\/camping-emilie-romagne-directement-sur-la-mer-services\/camping-a-casal-borsetti-en-bord-de-mer-take-away\/\"]}]},{\"@type\":\"ImageObject\",\"inLanguage\":\"fr-FR\",\"@id\":\"https:\/\/www.campingreno.it\/fr\/camping-emilie-romagne-directement-sur-la-mer-services\/camping-a-casal-borsetti-en-bord-de-mer-take-away\/#primaryimage\",\"url\":\"https:\/\/www.campingreno.it\/wp-content\/uploads\/sites\/192\/2025\/12\/take-away.jpg\",\"contentUrl\":\"https:\/\/www.campingreno.it\/wp-content\/uploads\/sites\/192\/2025\/12\/take-away.jpg\",\"width\":500,\"height\":500,\"caption\":\"Camping \u00e0 Casal Borsetti en bord de mer | Take away\"},{\"@type\":\"BreadcrumbList\",\"@id\":\"https:\/\/www.campingreno.it\/fr\/camping-emilie-romagne-directement-sur-la-mer-services\/camping-a-casal-borsetti-en-bord-de-mer-take-away\/#breadcrumb\",\"itemListElement\":[{\"@type\":\"ListItem\",\"position\":1,\"name\":\"Home\",\"item\":\"https:\/\/www.campingreno.it\/fr\/\"},{\"@type\":\"ListItem\",\"position\":2,\"name\":\"Services\",\"item\":\"https:\/\/www.campingreno.it\/fr\/camping-emilie-romagne-directement-sur-la-mer-services\/\"},{\"@type\":\"ListItem\",\"position\":3,\"name\":\"Take away\"}]},{\"@type\":\"WebSite\",\"@id\":\"https:\/\/www.campingreno.it\/fr\/#website\",\"url\":\"https:\/\/www.campingreno.it\/fr\/\",\"name\":\"Camping Reno\",\"description\":\"\",\"publisher\":{\"@id\":\"https:\/\/www.campingreno.it\/fr\/#organization\"},\"potentialAction\":[{\"@type\":\"SearchAction\",\"target\":{\"@type\":\"EntryPoint\",\"urlTemplate\":\"https:\/\/www.campingreno.it\/fr\/?s={search_term_string}\"},\"query-input\":\"required name=search_term_string\"}],\"inLanguage\":\"fr-FR\"},{\"@type\":\"Organization\",\"@id\":\"https:\/\/www.campingreno.it\/fr\/#organization\",\"name\":\"Camping Reno\",\"url\":\"https:\/\/www.campingreno.it\/fr\/\",\"logo\":{\"@type\":\"ImageObject\",\"inLanguage\":\"fr-FR\",\"@id\":\"https:\/\/www.campingreno.it\/fr\/#\/schema\/logo\/image\/\",\"url\":\"https:\/\/www.campingreno.it\/wp-content\/uploads\/sites\/192\/2024\/12\/logo_reno-no-sfondo-2.png\",\"contentUrl\":\"https:\/\/www.campingreno.it\/wp-content\/uploads\/sites\/192\/2024\/12\/logo_reno-no-sfondo-2.png\",\"width\":567,\"height\":286,\"caption\":\"Camping Reno\"},\"image\":{\"@id\":\"https:\/\/www.campingreno.it\/fr\/#\/schema\/logo\/image\/\"},\"sameAs\":[\"https:\/\/facebook.com\/tomasitourism\",\"https:\/\/instagram.com\/camping_reno\"]}]}<\/script>\n<!-- \/ Yoast SEO plugin. -->","yoast_head_json":{"title":"Camping \u00e0 Casal Borsetti en bord de mer | Take away","description":"Au Camping Reno, Camping \u00e0 Casal Borsetti en bord de mer, vous n'avez qu'\u00e0 r\u00e9cup\u00e9rer votre commande. D\u00e9couvrez le menu!","robots":{"index":"index","follow":"follow","max-snippet":"max-snippet:-1","max-image-preview":"max-image-preview:large","max-video-preview":"max-video-preview:-1"},"canonical":"https:\/\/www.campingreno.it\/fr\/camping-emilie-romagne-directement-sur-la-mer-services\/camping-a-casal-borsetti-en-bord-de-mer-take-away\/","og_locale":"fr_FR","og_type":"article","og_title":"Camping \u00e0 Casal Borsetti en bord de mer | Take away","og_description":"Au Camping Reno, Camping \u00e0 Casal Borsetti en bord de mer, vous n'avez qu'\u00e0 r\u00e9cup\u00e9rer votre commande. D\u00e9couvrez le menu!","og_url":"https:\/\/www.campingreno.it\/fr\/camping-emilie-romagne-directement-sur-la-mer-services\/camping-a-casal-borsetti-en-bord-de-mer-take-away\/","og_site_name":"Camping Reno","article_publisher":"https:\/\/facebook.com\/tomasitourism","article_modified_time":"2025-12-19T15:35:06+00:00","og_image":[{"width":500,"height":500,"url":"https:\/\/www.campingreno.it\/wp-content\/uploads\/sites\/192\/2025\/12\/take-away.jpg","type":"image\/jpeg"}],"twitter_card":"summary_large_image","twitter_misc":{"Dur\u00e9e de lecture estim\u00e9e":"1 minute"},"schema":{"@context":"https:\/\/schema.org","@graph":[{"@type":"WebPage","@id":"https:\/\/www.campingreno.it\/fr\/camping-emilie-romagne-directement-sur-la-mer-services\/camping-a-casal-borsetti-en-bord-de-mer-take-away\/","url":"https:\/\/www.campingreno.it\/fr\/camping-emilie-romagne-directement-sur-la-mer-services\/camping-a-casal-borsetti-en-bord-de-mer-take-away\/","name":"Camping \u00e0 Casal Borsetti en bord de mer | Take away","isPartOf":{"@id":"https:\/\/www.campingreno.it\/fr\/#website"},"primaryImageOfPage":{"@id":"https:\/\/www.campingreno.it\/fr\/camping-emilie-romagne-directement-sur-la-mer-services\/camping-a-casal-borsetti-en-bord-de-mer-take-away\/#primaryimage"},"image":{"@id":"https:\/\/www.campingreno.it\/fr\/camping-emilie-romagne-directement-sur-la-mer-services\/camping-a-casal-borsetti-en-bord-de-mer-take-away\/#primaryimage"},"thumbnailUrl":"https:\/\/www.campingreno.it\/wp-content\/uploads\/sites\/192\/2025\/12\/take-away.jpg","datePublished":"2024-12-12T11:06:07+00:00","dateModified":"2025-12-19T15:35:06+00:00","description":"Au Camping Reno, Camping \u00e0 Casal Borsetti en bord de mer, vous n'avez qu'\u00e0 r\u00e9cup\u00e9rer votre commande. D\u00e9couvrez le menu!","breadcrumb":{"@id":"https:\/\/www.campingreno.it\/fr\/camping-emilie-romagne-directement-sur-la-mer-services\/camping-a-casal-borsetti-en-bord-de-mer-take-away\/#breadcrumb"},"inLanguage":"fr-FR","potentialAction":[{"@type":"ReadAction","target":["https:\/\/www.campingreno.it\/fr\/camping-emilie-romagne-directement-sur-la-mer-services\/camping-a-casal-borsetti-en-bord-de-mer-take-away\/"]}]},{"@type":"ImageObject","inLanguage":"fr-FR","@id":"https:\/\/www.campingreno.it\/fr\/camping-emilie-romagne-directement-sur-la-mer-services\/camping-a-casal-borsetti-en-bord-de-mer-take-away\/#primaryimage","url":"https:\/\/www.campingreno.it\/wp-content\/uploads\/sites\/192\/2025\/12\/take-away.jpg","contentUrl":"https:\/\/www.campingreno.it\/wp-content\/uploads\/sites\/192\/2025\/12\/take-away.jpg","width":500,"height":500,"caption":"Camping \u00e0 Casal Borsetti en bord de mer | Take away"},{"@type":"BreadcrumbList","@id":"https:\/\/www.campingreno.it\/fr\/camping-emilie-romagne-directement-sur-la-mer-services\/camping-a-casal-borsetti-en-bord-de-mer-take-away\/#breadcrumb","itemListElement":[{"@type":"ListItem","position":1,"name":"Home","item":"https:\/\/www.campingreno.it\/fr\/"},{"@type":"ListItem","position":2,"name":"Services","item":"https:\/\/www.campingreno.it\/fr\/camping-emilie-romagne-directement-sur-la-mer-services\/"},{"@type":"ListItem","position":3,"name":"Take away"}]},{"@type":"WebSite","@id":"https:\/\/www.campingreno.it\/fr\/#website","url":"https:\/\/www.campingreno.it\/fr\/","name":"Camping Reno","description":"","publisher":{"@id":"https:\/\/www.campingreno.it\/fr\/#organization"},"potentialAction":[{"@type":"SearchAction","target":{"@type":"EntryPoint","urlTemplate":"https:\/\/www.campingreno.it\/fr\/?s={search_term_string}"},"query-input":"required name=search_term_string"}],"inLanguage":"fr-FR"},{"@type":"Organization","@id":"https:\/\/www.campingreno.it\/fr\/#organization","name":"Camping Reno","url":"https:\/\/www.campingreno.it\/fr\/","logo":{"@type":"ImageObject","inLanguage":"fr-FR","@id":"https:\/\/www.campingreno.it\/fr\/#\/schema\/logo\/image\/","url":"https:\/\/www.campingreno.it\/wp-content\/uploads\/sites\/192\/2024\/12\/logo_reno-no-sfondo-2.png","contentUrl":"https:\/\/www.campingreno.it\/wp-content\/uploads\/sites\/192\/2024\/12\/logo_reno-no-sfondo-2.png","width":567,"height":286,"caption":"Camping Reno"},"image":{"@id":"https:\/\/www.campingreno.it\/fr\/#\/schema\/logo\/image\/"},"sameAs":["https:\/\/facebook.com\/tomasitourism","https:\/\/instagram.com\/camping_reno"]}]}},"acf":[],"_links":{"self":[{"href":"https:\/\/www.campingreno.it\/fr\/wp-json\/wp\/v2\/pages\/3527"}],"collection":[{"href":"https:\/\/www.campingreno.it\/fr\/wp-json\/wp\/v2\/pages"}],"about":[{"href":"https:\/\/www.campingreno.it\/fr\/wp-json\/wp\/v2\/types\/page"}],"author":[{"embeddable":true,"href":"https:\/\/www.campingreno.it\/fr\/wp-json\/wp\/v2\/users\/13"}],"replies":[{"embeddable":true,"href":"https:\/\/www.campingreno.it\/fr\/wp-json\/wp\/v2\/comments?post=3527"}],"version-history":[{"count":0,"href":"https:\/\/www.campingreno.it\/fr\/wp-json\/wp\/v2\/pages\/3527\/revisions"}],"up":[{"embeddable":true,"href":"https:\/\/www.campingreno.it\/fr\/wp-json\/wp\/v2\/pages\/3477"}],"wp:featuredmedia":[{"embeddable":true,"href":"https:\/\/www.campingreno.it\/fr\/wp-json\/wp\/v2\/media\/4544"}],"wp:attachment":[{"href":"https:\/\/www.campingreno.it\/fr\/wp-json\/wp\/v2\/media?parent=3527"}],"curies":[{"name":"wp","href":"https:\/\/api.w.org\/{rel}","templated":true}]}}