   {"id":3533,"date":"2024-12-13T10:32:30","date_gmt":"2024-12-13T10:32:30","guid":{"rendered":"https:\/\/www.campingreno.it\/camping-emilie-romagne-directement-sur-la-mer-services\/campeggio-mare-emilia-romagna-barbecue\/"},"modified":"2025-12-19T15:43:13","modified_gmt":"2025-12-19T15:43:13","slug":"camping-marina-romea-italie-barbecue","status":"publish","type":"page","link":"https:\/\/www.campingreno.it\/fr\/camping-emilie-romagne-directement-sur-la-mer-services\/camping-marina-romea-italie-barbecue\/","title":{"rendered":"Barbecue"},"content":{"rendered":"<p><strong>Espace Barbecue au Camping Reno<\/strong><\/p>\n<ul>\n<li>L&rsquo;espace barbecue du Camping Reno, <strong>Camping Marina Romea Italie<\/strong>, votre camping en <strong>bord de mer en \u00c9milie-Romagne<\/strong>, est un endroit d\u00e9di\u00e9 o\u00f9 nos clients peuvent se retrouver pour cuisiner et d\u00e9guster de d\u00e9licieux repas en plein air.<\/li>\n<li>\u00c9quip\u00e9e de <strong>grils<\/strong>, de <strong>tables<\/strong> et de <strong>bancs<\/strong>, cette zone offre tout le n\u00e9cessaire pour pr\u00e9parer viandes, poissons ou l\u00e9gumes grill\u00e9s en bonne compagnie, en pleine nature.<\/li>\n<li>C&rsquo;est le lieu id\u00e9al pour socialiser avec d&rsquo;autres campeurs, d\u00e9couvrir de nouvelles recettes et vivre l&rsquo;ambiance conviviale d&rsquo;une grillade sous le ciel ouvert.<\/li>\n<li>Que ce soit pour un d\u00eener informel ou un moment de d\u00e9tente en journ\u00e9e, l&rsquo;espace barbecue ajoute une touche d&rsquo;authenticit\u00e9 et de plaisir \u00e0 votre exp\u00e9rience au Camping Reno.<\/li>\n<\/ul>\n<p>&nbsp;<\/p>\n<p>Dans cet espace, chaque repas devient une opportunit\u00e9 de cr\u00e9er des souvenirs inoubliables entre amis et en famille.<\/p>\n<p>&nbsp;<\/p>\n<p><a href=\"https:\/\/www.scidoo.com\/preventivov2\/?cod=1209&amp;dataarr=2025-09-21&amp;notti=6&amp;adult=2&amp;children=&amp;IDsotto_struttura=607&amp;lang=3&amp;structure_type=0&amp;promocode=\"><strong>V\u00c9RIFIEZ LA DISPONIBILIT\u00c9 EN LIGNE<\/strong><\/a><\/p>\n<p>&nbsp;<\/p>\n","protected":false},"excerpt":{"rendered":"<p>Espace Barbecue au Camping Reno L&rsquo;espace barbecue du Camping Reno, Camping Marina Romea Italie, votre camping en bord de mer en \u00c9milie-Romagne, est un endroit d\u00e9di\u00e9 o\u00f9 nos clients peuvent se retrouver pour cuisiner et d\u00e9guster de d\u00e9licieux repas en plein air. \u00c9quip\u00e9e de grils, de tables et de bancs, cette zone offre tout le [&hellip;]<\/p>\n","protected":false},"author":13,"featured_media":4546,"parent":3477,"menu_order":4,"comment_status":"closed","ping_status":"closed","template":"template-service-single.php","meta":{"footnotes":""},"class_list":["post-3533","page","type-page","status-publish","has-post-thumbnail","hentry"],"yoast_head":"<!-- This site is optimized with the Yoast SEO plugin v27.3 - https:\/\/yoast.com\/product\/yoast-seo-wordpress\/ -->\n<title>Camping Marina Romea Italie | Barbecue<\/title>\n<meta name=\"description\" content=\"Le Camping Reno, Camping Marina Romea Italie, dispose d&#039;un espace barbecue \u00e0 charbon de bois enti\u00e8rement \u00e9quip\u00e9 pour pr\u00e9parer de d\u00e9licieuses grillades!\" \/>\n<meta name=\"robots\" content=\"index, follow, max-snippet:-1, max-image-preview:large, max-video-preview:-1\" \/>\n<link rel=\"canonical\" href=\"https:\/\/www.campingreno.it\/fr\/camping-emilie-romagne-directement-sur-la-mer-services\/camping-marina-romea-italie-barbecue\/\" \/>\n<meta property=\"og:locale\" content=\"fr_FR\" \/>\n<meta property=\"og:type\" content=\"article\" \/>\n<meta property=\"og:title\" content=\"Camping Marina Romea Italie | Barbecue\" \/>\n<meta property=\"og:description\" content=\"Le Camping Reno, Camping Marina Romea Italie, dispose d&#039;un espace barbecue \u00e0 charbon de bois enti\u00e8rement \u00e9quip\u00e9 pour pr\u00e9parer de d\u00e9licieuses grillades!\" \/>\n<meta property=\"og:url\" content=\"https:\/\/www.campingreno.it\/fr\/camping-emilie-romagne-directement-sur-la-mer-services\/camping-marina-romea-italie-barbecue\/\" \/>\n<meta property=\"og:site_name\" content=\"Camping Reno\" \/>\n<meta property=\"article:publisher\" content=\"https:\/\/facebook.com\/tomasitourism\" \/>\n<meta property=\"article:modified_time\" content=\"2025-12-19T15:43:13+00:00\" \/>\n<meta property=\"og:image\" content=\"https:\/\/www.campingreno.it\/wp-content\/uploads\/sites\/192\/2025\/12\/Barbecue.jpg\" \/>\n\t<meta property=\"og:image:width\" content=\"2500\" \/>\n\t<meta property=\"og:image:height\" content=\"1667\" \/>\n\t<meta property=\"og:image:type\" content=\"image\/jpeg\" \/>\n<meta name=\"twitter:card\" content=\"summary_large_image\" \/>\n<meta name=\"twitter:label1\" content=\"Dur\u00e9e de lecture estim\u00e9e\" \/>\n\t<meta name=\"twitter:data1\" content=\"1 minute\" \/>\n<script type=\"application\/ld+json\" class=\"yoast-schema-graph\">{\"@context\":\"https:\\\/\\\/schema.org\",\"@graph\":[{\"@type\":\"WebPage\",\"@id\":\"https:\\\/\\\/www.campingreno.it\\\/fr\\\/camping-emilie-romagne-directement-sur-la-mer-services\\\/camping-marina-romea-italie-barbecue\\\/\",\"url\":\"https:\\\/\\\/www.campingreno.it\\\/fr\\\/camping-emilie-romagne-directement-sur-la-mer-services\\\/camping-marina-romea-italie-barbecue\\\/\",\"name\":\"Camping Marina Romea Italie | Barbecue\",\"isPartOf\":{\"@id\":\"https:\\\/\\\/www.campingreno.it\\\/fr\\\/#website\"},\"primaryImageOfPage\":{\"@id\":\"https:\\\/\\\/www.campingreno.it\\\/fr\\\/camping-emilie-romagne-directement-sur-la-mer-services\\\/camping-marina-romea-italie-barbecue\\\/#primaryimage\"},\"image\":{\"@id\":\"https:\\\/\\\/www.campingreno.it\\\/fr\\\/camping-emilie-romagne-directement-sur-la-mer-services\\\/camping-marina-romea-italie-barbecue\\\/#primaryimage\"},\"thumbnailUrl\":\"https:\\\/\\\/www.campingreno.it\\\/wp-content\\\/uploads\\\/sites\\\/192\\\/2025\\\/12\\\/Barbecue.jpg\",\"datePublished\":\"2024-12-13T10:32:30+00:00\",\"dateModified\":\"2025-12-19T15:43:13+00:00\",\"description\":\"Le Camping Reno, Camping Marina Romea Italie, dispose d'un espace barbecue \u00e0 charbon de bois enti\u00e8rement \u00e9quip\u00e9 pour pr\u00e9parer de d\u00e9licieuses grillades!\",\"breadcrumb\":{\"@id\":\"https:\\\/\\\/www.campingreno.it\\\/fr\\\/camping-emilie-romagne-directement-sur-la-mer-services\\\/camping-marina-romea-italie-barbecue\\\/#breadcrumb\"},\"inLanguage\":\"fr-FR\",\"potentialAction\":[{\"@type\":\"ReadAction\",\"target\":[\"https:\\\/\\\/www.campingreno.it\\\/fr\\\/camping-emilie-romagne-directement-sur-la-mer-services\\\/camping-marina-romea-italie-barbecue\\\/\"]}]},{\"@type\":\"ImageObject\",\"inLanguage\":\"fr-FR\",\"@id\":\"https:\\\/\\\/www.campingreno.it\\\/fr\\\/camping-emilie-romagne-directement-sur-la-mer-services\\\/camping-marina-romea-italie-barbecue\\\/#primaryimage\",\"url\":\"https:\\\/\\\/www.campingreno.it\\\/wp-content\\\/uploads\\\/sites\\\/192\\\/2025\\\/12\\\/Barbecue.jpg\",\"contentUrl\":\"https:\\\/\\\/www.campingreno.it\\\/wp-content\\\/uploads\\\/sites\\\/192\\\/2025\\\/12\\\/Barbecue.jpg\",\"width\":2500,\"height\":1667,\"caption\":\"Camping Marina Romea Italie | Barbecue\"},{\"@type\":\"BreadcrumbList\",\"@id\":\"https:\\\/\\\/www.campingreno.it\\\/fr\\\/camping-emilie-romagne-directement-sur-la-mer-services\\\/camping-marina-romea-italie-barbecue\\\/#breadcrumb\",\"itemListElement\":[{\"@type\":\"ListItem\",\"position\":1,\"name\":\"Home\",\"item\":\"https:\\\/\\\/www.campingreno.it\\\/fr\\\/\"},{\"@type\":\"ListItem\",\"position\":2,\"name\":\"Services\",\"item\":\"https:\\\/\\\/www.campingreno.it\\\/fr\\\/camping-emilie-romagne-directement-sur-la-mer-services\\\/\"},{\"@type\":\"ListItem\",\"position\":3,\"name\":\"Barbecue\"}]},{\"@type\":\"WebSite\",\"@id\":\"https:\\\/\\\/www.campingreno.it\\\/fr\\\/#website\",\"url\":\"https:\\\/\\\/www.campingreno.it\\\/fr\\\/\",\"name\":\"Camping Reno\",\"description\":\"\",\"publisher\":{\"@id\":\"https:\\\/\\\/www.campingreno.it\\\/fr\\\/#organization\"},\"potentialAction\":[{\"@type\":\"SearchAction\",\"target\":{\"@type\":\"EntryPoint\",\"urlTemplate\":\"https:\\\/\\\/www.campingreno.it\\\/fr\\\/?s={search_term_string}\"},\"query-input\":{\"@type\":\"PropertyValueSpecification\",\"valueRequired\":true,\"valueName\":\"search_term_string\"}}],\"inLanguage\":\"fr-FR\"},{\"@type\":\"Organization\",\"@id\":\"https:\\\/\\\/www.campingreno.it\\\/fr\\\/#organization\",\"name\":\"Camping Reno\",\"url\":\"https:\\\/\\\/www.campingreno.it\\\/fr\\\/\",\"logo\":{\"@type\":\"ImageObject\",\"inLanguage\":\"fr-FR\",\"@id\":\"https:\\\/\\\/www.campingreno.it\\\/fr\\\/#\\\/schema\\\/logo\\\/image\\\/\",\"url\":\"https:\\\/\\\/www.campingreno.it\\\/wp-content\\\/uploads\\\/sites\\\/192\\\/2024\\\/12\\\/logo_reno-no-sfondo-2.png\",\"contentUrl\":\"https:\\\/\\\/www.campingreno.it\\\/wp-content\\\/uploads\\\/sites\\\/192\\\/2024\\\/12\\\/logo_reno-no-sfondo-2.png\",\"width\":567,\"height\":286,\"caption\":\"Camping Reno\"},\"image\":{\"@id\":\"https:\\\/\\\/www.campingreno.it\\\/fr\\\/#\\\/schema\\\/logo\\\/image\\\/\"},\"sameAs\":[\"https:\\\/\\\/facebook.com\\\/tomasitourism\",\"https:\\\/\\\/instagram.com\\\/camping_reno\"]}]}<\/script>\n<!-- \/ Yoast SEO plugin. -->","yoast_head_json":{"title":"Camping Marina Romea Italie | Barbecue","description":"Le Camping Reno, Camping Marina Romea Italie, dispose d'un espace barbecue \u00e0 charbon de bois enti\u00e8rement \u00e9quip\u00e9 pour pr\u00e9parer de d\u00e9licieuses grillades!","robots":{"index":"index","follow":"follow","max-snippet":"max-snippet:-1","max-image-preview":"max-image-preview:large","max-video-preview":"max-video-preview:-1"},"canonical":"https:\/\/www.campingreno.it\/fr\/camping-emilie-romagne-directement-sur-la-mer-services\/camping-marina-romea-italie-barbecue\/","og_locale":"fr_FR","og_type":"article","og_title":"Camping Marina Romea Italie | Barbecue","og_description":"Le Camping Reno, Camping Marina Romea Italie, dispose d'un espace barbecue \u00e0 charbon de bois enti\u00e8rement \u00e9quip\u00e9 pour pr\u00e9parer de d\u00e9licieuses grillades!","og_url":"https:\/\/www.campingreno.it\/fr\/camping-emilie-romagne-directement-sur-la-mer-services\/camping-marina-romea-italie-barbecue\/","og_site_name":"Camping Reno","article_publisher":"https:\/\/facebook.com\/tomasitourism","article_modified_time":"2025-12-19T15:43:13+00:00","og_image":[{"width":2500,"height":1667,"url":"https:\/\/www.campingreno.it\/wp-content\/uploads\/sites\/192\/2025\/12\/Barbecue.jpg","type":"image\/jpeg"}],"twitter_card":"summary_large_image","twitter_misc":{"Dur\u00e9e de lecture estim\u00e9e":"1 minute"},"schema":{"@context":"https:\/\/schema.org","@graph":[{"@type":"WebPage","@id":"https:\/\/www.campingreno.it\/fr\/camping-emilie-romagne-directement-sur-la-mer-services\/camping-marina-romea-italie-barbecue\/","url":"https:\/\/www.campingreno.it\/fr\/camping-emilie-romagne-directement-sur-la-mer-services\/camping-marina-romea-italie-barbecue\/","name":"Camping Marina Romea Italie | Barbecue","isPartOf":{"@id":"https:\/\/www.campingreno.it\/fr\/#website"},"primaryImageOfPage":{"@id":"https:\/\/www.campingreno.it\/fr\/camping-emilie-romagne-directement-sur-la-mer-services\/camping-marina-romea-italie-barbecue\/#primaryimage"},"image":{"@id":"https:\/\/www.campingreno.it\/fr\/camping-emilie-romagne-directement-sur-la-mer-services\/camping-marina-romea-italie-barbecue\/#primaryimage"},"thumbnailUrl":"https:\/\/www.campingreno.it\/wp-content\/uploads\/sites\/192\/2025\/12\/Barbecue.jpg","datePublished":"2024-12-13T10:32:30+00:00","dateModified":"2025-12-19T15:43:13+00:00","description":"Le Camping Reno, Camping Marina Romea Italie, dispose d'un espace barbecue \u00e0 charbon de bois enti\u00e8rement \u00e9quip\u00e9 pour pr\u00e9parer de d\u00e9licieuses grillades!","breadcrumb":{"@id":"https:\/\/www.campingreno.it\/fr\/camping-emilie-romagne-directement-sur-la-mer-services\/camping-marina-romea-italie-barbecue\/#breadcrumb"},"inLanguage":"fr-FR","potentialAction":[{"@type":"ReadAction","target":["https:\/\/www.campingreno.it\/fr\/camping-emilie-romagne-directement-sur-la-mer-services\/camping-marina-romea-italie-barbecue\/"]}]},{"@type":"ImageObject","inLanguage":"fr-FR","@id":"https:\/\/www.campingreno.it\/fr\/camping-emilie-romagne-directement-sur-la-mer-services\/camping-marina-romea-italie-barbecue\/#primaryimage","url":"https:\/\/www.campingreno.it\/wp-content\/uploads\/sites\/192\/2025\/12\/Barbecue.jpg","contentUrl":"https:\/\/www.campingreno.it\/wp-content\/uploads\/sites\/192\/2025\/12\/Barbecue.jpg","width":2500,"height":1667,"caption":"Camping Marina Romea Italie | Barbecue"},{"@type":"BreadcrumbList","@id":"https:\/\/www.campingreno.it\/fr\/camping-emilie-romagne-directement-sur-la-mer-services\/camping-marina-romea-italie-barbecue\/#breadcrumb","itemListElement":[{"@type":"ListItem","position":1,"name":"Home","item":"https:\/\/www.campingreno.it\/fr\/"},{"@type":"ListItem","position":2,"name":"Services","item":"https:\/\/www.campingreno.it\/fr\/camping-emilie-romagne-directement-sur-la-mer-services\/"},{"@type":"ListItem","position":3,"name":"Barbecue"}]},{"@type":"WebSite","@id":"https:\/\/www.campingreno.it\/fr\/#website","url":"https:\/\/www.campingreno.it\/fr\/","name":"Camping Reno","description":"","publisher":{"@id":"https:\/\/www.campingreno.it\/fr\/#organization"},"potentialAction":[{"@type":"SearchAction","target":{"@type":"EntryPoint","urlTemplate":"https:\/\/www.campingreno.it\/fr\/?s={search_term_string}"},"query-input":{"@type":"PropertyValueSpecification","valueRequired":true,"valueName":"search_term_string"}}],"inLanguage":"fr-FR"},{"@type":"Organization","@id":"https:\/\/www.campingreno.it\/fr\/#organization","name":"Camping Reno","url":"https:\/\/www.campingreno.it\/fr\/","logo":{"@type":"ImageObject","inLanguage":"fr-FR","@id":"https:\/\/www.campingreno.it\/fr\/#\/schema\/logo\/image\/","url":"https:\/\/www.campingreno.it\/wp-content\/uploads\/sites\/192\/2024\/12\/logo_reno-no-sfondo-2.png","contentUrl":"https:\/\/www.campingreno.it\/wp-content\/uploads\/sites\/192\/2024\/12\/logo_reno-no-sfondo-2.png","width":567,"height":286,"caption":"Camping Reno"},"image":{"@id":"https:\/\/www.campingreno.it\/fr\/#\/schema\/logo\/image\/"},"sameAs":["https:\/\/facebook.com\/tomasitourism","https:\/\/instagram.com\/camping_reno"]}]}},"acf":[],"_links":{"self":[{"href":"https:\/\/www.campingreno.it\/fr\/wp-json\/wp\/v2\/pages\/3533","targetHints":{"allow":["GET"]}}],"collection":[{"href":"https:\/\/www.campingreno.it\/fr\/wp-json\/wp\/v2\/pages"}],"about":[{"href":"https:\/\/www.campingreno.it\/fr\/wp-json\/wp\/v2\/types\/page"}],"author":[{"embeddable":true,"href":"https:\/\/www.campingreno.it\/fr\/wp-json\/wp\/v2\/users\/13"}],"replies":[{"embeddable":true,"href":"https:\/\/www.campingreno.it\/fr\/wp-json\/wp\/v2\/comments?post=3533"}],"version-history":[{"count":0,"href":"https:\/\/www.campingreno.it\/fr\/wp-json\/wp\/v2\/pages\/3533\/revisions"}],"up":[{"embeddable":true,"href":"https:\/\/www.campingreno.it\/fr\/wp-json\/wp\/v2\/pages\/3477"}],"wp:featuredmedia":[{"embeddable":true,"href":"https:\/\/www.campingreno.it\/fr\/wp-json\/wp\/v2\/media\/4546"}],"wp:attachment":[{"href":"https:\/\/www.campingreno.it\/fr\/wp-json\/wp\/v2\/media?parent=3533"}],"curies":[{"name":"wp","href":"https:\/\/api.w.org\/{rel}","templated":true}]}}