   {"id":3536,"date":"2024-12-11T16:22:31","date_gmt":"2024-12-11T16:22:31","guid":{"rendered":"https:\/\/www.campingreno.it\/camping-emilie-romagne-directement-sur-la-mer-services\/campeggio-con-sabbia-fine-emilia-romagna\/"},"modified":"2025-12-19T15:45:08","modified_gmt":"2025-12-19T15:45:08","slug":"camping-porto-corsini-avec-sable-fin","status":"publish","type":"page","link":"https:\/\/www.campingreno.it\/fr\/camping-emilie-romagne-directement-sur-la-mer-services\/camping-porto-corsini-avec-sable-fin\/","title":{"rendered":"Plage"},"content":{"rendered":"<p><strong>Sable fin et fond marin en pente douce<\/strong><\/p>\n<p>La plage du Camping Reno, votre <strong>Camping Porto Corsini avec sable fin<\/strong> et <strong>son fond marin en pente douce<\/strong>, est un v\u00e9ritable coin de paradis pour nos clients qui recherchent un environnement tranquille et s\u00fbr pour se d\u00e9tendre ou jouer, que ce soit entre adultes ou avec leurs enfants.<\/p>\n<p>&nbsp;<\/p>\n<p>Elle est parfaite pour une promenade pieds nus le long du rivage ou pour s&rsquo;allonger sur sa serviette au soleil ou sous le parasol.<\/p>\n<p>&nbsp;<\/p>\n<p>Le fond est en pente douce, rendant l&rsquo;entr\u00e9e dans l&rsquo;eau progressive et s\u00e9curis\u00e9e. Au fur et \u00e0 mesure que vous avancez vers la mer, l&rsquo;eau monte lentement autour de vos pieds, r\u00e9v\u00e9lant un fond clair et transparent, id\u00e9al pour nager ou se baigner, m\u00eame pour les plus petits.<\/p>\n<p>&nbsp;<\/p>\n<p>La faible profondeur qui s&rsquo;\u00e9tend sur plusieurs m\u00e8tres depuis le rivage permet de profiter de l&rsquo;eau sans souci, faisant de ce coin de plage l&rsquo;endroit parfait pour les familles avec enfants, qui peuvent s&rsquo;amuser \u00e0 jouer et se baigner en toute s\u00e9curit\u00e9.<\/p>\n<p>&nbsp;<\/p>\n<p>Si vous \u00eates un amoureux de la nature, vous pourriez d\u00e9couvrir que la transparence de l&rsquo;eau vous permet d&rsquo;observer le fond marin riche en vie marine, des petits coquillages aux poissons qui se r\u00e9fugient entre les rochers.<\/p>\n<p>&nbsp;<\/p>\n<p>La plage est accessible depuis le Camping Reno, <strong>Camping Porto Corsini avec sable fin<\/strong>, par un acc\u00e8s priv\u00e9 qui traverse une pin\u00e8de verdoyante et dense. Quelques m\u00e8tres et vous avez les pieds dans l&rsquo;eau\u2026<\/p>\n<p>&nbsp;<\/p>\n<p>Avec une plage comme celle-ci, le Camping Reno devient assur\u00e9ment une destination id\u00e9ale pour des vacances sous le signe de la d\u00e9tente et du contact avec la nature.<\/p>\n<p>&nbsp;<\/p>\n<p>&nbsp;<\/p>\n<p><a href=\"https:\/\/www.scidoo.com\/preventivov2\/?cod=1209&amp;dataarr=2025-09-21&amp;notti=6&amp;adult=2&amp;children=&amp;IDsotto_struttura=607&amp;lang=3&amp;structure_type=0&amp;promocode=\"><strong>V\u00c9RIFIEZ LA DISPONIBILIT\u00c9 MAINTENANT<\/strong><\/a><\/p>\n<p>&nbsp;<\/p>\n","protected":false},"excerpt":{"rendered":"<p>Sable fin et fond marin en pente douce La plage du Camping Reno, votre Camping Porto Corsini avec sable fin et son fond marin en pente douce, est un v\u00e9ritable coin de paradis pour nos clients qui recherchent un environnement tranquille et s\u00fbr pour se d\u00e9tendre ou jouer, que ce soit entre adultes ou avec [&hellip;]<\/p>\n","protected":false},"author":13,"featured_media":4547,"parent":3477,"menu_order":5,"comment_status":"closed","ping_status":"closed","template":"template-service-single.php","meta":{"footnotes":""},"class_list":["post-3536","page","type-page","status-publish","has-post-thumbnail","hentry"],"yoast_head":"<!-- This site is optimized with the Yoast SEO plugin v27.3 - https:\/\/yoast.com\/product\/yoast-seo-wordpress\/ -->\n<title>Camping Porto Corsini avec sable Fin | La Plage<\/title>\n<meta name=\"description\" content=\"Naturelle et sauvage, comme l&#039;aiment les vrais campeurs, D\u00e9couvrez le Camping Reno, Camping Porto Corsini avec sable fin. Regardez les photos!\" \/>\n<meta name=\"robots\" content=\"index, follow, max-snippet:-1, max-image-preview:large, max-video-preview:-1\" \/>\n<link rel=\"canonical\" href=\"https:\/\/www.campingreno.it\/fr\/camping-emilie-romagne-directement-sur-la-mer-services\/camping-porto-corsini-avec-sable-fin\/\" \/>\n<meta property=\"og:locale\" content=\"fr_FR\" \/>\n<meta property=\"og:type\" content=\"article\" \/>\n<meta property=\"og:title\" content=\"Camping Porto Corsini avec sable Fin | La Plage\" \/>\n<meta property=\"og:description\" content=\"Naturelle et sauvage, comme l&#039;aiment les vrais campeurs, D\u00e9couvrez le Camping Reno, Camping Porto Corsini avec sable fin. Regardez les photos!\" \/>\n<meta property=\"og:url\" content=\"https:\/\/www.campingreno.it\/fr\/camping-emilie-romagne-directement-sur-la-mer-services\/camping-porto-corsini-avec-sable-fin\/\" \/>\n<meta property=\"og:site_name\" content=\"Camping Reno\" \/>\n<meta property=\"article:publisher\" content=\"https:\/\/facebook.com\/tomasitourism\" \/>\n<meta property=\"article:modified_time\" content=\"2025-12-19T15:45:08+00:00\" \/>\n<meta property=\"og:image\" content=\"https:\/\/www.campingreno.it\/wp-content\/uploads\/sites\/192\/2025\/12\/DSC09176_-1.jpg\" \/>\n\t<meta property=\"og:image:width\" content=\"1942\" \/>\n\t<meta property=\"og:image:height\" content=\"1596\" \/>\n\t<meta property=\"og:image:type\" content=\"image\/jpeg\" \/>\n<meta name=\"twitter:card\" content=\"summary_large_image\" \/>\n<meta name=\"twitter:label1\" content=\"Dur\u00e9e de lecture estim\u00e9e\" \/>\n\t<meta name=\"twitter:data1\" content=\"2 minutes\" \/>\n<script type=\"application\/ld+json\" class=\"yoast-schema-graph\">{\"@context\":\"https:\\\/\\\/schema.org\",\"@graph\":[{\"@type\":\"WebPage\",\"@id\":\"https:\\\/\\\/www.campingreno.it\\\/fr\\\/camping-emilie-romagne-directement-sur-la-mer-services\\\/camping-porto-corsini-avec-sable-fin\\\/\",\"url\":\"https:\\\/\\\/www.campingreno.it\\\/fr\\\/camping-emilie-romagne-directement-sur-la-mer-services\\\/camping-porto-corsini-avec-sable-fin\\\/\",\"name\":\"Camping Porto Corsini avec sable Fin | La Plage\",\"isPartOf\":{\"@id\":\"https:\\\/\\\/www.campingreno.it\\\/fr\\\/#website\"},\"primaryImageOfPage\":{\"@id\":\"https:\\\/\\\/www.campingreno.it\\\/fr\\\/camping-emilie-romagne-directement-sur-la-mer-services\\\/camping-porto-corsini-avec-sable-fin\\\/#primaryimage\"},\"image\":{\"@id\":\"https:\\\/\\\/www.campingreno.it\\\/fr\\\/camping-emilie-romagne-directement-sur-la-mer-services\\\/camping-porto-corsini-avec-sable-fin\\\/#primaryimage\"},\"thumbnailUrl\":\"https:\\\/\\\/www.campingreno.it\\\/wp-content\\\/uploads\\\/sites\\\/192\\\/2025\\\/12\\\/DSC09176_-1.jpg\",\"datePublished\":\"2024-12-11T16:22:31+00:00\",\"dateModified\":\"2025-12-19T15:45:08+00:00\",\"description\":\"Naturelle et sauvage, comme l'aiment les vrais campeurs, D\u00e9couvrez le Camping Reno, Camping Porto Corsini avec sable fin. Regardez les photos!\",\"breadcrumb\":{\"@id\":\"https:\\\/\\\/www.campingreno.it\\\/fr\\\/camping-emilie-romagne-directement-sur-la-mer-services\\\/camping-porto-corsini-avec-sable-fin\\\/#breadcrumb\"},\"inLanguage\":\"fr-FR\",\"potentialAction\":[{\"@type\":\"ReadAction\",\"target\":[\"https:\\\/\\\/www.campingreno.it\\\/fr\\\/camping-emilie-romagne-directement-sur-la-mer-services\\\/camping-porto-corsini-avec-sable-fin\\\/\"]}]},{\"@type\":\"ImageObject\",\"inLanguage\":\"fr-FR\",\"@id\":\"https:\\\/\\\/www.campingreno.it\\\/fr\\\/camping-emilie-romagne-directement-sur-la-mer-services\\\/camping-porto-corsini-avec-sable-fin\\\/#primaryimage\",\"url\":\"https:\\\/\\\/www.campingreno.it\\\/wp-content\\\/uploads\\\/sites\\\/192\\\/2025\\\/12\\\/DSC09176_-1.jpg\",\"contentUrl\":\"https:\\\/\\\/www.campingreno.it\\\/wp-content\\\/uploads\\\/sites\\\/192\\\/2025\\\/12\\\/DSC09176_-1.jpg\",\"width\":1942,\"height\":1596,\"caption\":\"Camping Porto Corsini avec sable Fin | La Plage\"},{\"@type\":\"BreadcrumbList\",\"@id\":\"https:\\\/\\\/www.campingreno.it\\\/fr\\\/camping-emilie-romagne-directement-sur-la-mer-services\\\/camping-porto-corsini-avec-sable-fin\\\/#breadcrumb\",\"itemListElement\":[{\"@type\":\"ListItem\",\"position\":1,\"name\":\"Home\",\"item\":\"https:\\\/\\\/www.campingreno.it\\\/fr\\\/\"},{\"@type\":\"ListItem\",\"position\":2,\"name\":\"Services\",\"item\":\"https:\\\/\\\/www.campingreno.it\\\/fr\\\/camping-emilie-romagne-directement-sur-la-mer-services\\\/\"},{\"@type\":\"ListItem\",\"position\":3,\"name\":\"Plage\"}]},{\"@type\":\"WebSite\",\"@id\":\"https:\\\/\\\/www.campingreno.it\\\/fr\\\/#website\",\"url\":\"https:\\\/\\\/www.campingreno.it\\\/fr\\\/\",\"name\":\"Camping Reno\",\"description\":\"\",\"publisher\":{\"@id\":\"https:\\\/\\\/www.campingreno.it\\\/fr\\\/#organization\"},\"potentialAction\":[{\"@type\":\"SearchAction\",\"target\":{\"@type\":\"EntryPoint\",\"urlTemplate\":\"https:\\\/\\\/www.campingreno.it\\\/fr\\\/?s={search_term_string}\"},\"query-input\":{\"@type\":\"PropertyValueSpecification\",\"valueRequired\":true,\"valueName\":\"search_term_string\"}}],\"inLanguage\":\"fr-FR\"},{\"@type\":\"Organization\",\"@id\":\"https:\\\/\\\/www.campingreno.it\\\/fr\\\/#organization\",\"name\":\"Camping Reno\",\"url\":\"https:\\\/\\\/www.campingreno.it\\\/fr\\\/\",\"logo\":{\"@type\":\"ImageObject\",\"inLanguage\":\"fr-FR\",\"@id\":\"https:\\\/\\\/www.campingreno.it\\\/fr\\\/#\\\/schema\\\/logo\\\/image\\\/\",\"url\":\"https:\\\/\\\/www.campingreno.it\\\/wp-content\\\/uploads\\\/sites\\\/192\\\/2024\\\/12\\\/logo_reno-no-sfondo-2.png\",\"contentUrl\":\"https:\\\/\\\/www.campingreno.it\\\/wp-content\\\/uploads\\\/sites\\\/192\\\/2024\\\/12\\\/logo_reno-no-sfondo-2.png\",\"width\":567,\"height\":286,\"caption\":\"Camping Reno\"},\"image\":{\"@id\":\"https:\\\/\\\/www.campingreno.it\\\/fr\\\/#\\\/schema\\\/logo\\\/image\\\/\"},\"sameAs\":[\"https:\\\/\\\/facebook.com\\\/tomasitourism\",\"https:\\\/\\\/instagram.com\\\/camping_reno\"]}]}<\/script>\n<!-- \/ Yoast SEO plugin. -->","yoast_head_json":{"title":"Camping Porto Corsini avec sable Fin | La Plage","description":"Naturelle et sauvage, comme l'aiment les vrais campeurs, D\u00e9couvrez le Camping Reno, Camping Porto Corsini avec sable fin. Regardez les photos!","robots":{"index":"index","follow":"follow","max-snippet":"max-snippet:-1","max-image-preview":"max-image-preview:large","max-video-preview":"max-video-preview:-1"},"canonical":"https:\/\/www.campingreno.it\/fr\/camping-emilie-romagne-directement-sur-la-mer-services\/camping-porto-corsini-avec-sable-fin\/","og_locale":"fr_FR","og_type":"article","og_title":"Camping Porto Corsini avec sable Fin | La Plage","og_description":"Naturelle et sauvage, comme l'aiment les vrais campeurs, D\u00e9couvrez le Camping Reno, Camping Porto Corsini avec sable fin. Regardez les photos!","og_url":"https:\/\/www.campingreno.it\/fr\/camping-emilie-romagne-directement-sur-la-mer-services\/camping-porto-corsini-avec-sable-fin\/","og_site_name":"Camping Reno","article_publisher":"https:\/\/facebook.com\/tomasitourism","article_modified_time":"2025-12-19T15:45:08+00:00","og_image":[{"width":1942,"height":1596,"url":"https:\/\/www.campingreno.it\/wp-content\/uploads\/sites\/192\/2025\/12\/DSC09176_-1.jpg","type":"image\/jpeg"}],"twitter_card":"summary_large_image","twitter_misc":{"Dur\u00e9e de lecture estim\u00e9e":"2 minutes"},"schema":{"@context":"https:\/\/schema.org","@graph":[{"@type":"WebPage","@id":"https:\/\/www.campingreno.it\/fr\/camping-emilie-romagne-directement-sur-la-mer-services\/camping-porto-corsini-avec-sable-fin\/","url":"https:\/\/www.campingreno.it\/fr\/camping-emilie-romagne-directement-sur-la-mer-services\/camping-porto-corsini-avec-sable-fin\/","name":"Camping Porto Corsini avec sable Fin | La Plage","isPartOf":{"@id":"https:\/\/www.campingreno.it\/fr\/#website"},"primaryImageOfPage":{"@id":"https:\/\/www.campingreno.it\/fr\/camping-emilie-romagne-directement-sur-la-mer-services\/camping-porto-corsini-avec-sable-fin\/#primaryimage"},"image":{"@id":"https:\/\/www.campingreno.it\/fr\/camping-emilie-romagne-directement-sur-la-mer-services\/camping-porto-corsini-avec-sable-fin\/#primaryimage"},"thumbnailUrl":"https:\/\/www.campingreno.it\/wp-content\/uploads\/sites\/192\/2025\/12\/DSC09176_-1.jpg","datePublished":"2024-12-11T16:22:31+00:00","dateModified":"2025-12-19T15:45:08+00:00","description":"Naturelle et sauvage, comme l'aiment les vrais campeurs, D\u00e9couvrez le Camping Reno, Camping Porto Corsini avec sable fin. Regardez les photos!","breadcrumb":{"@id":"https:\/\/www.campingreno.it\/fr\/camping-emilie-romagne-directement-sur-la-mer-services\/camping-porto-corsini-avec-sable-fin\/#breadcrumb"},"inLanguage":"fr-FR","potentialAction":[{"@type":"ReadAction","target":["https:\/\/www.campingreno.it\/fr\/camping-emilie-romagne-directement-sur-la-mer-services\/camping-porto-corsini-avec-sable-fin\/"]}]},{"@type":"ImageObject","inLanguage":"fr-FR","@id":"https:\/\/www.campingreno.it\/fr\/camping-emilie-romagne-directement-sur-la-mer-services\/camping-porto-corsini-avec-sable-fin\/#primaryimage","url":"https:\/\/www.campingreno.it\/wp-content\/uploads\/sites\/192\/2025\/12\/DSC09176_-1.jpg","contentUrl":"https:\/\/www.campingreno.it\/wp-content\/uploads\/sites\/192\/2025\/12\/DSC09176_-1.jpg","width":1942,"height":1596,"caption":"Camping Porto Corsini avec sable Fin | La Plage"},{"@type":"BreadcrumbList","@id":"https:\/\/www.campingreno.it\/fr\/camping-emilie-romagne-directement-sur-la-mer-services\/camping-porto-corsini-avec-sable-fin\/#breadcrumb","itemListElement":[{"@type":"ListItem","position":1,"name":"Home","item":"https:\/\/www.campingreno.it\/fr\/"},{"@type":"ListItem","position":2,"name":"Services","item":"https:\/\/www.campingreno.it\/fr\/camping-emilie-romagne-directement-sur-la-mer-services\/"},{"@type":"ListItem","position":3,"name":"Plage"}]},{"@type":"WebSite","@id":"https:\/\/www.campingreno.it\/fr\/#website","url":"https:\/\/www.campingreno.it\/fr\/","name":"Camping Reno","description":"","publisher":{"@id":"https:\/\/www.campingreno.it\/fr\/#organization"},"potentialAction":[{"@type":"SearchAction","target":{"@type":"EntryPoint","urlTemplate":"https:\/\/www.campingreno.it\/fr\/?s={search_term_string}"},"query-input":{"@type":"PropertyValueSpecification","valueRequired":true,"valueName":"search_term_string"}}],"inLanguage":"fr-FR"},{"@type":"Organization","@id":"https:\/\/www.campingreno.it\/fr\/#organization","name":"Camping Reno","url":"https:\/\/www.campingreno.it\/fr\/","logo":{"@type":"ImageObject","inLanguage":"fr-FR","@id":"https:\/\/www.campingreno.it\/fr\/#\/schema\/logo\/image\/","url":"https:\/\/www.campingreno.it\/wp-content\/uploads\/sites\/192\/2024\/12\/logo_reno-no-sfondo-2.png","contentUrl":"https:\/\/www.campingreno.it\/wp-content\/uploads\/sites\/192\/2024\/12\/logo_reno-no-sfondo-2.png","width":567,"height":286,"caption":"Camping Reno"},"image":{"@id":"https:\/\/www.campingreno.it\/fr\/#\/schema\/logo\/image\/"},"sameAs":["https:\/\/facebook.com\/tomasitourism","https:\/\/instagram.com\/camping_reno"]}]}},"acf":[],"_links":{"self":[{"href":"https:\/\/www.campingreno.it\/fr\/wp-json\/wp\/v2\/pages\/3536","targetHints":{"allow":["GET"]}}],"collection":[{"href":"https:\/\/www.campingreno.it\/fr\/wp-json\/wp\/v2\/pages"}],"about":[{"href":"https:\/\/www.campingreno.it\/fr\/wp-json\/wp\/v2\/types\/page"}],"author":[{"embeddable":true,"href":"https:\/\/www.campingreno.it\/fr\/wp-json\/wp\/v2\/users\/13"}],"replies":[{"embeddable":true,"href":"https:\/\/www.campingreno.it\/fr\/wp-json\/wp\/v2\/comments?post=3536"}],"version-history":[{"count":0,"href":"https:\/\/www.campingreno.it\/fr\/wp-json\/wp\/v2\/pages\/3536\/revisions"}],"up":[{"embeddable":true,"href":"https:\/\/www.campingreno.it\/fr\/wp-json\/wp\/v2\/pages\/3477"}],"wp:featuredmedia":[{"embeddable":true,"href":"https:\/\/www.campingreno.it\/fr\/wp-json\/wp\/v2\/media\/4547"}],"wp:attachment":[{"href":"https:\/\/www.campingreno.it\/fr\/wp-json\/wp\/v2\/media?parent=3536"}],"curies":[{"name":"wp","href":"https:\/\/api.w.org\/{rel}","templated":true}]}}