   {"id":3539,"date":"2024-12-11T10:38:51","date_gmt":"2024-12-11T10:38:51","guid":{"rendered":"https:\/\/www.campingreno.it\/camping-emilie-romagne-directement-sur-la-mer-services\/camping-low-cost-emilia-romagna-mare-con-bazar\/"},"modified":"2025-12-19T15:48:08","modified_gmt":"2025-12-19T15:48:08","slug":"camping-economique-en-bord-de-mer-bazar","status":"publish","type":"page","link":"https:\/\/www.campingreno.it\/fr\/camping-emilie-romagne-directement-sur-la-mer-services\/camping-economique-en-bord-de-mer-bazar\/","title":{"rendered":"Bazar"},"content":{"rendered":"<p><strong>Voici quelques articles que vous pourriez trouver au Bazar du Camping Reno<\/strong><\/p>\n<p>Votre <strong>Camping \u00c9conomique en Bord de Mer<\/strong> en \u00c9milie-Romagne, \u00e0 Casal Borsetti, \u00e0 seulement 20 m\u00e8tres de la mer, o\u00f9 vous pouvez s\u00e9journer en <a href=\"https:\/\/www.campingreno.it\/fr\/camping-en-emilie-romagne-au-bord-de-la-mer\/\">bungalow-mobil-home<\/a> et sur des <a href=\"https:\/\/www.campingreno.it\/fr\/camping-emilie-romagne-en-bord-de-mer-emplacements\/\">emplacements.<\/a><\/p>\n<p>&nbsp;<\/p>\n<p><strong>\u00c9quipement de camping :<\/strong><\/p>\n<ul>\n<li>Tentes, sacs de couchage, matelas de sol<\/li>\n<li>R\u00e9chauds de camping, bouteilles de gaz, briquets<\/li>\n<li>Lampes \u00e0 batterie, torches, lanternes solaires<\/li>\n<li>Chaises de camping, tables pliantes<\/li>\n<li>Sacs \u00e0 dos, gourdes, couverts et ustensiles de camping<\/li>\n<\/ul>\n<p>&nbsp;<\/p>\n<p><strong>Articles de plage ou de piscine :<\/strong><\/p>\n<ul>\n<li>Serviettes, draps de bain, maillots de bain<\/li>\n<li>Parasols, transats, matelas gonflables<\/li>\n<li>Masques, palmes, tubas, jeux de plage<\/li>\n<\/ul>\n<p>&nbsp;<\/p>\n<p><strong>Accessoires et souvenirs :<\/strong><\/p>\n<ul>\n<li>T-shirts, casquettes, lunettes de soleil<\/li>\n<li>Souvenirs locaux, cartes postales, articles cadeaux<\/li>\n<li>Cartes, guides touristiques, livres, jeux de soci\u00e9t\u00e9<\/li>\n<\/ul>\n<p>&nbsp;<\/p>\n<p><strong>Petites r\u00e9parations et accessoires divers :<\/strong><\/p>\n<ul>\n<li>Colle, ruban adh\u00e9sif, corde, aiguille et fil<\/li>\n<li>Piles, adaptateurs pour prises \u00e9lectriques<\/li>\n<li>\u00c9quipement pour le barbecue (charbon de bois, allume-feu)<\/li>\n<\/ul>\n<p>&nbsp;<\/p>\n<p>Vous pouvez m\u00eame vous permettre d&rsquo;oublier quelque chose \u00e0 la maison, nous l&rsquo;avons au Camping Reno, <strong>Camping \u00c9conomique en Bord de Mer<\/strong> en \u00c9milie-Romagne.<\/p>\n<p>&nbsp;<\/p>\n<p>&nbsp;<\/p>\n<p><a href=\"https:\/\/www.scidoo.com\/preventivov2\/?cod=1209&amp;dataarr=2025-09-21&amp;notti=6&amp;adult=2&amp;children=&amp;IDsotto_struttura=607&amp;lang=3&amp;structure_type=0&amp;promocode=\"><strong>V\u00c9RIFIEZ LES PRIX ET LA DISPONIBILIT\u00c9 EN LIGNE<\/strong><\/a><\/p>\n","protected":false},"excerpt":{"rendered":"<p>Voici quelques articles que vous pourriez trouver au Bazar du Camping Reno Votre Camping \u00c9conomique en Bord de Mer en \u00c9milie-Romagne, \u00e0 Casal Borsetti, \u00e0 seulement 20 m\u00e8tres de la mer, o\u00f9 vous pouvez s\u00e9journer en bungalow-mobil-home et sur des emplacements. &nbsp; \u00c9quipement de camping : Tentes, sacs de couchage, matelas de sol R\u00e9chauds de [&hellip;]<\/p>\n","protected":false},"author":13,"featured_media":4548,"parent":3477,"menu_order":6,"comment_status":"closed","ping_status":"closed","template":"template-service-single.php","meta":{"footnotes":""},"class_list":["post-3539","page","type-page","status-publish","has-post-thumbnail","hentry"],"yoast_head":"<!-- This site is optimized with the Yoast SEO plugin v27.3 - https:\/\/yoast.com\/product\/yoast-seo-wordpress\/ -->\n<title>Camping \u00c9conomique en Bord de Mer | Bazar<\/title>\n<meta name=\"description\" content=\"Un bazar \u00e0 d\u00e9couvrir absolument, avec plus de 1200 produits \u00e0 des prix vraiment avantageux au Camping Reno, Camping \u00c9conomique en Bord de Mer!\" \/>\n<meta name=\"robots\" content=\"index, follow, max-snippet:-1, max-image-preview:large, max-video-preview:-1\" \/>\n<link rel=\"canonical\" href=\"https:\/\/www.campingreno.it\/fr\/camping-emilie-romagne-directement-sur-la-mer-services\/camping-economique-en-bord-de-mer-bazar\/\" \/>\n<meta property=\"og:locale\" content=\"fr_FR\" \/>\n<meta property=\"og:type\" content=\"article\" \/>\n<meta property=\"og:title\" content=\"Camping \u00c9conomique en Bord de Mer | Bazar\" \/>\n<meta property=\"og:description\" content=\"Un bazar \u00e0 d\u00e9couvrir absolument, avec plus de 1200 produits \u00e0 des prix vraiment avantageux au Camping Reno, Camping \u00c9conomique en Bord de Mer!\" \/>\n<meta property=\"og:url\" content=\"https:\/\/www.campingreno.it\/fr\/camping-emilie-romagne-directement-sur-la-mer-services\/camping-economique-en-bord-de-mer-bazar\/\" \/>\n<meta property=\"og:site_name\" content=\"Camping Reno\" \/>\n<meta property=\"article:publisher\" content=\"https:\/\/facebook.com\/tomasitourism\" \/>\n<meta property=\"article:modified_time\" content=\"2025-12-19T15:48:08+00:00\" \/>\n<meta property=\"og:image\" content=\"https:\/\/www.campingreno.it\/wp-content\/uploads\/sites\/192\/2025\/12\/mare2006-007-1.jpg\" \/>\n\t<meta property=\"og:image:width\" content=\"2048\" \/>\n\t<meta property=\"og:image:height\" content=\"1366\" \/>\n\t<meta property=\"og:image:type\" content=\"image\/jpeg\" \/>\n<meta name=\"twitter:card\" content=\"summary_large_image\" \/>\n<meta name=\"twitter:label1\" content=\"Dur\u00e9e de lecture estim\u00e9e\" \/>\n\t<meta name=\"twitter:data1\" content=\"2 minutes\" \/>\n<script type=\"application\/ld+json\" class=\"yoast-schema-graph\">{\"@context\":\"https:\\\/\\\/schema.org\",\"@graph\":[{\"@type\":\"WebPage\",\"@id\":\"https:\\\/\\\/www.campingreno.it\\\/fr\\\/camping-emilie-romagne-directement-sur-la-mer-services\\\/camping-economique-en-bord-de-mer-bazar\\\/\",\"url\":\"https:\\\/\\\/www.campingreno.it\\\/fr\\\/camping-emilie-romagne-directement-sur-la-mer-services\\\/camping-economique-en-bord-de-mer-bazar\\\/\",\"name\":\"Camping \u00c9conomique en Bord de Mer | Bazar\",\"isPartOf\":{\"@id\":\"https:\\\/\\\/www.campingreno.it\\\/fr\\\/#website\"},\"primaryImageOfPage\":{\"@id\":\"https:\\\/\\\/www.campingreno.it\\\/fr\\\/camping-emilie-romagne-directement-sur-la-mer-services\\\/camping-economique-en-bord-de-mer-bazar\\\/#primaryimage\"},\"image\":{\"@id\":\"https:\\\/\\\/www.campingreno.it\\\/fr\\\/camping-emilie-romagne-directement-sur-la-mer-services\\\/camping-economique-en-bord-de-mer-bazar\\\/#primaryimage\"},\"thumbnailUrl\":\"https:\\\/\\\/www.campingreno.it\\\/wp-content\\\/uploads\\\/sites\\\/192\\\/2025\\\/12\\\/mare2006-007-1.jpg\",\"datePublished\":\"2024-12-11T10:38:51+00:00\",\"dateModified\":\"2025-12-19T15:48:08+00:00\",\"description\":\"Un bazar \u00e0 d\u00e9couvrir absolument, avec plus de 1200 produits \u00e0 des prix vraiment avantageux au Camping Reno, Camping \u00c9conomique en Bord de Mer!\",\"breadcrumb\":{\"@id\":\"https:\\\/\\\/www.campingreno.it\\\/fr\\\/camping-emilie-romagne-directement-sur-la-mer-services\\\/camping-economique-en-bord-de-mer-bazar\\\/#breadcrumb\"},\"inLanguage\":\"fr-FR\",\"potentialAction\":[{\"@type\":\"ReadAction\",\"target\":[\"https:\\\/\\\/www.campingreno.it\\\/fr\\\/camping-emilie-romagne-directement-sur-la-mer-services\\\/camping-economique-en-bord-de-mer-bazar\\\/\"]}]},{\"@type\":\"ImageObject\",\"inLanguage\":\"fr-FR\",\"@id\":\"https:\\\/\\\/www.campingreno.it\\\/fr\\\/camping-emilie-romagne-directement-sur-la-mer-services\\\/camping-economique-en-bord-de-mer-bazar\\\/#primaryimage\",\"url\":\"https:\\\/\\\/www.campingreno.it\\\/wp-content\\\/uploads\\\/sites\\\/192\\\/2025\\\/12\\\/mare2006-007-1.jpg\",\"contentUrl\":\"https:\\\/\\\/www.campingreno.it\\\/wp-content\\\/uploads\\\/sites\\\/192\\\/2025\\\/12\\\/mare2006-007-1.jpg\",\"width\":2048,\"height\":1366,\"caption\":\"Camping \u00c9conomique en Bord de Mer | Bazar\"},{\"@type\":\"BreadcrumbList\",\"@id\":\"https:\\\/\\\/www.campingreno.it\\\/fr\\\/camping-emilie-romagne-directement-sur-la-mer-services\\\/camping-economique-en-bord-de-mer-bazar\\\/#breadcrumb\",\"itemListElement\":[{\"@type\":\"ListItem\",\"position\":1,\"name\":\"Home\",\"item\":\"https:\\\/\\\/www.campingreno.it\\\/fr\\\/\"},{\"@type\":\"ListItem\",\"position\":2,\"name\":\"Services\",\"item\":\"https:\\\/\\\/www.campingreno.it\\\/fr\\\/camping-emilie-romagne-directement-sur-la-mer-services\\\/\"},{\"@type\":\"ListItem\",\"position\":3,\"name\":\"Bazar\"}]},{\"@type\":\"WebSite\",\"@id\":\"https:\\\/\\\/www.campingreno.it\\\/fr\\\/#website\",\"url\":\"https:\\\/\\\/www.campingreno.it\\\/fr\\\/\",\"name\":\"Camping Reno\",\"description\":\"\",\"publisher\":{\"@id\":\"https:\\\/\\\/www.campingreno.it\\\/fr\\\/#organization\"},\"potentialAction\":[{\"@type\":\"SearchAction\",\"target\":{\"@type\":\"EntryPoint\",\"urlTemplate\":\"https:\\\/\\\/www.campingreno.it\\\/fr\\\/?s={search_term_string}\"},\"query-input\":{\"@type\":\"PropertyValueSpecification\",\"valueRequired\":true,\"valueName\":\"search_term_string\"}}],\"inLanguage\":\"fr-FR\"},{\"@type\":\"Organization\",\"@id\":\"https:\\\/\\\/www.campingreno.it\\\/fr\\\/#organization\",\"name\":\"Camping Reno\",\"url\":\"https:\\\/\\\/www.campingreno.it\\\/fr\\\/\",\"logo\":{\"@type\":\"ImageObject\",\"inLanguage\":\"fr-FR\",\"@id\":\"https:\\\/\\\/www.campingreno.it\\\/fr\\\/#\\\/schema\\\/logo\\\/image\\\/\",\"url\":\"https:\\\/\\\/www.campingreno.it\\\/wp-content\\\/uploads\\\/sites\\\/192\\\/2024\\\/12\\\/logo_reno-no-sfondo-2.png\",\"contentUrl\":\"https:\\\/\\\/www.campingreno.it\\\/wp-content\\\/uploads\\\/sites\\\/192\\\/2024\\\/12\\\/logo_reno-no-sfondo-2.png\",\"width\":567,\"height\":286,\"caption\":\"Camping Reno\"},\"image\":{\"@id\":\"https:\\\/\\\/www.campingreno.it\\\/fr\\\/#\\\/schema\\\/logo\\\/image\\\/\"},\"sameAs\":[\"https:\\\/\\\/facebook.com\\\/tomasitourism\",\"https:\\\/\\\/instagram.com\\\/camping_reno\"]}]}<\/script>\n<!-- \/ Yoast SEO plugin. -->","yoast_head_json":{"title":"Camping \u00c9conomique en Bord de Mer | Bazar","description":"Un bazar \u00e0 d\u00e9couvrir absolument, avec plus de 1200 produits \u00e0 des prix vraiment avantageux au Camping Reno, Camping \u00c9conomique en Bord de Mer!","robots":{"index":"index","follow":"follow","max-snippet":"max-snippet:-1","max-image-preview":"max-image-preview:large","max-video-preview":"max-video-preview:-1"},"canonical":"https:\/\/www.campingreno.it\/fr\/camping-emilie-romagne-directement-sur-la-mer-services\/camping-economique-en-bord-de-mer-bazar\/","og_locale":"fr_FR","og_type":"article","og_title":"Camping \u00c9conomique en Bord de Mer | Bazar","og_description":"Un bazar \u00e0 d\u00e9couvrir absolument, avec plus de 1200 produits \u00e0 des prix vraiment avantageux au Camping Reno, Camping \u00c9conomique en Bord de Mer!","og_url":"https:\/\/www.campingreno.it\/fr\/camping-emilie-romagne-directement-sur-la-mer-services\/camping-economique-en-bord-de-mer-bazar\/","og_site_name":"Camping Reno","article_publisher":"https:\/\/facebook.com\/tomasitourism","article_modified_time":"2025-12-19T15:48:08+00:00","og_image":[{"width":2048,"height":1366,"url":"https:\/\/www.campingreno.it\/wp-content\/uploads\/sites\/192\/2025\/12\/mare2006-007-1.jpg","type":"image\/jpeg"}],"twitter_card":"summary_large_image","twitter_misc":{"Dur\u00e9e de lecture estim\u00e9e":"2 minutes"},"schema":{"@context":"https:\/\/schema.org","@graph":[{"@type":"WebPage","@id":"https:\/\/www.campingreno.it\/fr\/camping-emilie-romagne-directement-sur-la-mer-services\/camping-economique-en-bord-de-mer-bazar\/","url":"https:\/\/www.campingreno.it\/fr\/camping-emilie-romagne-directement-sur-la-mer-services\/camping-economique-en-bord-de-mer-bazar\/","name":"Camping \u00c9conomique en Bord de Mer | Bazar","isPartOf":{"@id":"https:\/\/www.campingreno.it\/fr\/#website"},"primaryImageOfPage":{"@id":"https:\/\/www.campingreno.it\/fr\/camping-emilie-romagne-directement-sur-la-mer-services\/camping-economique-en-bord-de-mer-bazar\/#primaryimage"},"image":{"@id":"https:\/\/www.campingreno.it\/fr\/camping-emilie-romagne-directement-sur-la-mer-services\/camping-economique-en-bord-de-mer-bazar\/#primaryimage"},"thumbnailUrl":"https:\/\/www.campingreno.it\/wp-content\/uploads\/sites\/192\/2025\/12\/mare2006-007-1.jpg","datePublished":"2024-12-11T10:38:51+00:00","dateModified":"2025-12-19T15:48:08+00:00","description":"Un bazar \u00e0 d\u00e9couvrir absolument, avec plus de 1200 produits \u00e0 des prix vraiment avantageux au Camping Reno, Camping \u00c9conomique en Bord de Mer!","breadcrumb":{"@id":"https:\/\/www.campingreno.it\/fr\/camping-emilie-romagne-directement-sur-la-mer-services\/camping-economique-en-bord-de-mer-bazar\/#breadcrumb"},"inLanguage":"fr-FR","potentialAction":[{"@type":"ReadAction","target":["https:\/\/www.campingreno.it\/fr\/camping-emilie-romagne-directement-sur-la-mer-services\/camping-economique-en-bord-de-mer-bazar\/"]}]},{"@type":"ImageObject","inLanguage":"fr-FR","@id":"https:\/\/www.campingreno.it\/fr\/camping-emilie-romagne-directement-sur-la-mer-services\/camping-economique-en-bord-de-mer-bazar\/#primaryimage","url":"https:\/\/www.campingreno.it\/wp-content\/uploads\/sites\/192\/2025\/12\/mare2006-007-1.jpg","contentUrl":"https:\/\/www.campingreno.it\/wp-content\/uploads\/sites\/192\/2025\/12\/mare2006-007-1.jpg","width":2048,"height":1366,"caption":"Camping \u00c9conomique en Bord de Mer | Bazar"},{"@type":"BreadcrumbList","@id":"https:\/\/www.campingreno.it\/fr\/camping-emilie-romagne-directement-sur-la-mer-services\/camping-economique-en-bord-de-mer-bazar\/#breadcrumb","itemListElement":[{"@type":"ListItem","position":1,"name":"Home","item":"https:\/\/www.campingreno.it\/fr\/"},{"@type":"ListItem","position":2,"name":"Services","item":"https:\/\/www.campingreno.it\/fr\/camping-emilie-romagne-directement-sur-la-mer-services\/"},{"@type":"ListItem","position":3,"name":"Bazar"}]},{"@type":"WebSite","@id":"https:\/\/www.campingreno.it\/fr\/#website","url":"https:\/\/www.campingreno.it\/fr\/","name":"Camping Reno","description":"","publisher":{"@id":"https:\/\/www.campingreno.it\/fr\/#organization"},"potentialAction":[{"@type":"SearchAction","target":{"@type":"EntryPoint","urlTemplate":"https:\/\/www.campingreno.it\/fr\/?s={search_term_string}"},"query-input":{"@type":"PropertyValueSpecification","valueRequired":true,"valueName":"search_term_string"}}],"inLanguage":"fr-FR"},{"@type":"Organization","@id":"https:\/\/www.campingreno.it\/fr\/#organization","name":"Camping Reno","url":"https:\/\/www.campingreno.it\/fr\/","logo":{"@type":"ImageObject","inLanguage":"fr-FR","@id":"https:\/\/www.campingreno.it\/fr\/#\/schema\/logo\/image\/","url":"https:\/\/www.campingreno.it\/wp-content\/uploads\/sites\/192\/2024\/12\/logo_reno-no-sfondo-2.png","contentUrl":"https:\/\/www.campingreno.it\/wp-content\/uploads\/sites\/192\/2024\/12\/logo_reno-no-sfondo-2.png","width":567,"height":286,"caption":"Camping Reno"},"image":{"@id":"https:\/\/www.campingreno.it\/fr\/#\/schema\/logo\/image\/"},"sameAs":["https:\/\/facebook.com\/tomasitourism","https:\/\/instagram.com\/camping_reno"]}]}},"acf":[],"_links":{"self":[{"href":"https:\/\/www.campingreno.it\/fr\/wp-json\/wp\/v2\/pages\/3539","targetHints":{"allow":["GET"]}}],"collection":[{"href":"https:\/\/www.campingreno.it\/fr\/wp-json\/wp\/v2\/pages"}],"about":[{"href":"https:\/\/www.campingreno.it\/fr\/wp-json\/wp\/v2\/types\/page"}],"author":[{"embeddable":true,"href":"https:\/\/www.campingreno.it\/fr\/wp-json\/wp\/v2\/users\/13"}],"replies":[{"embeddable":true,"href":"https:\/\/www.campingreno.it\/fr\/wp-json\/wp\/v2\/comments?post=3539"}],"version-history":[{"count":0,"href":"https:\/\/www.campingreno.it\/fr\/wp-json\/wp\/v2\/pages\/3539\/revisions"}],"up":[{"embeddable":true,"href":"https:\/\/www.campingreno.it\/fr\/wp-json\/wp\/v2\/pages\/3477"}],"wp:featuredmedia":[{"embeddable":true,"href":"https:\/\/www.campingreno.it\/fr\/wp-json\/wp\/v2\/media\/4548"}],"wp:attachment":[{"href":"https:\/\/www.campingreno.it\/fr\/wp-json\/wp\/v2\/media?parent=3539"}],"curies":[{"name":"wp","href":"https:\/\/api.w.org\/{rel}","templated":true}]}}