   {"id":3545,"date":"2024-12-11T10:54:04","date_gmt":"2024-12-11T10:54:04","guid":{"rendered":"https:\/\/www.campingreno.it\/camping-emilie-romagne-directement-sur-la-mer-services\/campeggio-vicino-a-ravenna-noleggio-ombrelloni-lettini\/"},"modified":"2025-12-19T15:50:16","modified_gmt":"2025-12-19T15:50:16","slug":"camping-lido-adriano-italie-location-de-parasols","status":"publish","type":"page","link":"https:\/\/www.campingreno.it\/fr\/camping-emilie-romagne-directement-sur-la-mer-services\/camping-lido-adriano-italie-location-de-parasols\/","title":{"rendered":"Location de parasols"},"content":{"rendered":"<p><strong>Location de parasols et transats \u00e0 la plage du Camping Reno<\/strong><\/p>\n<p>Ce service est con\u00e7u pour offrir confort et commodit\u00e9 aux clients du Camping Reno, <strong>Camping Lido Adriano Italie<\/strong> avec location de parasols, qui souhaitent profiter du soleil sans avoir \u00e0 transporter tout leur \u00e9quipement \u00e0 la plage.<\/p>\n<p>Voyons plus en d\u00e9tail comment cela fonctionne :<\/p>\n<p>&nbsp;<\/p>\n<p><strong>DISPONIBILIT\u00c9 :<\/strong><br \/>\nLes parasols et transats sont disponibles \u00e0 la location, sous r\u00e9serve de disponibilit\u00e9. Nous recommandons la r\u00e9servation. Ils sont \u00e0 la disposition de tous nos clients s\u00e9journant en <a href=\"https:\/\/www.campingreno.it\/fr\/camping-en-emilie-romagne-au-bord-de-la-mer\/\">bungalow-mobil-home<\/a> ou sur un <a href=\"https:\/\/www.campingreno.it\/fr\/camping-emilie-romagne-en-bord-de-mer-emplacements\/\">emplacement.<\/a><\/p>\n<p><strong>Le parasol est disponible pour nos clients de 15h00 le jour d&rsquo;arriv\u00e9e \u00e0 13h00 le jour de d\u00e9part.<\/strong><\/p>\n<p>&nbsp;<\/p>\n<p><strong>TYPE DE LOCATION :<\/strong><br \/>\nVous pouvez choisir parmi diff\u00e9rentes options en fonction de la zone du camping et de la disponibilit\u00e9 :<\/p>\n<ul>\n<li><strong>Parasol seul :<\/strong> Souvent lou\u00e9 avec deux transats assortis.<\/li>\n<li><strong>Transats seuls :<\/strong> G\u00e9n\u00e9ralement propos\u00e9s par paire pour un plus grand confort. Il peut s&rsquo;agir de transats de soleil ou m\u00eame de chaises longues, plus confortables pour se d\u00e9tendre.<\/li>\n<\/ul>\n<p>&nbsp;<\/p>\n<p><strong>COMMENT FONCTIONNE LA LOCATION :<\/strong><\/p>\n<ul>\n<li><strong>R\u00e9servation :<\/strong> En raison de la disponibilit\u00e9 limit\u00e9e, nous recommandons \u00e0 nos clients de r\u00e9server leur parasol et leurs transats \u00e0 l&rsquo;avance, soit au moment de la r\u00e9servation, soit pendant leur s\u00e9jour au camping en se rendant \u00e0 la r\u00e9ception. La disponibilit\u00e9 peut varier en fonction de la demande et de la saison.<\/li>\n<li><strong>Tarifs :<\/strong> Les co\u00fbts de location d\u00e9pendent de la dur\u00e9e de la location. Nous avons :<\/li>\n<\/ul>\n<p>&nbsp;<\/p>\n<p><strong>Location journali\u00e8re<\/strong><\/p>\n<ul>\n<li>Parasol + 1 transat : 12 \u20ac<\/li>\n<li>Parasol + 2 transats : 15 \u20ac<\/li>\n<li>Parasol + 3 transats : 18 \u20ac<\/li>\n<li>Seul le parasol : 6 \u20ac<\/li>\n<li>Seul le transat : 6 \u20ac<\/li>\n<\/ul>\n<p>&nbsp;<\/p>\n<p><strong>Location hebdomadaire<\/strong><\/p>\n<ul>\n<li>Parasol + 1 transat : 60 \u20ac<\/li>\n<li>Parasol + 2 transats : 75 \u20ac<\/li>\n<li>Parasol + 3 transats : 90 \u20ac<\/li>\n<li>Seul le parasol : 30 \u20ac<\/li>\n<li>Seul le transat : 30 \u20ac<\/li>\n<\/ul>\n<p>&nbsp;<\/p>\n<p><strong>AVANTAGES DE LA LOCATION :<\/strong><\/p>\n<ul>\n<li><strong>Praticit\u00e9 :<\/strong> Vous n&rsquo;avez pas besoin d&rsquo;apporter vos propres parasols, transats ou autres accessoires encombrants, ce qui vous fait gagner de la place dans vos bagages.<\/li>\n<li><strong>Confort :<\/strong> Les installations sont souvent bien situ\u00e9es pr\u00e8s de la plage ou de la piscine, vous pouvez donc vous d\u00e9tendre facilement sans avoir \u00e0 chercher une place libre.Acc\u00e8s \u00e0 une zone prot\u00e9g\u00e9e : Dans certaines zones, les<\/li>\n<li>Transats et les parasols sont dispos\u00e9s de mani\u00e8re ordonn\u00e9e, cr\u00e9ant un espace prot\u00e9g\u00e9 du vent ou du soleil intense.<\/li>\n<li><strong>Services suppl\u00e9mentaires :<\/strong> La possibilit\u00e9 de profiter d&rsquo;autres services comme des boissons fra\u00eeches, de l&rsquo;ombre, et la garantie que votre zone est bien \u00e9quip\u00e9e.<\/li>\n<\/ul>\n<p>&nbsp;<\/p>\n<p>En g\u00e9n\u00e9ral, au Camping Reno, <strong>Camping Lido Adriano Italie<\/strong> avec location de parasols, la location de parasols et de transats est une solution pratique pour ceux qui veulent profiter de leurs vacances sans se soucier de transporter des \u00e9quipements encombrants. Et, bien que ce soit un co\u00fbt suppl\u00e9mentaire, cela en vaut souvent la peine pour le confort et la facilit\u00e9 que cela procure, surtout lors des journ\u00e9es ensoleill\u00e9es.<\/p>\n<p>&nbsp;<\/p>\n<p>&nbsp;<\/p>\n<p><a href=\"https:\/\/www.scidoo.com\/preventivov2\/?cod=1209&amp;dataarr=2025-09-21&amp;notti=6&amp;adult=2&amp;children=&amp;IDsotto_struttura=607&amp;lang=3&amp;structure_type=0&amp;promocode=\"><strong>V\u00c9RIFIEZ LA DISPONIBILIT\u00c9 POUR VOTRE PROCHAIN S\u00c9JOUR AU CAMPING RENO<\/strong><\/a><\/p>\n","protected":false},"excerpt":{"rendered":"<p>Location de parasols et transats \u00e0 la plage du Camping Reno Ce service est con\u00e7u pour offrir confort et commodit\u00e9 aux clients du Camping Reno, Camping Lido Adriano Italie avec location de parasols, qui souhaitent profiter du soleil sans avoir \u00e0 transporter tout leur \u00e9quipement \u00e0 la plage. Voyons plus en d\u00e9tail comment cela fonctionne [&hellip;]<\/p>\n","protected":false},"author":13,"featured_media":4550,"parent":3477,"menu_order":8,"comment_status":"closed","ping_status":"closed","template":"template-service-single.php","meta":{"footnotes":""},"yoast_head":"<!-- This site is optimized with the Yoast SEO plugin v22.3 - https:\/\/yoast.com\/wordpress\/plugins\/seo\/ -->\n<title>Camping Lido Adriano Italie | Location de parasols<\/title>\n<meta name=\"description\" content=\"Camping Lido Adriano Italie avec Location de Parasols et Transats \u00e0 partir de 15 \u20ac\/jour au Camping Reno, en \u00c9milie-Romagne!\" \/>\n<meta name=\"robots\" content=\"index, follow, max-snippet:-1, max-image-preview:large, max-video-preview:-1\" \/>\n<link rel=\"canonical\" href=\"https:\/\/www.campingreno.it\/fr\/camping-emilie-romagne-directement-sur-la-mer-services\/camping-lido-adriano-italie-location-de-parasols\/\" \/>\n<meta property=\"og:locale\" content=\"fr_FR\" \/>\n<meta property=\"og:type\" content=\"article\" \/>\n<meta property=\"og:title\" content=\"Camping Lido Adriano Italie | Location de parasols\" \/>\n<meta property=\"og:description\" content=\"Camping Lido Adriano Italie avec Location de Parasols et Transats \u00e0 partir de 15 \u20ac\/jour au Camping Reno, en \u00c9milie-Romagne!\" \/>\n<meta property=\"og:url\" content=\"https:\/\/www.campingreno.it\/fr\/camping-emilie-romagne-directement-sur-la-mer-services\/camping-lido-adriano-italie-location-de-parasols\/\" \/>\n<meta property=\"og:site_name\" content=\"Camping Reno\" \/>\n<meta property=\"article:publisher\" content=\"https:\/\/facebook.com\/tomasitourism\" \/>\n<meta property=\"article:modified_time\" content=\"2025-12-19T15:50:16+00:00\" \/>\n<meta property=\"og:image\" content=\"https:\/\/www.campingreno.it\/wp-content\/uploads\/sites\/192\/2025\/12\/DSC09176_-2.jpg\" \/>\n\t<meta property=\"og:image:width\" content=\"1942\" \/>\n\t<meta property=\"og:image:height\" content=\"1596\" \/>\n\t<meta property=\"og:image:type\" content=\"image\/jpeg\" \/>\n<meta name=\"twitter:card\" content=\"summary_large_image\" \/>\n<meta name=\"twitter:label1\" content=\"Dur\u00e9e de lecture estim\u00e9e\" \/>\n\t<meta name=\"twitter:data1\" content=\"3 minutes\" \/>\n<script type=\"application\/ld+json\" class=\"yoast-schema-graph\">{\"@context\":\"https:\/\/schema.org\",\"@graph\":[{\"@type\":\"WebPage\",\"@id\":\"https:\/\/www.campingreno.it\/fr\/camping-emilie-romagne-directement-sur-la-mer-services\/camping-lido-adriano-italie-location-de-parasols\/\",\"url\":\"https:\/\/www.campingreno.it\/fr\/camping-emilie-romagne-directement-sur-la-mer-services\/camping-lido-adriano-italie-location-de-parasols\/\",\"name\":\"Camping Lido Adriano Italie | Location de parasols\",\"isPartOf\":{\"@id\":\"https:\/\/www.campingreno.it\/fr\/#website\"},\"primaryImageOfPage\":{\"@id\":\"https:\/\/www.campingreno.it\/fr\/camping-emilie-romagne-directement-sur-la-mer-services\/camping-lido-adriano-italie-location-de-parasols\/#primaryimage\"},\"image\":{\"@id\":\"https:\/\/www.campingreno.it\/fr\/camping-emilie-romagne-directement-sur-la-mer-services\/camping-lido-adriano-italie-location-de-parasols\/#primaryimage\"},\"thumbnailUrl\":\"https:\/\/www.campingreno.it\/wp-content\/uploads\/sites\/192\/2025\/12\/DSC09176_-2.jpg\",\"datePublished\":\"2024-12-11T10:54:04+00:00\",\"dateModified\":\"2025-12-19T15:50:16+00:00\",\"description\":\"Camping Lido Adriano Italie avec Location de Parasols et Transats \u00e0 partir de 15 \u20ac\/jour au Camping Reno, en \u00c9milie-Romagne!\",\"breadcrumb\":{\"@id\":\"https:\/\/www.campingreno.it\/fr\/camping-emilie-romagne-directement-sur-la-mer-services\/camping-lido-adriano-italie-location-de-parasols\/#breadcrumb\"},\"inLanguage\":\"fr-FR\",\"potentialAction\":[{\"@type\":\"ReadAction\",\"target\":[\"https:\/\/www.campingreno.it\/fr\/camping-emilie-romagne-directement-sur-la-mer-services\/camping-lido-adriano-italie-location-de-parasols\/\"]}]},{\"@type\":\"ImageObject\",\"inLanguage\":\"fr-FR\",\"@id\":\"https:\/\/www.campingreno.it\/fr\/camping-emilie-romagne-directement-sur-la-mer-services\/camping-lido-adriano-italie-location-de-parasols\/#primaryimage\",\"url\":\"https:\/\/www.campingreno.it\/wp-content\/uploads\/sites\/192\/2025\/12\/DSC09176_-2.jpg\",\"contentUrl\":\"https:\/\/www.campingreno.it\/wp-content\/uploads\/sites\/192\/2025\/12\/DSC09176_-2.jpg\",\"width\":1942,\"height\":1596,\"caption\":\"Camping Lido Adriano Italie | Location de parasols\"},{\"@type\":\"BreadcrumbList\",\"@id\":\"https:\/\/www.campingreno.it\/fr\/camping-emilie-romagne-directement-sur-la-mer-services\/camping-lido-adriano-italie-location-de-parasols\/#breadcrumb\",\"itemListElement\":[{\"@type\":\"ListItem\",\"position\":1,\"name\":\"Home\",\"item\":\"https:\/\/www.campingreno.it\/fr\/\"},{\"@type\":\"ListItem\",\"position\":2,\"name\":\"Services\",\"item\":\"https:\/\/www.campingreno.it\/fr\/camping-emilie-romagne-directement-sur-la-mer-services\/\"},{\"@type\":\"ListItem\",\"position\":3,\"name\":\"Location de parasols\"}]},{\"@type\":\"WebSite\",\"@id\":\"https:\/\/www.campingreno.it\/fr\/#website\",\"url\":\"https:\/\/www.campingreno.it\/fr\/\",\"name\":\"Camping Reno\",\"description\":\"\",\"publisher\":{\"@id\":\"https:\/\/www.campingreno.it\/fr\/#organization\"},\"potentialAction\":[{\"@type\":\"SearchAction\",\"target\":{\"@type\":\"EntryPoint\",\"urlTemplate\":\"https:\/\/www.campingreno.it\/fr\/?s={search_term_string}\"},\"query-input\":\"required name=search_term_string\"}],\"inLanguage\":\"fr-FR\"},{\"@type\":\"Organization\",\"@id\":\"https:\/\/www.campingreno.it\/fr\/#organization\",\"name\":\"Camping Reno\",\"url\":\"https:\/\/www.campingreno.it\/fr\/\",\"logo\":{\"@type\":\"ImageObject\",\"inLanguage\":\"fr-FR\",\"@id\":\"https:\/\/www.campingreno.it\/fr\/#\/schema\/logo\/image\/\",\"url\":\"https:\/\/www.campingreno.it\/wp-content\/uploads\/sites\/192\/2024\/12\/logo_reno-no-sfondo-2.png\",\"contentUrl\":\"https:\/\/www.campingreno.it\/wp-content\/uploads\/sites\/192\/2024\/12\/logo_reno-no-sfondo-2.png\",\"width\":567,\"height\":286,\"caption\":\"Camping Reno\"},\"image\":{\"@id\":\"https:\/\/www.campingreno.it\/fr\/#\/schema\/logo\/image\/\"},\"sameAs\":[\"https:\/\/facebook.com\/tomasitourism\",\"https:\/\/instagram.com\/camping_reno\"]}]}<\/script>\n<!-- \/ Yoast SEO plugin. -->","yoast_head_json":{"title":"Camping Lido Adriano Italie | Location de parasols","description":"Camping Lido Adriano Italie avec Location de Parasols et Transats \u00e0 partir de 15 \u20ac\/jour au Camping Reno, en \u00c9milie-Romagne!","robots":{"index":"index","follow":"follow","max-snippet":"max-snippet:-1","max-image-preview":"max-image-preview:large","max-video-preview":"max-video-preview:-1"},"canonical":"https:\/\/www.campingreno.it\/fr\/camping-emilie-romagne-directement-sur-la-mer-services\/camping-lido-adriano-italie-location-de-parasols\/","og_locale":"fr_FR","og_type":"article","og_title":"Camping Lido Adriano Italie | Location de parasols","og_description":"Camping Lido Adriano Italie avec Location de Parasols et Transats \u00e0 partir de 15 \u20ac\/jour au Camping Reno, en \u00c9milie-Romagne!","og_url":"https:\/\/www.campingreno.it\/fr\/camping-emilie-romagne-directement-sur-la-mer-services\/camping-lido-adriano-italie-location-de-parasols\/","og_site_name":"Camping Reno","article_publisher":"https:\/\/facebook.com\/tomasitourism","article_modified_time":"2025-12-19T15:50:16+00:00","og_image":[{"width":1942,"height":1596,"url":"https:\/\/www.campingreno.it\/wp-content\/uploads\/sites\/192\/2025\/12\/DSC09176_-2.jpg","type":"image\/jpeg"}],"twitter_card":"summary_large_image","twitter_misc":{"Dur\u00e9e de lecture estim\u00e9e":"3 minutes"},"schema":{"@context":"https:\/\/schema.org","@graph":[{"@type":"WebPage","@id":"https:\/\/www.campingreno.it\/fr\/camping-emilie-romagne-directement-sur-la-mer-services\/camping-lido-adriano-italie-location-de-parasols\/","url":"https:\/\/www.campingreno.it\/fr\/camping-emilie-romagne-directement-sur-la-mer-services\/camping-lido-adriano-italie-location-de-parasols\/","name":"Camping Lido Adriano Italie | Location de parasols","isPartOf":{"@id":"https:\/\/www.campingreno.it\/fr\/#website"},"primaryImageOfPage":{"@id":"https:\/\/www.campingreno.it\/fr\/camping-emilie-romagne-directement-sur-la-mer-services\/camping-lido-adriano-italie-location-de-parasols\/#primaryimage"},"image":{"@id":"https:\/\/www.campingreno.it\/fr\/camping-emilie-romagne-directement-sur-la-mer-services\/camping-lido-adriano-italie-location-de-parasols\/#primaryimage"},"thumbnailUrl":"https:\/\/www.campingreno.it\/wp-content\/uploads\/sites\/192\/2025\/12\/DSC09176_-2.jpg","datePublished":"2024-12-11T10:54:04+00:00","dateModified":"2025-12-19T15:50:16+00:00","description":"Camping Lido Adriano Italie avec Location de Parasols et Transats \u00e0 partir de 15 \u20ac\/jour au Camping Reno, en \u00c9milie-Romagne!","breadcrumb":{"@id":"https:\/\/www.campingreno.it\/fr\/camping-emilie-romagne-directement-sur-la-mer-services\/camping-lido-adriano-italie-location-de-parasols\/#breadcrumb"},"inLanguage":"fr-FR","potentialAction":[{"@type":"ReadAction","target":["https:\/\/www.campingreno.it\/fr\/camping-emilie-romagne-directement-sur-la-mer-services\/camping-lido-adriano-italie-location-de-parasols\/"]}]},{"@type":"ImageObject","inLanguage":"fr-FR","@id":"https:\/\/www.campingreno.it\/fr\/camping-emilie-romagne-directement-sur-la-mer-services\/camping-lido-adriano-italie-location-de-parasols\/#primaryimage","url":"https:\/\/www.campingreno.it\/wp-content\/uploads\/sites\/192\/2025\/12\/DSC09176_-2.jpg","contentUrl":"https:\/\/www.campingreno.it\/wp-content\/uploads\/sites\/192\/2025\/12\/DSC09176_-2.jpg","width":1942,"height":1596,"caption":"Camping Lido Adriano Italie | Location de parasols"},{"@type":"BreadcrumbList","@id":"https:\/\/www.campingreno.it\/fr\/camping-emilie-romagne-directement-sur-la-mer-services\/camping-lido-adriano-italie-location-de-parasols\/#breadcrumb","itemListElement":[{"@type":"ListItem","position":1,"name":"Home","item":"https:\/\/www.campingreno.it\/fr\/"},{"@type":"ListItem","position":2,"name":"Services","item":"https:\/\/www.campingreno.it\/fr\/camping-emilie-romagne-directement-sur-la-mer-services\/"},{"@type":"ListItem","position":3,"name":"Location de parasols"}]},{"@type":"WebSite","@id":"https:\/\/www.campingreno.it\/fr\/#website","url":"https:\/\/www.campingreno.it\/fr\/","name":"Camping Reno","description":"","publisher":{"@id":"https:\/\/www.campingreno.it\/fr\/#organization"},"potentialAction":[{"@type":"SearchAction","target":{"@type":"EntryPoint","urlTemplate":"https:\/\/www.campingreno.it\/fr\/?s={search_term_string}"},"query-input":"required name=search_term_string"}],"inLanguage":"fr-FR"},{"@type":"Organization","@id":"https:\/\/www.campingreno.it\/fr\/#organization","name":"Camping Reno","url":"https:\/\/www.campingreno.it\/fr\/","logo":{"@type":"ImageObject","inLanguage":"fr-FR","@id":"https:\/\/www.campingreno.it\/fr\/#\/schema\/logo\/image\/","url":"https:\/\/www.campingreno.it\/wp-content\/uploads\/sites\/192\/2024\/12\/logo_reno-no-sfondo-2.png","contentUrl":"https:\/\/www.campingreno.it\/wp-content\/uploads\/sites\/192\/2024\/12\/logo_reno-no-sfondo-2.png","width":567,"height":286,"caption":"Camping Reno"},"image":{"@id":"https:\/\/www.campingreno.it\/fr\/#\/schema\/logo\/image\/"},"sameAs":["https:\/\/facebook.com\/tomasitourism","https:\/\/instagram.com\/camping_reno"]}]}},"acf":[],"_links":{"self":[{"href":"https:\/\/www.campingreno.it\/fr\/wp-json\/wp\/v2\/pages\/3545"}],"collection":[{"href":"https:\/\/www.campingreno.it\/fr\/wp-json\/wp\/v2\/pages"}],"about":[{"href":"https:\/\/www.campingreno.it\/fr\/wp-json\/wp\/v2\/types\/page"}],"author":[{"embeddable":true,"href":"https:\/\/www.campingreno.it\/fr\/wp-json\/wp\/v2\/users\/13"}],"replies":[{"embeddable":true,"href":"https:\/\/www.campingreno.it\/fr\/wp-json\/wp\/v2\/comments?post=3545"}],"version-history":[{"count":0,"href":"https:\/\/www.campingreno.it\/fr\/wp-json\/wp\/v2\/pages\/3545\/revisions"}],"up":[{"embeddable":true,"href":"https:\/\/www.campingreno.it\/fr\/wp-json\/wp\/v2\/pages\/3477"}],"wp:featuredmedia":[{"embeddable":true,"href":"https:\/\/www.campingreno.it\/fr\/wp-json\/wp\/v2\/media\/4550"}],"wp:attachment":[{"href":"https:\/\/www.campingreno.it\/fr\/wp-json\/wp\/v2\/media?parent=3545"}],"curies":[{"name":"wp","href":"https:\/\/api.w.org\/{rel}","templated":true}]}}