   {"id":3551,"date":"2024-12-11T10:54:44","date_gmt":"2024-12-11T10:54:44","guid":{"rendered":"https:\/\/www.campingreno.it\/camping-emilie-romagne-directement-sur-la-mer-services\/campeggio-economico-emilia-romagna-mare-bar\/"},"modified":"2025-12-19T15:52:41","modified_gmt":"2025-12-19T15:52:41","slug":"camping-economique-sur-la-cote-adriatique-petits-dejeuners","status":"publish","type":"page","link":"https:\/\/www.campingreno.it\/fr\/camping-emilie-romagne-directement-sur-la-mer-services\/camping-economique-sur-la-cote-adriatique-petits-dejeuners\/","title":{"rendered":"Bars et petits-d\u00e9jeuners"},"content":{"rendered":"<p>Les petits-d\u00e9jeuners au Camping Reno, <strong>Camping \u00e9conomique sur la c\u00f4te adriatique<\/strong> avec Bar, sont une exp\u00e9rience qui allie la simplicit\u00e9 de la nature \u00e0 la praticit\u00e9 n\u00e9cessaire pour commencer la journ\u00e9e en plein air. Choisissez votre h\u00e9bergement ou votre emplacement pr\u00e9f\u00e9r\u00e9 et demandez un devis sans engagement.<\/p>\n<p>&nbsp;<\/p>\n<p>Imaginez-vous vous r\u00e9veiller t\u00f4t, avec la lumi\u00e8re du soleil filtrant \u00e0 travers les arbres, le chant des oiseaux et l&rsquo;air frais du matin.<\/p>\n<p>&nbsp;<\/p>\n<p>Dans ce contexte, le petit-d\u00e9jeuner devient un moment de tranquillit\u00e9, mais aussi d&rsquo;\u00e9nergie pour affronter les activit\u00e9s de la journ\u00e9e.<\/p>\n<p>&nbsp;<\/p>\n<p><strong>V\u00c9RIFIEZ LA DISPONIBILIT\u00c9 EN LIGNE ET R\u00c9SERVEZ<\/strong><\/p>\n<p>&nbsp;<\/p>\n","protected":false},"excerpt":{"rendered":"<p>Les petits-d\u00e9jeuners au Camping Reno, Camping \u00e9conomique sur la c\u00f4te adriatique avec Bar, sont une exp\u00e9rience qui allie la simplicit\u00e9 de la nature \u00e0 la praticit\u00e9 n\u00e9cessaire pour commencer la journ\u00e9e en plein air. Choisissez votre h\u00e9bergement ou votre emplacement pr\u00e9f\u00e9r\u00e9 et demandez un devis sans engagement. &nbsp; Imaginez-vous vous r\u00e9veiller t\u00f4t, avec la lumi\u00e8re [&hellip;]<\/p>\n","protected":false},"author":13,"featured_media":4552,"parent":3477,"menu_order":10,"comment_status":"closed","ping_status":"closed","template":"template-service-single.php","meta":{"footnotes":""},"class_list":["post-3551","page","type-page","status-publish","has-post-thumbnail","hentry"],"yoast_head":"<!-- This site is optimized with the Yoast SEO plugin v27.3 - https:\/\/yoast.com\/product\/yoast-seo-wordpress\/ -->\n<title>Camping \u00e9conomique sur la c\u00f4te adriatique | Petits-D\u00e9jeuners<\/title>\n<meta name=\"description\" content=\"Au Camping Reno, Camping \u00e9conomique sur la c\u00f4te adriatique, en bord de mer. Le bar est ouvert tous les jours de 8h \u00e0 minuit!\" \/>\n<meta name=\"robots\" content=\"index, follow, max-snippet:-1, max-image-preview:large, max-video-preview:-1\" \/>\n<link rel=\"canonical\" href=\"https:\/\/www.campingreno.it\/fr\/camping-emilie-romagne-directement-sur-la-mer-services\/camping-economique-sur-la-cote-adriatique-petits-dejeuners\/\" \/>\n<meta property=\"og:locale\" content=\"fr_FR\" \/>\n<meta property=\"og:type\" content=\"article\" \/>\n<meta property=\"og:title\" content=\"Camping \u00e9conomique sur la c\u00f4te adriatique | Petits-D\u00e9jeuners\" \/>\n<meta property=\"og:description\" content=\"Au Camping Reno, Camping \u00e9conomique sur la c\u00f4te adriatique, en bord de mer. Le bar est ouvert tous les jours de 8h \u00e0 minuit!\" \/>\n<meta property=\"og:url\" content=\"https:\/\/www.campingreno.it\/fr\/camping-emilie-romagne-directement-sur-la-mer-services\/camping-economique-sur-la-cote-adriatique-petits-dejeuners\/\" \/>\n<meta property=\"og:site_name\" content=\"Camping Reno\" \/>\n<meta property=\"article:publisher\" content=\"https:\/\/facebook.com\/tomasitourism\" \/>\n<meta property=\"article:modified_time\" content=\"2025-12-19T15:52:41+00:00\" \/>\n<meta property=\"og:image\" content=\"https:\/\/www.campingreno.it\/wp-content\/uploads\/sites\/192\/2025\/12\/IMG_4925_edited.jpg\" \/>\n\t<meta property=\"og:image:width\" content=\"2500\" \/>\n\t<meta property=\"og:image:height\" content=\"1667\" \/>\n\t<meta property=\"og:image:type\" content=\"image\/jpeg\" \/>\n<meta name=\"twitter:card\" content=\"summary_large_image\" \/>\n<meta name=\"twitter:label1\" content=\"Dur\u00e9e de lecture estim\u00e9e\" \/>\n\t<meta name=\"twitter:data1\" content=\"1 minute\" \/>\n<script type=\"application\/ld+json\" class=\"yoast-schema-graph\">{\"@context\":\"https:\\\/\\\/schema.org\",\"@graph\":[{\"@type\":\"WebPage\",\"@id\":\"https:\\\/\\\/www.campingreno.it\\\/fr\\\/camping-emilie-romagne-directement-sur-la-mer-services\\\/camping-economique-sur-la-cote-adriatique-petits-dejeuners\\\/\",\"url\":\"https:\\\/\\\/www.campingreno.it\\\/fr\\\/camping-emilie-romagne-directement-sur-la-mer-services\\\/camping-economique-sur-la-cote-adriatique-petits-dejeuners\\\/\",\"name\":\"Camping \u00e9conomique sur la c\u00f4te adriatique | Petits-D\u00e9jeuners\",\"isPartOf\":{\"@id\":\"https:\\\/\\\/www.campingreno.it\\\/fr\\\/#website\"},\"primaryImageOfPage\":{\"@id\":\"https:\\\/\\\/www.campingreno.it\\\/fr\\\/camping-emilie-romagne-directement-sur-la-mer-services\\\/camping-economique-sur-la-cote-adriatique-petits-dejeuners\\\/#primaryimage\"},\"image\":{\"@id\":\"https:\\\/\\\/www.campingreno.it\\\/fr\\\/camping-emilie-romagne-directement-sur-la-mer-services\\\/camping-economique-sur-la-cote-adriatique-petits-dejeuners\\\/#primaryimage\"},\"thumbnailUrl\":\"https:\\\/\\\/www.campingreno.it\\\/wp-content\\\/uploads\\\/sites\\\/192\\\/2025\\\/12\\\/IMG_4925_edited.jpg\",\"datePublished\":\"2024-12-11T10:54:44+00:00\",\"dateModified\":\"2025-12-19T15:52:41+00:00\",\"description\":\"Au Camping Reno, Camping \u00e9conomique sur la c\u00f4te adriatique, en bord de mer. Le bar est ouvert tous les jours de 8h \u00e0 minuit!\",\"breadcrumb\":{\"@id\":\"https:\\\/\\\/www.campingreno.it\\\/fr\\\/camping-emilie-romagne-directement-sur-la-mer-services\\\/camping-economique-sur-la-cote-adriatique-petits-dejeuners\\\/#breadcrumb\"},\"inLanguage\":\"fr-FR\",\"potentialAction\":[{\"@type\":\"ReadAction\",\"target\":[\"https:\\\/\\\/www.campingreno.it\\\/fr\\\/camping-emilie-romagne-directement-sur-la-mer-services\\\/camping-economique-sur-la-cote-adriatique-petits-dejeuners\\\/\"]}]},{\"@type\":\"ImageObject\",\"inLanguage\":\"fr-FR\",\"@id\":\"https:\\\/\\\/www.campingreno.it\\\/fr\\\/camping-emilie-romagne-directement-sur-la-mer-services\\\/camping-economique-sur-la-cote-adriatique-petits-dejeuners\\\/#primaryimage\",\"url\":\"https:\\\/\\\/www.campingreno.it\\\/wp-content\\\/uploads\\\/sites\\\/192\\\/2025\\\/12\\\/IMG_4925_edited.jpg\",\"contentUrl\":\"https:\\\/\\\/www.campingreno.it\\\/wp-content\\\/uploads\\\/sites\\\/192\\\/2025\\\/12\\\/IMG_4925_edited.jpg\",\"width\":2500,\"height\":1667,\"caption\":\"Camping \u00e9conomique sur la c\u00f4te adriatique | Petits-D\u00e9jeuners\"},{\"@type\":\"BreadcrumbList\",\"@id\":\"https:\\\/\\\/www.campingreno.it\\\/fr\\\/camping-emilie-romagne-directement-sur-la-mer-services\\\/camping-economique-sur-la-cote-adriatique-petits-dejeuners\\\/#breadcrumb\",\"itemListElement\":[{\"@type\":\"ListItem\",\"position\":1,\"name\":\"Home\",\"item\":\"https:\\\/\\\/www.campingreno.it\\\/fr\\\/\"},{\"@type\":\"ListItem\",\"position\":2,\"name\":\"Services\",\"item\":\"https:\\\/\\\/www.campingreno.it\\\/fr\\\/camping-emilie-romagne-directement-sur-la-mer-services\\\/\"},{\"@type\":\"ListItem\",\"position\":3,\"name\":\"Bars et petits-d\u00e9jeuners\"}]},{\"@type\":\"WebSite\",\"@id\":\"https:\\\/\\\/www.campingreno.it\\\/fr\\\/#website\",\"url\":\"https:\\\/\\\/www.campingreno.it\\\/fr\\\/\",\"name\":\"Camping Reno\",\"description\":\"\",\"publisher\":{\"@id\":\"https:\\\/\\\/www.campingreno.it\\\/fr\\\/#organization\"},\"potentialAction\":[{\"@type\":\"SearchAction\",\"target\":{\"@type\":\"EntryPoint\",\"urlTemplate\":\"https:\\\/\\\/www.campingreno.it\\\/fr\\\/?s={search_term_string}\"},\"query-input\":{\"@type\":\"PropertyValueSpecification\",\"valueRequired\":true,\"valueName\":\"search_term_string\"}}],\"inLanguage\":\"fr-FR\"},{\"@type\":\"Organization\",\"@id\":\"https:\\\/\\\/www.campingreno.it\\\/fr\\\/#organization\",\"name\":\"Camping Reno\",\"url\":\"https:\\\/\\\/www.campingreno.it\\\/fr\\\/\",\"logo\":{\"@type\":\"ImageObject\",\"inLanguage\":\"fr-FR\",\"@id\":\"https:\\\/\\\/www.campingreno.it\\\/fr\\\/#\\\/schema\\\/logo\\\/image\\\/\",\"url\":\"https:\\\/\\\/www.campingreno.it\\\/wp-content\\\/uploads\\\/sites\\\/192\\\/2024\\\/12\\\/logo_reno-no-sfondo-2.png\",\"contentUrl\":\"https:\\\/\\\/www.campingreno.it\\\/wp-content\\\/uploads\\\/sites\\\/192\\\/2024\\\/12\\\/logo_reno-no-sfondo-2.png\",\"width\":567,\"height\":286,\"caption\":\"Camping Reno\"},\"image\":{\"@id\":\"https:\\\/\\\/www.campingreno.it\\\/fr\\\/#\\\/schema\\\/logo\\\/image\\\/\"},\"sameAs\":[\"https:\\\/\\\/facebook.com\\\/tomasitourism\",\"https:\\\/\\\/instagram.com\\\/camping_reno\"]}]}<\/script>\n<!-- \/ Yoast SEO plugin. -->","yoast_head_json":{"title":"Camping \u00e9conomique sur la c\u00f4te adriatique | Petits-D\u00e9jeuners","description":"Au Camping Reno, Camping \u00e9conomique sur la c\u00f4te adriatique, en bord de mer. Le bar est ouvert tous les jours de 8h \u00e0 minuit!","robots":{"index":"index","follow":"follow","max-snippet":"max-snippet:-1","max-image-preview":"max-image-preview:large","max-video-preview":"max-video-preview:-1"},"canonical":"https:\/\/www.campingreno.it\/fr\/camping-emilie-romagne-directement-sur-la-mer-services\/camping-economique-sur-la-cote-adriatique-petits-dejeuners\/","og_locale":"fr_FR","og_type":"article","og_title":"Camping \u00e9conomique sur la c\u00f4te adriatique | Petits-D\u00e9jeuners","og_description":"Au Camping Reno, Camping \u00e9conomique sur la c\u00f4te adriatique, en bord de mer. Le bar est ouvert tous les jours de 8h \u00e0 minuit!","og_url":"https:\/\/www.campingreno.it\/fr\/camping-emilie-romagne-directement-sur-la-mer-services\/camping-economique-sur-la-cote-adriatique-petits-dejeuners\/","og_site_name":"Camping Reno","article_publisher":"https:\/\/facebook.com\/tomasitourism","article_modified_time":"2025-12-19T15:52:41+00:00","og_image":[{"width":2500,"height":1667,"url":"https:\/\/www.campingreno.it\/wp-content\/uploads\/sites\/192\/2025\/12\/IMG_4925_edited.jpg","type":"image\/jpeg"}],"twitter_card":"summary_large_image","twitter_misc":{"Dur\u00e9e de lecture estim\u00e9e":"1 minute"},"schema":{"@context":"https:\/\/schema.org","@graph":[{"@type":"WebPage","@id":"https:\/\/www.campingreno.it\/fr\/camping-emilie-romagne-directement-sur-la-mer-services\/camping-economique-sur-la-cote-adriatique-petits-dejeuners\/","url":"https:\/\/www.campingreno.it\/fr\/camping-emilie-romagne-directement-sur-la-mer-services\/camping-economique-sur-la-cote-adriatique-petits-dejeuners\/","name":"Camping \u00e9conomique sur la c\u00f4te adriatique | Petits-D\u00e9jeuners","isPartOf":{"@id":"https:\/\/www.campingreno.it\/fr\/#website"},"primaryImageOfPage":{"@id":"https:\/\/www.campingreno.it\/fr\/camping-emilie-romagne-directement-sur-la-mer-services\/camping-economique-sur-la-cote-adriatique-petits-dejeuners\/#primaryimage"},"image":{"@id":"https:\/\/www.campingreno.it\/fr\/camping-emilie-romagne-directement-sur-la-mer-services\/camping-economique-sur-la-cote-adriatique-petits-dejeuners\/#primaryimage"},"thumbnailUrl":"https:\/\/www.campingreno.it\/wp-content\/uploads\/sites\/192\/2025\/12\/IMG_4925_edited.jpg","datePublished":"2024-12-11T10:54:44+00:00","dateModified":"2025-12-19T15:52:41+00:00","description":"Au Camping Reno, Camping \u00e9conomique sur la c\u00f4te adriatique, en bord de mer. Le bar est ouvert tous les jours de 8h \u00e0 minuit!","breadcrumb":{"@id":"https:\/\/www.campingreno.it\/fr\/camping-emilie-romagne-directement-sur-la-mer-services\/camping-economique-sur-la-cote-adriatique-petits-dejeuners\/#breadcrumb"},"inLanguage":"fr-FR","potentialAction":[{"@type":"ReadAction","target":["https:\/\/www.campingreno.it\/fr\/camping-emilie-romagne-directement-sur-la-mer-services\/camping-economique-sur-la-cote-adriatique-petits-dejeuners\/"]}]},{"@type":"ImageObject","inLanguage":"fr-FR","@id":"https:\/\/www.campingreno.it\/fr\/camping-emilie-romagne-directement-sur-la-mer-services\/camping-economique-sur-la-cote-adriatique-petits-dejeuners\/#primaryimage","url":"https:\/\/www.campingreno.it\/wp-content\/uploads\/sites\/192\/2025\/12\/IMG_4925_edited.jpg","contentUrl":"https:\/\/www.campingreno.it\/wp-content\/uploads\/sites\/192\/2025\/12\/IMG_4925_edited.jpg","width":2500,"height":1667,"caption":"Camping \u00e9conomique sur la c\u00f4te adriatique | Petits-D\u00e9jeuners"},{"@type":"BreadcrumbList","@id":"https:\/\/www.campingreno.it\/fr\/camping-emilie-romagne-directement-sur-la-mer-services\/camping-economique-sur-la-cote-adriatique-petits-dejeuners\/#breadcrumb","itemListElement":[{"@type":"ListItem","position":1,"name":"Home","item":"https:\/\/www.campingreno.it\/fr\/"},{"@type":"ListItem","position":2,"name":"Services","item":"https:\/\/www.campingreno.it\/fr\/camping-emilie-romagne-directement-sur-la-mer-services\/"},{"@type":"ListItem","position":3,"name":"Bars et petits-d\u00e9jeuners"}]},{"@type":"WebSite","@id":"https:\/\/www.campingreno.it\/fr\/#website","url":"https:\/\/www.campingreno.it\/fr\/","name":"Camping Reno","description":"","publisher":{"@id":"https:\/\/www.campingreno.it\/fr\/#organization"},"potentialAction":[{"@type":"SearchAction","target":{"@type":"EntryPoint","urlTemplate":"https:\/\/www.campingreno.it\/fr\/?s={search_term_string}"},"query-input":{"@type":"PropertyValueSpecification","valueRequired":true,"valueName":"search_term_string"}}],"inLanguage":"fr-FR"},{"@type":"Organization","@id":"https:\/\/www.campingreno.it\/fr\/#organization","name":"Camping Reno","url":"https:\/\/www.campingreno.it\/fr\/","logo":{"@type":"ImageObject","inLanguage":"fr-FR","@id":"https:\/\/www.campingreno.it\/fr\/#\/schema\/logo\/image\/","url":"https:\/\/www.campingreno.it\/wp-content\/uploads\/sites\/192\/2024\/12\/logo_reno-no-sfondo-2.png","contentUrl":"https:\/\/www.campingreno.it\/wp-content\/uploads\/sites\/192\/2024\/12\/logo_reno-no-sfondo-2.png","width":567,"height":286,"caption":"Camping Reno"},"image":{"@id":"https:\/\/www.campingreno.it\/fr\/#\/schema\/logo\/image\/"},"sameAs":["https:\/\/facebook.com\/tomasitourism","https:\/\/instagram.com\/camping_reno"]}]}},"acf":[],"_links":{"self":[{"href":"https:\/\/www.campingreno.it\/fr\/wp-json\/wp\/v2\/pages\/3551","targetHints":{"allow":["GET"]}}],"collection":[{"href":"https:\/\/www.campingreno.it\/fr\/wp-json\/wp\/v2\/pages"}],"about":[{"href":"https:\/\/www.campingreno.it\/fr\/wp-json\/wp\/v2\/types\/page"}],"author":[{"embeddable":true,"href":"https:\/\/www.campingreno.it\/fr\/wp-json\/wp\/v2\/users\/13"}],"replies":[{"embeddable":true,"href":"https:\/\/www.campingreno.it\/fr\/wp-json\/wp\/v2\/comments?post=3551"}],"version-history":[{"count":0,"href":"https:\/\/www.campingreno.it\/fr\/wp-json\/wp\/v2\/pages\/3551\/revisions"}],"up":[{"embeddable":true,"href":"https:\/\/www.campingreno.it\/fr\/wp-json\/wp\/v2\/pages\/3477"}],"wp:featuredmedia":[{"embeddable":true,"href":"https:\/\/www.campingreno.it\/fr\/wp-json\/wp\/v2\/media\/4552"}],"wp:attachment":[{"href":"https:\/\/www.campingreno.it\/fr\/wp-json\/wp\/v2\/media?parent=3551"}],"curies":[{"name":"wp","href":"https:\/\/api.w.org\/{rel}","templated":true}]}}