   {"id":3554,"date":"2024-12-11T10:55:03","date_gmt":"2024-12-11T10:55:03","guid":{"rendered":"https:\/\/www.campingreno.it\/camping-emilie-romagne-directement-sur-la-mer-services\/camping-sul-mare-vicino-lido-di-spina-con-lavanderia\/"},"modified":"2025-12-19T15:53:35","modified_gmt":"2025-12-19T15:53:35","slug":"petit-camping-sur-la-cote-adriatique-en-italie-blanchisserie","status":"publish","type":"page","link":"https:\/\/www.campingreno.it\/fr\/camping-emilie-romagne-directement-sur-la-mer-services\/petit-camping-sur-la-cote-adriatique-en-italie-blanchisserie\/","title":{"rendered":"Blanchisserie"},"content":{"rendered":"<p>Le service de laverie \u00e0 jetons au Camping Reno, <strong>Camping en bord de mer pr\u00e8s de Lido di Spina<\/strong> avec Laverie, est une option pratique et \u00e9conomique pour laver vos v\u00eatements pendant vos vacances.<\/p>\n<p>&nbsp;<\/p>\n<p>La laverie est accessible \u00e0 tous les h\u00f4tes du camping, mais elle n\u00e9cessite l&rsquo;utilisation de pi\u00e8ces ou de jetons que vous trouverez directement dans le monnayeur de la laverie. Il ne vous reste plus qu&rsquo;\u00e0 demander un devis sans engagement pour un <strong>h\u00e9bergement<\/strong> ou un <strong>emplacement<\/strong>!<\/p>\n<p>&nbsp;<\/p>\n<p><strong>Situation et Acc\u00e8s<\/strong><\/p>\n<ul>\n<li>La laverie est situ\u00e9e dans deux zones d\u00e9di\u00e9es du camping, pr\u00e9cis\u00e9ment dans les sanitaires publics. L&rsquo;acc\u00e8s est libre et l&rsquo;utilisation des machines est r\u00e9gul\u00e9e par des pi\u00e8ces.<\/li>\n<\/ul>\n<p>&nbsp;<\/p>\n<p><strong>Machines \u00e0 Laver<\/strong><\/p>\n<ul>\n<li>Les machines \u00e0 laver sont g\u00e9n\u00e9ralement modernes et en bon \u00e9tat, avec diff\u00e9rentes capacit\u00e9s selon vos besoins (par exemple, 5 kg ou 7 kg de linge). Pour les utiliser, vous devez ins\u00e9rer les jetons (ou pi\u00e8ces) dans la machine. La machine \u00e0 laver distribue automatiquement la lessive.<\/li>\n<\/ul>\n<p>&nbsp;<\/p>\n<p><strong>Co\u00fbt<\/strong><\/p>\n<ul>\n<li>Le s\u00e8che-linge et la machine \u00e0 laver fonctionnent avec des pi\u00e8ces, et le co\u00fbt de chaque cycle est de 4 \u20ac.<\/li>\n<\/ul>\n<p>&nbsp;<\/p>\n<p><strong>Cycle de Lavage<\/strong><\/p>\n<ul>\n<li>Une fois la pi\u00e8ce ins\u00e9r\u00e9e, vous s\u00e9lectionnez le programme de lavage d\u00e9sir\u00e9, en fonction du type de linge (d\u00e9licat, coton, synth\u00e9tique, etc.). Les cycles de lavage durent g\u00e9n\u00e9ralement entre 30 et 60 minutes, selon la machine.<\/li>\n<\/ul>\n<p>&nbsp;<\/p>\n<p><strong>S\u00e9chage<\/strong><\/p>\n<ul>\n<li>Apr\u00e8s le lavage, vous pouvez utiliser les s\u00e8che-linge \u00e0 pi\u00e8ces, qui fonctionnent de mani\u00e8re similaire.<\/li>\n<\/ul>\n<p>&nbsp;<\/p>\n<p>En g\u00e9n\u00e9ral, le service de laverie \u00e0 pi\u00e8ces dans un camping est simple et fonctionnel. Pour cette raison, le Camping Reno, <strong>Petit Camping sur la c\u00f4te Adriatique en Italie<\/strong> avec Laverie, est parfait pour ceux qui ont besoin de laver leurs v\u00eatements pendant les vacances sans avoir \u00e0 chercher une laverie en dehors du camping.<\/p>\n<p>&nbsp;<\/p>\n<p>&nbsp;<\/p>\n<p><strong>V\u00c9RIFIEZ D\u00c8S MAINTENANT LA DISPONIBILIT\u00c9 EN LIGNE POUR LES BUNGALOWS OU LES EMPLACEMENTS<\/strong><\/p>\n","protected":false},"excerpt":{"rendered":"<p>Le service de laverie \u00e0 jetons au Camping Reno, Camping en bord de mer pr\u00e8s de Lido di Spina avec Laverie, est une option pratique et \u00e9conomique pour laver vos v\u00eatements pendant vos vacances. &nbsp; La laverie est accessible \u00e0 tous les h\u00f4tes du camping, mais elle n\u00e9cessite l&rsquo;utilisation de pi\u00e8ces ou de jetons que [&hellip;]<\/p>\n","protected":false},"author":13,"featured_media":4553,"parent":3477,"menu_order":11,"comment_status":"closed","ping_status":"closed","template":"template-service-single.php","meta":{"footnotes":""},"yoast_head":"<!-- This site is optimized with the Yoast SEO plugin v22.3 - https:\/\/yoast.com\/wordpress\/plugins\/seo\/ -->\n<title>Petit Camping sur la c\u00f4te Adriatique en Italie | Blanchisserie<\/title>\n<meta name=\"description\" content=\"Petit Camping sur la c\u00f4te Adriatique en Italie avec Blanchisserie, Le Camping Reno est \u00e9quip\u00e9 de machines \u00e0 laver et de s\u00e8che-linge \u00e0 jetons. Demandez un devis!\" \/>\n<meta name=\"robots\" content=\"index, follow, max-snippet:-1, max-image-preview:large, max-video-preview:-1\" \/>\n<link rel=\"canonical\" href=\"https:\/\/www.campingreno.it\/fr\/camping-emilie-romagne-directement-sur-la-mer-services\/petit-camping-sur-la-cote-adriatique-en-italie-blanchisserie\/\" \/>\n<meta property=\"og:locale\" content=\"fr_FR\" \/>\n<meta property=\"og:type\" content=\"article\" \/>\n<meta property=\"og:title\" content=\"Petit Camping sur la c\u00f4te Adriatique en Italie | Blanchisserie\" \/>\n<meta property=\"og:description\" content=\"Petit Camping sur la c\u00f4te Adriatique en Italie avec Blanchisserie, Le Camping Reno est \u00e9quip\u00e9 de machines \u00e0 laver et de s\u00e8che-linge \u00e0 jetons. Demandez un devis!\" \/>\n<meta property=\"og:url\" content=\"https:\/\/www.campingreno.it\/fr\/camping-emilie-romagne-directement-sur-la-mer-services\/petit-camping-sur-la-cote-adriatique-en-italie-blanchisserie\/\" \/>\n<meta property=\"og:site_name\" content=\"Camping Reno\" \/>\n<meta property=\"article:publisher\" content=\"https:\/\/facebook.com\/tomasitourism\" \/>\n<meta property=\"article:modified_time\" content=\"2025-12-19T15:53:35+00:00\" \/>\n<meta property=\"og:image\" content=\"https:\/\/www.campingreno.it\/wp-content\/uploads\/sites\/192\/2025\/12\/c84c7392-ea45-4c53-ae30-a8663952741d-3.jpg\" \/>\n\t<meta property=\"og:image:width\" content=\"1079\" \/>\n\t<meta property=\"og:image:height\" content=\"604\" \/>\n\t<meta property=\"og:image:type\" content=\"image\/jpeg\" \/>\n<meta name=\"twitter:card\" content=\"summary_large_image\" \/>\n<meta name=\"twitter:label1\" content=\"Dur\u00e9e de lecture estim\u00e9e\" \/>\n\t<meta name=\"twitter:data1\" content=\"2 minutes\" \/>\n<script type=\"application\/ld+json\" class=\"yoast-schema-graph\">{\"@context\":\"https:\/\/schema.org\",\"@graph\":[{\"@type\":\"WebPage\",\"@id\":\"https:\/\/www.campingreno.it\/fr\/camping-emilie-romagne-directement-sur-la-mer-services\/petit-camping-sur-la-cote-adriatique-en-italie-blanchisserie\/\",\"url\":\"https:\/\/www.campingreno.it\/fr\/camping-emilie-romagne-directement-sur-la-mer-services\/petit-camping-sur-la-cote-adriatique-en-italie-blanchisserie\/\",\"name\":\"Petit Camping sur la c\u00f4te Adriatique en Italie | Blanchisserie\",\"isPartOf\":{\"@id\":\"https:\/\/www.campingreno.it\/fr\/#website\"},\"primaryImageOfPage\":{\"@id\":\"https:\/\/www.campingreno.it\/fr\/camping-emilie-romagne-directement-sur-la-mer-services\/petit-camping-sur-la-cote-adriatique-en-italie-blanchisserie\/#primaryimage\"},\"image\":{\"@id\":\"https:\/\/www.campingreno.it\/fr\/camping-emilie-romagne-directement-sur-la-mer-services\/petit-camping-sur-la-cote-adriatique-en-italie-blanchisserie\/#primaryimage\"},\"thumbnailUrl\":\"https:\/\/www.campingreno.it\/wp-content\/uploads\/sites\/192\/2025\/12\/c84c7392-ea45-4c53-ae30-a8663952741d-3.jpg\",\"datePublished\":\"2024-12-11T10:55:03+00:00\",\"dateModified\":\"2025-12-19T15:53:35+00:00\",\"description\":\"Petit Camping sur la c\u00f4te Adriatique en Italie avec Blanchisserie, Le Camping Reno est \u00e9quip\u00e9 de machines \u00e0 laver et de s\u00e8che-linge \u00e0 jetons. Demandez un devis!\",\"breadcrumb\":{\"@id\":\"https:\/\/www.campingreno.it\/fr\/camping-emilie-romagne-directement-sur-la-mer-services\/petit-camping-sur-la-cote-adriatique-en-italie-blanchisserie\/#breadcrumb\"},\"inLanguage\":\"fr-FR\",\"potentialAction\":[{\"@type\":\"ReadAction\",\"target\":[\"https:\/\/www.campingreno.it\/fr\/camping-emilie-romagne-directement-sur-la-mer-services\/petit-camping-sur-la-cote-adriatique-en-italie-blanchisserie\/\"]}]},{\"@type\":\"ImageObject\",\"inLanguage\":\"fr-FR\",\"@id\":\"https:\/\/www.campingreno.it\/fr\/camping-emilie-romagne-directement-sur-la-mer-services\/petit-camping-sur-la-cote-adriatique-en-italie-blanchisserie\/#primaryimage\",\"url\":\"https:\/\/www.campingreno.it\/wp-content\/uploads\/sites\/192\/2025\/12\/c84c7392-ea45-4c53-ae30-a8663952741d-3.jpg\",\"contentUrl\":\"https:\/\/www.campingreno.it\/wp-content\/uploads\/sites\/192\/2025\/12\/c84c7392-ea45-4c53-ae30-a8663952741d-3.jpg\",\"width\":1079,\"height\":604,\"caption\":\"Petit Camping sur la c\u00f4te Adriatique en Italie | Blanchisserie\"},{\"@type\":\"BreadcrumbList\",\"@id\":\"https:\/\/www.campingreno.it\/fr\/camping-emilie-romagne-directement-sur-la-mer-services\/petit-camping-sur-la-cote-adriatique-en-italie-blanchisserie\/#breadcrumb\",\"itemListElement\":[{\"@type\":\"ListItem\",\"position\":1,\"name\":\"Home\",\"item\":\"https:\/\/www.campingreno.it\/fr\/\"},{\"@type\":\"ListItem\",\"position\":2,\"name\":\"Services\",\"item\":\"https:\/\/www.campingreno.it\/fr\/camping-emilie-romagne-directement-sur-la-mer-services\/\"},{\"@type\":\"ListItem\",\"position\":3,\"name\":\"Blanchisserie\"}]},{\"@type\":\"WebSite\",\"@id\":\"https:\/\/www.campingreno.it\/fr\/#website\",\"url\":\"https:\/\/www.campingreno.it\/fr\/\",\"name\":\"Camping Reno\",\"description\":\"\",\"publisher\":{\"@id\":\"https:\/\/www.campingreno.it\/fr\/#organization\"},\"potentialAction\":[{\"@type\":\"SearchAction\",\"target\":{\"@type\":\"EntryPoint\",\"urlTemplate\":\"https:\/\/www.campingreno.it\/fr\/?s={search_term_string}\"},\"query-input\":\"required name=search_term_string\"}],\"inLanguage\":\"fr-FR\"},{\"@type\":\"Organization\",\"@id\":\"https:\/\/www.campingreno.it\/fr\/#organization\",\"name\":\"Camping Reno\",\"url\":\"https:\/\/www.campingreno.it\/fr\/\",\"logo\":{\"@type\":\"ImageObject\",\"inLanguage\":\"fr-FR\",\"@id\":\"https:\/\/www.campingreno.it\/fr\/#\/schema\/logo\/image\/\",\"url\":\"https:\/\/www.campingreno.it\/wp-content\/uploads\/sites\/192\/2024\/12\/logo_reno-no-sfondo-2.png\",\"contentUrl\":\"https:\/\/www.campingreno.it\/wp-content\/uploads\/sites\/192\/2024\/12\/logo_reno-no-sfondo-2.png\",\"width\":567,\"height\":286,\"caption\":\"Camping Reno\"},\"image\":{\"@id\":\"https:\/\/www.campingreno.it\/fr\/#\/schema\/logo\/image\/\"},\"sameAs\":[\"https:\/\/facebook.com\/tomasitourism\",\"https:\/\/instagram.com\/camping_reno\"]}]}<\/script>\n<!-- \/ Yoast SEO plugin. -->","yoast_head_json":{"title":"Petit Camping sur la c\u00f4te Adriatique en Italie | Blanchisserie","description":"Petit Camping sur la c\u00f4te Adriatique en Italie avec Blanchisserie, Le Camping Reno est \u00e9quip\u00e9 de machines \u00e0 laver et de s\u00e8che-linge \u00e0 jetons. Demandez un devis!","robots":{"index":"index","follow":"follow","max-snippet":"max-snippet:-1","max-image-preview":"max-image-preview:large","max-video-preview":"max-video-preview:-1"},"canonical":"https:\/\/www.campingreno.it\/fr\/camping-emilie-romagne-directement-sur-la-mer-services\/petit-camping-sur-la-cote-adriatique-en-italie-blanchisserie\/","og_locale":"fr_FR","og_type":"article","og_title":"Petit Camping sur la c\u00f4te Adriatique en Italie | Blanchisserie","og_description":"Petit Camping sur la c\u00f4te Adriatique en Italie avec Blanchisserie, Le Camping Reno est \u00e9quip\u00e9 de machines \u00e0 laver et de s\u00e8che-linge \u00e0 jetons. Demandez un devis!","og_url":"https:\/\/www.campingreno.it\/fr\/camping-emilie-romagne-directement-sur-la-mer-services\/petit-camping-sur-la-cote-adriatique-en-italie-blanchisserie\/","og_site_name":"Camping Reno","article_publisher":"https:\/\/facebook.com\/tomasitourism","article_modified_time":"2025-12-19T15:53:35+00:00","og_image":[{"width":1079,"height":604,"url":"https:\/\/www.campingreno.it\/wp-content\/uploads\/sites\/192\/2025\/12\/c84c7392-ea45-4c53-ae30-a8663952741d-3.jpg","type":"image\/jpeg"}],"twitter_card":"summary_large_image","twitter_misc":{"Dur\u00e9e de lecture estim\u00e9e":"2 minutes"},"schema":{"@context":"https:\/\/schema.org","@graph":[{"@type":"WebPage","@id":"https:\/\/www.campingreno.it\/fr\/camping-emilie-romagne-directement-sur-la-mer-services\/petit-camping-sur-la-cote-adriatique-en-italie-blanchisserie\/","url":"https:\/\/www.campingreno.it\/fr\/camping-emilie-romagne-directement-sur-la-mer-services\/petit-camping-sur-la-cote-adriatique-en-italie-blanchisserie\/","name":"Petit Camping sur la c\u00f4te Adriatique en Italie | Blanchisserie","isPartOf":{"@id":"https:\/\/www.campingreno.it\/fr\/#website"},"primaryImageOfPage":{"@id":"https:\/\/www.campingreno.it\/fr\/camping-emilie-romagne-directement-sur-la-mer-services\/petit-camping-sur-la-cote-adriatique-en-italie-blanchisserie\/#primaryimage"},"image":{"@id":"https:\/\/www.campingreno.it\/fr\/camping-emilie-romagne-directement-sur-la-mer-services\/petit-camping-sur-la-cote-adriatique-en-italie-blanchisserie\/#primaryimage"},"thumbnailUrl":"https:\/\/www.campingreno.it\/wp-content\/uploads\/sites\/192\/2025\/12\/c84c7392-ea45-4c53-ae30-a8663952741d-3.jpg","datePublished":"2024-12-11T10:55:03+00:00","dateModified":"2025-12-19T15:53:35+00:00","description":"Petit Camping sur la c\u00f4te Adriatique en Italie avec Blanchisserie, Le Camping Reno est \u00e9quip\u00e9 de machines \u00e0 laver et de s\u00e8che-linge \u00e0 jetons. Demandez un devis!","breadcrumb":{"@id":"https:\/\/www.campingreno.it\/fr\/camping-emilie-romagne-directement-sur-la-mer-services\/petit-camping-sur-la-cote-adriatique-en-italie-blanchisserie\/#breadcrumb"},"inLanguage":"fr-FR","potentialAction":[{"@type":"ReadAction","target":["https:\/\/www.campingreno.it\/fr\/camping-emilie-romagne-directement-sur-la-mer-services\/petit-camping-sur-la-cote-adriatique-en-italie-blanchisserie\/"]}]},{"@type":"ImageObject","inLanguage":"fr-FR","@id":"https:\/\/www.campingreno.it\/fr\/camping-emilie-romagne-directement-sur-la-mer-services\/petit-camping-sur-la-cote-adriatique-en-italie-blanchisserie\/#primaryimage","url":"https:\/\/www.campingreno.it\/wp-content\/uploads\/sites\/192\/2025\/12\/c84c7392-ea45-4c53-ae30-a8663952741d-3.jpg","contentUrl":"https:\/\/www.campingreno.it\/wp-content\/uploads\/sites\/192\/2025\/12\/c84c7392-ea45-4c53-ae30-a8663952741d-3.jpg","width":1079,"height":604,"caption":"Petit Camping sur la c\u00f4te Adriatique en Italie | Blanchisserie"},{"@type":"BreadcrumbList","@id":"https:\/\/www.campingreno.it\/fr\/camping-emilie-romagne-directement-sur-la-mer-services\/petit-camping-sur-la-cote-adriatique-en-italie-blanchisserie\/#breadcrumb","itemListElement":[{"@type":"ListItem","position":1,"name":"Home","item":"https:\/\/www.campingreno.it\/fr\/"},{"@type":"ListItem","position":2,"name":"Services","item":"https:\/\/www.campingreno.it\/fr\/camping-emilie-romagne-directement-sur-la-mer-services\/"},{"@type":"ListItem","position":3,"name":"Blanchisserie"}]},{"@type":"WebSite","@id":"https:\/\/www.campingreno.it\/fr\/#website","url":"https:\/\/www.campingreno.it\/fr\/","name":"Camping Reno","description":"","publisher":{"@id":"https:\/\/www.campingreno.it\/fr\/#organization"},"potentialAction":[{"@type":"SearchAction","target":{"@type":"EntryPoint","urlTemplate":"https:\/\/www.campingreno.it\/fr\/?s={search_term_string}"},"query-input":"required name=search_term_string"}],"inLanguage":"fr-FR"},{"@type":"Organization","@id":"https:\/\/www.campingreno.it\/fr\/#organization","name":"Camping Reno","url":"https:\/\/www.campingreno.it\/fr\/","logo":{"@type":"ImageObject","inLanguage":"fr-FR","@id":"https:\/\/www.campingreno.it\/fr\/#\/schema\/logo\/image\/","url":"https:\/\/www.campingreno.it\/wp-content\/uploads\/sites\/192\/2024\/12\/logo_reno-no-sfondo-2.png","contentUrl":"https:\/\/www.campingreno.it\/wp-content\/uploads\/sites\/192\/2024\/12\/logo_reno-no-sfondo-2.png","width":567,"height":286,"caption":"Camping Reno"},"image":{"@id":"https:\/\/www.campingreno.it\/fr\/#\/schema\/logo\/image\/"},"sameAs":["https:\/\/facebook.com\/tomasitourism","https:\/\/instagram.com\/camping_reno"]}]}},"acf":[],"_links":{"self":[{"href":"https:\/\/www.campingreno.it\/fr\/wp-json\/wp\/v2\/pages\/3554"}],"collection":[{"href":"https:\/\/www.campingreno.it\/fr\/wp-json\/wp\/v2\/pages"}],"about":[{"href":"https:\/\/www.campingreno.it\/fr\/wp-json\/wp\/v2\/types\/page"}],"author":[{"embeddable":true,"href":"https:\/\/www.campingreno.it\/fr\/wp-json\/wp\/v2\/users\/13"}],"replies":[{"embeddable":true,"href":"https:\/\/www.campingreno.it\/fr\/wp-json\/wp\/v2\/comments?post=3554"}],"version-history":[{"count":0,"href":"https:\/\/www.campingreno.it\/fr\/wp-json\/wp\/v2\/pages\/3554\/revisions"}],"up":[{"embeddable":true,"href":"https:\/\/www.campingreno.it\/fr\/wp-json\/wp\/v2\/pages\/3477"}],"wp:featuredmedia":[{"embeddable":true,"href":"https:\/\/www.campingreno.it\/fr\/wp-json\/wp\/v2\/media\/4553"}],"wp:attachment":[{"href":"https:\/\/www.campingreno.it\/fr\/wp-json\/wp\/v2\/media?parent=3554"}],"curies":[{"name":"wp","href":"https:\/\/api.w.org\/{rel}","templated":true}]}}